{"id":804,"date":"2024-07-30T09:58:15","date_gmt":"2024-07-30T09:58:15","guid":{"rendered":"https:\/\/airporttelecom.outperforming.nl\/nl\/?post_type=product&#038;p=804"},"modified":"2025-11-12T10:17:52","modified_gmt":"2025-11-12T10:17:52","slug":"carte-sim-antigua-et-barbuda","status":"publish","type":"product","link":"https:\/\/airporttelecom.com\/fr\/carte-sim\/antigua-et-barbuda\/","title":{"rendered":"Carte SIM Antigua et Barbuda"},"content":{"rendered":"","protected":false},"excerpt":{"rendered":"","protected":false},"featured_media":1097,"comment_status":"open","ping_status":"closed","template":"","meta":{"_acf_changed":false},"product_brand":[],"product_cat":[17],"product_tag":[26],"class_list":{"0":"post-804","1":"product","2":"type-product","3":"status-publish","4":"has-post-thumbnail","6":"product_cat-carte-sim","7":"product_tag-carte-sim-antilles-caraibes","9":"first","10":"instock","11":"taxable","12":"shipping-taxable","13":"purchasable","14":"product-type-variable"},"acf":{"gebied_afbeelding":970,"vlag_afbeelding":971,"provider":[],"product_synoniemen":null,"product_bestel_velden":["vertrekdatum"],"product_omschrijving":"<h2><span data-contrast=\"\u00ab\">Joignable par mobile avec une carte SIM pour Antigua-et-Barbuda<\/span><\/h2>\r\n<span data-ccp-props=\"{&quot;134245418&quot;:true,&quot;134245529&quot;:true,&quot;335559738&quot;: 160,&quot;335559739&quot;:80}\u00ab &gt; &lt;\/span&gt;&lt;\/h2&gt; &lt;p&gt;&lt;span data-contrast= \u00bbauto\"><span class=\"HwtZe\" lang=\"fr\"><span class=\"jCAhz ChMk0b\"><span class=\"ryNqvb\">Avec les cartes SIM pr\u00e9pay\u00e9es d'Airport Telecom pour Antigua-et-Barbuda, vous pouvez utiliser Internet mobile partout dans le pays.<\/span><\/span> <span class=\"jCAhz ChMk0b\"><span class=\"ryNqvb\">Choisissez parmi diff\u00e9rents forfaits de donn\u00e9es et d'appels.<\/span><\/span> <span class=\"jCAhz ChMk0b\"><span class=\"ryNqvb\">Ces forfaits sont id\u00e9aux pour la navigation Internet et vous donnent acc\u00e8s \u00e0 vos e-mails, WhatsApp, la navigation et d'autres applications gr\u00e2ce \u00e0 une connexion 4G\/5G rapide.<\/span><\/span><\/span><\/span>\r\n<h2><span data-ccp-props=\"{&quot;134245418&quot;:true,&quot;134245529&quot;:true,&quot;335559738&quot;: 160,&quot;335559739&quot;:80}\u00ab &gt; &lt;\/span&gt;&lt;\/h2&gt; &lt;p&gt;&lt;span data-contrast= \u00bbauto\">Donn\u00e9es et appels lors de vos d\u00e9placements \u00e0 Antigua-et-Barbuda\u00a0<\/span><\/h2>\r\n<span class=\"HwtZe\" lang=\"fr\"><span class=\"jCAhz ChMk0b\"><span class=\"ryNqvb\">La carte SIM pour Antigua-et-Barbuda est disponible avec des forfaits de donn\u00e9es de 3GB, 6GB et 12GB.<\/span><\/span><\/span>\r\n<h2><span data-contrast=\"\u00ab\">WhatsApp avec la carte SIM Antigua-et-Barbuda\u00a0<\/span><\/h2>\r\n<span data-contrast=\"\u00ab\">Tous les appels par Internet tels que WhatsApp, Skype et FaceTime sont bien s\u00fbr \u00e9galement possibles avec les cartes SIM pour Antigua-et-Barbuda. Vous utiliserez alors le forfait de donn\u00e9es de la carte SIM. Vous pouvez continuer \u00e0 utiliser WhatsApp avec vos contacts, groupes et chats existants. Apr\u00e8s avoir ins\u00e9r\u00e9 une carte SIM pr\u00e9pay\u00e9e, WhatsApp peut vous demander si vous souhaitez cr\u00e9er une nouvelle identit\u00e9 ou conserver l'ancienne. Si vous choisissez cette derni\u00e8re option, rien ne changera. Vous pourrez continuer \u00e0 envoyer des messages et \u00e0 passer des appels avec WhatsApp comme d'habitude.<\/span>\r\n<h2><span data-contrast=\"\u00ab\">Couverture \u00e0 Antigua-et-Barbuda<\/span><\/h2>\r\n<span class=\"HwtZe\" lang=\"fr\"><span class=\"jCAhz ChMk0b\"><span class=\"ryNqvb\">La couverture du r\u00e9seau mobile est g\u00e9n\u00e9ralement excellente \u00e0 Antigua-et-Barbuda, notamment dans la capitale, Saint John's.<\/span><\/span> <span class=\"jCAhz ChMk0b\"><span class=\"ryNqvb\">Dans les zones tr\u00e8s recul\u00e9es, la couverture peut \u00eatre plus faible.<\/span><\/span> <span class=\"jCAhz ChMk0b\"><span class=\"ryNqvb\">Par ailleurs, les cartes SIM d'Antigua-et-Barbuda offrent une bonne couverture dans toutes les villes.<\/span><\/span><\/span>\r\n<h2><span data-ccp-props=\"{&quot;134245418&quot;:true,&quot;134245529&quot;:true,&quot;335559738&quot;: 160,&quot;335559739&quot;:80}\u00ab &gt; &lt;\/span&gt;&lt;\/h2&gt; &lt;p&gt;&lt;span data-contrast= \u00bbauto\">Faites-vous livrer gratuitement votre carte SIM Antigua-et-Barbuda ou r\u00e9cup\u00e9rez-la \u00e0 l'a\u00e9roport de Schiphol.\u00a0<\/span><\/h2>\r\n<span class=\"HwtZe\" lang=\"fr\"><span class=\"jCAhz ChMk0b\"><span class=\"ryNqvb\">Vous pouvez retirer vos cartes SIM pr\u00e9pay\u00e9es Antigua-et-Barbuda dans notre boutique Airport Telecom situ\u00e9e dans le hall des arriv\u00e9es de l'a\u00e9roport d'Amsterdam-Schiphol.<\/span><\/span> <span class=\"jCAhz ChMk0b\"><span class=\"ryNqvb\">La livraison \u00e0 domicile est \u00e9galement possible gratuitement aux Pays-Bas, en Allemagne, en Belgique et en France.<\/span><\/span> <span class=\"jCAhz ChMk0b\"><span class=\"ryNqvb\">Toute commande pass\u00e9e en semaine avant 14h00 sera exp\u00e9di\u00e9e le jour m\u00eame.<\/span><\/span> <span class=\"jCAhz ChMk0b\"><span class=\"ryNqvb\">La livraison s'effectuera g\u00e9n\u00e9ralement sous un \u00e0 deux jours ouvr\u00e9s.<\/span><\/span><\/span>","product_specificaties":"<h2><span class=\"HwtZe\" lang=\"fr\"><span class=\"jCAhz ChMk0b\"><span class=\"ryNqvb\">Avantages de la carte SIM d'Antigua-et-Barbuda<\/span><\/span><\/span><\/h2>\r\n<span class=\"HwtZe\" lang=\"fr\"><span class=\"jCAhz ChMk0b\"><span class=\"ryNqvb\"> La carte SIM d'Antigua-et-Barbuda est compatible avec le partage de connexion et peut donc \u00eatre utilis\u00e9e comme point d'acc\u00e8s Wi-Fi et routeur Wi-Fi mobile (MIFI).<\/span><\/span> <\/span>\r\n<h2><span class=\"HwtZe\" lang=\"fr\"><span class=\"jCAhz ChMk0b\"><span class=\"ryNqvb\">Donn\u00e9es et appels \u00e0 Antigua-et-Barbuda <\/span><\/span><\/span><\/h2>\r\n<span class=\"HwtZe\" lang=\"fr\"><span class=\"jCAhz ChMk0b\"><span class=\"ryNqvb\">Trois versions de cette carte SIM sont disponibles:<\/span><\/span><\/span>\r\n\r\n&nbsp;\r\n<h3><span class=\"HwtZe\" lang=\"fr\"><span class=\"jCAhz ChMk0b\"><span class=\"ryNqvb\">3GB de donn\u00e9es<\/span><\/span><\/span><span class=\"HwtZe\" lang=\"fr\"><span class=\"jCAhz ChMk0b\"><span class=\"ryNqvb\"> 29 \u20ac <\/span><\/span><\/span><\/h3>\r\n<span class=\"HwtZe\" lang=\"fr\"><span class=\"jCAhz ChMk0b\"><span class=\"ryNqvb\">Inclut 3GB de donn\u00e9es <\/span><\/span><\/span>\r\n\r\n&nbsp;\r\n<h3><span class=\"HwtZe\" lang=\"fr\"><span class=\"jCAhz ChMk0b\"><span class=\"ryNqvb\">6GB de donn\u00e9es 49 \u20ac <\/span><\/span><\/span><\/h3>\r\n<span class=\"HwtZe\" lang=\"fr\"><span class=\"jCAhz ChMk0b\"><span class=\"ryNqvb\">Inclut 6GB de donn\u00e9es <\/span><\/span><\/span>\r\n\r\n&nbsp;\r\n<h3><span class=\"HwtZe\" lang=\"fr\"><span class=\"jCAhz ChMk0b\"><span class=\"ryNqvb\">12GB de donn\u00e9es 89 \u20ac <\/span><\/span><\/span><\/h3>\r\n<span class=\"HwtZe\" lang=\"fr\"><span class=\"jCAhz ChMk0b\"><span class=\"ryNqvb\">Inclut 12GB de donn\u00e9es <\/span><\/span><\/span>\r\n\r\n&nbsp;\r\n\r\n<span class=\"HwtZe\" lang=\"fr\"><span class=\"jCAhz ChMk0b\"><span class=\"ryNqvb\">Les forfaits de donn\u00e9es sont valables 30\u00a0jours apr\u00e8s activation.<\/span><\/span><\/span>","product_handleiding":"<h2><span data-contrast=\"\u00ab\">Comment installer la carte SIM d'Antigua-et-Barbuda dans mon t\u00e9l\u00e9phone ? <\/span><\/h2>\r\n<span data-contrast=\"\u00ab\">Ouvrez le coulissant sur le c\u00f4t\u00e9 du t\u00e9l\u00e9phone. Vous pouvez le faire avec la goupille fournie avec le t\u00e9l\u00e9phone. Si vous n'en avez pas, vous pouvez en fabriquer une en pliant un trombone. Les cartes SIM d'Airport Telecom sont \u00e9galement fournies avec une \u00e9pingle suppl\u00e9mentaire.<\/span>\r\n\r\n<span data-contrast=\"\u00ab\">Retirez votre propre carte SIM et conservez-la en lieu s\u00fbr ! Ins\u00e9rez maintenant la nouvelle carte SIM. Cela ne peut se faire que d'une seule mani\u00e8re. Il se peut que votre t\u00e9l\u00e9phone puisse accepter plusieurs cartes SIM. Si c'est le cas, ins\u00e9rez la nouvelle carte SIM comme une carte suppl\u00e9mentaire.<\/span>\r\n\r\n<span data-contrast=\"\u00ab\">Maintenant, repoussez le curseur de la carte SIM dans le t\u00e9l\u00e9phone. Si tout se passe bien, vous devriez maintenant pouvoir utiliser automatiquement la nouvelle carte SIM.<\/span>\r\n\r\n<span data-contrast=\"\u00ab\">Maintenant, repoussez le curseur de la carte SIM dans le t\u00e9l\u00e9phone. Si tout se passe bien, vous devriez maintenant pouvoir utiliser automatiquement la nouvelle carte SIM. Le t\u00e9l\u00e9phone peut vous demander de proc\u00e9der \u00e0 des r\u00e9glages suppl\u00e9mentaires.<\/span>","product_veelgestelde_vragen":[{"vraag":"Quelle carte SIM utiliser \u00e0 Antigua-et-Barbuda ?","antwoord":"Pour un court s\u00e9jour de quelques jours seulement, vous n'aurez probablement pas besoin de beaucoup de donn\u00e9es. Les 3GB inclus pour Antigua-et-Barbuda devraient suffire. Les applications comme WhatsApp, Instagram et la navigation consomment peu de donn\u00e9es. Si vous restez plus longtemps, il serait judicieux d'opter pour un forfait de 12GB afin d'\u00eatre s\u00fbr d'avoir suffisamment de donn\u00e9es."},{"vraag":"O\u00f9 acheter une carte SIM pour Antigua-et-Barbuda ?","antwoord":"Vous pouvez acheter une carte SIM pour Antigua-et-Barbuda chez Airport Telecom Schiphol. Le retrait en magasin est possible. Vous pouvez \u00e9galement commander en ligne ; la carte SIM vous sera livr\u00e9e gratuitement \u00e0 domicile."}]},"yoast_head":"<!-- This site is optimized with the Yoast SEO Premium plugin v24.4 (Yoast SEO v27.3) - https:\/\/yoast.com\/product\/yoast-seo-premium-wordpress\/ -->\n<title>Carte SIM Antigua et Barbuda achat d&#039;appels et d&#039;Internet pr\u00e9pay\u00e9s (illimit\u00e9s) - Airport Telecom FR<\/title>\n<meta name=\"description\" content=\"Recherche carte pr\u00e9pay\u00e9e Carte SIM Antigua et Barbuda pour les appels (illimit\u00e9s) et Internet ? Accessible de mani\u00e8re optimale lors de d\u00e9placements en Carte SIM Antilles &amp; Cara\u00efbes. Maintenant en vente chez !\" \/>\n<meta name=\"robots\" content=\"index, follow, max-snippet:-1, max-image-preview:large, max-video-preview:-1\" \/>\n<link rel=\"canonical\" href=\"https:\/\/airporttelecom.com\/fr\/carte-sim\/antigua-et-barbuda\/\" \/>\n<meta property=\"og:locale\" content=\"fr_FR\" \/>\n<meta property=\"og:type\" content=\"article\" \/>\n<meta property=\"og:title\" content=\"Carte SIM Antigua et Barbuda\" \/>\n<meta property=\"og:description\" content=\"Recherche carte pr\u00e9pay\u00e9e Carte SIM Antigua et Barbuda pour les appels (illimit\u00e9s) et Internet ? Accessible de mani\u00e8re optimale lors de d\u00e9placements en Carte SIM Antilles &amp; Cara\u00efbes. Maintenant en vente chez !\" \/>\n<meta property=\"og:url\" content=\"https:\/\/airporttelecom.com\/fr\/carte-sim\/antigua-et-barbuda\/\" \/>\n<meta property=\"og:site_name\" content=\"Airport Telecom FR\" \/>\n<meta property=\"article:modified_time\" content=\"2025-11-12T10:17:52+00:00\" \/>\n<meta property=\"og:image\" content=\"https:\/\/airporttelecom.com\/fr\/wp-content\/uploads\/sites\/5\/2024\/07\/Simkaart-Antigua-and-Barbuda.png?wsr\" \/>\n\t<meta property=\"og:image:width\" content=\"800\" \/>\n\t<meta property=\"og:image:height\" content=\"316\" \/>\n\t<meta property=\"og:image:type\" content=\"image\/png\" \/>\n<meta name=\"twitter:card\" content=\"summary_large_image\" \/>\n<meta name=\"twitter:label1\" content=\"Dur\u00e9e de lecture estim\u00e9e\" \/>\n\t<meta name=\"twitter:data1\" content=\"1 minute\" \/>\n<script type=\"application\/ld+json\" class=\"yoast-schema-graph\">{\"@context\":\"https:\\\/\\\/schema.org\",\"@graph\":[{\"@type\":\"WebPage\",\"@id\":\"https:\\\/\\\/airporttelecom.com\\\/fr\\\/carte-sim\\\/antigua-et-barbuda\\\/\",\"url\":\"https:\\\/\\\/airporttelecom.com\\\/fr\\\/carte-sim\\\/antigua-et-barbuda\\\/\",\"name\":\"Carte SIM Antigua et Barbuda achat d'appels et d'Internet pr\u00e9pay\u00e9s (illimit\u00e9s) - Airport Telecom FR\",\"isPartOf\":{\"@id\":\"https:\\\/\\\/airporttelecom.com\\\/fr\\\/#website\"},\"primaryImageOfPage\":{\"@id\":\"https:\\\/\\\/airporttelecom.com\\\/fr\\\/carte-sim\\\/antigua-et-barbuda\\\/#primaryimage\"},\"image\":{\"@id\":\"https:\\\/\\\/airporttelecom.com\\\/fr\\\/carte-sim\\\/antigua-et-barbuda\\\/#primaryimage\"},\"thumbnailUrl\":\"https:\\\/\\\/airporttelecom.com\\\/fr\\\/wp-content\\\/uploads\\\/sites\\\/5\\\/2024\\\/07\\\/Simkaart-Antigua-and-Barbuda.png\",\"datePublished\":\"2024-07-30T09:58:15+00:00\",\"dateModified\":\"2025-11-12T10:17:52+00:00\",\"description\":\"Recherche carte pr\u00e9pay\u00e9e Carte SIM Antigua et Barbuda pour les appels (illimit\u00e9s) et Internet ? Accessible de mani\u00e8re optimale lors de d\u00e9placements en Carte SIM Antilles &amp; Cara\u00efbes. Maintenant en vente chez !\",\"breadcrumb\":{\"@id\":\"https:\\\/\\\/airporttelecom.com\\\/fr\\\/carte-sim\\\/antigua-et-barbuda\\\/#breadcrumb\"},\"inLanguage\":\"fr-FR\",\"potentialAction\":[{\"@type\":\"ReadAction\",\"target\":[\"https:\\\/\\\/airporttelecom.com\\\/fr\\\/carte-sim\\\/antigua-et-barbuda\\\/\"]}]},{\"@type\":\"ImageObject\",\"inLanguage\":\"fr-FR\",\"@id\":\"https:\\\/\\\/airporttelecom.com\\\/fr\\\/carte-sim\\\/antigua-et-barbuda\\\/#primaryimage\",\"url\":\"https:\\\/\\\/airporttelecom.com\\\/fr\\\/wp-content\\\/uploads\\\/sites\\\/5\\\/2024\\\/07\\\/Simkaart-Antigua-and-Barbuda.png\",\"contentUrl\":\"https:\\\/\\\/airporttelecom.com\\\/fr\\\/wp-content\\\/uploads\\\/sites\\\/5\\\/2024\\\/07\\\/Simkaart-Antigua-and-Barbuda.png\",\"width\":800,\"height\":316,\"caption\":\"Carte SIM pour Antigua-et-Barbuda\"},{\"@type\":\"BreadcrumbList\",\"@id\":\"https:\\\/\\\/airporttelecom.com\\\/fr\\\/carte-sim\\\/antigua-et-barbuda\\\/#breadcrumb\",\"itemListElement\":[{\"@type\":\"ListItem\",\"position\":1,\"name\":\"Home\",\"item\":\"https:\\\/\\\/airporttelecom.com\\\/fr\\\/\"},{\"@type\":\"ListItem\",\"position\":2,\"name\":\"Carte SIM\",\"item\":\"https:\\\/\\\/airporttelecom.com\\\/fr\\\/carte-sim\\\/\"},{\"@type\":\"ListItem\",\"position\":3,\"name\":\"Carte SIM Antigua et Barbuda\"}]},{\"@type\":\"WebSite\",\"@id\":\"https:\\\/\\\/airporttelecom.com\\\/fr\\\/#website\",\"url\":\"https:\\\/\\\/airporttelecom.com\\\/fr\\\/\",\"name\":\"Airport Telecom\",\"description\":\"\",\"publisher\":{\"@id\":\"https:\\\/\\\/airporttelecom.com\\\/fr\\\/#organization\"},\"potentialAction\":[{\"@type\":\"SearchAction\",\"target\":{\"@type\":\"EntryPoint\",\"urlTemplate\":\"https:\\\/\\\/airporttelecom.com\\\/fr\\\/?s={search_term_string}\"},\"query-input\":{\"@type\":\"PropertyValueSpecification\",\"valueRequired\":true,\"valueName\":\"search_term_string\"}}],\"inLanguage\":\"fr-FR\"},{\"@type\":\"Organization\",\"@id\":\"https:\\\/\\\/airporttelecom.com\\\/fr\\\/#organization\",\"name\":\"Airport Telecom\",\"url\":\"https:\\\/\\\/airporttelecom.com\\\/fr\\\/\",\"logo\":{\"@type\":\"ImageObject\",\"inLanguage\":\"fr-FR\",\"@id\":\"https:\\\/\\\/airporttelecom.com\\\/fr\\\/#\\\/schema\\\/logo\\\/image\\\/\",\"url\":\"https:\\\/\\\/airporttelecom.com\\\/fr\\\/wp-content\\\/uploads\\\/sites\\\/5\\\/2024\\\/06\\\/icon.png?wsr\",\"contentUrl\":\"https:\\\/\\\/airporttelecom.com\\\/fr\\\/wp-content\\\/uploads\\\/sites\\\/5\\\/2024\\\/06\\\/icon.png?wsr\",\"width\":110,\"height\":110,\"caption\":\"Airport Telecom\"},\"image\":{\"@id\":\"https:\\\/\\\/airporttelecom.com\\\/fr\\\/#\\\/schema\\\/logo\\\/image\\\/\"}}]}<\/script>\n<!-- \/ Yoast SEO Premium plugin. -->","yoast_head_json":{"title":"Carte SIM Antigua et Barbuda achat d'appels et d'Internet pr\u00e9pay\u00e9s (illimit\u00e9s) - Airport Telecom FR","description":"Recherche carte pr\u00e9pay\u00e9e Carte SIM Antigua et Barbuda pour les appels (illimit\u00e9s) et Internet ? Accessible de mani\u00e8re optimale lors de d\u00e9placements en Carte SIM Antilles &amp; Cara\u00efbes. Maintenant en vente chez !","robots":{"index":"index","follow":"follow","max-snippet":"max-snippet:-1","max-image-preview":"max-image-preview:large","max-video-preview":"max-video-preview:-1"},"canonical":"https:\/\/airporttelecom.com\/fr\/carte-sim\/antigua-et-barbuda\/","og_locale":"fr_FR","og_type":"article","og_title":"Carte SIM Antigua et Barbuda","og_description":"Recherche carte pr\u00e9pay\u00e9e Carte SIM Antigua et Barbuda pour les appels (illimit\u00e9s) et Internet ? Accessible de mani\u00e8re optimale lors de d\u00e9placements en Carte SIM Antilles &amp; Cara\u00efbes. Maintenant en vente chez !","og_url":"https:\/\/airporttelecom.com\/fr\/carte-sim\/antigua-et-barbuda\/","og_site_name":"Airport Telecom FR","article_modified_time":"2025-11-12T10:17:52+00:00","og_image":[{"width":800,"height":316,"url":"https:\/\/airporttelecom.com\/fr\/wp-content\/uploads\/sites\/5\/2024\/07\/Simkaart-Antigua-and-Barbuda.png?wsr","type":"image\/png"}],"twitter_card":"summary_large_image","twitter_misc":{"Dur\u00e9e de lecture estim\u00e9e":"1 minute"},"schema":{"@context":"https:\/\/schema.org","@graph":[{"@type":"WebPage","@id":"https:\/\/airporttelecom.com\/fr\/carte-sim\/antigua-et-barbuda\/","url":"https:\/\/airporttelecom.com\/fr\/carte-sim\/antigua-et-barbuda\/","name":"Carte SIM Antigua et Barbuda achat d'appels et d'Internet pr\u00e9pay\u00e9s (illimit\u00e9s) - Airport Telecom FR","isPartOf":{"@id":"https:\/\/airporttelecom.com\/fr\/#website"},"primaryImageOfPage":{"@id":"https:\/\/airporttelecom.com\/fr\/carte-sim\/antigua-et-barbuda\/#primaryimage"},"image":{"@id":"https:\/\/airporttelecom.com\/fr\/carte-sim\/antigua-et-barbuda\/#primaryimage"},"thumbnailUrl":"https:\/\/airporttelecom.com\/fr\/wp-content\/uploads\/sites\/5\/2024\/07\/Simkaart-Antigua-and-Barbuda.png","datePublished":"2024-07-30T09:58:15+00:00","dateModified":"2025-11-12T10:17:52+00:00","description":"Recherche carte pr\u00e9pay\u00e9e Carte SIM Antigua et Barbuda pour les appels (illimit\u00e9s) et Internet ? Accessible de mani\u00e8re optimale lors de d\u00e9placements en Carte SIM Antilles &amp; Cara\u00efbes. Maintenant en vente chez !","breadcrumb":{"@id":"https:\/\/airporttelecom.com\/fr\/carte-sim\/antigua-et-barbuda\/#breadcrumb"},"inLanguage":"fr-FR","potentialAction":[{"@type":"ReadAction","target":["https:\/\/airporttelecom.com\/fr\/carte-sim\/antigua-et-barbuda\/"]}]},{"@type":"ImageObject","inLanguage":"fr-FR","@id":"https:\/\/airporttelecom.com\/fr\/carte-sim\/antigua-et-barbuda\/#primaryimage","url":"https:\/\/airporttelecom.com\/fr\/wp-content\/uploads\/sites\/5\/2024\/07\/Simkaart-Antigua-and-Barbuda.png","contentUrl":"https:\/\/airporttelecom.com\/fr\/wp-content\/uploads\/sites\/5\/2024\/07\/Simkaart-Antigua-and-Barbuda.png","width":800,"height":316,"caption":"Carte SIM pour Antigua-et-Barbuda"},{"@type":"BreadcrumbList","@id":"https:\/\/airporttelecom.com\/fr\/carte-sim\/antigua-et-barbuda\/#breadcrumb","itemListElement":[{"@type":"ListItem","position":1,"name":"Home","item":"https:\/\/airporttelecom.com\/fr\/"},{"@type":"ListItem","position":2,"name":"Carte SIM","item":"https:\/\/airporttelecom.com\/fr\/carte-sim\/"},{"@type":"ListItem","position":3,"name":"Carte SIM Antigua et Barbuda"}]},{"@type":"WebSite","@id":"https:\/\/airporttelecom.com\/fr\/#website","url":"https:\/\/airporttelecom.com\/fr\/","name":"Airport Telecom","description":"","publisher":{"@id":"https:\/\/airporttelecom.com\/fr\/#organization"},"potentialAction":[{"@type":"SearchAction","target":{"@type":"EntryPoint","urlTemplate":"https:\/\/airporttelecom.com\/fr\/?s={search_term_string}"},"query-input":{"@type":"PropertyValueSpecification","valueRequired":true,"valueName":"search_term_string"}}],"inLanguage":"fr-FR"},{"@type":"Organization","@id":"https:\/\/airporttelecom.com\/fr\/#organization","name":"Airport Telecom","url":"https:\/\/airporttelecom.com\/fr\/","logo":{"@type":"ImageObject","inLanguage":"fr-FR","@id":"https:\/\/airporttelecom.com\/fr\/#\/schema\/logo\/image\/","url":"https:\/\/airporttelecom.com\/fr\/wp-content\/uploads\/sites\/5\/2024\/06\/icon.png?wsr","contentUrl":"https:\/\/airporttelecom.com\/fr\/wp-content\/uploads\/sites\/5\/2024\/06\/icon.png?wsr","width":110,"height":110,"caption":"Airport Telecom"},"image":{"@id":"https:\/\/airporttelecom.com\/fr\/#\/schema\/logo\/image\/"}}]}},"_links":{"self":[{"href":"https:\/\/airporttelecom.com\/fr\/wp-json\/wp\/v2\/product\/804","targetHints":{"allow":["GET"]}}],"collection":[{"href":"https:\/\/airporttelecom.com\/fr\/wp-json\/wp\/v2\/product"}],"about":[{"href":"https:\/\/airporttelecom.com\/fr\/wp-json\/wp\/v2\/types\/product"}],"replies":[{"embeddable":true,"href":"https:\/\/airporttelecom.com\/fr\/wp-json\/wp\/v2\/comments?post=804"}],"wp:featuredmedia":[{"embeddable":true,"href":"https:\/\/airporttelecom.com\/fr\/wp-json\/wp\/v2\/media\/1097"}],"wp:attachment":[{"href":"https:\/\/airporttelecom.com\/fr\/wp-json\/wp\/v2\/media?parent=804"}],"wp:term":[{"taxonomy":"product_brand","embeddable":true,"href":"https:\/\/airporttelecom.com\/fr\/wp-json\/wp\/v2\/product_brand?post=804"},{"taxonomy":"product_cat","embeddable":true,"href":"https:\/\/airporttelecom.com\/fr\/wp-json\/wp\/v2\/product_cat?post=804"},{"taxonomy":"product_tag","embeddable":true,"href":"https:\/\/airporttelecom.com\/fr\/wp-json\/wp\/v2\/product_tag?post=804"}],"curies":[{"name":"wp","href":"https:\/\/api.w.org\/{rel}","templated":true}]}}