{"id":1604,"date":"2024-09-12T10:51:53","date_gmt":"2024-09-12T10:51:53","guid":{"rendered":"https:\/\/airporttelecom.outperforming.nl\/nl\/product\/esim-maleisie\/"},"modified":"2025-08-10T15:58:27","modified_gmt":"2025-08-10T15:58:27","slug":"esim-maleisie","status":"publish","type":"product","link":"https:\/\/airporttelecom.com\/nl\/esim\/maleisie\/","title":{"rendered":"eSIM Maleisi\u00eb"},"content":{"rendered":"","protected":false},"excerpt":{"rendered":"","protected":false},"featured_media":698,"comment_status":"open","ping_status":"closed","template":"","meta":{"_acf_changed":false,"_monsterinsights_skip_tracking":false,"_monsterinsights_sitenote_active":false,"_monsterinsights_sitenote_note":"","_monsterinsights_sitenote_category":0},"product_brand":[],"product_cat":[16],"product_tag":[43],"class_list":{"0":"post-1604","1":"product","2":"type-product","3":"status-publish","4":"has-post-thumbnail","6":"product_cat-esim","7":"product_tag-esim-azie","9":"first","10":"instock","11":"taxable","12":"shipping-taxable","13":"purchasable","14":"product-type-variable","15":"has-default-attributes"},"acf":{"gebied_afbeelding":649,"vlag_afbeelding":267,"provider":["NEX"],"product_synoniemen":null,"product_bestel_velden":["vertrekdatum"],"product_omschrijving":"<h2><span data-contrast=\"none\">Mobiel bereikbaar met een eSIM voor Maleisi\u00eb<\/span><span data-ccp-props=\"{&quot;134245418&quot;:true,&quot;134245529&quot;:true,&quot;335559738&quot;:160,&quot;335559739&quot;:80}\">\u00a0<\/span><\/h2>\r\n<span data-contrast=\"auto\">Met een prepaid eSIM Maleisi\u00eb van Airport Telecom kunt u in heel Maleisi\u00eb gebruik maken van mobiel internet. U kunt kiezen uit verschillende data- en belbundels. Deze bundels zijn zeer geschikt voor internetgebruik en geven u via een snelle 4G\/5G verbinding toegang tot Email, Whatsapp, navigatie en andere internettoepassingen.<\/span><span data-ccp-props=\"{}\">\u00a0<\/span>\r\n<h2>Bundels voor data op reis in Maleisi\u00eb<\/h2>\r\n<span style=\"font-weight: 400\">De eSIMs voor Maleisi\u00eb zijn er met een Unlimited databundel van 7, 14 en 30 dagen:<\/span>\r\n<h3>Unlimited eSIM Maleisi\u00eb 7 dagen, \u20ac 24,=<\/h3>\r\n<h3>Unlimited eSIM Maleisi\u00eb 14 dagen, \u20ac 36,=<\/h3>\r\n<h3>Unlimited eSIM Maleisi\u00eb 30 dagen, \u20ac 69,=<\/h3>\r\n(*) Let alstublieft op de Fair Use Policy. Bij extreem datagebruik kan de provider de mogelijkheden van de (e)sim beperken. De Fair Use Policy gaat uit van \u00e9\u00e9n gebruiker per (e)sim. Bij normaal gebruik voor navigatie, email, zoeken op internet, Whatsapp berichten, Whatsapp bellen en apps als Instagram en Snapchat komt de Fair Use Policy niet in beeld. Dit kan wel bij bijvoorbeeld extreem veel YouTube, TikTok, streamingdiensten zoals Netflix en online TV kijken, en dit vooral in combinatie met het delen van de verbinding via hotspot of router\u00a0door meerdere personen. Bij overtreding van de Fair Use Policy worden geen aankoopbedragen terugbetaald.\r\n\r\n<span style=\"font-weight: 400\">De eSIMs voor Maleisi\u00eb hebben een uitstekende landelijke dekking via de locale 4G en 5G netwerken. Er is geen registratie van de gebruiker nodig in Maleisi\u00eb. Bij aankomst in Maleisi\u00eb gaat het internet automatisch werken. De eSIM Maleisi\u00eb is geschikt voor tethering en kan dus ook worden gebruikt voor hotspot en MIFI.<\/span>\r\n<h2><span data-contrast=\"none\">Whatsapp met eSIM Maleisi\u00eb<\/span><span data-ccp-props=\"{&quot;134245418&quot;:true,&quot;134245529&quot;:true,&quot;335559738&quot;:160,&quot;335559739&quot;:80}\">\u00a0<\/span><\/h2>\r\n<span data-contrast=\"auto\">Alle gesprekken die via internet lopen zoals met Whatsapp, Skype en FaceTime zijn vanzelfsprekend ook mogelijk met de eSIMen voor Maleisi\u00eb U maakt dan gebruik van de databundel op de eSIM. Whatsapp kunt u altijd blijven gebruiken met uw eigen bestaande contacten, groepen en chats. Na het plaatsen van een prepaid eSIM kan Whatsapp vragen of u een nieuwe identiteit wilt aanmaken of dat alles bij het oude moet blijven. Kies dan voor het laatste en er veranderd niets. U kunt met Whatsapp dan gewoon berichten blijven versturen en bellen zoals u gewend bent.<\/span><span data-ccp-props=\"{}\">\u00a0<\/span>\r\n<h2>Mobiele dekking Maleisi\u00eb<\/h2>\r\nMaleisi\u00eb is verspreid over twee delen met bijbehorende eilanden waar onze <span class=\"TextRun SCXW112657472 BCX0\" lang=\"NL-NL\" xml:lang=\"NL-NL\" data-contrast=\"none\"><span class=\"SpellingError SCXW112657472 BCX0\">eSIMs<\/span><\/span> goede dekking bieden. Zeker in Malakka, waar u de meeste hoogtepunten vindt, is de dekking sterk. Hier ligt de hoofdstad Kuala Lumpur met de bekende Petronas Twin Towers, met Penang en haar heerlijke streetfood, en de betoverende Cameron Highlands, waar ook snelle verbinding is. Rondom het prachtige Taman Negara National Park zijn er minder zendmasten waardoor hier de verbinding zwakker is. Geniet u van de tropische stranden op de Perhentain eilanden, of bivakeert u in een luxe resort in de Langkawi archipel, ook hier kunt u genieten van goed internet met de eSIM. Reist u naar het oosten, dan hoeft u zich ook geen zorgen te maken over de verbinding als u Kinabalu National Park, met de grootste biodiversiteit op de wereld en de prachtige Mount Kinabalu, een bezoek brengt. Gaat u op Borneo verder landinwaarts dan kan het bereik weer afnemen in de afgelegen gebieden.\r\n<h2><span data-contrast=\"none\">Maleisi\u00eb eSIM ontvangen per email<\/span><span data-ccp-props=\"{&quot;201341983&quot;:0,&quot;335559739&quot;:0,&quot;335559740&quot;:240}\">\u00a0<\/span><\/h2>\r\n<span data-contrast=\"none\">De eSIM voor Maleisi\u00eb ontvangt u van ons per email. Dat gaat heel snel en het kan ook wanneer u al in Maleisi\u00eb bent of als u op zeer korte termijn vertrekt.<\/span><span data-ccp-props=\"{&quot;201341983&quot;:0,&quot;335559739&quot;:0,&quot;335559740&quot;:240}\">\u00a0<\/span>","product_specificaties":"<h2>Internet met eSIM Maleisi\u00eb<\/h2>\r\n<span style=\"font-weight: 400\">Er zijn drie varianten van de eSIM Maleisi\u00eb:<\/span>\r\n<h3>Unlimited eSIM Maleisi\u00eb 7 dagen, \u20ac 24,=<\/h3>\r\n<ul>\r\n \t<li style=\"font-weight: 400\"><span style=\"font-weight: 400\">Onbeperkt data in heel Maleisi\u00eb*<\/span><\/li>\r\n \t<li style=\"font-weight: 400\"><span style=\"font-weight: 400\">Bundel 7 dagen geldig. Opwaarderen kan via deze website.<\/span><\/li>\r\n<\/ul>\r\n<h3>Unlimited eSIM Maleisi\u00eb 14 dagen, \u20ac 36,=<\/h3>\r\n<ul>\r\n \t<li style=\"font-weight: 400\"><span style=\"font-weight: 400\">Onbeperkt data in heel Maleisi\u00eb*<\/span><\/li>\r\n \t<li style=\"font-weight: 400\"><span style=\"font-weight: 400\">Bundel 14 dagen geldig. Opwaarderen kan via deze website.<\/span><\/li>\r\n<\/ul>\r\n<h3>Unlimited eSIM Maleisi\u00eb 30 dagen, \u20ac 69,=<\/h3>\r\n<ul>\r\n \t<li style=\"font-weight: 400\"><span style=\"font-weight: 400\">Onbeperkt data in heel Maleisi\u00eb*<\/span><\/li>\r\n \t<li style=\"font-weight: 400\"><span style=\"font-weight: 400\">Bundel 30 dagen geldig. Opwaarderen kan via deze website.<\/span><\/li>\r\n<\/ul>\r\n<span style=\"font-weight: 400\">(*) Er is een Fair Use Policy. Bij extreem datagebruik kan de provider in Maleisi\u00eb de mogelijkheden van de sim beperken.<\/span>","product_handleiding":"","product_veelgestelde_vragen":[{"vraag":"Welke esim in Maleisi\u00eb gebruiken? ","antwoord":"Bij een kort verblijf van een paar dagen heeft u waarschijnlijk niet zoveel data nodig. De 10GB databundel voor Maleisi\u00eb kan dan voldoende zijn. Applicaties zoals Whatsapp, Instagram en navigatie verbruiken niet veel data. Blijft u langer dan kan het handig zijn om voor Unlimited te kiezen zodat u zeker voldoende data heeft. "},{"vraag":"Waar koop je een esim voor Maleisi\u00eb? ","antwoord":"Een esim voor Maleisi\u00eb koop je online bij Airport Telecom. De eSIM ontvang je per email. Het is een QR code die moet worden ingescand met de telefoon. Dit kan dus ook wanneer je al in Maleisi\u00eb bent of als je op zeer korte termijn vertrekt. "}]},"yoast_head":"<!-- This site is optimized with the Yoast SEO Premium plugin v24.4 (Yoast SEO v26.9) - https:\/\/yoast.com\/product\/yoast-seo-premium-wordpress\/ -->\n<title>eSIM Maleisi\u00eb kopen voor prepaid (onbeperkt) bellen en internet - Airport Telecom NL<\/title>\n<meta name=\"description\" content=\"Op zoek naar een prepaid eSIM Maleisi\u00eb voor (onbeperkt) bellen en internet? Optimaal bereikbaar op reis in eSIM Azi\u00eb. Nu al te koop vanaf !\" \/>\n<meta name=\"robots\" content=\"index, follow, max-snippet:-1, max-image-preview:large, max-video-preview:-1\" \/>\n<link rel=\"canonical\" href=\"https:\/\/airporttelecom.com\/nl\/esim\/maleisie\/\" \/>\n<meta property=\"og:locale\" content=\"nl_NL\" \/>\n<meta property=\"og:type\" content=\"article\" \/>\n<meta property=\"og:title\" content=\"eSIM Maleisi\u00eb\" \/>\n<meta property=\"og:description\" content=\"Op zoek naar een prepaid eSIM Maleisi\u00eb voor (onbeperkt) bellen en internet? Optimaal bereikbaar op reis in eSIM Azi\u00eb. Nu al te koop vanaf !\" \/>\n<meta property=\"og:url\" content=\"https:\/\/airporttelecom.com\/nl\/esim\/maleisie\/\" \/>\n<meta property=\"og:site_name\" content=\"Airport Telecom NL\" \/>\n<meta property=\"article:modified_time\" content=\"2025-08-10T15:58:27+00:00\" \/>\n<meta property=\"og:image\" content=\"https:\/\/airporttelecom.com\/nl\/wp-content\/uploads\/sites\/4\/2024\/06\/Simkaart-Maleisie.png?wsr\" \/>\n\t<meta property=\"og:image:width\" content=\"800\" \/>\n\t<meta property=\"og:image:height\" content=\"318\" \/>\n\t<meta property=\"og:image:type\" content=\"image\/png\" \/>\n<meta name=\"twitter:card\" content=\"summary_large_image\" \/>\n<meta name=\"twitter:label1\" content=\"Geschatte leestijd\" \/>\n\t<meta name=\"twitter:data1\" content=\"1 minuut\" \/>\n<script type=\"application\/ld+json\" class=\"yoast-schema-graph\">{\"@context\":\"https:\/\/schema.org\",\"@graph\":[{\"@type\":\"WebPage\",\"@id\":\"https:\/\/airporttelecom.com\/nl\/esim\/maleisie\/\",\"url\":\"https:\/\/airporttelecom.com\/nl\/esim\/maleisie\/\",\"name\":\"eSIM Maleisi\u00eb kopen voor prepaid (onbeperkt) bellen en internet - Airport Telecom NL\",\"isPartOf\":{\"@id\":\"https:\/\/airporttelecom.com\/nl\/#website\"},\"primaryImageOfPage\":{\"@id\":\"https:\/\/airporttelecom.com\/nl\/esim\/maleisie\/#primaryimage\"},\"image\":{\"@id\":\"https:\/\/airporttelecom.com\/nl\/esim\/maleisie\/#primaryimage\"},\"thumbnailUrl\":\"https:\/\/airporttelecom.com\/nl\/wp-content\/uploads\/sites\/4\/2024\/06\/Simkaart-Maleisie.png\",\"datePublished\":\"2024-09-12T10:51:53+00:00\",\"dateModified\":\"2025-08-10T15:58:27+00:00\",\"description\":\"Op zoek naar een prepaid eSIM Maleisi\u00eb voor (onbeperkt) bellen en internet? Optimaal bereikbaar op reis in eSIM Azi\u00eb. Nu al te koop vanaf !\",\"breadcrumb\":{\"@id\":\"https:\/\/airporttelecom.com\/nl\/esim\/maleisie\/#breadcrumb\"},\"inLanguage\":\"nl-NL\",\"potentialAction\":[{\"@type\":\"ReadAction\",\"target\":[\"https:\/\/airporttelecom.com\/nl\/esim\/maleisie\/\"]}]},{\"@type\":\"ImageObject\",\"inLanguage\":\"nl-NL\",\"@id\":\"https:\/\/airporttelecom.com\/nl\/esim\/maleisie\/#primaryimage\",\"url\":\"https:\/\/airporttelecom.com\/nl\/wp-content\/uploads\/sites\/4\/2024\/06\/Simkaart-Maleisie.png\",\"contentUrl\":\"https:\/\/airporttelecom.com\/nl\/wp-content\/uploads\/sites\/4\/2024\/06\/Simkaart-Maleisie.png\",\"width\":800,\"height\":318,\"caption\":\"Simkaart Maleisie\"},{\"@type\":\"BreadcrumbList\",\"@id\":\"https:\/\/airporttelecom.com\/nl\/esim\/maleisie\/#breadcrumb\",\"itemListElement\":[{\"@type\":\"ListItem\",\"position\":1,\"name\":\"Home\",\"item\":\"https:\/\/airporttelecom.com\/nl\/\"},{\"@type\":\"ListItem\",\"position\":2,\"name\":\"eSIM\",\"item\":\"https:\/\/airporttelecom.com\/nl\/esim\/\"},{\"@type\":\"ListItem\",\"position\":3,\"name\":\"Maleisi\u00eb\"}]},{\"@type\":\"WebSite\",\"@id\":\"https:\/\/airporttelecom.com\/nl\/#website\",\"url\":\"https:\/\/airporttelecom.com\/nl\/\",\"name\":\"Airport Telecom\",\"description\":\"\",\"publisher\":{\"@id\":\"https:\/\/airporttelecom.com\/nl\/#organization\"},\"potentialAction\":[{\"@type\":\"SearchAction\",\"target\":{\"@type\":\"EntryPoint\",\"urlTemplate\":\"https:\/\/airporttelecom.com\/nl\/?s={search_term_string}\"},\"query-input\":{\"@type\":\"PropertyValueSpecification\",\"valueRequired\":true,\"valueName\":\"search_term_string\"}}],\"inLanguage\":\"nl-NL\"},{\"@type\":\"Organization\",\"@id\":\"https:\/\/airporttelecom.com\/nl\/#organization\",\"name\":\"Airport Telecom\",\"url\":\"https:\/\/airporttelecom.com\/nl\/\",\"logo\":{\"@type\":\"ImageObject\",\"inLanguage\":\"nl-NL\",\"@id\":\"https:\/\/airporttelecom.com\/nl\/#\/schema\/logo\/image\/\",\"url\":\"https:\/\/airporttelecom.com\/nl\/wp-content\/uploads\/sites\/4\/2024\/06\/icon.png\",\"contentUrl\":\"https:\/\/airporttelecom.com\/nl\/wp-content\/uploads\/sites\/4\/2024\/06\/icon.png\",\"width\":110,\"height\":110,\"caption\":\"Airport Telecom\"},\"image\":{\"@id\":\"https:\/\/airporttelecom.com\/nl\/#\/schema\/logo\/image\/\"}}]}<\/script>\n<!-- \/ Yoast SEO Premium plugin. -->","yoast_head_json":{"title":"eSIM Maleisi\u00eb kopen voor prepaid (onbeperkt) bellen en internet - Airport Telecom NL","description":"Op zoek naar een prepaid eSIM Maleisi\u00eb voor (onbeperkt) bellen en internet? Optimaal bereikbaar op reis in eSIM Azi\u00eb. Nu al te koop vanaf !","robots":{"index":"index","follow":"follow","max-snippet":"max-snippet:-1","max-image-preview":"max-image-preview:large","max-video-preview":"max-video-preview:-1"},"canonical":"https:\/\/airporttelecom.com\/nl\/esim\/maleisie\/","og_locale":"nl_NL","og_type":"article","og_title":"eSIM Maleisi\u00eb","og_description":"Op zoek naar een prepaid eSIM Maleisi\u00eb voor (onbeperkt) bellen en internet? Optimaal bereikbaar op reis in eSIM Azi\u00eb. Nu al te koop vanaf !","og_url":"https:\/\/airporttelecom.com\/nl\/esim\/maleisie\/","og_site_name":"Airport Telecom NL","article_modified_time":"2025-08-10T15:58:27+00:00","og_image":[{"width":800,"height":318,"url":"https:\/\/airporttelecom.com\/nl\/wp-content\/uploads\/sites\/4\/2024\/06\/Simkaart-Maleisie.png?wsr","type":"image\/png"}],"twitter_card":"summary_large_image","twitter_misc":{"Geschatte leestijd":"1 minuut"},"schema":{"@context":"https:\/\/schema.org","@graph":[{"@type":"WebPage","@id":"https:\/\/airporttelecom.com\/nl\/esim\/maleisie\/","url":"https:\/\/airporttelecom.com\/nl\/esim\/maleisie\/","name":"eSIM Maleisi\u00eb kopen voor prepaid (onbeperkt) bellen en internet - Airport Telecom NL","isPartOf":{"@id":"https:\/\/airporttelecom.com\/nl\/#website"},"primaryImageOfPage":{"@id":"https:\/\/airporttelecom.com\/nl\/esim\/maleisie\/#primaryimage"},"image":{"@id":"https:\/\/airporttelecom.com\/nl\/esim\/maleisie\/#primaryimage"},"thumbnailUrl":"https:\/\/airporttelecom.com\/nl\/wp-content\/uploads\/sites\/4\/2024\/06\/Simkaart-Maleisie.png","datePublished":"2024-09-12T10:51:53+00:00","dateModified":"2025-08-10T15:58:27+00:00","description":"Op zoek naar een prepaid eSIM Maleisi\u00eb voor (onbeperkt) bellen en internet? Optimaal bereikbaar op reis in eSIM Azi\u00eb. Nu al te koop vanaf !","breadcrumb":{"@id":"https:\/\/airporttelecom.com\/nl\/esim\/maleisie\/#breadcrumb"},"inLanguage":"nl-NL","potentialAction":[{"@type":"ReadAction","target":["https:\/\/airporttelecom.com\/nl\/esim\/maleisie\/"]}]},{"@type":"ImageObject","inLanguage":"nl-NL","@id":"https:\/\/airporttelecom.com\/nl\/esim\/maleisie\/#primaryimage","url":"https:\/\/airporttelecom.com\/nl\/wp-content\/uploads\/sites\/4\/2024\/06\/Simkaart-Maleisie.png","contentUrl":"https:\/\/airporttelecom.com\/nl\/wp-content\/uploads\/sites\/4\/2024\/06\/Simkaart-Maleisie.png","width":800,"height":318,"caption":"Simkaart Maleisie"},{"@type":"BreadcrumbList","@id":"https:\/\/airporttelecom.com\/nl\/esim\/maleisie\/#breadcrumb","itemListElement":[{"@type":"ListItem","position":1,"name":"Home","item":"https:\/\/airporttelecom.com\/nl\/"},{"@type":"ListItem","position":2,"name":"eSIM","item":"https:\/\/airporttelecom.com\/nl\/esim\/"},{"@type":"ListItem","position":3,"name":"Maleisi\u00eb"}]},{"@type":"WebSite","@id":"https:\/\/airporttelecom.com\/nl\/#website","url":"https:\/\/airporttelecom.com\/nl\/","name":"Airport Telecom","description":"","publisher":{"@id":"https:\/\/airporttelecom.com\/nl\/#organization"},"potentialAction":[{"@type":"SearchAction","target":{"@type":"EntryPoint","urlTemplate":"https:\/\/airporttelecom.com\/nl\/?s={search_term_string}"},"query-input":{"@type":"PropertyValueSpecification","valueRequired":true,"valueName":"search_term_string"}}],"inLanguage":"nl-NL"},{"@type":"Organization","@id":"https:\/\/airporttelecom.com\/nl\/#organization","name":"Airport Telecom","url":"https:\/\/airporttelecom.com\/nl\/","logo":{"@type":"ImageObject","inLanguage":"nl-NL","@id":"https:\/\/airporttelecom.com\/nl\/#\/schema\/logo\/image\/","url":"https:\/\/airporttelecom.com\/nl\/wp-content\/uploads\/sites\/4\/2024\/06\/icon.png","contentUrl":"https:\/\/airporttelecom.com\/nl\/wp-content\/uploads\/sites\/4\/2024\/06\/icon.png","width":110,"height":110,"caption":"Airport Telecom"},"image":{"@id":"https:\/\/airporttelecom.com\/nl\/#\/schema\/logo\/image\/"}}]}},"_links":{"self":[{"href":"https:\/\/airporttelecom.com\/nl\/wp-json\/wp\/v2\/product\/1604","targetHints":{"allow":["GET"]}}],"collection":[{"href":"https:\/\/airporttelecom.com\/nl\/wp-json\/wp\/v2\/product"}],"about":[{"href":"https:\/\/airporttelecom.com\/nl\/wp-json\/wp\/v2\/types\/product"}],"replies":[{"embeddable":true,"href":"https:\/\/airporttelecom.com\/nl\/wp-json\/wp\/v2\/comments?post=1604"}],"wp:featuredmedia":[{"embeddable":true,"href":"https:\/\/airporttelecom.com\/nl\/wp-json\/wp\/v2\/media\/698"}],"wp:attachment":[{"href":"https:\/\/airporttelecom.com\/nl\/wp-json\/wp\/v2\/media?parent=1604"}],"wp:term":[{"taxonomy":"product_brand","embeddable":true,"href":"https:\/\/airporttelecom.com\/nl\/wp-json\/wp\/v2\/product_brand?post=1604"},{"taxonomy":"product_cat","embeddable":true,"href":"https:\/\/airporttelecom.com\/nl\/wp-json\/wp\/v2\/product_cat?post=1604"},{"taxonomy":"product_tag","embeddable":true,"href":"https:\/\/airporttelecom.com\/nl\/wp-json\/wp\/v2\/product_tag?post=1604"}],"curies":[{"name":"wp","href":"https:\/\/api.w.org\/{rel}","templated":true}]}}