{"id":1610,"date":"2024-09-12T10:51:55","date_gmt":"2024-09-12T10:51:55","guid":{"rendered":"https:\/\/airporttelecom.outperforming.nl\/nl\/product\/esim-indonesie\/"},"modified":"2025-08-10T15:57:11","modified_gmt":"2025-08-10T15:57:11","slug":"esim-indonesie","status":"publish","type":"product","link":"https:\/\/airporttelecom.com\/nl\/esim\/indonesie\/","title":{"rendered":"eSIM Indonesie"},"content":{"rendered":"","protected":false},"excerpt":{"rendered":"","protected":false},"featured_media":695,"comment_status":"open","ping_status":"closed","template":"","meta":{"_acf_changed":false,"_monsterinsights_skip_tracking":false,"_monsterinsights_sitenote_active":false,"_monsterinsights_sitenote_note":"","_monsterinsights_sitenote_category":0},"product_brand":[],"product_cat":[16],"product_tag":[43],"class_list":{"0":"post-1610","1":"product","2":"type-product","3":"status-publish","4":"has-post-thumbnail","6":"product_cat-esim","7":"product_tag-esim-azie","9":"first","10":"instock","11":"taxable","12":"shipping-taxable","13":"purchasable","14":"product-type-variable","15":"has-default-attributes"},"acf":{"gebied_afbeelding":647,"vlag_afbeelding":263,"provider":["NEX"],"product_synoniemen":null,"product_bestel_velden":["vertrekdatum"],"product_omschrijving":"<h2><span data-contrast=\"none\">Mobiel bereikbaar met een eSIM voor Indonesi\u00eb<\/span><span data-ccp-props=\"{&quot;134245418&quot;:true,&quot;134245529&quot;:true,&quot;335559738&quot;:160,&quot;335559739&quot;:80}\">\u00a0<\/span><\/h2>\r\n<span data-contrast=\"auto\">Met een prepaid eSIM Indonesi\u00eb van Airport Telecom kunt u in heel Indonesi\u00eb gebruik maken van mobiel internet. U kunt kiezen uit verschillende data- en belbundels. Deze bundels zijn zeer geschikt voor internetgebruik en geven u via een snelle 4G\/5G verbinding toegang tot Email, Whatsapp, navigatie en andere internettoepassingen.<\/span><span data-ccp-props=\"{}\">\u00a0<\/span>\r\n<h2>Bundels voor data op reis in Indonesi\u00eb<\/h2>\r\n<span style=\"font-weight: 400\">De eSIMs voor Indonesi\u00eb zijn er met een Unlimited databundel van 7, 14 en 30 dagen:<\/span>\r\n<h3>Unlimited eSIM Indonesi\u00eb 7 dagen, \u20ac 24,=<\/h3>\r\n<h3>Unlimited eSIM Indonesi\u00eb 14 dagen, \u20ac 36,=<\/h3>\r\n<h3>Unlimited eSIM Indonesi\u00eb 30 dagen, \u20ac 69,=<\/h3>\r\n(*) Let alstublieft op de Fair Use Policy. Bij extreem datagebruik kan de provider de mogelijkheden van de (e)sim beperken. De Fair Use Policy gaat uit van \u00e9\u00e9n gebruiker per (e)sim. Bij normaal gebruik voor navigatie, email, zoeken op internet, Whatsapp berichten, Whatsapp bellen en apps als Instagram en Snapchat komt de Fair Use Policy niet in beeld. Dit kan wel bij bijvoorbeeld extreem veel YouTube, TikTok, streamingdiensten zoals Netflix en online TV kijken, en dit vooral in combinatie met het delen van de verbinding via hotspot of router\u00a0door meerdere personen. Bij overtreding van de Fair Use Policy worden geen aankoopbedragen terugbetaald.\r\n\r\n<span style=\"font-weight: 400\">De eSIMs voor Indonesi\u00eb hebben een uitstekende landelijke dekking via de 4G en 5G netwerken van AT&amp;T en T-Mobile. Er is geen registratie van de gebruiker nodig in Indonesi\u00eb. Bij aankomst in Indonesi\u00eb gaat het internet automatisch werken. De eSIM Indonesi\u00eb is geschikt voor tethering en kan dus ook worden gebruikt voor hotspot en MIFI.<\/span>\r\n<h2><span data-contrast=\"none\">Whatsapp met eSIM Indonesi\u00eb<\/span><span data-ccp-props=\"{&quot;134245418&quot;:true,&quot;134245529&quot;:true,&quot;335559738&quot;:160,&quot;335559739&quot;:80}\">\u00a0<\/span><\/h2>\r\n<span data-contrast=\"auto\">Alle gesprekken die via internet lopen zoals met Whatsapp, Skype en FaceTime zijn vanzelfsprekend ook mogelijk met de eSIMen voor Indonesi\u00eb U maakt dan gebruik van de databundel op de eSIM. Whatsapp kunt u altijd blijven gebruiken met uw eigen bestaande contacten, groepen en chats. Na het plaatsen van een prepaid eSIM kan Whatsapp vragen of u een nieuwe identiteit wilt aanmaken of dat alles bij het oude moet blijven. Kies dan voor het laatste en er veranderd niets. U kunt met Whatsapp dan gewoon berichten blijven versturen en bellen zoals u gewend bent.<\/span><span data-ccp-props=\"{}\">\u00a0<\/span>\r\n<h2>Dekking in Indonesi\u00eb<\/h2>\r\nIndonesi\u00eb bestaat uit meer dan 17.000 eilanden en ook hier biedt de <span class=\"TextRun SCXW62030245 BCX0\" lang=\"NL-NL\" xml:lang=\"NL-NL\" data-contrast=\"none\"><span class=\"SpellingError SCXW62030245 BCX0\">eSIM<\/span><\/span> een goede dekking. Zeker op het bekende eiland Java, met steden als Jakarta en Yogyakarta en niet te vergeten de prachtige Borobudur Tempel, vindt u perfecte dekking met de Airport Telecom <span class=\"TextRun SCXW62030245 BCX0\" lang=\"NL-NL\" xml:lang=\"NL-NL\" data-contrast=\"none\"><span class=\"SpellingError SCXW62030245 BCX0\">eSIM<\/span><\/span>. Ook op het geliefde Bali, op Lombok en de Gili eilanden kan u naast genieten van de heerlijke stranden ook genieten van een goede internetverbinding. Ideaal voor remote work. Zoekt u de prachtige natuur op die Indonesi\u00eb te bieden heeft, zoals Komodo National Park of Borneo met de bekende Orang-Oetans, houdt dan rekening met slechtere dekking in deze gebieden, omdat hier minder zendmasten staan om het natuurschoon te behouden. Ook in West Timor is er lagere dekking.\r\n<h2><span data-contrast=\"none\">Indonesi\u00eb eSIM ontvangen per email<\/span><span data-ccp-props=\"{&quot;201341983&quot;:0,&quot;335559739&quot;:0,&quot;335559740&quot;:240}\">\u00a0<\/span><\/h2>\r\n<span data-contrast=\"none\">De eSIM voor Indonesi\u00eb ontvangt u van ons per email. Dat gaat heel snel en het kan ook wanneer u al in Indonesi\u00eb bent of als u op zeer korte termijn vertrekt.<\/span><span data-ccp-props=\"{&quot;201341983&quot;:0,&quot;335559739&quot;:0,&quot;335559740&quot;:240}\">\u00a0<\/span>","product_specificaties":"<h2>Internet met eSIM Indonesi\u00eb<\/h2>\r\n<span style=\"font-weight: 400\">Er zijn drie varianten van de eSIM Indonesi\u00eb:<\/span>\r\n<h3>Unlimited eSIM Indonesi\u00eb 7 dagen, \u20ac 24,=<\/h3>\r\n<ul>\r\n \t<li style=\"font-weight: 400\"><span style=\"font-weight: 400\">Onbeperkt data in heel Indonesi\u00eb*<\/span><\/li>\r\n \t<li style=\"font-weight: 400\"><span style=\"font-weight: 400\">Bundel 7 dagen geldig. Opwaarderen kan via deze website.<\/span><\/li>\r\n<\/ul>\r\n<h3>Unlimited eSIM Indonesi\u00eb 14 dagen, \u20ac 36,=<\/h3>\r\n<ul>\r\n \t<li style=\"font-weight: 400\"><span style=\"font-weight: 400\">Onbeperkt data in heel Indonesi\u00eb*<\/span><\/li>\r\n \t<li style=\"font-weight: 400\"><span style=\"font-weight: 400\">Bundel 14 dagen geldig. Opwaarderen kan via deze website.<\/span><\/li>\r\n<\/ul>\r\n<h3>Unlimited eSIM Indonesi\u00eb 30 dagen, \u20ac 69,=<\/h3>\r\n<ul>\r\n \t<li style=\"font-weight: 400\"><span style=\"font-weight: 400\">Onbeperkt data in heel Indonesi\u00eb*<\/span><\/li>\r\n \t<li style=\"font-weight: 400\"><span style=\"font-weight: 400\">Bundel 30 dagen geldig. Opwaarderen kan via deze website.<\/span><\/li>\r\n<\/ul>\r\n<span style=\"font-weight: 400\">(*) Er is een Fair Use Policy. Bij extreem datagebruik kan de provider in Indonesi\u00eb de mogelijkheden van de sim beperken.<\/span>","product_handleiding":"","product_veelgestelde_vragen":[{"vraag":"Welke esim in Indonesi\u00eb gebruiken? ","antwoord":"Bij een kort verblijf van een paar dagen heeft u waarschijnlijk niet zoveel data nodig. De 10GB databundel voor Indonesi\u00eb kan dan voldoende zijn. Applicaties zoals Whatsapp, Instagram en navigatie verbruiken niet veel data. Blijft u langer dan kan het handig zijn om voor Unlimited te kiezen zodat u zeker voldoende data heeft. "},{"vraag":"Waar koop je een esim voor Indonesi\u00eb? ","antwoord":"Een esim voor Indonesi\u00eb koop je online bij Airport Telecom. De eSIM ontvang je per email. Het is een QR code die moet worden ingescand met de telefoon. Dit kan dus ook wanneer je al in Indonesi\u00eb bent of als je op zeer korte termijn vertrekt. "}]},"yoast_head":"<!-- This site is optimized with the Yoast SEO Premium plugin v24.4 (Yoast SEO v26.9) - https:\/\/yoast.com\/product\/yoast-seo-premium-wordpress\/ -->\n<title>eSIM Indonesie kopen voor prepaid (onbeperkt) bellen en internet - Airport Telecom NL<\/title>\n<meta name=\"description\" content=\"Op zoek naar een prepaid eSIM Indonesie voor (onbeperkt) bellen en internet? Optimaal bereikbaar op reis in eSIM Azi\u00eb. Nu al te koop vanaf !\" \/>\n<meta name=\"robots\" content=\"index, follow, max-snippet:-1, max-image-preview:large, max-video-preview:-1\" \/>\n<link rel=\"canonical\" href=\"https:\/\/airporttelecom.com\/nl\/esim\/indonesie\/\" \/>\n<meta property=\"og:locale\" content=\"nl_NL\" \/>\n<meta property=\"og:type\" content=\"article\" \/>\n<meta property=\"og:title\" content=\"eSIM Indonesie\" \/>\n<meta property=\"og:description\" content=\"Op zoek naar een prepaid eSIM Indonesie voor (onbeperkt) bellen en internet? Optimaal bereikbaar op reis in eSIM Azi\u00eb. Nu al te koop vanaf !\" \/>\n<meta property=\"og:url\" content=\"https:\/\/airporttelecom.com\/nl\/esim\/indonesie\/\" \/>\n<meta property=\"og:site_name\" content=\"Airport Telecom NL\" \/>\n<meta property=\"article:modified_time\" content=\"2025-08-10T15:57:11+00:00\" \/>\n<meta property=\"og:image\" content=\"https:\/\/airporttelecom.com\/nl\/wp-content\/uploads\/sites\/4\/2024\/06\/Simkaart-Indonesie.png?wsr\" \/>\n\t<meta property=\"og:image:width\" content=\"800\" \/>\n\t<meta property=\"og:image:height\" content=\"319\" \/>\n\t<meta property=\"og:image:type\" content=\"image\/png\" \/>\n<meta name=\"twitter:card\" content=\"summary_large_image\" \/>\n<meta name=\"twitter:label1\" content=\"Geschatte leestijd\" \/>\n\t<meta name=\"twitter:data1\" content=\"1 minuut\" \/>\n<script type=\"application\/ld+json\" class=\"yoast-schema-graph\">{\"@context\":\"https:\/\/schema.org\",\"@graph\":[{\"@type\":\"WebPage\",\"@id\":\"https:\/\/airporttelecom.com\/nl\/esim\/indonesie\/\",\"url\":\"https:\/\/airporttelecom.com\/nl\/esim\/indonesie\/\",\"name\":\"eSIM Indonesie kopen voor prepaid (onbeperkt) bellen en internet - Airport Telecom NL\",\"isPartOf\":{\"@id\":\"https:\/\/airporttelecom.com\/nl\/#website\"},\"primaryImageOfPage\":{\"@id\":\"https:\/\/airporttelecom.com\/nl\/esim\/indonesie\/#primaryimage\"},\"image\":{\"@id\":\"https:\/\/airporttelecom.com\/nl\/esim\/indonesie\/#primaryimage\"},\"thumbnailUrl\":\"https:\/\/airporttelecom.com\/nl\/wp-content\/uploads\/sites\/4\/2024\/06\/Simkaart-Indonesie.png\",\"datePublished\":\"2024-09-12T10:51:55+00:00\",\"dateModified\":\"2025-08-10T15:57:11+00:00\",\"description\":\"Op zoek naar een prepaid eSIM Indonesie voor (onbeperkt) bellen en internet? Optimaal bereikbaar op reis in eSIM Azi\u00eb. Nu al te koop vanaf !\",\"breadcrumb\":{\"@id\":\"https:\/\/airporttelecom.com\/nl\/esim\/indonesie\/#breadcrumb\"},\"inLanguage\":\"nl-NL\",\"potentialAction\":[{\"@type\":\"ReadAction\",\"target\":[\"https:\/\/airporttelecom.com\/nl\/esim\/indonesie\/\"]}]},{\"@type\":\"ImageObject\",\"inLanguage\":\"nl-NL\",\"@id\":\"https:\/\/airporttelecom.com\/nl\/esim\/indonesie\/#primaryimage\",\"url\":\"https:\/\/airporttelecom.com\/nl\/wp-content\/uploads\/sites\/4\/2024\/06\/Simkaart-Indonesie.png\",\"contentUrl\":\"https:\/\/airporttelecom.com\/nl\/wp-content\/uploads\/sites\/4\/2024\/06\/Simkaart-Indonesie.png\",\"width\":800,\"height\":319,\"caption\":\"Simkaart Indonesie\"},{\"@type\":\"BreadcrumbList\",\"@id\":\"https:\/\/airporttelecom.com\/nl\/esim\/indonesie\/#breadcrumb\",\"itemListElement\":[{\"@type\":\"ListItem\",\"position\":1,\"name\":\"Home\",\"item\":\"https:\/\/airporttelecom.com\/nl\/\"},{\"@type\":\"ListItem\",\"position\":2,\"name\":\"eSIM\",\"item\":\"https:\/\/airporttelecom.com\/nl\/esim\/\"},{\"@type\":\"ListItem\",\"position\":3,\"name\":\"Indonesie\"}]},{\"@type\":\"WebSite\",\"@id\":\"https:\/\/airporttelecom.com\/nl\/#website\",\"url\":\"https:\/\/airporttelecom.com\/nl\/\",\"name\":\"Airport Telecom\",\"description\":\"\",\"publisher\":{\"@id\":\"https:\/\/airporttelecom.com\/nl\/#organization\"},\"potentialAction\":[{\"@type\":\"SearchAction\",\"target\":{\"@type\":\"EntryPoint\",\"urlTemplate\":\"https:\/\/airporttelecom.com\/nl\/?s={search_term_string}\"},\"query-input\":{\"@type\":\"PropertyValueSpecification\",\"valueRequired\":true,\"valueName\":\"search_term_string\"}}],\"inLanguage\":\"nl-NL\"},{\"@type\":\"Organization\",\"@id\":\"https:\/\/airporttelecom.com\/nl\/#organization\",\"name\":\"Airport Telecom\",\"url\":\"https:\/\/airporttelecom.com\/nl\/\",\"logo\":{\"@type\":\"ImageObject\",\"inLanguage\":\"nl-NL\",\"@id\":\"https:\/\/airporttelecom.com\/nl\/#\/schema\/logo\/image\/\",\"url\":\"https:\/\/airporttelecom.com\/nl\/wp-content\/uploads\/sites\/4\/2024\/06\/icon.png\",\"contentUrl\":\"https:\/\/airporttelecom.com\/nl\/wp-content\/uploads\/sites\/4\/2024\/06\/icon.png\",\"width\":110,\"height\":110,\"caption\":\"Airport Telecom\"},\"image\":{\"@id\":\"https:\/\/airporttelecom.com\/nl\/#\/schema\/logo\/image\/\"}}]}<\/script>\n<!-- \/ Yoast SEO Premium plugin. -->","yoast_head_json":{"title":"eSIM Indonesie kopen voor prepaid (onbeperkt) bellen en internet - Airport Telecom NL","description":"Op zoek naar een prepaid eSIM Indonesie voor (onbeperkt) bellen en internet? Optimaal bereikbaar op reis in eSIM Azi\u00eb. Nu al te koop vanaf !","robots":{"index":"index","follow":"follow","max-snippet":"max-snippet:-1","max-image-preview":"max-image-preview:large","max-video-preview":"max-video-preview:-1"},"canonical":"https:\/\/airporttelecom.com\/nl\/esim\/indonesie\/","og_locale":"nl_NL","og_type":"article","og_title":"eSIM Indonesie","og_description":"Op zoek naar een prepaid eSIM Indonesie voor (onbeperkt) bellen en internet? Optimaal bereikbaar op reis in eSIM Azi\u00eb. Nu al te koop vanaf !","og_url":"https:\/\/airporttelecom.com\/nl\/esim\/indonesie\/","og_site_name":"Airport Telecom NL","article_modified_time":"2025-08-10T15:57:11+00:00","og_image":[{"width":800,"height":319,"url":"https:\/\/airporttelecom.com\/nl\/wp-content\/uploads\/sites\/4\/2024\/06\/Simkaart-Indonesie.png?wsr","type":"image\/png"}],"twitter_card":"summary_large_image","twitter_misc":{"Geschatte leestijd":"1 minuut"},"schema":{"@context":"https:\/\/schema.org","@graph":[{"@type":"WebPage","@id":"https:\/\/airporttelecom.com\/nl\/esim\/indonesie\/","url":"https:\/\/airporttelecom.com\/nl\/esim\/indonesie\/","name":"eSIM Indonesie kopen voor prepaid (onbeperkt) bellen en internet - Airport Telecom NL","isPartOf":{"@id":"https:\/\/airporttelecom.com\/nl\/#website"},"primaryImageOfPage":{"@id":"https:\/\/airporttelecom.com\/nl\/esim\/indonesie\/#primaryimage"},"image":{"@id":"https:\/\/airporttelecom.com\/nl\/esim\/indonesie\/#primaryimage"},"thumbnailUrl":"https:\/\/airporttelecom.com\/nl\/wp-content\/uploads\/sites\/4\/2024\/06\/Simkaart-Indonesie.png","datePublished":"2024-09-12T10:51:55+00:00","dateModified":"2025-08-10T15:57:11+00:00","description":"Op zoek naar een prepaid eSIM Indonesie voor (onbeperkt) bellen en internet? Optimaal bereikbaar op reis in eSIM Azi\u00eb. Nu al te koop vanaf !","breadcrumb":{"@id":"https:\/\/airporttelecom.com\/nl\/esim\/indonesie\/#breadcrumb"},"inLanguage":"nl-NL","potentialAction":[{"@type":"ReadAction","target":["https:\/\/airporttelecom.com\/nl\/esim\/indonesie\/"]}]},{"@type":"ImageObject","inLanguage":"nl-NL","@id":"https:\/\/airporttelecom.com\/nl\/esim\/indonesie\/#primaryimage","url":"https:\/\/airporttelecom.com\/nl\/wp-content\/uploads\/sites\/4\/2024\/06\/Simkaart-Indonesie.png","contentUrl":"https:\/\/airporttelecom.com\/nl\/wp-content\/uploads\/sites\/4\/2024\/06\/Simkaart-Indonesie.png","width":800,"height":319,"caption":"Simkaart Indonesie"},{"@type":"BreadcrumbList","@id":"https:\/\/airporttelecom.com\/nl\/esim\/indonesie\/#breadcrumb","itemListElement":[{"@type":"ListItem","position":1,"name":"Home","item":"https:\/\/airporttelecom.com\/nl\/"},{"@type":"ListItem","position":2,"name":"eSIM","item":"https:\/\/airporttelecom.com\/nl\/esim\/"},{"@type":"ListItem","position":3,"name":"Indonesie"}]},{"@type":"WebSite","@id":"https:\/\/airporttelecom.com\/nl\/#website","url":"https:\/\/airporttelecom.com\/nl\/","name":"Airport Telecom","description":"","publisher":{"@id":"https:\/\/airporttelecom.com\/nl\/#organization"},"potentialAction":[{"@type":"SearchAction","target":{"@type":"EntryPoint","urlTemplate":"https:\/\/airporttelecom.com\/nl\/?s={search_term_string}"},"query-input":{"@type":"PropertyValueSpecification","valueRequired":true,"valueName":"search_term_string"}}],"inLanguage":"nl-NL"},{"@type":"Organization","@id":"https:\/\/airporttelecom.com\/nl\/#organization","name":"Airport Telecom","url":"https:\/\/airporttelecom.com\/nl\/","logo":{"@type":"ImageObject","inLanguage":"nl-NL","@id":"https:\/\/airporttelecom.com\/nl\/#\/schema\/logo\/image\/","url":"https:\/\/airporttelecom.com\/nl\/wp-content\/uploads\/sites\/4\/2024\/06\/icon.png","contentUrl":"https:\/\/airporttelecom.com\/nl\/wp-content\/uploads\/sites\/4\/2024\/06\/icon.png","width":110,"height":110,"caption":"Airport Telecom"},"image":{"@id":"https:\/\/airporttelecom.com\/nl\/#\/schema\/logo\/image\/"}}]}},"_links":{"self":[{"href":"https:\/\/airporttelecom.com\/nl\/wp-json\/wp\/v2\/product\/1610","targetHints":{"allow":["GET"]}}],"collection":[{"href":"https:\/\/airporttelecom.com\/nl\/wp-json\/wp\/v2\/product"}],"about":[{"href":"https:\/\/airporttelecom.com\/nl\/wp-json\/wp\/v2\/types\/product"}],"replies":[{"embeddable":true,"href":"https:\/\/airporttelecom.com\/nl\/wp-json\/wp\/v2\/comments?post=1610"}],"wp:featuredmedia":[{"embeddable":true,"href":"https:\/\/airporttelecom.com\/nl\/wp-json\/wp\/v2\/media\/695"}],"wp:attachment":[{"href":"https:\/\/airporttelecom.com\/nl\/wp-json\/wp\/v2\/media?parent=1610"}],"wp:term":[{"taxonomy":"product_brand","embeddable":true,"href":"https:\/\/airporttelecom.com\/nl\/wp-json\/wp\/v2\/product_brand?post=1610"},{"taxonomy":"product_cat","embeddable":true,"href":"https:\/\/airporttelecom.com\/nl\/wp-json\/wp\/v2\/product_cat?post=1610"},{"taxonomy":"product_tag","embeddable":true,"href":"https:\/\/airporttelecom.com\/nl\/wp-json\/wp\/v2\/product_tag?post=1610"}],"curies":[{"name":"wp","href":"https:\/\/api.w.org\/{rel}","templated":true}]}}