{"id":1627,"date":"2024-09-12T10:51:58","date_gmt":"2024-09-12T10:51:58","guid":{"rendered":"https:\/\/airporttelecom.outperforming.nl\/nl\/product\/esim-israel\/"},"modified":"2025-08-10T15:55:51","modified_gmt":"2025-08-10T15:55:51","slug":"esim-israel","status":"publish","type":"product","link":"https:\/\/airporttelecom.com\/nl\/esim\/israel\/","title":{"rendered":"eSIM Israel"},"content":{"rendered":"","protected":false},"excerpt":{"rendered":"","protected":false},"featured_media":694,"comment_status":"open","ping_status":"closed","template":"","meta":{"_acf_changed":false,"_monsterinsights_skip_tracking":false,"_monsterinsights_sitenote_active":false,"_monsterinsights_sitenote_note":"","_monsterinsights_sitenote_category":0},"product_brand":[],"product_cat":[16],"product_tag":[22,45],"class_list":{"0":"post-1627","1":"product","2":"type-product","3":"status-publish","4":"has-post-thumbnail","6":"product_cat-esim","7":"product_tag-esim-europa","8":"product_tag-esim-midden-oosten","10":"first","11":"instock","12":"taxable","13":"shipping-taxable","14":"purchasable","15":"product-type-variable","16":"has-default-attributes"},"acf":{"gebied_afbeelding":853,"vlag_afbeelding":252,"provider":["BIC","NEX"],"product_synoniemen":null,"product_bestel_velden":"","product_omschrijving":"<h2>Mobiel internet in Isra\u00ebl met eSIM Isra\u00ebl<\/h2>\r\n<span style=\"font-weight: 400\">Met de Unlimited eSIM Isra\u00ebl van Airport Telecom kunt u in heel Isra\u00ebl gebruik maken van mobiel internet. De eSIM is zeer geschikt voor internetgebruik en geeft via een snelle 4G\/5G verbinding toegang tot Email, Whatsapp, navigatie en andere internettoepassingen. Kies zelf voor hoe lang de Unlimited bundel nodig is: 7 dagen, 14 dagen of 30 dagen.<\/span>\r\n<h2>Bundels voor data op reis in Isra\u00ebl<\/h2>\r\n<span style=\"font-weight: 400\">De eSIMs voor Isra\u00ebl zijn er met een Unlimited databundel van 7, 14 en 30 dagen:<\/span>\r\n<h3>Unlimited eSIM Isra\u00ebl 7 dagen, \u20ac 29,=<\/h3>\r\n<h3>Unlimited eSIM Isra\u00ebl 14 dagen, \u20ac 49,=<\/h3>\r\n<h3>Unlimited eSIM Isra\u00ebl 30 dagen, \u20ac 89,=<\/h3>\r\n(*) Let alstublieft op de Fair Use Policy. Bij extreem datagebruik kan de provider de mogelijkheden van de (e)sim beperken. De Fair Use Policy gaat uit van \u00e9\u00e9n gebruiker per (e)sim. Bij normaal gebruik voor navigatie, email, zoeken op internet, Whatsapp berichten, Whatsapp bellen en apps als Instagram en Snapchat komt de Fair Use Policy niet in beeld. Dit kan wel bij bijvoorbeeld extreem veel YouTube, TikTok, streamingdiensten zoals Netflix en online TV kijken, en dit vooral in combinatie met het delen van de verbinding via hotspot of router\u00a0door meerdere personen. Bij overtreding van de Fair Use Policy worden geen aankoopbedragen terugbetaald.\r\n\r\n<span style=\"font-weight: 400\">De eSIMs voor Isra\u00ebl hebben een uitstekende landelijke dekking via de 4G en 5G netwerken van AT&amp;T en T-Mobile. Er is geen registratie van de gebruiker nodig in Isra\u00ebl. Bij aankomst in Isra\u00ebl gaat het internet automatisch werken. De eSIM Isra\u00ebl is geschikt voor tethering en kan dus ook worden gebruikt voor hotspot en MIFI.<\/span>\r\n<h2>Whatsapp met eSIM Israel<\/h2>\r\nAlle gesprekken die via internet lopen zoals met Whatsapp, Skype en FaceTime zijn vanzelfsprekend ook mogelijk met de eSIMs voor Israel U maakt dan gebruik van de databundel op de eSIM. Whatsapp kunt u altijd blijven gebruiken met uw eigen bestaande contacten, groepen en chats. Na het plaatsen van een prepaid eSIM kan Whatsapp vragen of u een nieuwe identiteit wilt aanmaken of dat alles bij het oude moet blijven. Kies dan voor het laatste en er veranderd niets. U kunt met Whatsapp dan gewoon berichten blijven versturen en bellen zoals u gewend bent.\r\n<h2>Dekking in Isra\u00ebl<\/h2>\r\nDekking van de mobiele netwerken is over het algemeen uitstekend in Isra\u00ebl. Dat geldt zeker in de grote steden zoals Jeruzalem. In zeer afgelegen natuurgebieden kan er wat minder dekking zijn. Verder is er in alle dorpen en steden goed bereik met de simkaart voor Isra\u00ebl.\r\n<h2>Simkaart voor Isra\u00ebl kopen<\/h2>\r\nDe eSIM Israel ontvangt U na bestelling van ons per email. Heel makkelijk en het kan ook wanneer U al in Israel bent of als U op zeer korte termijn vertrekt.","product_specificaties":"<h2>Internet met eSIM Isra\u00ebl<\/h2>\r\n<span style=\"font-weight: 400\">Er zijn drie varianten van de eSIM Isra\u00ebl:<\/span>\r\n<h3>Unlimited eSIM Isra\u00ebl 7 dagen, \u20ac 29,=<\/h3>\r\n<ul>\r\n \t<li style=\"font-weight: 400\"><span style=\"font-weight: 400\">Onbeperkt data in heel Isra\u00ebl*<\/span><\/li>\r\n \t<li style=\"font-weight: 400\"><span style=\"font-weight: 400\">Bundel 7 dagen geldig. Opwaarderen kan via deze website.<\/span><\/li>\r\n<\/ul>\r\n<h3>Unlimited eSIM Isra\u00ebl 14 dagen, \u20ac 49,=<\/h3>\r\n<ul>\r\n \t<li style=\"font-weight: 400\"><span style=\"font-weight: 400\">Onbeperkt data in heel Isra\u00ebl*<\/span><\/li>\r\n \t<li style=\"font-weight: 400\"><span style=\"font-weight: 400\">Bundel 14 dagen geldig. Opwaarderen kan via deze website.<\/span><\/li>\r\n<\/ul>\r\n<h3>Unlimited eSIM Isra\u00ebl 30 dagen, \u20ac 89,=<\/h3>\r\n<ul>\r\n \t<li style=\"font-weight: 400\"><span style=\"font-weight: 400\">Onbeperkt data in heel Isra\u00ebl*<\/span><\/li>\r\n \t<li style=\"font-weight: 400\"><span style=\"font-weight: 400\">Bundel 30 dagen geldig. Opwaarderen kan via deze website.<\/span><\/li>\r\n<\/ul>\r\n<span style=\"font-weight: 400\">(*) Er is een Fair Use Policy. Bij extreem datagebruik kan de provider in Isra\u00ebl de mogelijkheden van de sim beperken.<\/span>","product_handleiding":"","product_veelgestelde_vragen":[{"vraag":"Welke esim in Israel gebruiken?","antwoord":"Bij een kort verblijf van een paar dagen heeft u waarschijnlijk niet zoveel data nodig. De 3GB of 6GB databundel voor Israel kan dan voldoende zijn. Applicaties zoals Whatsapp, Instagram en navigatie verbruiken niet veel data. Blijft u langer dan kan het handig zijn om voor Unlimited te kiezen zodat u zeker voldoende data heeft."},{"vraag":"Waar koop je een esim voor Israel?","antwoord":"Een esim voor Israel koop je online bij Airport Telecom. De eSIM ontvang je per email. Het is een QR code die moet worden ingescand met de telefoon. Dit kan dus ook wanneer je al in Israel bent of als je op zeer korte termijn vertrekt."}]},"yoast_head":"<!-- This site is optimized with the Yoast SEO Premium plugin v24.4 (Yoast SEO v26.9) - https:\/\/yoast.com\/product\/yoast-seo-premium-wordpress\/ -->\n<title>eSIM Israel kopen voor prepaid (onbeperkt) bellen en internet - Airport Telecom NL<\/title>\n<meta name=\"description\" content=\"Op zoek naar een prepaid eSIM Israel voor (onbeperkt) bellen en internet? Optimaal bereikbaar op reis in eSIM Europa, eSIM Midden Oosten. Nu al te koop vanaf !\" \/>\n<meta name=\"robots\" content=\"index, follow, max-snippet:-1, max-image-preview:large, max-video-preview:-1\" \/>\n<link rel=\"canonical\" href=\"https:\/\/airporttelecom.com\/nl\/esim\/israel\/\" \/>\n<meta property=\"og:locale\" content=\"nl_NL\" \/>\n<meta property=\"og:type\" content=\"article\" \/>\n<meta property=\"og:title\" content=\"eSIM Israel\" \/>\n<meta property=\"og:description\" content=\"Op zoek naar een prepaid eSIM Israel voor (onbeperkt) bellen en internet? Optimaal bereikbaar op reis in eSIM Europa, eSIM Midden Oosten. Nu al te koop vanaf !\" \/>\n<meta property=\"og:url\" content=\"https:\/\/airporttelecom.com\/nl\/esim\/israel\/\" \/>\n<meta property=\"og:site_name\" content=\"Airport Telecom NL\" \/>\n<meta property=\"article:modified_time\" content=\"2025-08-10T15:55:51+00:00\" \/>\n<meta property=\"og:image\" content=\"https:\/\/airporttelecom.com\/nl\/wp-content\/uploads\/sites\/4\/2024\/06\/Simkaart-Israel.png?wsr\" \/>\n\t<meta property=\"og:image:width\" content=\"800\" \/>\n\t<meta property=\"og:image:height\" content=\"319\" \/>\n\t<meta property=\"og:image:type\" content=\"image\/png\" \/>\n<meta name=\"twitter:card\" content=\"summary_large_image\" \/>\n<meta name=\"twitter:label1\" content=\"Geschatte leestijd\" \/>\n\t<meta name=\"twitter:data1\" content=\"1 minuut\" \/>\n<script type=\"application\/ld+json\" class=\"yoast-schema-graph\">{\"@context\":\"https:\/\/schema.org\",\"@graph\":[{\"@type\":\"WebPage\",\"@id\":\"https:\/\/airporttelecom.com\/nl\/esim\/israel\/\",\"url\":\"https:\/\/airporttelecom.com\/nl\/esim\/israel\/\",\"name\":\"eSIM Israel kopen voor prepaid (onbeperkt) bellen en internet - Airport Telecom NL\",\"isPartOf\":{\"@id\":\"https:\/\/airporttelecom.com\/nl\/#website\"},\"primaryImageOfPage\":{\"@id\":\"https:\/\/airporttelecom.com\/nl\/esim\/israel\/#primaryimage\"},\"image\":{\"@id\":\"https:\/\/airporttelecom.com\/nl\/esim\/israel\/#primaryimage\"},\"thumbnailUrl\":\"https:\/\/airporttelecom.com\/nl\/wp-content\/uploads\/sites\/4\/2024\/06\/Simkaart-Israel.png\",\"datePublished\":\"2024-09-12T10:51:58+00:00\",\"dateModified\":\"2025-08-10T15:55:51+00:00\",\"description\":\"Op zoek naar een prepaid eSIM Israel voor (onbeperkt) bellen en internet? Optimaal bereikbaar op reis in eSIM Europa, eSIM Midden Oosten. Nu al te koop vanaf !\",\"breadcrumb\":{\"@id\":\"https:\/\/airporttelecom.com\/nl\/esim\/israel\/#breadcrumb\"},\"inLanguage\":\"nl-NL\",\"potentialAction\":[{\"@type\":\"ReadAction\",\"target\":[\"https:\/\/airporttelecom.com\/nl\/esim\/israel\/\"]}]},{\"@type\":\"ImageObject\",\"inLanguage\":\"nl-NL\",\"@id\":\"https:\/\/airporttelecom.com\/nl\/esim\/israel\/#primaryimage\",\"url\":\"https:\/\/airporttelecom.com\/nl\/wp-content\/uploads\/sites\/4\/2024\/06\/Simkaart-Israel.png\",\"contentUrl\":\"https:\/\/airporttelecom.com\/nl\/wp-content\/uploads\/sites\/4\/2024\/06\/Simkaart-Israel.png\",\"width\":800,\"height\":319,\"caption\":\"Simkaart Israel\"},{\"@type\":\"BreadcrumbList\",\"@id\":\"https:\/\/airporttelecom.com\/nl\/esim\/israel\/#breadcrumb\",\"itemListElement\":[{\"@type\":\"ListItem\",\"position\":1,\"name\":\"Home\",\"item\":\"https:\/\/airporttelecom.com\/nl\/\"},{\"@type\":\"ListItem\",\"position\":2,\"name\":\"eSIM\",\"item\":\"https:\/\/airporttelecom.com\/nl\/esim\/\"},{\"@type\":\"ListItem\",\"position\":3,\"name\":\"Israel\"}]},{\"@type\":\"WebSite\",\"@id\":\"https:\/\/airporttelecom.com\/nl\/#website\",\"url\":\"https:\/\/airporttelecom.com\/nl\/\",\"name\":\"Airport Telecom\",\"description\":\"\",\"publisher\":{\"@id\":\"https:\/\/airporttelecom.com\/nl\/#organization\"},\"potentialAction\":[{\"@type\":\"SearchAction\",\"target\":{\"@type\":\"EntryPoint\",\"urlTemplate\":\"https:\/\/airporttelecom.com\/nl\/?s={search_term_string}\"},\"query-input\":{\"@type\":\"PropertyValueSpecification\",\"valueRequired\":true,\"valueName\":\"search_term_string\"}}],\"inLanguage\":\"nl-NL\"},{\"@type\":\"Organization\",\"@id\":\"https:\/\/airporttelecom.com\/nl\/#organization\",\"name\":\"Airport Telecom\",\"url\":\"https:\/\/airporttelecom.com\/nl\/\",\"logo\":{\"@type\":\"ImageObject\",\"inLanguage\":\"nl-NL\",\"@id\":\"https:\/\/airporttelecom.com\/nl\/#\/schema\/logo\/image\/\",\"url\":\"https:\/\/airporttelecom.com\/nl\/wp-content\/uploads\/sites\/4\/2024\/06\/icon.png\",\"contentUrl\":\"https:\/\/airporttelecom.com\/nl\/wp-content\/uploads\/sites\/4\/2024\/06\/icon.png\",\"width\":110,\"height\":110,\"caption\":\"Airport Telecom\"},\"image\":{\"@id\":\"https:\/\/airporttelecom.com\/nl\/#\/schema\/logo\/image\/\"}}]}<\/script>\n<!-- \/ Yoast SEO Premium plugin. -->","yoast_head_json":{"title":"eSIM Israel kopen voor prepaid (onbeperkt) bellen en internet - Airport Telecom NL","description":"Op zoek naar een prepaid eSIM Israel voor (onbeperkt) bellen en internet? Optimaal bereikbaar op reis in eSIM Europa, eSIM Midden Oosten. Nu al te koop vanaf !","robots":{"index":"index","follow":"follow","max-snippet":"max-snippet:-1","max-image-preview":"max-image-preview:large","max-video-preview":"max-video-preview:-1"},"canonical":"https:\/\/airporttelecom.com\/nl\/esim\/israel\/","og_locale":"nl_NL","og_type":"article","og_title":"eSIM Israel","og_description":"Op zoek naar een prepaid eSIM Israel voor (onbeperkt) bellen en internet? Optimaal bereikbaar op reis in eSIM Europa, eSIM Midden Oosten. Nu al te koop vanaf !","og_url":"https:\/\/airporttelecom.com\/nl\/esim\/israel\/","og_site_name":"Airport Telecom NL","article_modified_time":"2025-08-10T15:55:51+00:00","og_image":[{"width":800,"height":319,"url":"https:\/\/airporttelecom.com\/nl\/wp-content\/uploads\/sites\/4\/2024\/06\/Simkaart-Israel.png?wsr","type":"image\/png"}],"twitter_card":"summary_large_image","twitter_misc":{"Geschatte leestijd":"1 minuut"},"schema":{"@context":"https:\/\/schema.org","@graph":[{"@type":"WebPage","@id":"https:\/\/airporttelecom.com\/nl\/esim\/israel\/","url":"https:\/\/airporttelecom.com\/nl\/esim\/israel\/","name":"eSIM Israel kopen voor prepaid (onbeperkt) bellen en internet - Airport Telecom NL","isPartOf":{"@id":"https:\/\/airporttelecom.com\/nl\/#website"},"primaryImageOfPage":{"@id":"https:\/\/airporttelecom.com\/nl\/esim\/israel\/#primaryimage"},"image":{"@id":"https:\/\/airporttelecom.com\/nl\/esim\/israel\/#primaryimage"},"thumbnailUrl":"https:\/\/airporttelecom.com\/nl\/wp-content\/uploads\/sites\/4\/2024\/06\/Simkaart-Israel.png","datePublished":"2024-09-12T10:51:58+00:00","dateModified":"2025-08-10T15:55:51+00:00","description":"Op zoek naar een prepaid eSIM Israel voor (onbeperkt) bellen en internet? Optimaal bereikbaar op reis in eSIM Europa, eSIM Midden Oosten. Nu al te koop vanaf !","breadcrumb":{"@id":"https:\/\/airporttelecom.com\/nl\/esim\/israel\/#breadcrumb"},"inLanguage":"nl-NL","potentialAction":[{"@type":"ReadAction","target":["https:\/\/airporttelecom.com\/nl\/esim\/israel\/"]}]},{"@type":"ImageObject","inLanguage":"nl-NL","@id":"https:\/\/airporttelecom.com\/nl\/esim\/israel\/#primaryimage","url":"https:\/\/airporttelecom.com\/nl\/wp-content\/uploads\/sites\/4\/2024\/06\/Simkaart-Israel.png","contentUrl":"https:\/\/airporttelecom.com\/nl\/wp-content\/uploads\/sites\/4\/2024\/06\/Simkaart-Israel.png","width":800,"height":319,"caption":"Simkaart Israel"},{"@type":"BreadcrumbList","@id":"https:\/\/airporttelecom.com\/nl\/esim\/israel\/#breadcrumb","itemListElement":[{"@type":"ListItem","position":1,"name":"Home","item":"https:\/\/airporttelecom.com\/nl\/"},{"@type":"ListItem","position":2,"name":"eSIM","item":"https:\/\/airporttelecom.com\/nl\/esim\/"},{"@type":"ListItem","position":3,"name":"Israel"}]},{"@type":"WebSite","@id":"https:\/\/airporttelecom.com\/nl\/#website","url":"https:\/\/airporttelecom.com\/nl\/","name":"Airport Telecom","description":"","publisher":{"@id":"https:\/\/airporttelecom.com\/nl\/#organization"},"potentialAction":[{"@type":"SearchAction","target":{"@type":"EntryPoint","urlTemplate":"https:\/\/airporttelecom.com\/nl\/?s={search_term_string}"},"query-input":{"@type":"PropertyValueSpecification","valueRequired":true,"valueName":"search_term_string"}}],"inLanguage":"nl-NL"},{"@type":"Organization","@id":"https:\/\/airporttelecom.com\/nl\/#organization","name":"Airport Telecom","url":"https:\/\/airporttelecom.com\/nl\/","logo":{"@type":"ImageObject","inLanguage":"nl-NL","@id":"https:\/\/airporttelecom.com\/nl\/#\/schema\/logo\/image\/","url":"https:\/\/airporttelecom.com\/nl\/wp-content\/uploads\/sites\/4\/2024\/06\/icon.png","contentUrl":"https:\/\/airporttelecom.com\/nl\/wp-content\/uploads\/sites\/4\/2024\/06\/icon.png","width":110,"height":110,"caption":"Airport Telecom"},"image":{"@id":"https:\/\/airporttelecom.com\/nl\/#\/schema\/logo\/image\/"}}]}},"_links":{"self":[{"href":"https:\/\/airporttelecom.com\/nl\/wp-json\/wp\/v2\/product\/1627","targetHints":{"allow":["GET"]}}],"collection":[{"href":"https:\/\/airporttelecom.com\/nl\/wp-json\/wp\/v2\/product"}],"about":[{"href":"https:\/\/airporttelecom.com\/nl\/wp-json\/wp\/v2\/types\/product"}],"replies":[{"embeddable":true,"href":"https:\/\/airporttelecom.com\/nl\/wp-json\/wp\/v2\/comments?post=1627"}],"wp:featuredmedia":[{"embeddable":true,"href":"https:\/\/airporttelecom.com\/nl\/wp-json\/wp\/v2\/media\/694"}],"wp:attachment":[{"href":"https:\/\/airporttelecom.com\/nl\/wp-json\/wp\/v2\/media?parent=1627"}],"wp:term":[{"taxonomy":"product_brand","embeddable":true,"href":"https:\/\/airporttelecom.com\/nl\/wp-json\/wp\/v2\/product_brand?post=1627"},{"taxonomy":"product_cat","embeddable":true,"href":"https:\/\/airporttelecom.com\/nl\/wp-json\/wp\/v2\/product_cat?post=1627"},{"taxonomy":"product_tag","embeddable":true,"href":"https:\/\/airporttelecom.com\/nl\/wp-json\/wp\/v2\/product_tag?post=1627"}],"curies":[{"name":"wp","href":"https:\/\/api.w.org\/{rel}","templated":true}]}}