{"id":1696,"date":"2024-09-12T10:52:14","date_gmt":"2024-09-12T10:52:14","guid":{"rendered":"https:\/\/airporttelecom.outperforming.nl\/nl\/product\/esim-slovenie\/"},"modified":"2025-08-10T15:45:48","modified_gmt":"2025-08-10T15:45:48","slug":"esim-slovenie","status":"publish","type":"product","link":"https:\/\/airporttelecom.com\/nl\/esim\/slovenie\/","title":{"rendered":"eSIM Sloveni\u00eb"},"content":{"rendered":"","protected":false},"excerpt":{"rendered":"","protected":false},"featured_media":1090,"comment_status":"open","ping_status":"closed","template":"","meta":{"_acf_changed":false,"_monsterinsights_skip_tracking":false,"_monsterinsights_sitenote_active":false,"_monsterinsights_sitenote_note":"","_monsterinsights_sitenote_category":0},"product_brand":[],"product_cat":[16],"product_tag":[22],"class_list":{"0":"post-1696","1":"product","2":"type-product","3":"status-publish","4":"has-post-thumbnail","6":"product_cat-esim","7":"product_tag-esim-europa","9":"first","10":"instock","11":"taxable","12":"shipping-taxable","13":"purchasable","14":"product-type-variable","15":"has-default-attributes"},"acf":{"gebied_afbeelding":903,"vlag_afbeelding":145,"provider":["BIC"],"product_synoniemen":null,"product_bestel_velden":"","product_omschrijving":"<h2>Mobiel internet in Sloveni\u00eb met eSIM Sloveni\u00eb<\/h2>\r\n<span style=\"font-weight: 400\">Met de Unlimited eSIM Sloveni\u00eb van Airport Telecom kunt u in heel Sloveni\u00eb gebruik maken van mobiel internet. De eSIM is zeer geschikt voor internetgebruik en geeft via een snelle 4G\/5G verbinding toegang tot Email, Whatsapp, navigatie en andere internettoepassingen. Kies zelf voor hoe lang de Unlimited bundel nodig is: 7 dagen, 14 dagen of 30 dagen.<\/span>\r\n<h2>Bundels voor data op reis in Sloveni\u00eb<\/h2>\r\n<span style=\"font-weight: 400\">De eSIMs voor Sloveni\u00eb zijn er met een Unlimited databundel van 7, 14 en 30 dagen:<\/span>\r\n<h3>Unlimited eSIM Sloveni\u00eb 7 dagen, \u20ac 24,=<\/h3>\r\n<h3>Unlimited eSIM Sloveni\u00eb 14 dagen, \u20ac 36,=<\/h3>\r\n<h3>Unlimited eSIM Sloveni\u00eb 30 dagen, \u20ac 59,=<\/h3>\r\n(*) Let alstublieft op de Fair Use Policy. Bij extreem datagebruik kan de provider de mogelijkheden van de (e)sim beperken. De Fair Use Policy gaat uit van \u00e9\u00e9n gebruiker per (e)sim. Bij normaal gebruik voor navigatie, email, zoeken op internet, Whatsapp berichten, Whatsapp bellen en apps als Instagram en Snapchat komt de Fair Use Policy niet in beeld. Dit kan wel bij bijvoorbeeld extreem veel YouTube, TikTok, streamingdiensten zoals Netflix en online TV kijken, en dit vooral in combinatie met het delen van de verbinding via hotspot of router\u00a0door meerdere personen. Bij overtreding van de Fair Use Policy worden geen aankoopbedragen terugbetaald.\r\n\r\n<span style=\"font-weight: 400\">De eSIMs voor Sloveni\u00eb hebben een uitstekende landelijke dekking via de 4G en 5G netwerken van AT&amp;T en T-Mobile. Er is geen registratie van de gebruiker nodig in Sloveni\u00eb. Bij aankomst in Sloveni\u00eb gaat het internet automatisch werken. De eSIM Sloveni\u00eb is geschikt voor tethering en kan dus ook worden gebruikt voor hotspot en MIFI.<\/span>\r\n<h2>Whatsapp met <span class=\"TextRun SCXW33142601 BCX0\" lang=\"NL-NL\" xml:lang=\"NL-NL\" data-contrast=\"none\"><span class=\"SpellingError SCXW33142601 BCX0\">eSIM <\/span><\/span>Sloveni\u00eb<\/h2>\r\nAlle gesprekken die via internet lopen zoals met Whatsapp, Skype en FaceTime zijn vanzelfsprekend ook mogelijk met de <span class=\"TextRun SCXW33142601 BCX0\" lang=\"NL-NL\" xml:lang=\"NL-NL\" data-contrast=\"none\"><span class=\"SpellingError SCXW33142601 BCX0\">eSIMs <\/span><\/span>voor Sloveni\u00eb. U maakt dan gebruik van de databundel op de <span class=\"TextRun SCXW33142601 BCX0\" lang=\"NL-NL\" xml:lang=\"NL-NL\" data-contrast=\"none\"><span class=\"SpellingError SCXW33142601 BCX0\">eSIM<\/span><\/span>. Whatsapp kunt u altijd blijven gebruiken met uw eigen bestaande contacten, groepen en chats. Na het plaatsen van een <span class=\"TextRun SCXW33142601 BCX0\" lang=\"NL-NL\" xml:lang=\"NL-NL\" data-contrast=\"none\"><span class=\"SpellingError SCXW33142601 BCX0\">eSIM<\/span><\/span> kan Whatsapp vragen of u een nieuwe identiteit wilt aanmaken of dat alles bij het oude moet blijven. Kies dan voor het laatste en er veranderd niets. U kunt met Whatsapp dan gewoon berichten blijven versturen en bellen zoals u gewend bent.\r\n<h2>Dekking in Sloveni\u00eb<\/h2>\r\nDekking van de mobiele netwerken is over het algemeen uitstekend in Sloveni\u00eb. Dat geldt zeker in de grote steden zoals Ljubljana. In zeer afgelegen natuurgebieden kan er wat minder dekking zijn. Verder is er in alle dorpen en steden goed bereik met de <span class=\"TextRun SCXW229878220 BCX0\" lang=\"NL-NL\" xml:lang=\"NL-NL\" data-contrast=\"none\"><span class=\"SpellingError SCXW229878220 BCX0\">eSIMs <\/span><\/span>voor Sloveni\u00eb.\r\n<h2>Sloveni\u00eb eSIM ontvangen per email<\/h2>\r\nDe eSIM voor Sloveni\u00eb ontvangt u van ons per email. Dat gaat heel snel en het kan ook wanneer u al in Sloveni\u00eb bent of als u op zeer korte termijn vertrekt.\r\n<h2>Bestel de <span class=\"TextRun SCXW33142601 BCX0\" lang=\"NL-NL\" xml:lang=\"NL-NL\" data-contrast=\"none\"><span class=\"SpellingError SCXW33142601 BCX0\">eSIM<\/span><\/span> Sloveni\u00eb online bij Airport Telecom<\/h2>\r\nKlik nu op de bestelknop om de <span class=\"TextRun SCXW33142601 BCX0\" lang=\"NL-NL\" xml:lang=\"NL-NL\" data-contrast=\"none\"><span class=\"SpellingError SCXW33142601 BCX0\">eSIM <\/span><\/span>Sloveni\u00eb te bestellen. Heeft u vragen? Bel ons dan op 020 \u2013 6530999 of email naar info@airporttelecom.nl","product_specificaties":"<h2>Internet met eSIM Sloveni\u00eb<\/h2>\r\n<span style=\"font-weight: 400\">Er zijn drie varianten van de eSIM Sloveni\u00eb:<\/span>\r\n<h3>Unlimited eSIM Sloveni\u00eb 7 dagen, \u20ac 24,=<\/h3>\r\n<ul>\r\n \t<li style=\"font-weight: 400\"><span style=\"font-weight: 400\">Onbeperkt data in heel Sloveni\u00eb*<\/span><\/li>\r\n \t<li style=\"font-weight: 400\"><span style=\"font-weight: 400\">Bundel 7 dagen geldig. Opwaarderen kan via deze website.<\/span><\/li>\r\n<\/ul>\r\n<h3>Unlimited eSIM Sloveni\u00eb 14 dagen, \u20ac 36,=<\/h3>\r\n<ul>\r\n \t<li style=\"font-weight: 400\"><span style=\"font-weight: 400\">Onbeperkt data in heel Sloveni\u00eb*<\/span><\/li>\r\n \t<li style=\"font-weight: 400\"><span style=\"font-weight: 400\">Bundel 14 dagen geldig. Opwaarderen kan via deze website.<\/span><\/li>\r\n<\/ul>\r\n<h3>Unlimited eSIM Sloveni\u00eb 30 dagen, \u20ac 59,=<\/h3>\r\n<ul>\r\n \t<li style=\"font-weight: 400\"><span style=\"font-weight: 400\">Onbeperkt data in heel Sloveni\u00eb*<\/span><\/li>\r\n \t<li style=\"font-weight: 400\"><span style=\"font-weight: 400\">Bundel 30 dagen geldig. Opwaarderen kan via deze website.<\/span><\/li>\r\n<\/ul>\r\n<span style=\"font-weight: 400\">(*) Er is een Fair Use Policy. Bij extreem datagebruik kan de provider in Sloveni\u00eb de mogelijkheden van de sim beperken.<\/span>","product_handleiding":"<h2>Hoe installeer ik de simkaart Sloveni\u00eb in mijn telefoon?<\/h2>\r\nOpen het schuifje aan de zijkant van de telefoon. Dit kan met het pinnetje dat bij de telefoon is geleverd. Heb je dit niet dan kan je er \u00e9\u00e9n maken door een paperclip te verbuigen. Bij de simkaarten van Airport Telecom wordt ook een extra pinnetje geleverd.\r\n\r\nVerwijder je eigen simkaart en bewaar deze goed! Plaats nu de nieuwe simkaart. Dit kan maar op \u00e9\u00e9n manier. Het kan zijn dat je een telefoon hebt waar meerdere simkaart in kunnen. Plaats de nieuwe simkaart er dan als extra kaart bij.\r\n\r\nDuw het simkaart-schuifje nu terug in de telefoon. Als het goed is, kan je nu automatisch gebruik maken van de nieuwe sim. Mogelijk vraagt de telefoon om nog wat extra instellingen te doen.","product_veelgestelde_vragen":[{"vraag":"Welke eSIM in Sloveni\u00eb gebruiken?","antwoord":"Bij een kort verblijf van een paar dagen heeft u waarschijnlijk niet zoveel data nodig. De 12GB databundel voor Sloveni\u00eb kan dan voldoende zijn. Applicaties zoals Whatsapp, Instagram en navigatie verbruiken niet veel data. Blijft u langer dan kan het handig zijn om voor Unlimited te kiezen zodat u zeker voldoende data heeft. "},{"vraag":"Waar koop je een eSIM voor Sloveni\u00eb?","antwoord":"Een esim voor Sloveni\u00eb koop je online bij Airport Telecom. De eSIM ontvang je per email. Het is een QR code die moet worden ingescand met de telefoon. Dit kan dus ook wanneer je al in Sloveni\u00eb bent of als je op zeer korte termijn vertrekt. "}]},"yoast_head":"<!-- This site is optimized with the Yoast SEO Premium plugin v24.4 (Yoast SEO v26.9) - https:\/\/yoast.com\/product\/yoast-seo-premium-wordpress\/ -->\n<title>eSIM Sloveni\u00eb kopen voor prepaid (onbeperkt) bellen en internet - Airport Telecom NL<\/title>\n<meta name=\"description\" content=\"Op zoek naar een prepaid eSIM Sloveni\u00eb voor (onbeperkt) bellen en internet? Optimaal bereikbaar op reis in eSIM Europa. Nu al te koop vanaf !\" \/>\n<meta name=\"robots\" content=\"index, follow, max-snippet:-1, max-image-preview:large, max-video-preview:-1\" \/>\n<link rel=\"canonical\" href=\"https:\/\/airporttelecom.com\/nl\/esim\/slovenie\/\" \/>\n<meta property=\"og:locale\" content=\"nl_NL\" \/>\n<meta property=\"og:type\" content=\"article\" \/>\n<meta property=\"og:title\" content=\"eSIM Sloveni\u00eb\" \/>\n<meta property=\"og:description\" content=\"Op zoek naar een prepaid eSIM Sloveni\u00eb voor (onbeperkt) bellen en internet? Optimaal bereikbaar op reis in eSIM Europa. Nu al te koop vanaf !\" \/>\n<meta property=\"og:url\" content=\"https:\/\/airporttelecom.com\/nl\/esim\/slovenie\/\" \/>\n<meta property=\"og:site_name\" content=\"Airport Telecom NL\" \/>\n<meta property=\"article:modified_time\" content=\"2025-08-10T15:45:48+00:00\" \/>\n<meta property=\"og:image\" content=\"https:\/\/airporttelecom.com\/nl\/wp-content\/uploads\/sites\/4\/2024\/06\/Simkaart-Slovenie.png?wsr\" \/>\n\t<meta property=\"og:image:width\" content=\"800\" \/>\n\t<meta property=\"og:image:height\" content=\"316\" \/>\n\t<meta property=\"og:image:type\" content=\"image\/png\" \/>\n<meta name=\"twitter:card\" content=\"summary_large_image\" \/>\n<meta name=\"twitter:label1\" content=\"Geschatte leestijd\" \/>\n\t<meta name=\"twitter:data1\" content=\"1 minuut\" \/>\n<script type=\"application\/ld+json\" class=\"yoast-schema-graph\">{\"@context\":\"https:\/\/schema.org\",\"@graph\":[{\"@type\":\"WebPage\",\"@id\":\"https:\/\/airporttelecom.com\/nl\/esim\/slovenie\/\",\"url\":\"https:\/\/airporttelecom.com\/nl\/esim\/slovenie\/\",\"name\":\"eSIM Sloveni\u00eb kopen voor prepaid (onbeperkt) bellen en internet - Airport Telecom NL\",\"isPartOf\":{\"@id\":\"https:\/\/airporttelecom.com\/nl\/#website\"},\"primaryImageOfPage\":{\"@id\":\"https:\/\/airporttelecom.com\/nl\/esim\/slovenie\/#primaryimage\"},\"image\":{\"@id\":\"https:\/\/airporttelecom.com\/nl\/esim\/slovenie\/#primaryimage\"},\"thumbnailUrl\":\"https:\/\/airporttelecom.com\/nl\/wp-content\/uploads\/sites\/4\/2024\/06\/Simkaart-Slovenie.png\",\"datePublished\":\"2024-09-12T10:52:14+00:00\",\"dateModified\":\"2025-08-10T15:45:48+00:00\",\"description\":\"Op zoek naar een prepaid eSIM Sloveni\u00eb voor (onbeperkt) bellen en internet? Optimaal bereikbaar op reis in eSIM Europa. Nu al te koop vanaf !\",\"breadcrumb\":{\"@id\":\"https:\/\/airporttelecom.com\/nl\/esim\/slovenie\/#breadcrumb\"},\"inLanguage\":\"nl-NL\",\"potentialAction\":[{\"@type\":\"ReadAction\",\"target\":[\"https:\/\/airporttelecom.com\/nl\/esim\/slovenie\/\"]}]},{\"@type\":\"ImageObject\",\"inLanguage\":\"nl-NL\",\"@id\":\"https:\/\/airporttelecom.com\/nl\/esim\/slovenie\/#primaryimage\",\"url\":\"https:\/\/airporttelecom.com\/nl\/wp-content\/uploads\/sites\/4\/2024\/06\/Simkaart-Slovenie.png\",\"contentUrl\":\"https:\/\/airporttelecom.com\/nl\/wp-content\/uploads\/sites\/4\/2024\/06\/Simkaart-Slovenie.png\",\"width\":800,\"height\":316,\"caption\":\"Simkaart Slovenie\"},{\"@type\":\"BreadcrumbList\",\"@id\":\"https:\/\/airporttelecom.com\/nl\/esim\/slovenie\/#breadcrumb\",\"itemListElement\":[{\"@type\":\"ListItem\",\"position\":1,\"name\":\"Home\",\"item\":\"https:\/\/airporttelecom.com\/nl\/\"},{\"@type\":\"ListItem\",\"position\":2,\"name\":\"eSIM\",\"item\":\"https:\/\/airporttelecom.com\/nl\/esim\/\"},{\"@type\":\"ListItem\",\"position\":3,\"name\":\"Sloveni\u00eb\"}]},{\"@type\":\"WebSite\",\"@id\":\"https:\/\/airporttelecom.com\/nl\/#website\",\"url\":\"https:\/\/airporttelecom.com\/nl\/\",\"name\":\"Airport Telecom\",\"description\":\"\",\"publisher\":{\"@id\":\"https:\/\/airporttelecom.com\/nl\/#organization\"},\"potentialAction\":[{\"@type\":\"SearchAction\",\"target\":{\"@type\":\"EntryPoint\",\"urlTemplate\":\"https:\/\/airporttelecom.com\/nl\/?s={search_term_string}\"},\"query-input\":{\"@type\":\"PropertyValueSpecification\",\"valueRequired\":true,\"valueName\":\"search_term_string\"}}],\"inLanguage\":\"nl-NL\"},{\"@type\":\"Organization\",\"@id\":\"https:\/\/airporttelecom.com\/nl\/#organization\",\"name\":\"Airport Telecom\",\"url\":\"https:\/\/airporttelecom.com\/nl\/\",\"logo\":{\"@type\":\"ImageObject\",\"inLanguage\":\"nl-NL\",\"@id\":\"https:\/\/airporttelecom.com\/nl\/#\/schema\/logo\/image\/\",\"url\":\"https:\/\/airporttelecom.com\/nl\/wp-content\/uploads\/sites\/4\/2024\/06\/icon.png\",\"contentUrl\":\"https:\/\/airporttelecom.com\/nl\/wp-content\/uploads\/sites\/4\/2024\/06\/icon.png\",\"width\":110,\"height\":110,\"caption\":\"Airport Telecom\"},\"image\":{\"@id\":\"https:\/\/airporttelecom.com\/nl\/#\/schema\/logo\/image\/\"}}]}<\/script>\n<!-- \/ Yoast SEO Premium plugin. -->","yoast_head_json":{"title":"eSIM Sloveni\u00eb kopen voor prepaid (onbeperkt) bellen en internet - Airport Telecom NL","description":"Op zoek naar een prepaid eSIM Sloveni\u00eb voor (onbeperkt) bellen en internet? Optimaal bereikbaar op reis in eSIM Europa. Nu al te koop vanaf !","robots":{"index":"index","follow":"follow","max-snippet":"max-snippet:-1","max-image-preview":"max-image-preview:large","max-video-preview":"max-video-preview:-1"},"canonical":"https:\/\/airporttelecom.com\/nl\/esim\/slovenie\/","og_locale":"nl_NL","og_type":"article","og_title":"eSIM Sloveni\u00eb","og_description":"Op zoek naar een prepaid eSIM Sloveni\u00eb voor (onbeperkt) bellen en internet? Optimaal bereikbaar op reis in eSIM Europa. Nu al te koop vanaf !","og_url":"https:\/\/airporttelecom.com\/nl\/esim\/slovenie\/","og_site_name":"Airport Telecom NL","article_modified_time":"2025-08-10T15:45:48+00:00","og_image":[{"width":800,"height":316,"url":"https:\/\/airporttelecom.com\/nl\/wp-content\/uploads\/sites\/4\/2024\/06\/Simkaart-Slovenie.png?wsr","type":"image\/png"}],"twitter_card":"summary_large_image","twitter_misc":{"Geschatte leestijd":"1 minuut"},"schema":{"@context":"https:\/\/schema.org","@graph":[{"@type":"WebPage","@id":"https:\/\/airporttelecom.com\/nl\/esim\/slovenie\/","url":"https:\/\/airporttelecom.com\/nl\/esim\/slovenie\/","name":"eSIM Sloveni\u00eb kopen voor prepaid (onbeperkt) bellen en internet - Airport Telecom NL","isPartOf":{"@id":"https:\/\/airporttelecom.com\/nl\/#website"},"primaryImageOfPage":{"@id":"https:\/\/airporttelecom.com\/nl\/esim\/slovenie\/#primaryimage"},"image":{"@id":"https:\/\/airporttelecom.com\/nl\/esim\/slovenie\/#primaryimage"},"thumbnailUrl":"https:\/\/airporttelecom.com\/nl\/wp-content\/uploads\/sites\/4\/2024\/06\/Simkaart-Slovenie.png","datePublished":"2024-09-12T10:52:14+00:00","dateModified":"2025-08-10T15:45:48+00:00","description":"Op zoek naar een prepaid eSIM Sloveni\u00eb voor (onbeperkt) bellen en internet? Optimaal bereikbaar op reis in eSIM Europa. Nu al te koop vanaf !","breadcrumb":{"@id":"https:\/\/airporttelecom.com\/nl\/esim\/slovenie\/#breadcrumb"},"inLanguage":"nl-NL","potentialAction":[{"@type":"ReadAction","target":["https:\/\/airporttelecom.com\/nl\/esim\/slovenie\/"]}]},{"@type":"ImageObject","inLanguage":"nl-NL","@id":"https:\/\/airporttelecom.com\/nl\/esim\/slovenie\/#primaryimage","url":"https:\/\/airporttelecom.com\/nl\/wp-content\/uploads\/sites\/4\/2024\/06\/Simkaart-Slovenie.png","contentUrl":"https:\/\/airporttelecom.com\/nl\/wp-content\/uploads\/sites\/4\/2024\/06\/Simkaart-Slovenie.png","width":800,"height":316,"caption":"Simkaart Slovenie"},{"@type":"BreadcrumbList","@id":"https:\/\/airporttelecom.com\/nl\/esim\/slovenie\/#breadcrumb","itemListElement":[{"@type":"ListItem","position":1,"name":"Home","item":"https:\/\/airporttelecom.com\/nl\/"},{"@type":"ListItem","position":2,"name":"eSIM","item":"https:\/\/airporttelecom.com\/nl\/esim\/"},{"@type":"ListItem","position":3,"name":"Sloveni\u00eb"}]},{"@type":"WebSite","@id":"https:\/\/airporttelecom.com\/nl\/#website","url":"https:\/\/airporttelecom.com\/nl\/","name":"Airport Telecom","description":"","publisher":{"@id":"https:\/\/airporttelecom.com\/nl\/#organization"},"potentialAction":[{"@type":"SearchAction","target":{"@type":"EntryPoint","urlTemplate":"https:\/\/airporttelecom.com\/nl\/?s={search_term_string}"},"query-input":{"@type":"PropertyValueSpecification","valueRequired":true,"valueName":"search_term_string"}}],"inLanguage":"nl-NL"},{"@type":"Organization","@id":"https:\/\/airporttelecom.com\/nl\/#organization","name":"Airport Telecom","url":"https:\/\/airporttelecom.com\/nl\/","logo":{"@type":"ImageObject","inLanguage":"nl-NL","@id":"https:\/\/airporttelecom.com\/nl\/#\/schema\/logo\/image\/","url":"https:\/\/airporttelecom.com\/nl\/wp-content\/uploads\/sites\/4\/2024\/06\/icon.png","contentUrl":"https:\/\/airporttelecom.com\/nl\/wp-content\/uploads\/sites\/4\/2024\/06\/icon.png","width":110,"height":110,"caption":"Airport Telecom"},"image":{"@id":"https:\/\/airporttelecom.com\/nl\/#\/schema\/logo\/image\/"}}]}},"_links":{"self":[{"href":"https:\/\/airporttelecom.com\/nl\/wp-json\/wp\/v2\/product\/1696","targetHints":{"allow":["GET"]}}],"collection":[{"href":"https:\/\/airporttelecom.com\/nl\/wp-json\/wp\/v2\/product"}],"about":[{"href":"https:\/\/airporttelecom.com\/nl\/wp-json\/wp\/v2\/types\/product"}],"replies":[{"embeddable":true,"href":"https:\/\/airporttelecom.com\/nl\/wp-json\/wp\/v2\/comments?post=1696"}],"wp:featuredmedia":[{"embeddable":true,"href":"https:\/\/airporttelecom.com\/nl\/wp-json\/wp\/v2\/media\/1090"}],"wp:attachment":[{"href":"https:\/\/airporttelecom.com\/nl\/wp-json\/wp\/v2\/media?parent=1696"}],"wp:term":[{"taxonomy":"product_brand","embeddable":true,"href":"https:\/\/airporttelecom.com\/nl\/wp-json\/wp\/v2\/product_brand?post=1696"},{"taxonomy":"product_cat","embeddable":true,"href":"https:\/\/airporttelecom.com\/nl\/wp-json\/wp\/v2\/product_cat?post=1696"},{"taxonomy":"product_tag","embeddable":true,"href":"https:\/\/airporttelecom.com\/nl\/wp-json\/wp\/v2\/product_tag?post=1696"}],"curies":[{"name":"wp","href":"https:\/\/api.w.org\/{rel}","templated":true}]}}