{"id":1773,"date":"2024-09-12T10:52:28","date_gmt":"2024-09-12T10:52:28","guid":{"rendered":"https:\/\/airporttelecom.outperforming.nl\/nl\/product\/esim-verenigd-koninkrijk\/"},"modified":"2026-02-16T12:20:46","modified_gmt":"2026-02-16T12:20:46","slug":"esim-verenigd-koninkrijk","status":"publish","type":"product","link":"https:\/\/airporttelecom.com\/nl\/esim\/verenigd-koninkrijk\/","title":{"rendered":"eSIM Verenigd Koninkrijk"},"content":{"rendered":"","protected":false},"excerpt":{"rendered":"","protected":false},"featured_media":1093,"comment_status":"open","ping_status":"closed","template":"","meta":{"_acf_changed":false,"_monsterinsights_skip_tracking":false,"_monsterinsights_sitenote_active":false,"_monsterinsights_sitenote_note":"","_monsterinsights_sitenote_category":0},"product_brand":[],"product_cat":[16],"product_tag":[22],"class_list":{"0":"post-1773","1":"product","2":"type-product","3":"status-publish","4":"has-post-thumbnail","6":"product_cat-esim","7":"product_tag-esim-europa","9":"first","10":"instock","11":"taxable","12":"shipping-taxable","13":"purchasable","14":"product-type-variable","15":"has-default-attributes"},"acf":{"gebied_afbeelding":914,"vlag_afbeelding":182,"provider":["BIC"],"product_synoniemen":[{"synoniem":"Engeland"},{"synoniem":"VK"},{"synoniem":"Groot-Brittanni\u00eb"},{"synoniem":"Groot Brittanni\u00eb"},{"synoniem":"London"},{"synoniem":"Londen"}],"product_bestel_velden":"","product_omschrijving":"<h2>Mobiel internet in Groot Brittani\u00eb met eSIM Groot Brittani\u00eb<\/h2>\r\nMet een prepaid eSim Groot Brittani\u00eb van Airport Telecom bent u in heel Groot Brittani\u00eb bereikbaar op \u00e9\u00e9n telefoonnummer. Bovendien heeft u 100GB of Unlimited data, en Unlimited belminuten. Deze eSims zijn dus zeer geschikt voor internetgebruik en bellen.\r\n<h2>Bundels voor data op reis in Groot Brittani\u00eb<\/h2>\r\nHet telefoonnummer van de prepaid eSim waarop u in Groot Brittani\u00eb bereikbaar zult zijn, ontvangt u per SMS na activatie van de eSim. Het is een Engels (+44) nummer. We hebben hiervoor gekozen omdat de betreffende eSim een hele goede databundel in Groot Brittani\u00eb biedt en gebruik maakt van de grootste mobiele netwerken in Groot Brittani\u00eb. Bovendien is bij deze eSim geen registratie van de gebruiker nodig in Groot Brittani\u00eb. <span data-ccp-props=\"{}\">\u00a0<\/span>\r\n<h2>Whatsapp met eSim Groot Brittani\u00eb<\/h2>\r\nAlle gesprekken die via internet lopen zoals met Whatsapp, Skype en FaceTime zijn vanzelfsprekend ook mogelijk met de eSim voor Groot Brittani\u00eb. U maakt dan gebruik van de databundel op de eSim. Whatsapp kunt u altijd blijven gebruiken met uw eigen bestaande contacten, groepen en chats. Na het plaatsen van een prepaid eSim kan Whatsapp vragen of u een nieuwe identiteit wilt aanmaken of dat alles bij het oude moet blijven. Kies dan voor het laatste en er veranderd niets. U kunt met Whatsapp dan gewoon berichten blijven versturen en bellen zoals u gewend bent.\r\n<h2>Dekking in Groot Brittani\u00eb<\/h2>\r\nDekking van de mobiele netwerken is over het algemeen uitstekend in Groot Brittani\u00eb. Dat geldt zeker in de grote steden zoals Londen, Liverpool en Manchester. In zeer afgelegen natuurgebieden kan er wat minder dekking zijn. Verder is er in alle dorpen en steden goed bereik met de eSim voor Groot Brittani\u00eb.\r\n<h2>Groot Brittani\u00eb eSIM ontvangen per email<\/h2>\r\nDe eSIM voor Groot Brittani\u00eb ontvangt u van ons per email. Dat gaat heel snel en het kan ook wanneer u al in Groot Brittani\u00eb bent of als u op zeer korte termijn vertrekt.\r\n<h2>Bestel de prepaid eSim Groot Brittani\u00eb online bij Airport Telecom<\/h2>\r\nKlik nu op de bestelknop om de eSim Groot Brittani\u00eb te bestellen. Heeft u vragen? Bel ons dan op 020 \u2013 6530999 of email naar info@airporttelecom.nl","product_specificaties":"<h2><span data-contrast=\"none\">Voordelen eSIM\u00a0<\/span>Groot Brittani\u00eb<\/h2>\r\n<span data-contrast=\"auto\">De eSIM voor Groot Brittani\u00eb ontvangt u per email. Het is een QR code die moet worden ingescand met de telefoon. Dit kan dus ook wanneer u al in Groot Brittani\u00eb bent of als u op zeer korte termijn vertrekt.<\/span><span data-ccp-props=\"{}\">\u00a0<\/span>\r\n\r\n<span data-contrast=\"auto\">Voordeel van de eSIM variant is dat u uw dataverkeer in Groot Brittani\u00eb via de prepaid databundel kunt laten lopen terwijl u daar tegelijkertijd ook op uw eigen mobiele telefoonnummer bereikbaar kunt blijven.<\/span><span data-ccp-props=\"{}\">\u00a0<\/span>\r\n\r\n<span data-contrast=\"auto\">eSIM kan alleen in telefoons die daarvoor geschikt zijn. Check dit goed voordat u kiest voor de eSIM. eSIM kan sowieso in iPhone XS, XS Max, XR, iPhone 11 en hoger.<\/span><span data-ccp-props=\"{}\">\u00a0<\/span>\r\n\r\n&nbsp;\r\n<h2>Data &amp; bellen in <span data-contrast=\"auto\">Groot Brittani\u00eb <\/span><\/h2>\r\nEr zijn twee varianten:\r\n\r\n&nbsp;\r\n<h3>100GB data \u20ac 36,=<\/h3>\r\nIncl. 100GB data\r\n\r\nIncl. Unlimited belminuten\r\n\r\n&nbsp;\r\n<h3>Unlimited data \u20ac 57,=<\/h3>\r\nIncl. Unlimited data\r\n\r\nIncl. Unlimited belminuten\r\n\r\n&nbsp;\r\n\r\nDe eSims zijn 30 dagen geldig na activatie.","product_handleiding":"","product_veelgestelde_vragen":[{"vraag":"Welke eSim in Groot Brittani\u00eb gebruiken? ","antwoord":"Bij een kort verblijf van een paar dagen heeft u waarschijnlijk niet zoveel data nodig. De 100GB databundel voor Groot Brittani\u00eb kan dan voldoende zijn. Applicaties zoals Whatsapp, Instagram en navigatie verbruiken niet veel data. Blijft u langer dan kan het handig zijn om voor Unlimited te kiezen zodat u zeker voldoende data heeft. "},{"vraag":"Waar koop je een eSim voor Groot Brittani\u00eb? ","antwoord":"Een esim voor Groot Brittani\u00eb koop je online bij Airport Telecom. De eSIM ontvang je per email. Het is een QR code die moet worden ingescand met de telefoon. Dit kan dus ook wanneer je al in Groot Brittani\u00eb bent of als je op zeer korte termijn vertrekt. "}]},"yoast_head":"<!-- This site is optimized with the Yoast SEO Premium plugin v24.4 (Yoast SEO v27.3) - https:\/\/yoast.com\/product\/yoast-seo-premium-wordpress\/ -->\n<title>eSIM Verenigd Koninkrijk kopen voor prepaid (onbeperkt) bellen en internet - Airport Telecom NL<\/title>\n<meta name=\"description\" content=\"Op zoek naar een prepaid eSIM Verenigd Koninkrijk voor (onbeperkt) bellen en internet? Optimaal bereikbaar op reis in eSIM Europa. Nu al te koop vanaf !\" \/>\n<meta name=\"robots\" content=\"index, follow, max-snippet:-1, max-image-preview:large, max-video-preview:-1\" \/>\n<link rel=\"canonical\" href=\"https:\/\/airporttelecom.com\/nl\/esim\/verenigd-koninkrijk\/\" \/>\n<meta property=\"og:locale\" content=\"nl_NL\" \/>\n<meta property=\"og:type\" content=\"article\" \/>\n<meta property=\"og:title\" content=\"eSIM Verenigd Koninkrijk\" \/>\n<meta property=\"og:description\" content=\"Op zoek naar een prepaid eSIM Verenigd Koninkrijk voor (onbeperkt) bellen en internet? Optimaal bereikbaar op reis in eSIM Europa. Nu al te koop vanaf !\" \/>\n<meta property=\"og:url\" content=\"https:\/\/airporttelecom.com\/nl\/esim\/verenigd-koninkrijk\/\" \/>\n<meta property=\"og:site_name\" content=\"Airport Telecom NL\" \/>\n<meta property=\"article:modified_time\" content=\"2026-02-16T12:20:46+00:00\" \/>\n<meta property=\"og:image\" content=\"https:\/\/airporttelecom.com\/nl\/wp-content\/uploads\/sites\/4\/2024\/06\/Simkaart-United-Kingdom.png\" \/>\n\t<meta property=\"og:image:width\" content=\"800\" \/>\n\t<meta property=\"og:image:height\" content=\"316\" \/>\n\t<meta property=\"og:image:type\" content=\"image\/png\" \/>\n<meta name=\"twitter:card\" content=\"summary_large_image\" \/>\n<meta name=\"twitter:label1\" content=\"Geschatte leestijd\" \/>\n\t<meta name=\"twitter:data1\" content=\"1 minuut\" \/>\n<script type=\"application\/ld+json\" class=\"yoast-schema-graph\">{\"@context\":\"https:\\\/\\\/schema.org\",\"@graph\":[{\"@type\":\"WebPage\",\"@id\":\"https:\\\/\\\/airporttelecom.com\\\/nl\\\/esim\\\/verenigd-koninkrijk\\\/\",\"url\":\"https:\\\/\\\/airporttelecom.com\\\/nl\\\/esim\\\/verenigd-koninkrijk\\\/\",\"name\":\"eSIM Verenigd Koninkrijk kopen voor prepaid (onbeperkt) bellen en internet - Airport Telecom NL\",\"isPartOf\":{\"@id\":\"https:\\\/\\\/airporttelecom.com\\\/nl\\\/#website\"},\"primaryImageOfPage\":{\"@id\":\"https:\\\/\\\/airporttelecom.com\\\/nl\\\/esim\\\/verenigd-koninkrijk\\\/#primaryimage\"},\"image\":{\"@id\":\"https:\\\/\\\/airporttelecom.com\\\/nl\\\/esim\\\/verenigd-koninkrijk\\\/#primaryimage\"},\"thumbnailUrl\":\"https:\\\/\\\/airporttelecom.com\\\/nl\\\/wp-content\\\/uploads\\\/sites\\\/4\\\/2024\\\/06\\\/Simkaart-United-Kingdom.png\",\"datePublished\":\"2024-09-12T10:52:28+00:00\",\"dateModified\":\"2026-02-16T12:20:46+00:00\",\"description\":\"Op zoek naar een prepaid eSIM Verenigd Koninkrijk voor (onbeperkt) bellen en internet? Optimaal bereikbaar op reis in eSIM Europa. Nu al te koop vanaf !\",\"breadcrumb\":{\"@id\":\"https:\\\/\\\/airporttelecom.com\\\/nl\\\/esim\\\/verenigd-koninkrijk\\\/#breadcrumb\"},\"inLanguage\":\"nl-NL\",\"potentialAction\":[{\"@type\":\"ReadAction\",\"target\":[\"https:\\\/\\\/airporttelecom.com\\\/nl\\\/esim\\\/verenigd-koninkrijk\\\/\"]}]},{\"@type\":\"ImageObject\",\"inLanguage\":\"nl-NL\",\"@id\":\"https:\\\/\\\/airporttelecom.com\\\/nl\\\/esim\\\/verenigd-koninkrijk\\\/#primaryimage\",\"url\":\"https:\\\/\\\/airporttelecom.com\\\/nl\\\/wp-content\\\/uploads\\\/sites\\\/4\\\/2024\\\/06\\\/Simkaart-United-Kingdom.png\",\"contentUrl\":\"https:\\\/\\\/airporttelecom.com\\\/nl\\\/wp-content\\\/uploads\\\/sites\\\/4\\\/2024\\\/06\\\/Simkaart-United-Kingdom.png\",\"width\":800,\"height\":316,\"caption\":\"Simkaart United Kingdom\"},{\"@type\":\"BreadcrumbList\",\"@id\":\"https:\\\/\\\/airporttelecom.com\\\/nl\\\/esim\\\/verenigd-koninkrijk\\\/#breadcrumb\",\"itemListElement\":[{\"@type\":\"ListItem\",\"position\":1,\"name\":\"Home\",\"item\":\"https:\\\/\\\/airporttelecom.com\\\/nl\\\/\"},{\"@type\":\"ListItem\",\"position\":2,\"name\":\"eSIM\",\"item\":\"https:\\\/\\\/airporttelecom.com\\\/nl\\\/esim\\\/\"},{\"@type\":\"ListItem\",\"position\":3,\"name\":\"Verenigd Koninkrijk\"}]},{\"@type\":\"WebSite\",\"@id\":\"https:\\\/\\\/airporttelecom.com\\\/nl\\\/#website\",\"url\":\"https:\\\/\\\/airporttelecom.com\\\/nl\\\/\",\"name\":\"Airport Telecom\",\"description\":\"\",\"publisher\":{\"@id\":\"https:\\\/\\\/airporttelecom.com\\\/nl\\\/#organization\"},\"potentialAction\":[{\"@type\":\"SearchAction\",\"target\":{\"@type\":\"EntryPoint\",\"urlTemplate\":\"https:\\\/\\\/airporttelecom.com\\\/nl\\\/?s={search_term_string}\"},\"query-input\":{\"@type\":\"PropertyValueSpecification\",\"valueRequired\":true,\"valueName\":\"search_term_string\"}}],\"inLanguage\":\"nl-NL\"},{\"@type\":\"Organization\",\"@id\":\"https:\\\/\\\/airporttelecom.com\\\/nl\\\/#organization\",\"name\":\"Airport Telecom\",\"url\":\"https:\\\/\\\/airporttelecom.com\\\/nl\\\/\",\"logo\":{\"@type\":\"ImageObject\",\"inLanguage\":\"nl-NL\",\"@id\":\"https:\\\/\\\/airporttelecom.com\\\/nl\\\/#\\\/schema\\\/logo\\\/image\\\/\",\"url\":\"https:\\\/\\\/airporttelecom.com\\\/nl\\\/wp-content\\\/uploads\\\/sites\\\/4\\\/2024\\\/06\\\/icon.png\",\"contentUrl\":\"https:\\\/\\\/airporttelecom.com\\\/nl\\\/wp-content\\\/uploads\\\/sites\\\/4\\\/2024\\\/06\\\/icon.png\",\"width\":110,\"height\":110,\"caption\":\"Airport Telecom\"},\"image\":{\"@id\":\"https:\\\/\\\/airporttelecom.com\\\/nl\\\/#\\\/schema\\\/logo\\\/image\\\/\"}}]}<\/script>\n<!-- \/ Yoast SEO Premium plugin. -->","yoast_head_json":{"title":"eSIM Verenigd Koninkrijk kopen voor prepaid (onbeperkt) bellen en internet - Airport Telecom NL","description":"Op zoek naar een prepaid eSIM Verenigd Koninkrijk voor (onbeperkt) bellen en internet? Optimaal bereikbaar op reis in eSIM Europa. Nu al te koop vanaf !","robots":{"index":"index","follow":"follow","max-snippet":"max-snippet:-1","max-image-preview":"max-image-preview:large","max-video-preview":"max-video-preview:-1"},"canonical":"https:\/\/airporttelecom.com\/nl\/esim\/verenigd-koninkrijk\/","og_locale":"nl_NL","og_type":"article","og_title":"eSIM Verenigd Koninkrijk","og_description":"Op zoek naar een prepaid eSIM Verenigd Koninkrijk voor (onbeperkt) bellen en internet? Optimaal bereikbaar op reis in eSIM Europa. Nu al te koop vanaf !","og_url":"https:\/\/airporttelecom.com\/nl\/esim\/verenigd-koninkrijk\/","og_site_name":"Airport Telecom NL","article_modified_time":"2026-02-16T12:20:46+00:00","og_image":[{"width":800,"height":316,"url":"https:\/\/airporttelecom.com\/nl\/wp-content\/uploads\/sites\/4\/2024\/06\/Simkaart-United-Kingdom.png","type":"image\/png"}],"twitter_card":"summary_large_image","twitter_misc":{"Geschatte leestijd":"1 minuut"},"schema":{"@context":"https:\/\/schema.org","@graph":[{"@type":"WebPage","@id":"https:\/\/airporttelecom.com\/nl\/esim\/verenigd-koninkrijk\/","url":"https:\/\/airporttelecom.com\/nl\/esim\/verenigd-koninkrijk\/","name":"eSIM Verenigd Koninkrijk kopen voor prepaid (onbeperkt) bellen en internet - Airport Telecom NL","isPartOf":{"@id":"https:\/\/airporttelecom.com\/nl\/#website"},"primaryImageOfPage":{"@id":"https:\/\/airporttelecom.com\/nl\/esim\/verenigd-koninkrijk\/#primaryimage"},"image":{"@id":"https:\/\/airporttelecom.com\/nl\/esim\/verenigd-koninkrijk\/#primaryimage"},"thumbnailUrl":"https:\/\/airporttelecom.com\/nl\/wp-content\/uploads\/sites\/4\/2024\/06\/Simkaart-United-Kingdom.png","datePublished":"2024-09-12T10:52:28+00:00","dateModified":"2026-02-16T12:20:46+00:00","description":"Op zoek naar een prepaid eSIM Verenigd Koninkrijk voor (onbeperkt) bellen en internet? Optimaal bereikbaar op reis in eSIM Europa. Nu al te koop vanaf !","breadcrumb":{"@id":"https:\/\/airporttelecom.com\/nl\/esim\/verenigd-koninkrijk\/#breadcrumb"},"inLanguage":"nl-NL","potentialAction":[{"@type":"ReadAction","target":["https:\/\/airporttelecom.com\/nl\/esim\/verenigd-koninkrijk\/"]}]},{"@type":"ImageObject","inLanguage":"nl-NL","@id":"https:\/\/airporttelecom.com\/nl\/esim\/verenigd-koninkrijk\/#primaryimage","url":"https:\/\/airporttelecom.com\/nl\/wp-content\/uploads\/sites\/4\/2024\/06\/Simkaart-United-Kingdom.png","contentUrl":"https:\/\/airporttelecom.com\/nl\/wp-content\/uploads\/sites\/4\/2024\/06\/Simkaart-United-Kingdom.png","width":800,"height":316,"caption":"Simkaart United Kingdom"},{"@type":"BreadcrumbList","@id":"https:\/\/airporttelecom.com\/nl\/esim\/verenigd-koninkrijk\/#breadcrumb","itemListElement":[{"@type":"ListItem","position":1,"name":"Home","item":"https:\/\/airporttelecom.com\/nl\/"},{"@type":"ListItem","position":2,"name":"eSIM","item":"https:\/\/airporttelecom.com\/nl\/esim\/"},{"@type":"ListItem","position":3,"name":"Verenigd Koninkrijk"}]},{"@type":"WebSite","@id":"https:\/\/airporttelecom.com\/nl\/#website","url":"https:\/\/airporttelecom.com\/nl\/","name":"Airport Telecom","description":"","publisher":{"@id":"https:\/\/airporttelecom.com\/nl\/#organization"},"potentialAction":[{"@type":"SearchAction","target":{"@type":"EntryPoint","urlTemplate":"https:\/\/airporttelecom.com\/nl\/?s={search_term_string}"},"query-input":{"@type":"PropertyValueSpecification","valueRequired":true,"valueName":"search_term_string"}}],"inLanguage":"nl-NL"},{"@type":"Organization","@id":"https:\/\/airporttelecom.com\/nl\/#organization","name":"Airport Telecom","url":"https:\/\/airporttelecom.com\/nl\/","logo":{"@type":"ImageObject","inLanguage":"nl-NL","@id":"https:\/\/airporttelecom.com\/nl\/#\/schema\/logo\/image\/","url":"https:\/\/airporttelecom.com\/nl\/wp-content\/uploads\/sites\/4\/2024\/06\/icon.png","contentUrl":"https:\/\/airporttelecom.com\/nl\/wp-content\/uploads\/sites\/4\/2024\/06\/icon.png","width":110,"height":110,"caption":"Airport Telecom"},"image":{"@id":"https:\/\/airporttelecom.com\/nl\/#\/schema\/logo\/image\/"}}]}},"_links":{"self":[{"href":"https:\/\/airporttelecom.com\/nl\/wp-json\/wp\/v2\/product\/1773","targetHints":{"allow":["GET"]}}],"collection":[{"href":"https:\/\/airporttelecom.com\/nl\/wp-json\/wp\/v2\/product"}],"about":[{"href":"https:\/\/airporttelecom.com\/nl\/wp-json\/wp\/v2\/types\/product"}],"replies":[{"embeddable":true,"href":"https:\/\/airporttelecom.com\/nl\/wp-json\/wp\/v2\/comments?post=1773"}],"wp:featuredmedia":[{"embeddable":true,"href":"https:\/\/airporttelecom.com\/nl\/wp-json\/wp\/v2\/media\/1093"}],"wp:attachment":[{"href":"https:\/\/airporttelecom.com\/nl\/wp-json\/wp\/v2\/media?parent=1773"}],"wp:term":[{"taxonomy":"product_brand","embeddable":true,"href":"https:\/\/airporttelecom.com\/nl\/wp-json\/wp\/v2\/product_brand?post=1773"},{"taxonomy":"product_cat","embeddable":true,"href":"https:\/\/airporttelecom.com\/nl\/wp-json\/wp\/v2\/product_cat?post=1773"},{"taxonomy":"product_tag","embeddable":true,"href":"https:\/\/airporttelecom.com\/nl\/wp-json\/wp\/v2\/product_tag?post=1773"}],"curies":[{"name":"wp","href":"https:\/\/api.w.org\/{rel}","templated":true}]}}