{"id":191,"date":"2024-06-13T14:20:31","date_gmt":"2024-06-13T14:20:31","guid":{"rendered":"https:\/\/airporttelecom.outperforming.nl\/nl\/?post_type=product&#038;p=191"},"modified":"2025-11-12T07:10:10","modified_gmt":"2025-11-12T07:10:10","slug":"simkaart-mexico","status":"publish","type":"product","link":"https:\/\/airporttelecom.com\/nl\/simkaart\/mexico\/","title":{"rendered":"Simkaart Mexico"},"content":{"rendered":"","protected":false},"excerpt":{"rendered":"","protected":false},"featured_media":699,"comment_status":"open","ping_status":"closed","template":"","meta":{"_acf_changed":false,"_monsterinsights_skip_tracking":false,"_monsterinsights_sitenote_active":false,"_monsterinsights_sitenote_note":"","_monsterinsights_sitenote_category":0},"product_brand":[],"product_cat":[17],"product_tag":[36,24],"class_list":{"0":"post-191","1":"product","2":"type-product","3":"status-publish","4":"has-post-thumbnail","6":"product_cat-simkaart","7":"product_tag-simkaart-midden-amerika","8":"product_tag-simkaart-noord-amerika","10":"first","11":"instock","12":"taxable","13":"shipping-taxable","14":"purchasable","15":"product-type-variable","16":"has-default-attributes"},"acf":{"gebied_afbeelding":875,"vlag_afbeelding":192,"provider":["ATT","LIN"],"product_synoniemen":null,"product_bestel_velden":["vertrekdatum"],"product_omschrijving":"<h2>Mobiel bereikbaar in Mexico met simkaart Mexico<\/h2>\r\nMet de Mexicaanse prepaid simkaarten van Airport Telecom Schiphol kunt u in heel Mexico onbeperkt bellen en daarnaast gebruik maken van mobiel internet. U kunt kiezen uit een 5GB databundel en een Unlimited databundel. Beide simkaarten zowel in Mexico als in de USA. De bundels zijn zeer geschikt voor internetgebruik en geven u makkelijk toegang tot Email, Whatsapp, navigatie en andere internettoepassingen.\r\n<h2>Data en bellen in Mexico<\/h2>\r\nDe simkaarten hebben een eigen telefoonnummer. Bij de 5GB kaart zijn onbeperkt locaal bellen inbegrepen. Bij de Unlimited kaart zijn ook onbeperkt locale belminuten inbegrepen. Dat kan handig zijn om binnen Mexico bijvoorbeeld hotels en restaurants te bellen.\r\n<h2>Whatsapp met simkaart Mexico<\/h2>\r\nAlle gesprekken die via internet lopen zoals met Whatsapp, Skype, Facetime etc. zijn vanzelfsprekend ook mogelijk. U maakt dan immers gebruik van de databundel op de simkaart. Net als alle andere apps kunt u Whatsapp blijven gebruiken zoals u gewend bent. Zodra WhatsApp doorheeft dat er een andere simkaart in uw telefoon zit, kan Whatsapp vragen of u een nieuw account wil aanmaken of dat alles moet blijven zoals het was. Als u dan kiest voor het laatste, zal er op Whatsapp helemaal niets veranderen. U houdt dan gewoon uw bestaande WhatsApp identiteit met alle contacten, groepen en chats.\r\n<h2>Dekking met prepaid simkaart Mexico<\/h2>\r\nMexico is een gigantisch land met goede dekking voor de telefoon in de steden en bekende kustplaatsen als Playa del Carmen en Acapulco, maar met ook veel afgelegen gebieden waar geen zendmasten staan. In en om Mexico City is het bereik met de mobiele telefoon uitstekend dus Churro's etend in het Centro Hist\u00f3rico of kijkend naar \"The History of Mexico\" in het Palacio Nacional kunt u navigeren of foto's delen met het thuisfront. Op het platteland en in de bergen zal dit moeilijker zijn. In Cancun met de witte stranden en het bruisende nachtleven is er perfect mobiel internet en dat geldt ook voor Zihuatanejo, Cozumel en de vele andere bekende en drukbezochte plekken.\r\n<h2>Simkaart voor Mexico en Amerika<\/h2>\r\nZoals aangegeven, werken de simkaart 5GB en de simkaart Unlimited in zowel Mexico als Amerika. Met de simkaarten heeft U dus 5GB of onbeperkt data, en daarnaast onbeperkt bellen en gesprekken ontvangen in zowel Mexico als Amerika. Ideaal wanneer U zowel de Verenigde Staten als Mexico bezoekt.\r\n<h2>Gratis thuisbezorgd<\/h2>\r\nDe simkaart Mexico wordt gratis bij u thuisbezorgd in Nederland &amp; Belgi\u00eb. Bij bestelling op werkdagen v\u00f3\u00f3r 14.00h verzenden we dezelfde dag per post. Normaalgesproken vindt bezorging dan binnen \u00e9\u00e9n of twee werkdagen plaats. Sneller nodig? Kies dan voor de eSIM die direct per email wordt verzonden.","product_specificaties":"<h2>Voordelen simkaart Mexico<\/h2>\r\n<ul>\r\n \t<li>De sim Mexico is beschikbaar in alle maten (mini, micro en nano) en past in elke telefoon.<\/li>\r\n \t<li>In heel Mexico bereikbaar op \u00e9\u00e9n telefoonnummer. Met de simkaarten Mexico bent U ook in de USA op dit nummer bereikbaar.<\/li>\r\n \t<li>Hotspot en MIFI functionaliteit werkt met deze simkaart Mexico<\/li>\r\n<\/ul>\r\n<h2>Data &amp; bellen in Mexico<\/h2>\r\nEr zijn twee varianten van de simkaart Mexico:\r\n<h3>Sim 5GB data \u20ac 49,=<\/h3>\r\n<ul>\r\n \t<li>incl. onbeperkt locale belminuten in Mexico en USA<\/li>\r\n \t<li>incl. 5GB data in Mexico en USA<\/li>\r\n<\/ul>\r\n<h3>Sim Unlimited data \u20ac 69,= *<\/h3>\r\n<ul>\r\n \t<li>incl. ongelimiteerd locaal bellen naar Mexicaanse en USA nummers *<\/li>\r\n \t<li>incl. onbeperkt data in Mexico en USA *<\/li>\r\n<\/ul>\r\n&nbsp;\r\n\r\nDe databundels zijn 30 dagen geldig na activatie.\r\n\r\n(*) Er is een Fair Use Policy. Bij extreem datagebruik kan de provider in Mexico de mogelijkheden van de sim beperken.","product_handleiding":"<h2><span data-contrast=\"none\">Hoe installeer ik de simkaart Mexico in mijn telefoon?<\/span><span data-ccp-props=\"{&quot;134245418&quot;:true,&quot;134245529&quot;:true,&quot;335559738&quot;:160,&quot;335559739&quot;:80}\">\u00a0<\/span><\/h2>\r\n<span data-contrast=\"none\">Open het schuifje aan de zijkant van de telefoon. Dit kan met het pinnetje dat bij de telefoon is geleverd. Heb je dit niet dan kan je er \u00e9\u00e9n maken door een paperclip te verbuigen. Bij de simkaarten van Airport Telecom wordt ook een extra pinnetje geleverd.<\/span><span data-ccp-props=\"{}\">\u00a0<\/span>\r\n\r\n<span data-contrast=\"none\">Verwijder je eigen simkaart en bewaar deze goed! Plaats nu de nieuwe simkaart. Dit kan maar op \u00e9\u00e9n manier. Het kan zijn dat je een telefoon hebt waar meerdere simkaart in kunnen. Plaats de nieuwe simkaart er dan als extra kaart bij.<\/span><span data-ccp-props=\"{}\">\u00a0<\/span>\r\n\r\n<span data-contrast=\"none\">Duw het simkaart-schuifje nu terug in de telefoon. Als het goed is, kan je nu automatisch gebruik maken van de nieuwe sim. Mogelijk vraagt de telefoon om nog wat extra instellingen te doen.<\/span><span data-ccp-props=\"{}\">\u00a0<\/span>","product_veelgestelde_vragen":[{"vraag":"Welke simkaart in Mexico gebruiken? ","antwoord":"Bij een kort verblijf van een paar dagen heeft u waarschijnlijk niet zoveel data nodig. De 5GB databundel voor Mexico kan dan voldoende zijn. Applicaties zoals Whatsapp, Instagram en navigatie verbruiken niet veel data. Blijft u langer dan kan het handig zijn om voor Unlimited te kiezen zodat u zeker voldoende data heeft. De Unlimited simkaart biedt ook onbeperkt bellen binnen Mexico. "},{"vraag":"Waar koop je een simkaart voor Mexico? ","antwoord":"Een simkaart voor Mexico koop je bij Airport Telecom Schiphol. Afhalen kan in de winkel. Online bestellen kan ook en de simkaart wordt dan gratis thuisbezorgd. "}]},"yoast_head":"<!-- This site is optimized with the Yoast SEO Premium plugin v24.4 (Yoast SEO v27.3) - https:\/\/yoast.com\/product\/yoast-seo-premium-wordpress\/ -->\n<title>Simkaart Mexico kopen voor prepaid (onbeperkt) bellen en internet - Airport Telecom NL<\/title>\n<meta name=\"description\" content=\"Op zoek naar een prepaid Simkaart Mexico voor (onbeperkt) bellen en internet? Optimaal bereikbaar op reis in Simkaart Midden Amerika, Simkaart Noord-Amerika. Nu al te koop vanaf !\" \/>\n<meta name=\"robots\" content=\"index, follow, max-snippet:-1, max-image-preview:large, max-video-preview:-1\" \/>\n<link rel=\"canonical\" href=\"https:\/\/airporttelecom.com\/nl\/simkaart\/mexico\/\" \/>\n<meta property=\"og:locale\" content=\"nl_NL\" \/>\n<meta property=\"og:type\" content=\"article\" \/>\n<meta property=\"og:title\" content=\"Simkaart Mexico\" \/>\n<meta property=\"og:description\" content=\"Op zoek naar een prepaid Simkaart Mexico voor (onbeperkt) bellen en internet? Optimaal bereikbaar op reis in Simkaart Midden Amerika, Simkaart Noord-Amerika. Nu al te koop vanaf !\" \/>\n<meta property=\"og:url\" content=\"https:\/\/airporttelecom.com\/nl\/simkaart\/mexico\/\" \/>\n<meta property=\"og:site_name\" content=\"Airport Telecom NL\" \/>\n<meta property=\"article:modified_time\" content=\"2025-11-12T07:10:10+00:00\" \/>\n<meta property=\"og:image\" content=\"https:\/\/airporttelecom.com\/nl\/wp-content\/uploads\/sites\/4\/2024\/06\/Simkaart-Mexico.png?wsr\" \/>\n\t<meta property=\"og:image:width\" content=\"800\" \/>\n\t<meta property=\"og:image:height\" content=\"319\" \/>\n\t<meta property=\"og:image:type\" content=\"image\/png\" \/>\n<meta name=\"twitter:card\" content=\"summary_large_image\" \/>\n<meta name=\"twitter:label1\" content=\"Geschatte leestijd\" \/>\n\t<meta name=\"twitter:data1\" content=\"1 minuut\" \/>\n<script type=\"application\/ld+json\" class=\"yoast-schema-graph\">{\"@context\":\"https:\\\/\\\/schema.org\",\"@graph\":[{\"@type\":\"WebPage\",\"@id\":\"https:\\\/\\\/airporttelecom.com\\\/nl\\\/simkaart\\\/mexico\\\/\",\"url\":\"https:\\\/\\\/airporttelecom.com\\\/nl\\\/simkaart\\\/mexico\\\/\",\"name\":\"Simkaart Mexico kopen voor prepaid (onbeperkt) bellen en internet - Airport Telecom NL\",\"isPartOf\":{\"@id\":\"https:\\\/\\\/airporttelecom.com\\\/nl\\\/#website\"},\"primaryImageOfPage\":{\"@id\":\"https:\\\/\\\/airporttelecom.com\\\/nl\\\/simkaart\\\/mexico\\\/#primaryimage\"},\"image\":{\"@id\":\"https:\\\/\\\/airporttelecom.com\\\/nl\\\/simkaart\\\/mexico\\\/#primaryimage\"},\"thumbnailUrl\":\"https:\\\/\\\/airporttelecom.com\\\/nl\\\/wp-content\\\/uploads\\\/sites\\\/4\\\/2024\\\/06\\\/Simkaart-Mexico.png\",\"datePublished\":\"2024-06-13T14:20:31+00:00\",\"dateModified\":\"2025-11-12T07:10:10+00:00\",\"description\":\"Op zoek naar een prepaid Simkaart Mexico voor (onbeperkt) bellen en internet? Optimaal bereikbaar op reis in Simkaart Midden Amerika, Simkaart Noord-Amerika. Nu al te koop vanaf !\",\"breadcrumb\":{\"@id\":\"https:\\\/\\\/airporttelecom.com\\\/nl\\\/simkaart\\\/mexico\\\/#breadcrumb\"},\"inLanguage\":\"nl-NL\",\"potentialAction\":[{\"@type\":\"ReadAction\",\"target\":[\"https:\\\/\\\/airporttelecom.com\\\/nl\\\/simkaart\\\/mexico\\\/\"]}]},{\"@type\":\"ImageObject\",\"inLanguage\":\"nl-NL\",\"@id\":\"https:\\\/\\\/airporttelecom.com\\\/nl\\\/simkaart\\\/mexico\\\/#primaryimage\",\"url\":\"https:\\\/\\\/airporttelecom.com\\\/nl\\\/wp-content\\\/uploads\\\/sites\\\/4\\\/2024\\\/06\\\/Simkaart-Mexico.png\",\"contentUrl\":\"https:\\\/\\\/airporttelecom.com\\\/nl\\\/wp-content\\\/uploads\\\/sites\\\/4\\\/2024\\\/06\\\/Simkaart-Mexico.png\",\"width\":800,\"height\":319,\"caption\":\"Simkaart Mexico\"},{\"@type\":\"BreadcrumbList\",\"@id\":\"https:\\\/\\\/airporttelecom.com\\\/nl\\\/simkaart\\\/mexico\\\/#breadcrumb\",\"itemListElement\":[{\"@type\":\"ListItem\",\"position\":1,\"name\":\"Home\",\"item\":\"https:\\\/\\\/airporttelecom.com\\\/nl\\\/\"},{\"@type\":\"ListItem\",\"position\":2,\"name\":\"Simkaart\",\"item\":\"https:\\\/\\\/airporttelecom.com\\\/nl\\\/simkaart\\\/\"},{\"@type\":\"ListItem\",\"position\":3,\"name\":\"Mexico\"}]},{\"@type\":\"WebSite\",\"@id\":\"https:\\\/\\\/airporttelecom.com\\\/nl\\\/#website\",\"url\":\"https:\\\/\\\/airporttelecom.com\\\/nl\\\/\",\"name\":\"Airport Telecom\",\"description\":\"\",\"publisher\":{\"@id\":\"https:\\\/\\\/airporttelecom.com\\\/nl\\\/#organization\"},\"potentialAction\":[{\"@type\":\"SearchAction\",\"target\":{\"@type\":\"EntryPoint\",\"urlTemplate\":\"https:\\\/\\\/airporttelecom.com\\\/nl\\\/?s={search_term_string}\"},\"query-input\":{\"@type\":\"PropertyValueSpecification\",\"valueRequired\":true,\"valueName\":\"search_term_string\"}}],\"inLanguage\":\"nl-NL\"},{\"@type\":\"Organization\",\"@id\":\"https:\\\/\\\/airporttelecom.com\\\/nl\\\/#organization\",\"name\":\"Airport Telecom\",\"url\":\"https:\\\/\\\/airporttelecom.com\\\/nl\\\/\",\"logo\":{\"@type\":\"ImageObject\",\"inLanguage\":\"nl-NL\",\"@id\":\"https:\\\/\\\/airporttelecom.com\\\/nl\\\/#\\\/schema\\\/logo\\\/image\\\/\",\"url\":\"https:\\\/\\\/airporttelecom.com\\\/nl\\\/wp-content\\\/uploads\\\/sites\\\/4\\\/2024\\\/06\\\/icon.png\",\"contentUrl\":\"https:\\\/\\\/airporttelecom.com\\\/nl\\\/wp-content\\\/uploads\\\/sites\\\/4\\\/2024\\\/06\\\/icon.png\",\"width\":110,\"height\":110,\"caption\":\"Airport Telecom\"},\"image\":{\"@id\":\"https:\\\/\\\/airporttelecom.com\\\/nl\\\/#\\\/schema\\\/logo\\\/image\\\/\"}}]}<\/script>\n<!-- \/ Yoast SEO Premium plugin. -->","yoast_head_json":{"title":"Simkaart Mexico kopen voor prepaid (onbeperkt) bellen en internet - Airport Telecom NL","description":"Op zoek naar een prepaid Simkaart Mexico voor (onbeperkt) bellen en internet? Optimaal bereikbaar op reis in Simkaart Midden Amerika, Simkaart Noord-Amerika. Nu al te koop vanaf !","robots":{"index":"index","follow":"follow","max-snippet":"max-snippet:-1","max-image-preview":"max-image-preview:large","max-video-preview":"max-video-preview:-1"},"canonical":"https:\/\/airporttelecom.com\/nl\/simkaart\/mexico\/","og_locale":"nl_NL","og_type":"article","og_title":"Simkaart Mexico","og_description":"Op zoek naar een prepaid Simkaart Mexico voor (onbeperkt) bellen en internet? Optimaal bereikbaar op reis in Simkaart Midden Amerika, Simkaart Noord-Amerika. Nu al te koop vanaf !","og_url":"https:\/\/airporttelecom.com\/nl\/simkaart\/mexico\/","og_site_name":"Airport Telecom NL","article_modified_time":"2025-11-12T07:10:10+00:00","og_image":[{"width":800,"height":319,"url":"https:\/\/airporttelecom.com\/nl\/wp-content\/uploads\/sites\/4\/2024\/06\/Simkaart-Mexico.png?wsr","type":"image\/png"}],"twitter_card":"summary_large_image","twitter_misc":{"Geschatte leestijd":"1 minuut"},"schema":{"@context":"https:\/\/schema.org","@graph":[{"@type":"WebPage","@id":"https:\/\/airporttelecom.com\/nl\/simkaart\/mexico\/","url":"https:\/\/airporttelecom.com\/nl\/simkaart\/mexico\/","name":"Simkaart Mexico kopen voor prepaid (onbeperkt) bellen en internet - Airport Telecom NL","isPartOf":{"@id":"https:\/\/airporttelecom.com\/nl\/#website"},"primaryImageOfPage":{"@id":"https:\/\/airporttelecom.com\/nl\/simkaart\/mexico\/#primaryimage"},"image":{"@id":"https:\/\/airporttelecom.com\/nl\/simkaart\/mexico\/#primaryimage"},"thumbnailUrl":"https:\/\/airporttelecom.com\/nl\/wp-content\/uploads\/sites\/4\/2024\/06\/Simkaart-Mexico.png","datePublished":"2024-06-13T14:20:31+00:00","dateModified":"2025-11-12T07:10:10+00:00","description":"Op zoek naar een prepaid Simkaart Mexico voor (onbeperkt) bellen en internet? Optimaal bereikbaar op reis in Simkaart Midden Amerika, Simkaart Noord-Amerika. Nu al te koop vanaf !","breadcrumb":{"@id":"https:\/\/airporttelecom.com\/nl\/simkaart\/mexico\/#breadcrumb"},"inLanguage":"nl-NL","potentialAction":[{"@type":"ReadAction","target":["https:\/\/airporttelecom.com\/nl\/simkaart\/mexico\/"]}]},{"@type":"ImageObject","inLanguage":"nl-NL","@id":"https:\/\/airporttelecom.com\/nl\/simkaart\/mexico\/#primaryimage","url":"https:\/\/airporttelecom.com\/nl\/wp-content\/uploads\/sites\/4\/2024\/06\/Simkaart-Mexico.png","contentUrl":"https:\/\/airporttelecom.com\/nl\/wp-content\/uploads\/sites\/4\/2024\/06\/Simkaart-Mexico.png","width":800,"height":319,"caption":"Simkaart Mexico"},{"@type":"BreadcrumbList","@id":"https:\/\/airporttelecom.com\/nl\/simkaart\/mexico\/#breadcrumb","itemListElement":[{"@type":"ListItem","position":1,"name":"Home","item":"https:\/\/airporttelecom.com\/nl\/"},{"@type":"ListItem","position":2,"name":"Simkaart","item":"https:\/\/airporttelecom.com\/nl\/simkaart\/"},{"@type":"ListItem","position":3,"name":"Mexico"}]},{"@type":"WebSite","@id":"https:\/\/airporttelecom.com\/nl\/#website","url":"https:\/\/airporttelecom.com\/nl\/","name":"Airport Telecom","description":"","publisher":{"@id":"https:\/\/airporttelecom.com\/nl\/#organization"},"potentialAction":[{"@type":"SearchAction","target":{"@type":"EntryPoint","urlTemplate":"https:\/\/airporttelecom.com\/nl\/?s={search_term_string}"},"query-input":{"@type":"PropertyValueSpecification","valueRequired":true,"valueName":"search_term_string"}}],"inLanguage":"nl-NL"},{"@type":"Organization","@id":"https:\/\/airporttelecom.com\/nl\/#organization","name":"Airport Telecom","url":"https:\/\/airporttelecom.com\/nl\/","logo":{"@type":"ImageObject","inLanguage":"nl-NL","@id":"https:\/\/airporttelecom.com\/nl\/#\/schema\/logo\/image\/","url":"https:\/\/airporttelecom.com\/nl\/wp-content\/uploads\/sites\/4\/2024\/06\/icon.png","contentUrl":"https:\/\/airporttelecom.com\/nl\/wp-content\/uploads\/sites\/4\/2024\/06\/icon.png","width":110,"height":110,"caption":"Airport Telecom"},"image":{"@id":"https:\/\/airporttelecom.com\/nl\/#\/schema\/logo\/image\/"}}]}},"_links":{"self":[{"href":"https:\/\/airporttelecom.com\/nl\/wp-json\/wp\/v2\/product\/191","targetHints":{"allow":["GET"]}}],"collection":[{"href":"https:\/\/airporttelecom.com\/nl\/wp-json\/wp\/v2\/product"}],"about":[{"href":"https:\/\/airporttelecom.com\/nl\/wp-json\/wp\/v2\/types\/product"}],"replies":[{"embeddable":true,"href":"https:\/\/airporttelecom.com\/nl\/wp-json\/wp\/v2\/comments?post=191"}],"wp:featuredmedia":[{"embeddable":true,"href":"https:\/\/airporttelecom.com\/nl\/wp-json\/wp\/v2\/media\/699"}],"wp:attachment":[{"href":"https:\/\/airporttelecom.com\/nl\/wp-json\/wp\/v2\/media?parent=191"}],"wp:term":[{"taxonomy":"product_brand","embeddable":true,"href":"https:\/\/airporttelecom.com\/nl\/wp-json\/wp\/v2\/product_brand?post=191"},{"taxonomy":"product_cat","embeddable":true,"href":"https:\/\/airporttelecom.com\/nl\/wp-json\/wp\/v2\/product_cat?post=191"},{"taxonomy":"product_tag","embeddable":true,"href":"https:\/\/airporttelecom.com\/nl\/wp-json\/wp\/v2\/product_tag?post=191"}],"curies":[{"name":"wp","href":"https:\/\/api.w.org\/{rel}","templated":true}]}}