{"id":260,"date":"2024-06-18T13:34:53","date_gmt":"2024-06-18T13:34:53","guid":{"rendered":"https:\/\/airporttelecom.outperforming.nl\/nl\/?post_type=product&#038;p=260"},"modified":"2025-11-14T04:05:45","modified_gmt":"2025-11-14T04:05:45","slug":"simkaart-india","status":"publish","type":"product","link":"https:\/\/airporttelecom.com\/nl\/simkaart\/india\/","title":{"rendered":"Simkaart India"},"content":{"rendered":"","protected":false},"excerpt":{"rendered":"","protected":false},"featured_media":681,"comment_status":"open","ping_status":"closed","template":"","meta":{"_acf_changed":false,"_monsterinsights_skip_tracking":false,"_monsterinsights_sitenote_active":false,"_monsterinsights_sitenote_note":"","_monsterinsights_sitenote_category":0},"product_brand":[],"product_cat":[17],"product_tag":[28],"class_list":{"0":"post-260","1":"product","2":"type-product","3":"status-publish","4":"has-post-thumbnail","6":"product_cat-simkaart","7":"product_tag-simkaart-azie","9":"first","10":"instock","11":"taxable","12":"shipping-taxable","13":"purchasable","14":"product-type-variable","15":"has-default-attributes"},"acf":{"gebied_afbeelding":690,"vlag_afbeelding":261,"provider":["NEX"],"product_synoniemen":null,"product_bestel_velden":["vertrekdatum"],"product_omschrijving":"<h2>Mobiel bereikbaar met een simkaart voor India<\/h2>\r\nMet de prepaid simkaarten India van Airport Telecom kunt u in heel India gebruik maken van mobiel internet. U kunt kiezen uit verschillende data- en belbundels. Deze bundels zijn zeer geschikt voor internetgebruik en geven u via een snelle 4G\/5G verbinding toegang tot Email, Whatsapp, navigatie en andere internettoepassingen.\r\n<h2>Data en bellen op reis in India<\/h2>\r\nDe simkaarten voor India kunt u kopen met een 10GB en Unlimited databundel. Elke simkaart heeft een eigen telefoonnummer waarop u gratis gesprekken kunt ontvangen in India. Bij zowel de 10GB als de Unlimited simkaart voor is ook bellen binnen India inbegrepen.\r\n<h2>Whatsapp met simkaart India<\/h2>\r\nAlle gesprekken die via internet lopen zoals met Whatsapp, Skype en FaceTime zijn vanzelfsprekend ook mogelijk met de simkaarten voor India. U maakt dan gebruik van de databundel op de simkaart. Whatsapp kunt u altijd blijven gebruiken met uw eigen bestaande contacten, groepen en chats. Na het plaatsen van een prepaid simkaart kan Whatsapp vragen of u een nieuwe identiteit wilt aanmaken of dat alles bij het oude moet blijven. Kies dan voor het laatste en er veranderd niets. U kunt met Whatsapp dan gewoon berichten blijven versturen en bellen zoals u gewend bent.\r\n<h2>Mobiele dekking in India<\/h2>\r\nDe snelle ontwikkeling van India zorgt ook voor een goed netwerk in dit reusachtige land. Hierdoor is er vrijwel overal in India snel internet. Van New Delhi in het noorden tot de prachtige Minakshi tempel in Madurai in het zuiden van India. De Taj Mahal kunt u moeiteloos op uw Instagram feed delen, en uw familie en vrienden kunt u laten zien hoe u geniet op de schitterende stranden van Goa, of van het kleurrijke Holi feest. Ook fijn om uw naasten gerust te stellen met een Whatsapp berichtje als u de tijgers in het Jim Corbett Tiger Reserve een bezoekje brengt! Vooral langs de Pakistaanse grens, maar ook rondom de vele natuurgebieden, zoals Keoladeo National Park zijn er minder zendmasten dus hier kunt u minder verbinding verwachten. Maar rond alle steden in India bestaat een zeer goed netwerk waar het mobiele internet prima is.\r\n<h2>Gratis thuisbezorgd<\/h2>\r\nDe simkaart India wordt gratis bij u thuisbezorgd in Nederland &amp; Belgi\u00eb. Bij bestelling op werkdagen v\u00f3\u00f3r 14.00h verzenden we dezelfde dag per post. Normaalgesproken vindt bezorging dan binnen \u00e9\u00e9n of twee werkdagen plaats. Sneller nodig? Kies dan voor de eSIM die direct per email wordt verzonden.\r\n\r\n&nbsp;","product_specificaties":"<h2>Voordelen simkaart India<\/h2>\r\nDe simkaart India is beschikbaar in alle maten (mini, micro en nano) en past in elke telefoon.\r\n\r\n&nbsp;\r\n<h2>&amp; bellen in India<\/h2>\r\nEr zijn twee varianten van de simkaart India:\r\n\r\n&nbsp;\r\n<h3>10GB data \u20ac 59,=<\/h3>\r\nIncl. 10GB data\r\nIncl. 500 locale belminuten\r\n\r\n&nbsp;\r\n<h3>Unlimited data \u20ac 89,= *<\/h3>\r\nIncl. onbeperkt data *\r\nIncl. onbeperkt locaal bellen *\r\n\r\n&nbsp;\r\n\r\nDe databundels zijn 30 dagen geldig na activatie.\r\n*) Er is een Fair Use Policy. Bij extreem datagebruik of belgedrag kunnen de mogelijkheden van de sim worden beperkt door de provider.","product_handleiding":"<h2><span data-contrast=\"none\">Hoe installeer ik de simkaart India in mijn telefoon?<\/span><span data-ccp-props=\"{&quot;134245418&quot;:true,&quot;134245529&quot;:true,&quot;335559738&quot;:160,&quot;335559739&quot;:80}\">\u00a0<\/span><\/h2>\r\n<span data-contrast=\"none\">Open het schuifje aan de zijkant van de telefoon. Dit kan met het pinnetje dat bij de telefoon is geleverd. Heb je dit niet dan kan je er \u00e9\u00e9n maken door een paperclip te verbuigen. Bij de simkaarten van Airport Telecom wordt ook een extra pinnetje geleverd.<\/span><span data-ccp-props=\"{}\">\u00a0<\/span>\r\n\r\n<span data-contrast=\"none\">Verwijder je eigen simkaart en bewaar deze goed! Plaats nu de nieuwe simkaart. Dit kan maar op \u00e9\u00e9n manier. Het kan zijn dat je een telefoon hebt waar meerdere simkaart in kunnen. Plaats de nieuwe simkaart er dan als extra kaart bij.<\/span><span data-ccp-props=\"{}\">\u00a0<\/span>\r\n\r\n<span data-contrast=\"none\">Duw het simkaart-schuifje nu terug in de telefoon. Als het goed is, kan je nu automatisch gebruik maken van de nieuwe sim. Mogelijk vraagt de telefoon om nog wat extra instellingen te doen.<\/span><span data-ccp-props=\"{}\">\u00a0<\/span>","product_veelgestelde_vragen":[{"vraag":"Welke simkaart in India gebruiken? ","antwoord":"Bij een kort verblijf van een paar dagen heeft u waarschijnlijk niet zoveel data nodig. De 10GB databundel voor India kan dan voldoende zijn. Applicaties zoals Whatsapp, Instagram en navigatie verbruiken niet veel data. Blijft u langer dan kan het handig zijn om voor Unlimited te kiezen zodat u zeker voldoende data heeft. De Unlimited simkaart biedt ook onbeperkt bellen binnen India. "},{"vraag":"Waar koop je een simkaart voor India? ","antwoord":"Een simkaart voor India koop je bij Airport Telecom Schiphol. Afhalen kan in de winkel. Online bestellen kan ook en de simkaart wordt dan gratis thuisbezorgd. "}]},"yoast_head":"<!-- This site is optimized with the Yoast SEO Premium plugin v24.4 (Yoast SEO v26.9) - https:\/\/yoast.com\/product\/yoast-seo-premium-wordpress\/ -->\n<title>Simkaart India kopen voor prepaid (onbeperkt) bellen en internet - Airport Telecom NL<\/title>\n<meta name=\"description\" content=\"Op zoek naar een prepaid Simkaart India voor (onbeperkt) bellen en internet? Optimaal bereikbaar op reis in Simkaart Azie. Nu al te koop vanaf !\" \/>\n<meta name=\"robots\" content=\"index, follow, max-snippet:-1, max-image-preview:large, max-video-preview:-1\" \/>\n<link rel=\"canonical\" href=\"https:\/\/airporttelecom.com\/nl\/simkaart\/india\/\" \/>\n<meta property=\"og:locale\" content=\"nl_NL\" \/>\n<meta property=\"og:type\" content=\"article\" \/>\n<meta property=\"og:title\" content=\"Simkaart India\" \/>\n<meta property=\"og:description\" content=\"Op zoek naar een prepaid Simkaart India voor (onbeperkt) bellen en internet? Optimaal bereikbaar op reis in Simkaart Azie. Nu al te koop vanaf !\" \/>\n<meta property=\"og:url\" content=\"https:\/\/airporttelecom.com\/nl\/simkaart\/india\/\" \/>\n<meta property=\"og:site_name\" content=\"Airport Telecom NL\" \/>\n<meta property=\"article:modified_time\" content=\"2025-11-14T04:05:45+00:00\" \/>\n<meta property=\"og:image\" content=\"https:\/\/airporttelecom.com\/nl\/wp-content\/uploads\/sites\/4\/2024\/06\/Simkaart-India.png?wsr\" \/>\n\t<meta property=\"og:image:width\" content=\"800\" \/>\n\t<meta property=\"og:image:height\" content=\"318\" \/>\n\t<meta property=\"og:image:type\" content=\"image\/png\" \/>\n<meta name=\"twitter:card\" content=\"summary_large_image\" \/>\n<meta name=\"twitter:label1\" content=\"Geschatte leestijd\" \/>\n\t<meta name=\"twitter:data1\" content=\"1 minuut\" \/>\n<script type=\"application\/ld+json\" class=\"yoast-schema-graph\">{\"@context\":\"https:\/\/schema.org\",\"@graph\":[{\"@type\":\"WebPage\",\"@id\":\"https:\/\/airporttelecom.com\/nl\/simkaart\/india\/\",\"url\":\"https:\/\/airporttelecom.com\/nl\/simkaart\/india\/\",\"name\":\"Simkaart India kopen voor prepaid (onbeperkt) bellen en internet - Airport Telecom NL\",\"isPartOf\":{\"@id\":\"https:\/\/airporttelecom.com\/nl\/#website\"},\"primaryImageOfPage\":{\"@id\":\"https:\/\/airporttelecom.com\/nl\/simkaart\/india\/#primaryimage\"},\"image\":{\"@id\":\"https:\/\/airporttelecom.com\/nl\/simkaart\/india\/#primaryimage\"},\"thumbnailUrl\":\"https:\/\/airporttelecom.com\/nl\/wp-content\/uploads\/sites\/4\/2024\/06\/Simkaart-India.png\",\"datePublished\":\"2024-06-18T13:34:53+00:00\",\"dateModified\":\"2025-11-14T04:05:45+00:00\",\"description\":\"Op zoek naar een prepaid Simkaart India voor (onbeperkt) bellen en internet? Optimaal bereikbaar op reis in Simkaart Azie. Nu al te koop vanaf !\",\"breadcrumb\":{\"@id\":\"https:\/\/airporttelecom.com\/nl\/simkaart\/india\/#breadcrumb\"},\"inLanguage\":\"nl-NL\",\"potentialAction\":[{\"@type\":\"ReadAction\",\"target\":[\"https:\/\/airporttelecom.com\/nl\/simkaart\/india\/\"]}]},{\"@type\":\"ImageObject\",\"inLanguage\":\"nl-NL\",\"@id\":\"https:\/\/airporttelecom.com\/nl\/simkaart\/india\/#primaryimage\",\"url\":\"https:\/\/airporttelecom.com\/nl\/wp-content\/uploads\/sites\/4\/2024\/06\/Simkaart-India.png\",\"contentUrl\":\"https:\/\/airporttelecom.com\/nl\/wp-content\/uploads\/sites\/4\/2024\/06\/Simkaart-India.png\",\"width\":800,\"height\":318,\"caption\":\"Simkaart India\"},{\"@type\":\"BreadcrumbList\",\"@id\":\"https:\/\/airporttelecom.com\/nl\/simkaart\/india\/#breadcrumb\",\"itemListElement\":[{\"@type\":\"ListItem\",\"position\":1,\"name\":\"Home\",\"item\":\"https:\/\/airporttelecom.com\/nl\/\"},{\"@type\":\"ListItem\",\"position\":2,\"name\":\"Simkaart\",\"item\":\"https:\/\/airporttelecom.com\/nl\/simkaart\/\"},{\"@type\":\"ListItem\",\"position\":3,\"name\":\"India\"}]},{\"@type\":\"WebSite\",\"@id\":\"https:\/\/airporttelecom.com\/nl\/#website\",\"url\":\"https:\/\/airporttelecom.com\/nl\/\",\"name\":\"Airport Telecom\",\"description\":\"\",\"publisher\":{\"@id\":\"https:\/\/airporttelecom.com\/nl\/#organization\"},\"potentialAction\":[{\"@type\":\"SearchAction\",\"target\":{\"@type\":\"EntryPoint\",\"urlTemplate\":\"https:\/\/airporttelecom.com\/nl\/?s={search_term_string}\"},\"query-input\":{\"@type\":\"PropertyValueSpecification\",\"valueRequired\":true,\"valueName\":\"search_term_string\"}}],\"inLanguage\":\"nl-NL\"},{\"@type\":\"Organization\",\"@id\":\"https:\/\/airporttelecom.com\/nl\/#organization\",\"name\":\"Airport Telecom\",\"url\":\"https:\/\/airporttelecom.com\/nl\/\",\"logo\":{\"@type\":\"ImageObject\",\"inLanguage\":\"nl-NL\",\"@id\":\"https:\/\/airporttelecom.com\/nl\/#\/schema\/logo\/image\/\",\"url\":\"https:\/\/airporttelecom.com\/nl\/wp-content\/uploads\/sites\/4\/2024\/06\/icon.png\",\"contentUrl\":\"https:\/\/airporttelecom.com\/nl\/wp-content\/uploads\/sites\/4\/2024\/06\/icon.png\",\"width\":110,\"height\":110,\"caption\":\"Airport Telecom\"},\"image\":{\"@id\":\"https:\/\/airporttelecom.com\/nl\/#\/schema\/logo\/image\/\"}}]}<\/script>\n<!-- \/ Yoast SEO Premium plugin. -->","yoast_head_json":{"title":"Simkaart India kopen voor prepaid (onbeperkt) bellen en internet - Airport Telecom NL","description":"Op zoek naar een prepaid Simkaart India voor (onbeperkt) bellen en internet? Optimaal bereikbaar op reis in Simkaart Azie. Nu al te koop vanaf !","robots":{"index":"index","follow":"follow","max-snippet":"max-snippet:-1","max-image-preview":"max-image-preview:large","max-video-preview":"max-video-preview:-1"},"canonical":"https:\/\/airporttelecom.com\/nl\/simkaart\/india\/","og_locale":"nl_NL","og_type":"article","og_title":"Simkaart India","og_description":"Op zoek naar een prepaid Simkaart India voor (onbeperkt) bellen en internet? Optimaal bereikbaar op reis in Simkaart Azie. Nu al te koop vanaf !","og_url":"https:\/\/airporttelecom.com\/nl\/simkaart\/india\/","og_site_name":"Airport Telecom NL","article_modified_time":"2025-11-14T04:05:45+00:00","og_image":[{"width":800,"height":318,"url":"https:\/\/airporttelecom.com\/nl\/wp-content\/uploads\/sites\/4\/2024\/06\/Simkaart-India.png?wsr","type":"image\/png"}],"twitter_card":"summary_large_image","twitter_misc":{"Geschatte leestijd":"1 minuut"},"schema":{"@context":"https:\/\/schema.org","@graph":[{"@type":"WebPage","@id":"https:\/\/airporttelecom.com\/nl\/simkaart\/india\/","url":"https:\/\/airporttelecom.com\/nl\/simkaart\/india\/","name":"Simkaart India kopen voor prepaid (onbeperkt) bellen en internet - Airport Telecom NL","isPartOf":{"@id":"https:\/\/airporttelecom.com\/nl\/#website"},"primaryImageOfPage":{"@id":"https:\/\/airporttelecom.com\/nl\/simkaart\/india\/#primaryimage"},"image":{"@id":"https:\/\/airporttelecom.com\/nl\/simkaart\/india\/#primaryimage"},"thumbnailUrl":"https:\/\/airporttelecom.com\/nl\/wp-content\/uploads\/sites\/4\/2024\/06\/Simkaart-India.png","datePublished":"2024-06-18T13:34:53+00:00","dateModified":"2025-11-14T04:05:45+00:00","description":"Op zoek naar een prepaid Simkaart India voor (onbeperkt) bellen en internet? Optimaal bereikbaar op reis in Simkaart Azie. Nu al te koop vanaf !","breadcrumb":{"@id":"https:\/\/airporttelecom.com\/nl\/simkaart\/india\/#breadcrumb"},"inLanguage":"nl-NL","potentialAction":[{"@type":"ReadAction","target":["https:\/\/airporttelecom.com\/nl\/simkaart\/india\/"]}]},{"@type":"ImageObject","inLanguage":"nl-NL","@id":"https:\/\/airporttelecom.com\/nl\/simkaart\/india\/#primaryimage","url":"https:\/\/airporttelecom.com\/nl\/wp-content\/uploads\/sites\/4\/2024\/06\/Simkaart-India.png","contentUrl":"https:\/\/airporttelecom.com\/nl\/wp-content\/uploads\/sites\/4\/2024\/06\/Simkaart-India.png","width":800,"height":318,"caption":"Simkaart India"},{"@type":"BreadcrumbList","@id":"https:\/\/airporttelecom.com\/nl\/simkaart\/india\/#breadcrumb","itemListElement":[{"@type":"ListItem","position":1,"name":"Home","item":"https:\/\/airporttelecom.com\/nl\/"},{"@type":"ListItem","position":2,"name":"Simkaart","item":"https:\/\/airporttelecom.com\/nl\/simkaart\/"},{"@type":"ListItem","position":3,"name":"India"}]},{"@type":"WebSite","@id":"https:\/\/airporttelecom.com\/nl\/#website","url":"https:\/\/airporttelecom.com\/nl\/","name":"Airport Telecom","description":"","publisher":{"@id":"https:\/\/airporttelecom.com\/nl\/#organization"},"potentialAction":[{"@type":"SearchAction","target":{"@type":"EntryPoint","urlTemplate":"https:\/\/airporttelecom.com\/nl\/?s={search_term_string}"},"query-input":{"@type":"PropertyValueSpecification","valueRequired":true,"valueName":"search_term_string"}}],"inLanguage":"nl-NL"},{"@type":"Organization","@id":"https:\/\/airporttelecom.com\/nl\/#organization","name":"Airport Telecom","url":"https:\/\/airporttelecom.com\/nl\/","logo":{"@type":"ImageObject","inLanguage":"nl-NL","@id":"https:\/\/airporttelecom.com\/nl\/#\/schema\/logo\/image\/","url":"https:\/\/airporttelecom.com\/nl\/wp-content\/uploads\/sites\/4\/2024\/06\/icon.png","contentUrl":"https:\/\/airporttelecom.com\/nl\/wp-content\/uploads\/sites\/4\/2024\/06\/icon.png","width":110,"height":110,"caption":"Airport Telecom"},"image":{"@id":"https:\/\/airporttelecom.com\/nl\/#\/schema\/logo\/image\/"}}]}},"_links":{"self":[{"href":"https:\/\/airporttelecom.com\/nl\/wp-json\/wp\/v2\/product\/260","targetHints":{"allow":["GET"]}}],"collection":[{"href":"https:\/\/airporttelecom.com\/nl\/wp-json\/wp\/v2\/product"}],"about":[{"href":"https:\/\/airporttelecom.com\/nl\/wp-json\/wp\/v2\/types\/product"}],"replies":[{"embeddable":true,"href":"https:\/\/airporttelecom.com\/nl\/wp-json\/wp\/v2\/comments?post=260"}],"wp:featuredmedia":[{"embeddable":true,"href":"https:\/\/airporttelecom.com\/nl\/wp-json\/wp\/v2\/media\/681"}],"wp:attachment":[{"href":"https:\/\/airporttelecom.com\/nl\/wp-json\/wp\/v2\/media?parent=260"}],"wp:term":[{"taxonomy":"product_brand","embeddable":true,"href":"https:\/\/airporttelecom.com\/nl\/wp-json\/wp\/v2\/product_brand?post=260"},{"taxonomy":"product_cat","embeddable":true,"href":"https:\/\/airporttelecom.com\/nl\/wp-json\/wp\/v2\/product_cat?post=260"},{"taxonomy":"product_tag","embeddable":true,"href":"https:\/\/airporttelecom.com\/nl\/wp-json\/wp\/v2\/product_tag?post=260"}],"curies":[{"name":"wp","href":"https:\/\/api.w.org\/{rel}","templated":true}]}}