{"id":262,"date":"2024-06-18T13:36:34","date_gmt":"2024-06-18T13:36:34","guid":{"rendered":"https:\/\/airporttelecom.outperforming.nl\/nl\/?post_type=product&#038;p=262"},"modified":"2025-11-14T04:05:27","modified_gmt":"2025-11-14T04:05:27","slug":"simkaart-indonesie","status":"publish","type":"product","link":"https:\/\/airporttelecom.com\/nl\/simkaart\/indonesie\/","title":{"rendered":"Simkaart Indonesi\u00eb"},"content":{"rendered":"","protected":false},"excerpt":{"rendered":"","protected":false},"featured_media":695,"comment_status":"open","ping_status":"closed","template":"","meta":{"_acf_changed":false,"_monsterinsights_skip_tracking":false,"_monsterinsights_sitenote_active":false,"_monsterinsights_sitenote_note":"","_monsterinsights_sitenote_category":0},"product_brand":[],"product_cat":[17],"product_tag":[28],"class_list":{"0":"post-262","1":"product","2":"type-product","3":"status-publish","4":"has-post-thumbnail","6":"product_cat-simkaart","7":"product_tag-simkaart-azie","9":"first","10":"instock","11":"taxable","12":"shipping-taxable","13":"purchasable","14":"product-type-variable","15":"has-default-attributes"},"acf":{"gebied_afbeelding":647,"vlag_afbeelding":263,"provider":["THR"],"product_synoniemen":null,"product_bestel_velden":"","product_omschrijving":"<h2>Mobiel bereikbaar in Indonesi\u00eb met simkaart Indonesi\u00eb<\/h2>\r\nMet een prepaid simkaart Indonesi\u00eb van Airport Telecom bent u in heel Indonesi\u00eb bereikbaar op \u00e9\u00e9n telefoonnummer. Bovendien heeft u 12GB of 30GB data. Deze kaarten zijn dus zeer geschikt voor internetgebruik. Let echter op, want u kunt met deze prepaid simkaarten wel inkomende telefoongesprekken ontvangen in Indonesi\u00eb, maar u kunt er geen normale uitgaande telefoon-gesprekken mee voeren. Alle gesprekken die via internet lopen zoals met Whatsapp, Skype, Facetime etc. zijn vanzelfsprekend wel mogelijk. U maakt dan immers gebruik van de databundel op de simkaart.\r\n<h2>Internet en bellen op reis in Indonesi\u00eb<\/h2>\r\nHet telefoonnummer van de prepaid simkaart waarop u in Indonesi\u00eb bereikbaar zult zijn, ontvangt u per SMS na activatie van de sim. Het is een Engels (+44) nummer. We hebben hiervoor gekozen omdat de betreffende sim een hele goede databundel in Indonesi\u00eb biedt en gebruik maakt van de grootste Indonesi\u00ebische mobiele netwerken. Bovendien is bij deze simkaart geen registratie van de gebruiker nodig in Indonesi\u00eb.\r\n<h2>Whatsapp met simkaart Indonesi\u00eb<\/h2>\r\nWhatsapp kunt u blijven gebruiken met uw eigen bestaande contacten, groepen en chats. Na het plaatsen van een prepaid simkaart kan Whatsapp vragen of u een nieuwe identiteit wilt aanmaken of dat alles bij het oude moet blijven. Kies dan voor het laatste en er veranderd niets. U kunt met Whatsapp dan gewoon berichten blijven versturen en bellen zoals u gewend bent.\r\n<h2>Dekking in Indonesi\u00eb<\/h2>\r\nIndonesi\u00eb bestaat uit meer dan 17.000 eilanden en onze simkaarten bieden hier een goede dekking. Zeker op het bekende eiland Java, met steden als Jakarta en Yogyakarta en niet te vergeten de prachtige Borobudur Tempel, vindt u perfecte dekking met de Airport Telecom simkaarten. Ook op het geliefde Bali, op Lombok en de Gili eilanden kunt u naast genieten van de heerlijke stranden ook genieten van een goede internetverbinding. Ideaal voor remote work. Zoekt u de prachtige natuur op die Indonesi\u00eb te bieden heeft, zoals Komodo National Park of Borneo met de bekende Orang-Oetans, houdt dan rekening met slechtere dekking in deze gebieden, omdat hier minder zendmasten staan om het natuurschoon te behouden. Ook in West Timor is er lagere dekking.\r\n<h2>Gratis thuisbezorgd<\/h2>\r\nDe simkaart Indonesi\u00eb wordt gratis bij u thuisbezorgd in Nederland &amp; Belgi\u00eb. Bij bestelling op werkdagen v\u00f3\u00f3r 14.00h verzenden we dezelfde dag per post. Normaalgesproken vindt bezorging dan binnen \u00e9\u00e9n of twee werkdagen plaats. Sneller nodig? Kies dan voor de eSIM die direct per email wordt verzonden.\r\n\r\n&nbsp;","product_specificaties":"<h2>Voordelen simkaart Indonesi\u00eb<\/h2>\r\nIn heel Indonesi\u00eb bereikbaar op \u00e9\u00e9n nummer.\r\n12 of 30GB data voor internetgebruik in heel Indonesi\u00eb.\r\nDe simkaart Indonesi\u00eb is beschikbaar in alle maten (mini, micro en nano).\r\nDe sim werkt in elke iPhone en andere smart phone. Alleen worden de hotspot functie en het gebruik van een MIFI door de provider niet ondersteund.\r\n<h2>Data &amp; bellen in Indonesi\u00eb<\/h2>\r\nEr zijn twee varianten:\r\n\r\n12GB, \u20ac 36,=\r\n\r\n30GB, \u20ac 57,=\r\n\r\nDe simkaarten zijn 30 dagen geldig na activatie. Het activeren gebeurt door de simkaart in de telefoon te plaatsen en de telefoon aan te zetten.","product_handleiding":"<h2><span data-contrast=\"none\">Hoe installeer ik de simkaart Indonesi\u00eb in mijn telefoon?<\/span><span data-ccp-props=\"{&quot;134245418&quot;:true,&quot;134245529&quot;:true,&quot;335559738&quot;:160,&quot;335559739&quot;:80}\">\u00a0<\/span><\/h2>\r\n<span data-contrast=\"none\">Open het schuifje aan de zijkant van de telefoon. Dit kan met het pinnetje dat bij de telefoon is geleverd. Heb je dit niet dan kan je er \u00e9\u00e9n maken door een paperclip te verbuigen. Bij de simkaarten van Airport Telecom wordt ook een extra pinnetje geleverd.<\/span><span data-ccp-props=\"{}\">\u00a0<\/span>\r\n\r\n<span data-contrast=\"none\">Verwijder je eigen simkaart en bewaar deze goed! Plaats nu de nieuwe simkaart. Dit kan maar op \u00e9\u00e9n manier. Het kan zijn dat je een telefoon hebt waar meerdere simkaart in kunnen. Plaats de nieuwe simkaart er dan als extra kaart bij.<\/span><span data-ccp-props=\"{}\">\u00a0<\/span>\r\n\r\n<span data-contrast=\"none\">Duw het simkaart-schuifje nu terug in de telefoon. Als het goed is, kan je nu automatisch gebruik maken van de nieuwe sim. Mogelijk vraagt de telefoon om nog wat extra instellingen te doen.<\/span><span data-ccp-props=\"{}\">\u00a0<\/span>","product_veelgestelde_vragen":[{"vraag":"Welke simkaart in Indonesi\u00eb gebruiken? ","antwoord":"Bij een kort verblijf van een paar dagen heeft u waarschijnlijk niet zoveel data nodig. De 12GB databundel voor Indonesi\u00eb kan dan voldoende zijn. Applicaties zoals Whatsapp, Instagram en navigatie verbruiken niet veel data. Blijft u langer dan kan het handig zijn om voor 30GB te kiezen zodat u zeker voldoende data heeft. "},{"vraag":"Waar koop je een simkaart voor Indonesi\u00eb? ","antwoord":"Een simkaart voor Indonesi\u00eb koop je bij Airport Telecom Schiphol. Afhalen kan in de winkel. Online bestellen kan ook en de simkaart wordt dan gratis thuisbezorgd. "}]},"yoast_head":"<!-- This site is optimized with the Yoast SEO Premium plugin v24.4 (Yoast SEO v26.9) - https:\/\/yoast.com\/product\/yoast-seo-premium-wordpress\/ -->\n<title>Simkaart Indonesi\u00eb kopen voor prepaid (onbeperkt) bellen en internet - Airport Telecom NL<\/title>\n<meta name=\"description\" content=\"Op zoek naar een prepaid Simkaart Indonesi\u00eb voor (onbeperkt) bellen en internet? Optimaal bereikbaar op reis in Simkaart Azie. Nu al te koop vanaf !\" \/>\n<meta name=\"robots\" content=\"index, follow, max-snippet:-1, max-image-preview:large, max-video-preview:-1\" \/>\n<link rel=\"canonical\" href=\"https:\/\/airporttelecom.com\/nl\/simkaart\/indonesie\/\" \/>\n<meta property=\"og:locale\" content=\"nl_NL\" \/>\n<meta property=\"og:type\" content=\"article\" \/>\n<meta property=\"og:title\" content=\"Simkaart Indonesi\u00eb\" \/>\n<meta property=\"og:description\" content=\"Op zoek naar een prepaid Simkaart Indonesi\u00eb voor (onbeperkt) bellen en internet? Optimaal bereikbaar op reis in Simkaart Azie. Nu al te koop vanaf !\" \/>\n<meta property=\"og:url\" content=\"https:\/\/airporttelecom.com\/nl\/simkaart\/indonesie\/\" \/>\n<meta property=\"og:site_name\" content=\"Airport Telecom NL\" \/>\n<meta property=\"article:modified_time\" content=\"2025-11-14T04:05:27+00:00\" \/>\n<meta property=\"og:image\" content=\"https:\/\/airporttelecom.com\/nl\/wp-content\/uploads\/sites\/4\/2024\/06\/Simkaart-Indonesie.png?wsr\" \/>\n\t<meta property=\"og:image:width\" content=\"800\" \/>\n\t<meta property=\"og:image:height\" content=\"319\" \/>\n\t<meta property=\"og:image:type\" content=\"image\/png\" \/>\n<meta name=\"twitter:card\" content=\"summary_large_image\" \/>\n<meta name=\"twitter:label1\" content=\"Geschatte leestijd\" \/>\n\t<meta name=\"twitter:data1\" content=\"1 minuut\" \/>\n<script type=\"application\/ld+json\" class=\"yoast-schema-graph\">{\"@context\":\"https:\/\/schema.org\",\"@graph\":[{\"@type\":\"WebPage\",\"@id\":\"https:\/\/airporttelecom.com\/nl\/simkaart\/indonesie\/\",\"url\":\"https:\/\/airporttelecom.com\/nl\/simkaart\/indonesie\/\",\"name\":\"Simkaart Indonesi\u00eb kopen voor prepaid (onbeperkt) bellen en internet - Airport Telecom NL\",\"isPartOf\":{\"@id\":\"https:\/\/airporttelecom.com\/nl\/#website\"},\"primaryImageOfPage\":{\"@id\":\"https:\/\/airporttelecom.com\/nl\/simkaart\/indonesie\/#primaryimage\"},\"image\":{\"@id\":\"https:\/\/airporttelecom.com\/nl\/simkaart\/indonesie\/#primaryimage\"},\"thumbnailUrl\":\"https:\/\/airporttelecom.com\/nl\/wp-content\/uploads\/sites\/4\/2024\/06\/Simkaart-Indonesie.png\",\"datePublished\":\"2024-06-18T13:36:34+00:00\",\"dateModified\":\"2025-11-14T04:05:27+00:00\",\"description\":\"Op zoek naar een prepaid Simkaart Indonesi\u00eb voor (onbeperkt) bellen en internet? Optimaal bereikbaar op reis in Simkaart Azie. Nu al te koop vanaf !\",\"breadcrumb\":{\"@id\":\"https:\/\/airporttelecom.com\/nl\/simkaart\/indonesie\/#breadcrumb\"},\"inLanguage\":\"nl-NL\",\"potentialAction\":[{\"@type\":\"ReadAction\",\"target\":[\"https:\/\/airporttelecom.com\/nl\/simkaart\/indonesie\/\"]}]},{\"@type\":\"ImageObject\",\"inLanguage\":\"nl-NL\",\"@id\":\"https:\/\/airporttelecom.com\/nl\/simkaart\/indonesie\/#primaryimage\",\"url\":\"https:\/\/airporttelecom.com\/nl\/wp-content\/uploads\/sites\/4\/2024\/06\/Simkaart-Indonesie.png\",\"contentUrl\":\"https:\/\/airporttelecom.com\/nl\/wp-content\/uploads\/sites\/4\/2024\/06\/Simkaart-Indonesie.png\",\"width\":800,\"height\":319,\"caption\":\"Simkaart Indonesie\"},{\"@type\":\"BreadcrumbList\",\"@id\":\"https:\/\/airporttelecom.com\/nl\/simkaart\/indonesie\/#breadcrumb\",\"itemListElement\":[{\"@type\":\"ListItem\",\"position\":1,\"name\":\"Home\",\"item\":\"https:\/\/airporttelecom.com\/nl\/\"},{\"@type\":\"ListItem\",\"position\":2,\"name\":\"Simkaart\",\"item\":\"https:\/\/airporttelecom.com\/nl\/simkaart\/\"},{\"@type\":\"ListItem\",\"position\":3,\"name\":\"Indonesi\u00eb\"}]},{\"@type\":\"WebSite\",\"@id\":\"https:\/\/airporttelecom.com\/nl\/#website\",\"url\":\"https:\/\/airporttelecom.com\/nl\/\",\"name\":\"Airport Telecom\",\"description\":\"\",\"publisher\":{\"@id\":\"https:\/\/airporttelecom.com\/nl\/#organization\"},\"potentialAction\":[{\"@type\":\"SearchAction\",\"target\":{\"@type\":\"EntryPoint\",\"urlTemplate\":\"https:\/\/airporttelecom.com\/nl\/?s={search_term_string}\"},\"query-input\":{\"@type\":\"PropertyValueSpecification\",\"valueRequired\":true,\"valueName\":\"search_term_string\"}}],\"inLanguage\":\"nl-NL\"},{\"@type\":\"Organization\",\"@id\":\"https:\/\/airporttelecom.com\/nl\/#organization\",\"name\":\"Airport Telecom\",\"url\":\"https:\/\/airporttelecom.com\/nl\/\",\"logo\":{\"@type\":\"ImageObject\",\"inLanguage\":\"nl-NL\",\"@id\":\"https:\/\/airporttelecom.com\/nl\/#\/schema\/logo\/image\/\",\"url\":\"https:\/\/airporttelecom.com\/nl\/wp-content\/uploads\/sites\/4\/2024\/06\/icon.png\",\"contentUrl\":\"https:\/\/airporttelecom.com\/nl\/wp-content\/uploads\/sites\/4\/2024\/06\/icon.png\",\"width\":110,\"height\":110,\"caption\":\"Airport Telecom\"},\"image\":{\"@id\":\"https:\/\/airporttelecom.com\/nl\/#\/schema\/logo\/image\/\"}}]}<\/script>\n<!-- \/ Yoast SEO Premium plugin. -->","yoast_head_json":{"title":"Simkaart Indonesi\u00eb kopen voor prepaid (onbeperkt) bellen en internet - Airport Telecom NL","description":"Op zoek naar een prepaid Simkaart Indonesi\u00eb voor (onbeperkt) bellen en internet? Optimaal bereikbaar op reis in Simkaart Azie. Nu al te koop vanaf !","robots":{"index":"index","follow":"follow","max-snippet":"max-snippet:-1","max-image-preview":"max-image-preview:large","max-video-preview":"max-video-preview:-1"},"canonical":"https:\/\/airporttelecom.com\/nl\/simkaart\/indonesie\/","og_locale":"nl_NL","og_type":"article","og_title":"Simkaart Indonesi\u00eb","og_description":"Op zoek naar een prepaid Simkaart Indonesi\u00eb voor (onbeperkt) bellen en internet? Optimaal bereikbaar op reis in Simkaart Azie. Nu al te koop vanaf !","og_url":"https:\/\/airporttelecom.com\/nl\/simkaart\/indonesie\/","og_site_name":"Airport Telecom NL","article_modified_time":"2025-11-14T04:05:27+00:00","og_image":[{"width":800,"height":319,"url":"https:\/\/airporttelecom.com\/nl\/wp-content\/uploads\/sites\/4\/2024\/06\/Simkaart-Indonesie.png?wsr","type":"image\/png"}],"twitter_card":"summary_large_image","twitter_misc":{"Geschatte leestijd":"1 minuut"},"schema":{"@context":"https:\/\/schema.org","@graph":[{"@type":"WebPage","@id":"https:\/\/airporttelecom.com\/nl\/simkaart\/indonesie\/","url":"https:\/\/airporttelecom.com\/nl\/simkaart\/indonesie\/","name":"Simkaart Indonesi\u00eb kopen voor prepaid (onbeperkt) bellen en internet - Airport Telecom NL","isPartOf":{"@id":"https:\/\/airporttelecom.com\/nl\/#website"},"primaryImageOfPage":{"@id":"https:\/\/airporttelecom.com\/nl\/simkaart\/indonesie\/#primaryimage"},"image":{"@id":"https:\/\/airporttelecom.com\/nl\/simkaart\/indonesie\/#primaryimage"},"thumbnailUrl":"https:\/\/airporttelecom.com\/nl\/wp-content\/uploads\/sites\/4\/2024\/06\/Simkaart-Indonesie.png","datePublished":"2024-06-18T13:36:34+00:00","dateModified":"2025-11-14T04:05:27+00:00","description":"Op zoek naar een prepaid Simkaart Indonesi\u00eb voor (onbeperkt) bellen en internet? Optimaal bereikbaar op reis in Simkaart Azie. Nu al te koop vanaf !","breadcrumb":{"@id":"https:\/\/airporttelecom.com\/nl\/simkaart\/indonesie\/#breadcrumb"},"inLanguage":"nl-NL","potentialAction":[{"@type":"ReadAction","target":["https:\/\/airporttelecom.com\/nl\/simkaart\/indonesie\/"]}]},{"@type":"ImageObject","inLanguage":"nl-NL","@id":"https:\/\/airporttelecom.com\/nl\/simkaart\/indonesie\/#primaryimage","url":"https:\/\/airporttelecom.com\/nl\/wp-content\/uploads\/sites\/4\/2024\/06\/Simkaart-Indonesie.png","contentUrl":"https:\/\/airporttelecom.com\/nl\/wp-content\/uploads\/sites\/4\/2024\/06\/Simkaart-Indonesie.png","width":800,"height":319,"caption":"Simkaart Indonesie"},{"@type":"BreadcrumbList","@id":"https:\/\/airporttelecom.com\/nl\/simkaart\/indonesie\/#breadcrumb","itemListElement":[{"@type":"ListItem","position":1,"name":"Home","item":"https:\/\/airporttelecom.com\/nl\/"},{"@type":"ListItem","position":2,"name":"Simkaart","item":"https:\/\/airporttelecom.com\/nl\/simkaart\/"},{"@type":"ListItem","position":3,"name":"Indonesi\u00eb"}]},{"@type":"WebSite","@id":"https:\/\/airporttelecom.com\/nl\/#website","url":"https:\/\/airporttelecom.com\/nl\/","name":"Airport Telecom","description":"","publisher":{"@id":"https:\/\/airporttelecom.com\/nl\/#organization"},"potentialAction":[{"@type":"SearchAction","target":{"@type":"EntryPoint","urlTemplate":"https:\/\/airporttelecom.com\/nl\/?s={search_term_string}"},"query-input":{"@type":"PropertyValueSpecification","valueRequired":true,"valueName":"search_term_string"}}],"inLanguage":"nl-NL"},{"@type":"Organization","@id":"https:\/\/airporttelecom.com\/nl\/#organization","name":"Airport Telecom","url":"https:\/\/airporttelecom.com\/nl\/","logo":{"@type":"ImageObject","inLanguage":"nl-NL","@id":"https:\/\/airporttelecom.com\/nl\/#\/schema\/logo\/image\/","url":"https:\/\/airporttelecom.com\/nl\/wp-content\/uploads\/sites\/4\/2024\/06\/icon.png","contentUrl":"https:\/\/airporttelecom.com\/nl\/wp-content\/uploads\/sites\/4\/2024\/06\/icon.png","width":110,"height":110,"caption":"Airport Telecom"},"image":{"@id":"https:\/\/airporttelecom.com\/nl\/#\/schema\/logo\/image\/"}}]}},"_links":{"self":[{"href":"https:\/\/airporttelecom.com\/nl\/wp-json\/wp\/v2\/product\/262","targetHints":{"allow":["GET"]}}],"collection":[{"href":"https:\/\/airporttelecom.com\/nl\/wp-json\/wp\/v2\/product"}],"about":[{"href":"https:\/\/airporttelecom.com\/nl\/wp-json\/wp\/v2\/types\/product"}],"replies":[{"embeddable":true,"href":"https:\/\/airporttelecom.com\/nl\/wp-json\/wp\/v2\/comments?post=262"}],"wp:featuredmedia":[{"embeddable":true,"href":"https:\/\/airporttelecom.com\/nl\/wp-json\/wp\/v2\/media\/695"}],"wp:attachment":[{"href":"https:\/\/airporttelecom.com\/nl\/wp-json\/wp\/v2\/media?parent=262"}],"wp:term":[{"taxonomy":"product_brand","embeddable":true,"href":"https:\/\/airporttelecom.com\/nl\/wp-json\/wp\/v2\/product_brand?post=262"},{"taxonomy":"product_cat","embeddable":true,"href":"https:\/\/airporttelecom.com\/nl\/wp-json\/wp\/v2\/product_cat?post=262"},{"taxonomy":"product_tag","embeddable":true,"href":"https:\/\/airporttelecom.com\/nl\/wp-json\/wp\/v2\/product_tag?post=262"}],"curies":[{"name":"wp","href":"https:\/\/api.w.org\/{rel}","templated":true}]}}