{"id":353,"date":"2024-06-18T15:07:10","date_gmt":"2024-06-18T15:07:10","guid":{"rendered":"https:\/\/airporttelecom.outperforming.nl\/nl\/?post_type=product&#038;p=353"},"modified":"2025-11-14T03:55:00","modified_gmt":"2025-11-14T03:55:00","slug":"simkaart-tanzania","status":"publish","type":"product","link":"https:\/\/airporttelecom.com\/nl\/simkaart\/tanzania\/","title":{"rendered":"Simkaart Tanzania"},"content":{"rendered":"","protected":false},"excerpt":{"rendered":"","protected":false},"featured_media":710,"comment_status":"open","ping_status":"closed","template":"","meta":{"_acf_changed":false,"_monsterinsights_skip_tracking":false,"_monsterinsights_sitenote_active":false,"_monsterinsights_sitenote_note":"","_monsterinsights_sitenote_category":0},"product_brand":[],"product_cat":[17],"product_tag":[30],"class_list":{"0":"post-353","1":"product","2":"type-product","3":"status-publish","4":"has-post-thumbnail","6":"product_cat-simkaart","7":"product_tag-simkaart-afrika","9":"first","10":"instock","11":"taxable","12":"shipping-taxable","13":"purchasable","14":"product-type-variable","15":"has-default-attributes"},"acf":{"gebied_afbeelding":634,"vlag_afbeelding":354,"provider":["BIC"],"product_synoniemen":null,"product_bestel_velden":"","product_omschrijving":"<h2>Mobiel bereikbaar met een simkaart voor Tanzania<\/h2>\r\nMet de prepaid simkaarten Tanzania van Airport Telecom kunt u in heel Tanzania gebruik maken van mobiel internet. U kunt kiezen uit verschillende databundels. Deze bundels zijn zeer geschikt voor internetgebruik en geven u via een snelle 4G\/5G verbinding toegang tot Email, Whatsapp, navigatie en andere internettoepassingen.\r\n<h2>Data en bellen op reis in Tanzania<\/h2>\r\nDe simkaarten voor Tanzania kunt u kopen met een 3GB, 6GB en 12GB databundel.\r\n<h2>Dekking in Tanzania<\/h2>\r\nDe dekking met simkaart voor data en bellen in Tanzania is anders dan in Europa. In dunbevolkte gebieden en nationale parken als Serengeti werkt de telefoon vaak niet. Toch wordt de mobiele telefoon door heel veel Tanzanianen gebruikt. In Dar Es Salaam is behoorlijk goede dekking. Datzelfde geldt op veel witte stranden van Zanzibar. Op de route van Kilimanjaro Airport naar Arusha kunnen Instagram en Whatsapp waarschijnlijk worden gebruikt. Rijdend van Arusha richting de Ngorongoro Krater is er dekking voor de telefoon en hetzelde geldt voor veel plaatsen rond Laka Magadi. Verder door aan het begin van Serengeti zijn er ook plekken met dekking maar dieper in het gebied is dit minder. Vooral genieten van de safari dus en foto's later doorsturen wanneer er weer netwerk is.\r\n<h2>Gratis thuisbezorgd<\/h2>\r\nDe simkaart Tanzania wordt gratis bij u thuisbezorgd in Nederland &amp; Belgi\u00eb. Bij bestelling op werkdagen v\u00f3\u00f3r 14.00h verzenden we dezelfde dag per post. Normaalgesproken vindt bezorging dan binnen \u00e9\u00e9n of twee werkdagen plaats. Sneller nodig? Kies dan voor de eSIM die direct per email wordt verzonden.\r\n\r\n&nbsp;","product_specificaties":"<h2>Voordelen simkaart Tanzania<\/h2>\r\nDeze simkaart werkt ook op Zanzibar.\r\n\r\nDe simkaart is beschikbaar in alle maten (mini, micro en nano) en past in elke telefoon.\r\n\r\nDe simkaart Tanzania is geschikt voor tethering en kan dus worden gebruikt voor hotspot en MIFI\r\n\r\n&nbsp;\r\n<h2>Data &amp; bellen in Tanzania<\/h2>\r\nEr zijn drie varianten van de simkaart Tanzania:\r\n\r\n3 GB\u00a0 data Euro 36,=\r\n\r\n6 GB\u00a0 data Euro 69,=\r\n\r\n12GB dat Euro 99,=\r\n\r\nDe databundels zijn 30 dagen geldig na activatie.\r\n\r\nVia de \u201cbestel nu\u201d knoppen op deze pagina kunt u de verschillende data varianten bestellen. Ook kunt u kiezen voor de normale simkaart of de eSIM","product_handleiding":"<h2><span data-contrast=\"none\">Hoe installeer ik de simkaart Tanzania in mijn telefoon?<\/span><span data-ccp-props=\"{&quot;134245418&quot;:true,&quot;134245529&quot;:true,&quot;335559738&quot;:160,&quot;335559739&quot;:80}\">\u00a0<\/span><\/h2>\r\n<span data-contrast=\"none\">Open het schuifje aan de zijkant van de telefoon. Dit kan met het pinnetje dat bij de telefoon is geleverd. Heb je dit niet dan kan je er \u00e9\u00e9n maken door een paperclip te verbuigen. Bij de simkaarten van Airport Telecom wordt ook een extra pinnetje geleverd.<\/span><span data-ccp-props=\"{}\">\u00a0<\/span>\r\n\r\n<span data-contrast=\"none\">Verwijder je eigen simkaart en bewaar deze goed! Plaats nu de nieuwe simkaart. Dit kan maar op \u00e9\u00e9n manier. Het kan zijn dat je een telefoon hebt waar meerdere simkaart in kunnen. Plaats de nieuwe simkaart er dan als extra kaart bij.<\/span><span data-ccp-props=\"{}\">\u00a0<\/span>\r\n\r\n<span data-contrast=\"none\">Duw het simkaart-schuifje nu terug in de telefoon. Als het goed is, kan je nu automatisch gebruik maken van de nieuwe sim. Mogelijk vraagt de telefoon om nog wat extra instellingen te doen.<\/span><span data-ccp-props=\"{}\">\u00a0<\/span>","product_veelgestelde_vragen":[{"vraag":"Welke simkaart in Tanzania gebruiken? ","antwoord":"Bij een kort verblijf van een paar dagen heeft u waarschijnlijk niet zoveel data nodig. De 3GB databundel voor Tanzania kan dan voldoende zijn. Applicaties zoals Whatsapp, Instagram en navigatie verbruiken niet veel data. Blijft u langer dan kan het handig zijn om voor 6 of 12GB te kiezen zodat u zeker voldoende data heeft. De Unlimited simkaart biedt ook onbeperkt bellen binnen Tanzania. "},{"vraag":"Waar koop je een simkaart voor Tanzania? ","antwoord":"Een simkaart voor Tanzania koop je bij Airport Telecom Schiphol. Afhalen kan in de winkel. Online bestellen kan ook en de simkaart wordt dan gratis thuisbezorgd. "}]},"yoast_head":"<!-- This site is optimized with the Yoast SEO Premium plugin v24.4 (Yoast SEO v27.3) - https:\/\/yoast.com\/product\/yoast-seo-premium-wordpress\/ -->\n<title>Simkaart Tanzania kopen voor prepaid (onbeperkt) bellen en internet - Airport Telecom NL<\/title>\n<meta name=\"description\" content=\"Op zoek naar een prepaid Simkaart Tanzania voor (onbeperkt) bellen en internet? Optimaal bereikbaar op reis in Simkaart Afrika. Nu al te koop vanaf !\" \/>\n<meta name=\"robots\" content=\"index, follow, max-snippet:-1, max-image-preview:large, max-video-preview:-1\" \/>\n<link rel=\"canonical\" href=\"https:\/\/airporttelecom.com\/nl\/simkaart\/tanzania\/\" \/>\n<meta property=\"og:locale\" content=\"nl_NL\" \/>\n<meta property=\"og:type\" content=\"article\" \/>\n<meta property=\"og:title\" content=\"Simkaart Tanzania\" \/>\n<meta property=\"og:description\" content=\"Op zoek naar een prepaid Simkaart Tanzania voor (onbeperkt) bellen en internet? Optimaal bereikbaar op reis in Simkaart Afrika. Nu al te koop vanaf !\" \/>\n<meta property=\"og:url\" content=\"https:\/\/airporttelecom.com\/nl\/simkaart\/tanzania\/\" \/>\n<meta property=\"og:site_name\" content=\"Airport Telecom NL\" \/>\n<meta property=\"article:modified_time\" content=\"2025-11-14T03:55:00+00:00\" \/>\n<meta property=\"og:image\" content=\"https:\/\/airporttelecom.com\/nl\/wp-content\/uploads\/sites\/4\/2024\/06\/Simkaart-Tanzania.png?wsr\" \/>\n\t<meta property=\"og:image:width\" content=\"800\" \/>\n\t<meta property=\"og:image:height\" content=\"319\" \/>\n\t<meta property=\"og:image:type\" content=\"image\/png\" \/>\n<meta name=\"twitter:card\" content=\"summary_large_image\" \/>\n<meta name=\"twitter:label1\" content=\"Geschatte leestijd\" \/>\n\t<meta name=\"twitter:data1\" content=\"1 minuut\" \/>\n<script type=\"application\/ld+json\" class=\"yoast-schema-graph\">{\"@context\":\"https:\\\/\\\/schema.org\",\"@graph\":[{\"@type\":\"WebPage\",\"@id\":\"https:\\\/\\\/airporttelecom.com\\\/nl\\\/simkaart\\\/tanzania\\\/\",\"url\":\"https:\\\/\\\/airporttelecom.com\\\/nl\\\/simkaart\\\/tanzania\\\/\",\"name\":\"Simkaart Tanzania kopen voor prepaid (onbeperkt) bellen en internet - Airport Telecom NL\",\"isPartOf\":{\"@id\":\"https:\\\/\\\/airporttelecom.com\\\/nl\\\/#website\"},\"primaryImageOfPage\":{\"@id\":\"https:\\\/\\\/airporttelecom.com\\\/nl\\\/simkaart\\\/tanzania\\\/#primaryimage\"},\"image\":{\"@id\":\"https:\\\/\\\/airporttelecom.com\\\/nl\\\/simkaart\\\/tanzania\\\/#primaryimage\"},\"thumbnailUrl\":\"https:\\\/\\\/airporttelecom.com\\\/nl\\\/wp-content\\\/uploads\\\/sites\\\/4\\\/2024\\\/06\\\/Simkaart-Tanzania.png\",\"datePublished\":\"2024-06-18T15:07:10+00:00\",\"dateModified\":\"2025-11-14T03:55:00+00:00\",\"description\":\"Op zoek naar een prepaid Simkaart Tanzania voor (onbeperkt) bellen en internet? Optimaal bereikbaar op reis in Simkaart Afrika. Nu al te koop vanaf !\",\"breadcrumb\":{\"@id\":\"https:\\\/\\\/airporttelecom.com\\\/nl\\\/simkaart\\\/tanzania\\\/#breadcrumb\"},\"inLanguage\":\"nl-NL\",\"potentialAction\":[{\"@type\":\"ReadAction\",\"target\":[\"https:\\\/\\\/airporttelecom.com\\\/nl\\\/simkaart\\\/tanzania\\\/\"]}]},{\"@type\":\"ImageObject\",\"inLanguage\":\"nl-NL\",\"@id\":\"https:\\\/\\\/airporttelecom.com\\\/nl\\\/simkaart\\\/tanzania\\\/#primaryimage\",\"url\":\"https:\\\/\\\/airporttelecom.com\\\/nl\\\/wp-content\\\/uploads\\\/sites\\\/4\\\/2024\\\/06\\\/Simkaart-Tanzania.png\",\"contentUrl\":\"https:\\\/\\\/airporttelecom.com\\\/nl\\\/wp-content\\\/uploads\\\/sites\\\/4\\\/2024\\\/06\\\/Simkaart-Tanzania.png\",\"width\":800,\"height\":319,\"caption\":\"Simkaart Tanzania\"},{\"@type\":\"BreadcrumbList\",\"@id\":\"https:\\\/\\\/airporttelecom.com\\\/nl\\\/simkaart\\\/tanzania\\\/#breadcrumb\",\"itemListElement\":[{\"@type\":\"ListItem\",\"position\":1,\"name\":\"Home\",\"item\":\"https:\\\/\\\/airporttelecom.com\\\/nl\\\/\"},{\"@type\":\"ListItem\",\"position\":2,\"name\":\"Simkaart\",\"item\":\"https:\\\/\\\/airporttelecom.com\\\/nl\\\/simkaart\\\/\"},{\"@type\":\"ListItem\",\"position\":3,\"name\":\"Tanzania\"}]},{\"@type\":\"WebSite\",\"@id\":\"https:\\\/\\\/airporttelecom.com\\\/nl\\\/#website\",\"url\":\"https:\\\/\\\/airporttelecom.com\\\/nl\\\/\",\"name\":\"Airport Telecom\",\"description\":\"\",\"publisher\":{\"@id\":\"https:\\\/\\\/airporttelecom.com\\\/nl\\\/#organization\"},\"potentialAction\":[{\"@type\":\"SearchAction\",\"target\":{\"@type\":\"EntryPoint\",\"urlTemplate\":\"https:\\\/\\\/airporttelecom.com\\\/nl\\\/?s={search_term_string}\"},\"query-input\":{\"@type\":\"PropertyValueSpecification\",\"valueRequired\":true,\"valueName\":\"search_term_string\"}}],\"inLanguage\":\"nl-NL\"},{\"@type\":\"Organization\",\"@id\":\"https:\\\/\\\/airporttelecom.com\\\/nl\\\/#organization\",\"name\":\"Airport Telecom\",\"url\":\"https:\\\/\\\/airporttelecom.com\\\/nl\\\/\",\"logo\":{\"@type\":\"ImageObject\",\"inLanguage\":\"nl-NL\",\"@id\":\"https:\\\/\\\/airporttelecom.com\\\/nl\\\/#\\\/schema\\\/logo\\\/image\\\/\",\"url\":\"https:\\\/\\\/airporttelecom.com\\\/nl\\\/wp-content\\\/uploads\\\/sites\\\/4\\\/2024\\\/06\\\/icon.png\",\"contentUrl\":\"https:\\\/\\\/airporttelecom.com\\\/nl\\\/wp-content\\\/uploads\\\/sites\\\/4\\\/2024\\\/06\\\/icon.png\",\"width\":110,\"height\":110,\"caption\":\"Airport Telecom\"},\"image\":{\"@id\":\"https:\\\/\\\/airporttelecom.com\\\/nl\\\/#\\\/schema\\\/logo\\\/image\\\/\"}}]}<\/script>\n<!-- \/ Yoast SEO Premium plugin. -->","yoast_head_json":{"title":"Simkaart Tanzania kopen voor prepaid (onbeperkt) bellen en internet - Airport Telecom NL","description":"Op zoek naar een prepaid Simkaart Tanzania voor (onbeperkt) bellen en internet? Optimaal bereikbaar op reis in Simkaart Afrika. Nu al te koop vanaf !","robots":{"index":"index","follow":"follow","max-snippet":"max-snippet:-1","max-image-preview":"max-image-preview:large","max-video-preview":"max-video-preview:-1"},"canonical":"https:\/\/airporttelecom.com\/nl\/simkaart\/tanzania\/","og_locale":"nl_NL","og_type":"article","og_title":"Simkaart Tanzania","og_description":"Op zoek naar een prepaid Simkaart Tanzania voor (onbeperkt) bellen en internet? Optimaal bereikbaar op reis in Simkaart Afrika. Nu al te koop vanaf !","og_url":"https:\/\/airporttelecom.com\/nl\/simkaart\/tanzania\/","og_site_name":"Airport Telecom NL","article_modified_time":"2025-11-14T03:55:00+00:00","og_image":[{"width":800,"height":319,"url":"https:\/\/airporttelecom.com\/nl\/wp-content\/uploads\/sites\/4\/2024\/06\/Simkaart-Tanzania.png?wsr","type":"image\/png"}],"twitter_card":"summary_large_image","twitter_misc":{"Geschatte leestijd":"1 minuut"},"schema":{"@context":"https:\/\/schema.org","@graph":[{"@type":"WebPage","@id":"https:\/\/airporttelecom.com\/nl\/simkaart\/tanzania\/","url":"https:\/\/airporttelecom.com\/nl\/simkaart\/tanzania\/","name":"Simkaart Tanzania kopen voor prepaid (onbeperkt) bellen en internet - Airport Telecom NL","isPartOf":{"@id":"https:\/\/airporttelecom.com\/nl\/#website"},"primaryImageOfPage":{"@id":"https:\/\/airporttelecom.com\/nl\/simkaart\/tanzania\/#primaryimage"},"image":{"@id":"https:\/\/airporttelecom.com\/nl\/simkaart\/tanzania\/#primaryimage"},"thumbnailUrl":"https:\/\/airporttelecom.com\/nl\/wp-content\/uploads\/sites\/4\/2024\/06\/Simkaart-Tanzania.png","datePublished":"2024-06-18T15:07:10+00:00","dateModified":"2025-11-14T03:55:00+00:00","description":"Op zoek naar een prepaid Simkaart Tanzania voor (onbeperkt) bellen en internet? Optimaal bereikbaar op reis in Simkaart Afrika. Nu al te koop vanaf !","breadcrumb":{"@id":"https:\/\/airporttelecom.com\/nl\/simkaart\/tanzania\/#breadcrumb"},"inLanguage":"nl-NL","potentialAction":[{"@type":"ReadAction","target":["https:\/\/airporttelecom.com\/nl\/simkaart\/tanzania\/"]}]},{"@type":"ImageObject","inLanguage":"nl-NL","@id":"https:\/\/airporttelecom.com\/nl\/simkaart\/tanzania\/#primaryimage","url":"https:\/\/airporttelecom.com\/nl\/wp-content\/uploads\/sites\/4\/2024\/06\/Simkaart-Tanzania.png","contentUrl":"https:\/\/airporttelecom.com\/nl\/wp-content\/uploads\/sites\/4\/2024\/06\/Simkaart-Tanzania.png","width":800,"height":319,"caption":"Simkaart Tanzania"},{"@type":"BreadcrumbList","@id":"https:\/\/airporttelecom.com\/nl\/simkaart\/tanzania\/#breadcrumb","itemListElement":[{"@type":"ListItem","position":1,"name":"Home","item":"https:\/\/airporttelecom.com\/nl\/"},{"@type":"ListItem","position":2,"name":"Simkaart","item":"https:\/\/airporttelecom.com\/nl\/simkaart\/"},{"@type":"ListItem","position":3,"name":"Tanzania"}]},{"@type":"WebSite","@id":"https:\/\/airporttelecom.com\/nl\/#website","url":"https:\/\/airporttelecom.com\/nl\/","name":"Airport Telecom","description":"","publisher":{"@id":"https:\/\/airporttelecom.com\/nl\/#organization"},"potentialAction":[{"@type":"SearchAction","target":{"@type":"EntryPoint","urlTemplate":"https:\/\/airporttelecom.com\/nl\/?s={search_term_string}"},"query-input":{"@type":"PropertyValueSpecification","valueRequired":true,"valueName":"search_term_string"}}],"inLanguage":"nl-NL"},{"@type":"Organization","@id":"https:\/\/airporttelecom.com\/nl\/#organization","name":"Airport Telecom","url":"https:\/\/airporttelecom.com\/nl\/","logo":{"@type":"ImageObject","inLanguage":"nl-NL","@id":"https:\/\/airporttelecom.com\/nl\/#\/schema\/logo\/image\/","url":"https:\/\/airporttelecom.com\/nl\/wp-content\/uploads\/sites\/4\/2024\/06\/icon.png","contentUrl":"https:\/\/airporttelecom.com\/nl\/wp-content\/uploads\/sites\/4\/2024\/06\/icon.png","width":110,"height":110,"caption":"Airport Telecom"},"image":{"@id":"https:\/\/airporttelecom.com\/nl\/#\/schema\/logo\/image\/"}}]}},"_links":{"self":[{"href":"https:\/\/airporttelecom.com\/nl\/wp-json\/wp\/v2\/product\/353","targetHints":{"allow":["GET"]}}],"collection":[{"href":"https:\/\/airporttelecom.com\/nl\/wp-json\/wp\/v2\/product"}],"about":[{"href":"https:\/\/airporttelecom.com\/nl\/wp-json\/wp\/v2\/types\/product"}],"replies":[{"embeddable":true,"href":"https:\/\/airporttelecom.com\/nl\/wp-json\/wp\/v2\/comments?post=353"}],"wp:featuredmedia":[{"embeddable":true,"href":"https:\/\/airporttelecom.com\/nl\/wp-json\/wp\/v2\/media\/710"}],"wp:attachment":[{"href":"https:\/\/airporttelecom.com\/nl\/wp-json\/wp\/v2\/media?parent=353"}],"wp:term":[{"taxonomy":"product_brand","embeddable":true,"href":"https:\/\/airporttelecom.com\/nl\/wp-json\/wp\/v2\/product_brand?post=353"},{"taxonomy":"product_cat","embeddable":true,"href":"https:\/\/airporttelecom.com\/nl\/wp-json\/wp\/v2\/product_cat?post=353"},{"taxonomy":"product_tag","embeddable":true,"href":"https:\/\/airporttelecom.com\/nl\/wp-json\/wp\/v2\/product_tag?post=353"}],"curies":[{"name":"wp","href":"https:\/\/api.w.org\/{rel}","templated":true}]}}