{"id":355,"date":"2024-06-18T15:17:06","date_gmt":"2024-06-18T15:17:06","guid":{"rendered":"https:\/\/airporttelecom.outperforming.nl\/nl\/?post_type=product&#038;p=355"},"modified":"2026-01-22T12:56:34","modified_gmt":"2026-01-22T12:56:34","slug":"simkaart-zuid-afrika","status":"publish","type":"product","link":"https:\/\/airporttelecom.com\/nl\/simkaart\/zuid-afrika\/","title":{"rendered":"Simkaart Zuid-Afrika"},"content":{"rendered":"","protected":false},"excerpt":{"rendered":"","protected":false},"featured_media":1385,"comment_status":"open","ping_status":"closed","template":"","meta":{"_acf_changed":false,"_monsterinsights_skip_tracking":false,"_monsterinsights_sitenote_active":false,"_monsterinsights_sitenote_note":"","_monsterinsights_sitenote_category":0},"product_brand":[],"product_cat":[17],"product_tag":[30],"class_list":{"0":"post-355","1":"product","2":"type-product","3":"status-publish","4":"has-post-thumbnail","6":"product_cat-simkaart","7":"product_tag-simkaart-afrika","9":"first","10":"instock","11":"taxable","12":"shipping-taxable","13":"purchasable","14":"product-type-variable","15":"has-default-attributes"},"acf":{"gebied_afbeelding":1884,"vlag_afbeelding":356,"provider":["NEX"],"product_synoniemen":null,"product_bestel_velden":["vertrekdatum"],"product_omschrijving":"<h2>Mobiel bereikbaar in Zuid Afrika met simkaart Zuid Afrika<\/h2>\r\nMet de prepaid SIM kaarten Zuid Afrika van Airport Telecom kunt u in heel Zuid Afrika bellen en gebruik maken van mobiel internet. U kunt kiezen uit een 10GB en een Unlimited databundel. Deze bundels zijn zeer geschikt voor internetgebruik en geven u makkelijk toegang tot Email, Whatsapp, navigatie en andere internettoepassingen.\r\n<h2>Data en bellen op reis in Zuid Afrika<\/h2>\r\nDe simkaarten hebben een Zuid Afrikaans (+27) telefoonnummer. Bij de 10GB kaart zitten 500 locale belminuten inbegrepen. Bij de Unlimited kaart zijn onbeperkt locale belminuten inbegrepen. Dat kan heel handig zijn om binnen Zuid Afrika bijvoorbeeld hotels en restaurants te bellen.\r\n<h2>Whatsapp met simkaart Zuid Afrika<\/h2>\r\nAlle gesprekken die via internet lopen zoals met Whatsapp, Skype, Facetime etc. zijn vanzelfsprekend ook mogelijk. U maakt dan immers gebruik van de databundel op de simkaart. Net als alle andere apps kunt u Whatsapp blijven gebruiken zoals u gewend bent. Zodra WhatsApp doorheeft dat er een andere simkaart in uw telefoon zit, kan Whatsapp vragen of u een nieuw account wil aanmaken of dat alles moet blijven zoals het was. Als u dan kiest voor het laatste, zal er op Whatsapp helemaal niets veranderen. U houdt dan gewoon uw bestaande WhatsApp identiteit met alle contacten, groepen en chats.\r\n<h2>Dekking in Zuid Afrika<\/h2>\r\nDe dekking van de mobiele netwerken is over het algemeen goed in Zuid Afrika. Dit geldt zeker voor de belangrijkste Zuid Afrikaanse steden zoals Kaapstad, Pretoria, Bloemfontein, Johannesburg, Durban en Port Elisabeth. Ook in andere meer dichtbevolkte gebieden is de dekking uitstekend. Wel moet er rekening mee worden gehouden dat Zuid Afrika een groot land is met ook afgelegen gebieden. In dat soort minder bevolkte delen kan het voorkomen dat er geen of minder dekking is met de mobiele telefoon. Dit geldt bijvoorbeeld ook voor nationale parken zoals het Krugerpark. Voor de Tafelberg en Kaap de Goede Hoop geldt dat deze vlakbij Kaapstad liggen zodat daar ook goede dekking is voor bellen en internet met de Zuid Afrikaanse simkaart.\r\n<h2>Gratis thuisbezorgd<\/h2>\r\nDe simkaart Zuid-Afrika wordt gratis bij u thuisbezorgd in Nederland &amp; Belgi\u00eb. Bij bestelling op werkdagen v\u00f3\u00f3r 14.00h verzenden we dezelfde dag per post. Normaalgesproken vindt bezorging dan binnen \u00e9\u00e9n of twee werkdagen plaats. Sneller nodig? Kies dan voor de <a href=\"https:\/\/airporttelecom.com\/nl\/esim\/zuid-afrika\/\">eSIM<\/a> die direct per email wordt verzonden.\r\n\r\n&nbsp;","product_specificaties":"<h2>Voordelen simkaart Zuid Afrika<\/h2>\r\nDe sim is beschikbaar in alle maten (mini, micro en nano) en past in elke telefoon.\r\n\r\nIn Zuid-Afrika bereikbaar op \u00e9\u00e9n Zuid-Afrikaans (+27) telefoonnummer.\r\n\r\nDe simkaart Zuid Afrika is niet geschikt voor hotspot en MIFI apparaat.\r\n\r\nHaal uw SIM kaart bij vertrek op Schiphol Plaza of laat de SIM gratis thuisbezorgen.\r\n<h2>Data &amp; bellen in Zuid Afrika<\/h2>\r\nEr zijn twee varianten van de simkaart Zuid-Afrika:\r\n<h3>10GB data Euro 59,=<\/h3>\r\nincl. 10GB data\r\nincl. 500 locale belminuten\r\n<h3>Unlimited data Euro 89,=<\/h3>\r\nincl. onbeperkt data\r\nincl. onbeperkt locaal bellen\r\n\r\nDe databundels zijn 30 dagen geldig na activatie.","product_handleiding":"<h2><span data-contrast=\"none\">Hoe installeer ik de simkaart Zuid-Afrika in mijn telefoon?<\/span><span data-ccp-props=\"{&quot;134245418&quot;:true,&quot;134245529&quot;:true,&quot;335559738&quot;:160,&quot;335559739&quot;:80}\">\u00a0<\/span><\/h2>\r\n<span data-contrast=\"none\">Open het schuifje aan de zijkant van de telefoon. Dit kan met het pinnetje dat bij de telefoon is geleverd. Heb je dit niet dan kan je er \u00e9\u00e9n maken door een paperclip te verbuigen. Bij de simkaarten van Airport Telecom wordt ook een extra pinnetje geleverd.<\/span><span data-ccp-props=\"{}\">\u00a0<\/span>\r\n\r\n<span data-contrast=\"none\">Verwijder je eigen simkaart en bewaar deze goed! Plaats nu de nieuwe simkaart. Dit kan maar op \u00e9\u00e9n manier. Het kan zijn dat je een telefoon hebt waar meerdere simkaart in kunnen. Plaats de nieuwe simkaart er dan als extra kaart bij.<\/span><span data-ccp-props=\"{}\">\u00a0<\/span>\r\n\r\n<span data-contrast=\"none\">Duw het simkaart-schuifje nu terug in de telefoon. Als het goed is, kan je nu automatisch gebruik maken van de nieuwe sim. Mogelijk vraagt de telefoon om nog wat extra instellingen te doen.<\/span><span data-ccp-props=\"{}\">\u00a0<\/span>","product_veelgestelde_vragen":[{"vraag":"Welke simkaart in Zuid-Afrika gebruiken? ","antwoord":"Bij een kort verblijf van een paar dagen heeft u waarschijnlijk niet zoveel data nodig. De 10GB databundel voor Zuid-Afrika kan dan voldoende zijn. Applicaties zoals Whatsapp, Instagram en navigatie verbruiken niet veel data. Blijft u langer dan kan het handig zijn om voor Unlimited te kiezen zodat u zeker voldoende data heeft. De Unlimited simkaart biedt ook onbeperkt bellen binnen Zuid-Afrika. "},{"vraag":"Waar koop je een simkaart voor Zuid-Afrika? ","antwoord":"Een simkaart voor Zuid-Afrika koop je bij Airport Telecom Schiphol. Afhalen kan in de winkel. Online bestellen kan ook en de simkaart wordt dan gratis thuisbezorgd. "},{"vraag":"De fysieke simkaart die u verkoopt voor Zuid Afrika, heeft deze een lokaal telefoonnummer ?","antwoord":"Ja, de fysieke simkaarten die wij verkopen voor Zuid Afrika hebben een lokaal telefoonnummer. \r\n\r\n\r\n"}]},"yoast_head":"<!-- This site is optimized with the Yoast SEO Premium plugin v24.4 (Yoast SEO v27.3) - https:\/\/yoast.com\/product\/yoast-seo-premium-wordpress\/ -->\n<title>Simkaart Zuid-Afrika kopen voor prepaid (onbeperkt) bellen en internet - Airport Telecom NL<\/title>\n<meta name=\"description\" content=\"Op zoek naar een prepaid Simkaart Zuid-Afrika voor (onbeperkt) bellen en internet? Optimaal bereikbaar op reis in Simkaart Afrika. Nu al te koop vanaf !\" \/>\n<meta name=\"robots\" content=\"index, follow, max-snippet:-1, max-image-preview:large, max-video-preview:-1\" \/>\n<link rel=\"canonical\" href=\"https:\/\/airporttelecom.com\/nl\/simkaart\/zuid-afrika\/\" \/>\n<meta property=\"og:locale\" content=\"nl_NL\" \/>\n<meta property=\"og:type\" content=\"article\" \/>\n<meta property=\"og:title\" content=\"Simkaart Zuid-Afrika\" \/>\n<meta property=\"og:description\" content=\"Op zoek naar een prepaid Simkaart Zuid-Afrika voor (onbeperkt) bellen en internet? Optimaal bereikbaar op reis in Simkaart Afrika. Nu al te koop vanaf !\" \/>\n<meta property=\"og:url\" content=\"https:\/\/airporttelecom.com\/nl\/simkaart\/zuid-afrika\/\" \/>\n<meta property=\"og:site_name\" content=\"Airport Telecom NL\" \/>\n<meta property=\"article:modified_time\" content=\"2026-01-22T12:56:34+00:00\" \/>\n<meta property=\"og:image\" content=\"https:\/\/airporttelecom.com\/nl\/wp-content\/uploads\/sites\/4\/2024\/06\/Simkaart-Zuid-Afrika.png\" \/>\n\t<meta property=\"og:image:width\" content=\"800\" \/>\n\t<meta property=\"og:image:height\" content=\"318\" \/>\n\t<meta property=\"og:image:type\" content=\"image\/png\" \/>\n<meta name=\"twitter:card\" content=\"summary_large_image\" \/>\n<meta name=\"twitter:label1\" content=\"Geschatte leestijd\" \/>\n\t<meta name=\"twitter:data1\" content=\"1 minuut\" \/>\n<script type=\"application\/ld+json\" class=\"yoast-schema-graph\">{\"@context\":\"https:\\\/\\\/schema.org\",\"@graph\":[{\"@type\":\"WebPage\",\"@id\":\"https:\\\/\\\/airporttelecom.com\\\/nl\\\/simkaart\\\/zuid-afrika\\\/\",\"url\":\"https:\\\/\\\/airporttelecom.com\\\/nl\\\/simkaart\\\/zuid-afrika\\\/\",\"name\":\"Simkaart Zuid-Afrika kopen voor prepaid (onbeperkt) bellen en internet - Airport Telecom NL\",\"isPartOf\":{\"@id\":\"https:\\\/\\\/airporttelecom.com\\\/nl\\\/#website\"},\"primaryImageOfPage\":{\"@id\":\"https:\\\/\\\/airporttelecom.com\\\/nl\\\/simkaart\\\/zuid-afrika\\\/#primaryimage\"},\"image\":{\"@id\":\"https:\\\/\\\/airporttelecom.com\\\/nl\\\/simkaart\\\/zuid-afrika\\\/#primaryimage\"},\"thumbnailUrl\":\"https:\\\/\\\/airporttelecom.com\\\/nl\\\/wp-content\\\/uploads\\\/sites\\\/4\\\/2024\\\/06\\\/Simkaart-Zuid-Afrika.png\",\"datePublished\":\"2024-06-18T15:17:06+00:00\",\"dateModified\":\"2026-01-22T12:56:34+00:00\",\"description\":\"Op zoek naar een prepaid Simkaart Zuid-Afrika voor (onbeperkt) bellen en internet? Optimaal bereikbaar op reis in Simkaart Afrika. Nu al te koop vanaf !\",\"breadcrumb\":{\"@id\":\"https:\\\/\\\/airporttelecom.com\\\/nl\\\/simkaart\\\/zuid-afrika\\\/#breadcrumb\"},\"inLanguage\":\"nl-NL\",\"potentialAction\":[{\"@type\":\"ReadAction\",\"target\":[\"https:\\\/\\\/airporttelecom.com\\\/nl\\\/simkaart\\\/zuid-afrika\\\/\"]}]},{\"@type\":\"ImageObject\",\"inLanguage\":\"nl-NL\",\"@id\":\"https:\\\/\\\/airporttelecom.com\\\/nl\\\/simkaart\\\/zuid-afrika\\\/#primaryimage\",\"url\":\"https:\\\/\\\/airporttelecom.com\\\/nl\\\/wp-content\\\/uploads\\\/sites\\\/4\\\/2024\\\/06\\\/Simkaart-Zuid-Afrika.png\",\"contentUrl\":\"https:\\\/\\\/airporttelecom.com\\\/nl\\\/wp-content\\\/uploads\\\/sites\\\/4\\\/2024\\\/06\\\/Simkaart-Zuid-Afrika.png\",\"width\":800,\"height\":318,\"caption\":\"Simkaart Zuid-Afrika\"},{\"@type\":\"BreadcrumbList\",\"@id\":\"https:\\\/\\\/airporttelecom.com\\\/nl\\\/simkaart\\\/zuid-afrika\\\/#breadcrumb\",\"itemListElement\":[{\"@type\":\"ListItem\",\"position\":1,\"name\":\"Home\",\"item\":\"https:\\\/\\\/airporttelecom.com\\\/nl\\\/\"},{\"@type\":\"ListItem\",\"position\":2,\"name\":\"Simkaart\",\"item\":\"https:\\\/\\\/airporttelecom.com\\\/nl\\\/simkaart\\\/\"},{\"@type\":\"ListItem\",\"position\":3,\"name\":\"Zuid-Afrika\"}]},{\"@type\":\"WebSite\",\"@id\":\"https:\\\/\\\/airporttelecom.com\\\/nl\\\/#website\",\"url\":\"https:\\\/\\\/airporttelecom.com\\\/nl\\\/\",\"name\":\"Airport Telecom\",\"description\":\"\",\"publisher\":{\"@id\":\"https:\\\/\\\/airporttelecom.com\\\/nl\\\/#organization\"},\"potentialAction\":[{\"@type\":\"SearchAction\",\"target\":{\"@type\":\"EntryPoint\",\"urlTemplate\":\"https:\\\/\\\/airporttelecom.com\\\/nl\\\/?s={search_term_string}\"},\"query-input\":{\"@type\":\"PropertyValueSpecification\",\"valueRequired\":true,\"valueName\":\"search_term_string\"}}],\"inLanguage\":\"nl-NL\"},{\"@type\":\"Organization\",\"@id\":\"https:\\\/\\\/airporttelecom.com\\\/nl\\\/#organization\",\"name\":\"Airport Telecom\",\"url\":\"https:\\\/\\\/airporttelecom.com\\\/nl\\\/\",\"logo\":{\"@type\":\"ImageObject\",\"inLanguage\":\"nl-NL\",\"@id\":\"https:\\\/\\\/airporttelecom.com\\\/nl\\\/#\\\/schema\\\/logo\\\/image\\\/\",\"url\":\"https:\\\/\\\/airporttelecom.com\\\/nl\\\/wp-content\\\/uploads\\\/sites\\\/4\\\/2024\\\/06\\\/icon.png\",\"contentUrl\":\"https:\\\/\\\/airporttelecom.com\\\/nl\\\/wp-content\\\/uploads\\\/sites\\\/4\\\/2024\\\/06\\\/icon.png\",\"width\":110,\"height\":110,\"caption\":\"Airport Telecom\"},\"image\":{\"@id\":\"https:\\\/\\\/airporttelecom.com\\\/nl\\\/#\\\/schema\\\/logo\\\/image\\\/\"}}]}<\/script>\n<!-- \/ Yoast SEO Premium plugin. -->","yoast_head_json":{"title":"Simkaart Zuid-Afrika kopen voor prepaid (onbeperkt) bellen en internet - Airport Telecom NL","description":"Op zoek naar een prepaid Simkaart Zuid-Afrika voor (onbeperkt) bellen en internet? Optimaal bereikbaar op reis in Simkaart Afrika. Nu al te koop vanaf !","robots":{"index":"index","follow":"follow","max-snippet":"max-snippet:-1","max-image-preview":"max-image-preview:large","max-video-preview":"max-video-preview:-1"},"canonical":"https:\/\/airporttelecom.com\/nl\/simkaart\/zuid-afrika\/","og_locale":"nl_NL","og_type":"article","og_title":"Simkaart Zuid-Afrika","og_description":"Op zoek naar een prepaid Simkaart Zuid-Afrika voor (onbeperkt) bellen en internet? Optimaal bereikbaar op reis in Simkaart Afrika. Nu al te koop vanaf !","og_url":"https:\/\/airporttelecom.com\/nl\/simkaart\/zuid-afrika\/","og_site_name":"Airport Telecom NL","article_modified_time":"2026-01-22T12:56:34+00:00","og_image":[{"width":800,"height":318,"url":"https:\/\/airporttelecom.com\/nl\/wp-content\/uploads\/sites\/4\/2024\/06\/Simkaart-Zuid-Afrika.png","type":"image\/png"}],"twitter_card":"summary_large_image","twitter_misc":{"Geschatte leestijd":"1 minuut"},"schema":{"@context":"https:\/\/schema.org","@graph":[{"@type":"WebPage","@id":"https:\/\/airporttelecom.com\/nl\/simkaart\/zuid-afrika\/","url":"https:\/\/airporttelecom.com\/nl\/simkaart\/zuid-afrika\/","name":"Simkaart Zuid-Afrika kopen voor prepaid (onbeperkt) bellen en internet - Airport Telecom NL","isPartOf":{"@id":"https:\/\/airporttelecom.com\/nl\/#website"},"primaryImageOfPage":{"@id":"https:\/\/airporttelecom.com\/nl\/simkaart\/zuid-afrika\/#primaryimage"},"image":{"@id":"https:\/\/airporttelecom.com\/nl\/simkaart\/zuid-afrika\/#primaryimage"},"thumbnailUrl":"https:\/\/airporttelecom.com\/nl\/wp-content\/uploads\/sites\/4\/2024\/06\/Simkaart-Zuid-Afrika.png","datePublished":"2024-06-18T15:17:06+00:00","dateModified":"2026-01-22T12:56:34+00:00","description":"Op zoek naar een prepaid Simkaart Zuid-Afrika voor (onbeperkt) bellen en internet? Optimaal bereikbaar op reis in Simkaart Afrika. Nu al te koop vanaf !","breadcrumb":{"@id":"https:\/\/airporttelecom.com\/nl\/simkaart\/zuid-afrika\/#breadcrumb"},"inLanguage":"nl-NL","potentialAction":[{"@type":"ReadAction","target":["https:\/\/airporttelecom.com\/nl\/simkaart\/zuid-afrika\/"]}]},{"@type":"ImageObject","inLanguage":"nl-NL","@id":"https:\/\/airporttelecom.com\/nl\/simkaart\/zuid-afrika\/#primaryimage","url":"https:\/\/airporttelecom.com\/nl\/wp-content\/uploads\/sites\/4\/2024\/06\/Simkaart-Zuid-Afrika.png","contentUrl":"https:\/\/airporttelecom.com\/nl\/wp-content\/uploads\/sites\/4\/2024\/06\/Simkaart-Zuid-Afrika.png","width":800,"height":318,"caption":"Simkaart Zuid-Afrika"},{"@type":"BreadcrumbList","@id":"https:\/\/airporttelecom.com\/nl\/simkaart\/zuid-afrika\/#breadcrumb","itemListElement":[{"@type":"ListItem","position":1,"name":"Home","item":"https:\/\/airporttelecom.com\/nl\/"},{"@type":"ListItem","position":2,"name":"Simkaart","item":"https:\/\/airporttelecom.com\/nl\/simkaart\/"},{"@type":"ListItem","position":3,"name":"Zuid-Afrika"}]},{"@type":"WebSite","@id":"https:\/\/airporttelecom.com\/nl\/#website","url":"https:\/\/airporttelecom.com\/nl\/","name":"Airport Telecom","description":"","publisher":{"@id":"https:\/\/airporttelecom.com\/nl\/#organization"},"potentialAction":[{"@type":"SearchAction","target":{"@type":"EntryPoint","urlTemplate":"https:\/\/airporttelecom.com\/nl\/?s={search_term_string}"},"query-input":{"@type":"PropertyValueSpecification","valueRequired":true,"valueName":"search_term_string"}}],"inLanguage":"nl-NL"},{"@type":"Organization","@id":"https:\/\/airporttelecom.com\/nl\/#organization","name":"Airport Telecom","url":"https:\/\/airporttelecom.com\/nl\/","logo":{"@type":"ImageObject","inLanguage":"nl-NL","@id":"https:\/\/airporttelecom.com\/nl\/#\/schema\/logo\/image\/","url":"https:\/\/airporttelecom.com\/nl\/wp-content\/uploads\/sites\/4\/2024\/06\/icon.png","contentUrl":"https:\/\/airporttelecom.com\/nl\/wp-content\/uploads\/sites\/4\/2024\/06\/icon.png","width":110,"height":110,"caption":"Airport Telecom"},"image":{"@id":"https:\/\/airporttelecom.com\/nl\/#\/schema\/logo\/image\/"}}]}},"_links":{"self":[{"href":"https:\/\/airporttelecom.com\/nl\/wp-json\/wp\/v2\/product\/355","targetHints":{"allow":["GET"]}}],"collection":[{"href":"https:\/\/airporttelecom.com\/nl\/wp-json\/wp\/v2\/product"}],"about":[{"href":"https:\/\/airporttelecom.com\/nl\/wp-json\/wp\/v2\/types\/product"}],"replies":[{"embeddable":true,"href":"https:\/\/airporttelecom.com\/nl\/wp-json\/wp\/v2\/comments?post=355"}],"wp:featuredmedia":[{"embeddable":true,"href":"https:\/\/airporttelecom.com\/nl\/wp-json\/wp\/v2\/media\/1385"}],"wp:attachment":[{"href":"https:\/\/airporttelecom.com\/nl\/wp-json\/wp\/v2\/media?parent=355"}],"wp:term":[{"taxonomy":"product_brand","embeddable":true,"href":"https:\/\/airporttelecom.com\/nl\/wp-json\/wp\/v2\/product_brand?post=355"},{"taxonomy":"product_cat","embeddable":true,"href":"https:\/\/airporttelecom.com\/nl\/wp-json\/wp\/v2\/product_cat?post=355"},{"taxonomy":"product_tag","embeddable":true,"href":"https:\/\/airporttelecom.com\/nl\/wp-json\/wp\/v2\/product_tag?post=355"}],"curies":[{"name":"wp","href":"https:\/\/api.w.org\/{rel}","templated":true}]}}