{"id":70,"date":"2024-06-13T08:58:22","date_gmt":"2024-06-13T08:58:22","guid":{"rendered":"https:\/\/airporttelecom.outperforming.nl\/nl\/?post_type=product&#038;p=70"},"modified":"2026-02-15T13:30:09","modified_gmt":"2026-02-15T13:30:09","slug":"simkaart-verenigd-koninkrijk","status":"publish","type":"product","link":"https:\/\/airporttelecom.com\/nl\/simkaart\/verenigd-koninkrijk\/","title":{"rendered":"Simkaart Verenigd Koninkrijk"},"content":{"rendered":"","protected":false},"excerpt":{"rendered":"","protected":false},"featured_media":1093,"comment_status":"open","ping_status":"closed","template":"","meta":{"_acf_changed":false,"_monsterinsights_skip_tracking":false,"_monsterinsights_sitenote_active":false,"_monsterinsights_sitenote_note":"","_monsterinsights_sitenote_category":0},"product_brand":[],"product_cat":[17],"product_tag":[19],"class_list":{"0":"post-70","1":"product","2":"type-product","3":"status-publish","4":"has-post-thumbnail","6":"product_cat-simkaart","7":"product_tag-simkaart-europa","9":"first","10":"instock","11":"taxable","12":"shipping-taxable","13":"purchasable","14":"product-type-variable","15":"has-default-attributes"},"acf":{"gebied_afbeelding":914,"vlag_afbeelding":182,"provider":["THR","LYC"],"product_synoniemen":[{"synoniem":"Groot-Brittanni\u00eb"},{"synoniem":"Groot Brittanni\u00eb"},{"synoniem":"VK"},{"synoniem":"Engeland"},{"synoniem":"London"},{"synoniem":"Londen"}],"product_bestel_velden":"","product_omschrijving":"<h2><span data-contrast=\"none\">Mobiel bereikbaar met een simkaart voor Groot Brittani\u00eb<\/span><span data-ccp-props=\"{&quot;134245418&quot;:true,&quot;134245529&quot;:true,&quot;335559738&quot;:160,&quot;335559739&quot;:80}\">\u00a0<\/span><\/h2>\r\n<span data-contrast=\"auto\">Met de prepaid simkaarten Groot Brittani\u00eb van Airport Telecom kunt u in heel Groot Brittani\u00eb gebruik maken van mobiel internet. U kunt kiezen uit verschillende data- en belbundels. Deze bundels zijn zeer geschikt voor internetgebruik en geven u via een snelle 4G\/5G verbinding toegang tot Email, Whatsapp, navigatie en andere internettoepassingen.<\/span><span data-ccp-props=\"{}\">\u00a0<\/span>\r\n<h2><span data-contrast=\"none\">Data en bellen op reis in Groot Brittani\u00eb<\/span><span data-ccp-props=\"{&quot;134245418&quot;:true,&quot;134245529&quot;:true,&quot;335559738&quot;:160,&quot;335559739&quot;:80}\">\u00a0<\/span><\/h2>\r\n<span data-contrast=\"auto\">De simkaarten voor Groot Brittani\u00eb kunt u kopen met een 100GB en Unlimited databundel. Elke simkaart heeft een eigen telefoonnummer waarop u gratis gesprekken kunt ontvangen in Groot Brittani\u00eb. Bij zowel de 100GB als de Unlimited simkaart voor Groot Brittani\u00eb is ook onbeperkt bellen binnen Europa inbegrepen. <\/span><span data-ccp-props=\"{}\">\u00a0<\/span>\r\n<h2><span data-contrast=\"none\">Whatsapp met simkaart Groot Brittani\u00eb<\/span><span data-ccp-props=\"{&quot;134245418&quot;:true,&quot;134245529&quot;:true,&quot;335559738&quot;:160,&quot;335559739&quot;:80}\">\u00a0<\/span><\/h2>\r\n<span data-contrast=\"auto\">Alle gesprekken die via internet lopen zoals met Whatsapp, Skype en FaceTime zijn vanzelfsprekend ook mogelijk met de simkaarten voor Groot Brittani\u00eb. U maakt dan gebruik van de databundel op de simkaart. Whatsapp kunt u altijd blijven gebruiken met uw eigen bestaande contacten, groepen en chats. Na het plaatsen van een prepaid simkaart kan Whatsapp vragen of u een nieuwe identiteit wilt aanmaken of dat alles bij het oude moet blijven. Kies dan voor het laatste en er veranderd niets. U kunt met Whatsapp dan gewoon berichten blijven versturen en bellen zoals u gewend bent.<\/span><span data-ccp-props=\"{}\">\u00a0<\/span>\r\n<h2><span data-contrast=\"none\">Dekking in Groot Brittani\u00eb<\/span><span data-ccp-props=\"{&quot;134245418&quot;:true,&quot;134245529&quot;:true,&quot;335559738&quot;:160,&quot;335559739&quot;:80}\">\u00a0<\/span><\/h2>\r\n<span data-contrast=\"auto\">Dekking van de mobiele netwerken is over het algemeen uitstekend in Groot Brittani\u00eb. Dat geldt zeker in de grote steden zoals Londen, Liverpool en Manchester. In zeer afgelegen natuurgebieden kan er wat minder dekking zijn. Verder is er in alle dorpen en steden goed bereik met de simkaarten voor Groot Brittani\u00eb.<\/span><span data-ccp-props=\"{}\">\u00a0<\/span>\r\n<h2>Gratis thuisbezorgd<\/h2>\r\nDe simkaart Verenigd Koninkrijk wordt gratis bij u thuisbezorgd in Nederland &amp; Belgi\u00eb. Bij bestelling op werkdagen v\u00f3\u00f3r 14.00h verzenden we dezelfde dag per post. Normaalgesproken vindt bezorging dan binnen \u00e9\u00e9n of twee werkdagen plaats. Sneller nodig? Kies dan voor de eSIM die direct per email wordt verzonden.\r\n<h2><span data-contrast=\"none\">Bestel de prepaid simkaart Groot Brittani\u00eb online bij Airport Telecom<\/span><span data-ccp-props=\"{&quot;134245418&quot;:true,&quot;134245529&quot;:true,&quot;335559738&quot;:160,&quot;335559739&quot;:80}\">\u00a0<\/span><\/h2>\r\n<span data-contrast=\"auto\">Klik nu op de bestelknop om de simkaart Groot Brittani\u00eb te bestellen. Heeft u vragen? Bel ons dan op 020 \u2013 6530999 of email naar info@airporttelecom.nl<\/span><span data-ccp-props=\"{}\">\u00a0<\/span>","product_specificaties":"<h2><span data-contrast=\"none\">Voordelen simkaart Groot Brittani\u00eb<\/span><span data-ccp-props=\"{&quot;134245418&quot;:true,&quot;134245529&quot;:true,&quot;335559738&quot;:160,&quot;335559739&quot;:80}\">\u00a0<\/span><\/h2>\r\n<span data-contrast=\"auto\">De sim is beschikbaar in alle maten (mini, micro en nano) en past in elke telefoon.<\/span><span data-ccp-props=\"{}\">\u00a0<\/span>\r\n\r\n<span data-contrast=\"auto\">De simkaart Groot Brittani\u00eb is geschikt voor hotspot en MIFI apparaat.<\/span><span data-ccp-props=\"{}\">\u00a0<\/span>\r\n<h2><span data-contrast=\"none\">Data &amp; bellen in Groot Brittani\u00eb<\/span><span data-ccp-props=\"{&quot;134245418&quot;:true,&quot;134245529&quot;:true,&quot;335559738&quot;:160,&quot;335559739&quot;:80}\">\u00a0<\/span><\/h2>\r\n<span data-contrast=\"auto\">Er zijn twee varianten van de simkaart Groot Brittani\u00eb:<\/span><span data-ccp-props=\"{}\">\u00a0<\/span>\r\n\r\n<span data-contrast=\"auto\">100GB data \u20ac 36,=<\/span><span data-ccp-props=\"{}\">\u00a0<\/span>\r\n\r\n<span data-contrast=\"auto\">Incl. 100GB data<\/span>\r\n\r\n<span data-contrast=\"auto\">Incl. onbeperkt bellen binnen EU *\r\n<\/span>\r\n\r\n<span data-contrast=\"auto\">Unlimited data \u20ac 57,= *<\/span><span data-ccp-props=\"{}\">\u00a0<\/span>\r\n\r\n<span data-contrast=\"auto\">Incl. onbeperkt data *<\/span><span data-ccp-props=\"{}\">\u00a0<\/span>\r\n\r\n<span data-contrast=\"auto\">Incl. onbeperkt bellen binnen EU *<\/span>\r\n\r\n<span data-contrast=\"auto\">De databundels zijn 30 dagen geldig na activatie.<\/span><span data-ccp-props=\"{}\">\u00a0<\/span>\r\n\r\n<span data-contrast=\"auto\">*) Er is een Fair Use Policy. <\/span><span data-contrast=\"auto\">Bij extreem datagebruik of belgedrag kunnen de mogelijkheden van de sim worden beperkt door de provider.<\/span><span data-ccp-props=\"{}\">\u00a0<\/span>\r\n<h2><span data-contrast=\"none\">Kies afhalen of bezorgen<\/span><span data-ccp-props=\"{&quot;134245418&quot;:true,&quot;134245529&quot;:true,&quot;335559738&quot;:160,&quot;335559739&quot;:80}\">\u00a0<\/span><\/h2>\r\n<span data-contrast=\"auto\">Afhalen op Amsterdam Airport Schiphol<\/span><span data-ccp-props=\"{}\">\u00a0<\/span>\r\n\r\n<span data-contrast=\"auto\">Wanneer U aankomt in Amsterdam dan kunt U de simkaart voor Groot Brittani\u00eb halen bij de Airport Telecom winkel in de Aankomsthal 1 &amp; 2 van Amsterdam Airport Schiphol.<\/span><span data-ccp-props=\"{}\">\u00a0<\/span>\r\n<h2><span data-contrast=\"none\">Gratis bezorging<\/span><span data-ccp-props=\"{&quot;134245418&quot;:true,&quot;134245529&quot;:true,&quot;335559738&quot;:160,&quot;335559739&quot;:80}\">\u00a0<\/span><\/h2>\r\n<span data-contrast=\"auto\">Wilt u bezorging van de simkaart voor Groot Brittani\u00eb op dan kan dat ook. Bij bestelling op werkdagen v\u00f3\u00f3r 14.00h verzenden we dezelfde dag per post. Normaalgesproken vindt bezorging dan binnen \u00e9\u00e9n of twee werkdagen plaats.<\/span><span data-ccp-props=\"{}\">\u00a0<\/span>\r\n\r\n<span data-contrast=\"auto\">Via de \u201cbestel nu\u201d knoppen op deze pagina de verschillende data varianten bestellen.<\/span><span data-ccp-props=\"{}\">\u00a0<\/span>","product_handleiding":"<h2><span data-contrast=\"none\">Hoe installeer ik de simkaart Groot Brittani\u00eb in mijn telefoon?<\/span><span data-ccp-props=\"{&quot;134245418&quot;:true,&quot;134245529&quot;:true,&quot;335559738&quot;:160,&quot;335559739&quot;:80}\">\u00a0<\/span><\/h2>\r\n<span data-contrast=\"auto\">Open het schuifje aan de zijkant van de telefoon. Dit kan met het pinnetje dat bij de telefoon is geleverd. Heb je dit niet dan kan je er \u00e9\u00e9n maken door een paperclip te verbuigen. Bij de simkaarten van Airport Telecom wordt ook een extra pinnetje geleverd.<\/span><span data-ccp-props=\"{}\">\u00a0<\/span>\r\n\r\n<span data-contrast=\"auto\">Verwijder je eigen simkaart en bewaar deze goed! Plaats nu de nieuwe simkaart. Dit kan maar op \u00e9\u00e9n manier. Het kan zijn dat je een telefoon hebt waar meerdere simkaart in kunnen. Plaats de nieuwe simkaart er dan als extra kaart bij.<\/span><span data-ccp-props=\"{}\">\u00a0<\/span>\r\n\r\n<span data-contrast=\"auto\">Duw het simkaart-schuifje nu terug in de telefoon. Als het goed is, kan je nu automatisch gebruik maken van de nieuwe sim. Mogelijk vraagt de telefoon om nog wat extra instellingen te doen.<\/span><span data-ccp-props=\"{}\">\u00a0<\/span>","product_veelgestelde_vragen":[{"vraag":"Welke simkaart in Groot Brittani\u00eb gebruiken? ","antwoord":"Bij een kort verblijf van een paar dagen heeft u waarschijnlijk niet zoveel data nodig. De 100GB databundel voor Groot Brittani\u00eb kan dan voldoende zijn. Applicaties zoals Whatsapp, Instagram en navigatie verbruiken niet veel data. Blijft u langer dan kan het handig zijn om voor Unlimited te kiezen zodat u zeker voldoende data heeft. Beide simkaarten bieden ook onbeperkt bellen binnen Europa. "},{"vraag":"Waar koop je een simkaart voor Groot Brittani\u00eb? ","antwoord":"Een simkaart voor Groot Brittani\u00eb koop je bij Airport Telecom Schiphol. Afhalen kan in de winkel. Online bestellen kan ook en de simkaart wordt dan gratis thuisbezorgd. "}]},"yoast_head":"<!-- This site is optimized with the Yoast SEO Premium plugin v24.4 (Yoast SEO v26.9) - https:\/\/yoast.com\/product\/yoast-seo-premium-wordpress\/ -->\n<title>Simkaart Verenigd Koninkrijk kopen voor prepaid (onbeperkt) bellen en internet - Airport Telecom NL<\/title>\n<meta name=\"description\" content=\"Op zoek naar een prepaid Simkaart Verenigd Koninkrijk voor (onbeperkt) bellen en internet? Optimaal bereikbaar op reis in Simkaart Europa. Nu al te koop vanaf !\" \/>\n<meta name=\"robots\" content=\"index, follow, max-snippet:-1, max-image-preview:large, max-video-preview:-1\" \/>\n<link rel=\"canonical\" href=\"https:\/\/airporttelecom.com\/nl\/simkaart\/verenigd-koninkrijk\/\" \/>\n<meta property=\"og:locale\" content=\"nl_NL\" \/>\n<meta property=\"og:type\" content=\"article\" \/>\n<meta property=\"og:title\" content=\"Simkaart Verenigd Koninkrijk\" \/>\n<meta property=\"og:description\" content=\"Op zoek naar een prepaid Simkaart Verenigd Koninkrijk voor (onbeperkt) bellen en internet? Optimaal bereikbaar op reis in Simkaart Europa. Nu al te koop vanaf !\" \/>\n<meta property=\"og:url\" content=\"https:\/\/airporttelecom.com\/nl\/simkaart\/verenigd-koninkrijk\/\" \/>\n<meta property=\"og:site_name\" content=\"Airport Telecom NL\" \/>\n<meta property=\"article:modified_time\" content=\"2026-02-15T13:30:09+00:00\" \/>\n<meta property=\"og:image\" content=\"https:\/\/airporttelecom.com\/nl\/wp-content\/uploads\/sites\/4\/2024\/06\/Simkaart-United-Kingdom.png\" \/>\n\t<meta property=\"og:image:width\" content=\"800\" \/>\n\t<meta property=\"og:image:height\" content=\"316\" \/>\n\t<meta property=\"og:image:type\" content=\"image\/png\" \/>\n<meta name=\"twitter:card\" content=\"summary_large_image\" \/>\n<meta name=\"twitter:label1\" content=\"Geschatte leestijd\" \/>\n\t<meta name=\"twitter:data1\" content=\"1 minuut\" \/>\n<script type=\"application\/ld+json\" class=\"yoast-schema-graph\">{\"@context\":\"https:\/\/schema.org\",\"@graph\":[{\"@type\":\"WebPage\",\"@id\":\"https:\/\/airporttelecom.com\/nl\/simkaart\/verenigd-koninkrijk\/\",\"url\":\"https:\/\/airporttelecom.com\/nl\/simkaart\/verenigd-koninkrijk\/\",\"name\":\"Simkaart Verenigd Koninkrijk kopen voor prepaid (onbeperkt) bellen en internet - Airport Telecom NL\",\"isPartOf\":{\"@id\":\"https:\/\/airporttelecom.com\/nl\/#website\"},\"primaryImageOfPage\":{\"@id\":\"https:\/\/airporttelecom.com\/nl\/simkaart\/verenigd-koninkrijk\/#primaryimage\"},\"image\":{\"@id\":\"https:\/\/airporttelecom.com\/nl\/simkaart\/verenigd-koninkrijk\/#primaryimage\"},\"thumbnailUrl\":\"https:\/\/airporttelecom.com\/nl\/wp-content\/uploads\/sites\/4\/2024\/06\/Simkaart-United-Kingdom.png\",\"datePublished\":\"2024-06-13T08:58:22+00:00\",\"dateModified\":\"2026-02-15T13:30:09+00:00\",\"description\":\"Op zoek naar een prepaid Simkaart Verenigd Koninkrijk voor (onbeperkt) bellen en internet? Optimaal bereikbaar op reis in Simkaart Europa. Nu al te koop vanaf !\",\"breadcrumb\":{\"@id\":\"https:\/\/airporttelecom.com\/nl\/simkaart\/verenigd-koninkrijk\/#breadcrumb\"},\"inLanguage\":\"nl-NL\",\"potentialAction\":[{\"@type\":\"ReadAction\",\"target\":[\"https:\/\/airporttelecom.com\/nl\/simkaart\/verenigd-koninkrijk\/\"]}]},{\"@type\":\"ImageObject\",\"inLanguage\":\"nl-NL\",\"@id\":\"https:\/\/airporttelecom.com\/nl\/simkaart\/verenigd-koninkrijk\/#primaryimage\",\"url\":\"https:\/\/airporttelecom.com\/nl\/wp-content\/uploads\/sites\/4\/2024\/06\/Simkaart-United-Kingdom.png\",\"contentUrl\":\"https:\/\/airporttelecom.com\/nl\/wp-content\/uploads\/sites\/4\/2024\/06\/Simkaart-United-Kingdom.png\",\"width\":800,\"height\":316,\"caption\":\"Simkaart United Kingdom\"},{\"@type\":\"BreadcrumbList\",\"@id\":\"https:\/\/airporttelecom.com\/nl\/simkaart\/verenigd-koninkrijk\/#breadcrumb\",\"itemListElement\":[{\"@type\":\"ListItem\",\"position\":1,\"name\":\"Home\",\"item\":\"https:\/\/airporttelecom.com\/nl\/\"},{\"@type\":\"ListItem\",\"position\":2,\"name\":\"Simkaart\",\"item\":\"https:\/\/airporttelecom.com\/nl\/simkaart\/\"},{\"@type\":\"ListItem\",\"position\":3,\"name\":\"Verenigd Koninkrijk\"}]},{\"@type\":\"WebSite\",\"@id\":\"https:\/\/airporttelecom.com\/nl\/#website\",\"url\":\"https:\/\/airporttelecom.com\/nl\/\",\"name\":\"Airport Telecom\",\"description\":\"\",\"publisher\":{\"@id\":\"https:\/\/airporttelecom.com\/nl\/#organization\"},\"potentialAction\":[{\"@type\":\"SearchAction\",\"target\":{\"@type\":\"EntryPoint\",\"urlTemplate\":\"https:\/\/airporttelecom.com\/nl\/?s={search_term_string}\"},\"query-input\":{\"@type\":\"PropertyValueSpecification\",\"valueRequired\":true,\"valueName\":\"search_term_string\"}}],\"inLanguage\":\"nl-NL\"},{\"@type\":\"Organization\",\"@id\":\"https:\/\/airporttelecom.com\/nl\/#organization\",\"name\":\"Airport Telecom\",\"url\":\"https:\/\/airporttelecom.com\/nl\/\",\"logo\":{\"@type\":\"ImageObject\",\"inLanguage\":\"nl-NL\",\"@id\":\"https:\/\/airporttelecom.com\/nl\/#\/schema\/logo\/image\/\",\"url\":\"https:\/\/airporttelecom.com\/nl\/wp-content\/uploads\/sites\/4\/2024\/06\/icon.png\",\"contentUrl\":\"https:\/\/airporttelecom.com\/nl\/wp-content\/uploads\/sites\/4\/2024\/06\/icon.png\",\"width\":110,\"height\":110,\"caption\":\"Airport Telecom\"},\"image\":{\"@id\":\"https:\/\/airporttelecom.com\/nl\/#\/schema\/logo\/image\/\"}}]}<\/script>\n<!-- \/ Yoast SEO Premium plugin. -->","yoast_head_json":{"title":"Simkaart Verenigd Koninkrijk kopen voor prepaid (onbeperkt) bellen en internet - Airport Telecom NL","description":"Op zoek naar een prepaid Simkaart Verenigd Koninkrijk voor (onbeperkt) bellen en internet? Optimaal bereikbaar op reis in Simkaart Europa. Nu al te koop vanaf !","robots":{"index":"index","follow":"follow","max-snippet":"max-snippet:-1","max-image-preview":"max-image-preview:large","max-video-preview":"max-video-preview:-1"},"canonical":"https:\/\/airporttelecom.com\/nl\/simkaart\/verenigd-koninkrijk\/","og_locale":"nl_NL","og_type":"article","og_title":"Simkaart Verenigd Koninkrijk","og_description":"Op zoek naar een prepaid Simkaart Verenigd Koninkrijk voor (onbeperkt) bellen en internet? Optimaal bereikbaar op reis in Simkaart Europa. Nu al te koop vanaf !","og_url":"https:\/\/airporttelecom.com\/nl\/simkaart\/verenigd-koninkrijk\/","og_site_name":"Airport Telecom NL","article_modified_time":"2026-02-15T13:30:09+00:00","og_image":[{"width":800,"height":316,"url":"https:\/\/airporttelecom.com\/nl\/wp-content\/uploads\/sites\/4\/2024\/06\/Simkaart-United-Kingdom.png","type":"image\/png"}],"twitter_card":"summary_large_image","twitter_misc":{"Geschatte leestijd":"1 minuut"},"schema":{"@context":"https:\/\/schema.org","@graph":[{"@type":"WebPage","@id":"https:\/\/airporttelecom.com\/nl\/simkaart\/verenigd-koninkrijk\/","url":"https:\/\/airporttelecom.com\/nl\/simkaart\/verenigd-koninkrijk\/","name":"Simkaart Verenigd Koninkrijk kopen voor prepaid (onbeperkt) bellen en internet - Airport Telecom NL","isPartOf":{"@id":"https:\/\/airporttelecom.com\/nl\/#website"},"primaryImageOfPage":{"@id":"https:\/\/airporttelecom.com\/nl\/simkaart\/verenigd-koninkrijk\/#primaryimage"},"image":{"@id":"https:\/\/airporttelecom.com\/nl\/simkaart\/verenigd-koninkrijk\/#primaryimage"},"thumbnailUrl":"https:\/\/airporttelecom.com\/nl\/wp-content\/uploads\/sites\/4\/2024\/06\/Simkaart-United-Kingdom.png","datePublished":"2024-06-13T08:58:22+00:00","dateModified":"2026-02-15T13:30:09+00:00","description":"Op zoek naar een prepaid Simkaart Verenigd Koninkrijk voor (onbeperkt) bellen en internet? Optimaal bereikbaar op reis in Simkaart Europa. Nu al te koop vanaf !","breadcrumb":{"@id":"https:\/\/airporttelecom.com\/nl\/simkaart\/verenigd-koninkrijk\/#breadcrumb"},"inLanguage":"nl-NL","potentialAction":[{"@type":"ReadAction","target":["https:\/\/airporttelecom.com\/nl\/simkaart\/verenigd-koninkrijk\/"]}]},{"@type":"ImageObject","inLanguage":"nl-NL","@id":"https:\/\/airporttelecom.com\/nl\/simkaart\/verenigd-koninkrijk\/#primaryimage","url":"https:\/\/airporttelecom.com\/nl\/wp-content\/uploads\/sites\/4\/2024\/06\/Simkaart-United-Kingdom.png","contentUrl":"https:\/\/airporttelecom.com\/nl\/wp-content\/uploads\/sites\/4\/2024\/06\/Simkaart-United-Kingdom.png","width":800,"height":316,"caption":"Simkaart United Kingdom"},{"@type":"BreadcrumbList","@id":"https:\/\/airporttelecom.com\/nl\/simkaart\/verenigd-koninkrijk\/#breadcrumb","itemListElement":[{"@type":"ListItem","position":1,"name":"Home","item":"https:\/\/airporttelecom.com\/nl\/"},{"@type":"ListItem","position":2,"name":"Simkaart","item":"https:\/\/airporttelecom.com\/nl\/simkaart\/"},{"@type":"ListItem","position":3,"name":"Verenigd Koninkrijk"}]},{"@type":"WebSite","@id":"https:\/\/airporttelecom.com\/nl\/#website","url":"https:\/\/airporttelecom.com\/nl\/","name":"Airport Telecom","description":"","publisher":{"@id":"https:\/\/airporttelecom.com\/nl\/#organization"},"potentialAction":[{"@type":"SearchAction","target":{"@type":"EntryPoint","urlTemplate":"https:\/\/airporttelecom.com\/nl\/?s={search_term_string}"},"query-input":{"@type":"PropertyValueSpecification","valueRequired":true,"valueName":"search_term_string"}}],"inLanguage":"nl-NL"},{"@type":"Organization","@id":"https:\/\/airporttelecom.com\/nl\/#organization","name":"Airport Telecom","url":"https:\/\/airporttelecom.com\/nl\/","logo":{"@type":"ImageObject","inLanguage":"nl-NL","@id":"https:\/\/airporttelecom.com\/nl\/#\/schema\/logo\/image\/","url":"https:\/\/airporttelecom.com\/nl\/wp-content\/uploads\/sites\/4\/2024\/06\/icon.png","contentUrl":"https:\/\/airporttelecom.com\/nl\/wp-content\/uploads\/sites\/4\/2024\/06\/icon.png","width":110,"height":110,"caption":"Airport Telecom"},"image":{"@id":"https:\/\/airporttelecom.com\/nl\/#\/schema\/logo\/image\/"}}]}},"_links":{"self":[{"href":"https:\/\/airporttelecom.com\/nl\/wp-json\/wp\/v2\/product\/70","targetHints":{"allow":["GET"]}}],"collection":[{"href":"https:\/\/airporttelecom.com\/nl\/wp-json\/wp\/v2\/product"}],"about":[{"href":"https:\/\/airporttelecom.com\/nl\/wp-json\/wp\/v2\/types\/product"}],"replies":[{"embeddable":true,"href":"https:\/\/airporttelecom.com\/nl\/wp-json\/wp\/v2\/comments?post=70"}],"wp:featuredmedia":[{"embeddable":true,"href":"https:\/\/airporttelecom.com\/nl\/wp-json\/wp\/v2\/media\/1093"}],"wp:attachment":[{"href":"https:\/\/airporttelecom.com\/nl\/wp-json\/wp\/v2\/media?parent=70"}],"wp:term":[{"taxonomy":"product_brand","embeddable":true,"href":"https:\/\/airporttelecom.com\/nl\/wp-json\/wp\/v2\/product_brand?post=70"},{"taxonomy":"product_cat","embeddable":true,"href":"https:\/\/airporttelecom.com\/nl\/wp-json\/wp\/v2\/product_cat?post=70"},{"taxonomy":"product_tag","embeddable":true,"href":"https:\/\/airporttelecom.com\/nl\/wp-json\/wp\/v2\/product_tag?post=70"}],"curies":[{"name":"wp","href":"https:\/\/api.w.org\/{rel}","templated":true}]}}