{"id":799,"date":"2024-07-30T09:54:55","date_gmt":"2024-07-30T09:54:55","guid":{"rendered":"https:\/\/airporttelecom.outperforming.nl\/nl\/?post_type=product&#038;p=799"},"modified":"2026-03-25T19:04:00","modified_gmt":"2026-03-25T19:04:00","slug":"simkaart-verenigde-staten","status":"publish","type":"product","link":"https:\/\/airporttelecom.com\/nl\/simkaart\/amerika\/","title":{"rendered":"Simkaart Amerika"},"content":{"rendered":"","protected":false},"excerpt":{"rendered":"","protected":false},"featured_media":1174,"comment_status":"open","ping_status":"closed","template":"","meta":{"_acf_changed":false,"_monsterinsights_skip_tracking":false,"_monsterinsights_sitenote_active":false,"_monsterinsights_sitenote_note":"","_monsterinsights_sitenote_category":0},"product_brand":[],"product_cat":[17],"product_tag":[24],"class_list":{"0":"post-799","1":"product","2":"type-product","3":"status-publish","4":"has-post-thumbnail","6":"product_cat-simkaart","7":"product_tag-simkaart-noord-amerika","9":"first","10":"instock","11":"taxable","12":"shipping-taxable","13":"purchasable","14":"product-type-variable","15":"has-default-attributes"},"acf":{"gebied_afbeelding":1885,"vlag_afbeelding":922,"provider":["THR","LYC","LIN"],"product_synoniemen":[{"synoniem":"United States"},{"synoniem":"Verenigde Staten"},{"synoniem":"USA"},{"synoniem":"New York"}],"product_bestel_velden":["vertrekdatum","phone"],"product_omschrijving":"<h2>Mobiel bereikbaar in Amerika met de simkaart USA<\/h2>\r\nMet de prepaid simkaarten Amerika van Airport Telecom bent u in de hele USA bereikbaar op \u00e9\u00e9n telefoonnummer. U kunt kiezen uit verschillende data- en belbundels. Deze bundels zijn zeer geschikt voor internetgebruik in Amerika en geven u via een snelle 4G\/5G verbinding toegang tot Email, Whatsapp, navigatie en andere internettoepassingen.\r\n<h2>Bundels voor data en bellen op reis in Amerika<\/h2>\r\nDe simkaarten voor Amerika zijn er met een 12GB en met een Unlimited databundel:\r\n<h3>12GB simkaart Amerika \u20ac 36,=<\/h3>\r\nBundel geldig voor 30 dagen. Met de 12GB simkaart bent u overal in de USA bereikbaar op \u00e9\u00e9n telefoonnummer. Bovendien beschikt u over 12GB data. Deze simkaart is dus zeer geschikt voor internetgebruik. Let op: u kunt met deze kaart weliswaar inkomende telefoongesprekken ontvangen, maar u kunt er geen normale uitgaande telefoongesprekken mee voeren. Alle gesprekken die via internet worden gevoerd, zoals Whatsapp, Skype, Facetime, etc. zijn uiteraard mogelijk. U gebruikt dan de 12GB data op de simkaart. Het telefoonnummer waarop u in de USA bereikbaar bent, wordt u per sms toegestuurd wanneer u de simkaart activeert. Het is een Engels (+44) nummer. Wij houden deze simkaart al jaren in het assortiment vanwege de gunstige databundel.\r\n<h3>Unlimited simkaart Amerika \u20ac 69,=<\/h3>\r\nBundel 30 dagen geldig. Met deze Unlimited sim bent u in de hele Verenigde Staten bereikbaar op \u00e9\u00e9n Amerikaans telefoonnummer (+1). De Unlimited simkaart biedt bovendien onbeperkt data \u00e8n onbeperkt bellen in heel Amerika.\u00a0 Ideaal wanneer u verzekerd wilt zijn van voldoende data en wanneer u in Amerika bijvoorbeeld ook hotels en restaurants wilt kunnen bellen. Deze simkaart kan worden opgewaardeerd. Tethering voor gebruik als Hotspot of in een MIFI router werkt met de Unlimited simkaart Amerika maar er is een onderscheid tussen iPhone en Android. Bij iPhone kan de volledige Unlimited bundel worden gebruikt voor Hotspot en MIFI. Bij Android kan binnen de Unlimited bundel van de simkaart Amerika alleen 5GB worden gebruikt voor Hotspot en Mifi.\r\n<h2>Amerikaanse 4G en 5G netwerken<\/h2>\r\nDe simkaarten voor Amerika hebben een uitstekende landelijke dekking via de 4G en 5G netwerken van AT&amp;T en T-Mobile. Er is geen registratie van de gebruiker nodig in de Verenigde Staten. Bij aankomst plaatst u de simkaart in uw mobiele telefoon en het internet begint te werken. De bundels zijn 30 dagen geldig.\r\n<h2>Whatsapp met simkaart Amerika<\/h2>\r\nMet de simkaarten Amerika kunt u WhatsApp blijven gebruiken zoals u gewend bent. Dat geldt ook voor alle andere apps. Zodra WhatsApp doorheeft dat er een andere simkaart met een nieuw nummer in uw telefoon zit, kan Whatsapp uit zichzelf vragen of u het nieuwe, \u00f3f het oude nummer wilt gebruiken. Als u dan kiest voor het oude nummer, zal er op Whatsapp helemaal niets veranderen. U houdt dan gewoon uw bestaande WhatsApp identiteit met alle contacten, groepen en chats.\r\n<h2>Dekking met telefoon in Amerika<\/h2>\r\nDe simkaarten Amerika maken gebruik van het AT&amp;T en het T-Mobile netwerk in Amerika. Ongeveer 99% van de Amerikanen wordt bereikt met deze netwerken en de dekking voor mobiele data en spraak in de USA is dan ook uitstekend. Emailen vanuit Manhattan en Disney World of Instagram bijhouden vanaf Santa Monica Beach kan altijd. Toch zijn er onbewoonde of dunbevolkte gebieden waar de telefoon niet werkt. Denk hierbij aan de mooie nationale parken in Amerika zoals Yellowstone, Yosemite en de Everglades. Ook een Whatsapp sturen vanuit de miljarden jaren oude Grand Canyon of de afgelegen wildernis met beren in Alaska zal waarschijnlijk niet lukken. Zoals aangegeven zijn dit uitzonderingen want van New York tot Miami, van Chicago tot Los Angeles, in alle grote en kleine en plaatsen kan men zorgenloos bellen en internetten met de mobiele telefoon.\r\n<h2>Simkaart Amerika gratis thuisbezorgd<\/h2>\r\nDe 12GB en de Unlimited simkaart Amerika worden gratis bij u thuisbezorgd in Nederland &amp; Belgi\u00eb. Bij bestelling op werkdagen v\u00f3\u00f3r 14.00h verzenden we dezelfde dag per post. Normaalgesproken vindt bezorging dan binnen \u00e9\u00e9n of twee werkdagen plaats. Sneller nodig? Kies dan voor de <a href=\"https:\/\/airporttelecom.com\/nl\/esim\/amerika\/\">eSIM<\/a> die direct per email wordt verzonden.","product_specificaties":"<h2>Voordelen simkaart Amerika<\/h2>\r\n<ul>\r\n \t<li>In de hele USA bereikbaar op \u00e9\u00e9n telefoonnummer.<\/li>\r\n \t<li>De SIM kaart USA is beschikbaar in alle maten (mini, micro en nano).<\/li>\r\n \t<li>De SIM USA werkt in elke iPhone en andere smart phone.<\/li>\r\n \t<li>Laat de simkaart gratis thuisbezorgen.<\/li>\r\n<\/ul>\r\n<h2>Internet &amp; bellen in Amerika<\/h2>\r\nEr zijn twee varianten van de simkaart Amerika:\r\n<h3>12GB simkaart Amerika, \u20ac 36,=<\/h3>\r\n<ul>\r\n \t<li>12GB data in de hele USA*<\/li>\r\n \t<li>Engels telefoonnummer (+44)<\/li>\r\n \t<li>Gesprekken ontvangen kan onbeperkt op genoemd nummer<\/li>\r\n \t<li>Uitgaand bellen kan alleen via data zoals met Whatsapp, Facetime<\/li>\r\n \t<li>De bundel is geldig voor 30 dagen<\/li>\r\n<\/ul>\r\n<h3>Unlimited simkaart Amerika, \u20ac 69,=<\/h3>\r\n<ul>\r\n \t<li>Onbeperkt data in de hele USA*<\/li>\r\n \t<li>Onbeperkt bellen binnen de USA*<\/li>\r\n \t<li>Onbeperkt gebeld worden in de USA<\/li>\r\n \t<li>Amerikaans telefoonnummer (+1)<\/li>\r\n \t<li>Hotspot en MIFI mogelijk (Bij iPhone onbegrenst, bij Android 5GB beschikbaar voor Hotspot \/ MIFI)<\/li>\r\n \t<li>De bundel is geldig voor 30 dagen en is daarna op te waarderen via deze website.<\/li>\r\n<\/ul>\r\n(*) Er is een Fair Use Policy. Bij extreem datagebruik of belgedrag kan de provider in de Verenigde Staten de mogelijkheden van de sim beperken.","product_handleiding":"<h2><span data-contrast=\"none\">Hoe installeer ik de simkaart Amerika in mijn telefoon?<\/span><span data-ccp-props=\"{&quot;134245418&quot;:true,&quot;134245529&quot;:true,&quot;335559738&quot;:160,&quot;335559739&quot;:80}\">\u00a0<\/span><\/h2>\r\n<span data-contrast=\"none\">Open het schuifje aan de zijkant van de telefoon. Dit kan met het pinnetje dat bij de telefoon is geleverd. Heb je dit niet dan kan je er \u00e9\u00e9n maken door een paperclip te verbuigen. Bij de simkaarten van Airport Telecom wordt ook een extra pinnetje geleverd.<\/span><span data-ccp-props=\"{}\">\u00a0<\/span>\r\n\r\n<span data-contrast=\"none\">Verwijder je eigen simkaart en bewaar deze goed! Plaats nu de nieuwe simkaart. Dit kan maar op \u00e9\u00e9n manier. Het kan zijn dat je een telefoon hebt waar meerdere simkaart in kunnen. Plaats de nieuwe simkaart er dan als extra kaart bij.<\/span><span data-ccp-props=\"{}\">\u00a0<\/span>\r\n\r\n<span data-contrast=\"none\">Duw het simkaart-schuifje nu terug in de telefoon. Als het goed is, kan je nu automatisch gebruik maken van de nieuwe sim. Mogelijk vraagt de telefoon om nog wat extra instellingen te doen.<\/span><span data-ccp-props=\"{}\">\u00a0<\/span>","product_veelgestelde_vragen":[{"vraag":"Welke simkaart in Amerika gebruiken? ","antwoord":"Bij een kort verblijf van een paar dagen heeft u waarschijnlijk niet zoveel data nodig. De 12GB databundel voor Amerika kan dan voldoende zijn. Applicaties zoals Whatsapp, Instagram en navigatie verbruiken niet veel data. Blijft u langer dan kan het handig zijn om voor Unlimited te kiezen zodat u zeker voldoende data heeft. De Unlimited simkaart biedt ook onbeperkt bellen binnen Amerika. "},{"vraag":"Waar koop je een simkaart voor Amerika? ","antwoord":"Een simkaart voor Amerika koop je bij Airport Telecom.  Online bestellen gaat makkelijk en de simkaart wordt gratis thuisbezorgd. Afhalen kan eventueel in Rotterdam en Zaventem."},{"vraag":"Waarom moet ik de vertrekdatum ingeven bij een bestelling van een unlimited fysieke simkaart voor de USA ?","antwoord":"Vanaf de vertrekdatum activeren wij de bundel voor u en is deze 30 dagen geldig"}]},"yoast_head":"<!-- This site is optimized with the Yoast SEO Premium plugin v24.4 (Yoast SEO v26.9) - https:\/\/yoast.com\/product\/yoast-seo-premium-wordpress\/ -->\n<title>Simkaart Amerika kopen voor prepaid (onbeperkt) bellen en internet - Airport Telecom NL<\/title>\n<meta name=\"description\" content=\"Op zoek naar een prepaid Simkaart Amerika voor (onbeperkt) bellen en internet? Optimaal bereikbaar op reis in Simkaart Noord-Amerika. Nu al te koop vanaf !\" \/>\n<meta name=\"robots\" content=\"index, follow, max-snippet:-1, max-image-preview:large, max-video-preview:-1\" \/>\n<link rel=\"canonical\" href=\"https:\/\/airporttelecom.com\/nl\/simkaart\/amerika\/\" \/>\n<meta property=\"og:locale\" content=\"nl_NL\" \/>\n<meta property=\"og:type\" content=\"article\" \/>\n<meta property=\"og:title\" content=\"Simkaart Amerika\" \/>\n<meta property=\"og:description\" content=\"Op zoek naar een prepaid Simkaart Amerika voor (onbeperkt) bellen en internet? Optimaal bereikbaar op reis in Simkaart Noord-Amerika. Nu al te koop vanaf !\" \/>\n<meta property=\"og:url\" content=\"https:\/\/airporttelecom.com\/nl\/simkaart\/amerika\/\" \/>\n<meta property=\"og:site_name\" content=\"Airport Telecom NL\" \/>\n<meta property=\"article:modified_time\" content=\"2026-03-25T19:04:00+00:00\" \/>\n<meta property=\"og:image\" content=\"https:\/\/airporttelecom.com\/nl\/wp-content\/uploads\/sites\/4\/2024\/07\/Simkaart-USA.png\" \/>\n\t<meta property=\"og:image:width\" content=\"800\" \/>\n\t<meta property=\"og:image:height\" content=\"319\" \/>\n\t<meta property=\"og:image:type\" content=\"image\/png\" \/>\n<meta name=\"twitter:card\" content=\"summary_large_image\" \/>\n<meta name=\"twitter:label1\" content=\"Geschatte leestijd\" \/>\n\t<meta name=\"twitter:data1\" content=\"1 minuut\" \/>\n<script type=\"application\/ld+json\" class=\"yoast-schema-graph\">{\"@context\":\"https:\/\/schema.org\",\"@graph\":[{\"@type\":\"WebPage\",\"@id\":\"https:\/\/airporttelecom.com\/nl\/simkaart\/amerika\/\",\"url\":\"https:\/\/airporttelecom.com\/nl\/simkaart\/amerika\/\",\"name\":\"Simkaart Amerika kopen voor prepaid (onbeperkt) bellen en internet - Airport Telecom NL\",\"isPartOf\":{\"@id\":\"https:\/\/airporttelecom.com\/nl\/#website\"},\"primaryImageOfPage\":{\"@id\":\"https:\/\/airporttelecom.com\/nl\/simkaart\/amerika\/#primaryimage\"},\"image\":{\"@id\":\"https:\/\/airporttelecom.com\/nl\/simkaart\/amerika\/#primaryimage\"},\"thumbnailUrl\":\"https:\/\/airporttelecom.com\/nl\/wp-content\/uploads\/sites\/4\/2024\/07\/Simkaart-USA.png\",\"datePublished\":\"2024-07-30T09:54:55+00:00\",\"dateModified\":\"2026-03-25T19:04:00+00:00\",\"description\":\"Op zoek naar een prepaid Simkaart Amerika voor (onbeperkt) bellen en internet? Optimaal bereikbaar op reis in Simkaart Noord-Amerika. Nu al te koop vanaf !\",\"breadcrumb\":{\"@id\":\"https:\/\/airporttelecom.com\/nl\/simkaart\/amerika\/#breadcrumb\"},\"inLanguage\":\"nl-NL\",\"potentialAction\":[{\"@type\":\"ReadAction\",\"target\":[\"https:\/\/airporttelecom.com\/nl\/simkaart\/amerika\/\"]}]},{\"@type\":\"ImageObject\",\"inLanguage\":\"nl-NL\",\"@id\":\"https:\/\/airporttelecom.com\/nl\/simkaart\/amerika\/#primaryimage\",\"url\":\"https:\/\/airporttelecom.com\/nl\/wp-content\/uploads\/sites\/4\/2024\/07\/Simkaart-USA.png\",\"contentUrl\":\"https:\/\/airporttelecom.com\/nl\/wp-content\/uploads\/sites\/4\/2024\/07\/Simkaart-USA.png\",\"width\":800,\"height\":319,\"caption\":\"Simkaart Verenigde Staten\"},{\"@type\":\"BreadcrumbList\",\"@id\":\"https:\/\/airporttelecom.com\/nl\/simkaart\/amerika\/#breadcrumb\",\"itemListElement\":[{\"@type\":\"ListItem\",\"position\":1,\"name\":\"Home\",\"item\":\"https:\/\/airporttelecom.com\/nl\/\"},{\"@type\":\"ListItem\",\"position\":2,\"name\":\"Simkaart\",\"item\":\"https:\/\/airporttelecom.com\/nl\/simkaart\/\"},{\"@type\":\"ListItem\",\"position\":3,\"name\":\"Amerika\"}]},{\"@type\":\"WebSite\",\"@id\":\"https:\/\/airporttelecom.com\/nl\/#website\",\"url\":\"https:\/\/airporttelecom.com\/nl\/\",\"name\":\"Airport Telecom\",\"description\":\"\",\"publisher\":{\"@id\":\"https:\/\/airporttelecom.com\/nl\/#organization\"},\"potentialAction\":[{\"@type\":\"SearchAction\",\"target\":{\"@type\":\"EntryPoint\",\"urlTemplate\":\"https:\/\/airporttelecom.com\/nl\/?s={search_term_string}\"},\"query-input\":{\"@type\":\"PropertyValueSpecification\",\"valueRequired\":true,\"valueName\":\"search_term_string\"}}],\"inLanguage\":\"nl-NL\"},{\"@type\":\"Organization\",\"@id\":\"https:\/\/airporttelecom.com\/nl\/#organization\",\"name\":\"Airport Telecom\",\"url\":\"https:\/\/airporttelecom.com\/nl\/\",\"logo\":{\"@type\":\"ImageObject\",\"inLanguage\":\"nl-NL\",\"@id\":\"https:\/\/airporttelecom.com\/nl\/#\/schema\/logo\/image\/\",\"url\":\"https:\/\/airporttelecom.com\/nl\/wp-content\/uploads\/sites\/4\/2024\/06\/icon.png\",\"contentUrl\":\"https:\/\/airporttelecom.com\/nl\/wp-content\/uploads\/sites\/4\/2024\/06\/icon.png\",\"width\":110,\"height\":110,\"caption\":\"Airport Telecom\"},\"image\":{\"@id\":\"https:\/\/airporttelecom.com\/nl\/#\/schema\/logo\/image\/\"}}]}<\/script>\n<!-- \/ Yoast SEO Premium plugin. -->","yoast_head_json":{"title":"Simkaart Amerika kopen voor prepaid (onbeperkt) bellen en internet - Airport Telecom NL","description":"Op zoek naar een prepaid Simkaart Amerika voor (onbeperkt) bellen en internet? Optimaal bereikbaar op reis in Simkaart Noord-Amerika. Nu al te koop vanaf !","robots":{"index":"index","follow":"follow","max-snippet":"max-snippet:-1","max-image-preview":"max-image-preview:large","max-video-preview":"max-video-preview:-1"},"canonical":"https:\/\/airporttelecom.com\/nl\/simkaart\/amerika\/","og_locale":"nl_NL","og_type":"article","og_title":"Simkaart Amerika","og_description":"Op zoek naar een prepaid Simkaart Amerika voor (onbeperkt) bellen en internet? Optimaal bereikbaar op reis in Simkaart Noord-Amerika. Nu al te koop vanaf !","og_url":"https:\/\/airporttelecom.com\/nl\/simkaart\/amerika\/","og_site_name":"Airport Telecom NL","article_modified_time":"2026-03-25T19:04:00+00:00","og_image":[{"width":800,"height":319,"url":"https:\/\/airporttelecom.com\/nl\/wp-content\/uploads\/sites\/4\/2024\/07\/Simkaart-USA.png","type":"image\/png"}],"twitter_card":"summary_large_image","twitter_misc":{"Geschatte leestijd":"1 minuut"},"schema":{"@context":"https:\/\/schema.org","@graph":[{"@type":"WebPage","@id":"https:\/\/airporttelecom.com\/nl\/simkaart\/amerika\/","url":"https:\/\/airporttelecom.com\/nl\/simkaart\/amerika\/","name":"Simkaart Amerika kopen voor prepaid (onbeperkt) bellen en internet - Airport Telecom NL","isPartOf":{"@id":"https:\/\/airporttelecom.com\/nl\/#website"},"primaryImageOfPage":{"@id":"https:\/\/airporttelecom.com\/nl\/simkaart\/amerika\/#primaryimage"},"image":{"@id":"https:\/\/airporttelecom.com\/nl\/simkaart\/amerika\/#primaryimage"},"thumbnailUrl":"https:\/\/airporttelecom.com\/nl\/wp-content\/uploads\/sites\/4\/2024\/07\/Simkaart-USA.png","datePublished":"2024-07-30T09:54:55+00:00","dateModified":"2026-03-25T19:04:00+00:00","description":"Op zoek naar een prepaid Simkaart Amerika voor (onbeperkt) bellen en internet? Optimaal bereikbaar op reis in Simkaart Noord-Amerika. Nu al te koop vanaf !","breadcrumb":{"@id":"https:\/\/airporttelecom.com\/nl\/simkaart\/amerika\/#breadcrumb"},"inLanguage":"nl-NL","potentialAction":[{"@type":"ReadAction","target":["https:\/\/airporttelecom.com\/nl\/simkaart\/amerika\/"]}]},{"@type":"ImageObject","inLanguage":"nl-NL","@id":"https:\/\/airporttelecom.com\/nl\/simkaart\/amerika\/#primaryimage","url":"https:\/\/airporttelecom.com\/nl\/wp-content\/uploads\/sites\/4\/2024\/07\/Simkaart-USA.png","contentUrl":"https:\/\/airporttelecom.com\/nl\/wp-content\/uploads\/sites\/4\/2024\/07\/Simkaart-USA.png","width":800,"height":319,"caption":"Simkaart Verenigde Staten"},{"@type":"BreadcrumbList","@id":"https:\/\/airporttelecom.com\/nl\/simkaart\/amerika\/#breadcrumb","itemListElement":[{"@type":"ListItem","position":1,"name":"Home","item":"https:\/\/airporttelecom.com\/nl\/"},{"@type":"ListItem","position":2,"name":"Simkaart","item":"https:\/\/airporttelecom.com\/nl\/simkaart\/"},{"@type":"ListItem","position":3,"name":"Amerika"}]},{"@type":"WebSite","@id":"https:\/\/airporttelecom.com\/nl\/#website","url":"https:\/\/airporttelecom.com\/nl\/","name":"Airport Telecom","description":"","publisher":{"@id":"https:\/\/airporttelecom.com\/nl\/#organization"},"potentialAction":[{"@type":"SearchAction","target":{"@type":"EntryPoint","urlTemplate":"https:\/\/airporttelecom.com\/nl\/?s={search_term_string}"},"query-input":{"@type":"PropertyValueSpecification","valueRequired":true,"valueName":"search_term_string"}}],"inLanguage":"nl-NL"},{"@type":"Organization","@id":"https:\/\/airporttelecom.com\/nl\/#organization","name":"Airport Telecom","url":"https:\/\/airporttelecom.com\/nl\/","logo":{"@type":"ImageObject","inLanguage":"nl-NL","@id":"https:\/\/airporttelecom.com\/nl\/#\/schema\/logo\/image\/","url":"https:\/\/airporttelecom.com\/nl\/wp-content\/uploads\/sites\/4\/2024\/06\/icon.png","contentUrl":"https:\/\/airporttelecom.com\/nl\/wp-content\/uploads\/sites\/4\/2024\/06\/icon.png","width":110,"height":110,"caption":"Airport Telecom"},"image":{"@id":"https:\/\/airporttelecom.com\/nl\/#\/schema\/logo\/image\/"}}]}},"_links":{"self":[{"href":"https:\/\/airporttelecom.com\/nl\/wp-json\/wp\/v2\/product\/799","targetHints":{"allow":["GET"]}}],"collection":[{"href":"https:\/\/airporttelecom.com\/nl\/wp-json\/wp\/v2\/product"}],"about":[{"href":"https:\/\/airporttelecom.com\/nl\/wp-json\/wp\/v2\/types\/product"}],"replies":[{"embeddable":true,"href":"https:\/\/airporttelecom.com\/nl\/wp-json\/wp\/v2\/comments?post=799"}],"wp:featuredmedia":[{"embeddable":true,"href":"https:\/\/airporttelecom.com\/nl\/wp-json\/wp\/v2\/media\/1174"}],"wp:attachment":[{"href":"https:\/\/airporttelecom.com\/nl\/wp-json\/wp\/v2\/media?parent=799"}],"wp:term":[{"taxonomy":"product_brand","embeddable":true,"href":"https:\/\/airporttelecom.com\/nl\/wp-json\/wp\/v2\/product_brand?post=799"},{"taxonomy":"product_cat","embeddable":true,"href":"https:\/\/airporttelecom.com\/nl\/wp-json\/wp\/v2\/product_cat?post=799"},{"taxonomy":"product_tag","embeddable":true,"href":"https:\/\/airporttelecom.com\/nl\/wp-json\/wp\/v2\/product_tag?post=799"}],"curies":[{"name":"wp","href":"https:\/\/api.w.org\/{rel}","templated":true}]}}