{"id":83,"date":"2024-06-13T09:13:15","date_gmt":"2024-06-13T09:13:15","guid":{"rendered":"https:\/\/airporttelecom.outperforming.nl\/nl\/?post_type=product&#038;p=83"},"modified":"2026-02-03T09:56:36","modified_gmt":"2026-02-03T09:56:36","slug":"simkaart-zwitserland","status":"publish","type":"product","link":"https:\/\/airporttelecom.com\/nl\/simkaart\/zwitserland\/","title":{"rendered":"Simkaart Zwitserland"},"content":{"rendered":"","protected":false},"excerpt":{"rendered":"","protected":false},"featured_media":1386,"comment_status":"open","ping_status":"closed","template":"","meta":{"_acf_changed":false,"_monsterinsights_skip_tracking":false,"_monsterinsights_sitenote_active":false,"_monsterinsights_sitenote_note":"","_monsterinsights_sitenote_category":0},"product_brand":[],"product_cat":[17],"product_tag":[19],"class_list":{"0":"post-83","1":"product","2":"type-product","3":"status-publish","4":"has-post-thumbnail","6":"product_cat-simkaart","7":"product_tag-simkaart-europa","9":"first","10":"instock","11":"taxable","12":"shipping-taxable","13":"purchasable","14":"product-type-variable","15":"has-default-attributes"},"acf":{"gebied_afbeelding":920,"vlag_afbeelding":177,"provider":["THR","LYC"],"product_synoniemen":null,"product_bestel_velden":["vertrekdatum"],"product_omschrijving":"<h2><span data-contrast=\"none\">Mobiel bereikbaar met een simkaart voor Zwitserland<\/span><span data-ccp-props=\"{&quot;134245418&quot;:true,&quot;134245529&quot;:true,&quot;335559738&quot;:160,&quot;335559739&quot;:80}\">\u00a0<\/span><\/h2>\r\n<span data-contrast=\"auto\">Met de prepaid simkaarten Zwitserland van Airport Telecom kunt u in heel Zwitserland gebruik maken van mobiel internet. U kunt kiezen uit verschillende data- en belbundels. Deze bundels zijn zeer geschikt voor internetgebruik en geven u via een snelle 4G\/5G verbinding toegang tot Email, Whatsapp, navigatie en andere internettoepassingen.<\/span><span data-ccp-props=\"{}\">\u00a0<\/span>\r\n<h2><span data-contrast=\"none\">Data en bellen op reis in Zwitserland<\/span><span data-ccp-props=\"{&quot;134245418&quot;:true,&quot;134245529&quot;:true,&quot;335559738&quot;:160,&quot;335559739&quot;:80}\">\u00a0<\/span><\/h2>\r\nHet telefoonnummer van de prepaid simkaart waarop u in Zwitserland bereikbaar zult zijn, ontvangt u per SMS na activatie van de sim. Het is een Engels (+44) nummer. We hebben hiervoor gekozen omdat de betreffende sim een hele goede databundel in Zwitserland biedt en gebruik maakt van de grootste Zwitserse mobiele netwerken. Bovendien is bij deze simkaart geen registratie van de gebruiker nodig in Zwitserland.\r\n<h2><span data-contrast=\"none\">Whatsapp met simkaart Zwitserland<\/span><span data-ccp-props=\"{&quot;134245418&quot;:true,&quot;134245529&quot;:true,&quot;335559738&quot;:160,&quot;335559739&quot;:80}\">\u00a0<\/span><\/h2>\r\n<span data-contrast=\"auto\">Alle gesprekken die via internet lopen zoals met Whatsapp, Skype en FaceTime zijn vanzelfsprekend ook mogelijk met de simkaarten voor Zwitserland. U maakt dan gebruik van de databundel op de simkaart. Whatsapp kunt u altijd blijven gebruiken met uw eigen bestaande contacten, groepen en chats. Na het plaatsen van een prepaid simkaart kan Whatsapp vragen of u een nieuwe identiteit wilt aanmaken of dat alles bij het oude moet blijven. Kies dan voor het laatste en er veranderd niets. U kunt met Whatsapp dan gewoon berichten blijven versturen en bellen zoals u gewend bent.<\/span><span data-ccp-props=\"{}\">\u00a0<\/span>\r\n<h2><span data-contrast=\"none\">Dekking in Zwitserland<\/span><span data-ccp-props=\"{&quot;134245418&quot;:true,&quot;134245529&quot;:true,&quot;335559738&quot;:160,&quot;335559739&quot;:80}\">\u00a0<\/span><\/h2>\r\n<span data-contrast=\"auto\">Dekking van de mobiele netwerken is over het algemeen uitstekend in Zwitserland. Dat geldt zeker in de grote steden zoals Geneve en Zurich. In zeer afgelegen natuurgebieden kan er wat minder dekking zijn. Verder is er in alle dorpen en steden goed bereik met de simkaarten voor Zwitserland.<\/span><span data-ccp-props=\"{}\">\u00a0<\/span>\r\n<h2>Gratis thuisbezorgd<\/h2>\r\nDe simkaart Zwitserland wordt gratis bij u thuisbezorgd in Nederland &amp; Belgi\u00eb. Bij bestelling op werkdagen v\u00f3\u00f3r 14.00h verzenden we dezelfde dag per post. Normaalgesproken vindt bezorging dan binnen \u00e9\u00e9n of twee werkdagen plaats. Sneller nodig? Kies dan voor de <a href=\"https:\/\/airporttelecom.com\/nl\/esim\/zwitserland\/\">eSIM<\/a> die direct per email wordt verzonden.\r\n\r\n&nbsp;","product_specificaties":"<h2>Voordelen simkaart Zwitserland<\/h2>\r\nIn heel Zwitserland bereikbaar op \u00e9\u00e9n nummer.\r\n12 of 30GB data voor internetgebruik in heel Zwitserland.\r\nDe SIM kaart Zwitserland is beschikbaar in alle maten (mini, micro en nano).\r\nDe SIM Zwitserland werkt in elke iPhone en andere smart phone. Alleen worden de hotspot functie en het gebruik van een MIFI door de provider niet ondersteund.\r\n<h2>Data &amp; bellen in Zwitserland<\/h2>\r\nEr zijn twee varianten:\r\n\r\n&nbsp;\r\n<h3>12GB, \u20ac 36,=<\/h3>\r\n<h3>30GB, \u20ac 57,=<\/h3>\r\n&nbsp;\r\n\r\nDe simkaarten zijn 30 dagen geldig na activatie. Het activeren gebeurt door de simkaart in de telefoon te plaatsen en de telefoon aan te zetten.","product_handleiding":"<h2><span data-contrast=\"none\">Hoe installeer ik de simkaart Zwitserland in mijn telefoon?<\/span><span data-ccp-props=\"{&quot;134245418&quot;:true,&quot;134245529&quot;:true,&quot;335559738&quot;:160,&quot;335559739&quot;:80}\">\u00a0<\/span><\/h2>\r\n<span data-contrast=\"auto\">Open het schuifje aan de zijkant van de telefoon. Dit kan met het pinnetje dat bij de telefoon is geleverd. Heb je dit niet dan kan je er \u00e9\u00e9n maken door een paperclip te verbuigen. Bij de simkaarten van Airport Telecom wordt ook een extra pinnetje geleverd.<\/span><span data-ccp-props=\"{}\">\u00a0<\/span>\r\n\r\n<span data-contrast=\"auto\">Verwijder je eigen simkaart en bewaar deze goed! Plaats nu de nieuwe simkaart. Dit kan maar op \u00e9\u00e9n manier. Het kan zijn dat je een telefoon hebt waar meerdere simkaart in kunnen. Plaats de nieuwe simkaart er dan als extra kaart bij.<\/span><span data-ccp-props=\"{}\">\u00a0<\/span>\r\n\r\n<span data-contrast=\"auto\">Duw het simkaart-schuifje nu terug in de telefoon. Als het goed is, kan je nu automatisch gebruik maken van de nieuwe sim. Mogelijk vraagt de telefoon om nog wat extra instellingen te doen.<\/span><span data-ccp-props=\"{}\">\u00a0<\/span>","product_veelgestelde_vragen":[{"vraag":"Welke simkaart in Zwitserland gebruiken? ","antwoord":"Bij een kort verblijf van een paar dagen heeft u waarschijnlijk niet zoveel data nodig. De 10GB databundel voor Zwitserland kan dan voldoende zijn. Applicaties zoals Whatsapp, Instagram en navigatie verbruiken niet veel data. Blijft u langer dan kan het handig zijn om voor Unlimited te kiezen zodat u zeker voldoende data heeft. De Unlimited simkaart biedt ook onbeperkt bellen binnen Zwitserland. "},{"vraag":"Waar koop je een simkaart voor Zwitserland? ","antwoord":"Een simkaart voor Zwitserland koop je bij Airport Telecom Schiphol. Afhalen kan in de winkel. Online bestellen kan ook en de simkaart wordt dan gratis thuisbezorgd. "}]},"yoast_head":"<!-- This site is optimized with the Yoast SEO Premium plugin v24.4 (Yoast SEO v27.3) - https:\/\/yoast.com\/product\/yoast-seo-premium-wordpress\/ -->\n<title>Simkaart Zwitserland kopen voor prepaid (onbeperkt) bellen en internet - Airport Telecom NL<\/title>\n<meta name=\"description\" content=\"Op zoek naar een prepaid Simkaart Zwitserland voor (onbeperkt) bellen en internet? Optimaal bereikbaar op reis in Simkaart Europa. Nu al te koop vanaf !\" \/>\n<meta name=\"robots\" content=\"index, follow, max-snippet:-1, max-image-preview:large, max-video-preview:-1\" \/>\n<link rel=\"canonical\" href=\"https:\/\/airporttelecom.com\/nl\/simkaart\/zwitserland\/\" \/>\n<meta property=\"og:locale\" content=\"nl_NL\" \/>\n<meta property=\"og:type\" content=\"article\" \/>\n<meta property=\"og:title\" content=\"Simkaart Zwitserland\" \/>\n<meta property=\"og:description\" content=\"Op zoek naar een prepaid Simkaart Zwitserland voor (onbeperkt) bellen en internet? Optimaal bereikbaar op reis in Simkaart Europa. Nu al te koop vanaf !\" \/>\n<meta property=\"og:url\" content=\"https:\/\/airporttelecom.com\/nl\/simkaart\/zwitserland\/\" \/>\n<meta property=\"og:site_name\" content=\"Airport Telecom NL\" \/>\n<meta property=\"article:modified_time\" content=\"2026-02-03T09:56:36+00:00\" \/>\n<meta property=\"og:image\" content=\"https:\/\/airporttelecom.com\/nl\/wp-content\/uploads\/sites\/4\/2024\/06\/Simkaart-Zwitserland.png\" \/>\n\t<meta property=\"og:image:width\" content=\"800\" \/>\n\t<meta property=\"og:image:height\" content=\"316\" \/>\n\t<meta property=\"og:image:type\" content=\"image\/png\" \/>\n<meta name=\"twitter:card\" content=\"summary_large_image\" \/>\n<meta name=\"twitter:label1\" content=\"Geschatte leestijd\" \/>\n\t<meta name=\"twitter:data1\" content=\"1 minuut\" \/>\n<script type=\"application\/ld+json\" class=\"yoast-schema-graph\">{\"@context\":\"https:\\\/\\\/schema.org\",\"@graph\":[{\"@type\":\"WebPage\",\"@id\":\"https:\\\/\\\/airporttelecom.com\\\/nl\\\/simkaart\\\/zwitserland\\\/\",\"url\":\"https:\\\/\\\/airporttelecom.com\\\/nl\\\/simkaart\\\/zwitserland\\\/\",\"name\":\"Simkaart Zwitserland kopen voor prepaid (onbeperkt) bellen en internet - Airport Telecom NL\",\"isPartOf\":{\"@id\":\"https:\\\/\\\/airporttelecom.com\\\/nl\\\/#website\"},\"primaryImageOfPage\":{\"@id\":\"https:\\\/\\\/airporttelecom.com\\\/nl\\\/simkaart\\\/zwitserland\\\/#primaryimage\"},\"image\":{\"@id\":\"https:\\\/\\\/airporttelecom.com\\\/nl\\\/simkaart\\\/zwitserland\\\/#primaryimage\"},\"thumbnailUrl\":\"https:\\\/\\\/airporttelecom.com\\\/nl\\\/wp-content\\\/uploads\\\/sites\\\/4\\\/2024\\\/06\\\/Simkaart-Zwitserland.png\",\"datePublished\":\"2024-06-13T09:13:15+00:00\",\"dateModified\":\"2026-02-03T09:56:36+00:00\",\"description\":\"Op zoek naar een prepaid Simkaart Zwitserland voor (onbeperkt) bellen en internet? Optimaal bereikbaar op reis in Simkaart Europa. Nu al te koop vanaf !\",\"breadcrumb\":{\"@id\":\"https:\\\/\\\/airporttelecom.com\\\/nl\\\/simkaart\\\/zwitserland\\\/#breadcrumb\"},\"inLanguage\":\"nl-NL\",\"potentialAction\":[{\"@type\":\"ReadAction\",\"target\":[\"https:\\\/\\\/airporttelecom.com\\\/nl\\\/simkaart\\\/zwitserland\\\/\"]}]},{\"@type\":\"ImageObject\",\"inLanguage\":\"nl-NL\",\"@id\":\"https:\\\/\\\/airporttelecom.com\\\/nl\\\/simkaart\\\/zwitserland\\\/#primaryimage\",\"url\":\"https:\\\/\\\/airporttelecom.com\\\/nl\\\/wp-content\\\/uploads\\\/sites\\\/4\\\/2024\\\/06\\\/Simkaart-Zwitserland.png\",\"contentUrl\":\"https:\\\/\\\/airporttelecom.com\\\/nl\\\/wp-content\\\/uploads\\\/sites\\\/4\\\/2024\\\/06\\\/Simkaart-Zwitserland.png\",\"width\":800,\"height\":316,\"caption\":\"Simkaart Zwitserland\"},{\"@type\":\"BreadcrumbList\",\"@id\":\"https:\\\/\\\/airporttelecom.com\\\/nl\\\/simkaart\\\/zwitserland\\\/#breadcrumb\",\"itemListElement\":[{\"@type\":\"ListItem\",\"position\":1,\"name\":\"Home\",\"item\":\"https:\\\/\\\/airporttelecom.com\\\/nl\\\/\"},{\"@type\":\"ListItem\",\"position\":2,\"name\":\"Simkaart\",\"item\":\"https:\\\/\\\/airporttelecom.com\\\/nl\\\/simkaart\\\/\"},{\"@type\":\"ListItem\",\"position\":3,\"name\":\"Zwitserland\"}]},{\"@type\":\"WebSite\",\"@id\":\"https:\\\/\\\/airporttelecom.com\\\/nl\\\/#website\",\"url\":\"https:\\\/\\\/airporttelecom.com\\\/nl\\\/\",\"name\":\"Airport Telecom\",\"description\":\"\",\"publisher\":{\"@id\":\"https:\\\/\\\/airporttelecom.com\\\/nl\\\/#organization\"},\"potentialAction\":[{\"@type\":\"SearchAction\",\"target\":{\"@type\":\"EntryPoint\",\"urlTemplate\":\"https:\\\/\\\/airporttelecom.com\\\/nl\\\/?s={search_term_string}\"},\"query-input\":{\"@type\":\"PropertyValueSpecification\",\"valueRequired\":true,\"valueName\":\"search_term_string\"}}],\"inLanguage\":\"nl-NL\"},{\"@type\":\"Organization\",\"@id\":\"https:\\\/\\\/airporttelecom.com\\\/nl\\\/#organization\",\"name\":\"Airport Telecom\",\"url\":\"https:\\\/\\\/airporttelecom.com\\\/nl\\\/\",\"logo\":{\"@type\":\"ImageObject\",\"inLanguage\":\"nl-NL\",\"@id\":\"https:\\\/\\\/airporttelecom.com\\\/nl\\\/#\\\/schema\\\/logo\\\/image\\\/\",\"url\":\"https:\\\/\\\/airporttelecom.com\\\/nl\\\/wp-content\\\/uploads\\\/sites\\\/4\\\/2024\\\/06\\\/icon.png\",\"contentUrl\":\"https:\\\/\\\/airporttelecom.com\\\/nl\\\/wp-content\\\/uploads\\\/sites\\\/4\\\/2024\\\/06\\\/icon.png\",\"width\":110,\"height\":110,\"caption\":\"Airport Telecom\"},\"image\":{\"@id\":\"https:\\\/\\\/airporttelecom.com\\\/nl\\\/#\\\/schema\\\/logo\\\/image\\\/\"}}]}<\/script>\n<!-- \/ Yoast SEO Premium plugin. -->","yoast_head_json":{"title":"Simkaart Zwitserland kopen voor prepaid (onbeperkt) bellen en internet - Airport Telecom NL","description":"Op zoek naar een prepaid Simkaart Zwitserland voor (onbeperkt) bellen en internet? Optimaal bereikbaar op reis in Simkaart Europa. Nu al te koop vanaf !","robots":{"index":"index","follow":"follow","max-snippet":"max-snippet:-1","max-image-preview":"max-image-preview:large","max-video-preview":"max-video-preview:-1"},"canonical":"https:\/\/airporttelecom.com\/nl\/simkaart\/zwitserland\/","og_locale":"nl_NL","og_type":"article","og_title":"Simkaart Zwitserland","og_description":"Op zoek naar een prepaid Simkaart Zwitserland voor (onbeperkt) bellen en internet? Optimaal bereikbaar op reis in Simkaart Europa. Nu al te koop vanaf !","og_url":"https:\/\/airporttelecom.com\/nl\/simkaart\/zwitserland\/","og_site_name":"Airport Telecom NL","article_modified_time":"2026-02-03T09:56:36+00:00","og_image":[{"width":800,"height":316,"url":"https:\/\/airporttelecom.com\/nl\/wp-content\/uploads\/sites\/4\/2024\/06\/Simkaart-Zwitserland.png","type":"image\/png"}],"twitter_card":"summary_large_image","twitter_misc":{"Geschatte leestijd":"1 minuut"},"schema":{"@context":"https:\/\/schema.org","@graph":[{"@type":"WebPage","@id":"https:\/\/airporttelecom.com\/nl\/simkaart\/zwitserland\/","url":"https:\/\/airporttelecom.com\/nl\/simkaart\/zwitserland\/","name":"Simkaart Zwitserland kopen voor prepaid (onbeperkt) bellen en internet - Airport Telecom NL","isPartOf":{"@id":"https:\/\/airporttelecom.com\/nl\/#website"},"primaryImageOfPage":{"@id":"https:\/\/airporttelecom.com\/nl\/simkaart\/zwitserland\/#primaryimage"},"image":{"@id":"https:\/\/airporttelecom.com\/nl\/simkaart\/zwitserland\/#primaryimage"},"thumbnailUrl":"https:\/\/airporttelecom.com\/nl\/wp-content\/uploads\/sites\/4\/2024\/06\/Simkaart-Zwitserland.png","datePublished":"2024-06-13T09:13:15+00:00","dateModified":"2026-02-03T09:56:36+00:00","description":"Op zoek naar een prepaid Simkaart Zwitserland voor (onbeperkt) bellen en internet? Optimaal bereikbaar op reis in Simkaart Europa. Nu al te koop vanaf !","breadcrumb":{"@id":"https:\/\/airporttelecom.com\/nl\/simkaart\/zwitserland\/#breadcrumb"},"inLanguage":"nl-NL","potentialAction":[{"@type":"ReadAction","target":["https:\/\/airporttelecom.com\/nl\/simkaart\/zwitserland\/"]}]},{"@type":"ImageObject","inLanguage":"nl-NL","@id":"https:\/\/airporttelecom.com\/nl\/simkaart\/zwitserland\/#primaryimage","url":"https:\/\/airporttelecom.com\/nl\/wp-content\/uploads\/sites\/4\/2024\/06\/Simkaart-Zwitserland.png","contentUrl":"https:\/\/airporttelecom.com\/nl\/wp-content\/uploads\/sites\/4\/2024\/06\/Simkaart-Zwitserland.png","width":800,"height":316,"caption":"Simkaart Zwitserland"},{"@type":"BreadcrumbList","@id":"https:\/\/airporttelecom.com\/nl\/simkaart\/zwitserland\/#breadcrumb","itemListElement":[{"@type":"ListItem","position":1,"name":"Home","item":"https:\/\/airporttelecom.com\/nl\/"},{"@type":"ListItem","position":2,"name":"Simkaart","item":"https:\/\/airporttelecom.com\/nl\/simkaart\/"},{"@type":"ListItem","position":3,"name":"Zwitserland"}]},{"@type":"WebSite","@id":"https:\/\/airporttelecom.com\/nl\/#website","url":"https:\/\/airporttelecom.com\/nl\/","name":"Airport Telecom","description":"","publisher":{"@id":"https:\/\/airporttelecom.com\/nl\/#organization"},"potentialAction":[{"@type":"SearchAction","target":{"@type":"EntryPoint","urlTemplate":"https:\/\/airporttelecom.com\/nl\/?s={search_term_string}"},"query-input":{"@type":"PropertyValueSpecification","valueRequired":true,"valueName":"search_term_string"}}],"inLanguage":"nl-NL"},{"@type":"Organization","@id":"https:\/\/airporttelecom.com\/nl\/#organization","name":"Airport Telecom","url":"https:\/\/airporttelecom.com\/nl\/","logo":{"@type":"ImageObject","inLanguage":"nl-NL","@id":"https:\/\/airporttelecom.com\/nl\/#\/schema\/logo\/image\/","url":"https:\/\/airporttelecom.com\/nl\/wp-content\/uploads\/sites\/4\/2024\/06\/icon.png","contentUrl":"https:\/\/airporttelecom.com\/nl\/wp-content\/uploads\/sites\/4\/2024\/06\/icon.png","width":110,"height":110,"caption":"Airport Telecom"},"image":{"@id":"https:\/\/airporttelecom.com\/nl\/#\/schema\/logo\/image\/"}}]}},"_links":{"self":[{"href":"https:\/\/airporttelecom.com\/nl\/wp-json\/wp\/v2\/product\/83","targetHints":{"allow":["GET"]}}],"collection":[{"href":"https:\/\/airporttelecom.com\/nl\/wp-json\/wp\/v2\/product"}],"about":[{"href":"https:\/\/airporttelecom.com\/nl\/wp-json\/wp\/v2\/types\/product"}],"replies":[{"embeddable":true,"href":"https:\/\/airporttelecom.com\/nl\/wp-json\/wp\/v2\/comments?post=83"}],"wp:featuredmedia":[{"embeddable":true,"href":"https:\/\/airporttelecom.com\/nl\/wp-json\/wp\/v2\/media\/1386"}],"wp:attachment":[{"href":"https:\/\/airporttelecom.com\/nl\/wp-json\/wp\/v2\/media?parent=83"}],"wp:term":[{"taxonomy":"product_brand","embeddable":true,"href":"https:\/\/airporttelecom.com\/nl\/wp-json\/wp\/v2\/product_brand?post=83"},{"taxonomy":"product_cat","embeddable":true,"href":"https:\/\/airporttelecom.com\/nl\/wp-json\/wp\/v2\/product_cat?post=83"},{"taxonomy":"product_tag","embeddable":true,"href":"https:\/\/airporttelecom.com\/nl\/wp-json\/wp\/v2\/product_tag?post=83"}],"curies":[{"name":"wp","href":"https:\/\/api.w.org\/{rel}","templated":true}]}}