{"id":3,"date":"2024-06-13T07:53:12","date_gmt":"2024-06-13T07:53:12","guid":{"rendered":"http:\/\/airporttelecom.outperforming.nl\/nl\/?page_id=3"},"modified":"2026-04-15T16:58:29","modified_gmt":"2026-04-15T16:58:29","slug":"privacy-policy","status":"publish","type":"page","link":"https:\/\/airporttelecom.com\/pl\/polityka-prywatnosci\/","title":{"rendered":"Polityka prywatno\u015bci"},"content":{"rendered":"\r\n<p>Airport Telecom Online bv przetwarza dane osobowe. W niniejszym o\u015bwiadczeniu o ochronie prywatno\u015bci<\/p>\r\n<p>wskazano mi\u0119dzy innymi, jakie dane przetwarza Airport Telecom Online bv i dlaczego<\/p>\r\n<p>ma to miejsce.<\/p>\r\n<p><strong>Czyje dane osobowe s\u0105 przetwarzane?<\/strong><\/p>\r\n<p>Airport Telecom Online bv przetwarza dane wszystkich os\u00f3b sk\u0142adaj\u0105cych zam\u00f3wienia i<\/p>\r\n<p>ubiegaj\u0105cych si\u0119 o wycen\u0119.<\/p>\r\n<p><strong>Jakie dane osobowe s\u0105 przetwarzane?<\/strong><\/p>\r\n<p>W przypadku klient\u00f3w, kt\u00f3rzy sk\u0142adaj\u0105 zapytania ofertowe, przetwarzane s\u0105 imi\u0119 i nazwisko, numer telefonu oraz adres e-mail<\/p>\r\n<p>.<\/p>\r\n<p>W przypadku klient\u00f3w sk\u0142adaj\u0105cych zam\u00f3wienia s\u0105 to dane niezb\u0119dne do dostarczenia danej<\/p>\r\n<p>us\u0142ugi lub produktu, takie jak imi\u0119 i nazwisko, adres, numer telefonu,<\/p>\r\n<p>adres e-mail, numer konta bankowego, dokument to\u017csamo\u015bci oraz wpis do rejestru handlowego.<\/p>\r\n<p>Airport Telecom Online bv nie przechowuje \u017cadnych danych os\u00f3b odwiedzaj\u0105cych strony internetowe Airport<\/p>\r\n<p>Telecom Online bv. Korzystamy jednak z<\/p>\r\n<p>programu Google Analytics, aby \u015bledzi\u0107 liczb\u0119 odwiedzaj\u0105cych strony internetowe<\/p>\r\n<p>oraz mi\u0119dzy innymi sprawdzi\u0107, kt\u00f3re strony s\u0105 odwiedzane. W tym przypadku<\/p>\r\n<p>dla Airport Telecom Online bv s\u0105 to dane ca\u0142kowicie anonimowe.<\/p>\r\n<p><strong>Dlaczego przetwarzane s\u0105 dane osobowe?<\/strong><\/p>\r\n<p>Po pierwsze, Airport Telecom Online bv przetwarza dane osobowe w celu<\/p>\r\n<p>realizacji um\u00f3w z klientami.<\/p>\r\n<p>Po drugie, Airport Telecom Online bv przetwarza dane osobowe w celu prowadzenia<\/p>\r\n<p>kont u\u017cytkownik\u00f3w na stronach internetowych. Dotyczy to wy\u0142\u0105cznie danych imienno-adresowych,<\/p>\r\n<p>aby posiadacze kont nie musieli ich za ka\u017cdym razem ponownie wprowadza\u0107.<\/p>\r\n<p>Po trzecie, Airport Telecom Online bv przetwarza dane osobowe na potrzeby<\/p>\r\n<p>dzia\u0142a\u0144 marketingowych. Chodzi tu o komunikaty \u015bci\u015ble dostosowane do produkt\u00f3w i us\u0142ug<\/p>\r\n<p>Airport Telecom Online bv.<\/p>\r\n<p>W\u015br\u00f3d wy\u017cej wymienionych danych osobowych przechowywanie informacji o p\u0142ci mo\u017ce by\u0107 uznane za<\/p>\r\n<p>dane szczeg\u00f3lne. Informacja ta jest wykorzystywana wy\u0142\u0105cznie w celu prawid\u0142owego zwracania si\u0119 do klient\u00f3w w<\/p>\r\n<p>korespondencji pisemnej.<\/p>\r\n<p><strong>W jaki spos\u00f3b chronione s\u0105 dane osobowe?<\/strong><\/p>\r\n<p>Dane osobowe s\u0105 przechowywane z nale\u017cyt\u0105 staranno\u015bci\u0105. Przechowywanie danych nie trwa d\u0142u\u017cej<\/p>\r\n<p>ni\u017c jest to konieczne do cel\u00f3w, dla kt\u00f3rych dane s\u0105 przetwarzane, oraz tak d\u0142ugo, jak d\u0142ugo prawo<\/p>\r\n<p>zobowi\u0105zuje Airport Telecom Online bv do ich przechowywania. Dane s\u0105 przechowywane przez Airport<\/p>\r\n<p>Telecom Online bv w zabezpieczonym centrum danych.<\/p>\r\n<p><strong>Odbiorcy b\u0119d\u0105cy osobami trzecimi<\/strong><\/p>\r\n<p>W wyj\u0105tkowych przypadkach mo\u017ce si\u0119 zdarzy\u0107, \u017ce firma Airport Telecom Online bv b\u0119dzie prawnie zobowi\u0105zana<\/p>\r\n<p>do przekazania danych osobowych osobom trzecim, np. organom wymiaru sprawiedliwo\u015bci. Ponadto firma Airport<\/p>\r\n<p>Telecom Online bv przeka\u017ce dane osobowe osobom trzecim wy\u0142\u0105cznie wtedy, gdy uzyska na to<\/p>\r\n<p>zgod\u0119 od os\u00f3b, kt\u00f3rych dane dotycz\u0105<\/p>\r\n<p><strong>Kraje trzecie<\/strong><\/p>\r\n<p>W niekt\u00f3rych przypadkach Airport Telecom Online bv korzysta z us\u0142ug stron trzecich<\/p>\r\n<p>, takich jak Google Analytics i Mastercard, kt\u00f3rych serwery i centra danych znajduj\u0105 si\u0119<\/p>\r\n<p>poza Europ\u0105 i gdzie nie zapewnia si\u0119 takiego samego poziomu ochrony danych<\/p>\r\n<p>jak w Unii Europejskiej. Airport Telecom Online bv stara si\u0119 w ka\u017cdym przypadku ograniczy\u0107 do minimum ilo\u015b\u0107 danych udost\u0119pnianych w ten<\/p>\r\n<p>spos\u00f3b.<\/p>\r\n<p><strong>Prawa dotycz\u0105ce przetwarzania danych osobowych<\/strong><\/p>\r\n<p>Osoby, kt\u00f3rych dane s\u0105 przetwarzane przez Airport Telecom Online bv, maj\u0105<\/p>\r\n<p>nast\u0119puj\u0105ce prawa w odniesieniu do tych danych osobowych:<\/p>\r\n<p>Informacja i wgl\u0105d<\/p>\r\n<p>Sprostowanie<\/p>\r\n<p>Prawo do bycia zapomnianym \/ Usuni\u0119cie<\/p>\r\n<p>Ograniczenie<\/p>\r\n<p>Sprzeciw<\/p>\r\n<p>Przenoszenie<\/p>\r\n<p><strong>Zmiany<\/strong><\/p>\r\n<p>Informacje zawarte w niniejszym O\u015bwiadczeniu o ochronie prywatno\u015bci mog\u0105 by\u0107 od czasu do czasu zmieniane lub<\/p>\r\n<p>aktualizowane.<\/p>\r\n<p><strong>Kontakt<\/strong><\/p>\r\n<p>Airport Telecom Online bv<\/p>\r\n<p>Linatebaan 71 B<\/p>\r\n<p>3045 AH ROTTERDAM<\/p>\r\n<p>HOLANDIA<\/p>\r\n<p>Tel. 010 \u2013 262 3303<\/p>\r\n<p>E-mail info@airporttelecom.nl<\/p>\r\n<p>www.airporttelecom.com<\/p>","protected":false},"excerpt":{"rendered":"<p>Airport Telecom Online bv przetwarza dane osobowe. W niniejszym o\u015bwiadczeniu o ochronie prywatno\u015bci wskazano mi\u0119dzy innymi, jakie dane przetwarza Airport.<\/p>\n","protected":false},"author":1,"featured_media":0,"parent":0,"menu_order":0,"comment_status":"closed","ping_status":"open","template":"","meta":{"_acf_changed":false,"footnotes":""},"class_list":["post-3","page","type-page","status-publish","hentry"],"acf":[],"yoast_head":"<!-- This site is optimized with the Yoast SEO Premium plugin v24.4 (Yoast SEO v27.5) - https:\/\/yoast.com\/product\/yoast-seo-premium-wordpress\/ -->\n<title>Polityka prywatno\u015bci - Airport Telecom PL<\/title>\n<meta name=\"robots\" content=\"index, follow, max-snippet:-1, max-image-preview:large, max-video-preview:-1\" \/>\n<link rel=\"canonical\" href=\"https:\/\/airporttelecom.com\/pl\/polityka-prywatnosci\/\" \/>\n<meta property=\"og:locale\" content=\"pl_PL\" \/>\n<meta property=\"og:type\" content=\"article\" \/>\n<meta property=\"og:title\" content=\"Polityka prywatno\u015bci\" \/>\n<meta property=\"og:description\" content=\"Airport Telecom Online bv przetwarza dane osobowe. W niniejszym o\u015bwiadczeniu o ochronie prywatno\u015bci wskazano mi\u0119dzy innymi, jakie dane przetwarza Airport.\" \/>\n<meta property=\"og:url\" content=\"https:\/\/airporttelecom.com\/pl\/polityka-prywatnosci\/\" \/>\n<meta property=\"og:site_name\" content=\"Airport Telecom PL\" \/>\n<meta property=\"article:modified_time\" content=\"2026-04-15T16:58:29+00:00\" \/>\n<meta name=\"twitter:card\" content=\"summary_large_image\" \/>\n<meta name=\"twitter:label1\" content=\"Szacowany czas czytania\" \/>\n\t<meta name=\"twitter:data1\" content=\"4 minuty\" \/>\n<script type=\"application\/ld+json\" class=\"yoast-schema-graph\">{\"@context\":\"https:\\\/\\\/schema.org\",\"@graph\":[{\"@type\":\"WebPage\",\"@id\":\"https:\\\/\\\/airporttelecom.com\\\/pl\\\/polityka-prywatnosci\\\/\",\"url\":\"https:\\\/\\\/airporttelecom.com\\\/pl\\\/polityka-prywatnosci\\\/\",\"name\":\"Polityka prywatno\u015bci - Airport Telecom PL\",\"isPartOf\":{\"@id\":\"https:\\\/\\\/airporttelecom.com\\\/pl\\\/#website\"},\"datePublished\":\"2024-06-13T07:53:12+00:00\",\"dateModified\":\"2026-04-15T16:58:29+00:00\",\"breadcrumb\":{\"@id\":\"https:\\\/\\\/airporttelecom.com\\\/pl\\\/polityka-prywatnosci\\\/#breadcrumb\"},\"inLanguage\":\"pl-PL\",\"potentialAction\":[{\"@type\":\"ReadAction\",\"target\":[\"https:\\\/\\\/airporttelecom.com\\\/pl\\\/polityka-prywatnosci\\\/\"]}]},{\"@type\":\"BreadcrumbList\",\"@id\":\"https:\\\/\\\/airporttelecom.com\\\/pl\\\/polityka-prywatnosci\\\/#breadcrumb\",\"itemListElement\":[{\"@type\":\"ListItem\",\"position\":1,\"name\":\"Home\",\"item\":\"https:\\\/\\\/airporttelecom.com\\\/pl\\\/\"},{\"@type\":\"ListItem\",\"position\":2,\"name\":\"Polityka prywatno\u015bci\"}]},{\"@type\":\"WebSite\",\"@id\":\"https:\\\/\\\/airporttelecom.com\\\/pl\\\/#website\",\"url\":\"https:\\\/\\\/airporttelecom.com\\\/pl\\\/\",\"name\":\"Airport Telecom\",\"description\":\"\",\"publisher\":{\"@id\":\"https:\\\/\\\/airporttelecom.com\\\/pl\\\/#organization\"},\"potentialAction\":[{\"@type\":\"SearchAction\",\"target\":{\"@type\":\"EntryPoint\",\"urlTemplate\":\"https:\\\/\\\/airporttelecom.com\\\/pl\\\/?s={search_term_string}\"},\"query-input\":{\"@type\":\"PropertyValueSpecification\",\"valueRequired\":true,\"valueName\":\"search_term_string\"}}],\"inLanguage\":\"pl-PL\"},{\"@type\":\"Organization\",\"@id\":\"https:\\\/\\\/airporttelecom.com\\\/pl\\\/#organization\",\"name\":\"Airport Telecom\",\"url\":\"https:\\\/\\\/airporttelecom.com\\\/pl\\\/\",\"logo\":{\"@type\":\"ImageObject\",\"inLanguage\":\"pl-PL\",\"@id\":\"https:\\\/\\\/airporttelecom.com\\\/pl\\\/#\\\/schema\\\/logo\\\/image\\\/\",\"url\":\"https:\\\/\\\/airporttelecom.com\\\/pl\\\/wp-content\\\/uploads\\\/sites\\\/7\\\/2024\\\/06\\\/icon.png?wsr\",\"contentUrl\":\"https:\\\/\\\/airporttelecom.com\\\/pl\\\/wp-content\\\/uploads\\\/sites\\\/7\\\/2024\\\/06\\\/icon.png?wsr\",\"width\":110,\"height\":110,\"caption\":\"Airport Telecom\"},\"image\":{\"@id\":\"https:\\\/\\\/airporttelecom.com\\\/pl\\\/#\\\/schema\\\/logo\\\/image\\\/\"}}]}<\/script>\n<!-- \/ Yoast SEO Premium plugin. -->","yoast_head_json":{"title":"Polityka prywatno\u015bci - Airport Telecom PL","robots":{"index":"index","follow":"follow","max-snippet":"max-snippet:-1","max-image-preview":"max-image-preview:large","max-video-preview":"max-video-preview:-1"},"canonical":"https:\/\/airporttelecom.com\/pl\/polityka-prywatnosci\/","og_locale":"pl_PL","og_type":"article","og_title":"Polityka prywatno\u015bci","og_description":"Airport Telecom Online bv przetwarza dane osobowe. W niniejszym o\u015bwiadczeniu o ochronie prywatno\u015bci wskazano mi\u0119dzy innymi, jakie dane przetwarza Airport.","og_url":"https:\/\/airporttelecom.com\/pl\/polityka-prywatnosci\/","og_site_name":"Airport Telecom PL","article_modified_time":"2026-04-15T16:58:29+00:00","twitter_card":"summary_large_image","twitter_misc":{"Szacowany czas czytania":"4 minuty"},"schema":{"@context":"https:\/\/schema.org","@graph":[{"@type":"WebPage","@id":"https:\/\/airporttelecom.com\/pl\/polityka-prywatnosci\/","url":"https:\/\/airporttelecom.com\/pl\/polityka-prywatnosci\/","name":"Polityka prywatno\u015bci - Airport Telecom PL","isPartOf":{"@id":"https:\/\/airporttelecom.com\/pl\/#website"},"datePublished":"2024-06-13T07:53:12+00:00","dateModified":"2026-04-15T16:58:29+00:00","breadcrumb":{"@id":"https:\/\/airporttelecom.com\/pl\/polityka-prywatnosci\/#breadcrumb"},"inLanguage":"pl-PL","potentialAction":[{"@type":"ReadAction","target":["https:\/\/airporttelecom.com\/pl\/polityka-prywatnosci\/"]}]},{"@type":"BreadcrumbList","@id":"https:\/\/airporttelecom.com\/pl\/polityka-prywatnosci\/#breadcrumb","itemListElement":[{"@type":"ListItem","position":1,"name":"Home","item":"https:\/\/airporttelecom.com\/pl\/"},{"@type":"ListItem","position":2,"name":"Polityka prywatno\u015bci"}]},{"@type":"WebSite","@id":"https:\/\/airporttelecom.com\/pl\/#website","url":"https:\/\/airporttelecom.com\/pl\/","name":"Airport Telecom","description":"","publisher":{"@id":"https:\/\/airporttelecom.com\/pl\/#organization"},"potentialAction":[{"@type":"SearchAction","target":{"@type":"EntryPoint","urlTemplate":"https:\/\/airporttelecom.com\/pl\/?s={search_term_string}"},"query-input":{"@type":"PropertyValueSpecification","valueRequired":true,"valueName":"search_term_string"}}],"inLanguage":"pl-PL"},{"@type":"Organization","@id":"https:\/\/airporttelecom.com\/pl\/#organization","name":"Airport Telecom","url":"https:\/\/airporttelecom.com\/pl\/","logo":{"@type":"ImageObject","inLanguage":"pl-PL","@id":"https:\/\/airporttelecom.com\/pl\/#\/schema\/logo\/image\/","url":"https:\/\/airporttelecom.com\/pl\/wp-content\/uploads\/sites\/7\/2024\/06\/icon.png?wsr","contentUrl":"https:\/\/airporttelecom.com\/pl\/wp-content\/uploads\/sites\/7\/2024\/06\/icon.png?wsr","width":110,"height":110,"caption":"Airport Telecom"},"image":{"@id":"https:\/\/airporttelecom.com\/pl\/#\/schema\/logo\/image\/"}}]}},"custom_permalink":"polityka-prywatnosci","_links":{"self":[{"href":"https:\/\/airporttelecom.com\/pl\/wp-json\/wp\/v2\/pages\/3","targetHints":{"allow":["GET"]}}],"collection":[{"href":"https:\/\/airporttelecom.com\/pl\/wp-json\/wp\/v2\/pages"}],"about":[{"href":"https:\/\/airporttelecom.com\/pl\/wp-json\/wp\/v2\/types\/page"}],"author":[{"embeddable":true,"href":"https:\/\/airporttelecom.com\/pl\/wp-json\/wp\/v2\/users\/1"}],"replies":[{"embeddable":true,"href":"https:\/\/airporttelecom.com\/pl\/wp-json\/wp\/v2\/comments?post=3"}],"version-history":[{"count":4,"href":"https:\/\/airporttelecom.com\/pl\/wp-json\/wp\/v2\/pages\/3\/revisions"}],"predecessor-version":[{"id":7272,"href":"https:\/\/airporttelecom.com\/pl\/wp-json\/wp\/v2\/pages\/3\/revisions\/7272"}],"wp:attachment":[{"href":"https:\/\/airporttelecom.com\/pl\/wp-json\/wp\/v2\/media?parent=3"}],"curies":[{"name":"wp","href":"https:\/\/api.w.org\/{rel}","templated":true}]}}