{"id":7139,"date":"2025-12-05T10:06:18","date_gmt":"2025-12-05T10:06:18","guid":{"rendered":"https:\/\/airporttelecom.com\/pl\/?page_id=7139"},"modified":"2025-12-12T11:47:41","modified_gmt":"2025-12-12T11:47:41","slug":"program-partnerski","status":"publish","type":"page","link":"https:\/\/airporttelecom.com\/pl\/program-partnerski\/","title":{"rendered":"Program partnerski"},"content":{"rendered":"<div style=\"display:flex; gap:40px; flex-wrap:wrap;\">\r\n  <div style=\"flex:1; min-width:300px;\">\r\n    \n\t\t<form id=\"affwp-login-form-69d77673dde5d\" class=\"affwp-form affwp-login-form\" action=\"\" method=\"post\">\n\t\t\t\n\t\t\t<fieldset>\n\t\t\t\t<legend>Zaloguj si\u0119 na swoje konto<\/legend>\n\n\t\t\t\t\n\t\t\t\t<p>\n\t\t\t\t\t<label for=\"affwp-login-user-login\">Nazwa u\u017cytkownika<\/label>\n\t\t\t\t\t<input\n\t\t\t\t\t\tid=\"affwp-login-user-login\"\n\t\t\t\t\t\tclass=\"required\"\n\t\t\t\t\t\ttype=\"text\"\n\t\t\t\t\t\tname=\"affwp_user_login\"\n\t\t\t\t\t\ttitle=\"Nazwa u\u017cytkownika\"\n\t\t\t\t\t\tplaceholder=\"\"\n\t\t\t\t\t\/>\n\t\t\t\t<\/p>\n\n\t\t\t\t<p>\n\t\t\t\t\t<label for=\"affwp-login-user-pass\">Has\u0142o<\/label>\n\t\t\t\t\t<input\n\t\t\t\t\t\tid=\"affwp-login-user-pass\"\n\t\t\t\t\t\tclass=\"password required\"\n\t\t\t\t\t\ttype=\"password\"\n\t\t\t\t\t\tname=\"affwp_user_pass\"\n\t\t\t\t\t\ttitle=\"Has\u0142o\"\n\t\t\t\t\t\tplaceholder=\"\"\n\t\t\t\t\t\/>\n\t\t\t\t<\/p>\n\n\t\t\t\t<p>\n\t\t\t\t\t<label class=\"affwp-user-remember\" for=\"affwp-user-remember\">\n\t\t\t\t\t\t<input\n\t\t\t\t\t\t\tid=\"affwp-user-remember\"\n\t\t\t\t\t\t\ttype=\"checkbox\"\n\t\t\t\t\t\t\tname=\"affwp_user_remember\"\n\t\t\t\t\t\t\tvalue=\"1\"\n\t\t\t\t\t\t\/> Zapami\u0119taj mnie\t\t\t\t\t<\/label>\n\t\t\t\t<\/p>\n\n\n\t\t\t\t<p>\n\t\t\t\t\t<input type=\"hidden\" name=\"affwp_redirect\" value=\"https:\/\/airporttelecom.com\/pl\/wp-json\/wp\/v2\/pages\/7139\"\/>\n\t\t\t\t\t<input type=\"hidden\" name=\"affwp_login_nonce\" value=\"5addee9734\"\/>\n\t\t\t\t\t<input type=\"hidden\" name=\"affwp_action\" value=\"user_login\"\/>\n\n\t\t\t\t\t<input type=\"submit\" class=\"button\" value=\"Zaloguj si\u0119\" \/>\t\t\t\t<\/p>\n\n\t\t\t\t<p class=\"affwp-lost-password\">\n\t\t\t\t\t<a href=\"https:\/\/airporttelecom.com\/pl\/mijn-account\/lost-password\/\">Zapomnia\u0142e\u015b has\u0142a?<\/a>\n\t\t\t\t<\/p>\n\n\t\t\t\t\t\t\t<\/fieldset>\n\n\t\t\t\t\t<\/form>\n\n\t\t\r\n  <\/div>\r\n\r\n  <div style=\"flex:1; min-width:300px;\">\r\n    \n\t\t<form id=\"affwp-register-form-69d77673def78\" class=\"affwp-form affwp-register-form\" action=\"\" method=\"post\">\n\n\t\t\t\n\t\t\t<fieldset>\n\t\t\t\t<legend>Zarejestruj nowe konto afiliacyjne<\/legend>\n\n\t\t\t\t\n\t\t\t\t\r\n    \n\t\t<p>\n\t\t\t<label for=\"affwp-user-name\" class=\"affwp-field-label\">Twoje imi\u0119<\/label>\n\t\t\t<input\n\t\t\t\ttype=\"text\"\n\t\t\t\tid=\"affwp-user-name\"\n\t\t\t\tname=\"affwp_user_name\"\n\t\t\t\ttitle=\"Twoje imi\u0119\"\n\t\t\t\tvalue=\"\"\n\t\t\t\tplaceholder=\"\"\n\t\t\t\t\t\t\t\t\t\t\t\t class=\"affwp-field affwp-field-name\"\t\t\t\/>\n\t\t<\/p>\n\n\t\t\r\n    \n\t\t<p>\n\t\t\t<label for=\"affwp-user-login\" class=\"affwp-field-label\">Nazwa u\u017cytkownika <span class=\"required\">(Wymagane)<\/span><\/label>\n\t\t\t<input\n\t\t\t\ttype=\"text\"\n\t\t\t\tid=\"affwp-user-login\"\n\t\t\t\tname=\"affwp_user_login\"\n\t\t\t\ttitle=\"Nazwa u\u017cytkownika\"\n\t\t\t\tvalue=\"\"\n\t\t\t\tplaceholder=\"\"\n\t\t\t\trequired\t\t\t\t\t\t\t\t class=\"affwp-field affwp-field-name\"\t\t\t\/>\n\t\t<\/p>\n\n\t\t\r\n    \t\t<p>\n\t\t\t<label for=\"affwp-user-email\" class=\"affwp-field-label\">E-mail konta <span class=\"required\">(Wymagane)<\/span><\/label>\n\t\t\t<input\n\t\t\t\ttype=\"email\"\n\t\t\t\tid=\"affwp-user-email\"\n\t\t\t\tname=\"affwp_user_email\"\n\t\t\t\tplaceholder=\"\"\n\t\t\t\ttitle=\"E-mail konta\"\n\t\t\t\tvalue=\"\"\n\t\t\t\t class=\"affwp-field affwp-field-email\"\t\t\t\t1\t\t\t\t\t\t\t\/>\n\t\t<\/p>\n\n\t\t\r\n    \n\n\t\t\n\t\t<input type=\"hidden\" name=\"affwp_honeypot\" value=\"\"\/>\n\t\t<input type=\"hidden\" name=\"affwp_redirect\" value=\"\"\/>\n\t\t<input type=\"hidden\" name=\"affwp_register_nonce\" value=\"dc0aed0a5f\"\/>\n\t\t<input type=\"hidden\" name=\"affwp_action\" value=\"affiliate_register\"\/>\n\t\t\t\t\t<input type=\"hidden\" name=\"affwp_post_id\" value=\"7139\"\/>\n\t\t\t<input type=\"hidden\" name=\"affwp_block_hash\" value=\"3743060080\">\n\t\t\n\t\t\n\t\t\t<input  class=\"button\" type=\"submit\" value=\"Zarejestruj si\u0119\" \/>\n\t\t\t\n\t\t\n\t\t\r\n    \n\t\t\t\t\t\t\t<\/fieldset>\n\n\t\t\t\n\t\t<\/form>\n\t\t\r\n  <\/div>\r\n<\/div>\r\n","protected":false},"excerpt":{"rendered":"","protected":false},"author":1,"featured_media":0,"parent":0,"menu_order":0,"comment_status":"closed","ping_status":"closed","template":"affiliate-page.php","meta":{"_acf_changed":false,"footnotes":""},"class_list":["post-7139","page","type-page","status-publish","hentry"],"acf":[],"yoast_head":"<!-- This site is optimized with the Yoast SEO Premium plugin v24.4 (Yoast SEO v26.9) - https:\/\/yoast.com\/product\/yoast-seo-premium-wordpress\/ -->\n<title>Program partnerski - Airport Telecom PL<\/title>\n<meta name=\"robots\" content=\"index, follow, max-snippet:-1, max-image-preview:large, max-video-preview:-1\" \/>\n<link rel=\"canonical\" href=\"https:\/\/airporttelecom.com\/pl\/program-partnerski\/\" \/>\n<meta property=\"og:locale\" content=\"pl_PL\" \/>\n<meta property=\"og:type\" content=\"article\" \/>\n<meta property=\"og:title\" content=\"Program partnerski\" \/>\n<meta property=\"og:url\" content=\"https:\/\/airporttelecom.com\/pl\/program-partnerski\/\" \/>\n<meta property=\"og:site_name\" content=\"Airport Telecom PL\" \/>\n<meta property=\"article:modified_time\" content=\"2025-12-12T11:47:41+00:00\" \/>\n<meta name=\"twitter:card\" content=\"summary_large_image\" \/>\n<script type=\"application\/ld+json\" class=\"yoast-schema-graph\">{\"@context\":\"https:\/\/schema.org\",\"@graph\":[{\"@type\":\"WebPage\",\"@id\":\"https:\/\/airporttelecom.com\/pl\/program-partnerski\/\",\"url\":\"https:\/\/airporttelecom.com\/pl\/program-partnerski\/\",\"name\":\"Program partnerski - Airport Telecom PL\",\"isPartOf\":{\"@id\":\"https:\/\/airporttelecom.com\/pl\/#website\"},\"datePublished\":\"2025-12-05T10:06:18+00:00\",\"dateModified\":\"2025-12-12T11:47:41+00:00\",\"breadcrumb\":{\"@id\":\"https:\/\/airporttelecom.com\/pl\/program-partnerski\/#breadcrumb\"},\"inLanguage\":\"pl-PL\",\"potentialAction\":[{\"@type\":\"ReadAction\",\"target\":[\"https:\/\/airporttelecom.com\/pl\/program-partnerski\/\"]}]},{\"@type\":\"BreadcrumbList\",\"@id\":\"https:\/\/airporttelecom.com\/pl\/program-partnerski\/#breadcrumb\",\"itemListElement\":[{\"@type\":\"ListItem\",\"position\":1,\"name\":\"Home\",\"item\":\"https:\/\/airporttelecom.com\/pl\/\"},{\"@type\":\"ListItem\",\"position\":2,\"name\":\"Program partnerski\"}]},{\"@type\":\"WebSite\",\"@id\":\"https:\/\/airporttelecom.com\/pl\/#website\",\"url\":\"https:\/\/airporttelecom.com\/pl\/\",\"name\":\"Airport Telecom\",\"description\":\"\",\"publisher\":{\"@id\":\"https:\/\/airporttelecom.com\/pl\/#organization\"},\"potentialAction\":[{\"@type\":\"SearchAction\",\"target\":{\"@type\":\"EntryPoint\",\"urlTemplate\":\"https:\/\/airporttelecom.com\/pl\/?s={search_term_string}\"},\"query-input\":{\"@type\":\"PropertyValueSpecification\",\"valueRequired\":true,\"valueName\":\"search_term_string\"}}],\"inLanguage\":\"pl-PL\"},{\"@type\":\"Organization\",\"@id\":\"https:\/\/airporttelecom.com\/pl\/#organization\",\"name\":\"Airport Telecom\",\"url\":\"https:\/\/airporttelecom.com\/pl\/\",\"logo\":{\"@type\":\"ImageObject\",\"inLanguage\":\"pl-PL\",\"@id\":\"https:\/\/airporttelecom.com\/pl\/#\/schema\/logo\/image\/\",\"url\":\"https:\/\/airporttelecom.com\/pl\/wp-content\/uploads\/sites\/7\/2024\/06\/icon.png?wsr\",\"contentUrl\":\"https:\/\/airporttelecom.com\/pl\/wp-content\/uploads\/sites\/7\/2024\/06\/icon.png?wsr\",\"width\":110,\"height\":110,\"caption\":\"Airport Telecom\"},\"image\":{\"@id\":\"https:\/\/airporttelecom.com\/pl\/#\/schema\/logo\/image\/\"}}]}<\/script>\n<!-- \/ Yoast SEO Premium plugin. -->","yoast_head_json":{"title":"Program partnerski - Airport Telecom PL","robots":{"index":"index","follow":"follow","max-snippet":"max-snippet:-1","max-image-preview":"max-image-preview:large","max-video-preview":"max-video-preview:-1"},"canonical":"https:\/\/airporttelecom.com\/pl\/program-partnerski\/","og_locale":"pl_PL","og_type":"article","og_title":"Program partnerski","og_url":"https:\/\/airporttelecom.com\/pl\/program-partnerski\/","og_site_name":"Airport Telecom PL","article_modified_time":"2025-12-12T11:47:41+00:00","twitter_card":"summary_large_image","schema":{"@context":"https:\/\/schema.org","@graph":[{"@type":"WebPage","@id":"https:\/\/airporttelecom.com\/pl\/program-partnerski\/","url":"https:\/\/airporttelecom.com\/pl\/program-partnerski\/","name":"Program partnerski - Airport Telecom PL","isPartOf":{"@id":"https:\/\/airporttelecom.com\/pl\/#website"},"datePublished":"2025-12-05T10:06:18+00:00","dateModified":"2025-12-12T11:47:41+00:00","breadcrumb":{"@id":"https:\/\/airporttelecom.com\/pl\/program-partnerski\/#breadcrumb"},"inLanguage":"pl-PL","potentialAction":[{"@type":"ReadAction","target":["https:\/\/airporttelecom.com\/pl\/program-partnerski\/"]}]},{"@type":"BreadcrumbList","@id":"https:\/\/airporttelecom.com\/pl\/program-partnerski\/#breadcrumb","itemListElement":[{"@type":"ListItem","position":1,"name":"Home","item":"https:\/\/airporttelecom.com\/pl\/"},{"@type":"ListItem","position":2,"name":"Program partnerski"}]},{"@type":"WebSite","@id":"https:\/\/airporttelecom.com\/pl\/#website","url":"https:\/\/airporttelecom.com\/pl\/","name":"Airport Telecom","description":"","publisher":{"@id":"https:\/\/airporttelecom.com\/pl\/#organization"},"potentialAction":[{"@type":"SearchAction","target":{"@type":"EntryPoint","urlTemplate":"https:\/\/airporttelecom.com\/pl\/?s={search_term_string}"},"query-input":{"@type":"PropertyValueSpecification","valueRequired":true,"valueName":"search_term_string"}}],"inLanguage":"pl-PL"},{"@type":"Organization","@id":"https:\/\/airporttelecom.com\/pl\/#organization","name":"Airport Telecom","url":"https:\/\/airporttelecom.com\/pl\/","logo":{"@type":"ImageObject","inLanguage":"pl-PL","@id":"https:\/\/airporttelecom.com\/pl\/#\/schema\/logo\/image\/","url":"https:\/\/airporttelecom.com\/pl\/wp-content\/uploads\/sites\/7\/2024\/06\/icon.png?wsr","contentUrl":"https:\/\/airporttelecom.com\/pl\/wp-content\/uploads\/sites\/7\/2024\/06\/icon.png?wsr","width":110,"height":110,"caption":"Airport Telecom"},"image":{"@id":"https:\/\/airporttelecom.com\/pl\/#\/schema\/logo\/image\/"}}]}},"custom_permalink":"program-partnerski","_links":{"self":[{"href":"https:\/\/airporttelecom.com\/pl\/wp-json\/wp\/v2\/pages\/7139","targetHints":{"allow":["GET"]}}],"collection":[{"href":"https:\/\/airporttelecom.com\/pl\/wp-json\/wp\/v2\/pages"}],"about":[{"href":"https:\/\/airporttelecom.com\/pl\/wp-json\/wp\/v2\/types\/page"}],"author":[{"embeddable":true,"href":"https:\/\/airporttelecom.com\/pl\/wp-json\/wp\/v2\/users\/1"}],"replies":[{"embeddable":true,"href":"https:\/\/airporttelecom.com\/pl\/wp-json\/wp\/v2\/comments?post=7139"}],"version-history":[{"count":3,"href":"https:\/\/airporttelecom.com\/pl\/wp-json\/wp\/v2\/pages\/7139\/revisions"}],"predecessor-version":[{"id":7148,"href":"https:\/\/airporttelecom.com\/pl\/wp-json\/wp\/v2\/pages\/7139\/revisions\/7148"}],"wp:attachment":[{"href":"https:\/\/airporttelecom.com\/pl\/wp-json\/wp\/v2\/media?parent=7139"}],"curies":[{"name":"wp","href":"https:\/\/api.w.org\/{rel}","templated":true}]}}