{"id":1390,"date":"2024-09-12T10:50:56","date_gmt":"2024-09-12T10:50:56","guid":{"rendered":"https:\/\/airporttelecom.outperforming.nl\/nl\/product\/esim-guadeloupe\/"},"modified":"2025-12-03T12:32:46","modified_gmt":"2025-12-03T12:32:46","slug":"eSIM-guadeloupe","status":"publish","type":"product","link":"https:\/\/airporttelecom.com\/pl\/esim\/gwadelupa\/","title":{"rendered":"eSIM Gwadelupa"},"content":{"rendered":"","protected":false},"excerpt":{"rendered":"","protected":false},"featured_media":1108,"comment_status":"open","ping_status":"closed","template":"","meta":{"_acf_changed":false},"product_brand":[],"product_cat":[16],"product_tag":[41],"class_list":{"0":"post-1390","1":"product","2":"type-product","3":"status-publish","4":"has-post-thumbnail","6":"product_cat-esim","7":"product_tag-esim-antyle-i-karaiby","9":"first","10":"instock","11":"taxable","12":"shipping-taxable","13":"purchasable","14":"product-type-variable","15":"has-default-attributes"},"acf":{"gebied_afbeelding":947,"vlag_afbeelding":946,"provider":["NEX"],"product_synoniemen":null,"product_bestel_velden":["vertrekdatum"],"product_omschrijving":"<h2><span data-contrast=\"none\">Dost\u0119p do internetu mobilnego z kart\u0105 eSIM do Gwadelupy<\/span><\/h2>\r\nZ kart\u0105 eSIM Gwadelupa od Airport Telecom, pozostajesz osi\u0105galny na terenie ca\u0142ej Gwadelupy pod jednym numerem telefonu. Dodatkowo, posiadasz 12 GB lub 30 GB danych. Karty eSIM s\u0105 idealnym rozwi\u0105zaniem do korzystania z internetu. Karta eSIM umo\u017cliwia odbieranie po\u0142\u0105cze\u0144 przychodz\u0105cych na Gwadelup\u0119, natomiast standardowe po\u0142\u0105czenia wychodz\u0105ce nie s\u0105 dost\u0119pne. Wszystkie po\u0142\u0105czenia internetowe, takie jak WhatsApp, Skype czy FaceTime, dzia\u0142aj\u0105 bez ogranicze\u0144 i korzystaj\u0105 z Twojego pakietu danych.\r\n<h2><span data-contrast=\"none\">Dost\u0119p do internetu mobilnego podczas podr\u00f3\u017cy po Gwadelupie<\/span><\/h2>\r\nNumer telefonu eSIM, pod kt\u00f3rym pozostajesz osi\u0105galny na Gwadelupie, zostanie wys\u0142any SMS-em po aktywacji karty. Jest to numer z prefiksem mi\u0119dzynarodowym (+44). Wybrali\u015bmy go, poniewa\u017c karta eSIM oferuje bardzo dobry pakiet danych na Gwadelupie i dzia\u0142a w ramach najwi\u0119kszych gwadelupskich sieci kom\u00f3rkowych. Dodatkowo karta eSIM nie wymaga rejestracji u\u017cytkownika na Gwadelupie.\r\n<h2><span data-contrast=\"none\">WhatsApp z eSIM Gwadelupa<\/span><\/h2>\r\n<span data-contrast=\"auto\">Wszystkie po\u0142\u0105czenia internetowe, takie jak WhatsApp, Skype czy FaceTime, s\u0105 oczywi\u015bcie r\u00f3wnie\u017c mo\u017cliwe z kartami eSIM do Gwadelupy B\u0119dziesz wtedy korzysta\u0107 z pakietu danych na karcie eSIM. Mo\u017cesz nadal korzysta\u0107 z WhatsAppa z dotychczasowymi kontaktami, grupami i czatami \u2013 bez utraty historii rozm\u00f3wi. Po zainstalowaniu przedp\u0142aconej karty eSIM aplikacja WhatsApp mo\u017ce zapyta\u0107,, czy chcesz utworzy\u0107 now\u0105 to\u017csamo\u015b\u0107, czy te\u017c wszystko ma pozosta\u0107 bez zmian. Wybierz opcj\u0119 zachowania obecnej to\u017csamo\u015bci, aby nic si\u0119 nie zmieni\u0142o. Nast\u0119pnie mo\u017cesz kontynuowa\u0107 wysy\u0142anie wiadomo\u015bci i rozmowy telefoniczne za pomoc\u0105 WhatsApp jak zwykle.<\/span>\r\n<h2><span data-contrast=\"none\">Zasi\u0119g na Gwadelupie<\/span><\/h2>\r\n<span data-contrast=\"auto\">Zasi\u0119g sieci kom\u00f3rkowej jest doskona\u0142y na Gwadelupie. Odnosi si\u0119 to szczeg\u00f3lnie do stolicy Basse-Terre, a tak\u017ce w Pointe-\u00e0-Pitre na Grande-Terre. Na rozleg\u0142ych terenach naturalnychch zasi\u0119g mo\u017ce by\u0107 nieco mniejszy. Generalnie zasi\u0119g eSim dla Gwadelupy jest dobry we wszystkich wioskach i miastach.<\/span>\r\n<h2><span data-contrast=\"none\">Odbierz eSIM do Gwadelupy drog\u0105 mailow\u0105<\/span><\/h2>\r\n<span data-contrast=\"none\">Otrzymasz eSIM do Gwadelupy poczt\u0105 elektroniczn\u0105. To szybkie i proste rozwi\u0105zanie \u2013 dost\u0119pne, gdy jeste\u015b ju\u017c na Gwadelupie lub wkr\u00f3tce wyruszasz w podr\u00f3\u017c.<\/span>\r\n\r\n&nbsp;","product_specificaties":"<h2>Zalety eSIM Gwadelupa<\/h2>\r\nKart\u0119 eSIM do Gwadelupy otrzymasz e-mailem. Jest to kod QR, kt\u00f3ry nale\u017cy zeskanowa\u0107 telefonem. Mo\u017cesz to zrobi\u0107 nawet je\u015bli ju\u017c jeste\u015b na Gwadelupie lub wyje\u017cd\u017casz z kraju w bardzo kr\u00f3tkim czasie.\r\n\r\nZalet\u0105 eSIM jest mo\u017cliwo\u015b\u0107 korzystania z transmisji danych na Gwadelupie w ramach pakietu prepaid, pozostaj\u0105c jednocze\u015bnie dost\u0119pnym pod swoim numerem kom\u00f3rkowym.\r\n\r\nKarta eSIM mo\u017ce by\u0107 u\u017cywana tylko w smartfonach obs\u0142uguj\u0105cych t\u0119 technologi\u0119. Przed wyborem sprawd\u017a kompatybilno\u015b\u0107 swojego urz\u0105dzenia. eSIM dzia\u0142a w modelach iPhone XS, XS Max, XR, iPhone 11 oraz nowszych. Je\u015bli Tw\u00f3j telefon nie obs\u0142uguje eSIM, wybierz fizyczn\u0105 kart\u0119 SIM.\r\n\r\n&nbsp;\r\n<h2>Dane i po\u0142\u0105czenia na Gwadelupie<\/h2>\r\ndost\u0119pne s\u0105 dwa warianty karty eSIM Gwadelupa:\r\n\r\n&nbsp;\r\n<h3>12 GB danych <span data-contrast=\"none\">\u20ac 36,=<\/span><\/h3>\r\n<p id=\"tw-target-text\" class=\"tw-data-text tw-text-large tw-ta\" dir=\"ltr\" tabindex=\"-1\" role=\"text\" data-placeholder=\"Vertaling\" data-ved=\"2ahUKEwiosuGNnaGRAxVI2QIHHTixL2UQ3ewLegQIDBAU\" aria-label=\"Vertaalde tekst: w tym 30 GB danych\"><span class=\"Y2IQFc\" lang=\"pl\">w tym 12GB danych<\/span><\/p>\r\n&nbsp;\r\n<h3>30 GB danych <span data-contrast=\"none\">\u20ac 57,=<\/span><\/h3>\r\n<p id=\"tw-target-text\" class=\"tw-data-text tw-text-large tw-ta\" dir=\"ltr\" tabindex=\"-1\" role=\"text\" data-placeholder=\"Vertaling\" data-ved=\"2ahUKEwiosuGNnaGRAxVI2QIHHTixL2UQ3ewLegQIDBAU\" aria-label=\"Vertaalde tekst: w tym 30 GB danych\"><span class=\"Y2IQFc\" lang=\"pl\">w tym 30GB danych<\/span><\/p>\r\n&nbsp;\r\n\r\nPakiety danych s\u0105 wa\u017cne 30 dni od momentu aktywacji.","product_handleiding":"","product_veelgestelde_vragen":[{"vraag":"Kt\u00f3rego eSim u\u017cywa\u0107 na Gwadelupie? ","antwoord":"Na kr\u00f3tki, kilkudniowy pobyt prawdopodobnie nie b\u0119dziesz potrzebowa\u0107 du\u017cej ilo\u015bci danych. Pakiet 12 GB danych na Barbados powinien w takim przypadku wystarczy\u0107.. Aplikacje takie jak WhatsApp, Instagram czy nawigacja nie zu\u017cywaj\u0105 du\u017co danych. Je\u015bli planujesz d\u0142u\u017cszy pobyt, warto wybra\u0107 pakiet 30 GB, aby zapewni\u0107 sobie wystarczaj\u0105c\u0105 ilo\u015b\u0107 danych."},{"vraag":"Gdzie kupi\u0107 eSim dla Gwadelupy? ","antwoord":"Kup online kart\u0119 eSIM do Gwadelupa od Airport Telecom. Kart\u0119 eSIM otrzymasz poczt\u0105 elektroniczn\u0105. Jest to kod QR, kt\u00f3ry nale\u017cy zeskanowa\u0107 telefonem. Mo\u017cesz to zrobi\u0107, nawet je\u015bli jeste\u015b ju\u017c na Gwadelupie lub wkr\u00f3tce wyruszasz w podr\u00f3\u017c. "}]},"yoast_head":"<!-- This site is optimized with the Yoast SEO Premium plugin v24.4 (Yoast SEO v26.9) - https:\/\/yoast.com\/product\/yoast-seo-premium-wordpress\/ -->\n<title>eSIM Gwadelupa kupi\u0107 przedp\u0142acony pakiet (nieograniczone) po\u0142\u0105czenia i internet - Airport Telecom PL<\/title>\n<meta name=\"description\" content=\"Szukasz karty przedp\u0142aconej eSIM Gwadelupa na (nieograniczone) rozmowy i internet? Optymalna dost\u0119pno\u015b\u0107 podczas podr\u00f3\u017cy w eSIM Antyle i Karaiby. Ju\u017c w sprzeda\u017cy od !\" \/>\n<meta name=\"robots\" content=\"index, follow, max-snippet:-1, max-image-preview:large, max-video-preview:-1\" \/>\n<link rel=\"canonical\" href=\"https:\/\/airporttelecom.com\/pl\/esim\/gwadelupa\/\" \/>\n<meta property=\"og:locale\" content=\"pl_PL\" \/>\n<meta property=\"og:type\" content=\"article\" \/>\n<meta property=\"og:title\" content=\"eSIM Gwadelupa\" \/>\n<meta property=\"og:description\" content=\"Szukasz karty przedp\u0142aconej eSIM Gwadelupa na (nieograniczone) rozmowy i internet? Optymalna dost\u0119pno\u015b\u0107 podczas podr\u00f3\u017cy w eSIM Antyle i Karaiby. Ju\u017c w sprzeda\u017cy od !\" \/>\n<meta property=\"og:url\" content=\"https:\/\/airporttelecom.com\/pl\/esim\/gwadelupa\/\" \/>\n<meta property=\"og:site_name\" content=\"Airport Telecom PL\" \/>\n<meta property=\"article:modified_time\" content=\"2025-12-03T12:32:46+00:00\" \/>\n<meta property=\"og:image\" content=\"https:\/\/airporttelecom.com\/pl\/wp-content\/uploads\/sites\/7\/2024\/07\/Simkaart-Guadeloupe.png?wsr\" \/>\n\t<meta property=\"og:image:width\" content=\"800\" \/>\n\t<meta property=\"og:image:height\" content=\"319\" \/>\n\t<meta property=\"og:image:type\" content=\"image\/png\" \/>\n<meta name=\"twitter:card\" content=\"summary_large_image\" \/>\n<meta name=\"twitter:label1\" content=\"Szacowany czas czytania\" \/>\n\t<meta name=\"twitter:data1\" content=\"1 minuta\" \/>\n<script type=\"application\/ld+json\" class=\"yoast-schema-graph\">{\"@context\":\"https:\/\/schema.org\",\"@graph\":[{\"@type\":\"WebPage\",\"@id\":\"https:\/\/airporttelecom.com\/pl\/esim\/gwadelupa\/\",\"url\":\"https:\/\/airporttelecom.com\/pl\/esim\/gwadelupa\/\",\"name\":\"eSIM Gwadelupa kupi\u0107 przedp\u0142acony pakiet (nieograniczone) po\u0142\u0105czenia i internet - Airport Telecom PL\",\"isPartOf\":{\"@id\":\"https:\/\/airporttelecom.com\/pl\/#website\"},\"primaryImageOfPage\":{\"@id\":\"https:\/\/airporttelecom.com\/pl\/esim\/gwadelupa\/#primaryimage\"},\"image\":{\"@id\":\"https:\/\/airporttelecom.com\/pl\/esim\/gwadelupa\/#primaryimage\"},\"thumbnailUrl\":\"https:\/\/airporttelecom.com\/pl\/wp-content\/uploads\/sites\/7\/2024\/07\/Simkaart-Guadeloupe.png\",\"datePublished\":\"2024-09-12T10:50:56+00:00\",\"dateModified\":\"2025-12-03T12:32:46+00:00\",\"description\":\"Szukasz karty przedp\u0142aconej eSIM Gwadelupa na (nieograniczone) rozmowy i internet? Optymalna dost\u0119pno\u015b\u0107 podczas podr\u00f3\u017cy w eSIM Antyle i Karaiby. Ju\u017c w sprzeda\u017cy od !\",\"breadcrumb\":{\"@id\":\"https:\/\/airporttelecom.com\/pl\/esim\/gwadelupa\/#breadcrumb\"},\"inLanguage\":\"pl-PL\",\"potentialAction\":[{\"@type\":\"ReadAction\",\"target\":[\"https:\/\/airporttelecom.com\/pl\/esim\/gwadelupa\/\"]}]},{\"@type\":\"ImageObject\",\"inLanguage\":\"pl-PL\",\"@id\":\"https:\/\/airporttelecom.com\/pl\/esim\/gwadelupa\/#primaryimage\",\"url\":\"https:\/\/airporttelecom.com\/pl\/wp-content\/uploads\/sites\/7\/2024\/07\/Simkaart-Guadeloupe.png\",\"contentUrl\":\"https:\/\/airporttelecom.com\/pl\/wp-content\/uploads\/sites\/7\/2024\/07\/Simkaart-Guadeloupe.png\",\"width\":800,\"height\":319,\"caption\":\"Karta SIM Gwadelupa\"},{\"@type\":\"BreadcrumbList\",\"@id\":\"https:\/\/airporttelecom.com\/pl\/esim\/gwadelupa\/#breadcrumb\",\"itemListElement\":[{\"@type\":\"ListItem\",\"position\":1,\"name\":\"Home\",\"item\":\"https:\/\/airporttelecom.com\/pl\/\"},{\"@type\":\"ListItem\",\"position\":2,\"name\":\"eSIM\",\"item\":\"https:\/\/airporttelecom.com\/pl\/esim\/\"},{\"@type\":\"ListItem\",\"position\":3,\"name\":\"Gwadelupa\"}]},{\"@type\":\"WebSite\",\"@id\":\"https:\/\/airporttelecom.com\/pl\/#website\",\"url\":\"https:\/\/airporttelecom.com\/pl\/\",\"name\":\"Airport Telecom\",\"description\":\"\",\"publisher\":{\"@id\":\"https:\/\/airporttelecom.com\/pl\/#organization\"},\"potentialAction\":[{\"@type\":\"SearchAction\",\"target\":{\"@type\":\"EntryPoint\",\"urlTemplate\":\"https:\/\/airporttelecom.com\/pl\/?s={search_term_string}\"},\"query-input\":{\"@type\":\"PropertyValueSpecification\",\"valueRequired\":true,\"valueName\":\"search_term_string\"}}],\"inLanguage\":\"pl-PL\"},{\"@type\":\"Organization\",\"@id\":\"https:\/\/airporttelecom.com\/pl\/#organization\",\"name\":\"Airport Telecom\",\"url\":\"https:\/\/airporttelecom.com\/pl\/\",\"logo\":{\"@type\":\"ImageObject\",\"inLanguage\":\"pl-PL\",\"@id\":\"https:\/\/airporttelecom.com\/pl\/#\/schema\/logo\/image\/\",\"url\":\"https:\/\/airporttelecom.com\/pl\/wp-content\/uploads\/sites\/7\/2024\/06\/icon.png?wsr\",\"contentUrl\":\"https:\/\/airporttelecom.com\/pl\/wp-content\/uploads\/sites\/7\/2024\/06\/icon.png?wsr\",\"width\":110,\"height\":110,\"caption\":\"Airport Telecom\"},\"image\":{\"@id\":\"https:\/\/airporttelecom.com\/pl\/#\/schema\/logo\/image\/\"}}]}<\/script>\n<!-- \/ Yoast SEO Premium plugin. -->","yoast_head_json":{"title":"eSIM Gwadelupa kupi\u0107 przedp\u0142acony pakiet (nieograniczone) po\u0142\u0105czenia i internet - Airport Telecom PL","description":"Szukasz karty przedp\u0142aconej eSIM Gwadelupa na (nieograniczone) rozmowy i internet? Optymalna dost\u0119pno\u015b\u0107 podczas podr\u00f3\u017cy w eSIM Antyle i Karaiby. Ju\u017c w sprzeda\u017cy od !","robots":{"index":"index","follow":"follow","max-snippet":"max-snippet:-1","max-image-preview":"max-image-preview:large","max-video-preview":"max-video-preview:-1"},"canonical":"https:\/\/airporttelecom.com\/pl\/esim\/gwadelupa\/","og_locale":"pl_PL","og_type":"article","og_title":"eSIM Gwadelupa","og_description":"Szukasz karty przedp\u0142aconej eSIM Gwadelupa na (nieograniczone) rozmowy i internet? Optymalna dost\u0119pno\u015b\u0107 podczas podr\u00f3\u017cy w eSIM Antyle i Karaiby. Ju\u017c w sprzeda\u017cy od !","og_url":"https:\/\/airporttelecom.com\/pl\/esim\/gwadelupa\/","og_site_name":"Airport Telecom PL","article_modified_time":"2025-12-03T12:32:46+00:00","og_image":[{"width":800,"height":319,"url":"https:\/\/airporttelecom.com\/pl\/wp-content\/uploads\/sites\/7\/2024\/07\/Simkaart-Guadeloupe.png?wsr","type":"image\/png"}],"twitter_card":"summary_large_image","twitter_misc":{"Szacowany czas czytania":"1 minuta"},"schema":{"@context":"https:\/\/schema.org","@graph":[{"@type":"WebPage","@id":"https:\/\/airporttelecom.com\/pl\/esim\/gwadelupa\/","url":"https:\/\/airporttelecom.com\/pl\/esim\/gwadelupa\/","name":"eSIM Gwadelupa kupi\u0107 przedp\u0142acony pakiet (nieograniczone) po\u0142\u0105czenia i internet - Airport Telecom PL","isPartOf":{"@id":"https:\/\/airporttelecom.com\/pl\/#website"},"primaryImageOfPage":{"@id":"https:\/\/airporttelecom.com\/pl\/esim\/gwadelupa\/#primaryimage"},"image":{"@id":"https:\/\/airporttelecom.com\/pl\/esim\/gwadelupa\/#primaryimage"},"thumbnailUrl":"https:\/\/airporttelecom.com\/pl\/wp-content\/uploads\/sites\/7\/2024\/07\/Simkaart-Guadeloupe.png","datePublished":"2024-09-12T10:50:56+00:00","dateModified":"2025-12-03T12:32:46+00:00","description":"Szukasz karty przedp\u0142aconej eSIM Gwadelupa na (nieograniczone) rozmowy i internet? Optymalna dost\u0119pno\u015b\u0107 podczas podr\u00f3\u017cy w eSIM Antyle i Karaiby. Ju\u017c w sprzeda\u017cy od !","breadcrumb":{"@id":"https:\/\/airporttelecom.com\/pl\/esim\/gwadelupa\/#breadcrumb"},"inLanguage":"pl-PL","potentialAction":[{"@type":"ReadAction","target":["https:\/\/airporttelecom.com\/pl\/esim\/gwadelupa\/"]}]},{"@type":"ImageObject","inLanguage":"pl-PL","@id":"https:\/\/airporttelecom.com\/pl\/esim\/gwadelupa\/#primaryimage","url":"https:\/\/airporttelecom.com\/pl\/wp-content\/uploads\/sites\/7\/2024\/07\/Simkaart-Guadeloupe.png","contentUrl":"https:\/\/airporttelecom.com\/pl\/wp-content\/uploads\/sites\/7\/2024\/07\/Simkaart-Guadeloupe.png","width":800,"height":319,"caption":"Karta SIM Gwadelupa"},{"@type":"BreadcrumbList","@id":"https:\/\/airporttelecom.com\/pl\/esim\/gwadelupa\/#breadcrumb","itemListElement":[{"@type":"ListItem","position":1,"name":"Home","item":"https:\/\/airporttelecom.com\/pl\/"},{"@type":"ListItem","position":2,"name":"eSIM","item":"https:\/\/airporttelecom.com\/pl\/esim\/"},{"@type":"ListItem","position":3,"name":"Gwadelupa"}]},{"@type":"WebSite","@id":"https:\/\/airporttelecom.com\/pl\/#website","url":"https:\/\/airporttelecom.com\/pl\/","name":"Airport Telecom","description":"","publisher":{"@id":"https:\/\/airporttelecom.com\/pl\/#organization"},"potentialAction":[{"@type":"SearchAction","target":{"@type":"EntryPoint","urlTemplate":"https:\/\/airporttelecom.com\/pl\/?s={search_term_string}"},"query-input":{"@type":"PropertyValueSpecification","valueRequired":true,"valueName":"search_term_string"}}],"inLanguage":"pl-PL"},{"@type":"Organization","@id":"https:\/\/airporttelecom.com\/pl\/#organization","name":"Airport Telecom","url":"https:\/\/airporttelecom.com\/pl\/","logo":{"@type":"ImageObject","inLanguage":"pl-PL","@id":"https:\/\/airporttelecom.com\/pl\/#\/schema\/logo\/image\/","url":"https:\/\/airporttelecom.com\/pl\/wp-content\/uploads\/sites\/7\/2024\/06\/icon.png?wsr","contentUrl":"https:\/\/airporttelecom.com\/pl\/wp-content\/uploads\/sites\/7\/2024\/06\/icon.png?wsr","width":110,"height":110,"caption":"Airport Telecom"},"image":{"@id":"https:\/\/airporttelecom.com\/pl\/#\/schema\/logo\/image\/"}}]}},"custom_permalink":"esim\/gwadelupa","_links":{"self":[{"href":"https:\/\/airporttelecom.com\/pl\/wp-json\/wp\/v2\/product\/1390","targetHints":{"allow":["GET"]}}],"collection":[{"href":"https:\/\/airporttelecom.com\/pl\/wp-json\/wp\/v2\/product"}],"about":[{"href":"https:\/\/airporttelecom.com\/pl\/wp-json\/wp\/v2\/types\/product"}],"replies":[{"embeddable":true,"href":"https:\/\/airporttelecom.com\/pl\/wp-json\/wp\/v2\/comments?post=1390"}],"wp:featuredmedia":[{"embeddable":true,"href":"https:\/\/airporttelecom.com\/pl\/wp-json\/wp\/v2\/media\/1108"}],"wp:attachment":[{"href":"https:\/\/airporttelecom.com\/pl\/wp-json\/wp\/v2\/media?parent=1390"}],"wp:term":[{"taxonomy":"product_brand","embeddable":true,"href":"https:\/\/airporttelecom.com\/pl\/wp-json\/wp\/v2\/product_brand?post=1390"},{"taxonomy":"product_cat","embeddable":true,"href":"https:\/\/airporttelecom.com\/pl\/wp-json\/wp\/v2\/product_cat?post=1390"},{"taxonomy":"product_tag","embeddable":true,"href":"https:\/\/airporttelecom.com\/pl\/wp-json\/wp\/v2\/product_tag?post=1390"}],"curies":[{"name":"wp","href":"https:\/\/api.w.org\/{rel}","templated":true}]}}