{"id":1396,"date":"2024-09-12T10:51:02","date_gmt":"2024-09-12T10:51:02","guid":{"rendered":"https:\/\/airporttelecom.outperforming.nl\/nl\/product\/esim-verenigde-staten\/"},"modified":"2026-02-16T14:15:04","modified_gmt":"2026-02-16T14:15:04","slug":"eSIM-ameryka","status":"publish","type":"product","link":"https:\/\/airporttelecom.com\/pl\/esim\/usa\/","title":{"rendered":"eSIM USA"},"content":{"rendered":"","protected":false},"excerpt":{"rendered":"","protected":false},"featured_media":1174,"comment_status":"open","ping_status":"closed","template":"","meta":{"_acf_changed":false},"product_brand":[],"product_cat":[16],"product_tag":[46],"class_list":{"0":"post-1396","1":"product","2":"type-product","3":"status-publish","4":"has-post-thumbnail","6":"product_cat-esim","7":"product_tag-esim-ameryka-polnocna","9":"first","10":"instock","11":"taxable","12":"shipping-taxable","13":"purchasable","14":"product-type-variable"},"acf":{"gebied_afbeelding":1885,"vlag_afbeelding":922,"provider":["NEX","ATT"],"product_synoniemen":[{"synoniem":"USA"},{"synoniem":"Verenigde Staten"},{"synoniem":"New York"},{"synoniem":"United States"}],"product_bestel_velden":"","product_omschrijving":"<h2>Mobilny internet w Stanach Zjednoczonych z eSIM USA<\/h2>\r\nDzi\u0119ki nielimitowanej karcie eSIM USA od Airport Telecom mo\u017cesz korzysta\u0107 z mobilnego internetu w ca\u0142ych Stanach Zjednoczonych. Karta eSIM jest przydatna do korzystania z internetu i zapewnia dost\u0119p do poczty e-mail, WhatsApp, nawigacji i innych aplikacji internetowych za po\u015brednictwem szybkiego po\u0142\u0105czenia 4G\/5G. Wybierz, na jak d\u0142ugo potrzebujesz pakietu nielimitowanych danych: 7 dni, 14 dni lub 30 dni.\r\n<h2>Pakiety danych na podr\u00f3\u017c do Ameryki<\/h2>\r\nKarty eSIM USA s\u0105 dost\u0119pne z pakietem danych bez ogranicze\u0144* na 7, 14 i 30 dni:\r\n<h3>Nielimitowany pakiet eSIM USA \u2013 7 dni<\/h3>\r\n<h3>Nielimitowany pakiet eSIM USA \u2013 14 dni<\/h3>\r\n<h3>Nielimitowany pakiet eSIM USA \u2013 30 dni<\/h3>\r\n(*) Korzystaj\u0105c z nielimitowanego internetu nale\u017cy pami\u0119ta\u0107 o zasadach dozwolonego u\u017cytku. W przypadku wyj\u0105tkowo intensywnego zu\u017cycia danych operator mo\u017ce ograniczy\u0107 dzia\u0142anie karty eSIM. Polityka uczciwego korzystania zak\u0142ada jednego u\u017cytkownika na jedn\u0105 kart\u0119 eSIM. Przy standardowym korzystaniu \u2014 nawigacja, poczta e-mail, przegl\u0105danie internetu, WhatsApp, Instagram, Snapchat \u2014 ograniczenia nie maj\u0105 zastosowania. Mog\u0105 pojawi\u0107 si\u0119 jedynie przy bardzo du\u017cej aktywno\u015bci streamingowej, np. intensywnym ogl\u0105daniu YouTube, TikToka, Netflixa czy telewizji online, zw\u0142aszcza gdy po\u0142\u0105czenie jest wsp\u00f3\u0142dzielone przez kilka os\u00f3b poprzez hotspot lub router. W przypadku naruszenia zasad uczciwego u\u017cytkowania nie przys\u0142uguje zwrot koszt\u00f3w.\r\nKarta eSIM USA zapewnia dost\u0119p do internetu na terenie ca\u0142ych Stan\u00f3w Zjednoczonych dzi\u0119ki sieciom 4G i 5G AT&amp;T oraz T-Mobile. Po przylocie do USA karta eSIM aktywuje si\u0119 automatycznie \u2014 bez konieczno\u015bci rejestracji u\u017cytkownika. eSIM USA obs\u0142uguje tethering, dzi\u0119ki czemu mo\u017ce by\u0107 u\u017cywany jako hotspot lub z urz\u0105dzeniami MIFI.\r\n<h2>WhatsApp z eSIM USA<\/h2>\r\nKorzystaj\u0105c z karty eSIM USA, u\u017cywasz swojego telefonu dok\u0142adnie tak jak zawsze \u2014 wszystkie aplikacje, w tym WhatsApp, dzia\u0142aj\u0105 bez \u017cadnych zmian. Po zainstalowaniu eSIM USA aplikacja aplikacja WhatsApp mo\u017ce zapyta\u0107,, czy chcesz utworzy\u0107 nowe konto, czy zachowa\u0107 dotychczasowe ustawienia. Wybierz opcj\u0119 \u201epozosta\u0144 przy obecnym koncie\u201d, aby zachowa\u0107 swoje kontakty, grupy, czaty oraz pe\u0142n\u0105 histori\u0119 rozm\u00f3w. Dzi\u0119ki internetowi mobilnemu eSIM USA mo\u017cesz bez problemu wykonywa\u0107 po\u0142\u0105czenia g\u0142osowe i wideo przez WhatsApp, poniewa\u017c aplikacja korzysta z pakietu danych dost\u0119pnego w Twojej karcie eSIM.\r\n<h2>Zasi\u0119g eSIM i internetu mobilnego w USA<\/h2>\r\neSIM USA dzia\u0142a w ameryka\u0144skich sieciach AT&amp;T i T-Mobile i zapewnia doskona\u0142y zasi\u0119g telefonu i internetu na terenie ca\u0142ego kraju. Wys\u0142anie zdj\u0119\u0107 z Broadwayu czy Central Parku w Nowym Jorku odbywa si\u0119 bez problemu, a nawigacja na iPhonie lub telefonie z Androidem u\u0142atwia szybki dojazd do ciekawych miejsc w Hollywood lub do s\u0142ynnego Mostu Golden Gate w San Francisco.\r\nPlanuj\u0105c podr\u00f3\u017c, warto jednak uwzgl\u0119d\u0119dni\u0107 fakt, \u017ce Stany Zjednoczone to ogromny kraj, obejmuj\u0105cy rozleg\u0142e, s\u0142abo zaludnione lub niezamieszka\u0142e rejony, jak G\u00f3ry Skaliste, Wielki Kanion, Yellowstone oraz inne parki narodowe, gdzie zasi\u0119g sieci kom\u00f3rkowej mo\u017ce by\u0107 ograniczony, a smartfon mo\u017ce w og\u00f3le nie dzia\u0142a\u0107. I tak na przyk\u0142ad w samym Las Vegas zasi\u0119g jest doskona\u0142y, na pustyni Mojave, na kt\u00f3rej po\u0142o\u017cone jest to miasto, korzystanie z telefonu mo\u017ce utrudnione ze wzgl\u0119du na du\u017c\u0105 odleg\u0142o\u015b\u0107 od sieci.\r\nWe wszystkich zaludnionych regionach w USA zasi\u0119g sieci kom\u00f3rkowej jest bardzo dobry, a karta eSIM zapewnia pewny dost\u0119p do internetu. Od Sunset Boulevard po Dallas, od Seattle po Houston, mo\u017cesz swobodnie korzysta\u0107 ze wszystkich aplikacji w telefonie i zawsze pozostaniesz online.\r\n<h2>eSIM USA dost\u0119pny od r\u0119ki \u2014 przesy\u0142ka na Tw\u00f3j adres e-mail<\/h2>\r\nPo z\u0142o\u017ceniu zam\u00f3wienia eSIM USA zotanie przes\u0142any na Tw\u00f3j adres mailowy w formie kodu QR, kt\u00f3ry nale\u017cy zeskanowa\u0107 telefonem. To proste i wygodne rozwi\u0105zanie \u2014 mo\u017cesz z niego skorzysta\u0107 nawet b\u0119d\u0105c ju\u017c w USA lub wyje\u017cd\u017caj\u0105c w bardzo kr\u00f3tkim terminie. Dzi\u0119ki temu pozostajesz w kontakcie i masz dost\u0119p do internetu od pierwszej chwili swojej podr\u00f3\u017cy.","product_specificaties":"<h2>Zalety <span class=\"TextRun SCXW14613039 BCX0\" lang=\"NL-NL\" xml:lang=\"NL-NL\" data-contrast=\"none\"><span class=\"SpellingError SCXW14613039 BCX0\">eSIM <\/span><\/span>USA<\/h2>\r\n<ul>\r\n \t<li>Karta eSIM USA umo\u017cliwia tethering, mo\u017ce by\u0107 u\u017cywana jako hotspot lub z urz\u0105dzeniami MIFI.<\/li>\r\n \t<li class=\"sppb-addon-content\">eSIM do USA otrzymasz poczt\u0105 elektroniczn\u0105. Jest to kod QR, kt\u00f3ry nale\u017cy zeskanowa\u0107 telefonem. Mo\u017cesz to zrobi\u0107 przed wyjazdem do USA lub tu\u017c po przybyciu.<\/li>\r\n \t<li class=\"sppb-addon-content\">eSIM USA umo\u017cliwia korzystanie z przedp\u0142aconego pakietu danych mobilnych w Stanach Zjednoczonych, jednocze\u015bnie pozwalaj\u0105c zachowa\u0107 dost\u0119pno\u015b\u0107 pod w\u0142asnym numerem telefonu.<\/li>\r\n \t<li>Karta eSIM dzia\u0142a jedynie w telefonach obs\u0142uguj\u0105cych t\u0119 technologi\u0119. Przed zakupem warto upewni\u0107 si\u0119, czy Tw\u00f3j model jest kompatybilny. eSIM mo\u017cna u\u017cywa\u0107 w iPhone\u2019ach XS, XS Max, XR, 11, 12, 13, 14, 15, 16 i nowszych. Je\u015bli Tw\u00f3j telefon nie obs\u0142uguje eSIM, zalecamy wyb\u00f3r fizycznej <a title=\"SIMkaart USA\" href=\"http:\/\/airporttelecom.com\/pl\/SIMkaart\/amerika\/\">kart\u0119 SIM USA.<\/a><\/li>\r\n<\/ul>\r\n<h2>internet mobilny z kart\u0105 eSIM USA<\/h2>\r\nOferujemy trzy nielimitowane pakiety eSIM USA:\r\n<h3>Nielimitowany <span class=\"TextRun SCXW14613039 BCX0\" lang=\"NL-NL\" xml:lang=\"NL-NL\" data-contrast=\"none\"><span class=\"SpellingError SCXW14613039 BCX0\">eSIM USA 7 dni, <\/span><\/span>\u20ac23<\/h3>\r\n<ul>\r\n \t<li style=\"font-weight: 400;\" aria-level=\"1\"><span style=\"font-weight: 400;\">Nielimitowany internet mobilny w ca\u0142ych Stanach Zjednoczonych*\u00a0<\/span><\/li>\r\n<\/ul>\r\n<ul>\r\n \t<li style=\"font-weight: 400;\" aria-level=\"1\"><span style=\"font-weight: 400;\">Pakiet danych wa\u017cny 7 dni\u00a0<\/span><\/li>\r\n<\/ul>\r\n<ul>\r\n \t<li style=\"font-weight: 400;\" aria-level=\"1\"><span style=\"font-weight: 400;\">Mo\u017cliwo\u015b\u0107 szybkiego i \u0142atwego do\u0142adowania online przez nasz\u0105 stron\u0119 internetow\u0105 <\/span><\/li>\r\n<\/ul>\r\n<h3><strong>Nielimitowany pakiet eSIM USA \u2013 14 dni <\/strong><\/h3>\r\n<ul>\r\n \t<li style=\"font-weight: 400;\" aria-level=\"1\"><span style=\"font-weight: 400;\">Nielimitowane dane mobilne na terenie USA*\u00a0<\/span><\/li>\r\n<\/ul>\r\n<ul>\r\n \t<li style=\"font-weight: 400;\" aria-level=\"1\"><span style=\"font-weight: 400;\">Pakiet eSIM wa\u017cny przez 14 dni\u00a0<\/span><\/li>\r\n<\/ul>\r\n<ul>\r\n \t<li style=\"font-weight: 400;\" aria-level=\"1\"><span style=\"font-weight: 400;\">Wygodne do\u0142adowanie eSIM online bez formalno\u015bci <\/span><\/li>\r\n<\/ul>\r\n<h3><strong>Nielimitowany pakiet eSIM USA \u2013 30 dni <\/strong><\/h3>\r\n<ul>\r\n \t<li style=\"font-weight: 400;\" aria-level=\"1\"><span style=\"font-weight: 400;\">Pe\u0142ny, nielimitowany dost\u0119p do internetu mobilnego w USA*\u00a0<\/span><\/li>\r\n<\/ul>\r\n<ul>\r\n \t<li style=\"font-weight: 400;\" aria-level=\"1\"><span style=\"font-weight: 400;\">Pakiet danych wa\u017cny 30 dni\u00a0<\/span><\/li>\r\n<\/ul>\r\n<ul>\r\n \t<li style=\"font-weight: 400;\" aria-level=\"1\"><span style=\"font-weight: 400;\">Bezproblemowe do\u0142adowanie eSIM przez stron\u0119 internetow\u0105 <\/span><\/li>\r\n<\/ul>\r\n<span style=\"font-weight: 400;\">(*) Obowi\u0105zuj\u0105 zasady dozwolonego u\u017cytku. W przypadku bardzo intensywnego korzystania z internetu mobilnego ameryka\u0144ski operator mo\u017ce ograniczy\u0107 dost\u0119p do danych.Top of Form <\/span>","product_handleiding":"<h2>Podr\u00f3\u017cowanie z eSIM USA | Podr\u0119cznik<\/h2>\r\n<h3>Instalacja eSIM USA<\/h3>\r\nInstalacja karty eSIM jest \u0142atwa dzi\u0119ki zeskanowaniu kodu QR otrzymanego po z\u0142o\u017ceniu zam\u00f3wienia. Zeskanuj ten kod QR za pomoc\u0105 smartfona. Instalacja rozpocznie si\u0119 automatycznie. Wa\u017cne: do dodania karty eSIM wymagane jest dzia\u0142aj\u0105ce po\u0142\u0105czenie internetowe.\r\n<h3>Instalacja eSIM na telefonie iPhone<\/h3>\r\nKarta eSIM jest instalowana poprzez zeskanowanie kodu QR. Na iPhonie najprostszym sposobem jest przej\u015bcie do Ustawienia &gt; Dane mobilne &gt; dodaj eSIM. Nast\u0119pnie nale\u017cy zeskanowa\u0107 kod QR.\r\n<h3>Instalacja karty eSIM na telefonie Samsung lub innym telefonie z systemem Android<\/h3>\r\nKart\u0119 eSIM instaluje si\u0119 poprzez zeskanowanie kodu QR. Przejd\u017a do Ustawienia &gt; Po\u0142\u0105czenia &gt; Zarz\u0105dzanie kartami SIM. Stuknij Dodaj eSIM, a nast\u0119pnie stuknij Skanuj kod QR. Skanowanie kodu QR\r\n<h3>Pomocne wskaz\u00f3wki dotycz\u0105ce instalacji karty eSIM w telefonie<\/h3>\r\n<ul>\r\n \t<li>Upewnij si\u0119, \u017ce podczas instalacji masz dzia\u0142aj\u0105ce po\u0142\u0105czenie internetowe.<\/li>\r\n \t<li>W\u0142\u0105cz dane mobilne i roaming danych na karcie eSIM.<\/li>\r\n \t<li>Prawid\u0142owo wy\u0142\u0105cz Mobile Data i Data Roaming na macierzystej karcie SIM, aby unikn\u0105\u0107 wysokich op\u0142at za transmisj\u0119 danych poza Europ\u0105.<\/li>\r\n \t<li>Kod QR dla karty eSIM mo\u017ce by\u0107 u\u017cyty tylko raz. W zwi\u0105zku z tym nie jest mo\u017cliwe przeniesienie karty eSIM do innego telefonu.<\/li>\r\n<\/ul>\r\n<h3>Kontakt w przypadku pyta\u0144<\/h3>\r\nW razie jakichkolwiek pyta\u0144 proSIMy o kontakt z Airport Telecom pod numerem +31 (0) 20 6530999.\r\n<h3>Wi\u0119cej informacji<\/h3>\r\nZobacz r\u00f3wnie\u017c nasz <a href=\"http:\/\/airporttelecom.com\/pl\/blog\/internet-surfen-met-eSIM\/\">blog na temat eSIM<\/a>","product_veelgestelde_vragen":[{"vraag":"Kt\u00f3ry eSIM do USA jest najlepszy?","antwoord":"Wybierz pakiet nielimitowanych danych dopasowany do d\u0142ugo\u015bci pobytu w USA: 7, 14 lub 30 dni, by w pe\u0142ni korzysta\u0107 z internetu do WhatsAppa, poczty e-mail, Instagrama, nawigacji oraz innych aplikacji online. "},{"vraag":"Gdzie mo\u017cna kupi\u0107 eSIM USA? ","antwoord":"Zam\u00f3w kart\u0119 eSIM do USA w Airport Telecom. Otrzymasz j\u0105 od razu na sw\u00f3j adres e-mail w formie kodu QR, kt\u00f3ry nale\u017cy zeskanowa\u0107 telefonem. Instalacj\u0119 mo\u017cesz przeprowadzi\u0107 przed wyjazdem lub po przyje\u017adzie do Stan\u00f3w Zjednoczonych, aby korzysta\u0107 z internetu od pierwszej chwili pobytu w USA. "}]},"yoast_head":"<!-- This site is optimized with the Yoast SEO Premium plugin v24.4 (Yoast SEO v26.9) - https:\/\/yoast.com\/product\/yoast-seo-premium-wordpress\/ -->\n<title>eSIM USA kupi\u0107 przedp\u0142acony pakiet (nieograniczone) po\u0142\u0105czenia i internet - Airport Telecom PL<\/title>\n<meta name=\"description\" content=\"Szukasz karty przedp\u0142aconej eSIM USA na (nieograniczone) rozmowy i internet? Optymalna dost\u0119pno\u015b\u0107 podczas podr\u00f3\u017cy w eSIM Ameryka P\u00f3\u0142nocna. Ju\u017c w sprzeda\u017cy od !\" \/>\n<meta name=\"robots\" content=\"index, follow, max-snippet:-1, max-image-preview:large, max-video-preview:-1\" \/>\n<link rel=\"canonical\" href=\"https:\/\/airporttelecom.com\/pl\/esim\/usa\/\" \/>\n<meta property=\"og:locale\" content=\"pl_PL\" \/>\n<meta property=\"og:type\" content=\"article\" \/>\n<meta property=\"og:title\" content=\"eSIM USA\" \/>\n<meta property=\"og:description\" content=\"Szukasz karty przedp\u0142aconej eSIM USA na (nieograniczone) rozmowy i internet? Optymalna dost\u0119pno\u015b\u0107 podczas podr\u00f3\u017cy w eSIM Ameryka P\u00f3\u0142nocna. Ju\u017c w sprzeda\u017cy od !\" \/>\n<meta property=\"og:url\" content=\"https:\/\/airporttelecom.com\/pl\/esim\/usa\/\" \/>\n<meta property=\"og:site_name\" content=\"Airport Telecom PL\" \/>\n<meta property=\"article:modified_time\" content=\"2026-02-16T14:15:04+00:00\" \/>\n<meta property=\"og:image\" content=\"https:\/\/airporttelecom.com\/pl\/wp-content\/uploads\/sites\/7\/2024\/07\/Simkaart-USA.png\" \/>\n\t<meta property=\"og:image:width\" content=\"800\" \/>\n\t<meta property=\"og:image:height\" content=\"319\" \/>\n\t<meta property=\"og:image:type\" content=\"image\/png\" \/>\n<meta name=\"twitter:card\" content=\"summary_large_image\" \/>\n<meta name=\"twitter:label1\" content=\"Szacowany czas czytania\" \/>\n\t<meta name=\"twitter:data1\" content=\"1 minuta\" \/>\n<script type=\"application\/ld+json\" class=\"yoast-schema-graph\">{\"@context\":\"https:\/\/schema.org\",\"@graph\":[{\"@type\":\"WebPage\",\"@id\":\"https:\/\/airporttelecom.com\/pl\/esim\/usa\/\",\"url\":\"https:\/\/airporttelecom.com\/pl\/esim\/usa\/\",\"name\":\"eSIM USA kupi\u0107 przedp\u0142acony pakiet (nieograniczone) po\u0142\u0105czenia i internet - Airport Telecom PL\",\"isPartOf\":{\"@id\":\"https:\/\/airporttelecom.com\/pl\/#website\"},\"primaryImageOfPage\":{\"@id\":\"https:\/\/airporttelecom.com\/pl\/esim\/usa\/#primaryimage\"},\"image\":{\"@id\":\"https:\/\/airporttelecom.com\/pl\/esim\/usa\/#primaryimage\"},\"thumbnailUrl\":\"https:\/\/airporttelecom.com\/pl\/wp-content\/uploads\/sites\/7\/2024\/07\/Simkaart-USA.png\",\"datePublished\":\"2024-09-12T10:51:02+00:00\",\"dateModified\":\"2026-02-16T14:15:04+00:00\",\"description\":\"Szukasz karty przedp\u0142aconej eSIM USA na (nieograniczone) rozmowy i internet? Optymalna dost\u0119pno\u015b\u0107 podczas podr\u00f3\u017cy w eSIM Ameryka P\u00f3\u0142nocna. Ju\u017c w sprzeda\u017cy od !\",\"breadcrumb\":{\"@id\":\"https:\/\/airporttelecom.com\/pl\/esim\/usa\/#breadcrumb\"},\"inLanguage\":\"pl-PL\",\"potentialAction\":[{\"@type\":\"ReadAction\",\"target\":[\"https:\/\/airporttelecom.com\/pl\/esim\/usa\/\"]}]},{\"@type\":\"ImageObject\",\"inLanguage\":\"pl-PL\",\"@id\":\"https:\/\/airporttelecom.com\/pl\/esim\/usa\/#primaryimage\",\"url\":\"https:\/\/airporttelecom.com\/pl\/wp-content\/uploads\/sites\/7\/2024\/07\/Simkaart-USA.png\",\"contentUrl\":\"https:\/\/airporttelecom.com\/pl\/wp-content\/uploads\/sites\/7\/2024\/07\/Simkaart-USA.png\",\"width\":800,\"height\":319,\"caption\":\"Karta SIM w Stanach Zjednoczonych\"},{\"@type\":\"BreadcrumbList\",\"@id\":\"https:\/\/airporttelecom.com\/pl\/esim\/usa\/#breadcrumb\",\"itemListElement\":[{\"@type\":\"ListItem\",\"position\":1,\"name\":\"Home\",\"item\":\"https:\/\/airporttelecom.com\/pl\/\"},{\"@type\":\"ListItem\",\"position\":2,\"name\":\"eSIM\",\"item\":\"https:\/\/airporttelecom.com\/pl\/esim\/\"},{\"@type\":\"ListItem\",\"position\":3,\"name\":\"USA\"}]},{\"@type\":\"WebSite\",\"@id\":\"https:\/\/airporttelecom.com\/pl\/#website\",\"url\":\"https:\/\/airporttelecom.com\/pl\/\",\"name\":\"Airport Telecom\",\"description\":\"\",\"publisher\":{\"@id\":\"https:\/\/airporttelecom.com\/pl\/#organization\"},\"potentialAction\":[{\"@type\":\"SearchAction\",\"target\":{\"@type\":\"EntryPoint\",\"urlTemplate\":\"https:\/\/airporttelecom.com\/pl\/?s={search_term_string}\"},\"query-input\":{\"@type\":\"PropertyValueSpecification\",\"valueRequired\":true,\"valueName\":\"search_term_string\"}}],\"inLanguage\":\"pl-PL\"},{\"@type\":\"Organization\",\"@id\":\"https:\/\/airporttelecom.com\/pl\/#organization\",\"name\":\"Airport Telecom\",\"url\":\"https:\/\/airporttelecom.com\/pl\/\",\"logo\":{\"@type\":\"ImageObject\",\"inLanguage\":\"pl-PL\",\"@id\":\"https:\/\/airporttelecom.com\/pl\/#\/schema\/logo\/image\/\",\"url\":\"https:\/\/airporttelecom.com\/pl\/wp-content\/uploads\/sites\/7\/2024\/06\/icon.png?wsr\",\"contentUrl\":\"https:\/\/airporttelecom.com\/pl\/wp-content\/uploads\/sites\/7\/2024\/06\/icon.png?wsr\",\"width\":110,\"height\":110,\"caption\":\"Airport Telecom\"},\"image\":{\"@id\":\"https:\/\/airporttelecom.com\/pl\/#\/schema\/logo\/image\/\"}}]}<\/script>\n<!-- \/ Yoast SEO Premium plugin. -->","yoast_head_json":{"title":"eSIM USA kupi\u0107 przedp\u0142acony pakiet (nieograniczone) po\u0142\u0105czenia i internet - Airport Telecom PL","description":"Szukasz karty przedp\u0142aconej eSIM USA na (nieograniczone) rozmowy i internet? Optymalna dost\u0119pno\u015b\u0107 podczas podr\u00f3\u017cy w eSIM Ameryka P\u00f3\u0142nocna. Ju\u017c w sprzeda\u017cy od !","robots":{"index":"index","follow":"follow","max-snippet":"max-snippet:-1","max-image-preview":"max-image-preview:large","max-video-preview":"max-video-preview:-1"},"canonical":"https:\/\/airporttelecom.com\/pl\/esim\/usa\/","og_locale":"pl_PL","og_type":"article","og_title":"eSIM USA","og_description":"Szukasz karty przedp\u0142aconej eSIM USA na (nieograniczone) rozmowy i internet? Optymalna dost\u0119pno\u015b\u0107 podczas podr\u00f3\u017cy w eSIM Ameryka P\u00f3\u0142nocna. Ju\u017c w sprzeda\u017cy od !","og_url":"https:\/\/airporttelecom.com\/pl\/esim\/usa\/","og_site_name":"Airport Telecom PL","article_modified_time":"2026-02-16T14:15:04+00:00","og_image":[{"width":800,"height":319,"url":"https:\/\/airporttelecom.com\/pl\/wp-content\/uploads\/sites\/7\/2024\/07\/Simkaart-USA.png","type":"image\/png"}],"twitter_card":"summary_large_image","twitter_misc":{"Szacowany czas czytania":"1 minuta"},"schema":{"@context":"https:\/\/schema.org","@graph":[{"@type":"WebPage","@id":"https:\/\/airporttelecom.com\/pl\/esim\/usa\/","url":"https:\/\/airporttelecom.com\/pl\/esim\/usa\/","name":"eSIM USA kupi\u0107 przedp\u0142acony pakiet (nieograniczone) po\u0142\u0105czenia i internet - Airport Telecom PL","isPartOf":{"@id":"https:\/\/airporttelecom.com\/pl\/#website"},"primaryImageOfPage":{"@id":"https:\/\/airporttelecom.com\/pl\/esim\/usa\/#primaryimage"},"image":{"@id":"https:\/\/airporttelecom.com\/pl\/esim\/usa\/#primaryimage"},"thumbnailUrl":"https:\/\/airporttelecom.com\/pl\/wp-content\/uploads\/sites\/7\/2024\/07\/Simkaart-USA.png","datePublished":"2024-09-12T10:51:02+00:00","dateModified":"2026-02-16T14:15:04+00:00","description":"Szukasz karty przedp\u0142aconej eSIM USA na (nieograniczone) rozmowy i internet? Optymalna dost\u0119pno\u015b\u0107 podczas podr\u00f3\u017cy w eSIM Ameryka P\u00f3\u0142nocna. Ju\u017c w sprzeda\u017cy od !","breadcrumb":{"@id":"https:\/\/airporttelecom.com\/pl\/esim\/usa\/#breadcrumb"},"inLanguage":"pl-PL","potentialAction":[{"@type":"ReadAction","target":["https:\/\/airporttelecom.com\/pl\/esim\/usa\/"]}]},{"@type":"ImageObject","inLanguage":"pl-PL","@id":"https:\/\/airporttelecom.com\/pl\/esim\/usa\/#primaryimage","url":"https:\/\/airporttelecom.com\/pl\/wp-content\/uploads\/sites\/7\/2024\/07\/Simkaart-USA.png","contentUrl":"https:\/\/airporttelecom.com\/pl\/wp-content\/uploads\/sites\/7\/2024\/07\/Simkaart-USA.png","width":800,"height":319,"caption":"Karta SIM w Stanach Zjednoczonych"},{"@type":"BreadcrumbList","@id":"https:\/\/airporttelecom.com\/pl\/esim\/usa\/#breadcrumb","itemListElement":[{"@type":"ListItem","position":1,"name":"Home","item":"https:\/\/airporttelecom.com\/pl\/"},{"@type":"ListItem","position":2,"name":"eSIM","item":"https:\/\/airporttelecom.com\/pl\/esim\/"},{"@type":"ListItem","position":3,"name":"USA"}]},{"@type":"WebSite","@id":"https:\/\/airporttelecom.com\/pl\/#website","url":"https:\/\/airporttelecom.com\/pl\/","name":"Airport Telecom","description":"","publisher":{"@id":"https:\/\/airporttelecom.com\/pl\/#organization"},"potentialAction":[{"@type":"SearchAction","target":{"@type":"EntryPoint","urlTemplate":"https:\/\/airporttelecom.com\/pl\/?s={search_term_string}"},"query-input":{"@type":"PropertyValueSpecification","valueRequired":true,"valueName":"search_term_string"}}],"inLanguage":"pl-PL"},{"@type":"Organization","@id":"https:\/\/airporttelecom.com\/pl\/#organization","name":"Airport Telecom","url":"https:\/\/airporttelecom.com\/pl\/","logo":{"@type":"ImageObject","inLanguage":"pl-PL","@id":"https:\/\/airporttelecom.com\/pl\/#\/schema\/logo\/image\/","url":"https:\/\/airporttelecom.com\/pl\/wp-content\/uploads\/sites\/7\/2024\/06\/icon.png?wsr","contentUrl":"https:\/\/airporttelecom.com\/pl\/wp-content\/uploads\/sites\/7\/2024\/06\/icon.png?wsr","width":110,"height":110,"caption":"Airport Telecom"},"image":{"@id":"https:\/\/airporttelecom.com\/pl\/#\/schema\/logo\/image\/"}}]}},"custom_permalink":"esim\/usa","_links":{"self":[{"href":"https:\/\/airporttelecom.com\/pl\/wp-json\/wp\/v2\/product\/1396","targetHints":{"allow":["GET"]}}],"collection":[{"href":"https:\/\/airporttelecom.com\/pl\/wp-json\/wp\/v2\/product"}],"about":[{"href":"https:\/\/airporttelecom.com\/pl\/wp-json\/wp\/v2\/types\/product"}],"replies":[{"embeddable":true,"href":"https:\/\/airporttelecom.com\/pl\/wp-json\/wp\/v2\/comments?post=1396"}],"wp:featuredmedia":[{"embeddable":true,"href":"https:\/\/airporttelecom.com\/pl\/wp-json\/wp\/v2\/media\/1174"}],"wp:attachment":[{"href":"https:\/\/airporttelecom.com\/pl\/wp-json\/wp\/v2\/media?parent=1396"}],"wp:term":[{"taxonomy":"product_brand","embeddable":true,"href":"https:\/\/airporttelecom.com\/pl\/wp-json\/wp\/v2\/product_brand?post=1396"},{"taxonomy":"product_cat","embeddable":true,"href":"https:\/\/airporttelecom.com\/pl\/wp-json\/wp\/v2\/product_cat?post=1396"},{"taxonomy":"product_tag","embeddable":true,"href":"https:\/\/airporttelecom.com\/pl\/wp-json\/wp\/v2\/product_tag?post=1396"}],"curies":[{"name":"wp","href":"https:\/\/api.w.org\/{rel}","templated":true}]}}