{"id":1520,"date":"2024-09-12T10:51:35","date_gmt":"2024-09-12T10:51:35","guid":{"rendered":"https:\/\/airporttelecom.outperforming.nl\/nl\/product\/esim-egypte\/"},"modified":"2026-02-28T23:34:31","modified_gmt":"2026-02-28T23:34:31","slug":"esim-egypte","status":"publish","type":"product","link":"https:\/\/airporttelecom.com\/pl\/esim\/egipt\/","title":{"rendered":"eSIM Egipt"},"content":{"rendered":"","protected":false},"excerpt":{"rendered":"","protected":false},"featured_media":674,"comment_status":"open","ping_status":"closed","template":"","meta":{"_acf_changed":false},"product_brand":[],"product_cat":[16],"product_tag":[39,45],"class_list":{"0":"post-1520","1":"product","2":"type-product","3":"status-publish","4":"has-post-thumbnail","6":"product_cat-esim","7":"product_tag-esim-afryka","8":"product_tag-esim-bliski-wschod","10":"first","11":"instock","12":"taxable","13":"shipping-taxable","14":"purchasable","15":"product-type-variable"},"acf":{"gebied_afbeelding":928,"vlag_afbeelding":929,"provider":["BIC"],"product_synoniemen":null,"product_bestel_velden":"","product_omschrijving":"<h2><span data-contrast=\"none\">Internet mobilny <\/span><span data-contrast=\"none\">w Egipcie <\/span><span data-contrast=\"none\">bez roamingu<\/span><span data-contrast=\"none\"> z eSIM<\/span><\/h2>\r\nDzi\u0119ki eSIM Egipt od Airport Telecom masz dost\u0119p do stabilnego internetu mobilnego w Egipcie od pierwszych chwil pobytu. Do wyboru s\u0105 r\u00f3\u017cne pakiety danych, idealne podczas podr\u00f3\u017cy s\u0142u\u017cbowej lub wakacyjnej. Nasze karty eSIM Egipt zapewniaj\u0105 szybkie po\u0142\u0105czenie 4G\/5G, umo\u017cliwiaj\u0105c wygodny dost\u0119p do poczty e-mail, WhatsApp, nawigacji GPS oraz innych aplikacji mobilnych.\r\n<h2><span data-contrast=\"none\">Dane mobilne i po\u0142\u0105czenia podczas podr\u00f3\u017cy do Egiptu<\/span><\/h2>\r\n<span data-contrast=\"auto\">Kara eSIM do Egiptu jest dost\u0119pna z pakietem danych 3 GB lub 6 GB. <\/span>\r\n<h2><span data-contrast=\"none\">WhatsApp z eSIM Egipt<\/span><\/h2>\r\n<span data-contrast=\"auto\">Wszystkie po\u0142\u0105czenia internetowe, takie jak WhatsApp, Skype czy FaceTime, s\u0105 oczywi\u015bcie r\u00f3wnie\u017c mo\u017cliwe z eSim dla Egiptu. B\u0119dziesz wtedy korzysta\u0107 z pakietu danych na eSim. Mo\u017cesz nadal korzysta\u0107 z WhatsAppa z dotychczasowymi kontaktami, grupami i czatami \u2013 bez utraty historii rozm\u00f3wi. Po zainstalowaniu przedp\u0142aconego eSim aplikacja aplikacja WhatsApp mo\u017ce zapyta\u0107,, czy chcesz utworzy\u0107 nowe konto, czy zachowa\u0107 obecne ustawienia. Wybierz opcj\u0119 zachowania obecnej to\u017csamo\u015bci, aby nic si\u0119 nie zmieni\u0142o. Mo\u017cesz wysy\u0142ac wiadomo\u015bci i rozmawiac przez WhatsAppa tak, jak w Polsce.<\/span>\r\n<h2><span data-contrast=\"none\">Zasi\u0119g sieci kom\u00f3rkowej w Egipcie z eSIM\u00a0<\/span><\/h2>\r\nWybieraj\u0105c eSIM do Egiptu, zyskujesz szybki i stabilny internet mobilny w Egipcie od razu po przylocie \u2013 bez roamingu i bez konieczno\u015bci wymiany fizycznej karty SIM. Zasi\u0119g sieci kom\u00f3rkowej w Egipcie jest bardzo dobry w najwi\u0119kszych miastach, takich jak Kair i Giza, gdzie mo\u017cesz podziwia\u0107 s\u0142ynne Piramidy w Gizie oraz Sfinksa. Stabilne po\u0142\u0105czenie dost\u0119pne jest r\u00f3wnie\u017c w popularnych kurortach nad Morzem Czerwonym, m.in. w Hurghadzie i Sharm El-Sheikh, znanych z pi\u0119knych pla\u017c oraz raf koralowych tworz\u0105cych doskona\u0142e warunki do nurkowania.\r\n\r\nPodczas pobytu w Luksorze warto odwiedzi\u0107 monumentaln\u0105 \u015awi\u0105tyni\u0119 Amona w Karnaku, \u015awi\u0105tyni\u0119 Hatszepsut oraz Dolin\u0119 Kr\u00f3l\u00f3w z grobowcem Tutanchamona. Na Synaju czekaj\u0105 Klasztor \u015aw. Katarzyny, G\u00f3ra Synaj oraz niezwyk\u0142y Kolorowy Kanion z malowniczymi formacjami skalnymi w odcieniach czerwieni i fioletu. El Gouna, nazywana egipsk\u0105 Wenecj\u0105, zachwyca kana\u0142ami i spokojn\u0105 atmosfer\u0105.\r\n\r\nZwiedzaj\u0105c najwa\u017cniejsze atrakcje turystyczne Egiptu, mo\u017cesz swobodnie korzysta\u0107 z internetu dzi\u0119ki karcie eSIM do Egiptu \u2013 udost\u0119pnia\u0107 zdj\u0119cia z podr\u00f3\u017cy, u\u017cywa\u0107 WhatsApp i nawigacji oraz pozostawa\u0107 w sta\u0142ym kontakcie przez ca\u0142y pobyt.\r\n<h2><span data-contrast=\"none\">eSIM Egipt otrzymasz drog\u0105 mailow\u0105<\/span><\/h2>\r\n<span data-contrast=\"none\">eSIM do Egiptu otrzymasz poczt\u0105 elektroniczn\u0105. To szybkie i proste rozwi\u0105zanie \u2013 dost\u0119pne, gdy jeste\u015b ju\u017c w Egipcie lub wkr\u00f3tce wyruszasz w podr\u00f3\u017c.<\/span>\r\n<h2><span data-contrast=\"none\">Zam\u00f3w eSIM online w Airport Telecom<\/span><\/h2>\r\n<span data-contrast=\"auto\">Kliknij przycisk \u201eZam\u00f3w\u201d, aby kupi\u0107 eSIM Egipt. <\/span>B\u0105d\u017a online i korzystaj z internetu od pierwszych minut po wyl\u0105dowaniu","product_specificaties":"<h2><span data-contrast=\"none\">Karta eSIM do Egiptu \u2013 najwa\u017cniejsze informacje<\/span><\/h2>\r\n<ul>\r\n \t<li>Po zakupie eSIM Egipt otrzymasz j\u0105 drog\u0105 elektroniczn\u0105 w postaci kodu QR, kt\u00f3ry wystarczy zeskanowa\u0107 telefonem.<\/li>\r\n \t<li>eSIM do Egiptu aktywuje si\u0119 automatycznie po przylocie, umo\u017cliwiaj\u0105c natychmiastowy dost\u0119p do internetu mobilnego<\/li>\r\n \t<li>Dzi\u0119ki eSIM korzystasz z transmisji danych w Egipcie z przedp\u0142aconego pakietu danych, pozostaj\u0105c jednocze\u015bnie osi\u0105galnym pod w\u0142asnym numerem telefonu.<\/li>\r\n \t<li>eSIM Egipt umo\u017cliwia tethering, dzi\u0119ki czemu internet mobilny mo\u017cesz udost\u0119pnia\u0107 innym urz\u0105dzeniom poprzez hotspot lub MiFi.<\/li>\r\n \t<li>eSIM Egipt dzia\u0142a wy\u0142\u0105cznie w smartfonach przystosowanych do tej technologii \u2013 nale\u017cy to sprawdzi\u0107 przed wyborem eSIM.<\/li>\r\n \t<li>Karta eSIM do Egiptu jest kompatybilna z iPhone XS, XS Max, XR, iPhone 11 i nowszymi modelami.<\/li>\r\n<\/ul>\r\n<h2><span data-contrast=\"none\">eSIM Egipt \u2013 szybki internet mobilny<\/span><\/h2>\r\nDost\u0119pne warianty eSIM do Egiptu:\r\n<ul>\r\n \t<li>3 GB danych<\/li>\r\n \t<li>6 GB danych<\/li>\r\n<\/ul>\r\nPakiety danych s\u0105 wa\u017cne przez 30 dni od momentu aktywacji.\r\n\r\nWybierz odpowiedni pakiet danych eSIM do Egiptu, aby korzysta\u0107 z szybkiego internetu mobilnego w Egipcie ju\u017c od pierwszych chwil pobytu. Nasze karty eSIM Egipt zapewniaj\u0105 stabilny zasi\u0119g w ca\u0142ym kraju \u2013 w Kairze, Gizie, Hurghadzie, Sharm El-Sheikh czy Luksorze. Z eSIM do Egiptu mo\u017cesz korzysta\u0107 z WhatsApp, nawigacji i medi\u00f3w spo\u0142eczno\u015bciowych, pozostaj\u0105c w sta\u0142ym kontakcie podczas ca\u0142ego pobytu w Egipcie.","product_handleiding":"<h2><span data-contrast=\"none\">Jak zainstalowa\u0107 eSim Egypt w smarfonie?<\/span><\/h2>\r\n<span data-contrast=\"auto\">Otw\u00f3rz tack\u0119 na kart\u0119 SIM znajduj\u0105c\u0105 si\u0119 z boku telefonu. Mo\u017cna to zrobi\u0107 za pomoc\u0105 szpilki do\u0142\u0105czonej do telefonu. Je\u015bli jej nie masz, mo\u017cesz j\u0105 wykona\u0107, prostuj\u0105c spinacz do papieru. Karta Airport Telecom eSim jest r\u00f3wnie\u017c dostarczana z dodatkow\u0105 szpilk\u0105.<\/span> <span data-contrast=\"auto\">Wyjmij w\u0142asn\u0105 kart\u0119 eSim i zachowaj j\u0105 w bezpiecznym miejscu! Teraz w\u0142\u00f3\u017c nowy eSim. Mo\u017cna to zrobi\u0107 tylko w jeden spos\u00f3b. Telefon mo\u017ce pomie\u015bci\u0107 kilka kart eSim. Nast\u0119pnie w\u0142\u00f3\u017c nowy eSim jako dodatkow\u0105 kart\u0119.<\/span> <span data-contrast=\"auto\">Teraz wsu\u0144 suwak eSim z powrotem do telefonu. Nowa karta SIM aktywuje si\u0119 automatycznie. Telefon mo\u017ce poprosi\u0107 o wprowadzenie dodatkowych ustawie\u0144.<\/span>","product_veelgestelde_vragen":[{"vraag":"Kt\u00f3rego eSIM u\u017cywa\u0107 w Egipcie? ","antwoord":"W przypadku kr\u00f3tkiego, kilkudniowego pobytu w Egipcie prawdopodobnie nie b\u0119dziesz potrzebowa\u0107 du\u017cej ilo\u015bci danych. Pakiet 3 GB danych dla Egiptu mo\u017ce okaza\u0107 si\u0119 wystarczaj\u0105cy. Aplikacje takie jak WhatsApp, Instagram i nawigacja nie zu\u017cywaj\u0105 du\u017co danych. Przy d\u0142u\u017cszym pobycie warto zdecydowa\u0107 si\u0119 na pakiet 6 GB, aby zapewni\u0107 sobie wystarczaj\u0105c\u0105 ilo\u015b\u0107 danych. "},{"vraag":"Gdzie kupi\u0107 eSIM dla Egiptu? ","antwoord":"Mo\u017cesz kupi\u0107 kart\u0119 eSIM do Egiptu online od Airport Telecom. Kart\u0119 eSIM otrzymasz poczt\u0105 elektroniczn\u0105. Jest to kod QR, kt\u00f3ry nale\u017cy zeskanowa\u0107 telefonem. Mo\u017cesz to zrobi\u0107 nawet b\u0119d\u0105c ju\u017c w Egipcie lub wyje\u017cd\u017caj\u0105c w bardzo kr\u00f3tkim czasie. "}]},"yoast_head":"<!-- This site is optimized with the Yoast SEO Premium plugin v24.4 (Yoast SEO v26.9) - https:\/\/yoast.com\/product\/yoast-seo-premium-wordpress\/ -->\n<title>eSIM Egipt kupi\u0107 przedp\u0142acony pakiet (nieograniczone) po\u0142\u0105czenia i internet - Airport Telecom PL<\/title>\n<meta name=\"description\" content=\"Szukasz karty przedp\u0142aconej eSIM Egipt na (nieograniczone) rozmowy i internet? Optymalna dost\u0119pno\u015b\u0107 podczas podr\u00f3\u017cy w eSIM Afryka, eSIM Bliski Wsch\u00f3d. Ju\u017c w sprzeda\u017cy od !\" \/>\n<meta name=\"robots\" content=\"index, follow, max-snippet:-1, max-image-preview:large, max-video-preview:-1\" \/>\n<link rel=\"canonical\" href=\"https:\/\/airporttelecom.com\/pl\/esim\/egipt\/\" \/>\n<meta property=\"og:locale\" content=\"pl_PL\" \/>\n<meta property=\"og:type\" content=\"article\" \/>\n<meta property=\"og:title\" content=\"eSIM Egipt\" \/>\n<meta property=\"og:description\" content=\"Szukasz karty przedp\u0142aconej eSIM Egipt na (nieograniczone) rozmowy i internet? Optymalna dost\u0119pno\u015b\u0107 podczas podr\u00f3\u017cy w eSIM Afryka, eSIM Bliski Wsch\u00f3d. Ju\u017c w sprzeda\u017cy od !\" \/>\n<meta property=\"og:url\" content=\"https:\/\/airporttelecom.com\/pl\/esim\/egipt\/\" \/>\n<meta property=\"og:site_name\" content=\"Airport Telecom PL\" \/>\n<meta property=\"article:modified_time\" content=\"2026-02-28T23:34:31+00:00\" \/>\n<meta property=\"og:image\" content=\"https:\/\/airporttelecom.com\/pl\/wp-content\/uploads\/sites\/7\/2024\/07\/Simkaart-Egypte.png\" \/>\n\t<meta property=\"og:image:width\" content=\"800\" \/>\n\t<meta property=\"og:image:height\" content=\"319\" \/>\n\t<meta property=\"og:image:type\" content=\"image\/png\" \/>\n<meta name=\"twitter:card\" content=\"summary_large_image\" \/>\n<meta name=\"twitter:label1\" content=\"Szacowany czas czytania\" \/>\n\t<meta name=\"twitter:data1\" content=\"1 minuta\" \/>\n<script type=\"application\/ld+json\" class=\"yoast-schema-graph\">{\"@context\":\"https:\/\/schema.org\",\"@graph\":[{\"@type\":\"WebPage\",\"@id\":\"https:\/\/airporttelecom.com\/pl\/esim\/egipt\/\",\"url\":\"https:\/\/airporttelecom.com\/pl\/esim\/egipt\/\",\"name\":\"eSIM Egipt kupi\u0107 przedp\u0142acony pakiet (nieograniczone) po\u0142\u0105czenia i internet - Airport Telecom PL\",\"isPartOf\":{\"@id\":\"https:\/\/airporttelecom.com\/pl\/#website\"},\"primaryImageOfPage\":{\"@id\":\"https:\/\/airporttelecom.com\/pl\/esim\/egipt\/#primaryimage\"},\"image\":{\"@id\":\"https:\/\/airporttelecom.com\/pl\/esim\/egipt\/#primaryimage\"},\"thumbnailUrl\":\"https:\/\/airporttelecom.com\/pl\/wp-content\/uploads\/sites\/7\/2024\/07\/Simkaart-Egypte.png\",\"datePublished\":\"2024-09-12T10:51:35+00:00\",\"dateModified\":\"2026-02-28T23:34:31+00:00\",\"description\":\"Szukasz karty przedp\u0142aconej eSIM Egipt na (nieograniczone) rozmowy i internet? Optymalna dost\u0119pno\u015b\u0107 podczas podr\u00f3\u017cy w eSIM Afryka, eSIM Bliski Wsch\u00f3d. Ju\u017c w sprzeda\u017cy od !\",\"breadcrumb\":{\"@id\":\"https:\/\/airporttelecom.com\/pl\/esim\/egipt\/#breadcrumb\"},\"inLanguage\":\"pl-PL\",\"potentialAction\":[{\"@type\":\"ReadAction\",\"target\":[\"https:\/\/airporttelecom.com\/pl\/esim\/egipt\/\"]}]},{\"@type\":\"ImageObject\",\"inLanguage\":\"pl-PL\",\"@id\":\"https:\/\/airporttelecom.com\/pl\/esim\/egipt\/#primaryimage\",\"url\":\"https:\/\/airporttelecom.com\/pl\/wp-content\/uploads\/sites\/7\/2024\/07\/Simkaart-Egypte.png\",\"contentUrl\":\"https:\/\/airporttelecom.com\/pl\/wp-content\/uploads\/sites\/7\/2024\/07\/Simkaart-Egypte.png\",\"width\":800,\"height\":319,\"caption\":\"Karta SIM Egipt\"},{\"@type\":\"BreadcrumbList\",\"@id\":\"https:\/\/airporttelecom.com\/pl\/esim\/egipt\/#breadcrumb\",\"itemListElement\":[{\"@type\":\"ListItem\",\"position\":1,\"name\":\"Home\",\"item\":\"https:\/\/airporttelecom.com\/pl\/\"},{\"@type\":\"ListItem\",\"position\":2,\"name\":\"eSIM\",\"item\":\"https:\/\/airporttelecom.com\/pl\/esim\/\"},{\"@type\":\"ListItem\",\"position\":3,\"name\":\"Egipt\"}]},{\"@type\":\"WebSite\",\"@id\":\"https:\/\/airporttelecom.com\/pl\/#website\",\"url\":\"https:\/\/airporttelecom.com\/pl\/\",\"name\":\"Airport Telecom\",\"description\":\"\",\"publisher\":{\"@id\":\"https:\/\/airporttelecom.com\/pl\/#organization\"},\"potentialAction\":[{\"@type\":\"SearchAction\",\"target\":{\"@type\":\"EntryPoint\",\"urlTemplate\":\"https:\/\/airporttelecom.com\/pl\/?s={search_term_string}\"},\"query-input\":{\"@type\":\"PropertyValueSpecification\",\"valueRequired\":true,\"valueName\":\"search_term_string\"}}],\"inLanguage\":\"pl-PL\"},{\"@type\":\"Organization\",\"@id\":\"https:\/\/airporttelecom.com\/pl\/#organization\",\"name\":\"Airport Telecom\",\"url\":\"https:\/\/airporttelecom.com\/pl\/\",\"logo\":{\"@type\":\"ImageObject\",\"inLanguage\":\"pl-PL\",\"@id\":\"https:\/\/airporttelecom.com\/pl\/#\/schema\/logo\/image\/\",\"url\":\"https:\/\/airporttelecom.com\/pl\/wp-content\/uploads\/sites\/7\/2024\/06\/icon.png?wsr\",\"contentUrl\":\"https:\/\/airporttelecom.com\/pl\/wp-content\/uploads\/sites\/7\/2024\/06\/icon.png?wsr\",\"width\":110,\"height\":110,\"caption\":\"Airport Telecom\"},\"image\":{\"@id\":\"https:\/\/airporttelecom.com\/pl\/#\/schema\/logo\/image\/\"}}]}<\/script>\n<!-- \/ Yoast SEO Premium plugin. -->","yoast_head_json":{"title":"eSIM Egipt kupi\u0107 przedp\u0142acony pakiet (nieograniczone) po\u0142\u0105czenia i internet - Airport Telecom PL","description":"Szukasz karty przedp\u0142aconej eSIM Egipt na (nieograniczone) rozmowy i internet? Optymalna dost\u0119pno\u015b\u0107 podczas podr\u00f3\u017cy w eSIM Afryka, eSIM Bliski Wsch\u00f3d. Ju\u017c w sprzeda\u017cy od !","robots":{"index":"index","follow":"follow","max-snippet":"max-snippet:-1","max-image-preview":"max-image-preview:large","max-video-preview":"max-video-preview:-1"},"canonical":"https:\/\/airporttelecom.com\/pl\/esim\/egipt\/","og_locale":"pl_PL","og_type":"article","og_title":"eSIM Egipt","og_description":"Szukasz karty przedp\u0142aconej eSIM Egipt na (nieograniczone) rozmowy i internet? Optymalna dost\u0119pno\u015b\u0107 podczas podr\u00f3\u017cy w eSIM Afryka, eSIM Bliski Wsch\u00f3d. Ju\u017c w sprzeda\u017cy od !","og_url":"https:\/\/airporttelecom.com\/pl\/esim\/egipt\/","og_site_name":"Airport Telecom PL","article_modified_time":"2026-02-28T23:34:31+00:00","og_image":[{"width":800,"height":319,"url":"https:\/\/airporttelecom.com\/pl\/wp-content\/uploads\/sites\/7\/2024\/07\/Simkaart-Egypte.png","type":"image\/png"}],"twitter_card":"summary_large_image","twitter_misc":{"Szacowany czas czytania":"1 minuta"},"schema":{"@context":"https:\/\/schema.org","@graph":[{"@type":"WebPage","@id":"https:\/\/airporttelecom.com\/pl\/esim\/egipt\/","url":"https:\/\/airporttelecom.com\/pl\/esim\/egipt\/","name":"eSIM Egipt kupi\u0107 przedp\u0142acony pakiet (nieograniczone) po\u0142\u0105czenia i internet - Airport Telecom PL","isPartOf":{"@id":"https:\/\/airporttelecom.com\/pl\/#website"},"primaryImageOfPage":{"@id":"https:\/\/airporttelecom.com\/pl\/esim\/egipt\/#primaryimage"},"image":{"@id":"https:\/\/airporttelecom.com\/pl\/esim\/egipt\/#primaryimage"},"thumbnailUrl":"https:\/\/airporttelecom.com\/pl\/wp-content\/uploads\/sites\/7\/2024\/07\/Simkaart-Egypte.png","datePublished":"2024-09-12T10:51:35+00:00","dateModified":"2026-02-28T23:34:31+00:00","description":"Szukasz karty przedp\u0142aconej eSIM Egipt na (nieograniczone) rozmowy i internet? Optymalna dost\u0119pno\u015b\u0107 podczas podr\u00f3\u017cy w eSIM Afryka, eSIM Bliski Wsch\u00f3d. Ju\u017c w sprzeda\u017cy od !","breadcrumb":{"@id":"https:\/\/airporttelecom.com\/pl\/esim\/egipt\/#breadcrumb"},"inLanguage":"pl-PL","potentialAction":[{"@type":"ReadAction","target":["https:\/\/airporttelecom.com\/pl\/esim\/egipt\/"]}]},{"@type":"ImageObject","inLanguage":"pl-PL","@id":"https:\/\/airporttelecom.com\/pl\/esim\/egipt\/#primaryimage","url":"https:\/\/airporttelecom.com\/pl\/wp-content\/uploads\/sites\/7\/2024\/07\/Simkaart-Egypte.png","contentUrl":"https:\/\/airporttelecom.com\/pl\/wp-content\/uploads\/sites\/7\/2024\/07\/Simkaart-Egypte.png","width":800,"height":319,"caption":"Karta SIM Egipt"},{"@type":"BreadcrumbList","@id":"https:\/\/airporttelecom.com\/pl\/esim\/egipt\/#breadcrumb","itemListElement":[{"@type":"ListItem","position":1,"name":"Home","item":"https:\/\/airporttelecom.com\/pl\/"},{"@type":"ListItem","position":2,"name":"eSIM","item":"https:\/\/airporttelecom.com\/pl\/esim\/"},{"@type":"ListItem","position":3,"name":"Egipt"}]},{"@type":"WebSite","@id":"https:\/\/airporttelecom.com\/pl\/#website","url":"https:\/\/airporttelecom.com\/pl\/","name":"Airport Telecom","description":"","publisher":{"@id":"https:\/\/airporttelecom.com\/pl\/#organization"},"potentialAction":[{"@type":"SearchAction","target":{"@type":"EntryPoint","urlTemplate":"https:\/\/airporttelecom.com\/pl\/?s={search_term_string}"},"query-input":{"@type":"PropertyValueSpecification","valueRequired":true,"valueName":"search_term_string"}}],"inLanguage":"pl-PL"},{"@type":"Organization","@id":"https:\/\/airporttelecom.com\/pl\/#organization","name":"Airport Telecom","url":"https:\/\/airporttelecom.com\/pl\/","logo":{"@type":"ImageObject","inLanguage":"pl-PL","@id":"https:\/\/airporttelecom.com\/pl\/#\/schema\/logo\/image\/","url":"https:\/\/airporttelecom.com\/pl\/wp-content\/uploads\/sites\/7\/2024\/06\/icon.png?wsr","contentUrl":"https:\/\/airporttelecom.com\/pl\/wp-content\/uploads\/sites\/7\/2024\/06\/icon.png?wsr","width":110,"height":110,"caption":"Airport Telecom"},"image":{"@id":"https:\/\/airporttelecom.com\/pl\/#\/schema\/logo\/image\/"}}]}},"custom_permalink":"esim\/egipt","_links":{"self":[{"href":"https:\/\/airporttelecom.com\/pl\/wp-json\/wp\/v2\/product\/1520","targetHints":{"allow":["GET"]}}],"collection":[{"href":"https:\/\/airporttelecom.com\/pl\/wp-json\/wp\/v2\/product"}],"about":[{"href":"https:\/\/airporttelecom.com\/pl\/wp-json\/wp\/v2\/types\/product"}],"replies":[{"embeddable":true,"href":"https:\/\/airporttelecom.com\/pl\/wp-json\/wp\/v2\/comments?post=1520"}],"wp:featuredmedia":[{"embeddable":true,"href":"https:\/\/airporttelecom.com\/pl\/wp-json\/wp\/v2\/media\/674"}],"wp:attachment":[{"href":"https:\/\/airporttelecom.com\/pl\/wp-json\/wp\/v2\/media?parent=1520"}],"wp:term":[{"taxonomy":"product_brand","embeddable":true,"href":"https:\/\/airporttelecom.com\/pl\/wp-json\/wp\/v2\/product_brand?post=1520"},{"taxonomy":"product_cat","embeddable":true,"href":"https:\/\/airporttelecom.com\/pl\/wp-json\/wp\/v2\/product_cat?post=1520"},{"taxonomy":"product_tag","embeddable":true,"href":"https:\/\/airporttelecom.com\/pl\/wp-json\/wp\/v2\/product_tag?post=1520"}],"curies":[{"name":"wp","href":"https:\/\/api.w.org\/{rel}","templated":true}]}}