{"id":1527,"date":"2024-09-12T10:51:36","date_gmt":"2024-09-12T10:51:36","guid":{"rendered":"https:\/\/airporttelecom.outperforming.nl\/nl\/product\/esim-marokko\/"},"modified":"2026-03-02T18:54:15","modified_gmt":"2026-03-02T18:54:15","slug":"esim-marokko","status":"publish","type":"product","link":"https:\/\/airporttelecom.com\/pl\/esim\/maroko\/","title":{"rendered":"eSIM Maroko"},"content":{"rendered":"","protected":false},"excerpt":{"rendered":"","protected":false},"featured_media":1378,"comment_status":"open","ping_status":"closed","template":"","meta":{"_acf_changed":false},"product_brand":[],"product_cat":[16],"product_tag":[45],"class_list":{"0":"post-1527","1":"product","2":"type-product","3":"status-publish","4":"has-post-thumbnail","6":"product_cat-esim","7":"product_tag-esim-bliski-wschod","9":"first","10":"instock","11":"taxable","12":"shipping-taxable","13":"purchasable","14":"product-type-variable"},"acf":{"gebied_afbeelding":638,"vlag_afbeelding":478,"provider":["NEX"],"product_synoniemen":null,"product_bestel_velden":["vertrekdatum"],"product_omschrijving":"<h2><span data-contrast=\"none\">Mobilny internet w Maroku z kart\u0105 eSIM<\/span><\/h2>\r\n<p data-start=\"97\" data-end=\"329\">Dzi\u0119ki eSIM do Maroka od Airport Telecom mo\u017cesz korzysta\u0107 z szybkiego internetu mobilnego na terenie ca\u0142ego kraju. Oferujemy elastyczne pakiety danych i po\u0142\u0105cze\u0144 dopasowane do potrzeb turyst\u00f3w oraz os\u00f3b podr\u00f3\u017cuj\u0105cych s\u0142u\u017cbowo.<\/p>\r\n<p data-start=\"331\" data-end=\"620\">Szybkie i stabilne po\u0142\u0105czenie 4G\/5G zapewnia wygodny dost\u0119p do poczty e-mail, WhatsAppa, nawigacji GPS, aplikacji transportowych oraz medi\u00f3w spo\u0142eczno\u015bciowych. To idealne rozwi\u0105zanie, aby pozosta\u0107 online podczas podr\u00f3\u017cy po Maroku \u2013 bez koszt\u00f3w roamingu i bez wymiany fizycznej karty SIM.<\/p>\r\n\r\n<h2>Pakiety danych na podr\u00f3\u017c do Maroka<\/h2>\r\n<span style=\"font-weight: 400\">Karty eSIM do Maroka s\u0105 dost\u0119pne z pakietem danych bez ogranicze\u0144* na 7, 14 i 30 dni:<\/span>\r\n<h3>Nielimitowany* eSIM Maroko 7 dni<\/h3>\r\n<h3>Nielimitowany* eSIM Maroko 14 dni<\/h3>\r\n<h3>Nielimitowany* eSIM Maroko 30 dni<\/h3>\r\n(*) Nale\u017cy pami\u0119ta\u0107 o zasadach dozwolonego u\u017cytku. W przypadku ekstremalnego wykorzystania danych operator mo\u017ce ograniczy\u0107 mo\u017cliwo\u015bci (e)SIM. Polityka Uczciwego Korzystania zak\u0142ada jednego u\u017cytkownika na (e)SIM. Przy normalnym korzystaniu z nawigacji, poczty e-mail, wyszukiwania w Internecie, wiadomo\u015bci WhatsApp, po\u0142\u0105cze\u0144 WhatsApp i aplikacji takich jak Instagram i Snapchat, Polityka Uczciwego Korzystania nie wchodzi w gr\u0119. Mo\u017ce to jednak mie\u0107 miejsce w przypadku, na przyk\u0142ad, bardzo wysokiej ogl\u0105dalno\u015bci YouTube, TikTok, us\u0142ug streamingowych, takich jak Netflix i ogl\u0105dania telewizji online, a zw\u0142aszcza w po\u0142\u0105czeniu z wieloma osobami wsp\u00f3\u0142dziel\u0105cymi po\u0142\u0105czenie za po\u015brednictwem hotspotu lub routera. Zwroty koszt\u00f3w nie b\u0119d\u0105 przyznawane w przypadku naruszenia zasad uczciwego u\u017cytkowania.<span style=\"font-weight: 400\">Karty eSIM do Maroka maj\u0105 doskona\u0142y zasi\u0119g og\u00f3lnokrajowy w lokalnych sieciach 4G i 5G. W Maroku nie jest wymagana rejestracja u\u017cytkownika. Po przybyciu do Maroka internet zacznie dzia\u0142a\u0107 automatycznie. Karta eSIM Maroko obs\u0142uguje tethering, wi\u0119c mo\u017ce by\u0107 r\u00f3wnie\u017c u\u017cywana do hotspot\u00f3w i MIFI.<\/span>\r\n<h2><span data-contrast=\"none\">WhatsApp z eSIM Maroko<\/span><\/h2>\r\n<p data-start=\"70\" data-end=\"320\">Wszystkie po\u0142\u0105czenia internetowe, takie jak <strong data-start=\"114\" data-end=\"146\">WhatsApp, Skype czy FaceTime<\/strong>, dzia\u0142aj\u0105 bez problemu z kart\u0105 <strong data-start=\"178\" data-end=\"196\">eSIM do Maroka<\/strong>. Mo\u017cesz nadal korzysta\u0107 z WhatsAppa ze swoimi dotychczasowymi kontaktami, grupami i czatami \u2013 bez utraty historii rozm\u00f3w.<\/p>\r\n<p data-start=\"322\" data-end=\"615\">Po zainstalowaniu eSIM aplikacja WhatsApp mo\u017ce zapyta\u0107, czy chcesz utworzy\u0107 nowe konto, czy zachowa\u0107 obecne ustawienia. Wybierz opcj\u0119 zachowania dotychczasowej to\u017csamo\u015bci, aby nic si\u0119 nie zmieni\u0142o. Nast\u0119pnie mo\u017cesz wysy\u0142a\u0107 wiadomo\u015bci i prowadzi\u0107 rozmowy przez WhatsApp tak samo jak w Polsce.<\/p>\r\n\r\n<h2>Zasi\u0119g sieci kom\u00f3rkowej i dost\u0119p do internetu mobilnego z eSIM Maroko<\/h2>\r\n<p data-start=\"27\" data-end=\"439\">Korzystaj\u0105c z eSIM do Maroka, mo\u017cesz liczy\u0107 na dobry i stabilny internet mobilny w wi\u0119kszo\u015bci region\u00f3w kraju. Najlepszy zasi\u0119g dost\u0119pny jest w du\u017cych miastach, takich jak <span class=\"hover:entity-accent entity-underline inline cursor-pointer align-baseline\"><span class=\"whitespace-normal\">Casablanca<\/span><\/span>, <span class=\"hover:entity-accent entity-underline inline cursor-pointer align-baseline\"><span class=\"whitespace-normal\">Marrakesz<\/span><\/span>, <span class=\"hover:entity-accent entity-underline inline cursor-pointer align-baseline\"><span class=\"whitespace-normal\">Fez<\/span><\/span> oraz <span class=\"hover:entity-accent entity-underline inline cursor-pointer align-baseline\"><span class=\"whitespace-normal\">Agadir<\/span><\/span>, gdzie bez problemu skorzystasz z map, WhatsAppa i medi\u00f3w spo\u0142eczno\u015bciowych. Dobry sygna\u0142 znajdziesz tak\u017ce w popularnych miejscowo\u015bciach turystycznych, takich jak <span class=\"hover:entity-accent entity-underline inline cursor-pointer align-baseline\"><span class=\"whitespace-normal\">Chefchaouen<\/span><\/span> czy <span class=\"hover:entity-accent entity-underline inline cursor-pointer align-baseline\"><span class=\"whitespace-normal\">Essaouira<\/span><\/span>.<\/p>\r\n<p data-start=\"611\" data-end=\"786\">Warto jednak pami\u0119ta\u0107, \u017ce na pustynnych i g\u00f3rskich obszarach \u2013 szczeg\u00f3lnie w rejonie Sahary czy w mniej zaludnionych cz\u0119\u015bciach kraju \u2013 zasi\u0119g mo\u017ce by\u0107 miejscami ograniczony.<\/p>\r\n\r\n<h2><span data-contrast=\"none\">Odbi\u00f3r karty eSIM do Maroka drog\u0105 mailow\u0105<\/span><\/h2>\r\n<span data-contrast=\"none\">Kart\u0119 eSIM do Maroka otrzymasz poczt\u0105 elektroniczn\u0105. To szybkie i proste rozwi\u0105zanie \u2013 dost\u0119pne, gdy jeste\u015b ju\u017c w Maroku lub wkr\u00f3tce wyruszasz w podr\u00f3\u017c.<\/span>","product_specificaties":"<h2>Internet z eSIM Maroko<\/h2>\r\n<p data-start=\"128\" data-end=\"173\">Dost\u0119pne s\u0105 trzy warianty eSIM do Maroka:<\/p>\r\n\r\n<h3 data-start=\"175\" data-end=\"212\">Nielimitowany eSIM Maroko \u2013 7 dni<\/h3>\r\n<ul data-start=\"213\" data-end=\"307\">\r\n \t<li data-start=\"213\" data-end=\"251\">\r\n<p data-start=\"215\" data-end=\"251\">Nielimitowane dane w ca\u0142ym Maroku*<\/p>\r\n<\/li>\r\n \t<li data-start=\"252\" data-end=\"274\">\r\n<p data-start=\"254\" data-end=\"274\">Pakiet wa\u017cny 7 dni<\/p>\r\n<\/li>\r\n \t<li data-start=\"275\" data-end=\"307\">\r\n<p data-start=\"277\" data-end=\"307\">Mo\u017cliwo\u015b\u0107 do\u0142adowania online<\/p>\r\n<\/li>\r\n<\/ul>\r\n<h3 data-start=\"309\" data-end=\"347\">Nielimitowany eSIM Maroko \u2013 14 dni<\/h3>\r\n<ul data-start=\"348\" data-end=\"450\">\r\n \t<li data-start=\"348\" data-end=\"386\">\r\n<p data-start=\"350\" data-end=\"386\">Nielimitowane dane w ca\u0142ym Maroku*<\/p>\r\n<\/li>\r\n \t<li data-start=\"387\" data-end=\"410\">\r\n<p data-start=\"389\" data-end=\"410\">Pakiet wa\u017cny 14 dni<\/p>\r\n<\/li>\r\n \t<li data-start=\"411\" data-end=\"450\">\r\n<p data-start=\"413\" data-end=\"450\">Do\u0142adowanie dost\u0119pne na tej stronie<\/p>\r\n<\/li>\r\n<\/ul>\r\n<h3 data-start=\"452\" data-end=\"490\">Nielimitowany eSIM Maroko \u2013 30 dni<\/h3>\r\n<ul data-start=\"491\" data-end=\"586\">\r\n \t<li data-start=\"491\" data-end=\"529\">\r\n<p data-start=\"493\" data-end=\"529\">Nielimitowane dane w ca\u0142ym Maroku*<\/p>\r\n<\/li>\r\n \t<li data-start=\"530\" data-end=\"553\">\r\n<p data-start=\"532\" data-end=\"553\">Pakiet wa\u017cny 30 dni<\/p>\r\n<\/li>\r\n \t<li data-start=\"554\" data-end=\"586\">\r\n<p data-start=\"556\" data-end=\"586\">Mo\u017cliwo\u015b\u0107 do\u0142adowania online<\/p>\r\n<\/li>\r\n<\/ul>\r\n<p data-start=\"588\" data-end=\"745\">*Obowi\u0105zuj\u0105 zasady dozwolonego u\u017cytkowania. W przypadku ekstremalnego wykorzystania danych operator w Maroku mo\u017ce ograniczy\u0107 mo\u017cliwo\u015bci eSIM.<\/p>\r\n\r\n<div class=\"relative basis-auto flex-col -mb-(--composer-overlap-px) [--composer-overlap-px:28px] grow flex\">\r\n<div class=\"flex flex-col text-sm\"><article class=\"text-token-text-primary w-full focus:outline-none [--shadow-height:45px] has-data-writing-block:pointer-events-none has-data-writing-block:-mt-(--shadow-height) has-data-writing-block:pt-(--shadow-height) [&amp;:has([data-writing-block])&gt;*]:pointer-events-auto scroll-mt-[calc(var(--header-height)+min(200px,max(70px,20svh)))]\" dir=\"auto\" data-turn-id=\"request-WEB:0d433da3-d0a8-40b0-b740-5f6fcf29904b-47\" data-testid=\"conversation-turn-96\" data-scroll-anchor=\"true\" data-turn=\"assistant\">\r\n<div class=\"text-base my-auto mx-auto pb-10 [--thread-content-margin:--spacing(4)] @w-sm\/main:[--thread-content-margin:--spacing(6)] @w-lg\/main:[--thread-content-margin:--spacing(16)] px-(--thread-content-margin)\">\r\n<div class=\"[--thread-content-max-width:40rem] @w-lg\/main:[--thread-content-max-width:48rem] mx-auto max-w-(--thread-content-max-width) flex-1 group\/turn-messages focus-visible:outline-hidden relative flex w-full min-w-0 flex-col agent-turn\">\r\n<div class=\"flex max-w-full flex-col grow\">\r\n<div class=\"min-h-8 text-message relative flex w-full flex-col items-end gap-2 text-start break-words whitespace-normal [.text-message+&amp;]:mt-1\" dir=\"auto\" data-message-author-role=\"assistant\" data-message-id=\"d4a42058-1359-481b-8b63-0f4a3d012bec\" data-message-model-slug=\"gpt-5-mini\">\r\n<div class=\"flex w-full flex-col gap-1 empty:hidden first:pt-[1px]\">\r\n<div class=\"markdown prose dark:prose-invert w-full wrap-break-word light markdown-new-styling\">\r\n<h2 data-start=\"101\" data-end=\"125\">Zalety eSIM do Maroka<\/h2>\r\n<ul data-start=\"127\" data-end=\"969\">\r\n \t<li data-start=\"127\" data-end=\"203\">\r\n<p data-start=\"129\" data-end=\"203\"><strong data-start=\"129\" data-end=\"165\">Szybki i stabilny internet 4G\/5G<\/strong> \u2013 dost\u0119pny na terenie ca\u0142ego kraju.<\/p>\r\n<\/li>\r\n \t<li data-start=\"204\" data-end=\"290\">\r\n<p data-start=\"206\" data-end=\"290\"><strong data-start=\"206\" data-end=\"238\">Nielimitowane pakiety danych<\/strong> \u2013 7, 14 lub 30 dni dopasowane do d\u0142ugo\u015bci pobytu.<\/p>\r\n<\/li>\r\n \t<li data-start=\"291\" data-end=\"378\">\r\n<p data-start=\"293\" data-end=\"378\"><strong data-start=\"293\" data-end=\"318\">Brak koszt\u00f3w roamingu<\/strong> \u2013 korzystasz z internetu bez dodatkowych op\u0142at.<\/p>\r\n<\/li>\r\n \t<li data-start=\"379\" data-end=\"463\">\r\n<p data-start=\"381\" data-end=\"463\"><strong data-start=\"381\" data-end=\"416\">Bez wymiany fizycznej karty SIM<\/strong> \u2013 wygodne i natychmiastowe aktywowanie eSIM.<\/p>\r\n<\/li>\r\n \t<li data-start=\"464\" data-end=\"553\">\r\n<p data-start=\"466\" data-end=\"553\"><strong data-start=\"466\" data-end=\"500\">Obs\u0142uga po\u0142\u0105cze\u0144 internetowych<\/strong> \u2013 WhatsApp, Skype, FaceTime dzia\u0142aj\u0105 bez problemu.<\/p>\r\n<\/li>\r\n \t<li data-start=\"554\" data-end=\"646\">\r\n<p data-start=\"556\" data-end=\"646\"><strong data-start=\"556\" data-end=\"593\">Zachowanie dotychczasowego numeru<\/strong> \u2013 korzystasz z WhatsApp i czat\u00f3w tak jak w Polsce.<\/p>\r\n<\/li>\r\n \t<li data-start=\"647\" data-end=\"723\">\r\n<p data-start=\"649\" data-end=\"723\"><strong data-start=\"649\" data-end=\"672\">Tethering i hotspot<\/strong> \u2013 mo\u017cesz dzieli\u0107 internet z innymi urz\u0105dzeniami.<\/p>\r\n<\/li>\r\n \t<li data-start=\"724\" data-end=\"833\">\r\n<p data-start=\"726\" data-end=\"833\"><strong data-start=\"726\" data-end=\"745\">\u0141atwa aktywacja<\/strong> \u2013 karta eSIM dostarczana poczt\u0105 elektroniczn\u0105, dzia\u0142a od razu po przybyciu do Maroka.<\/p>\r\n<\/li>\r\n \t<li data-start=\"834\" data-end=\"969\">\r\n<p data-start=\"836\" data-end=\"969\"><strong data-start=\"836\" data-end=\"905\">Doskona\u0142y zasi\u0119g w miastach i popularnych miejscach turystycznych<\/strong> \u2013 Casablanca, Marrakesz, Fez, Agadir, Chefchaouen, Essaouira.<\/p>\r\n<\/li>\r\n<\/ul>\r\n\r\n<hr data-start=\"971\" data-end=\"974\" \/>\r\n\r\n<\/div>\r\n<\/div>\r\n<\/div>\r\n<\/div>\r\n<\/div>\r\n<\/div>\r\n<\/article><\/div>\r\n<\/div>\r\n<div id=\"thread-bottom-container\" class=\"sticky bottom-0 group\/thread-bottom-container relative isolate z-10 w-full basis-auto has-data-has-thread-error:pt-2 has-data-has-thread-error:[box-shadow:var(--sharp-edge-bottom-shadow)] md:border-transparent md:pt-0 dark:border-white\/20 md:dark:border-transparent print:hidden content-fade single-line flex flex-col\">\r\n<div id=\"thread-bottom\">\r\n<div class=\"text-base mx-auto [--thread-content-margin:--spacing(4)] @w-sm\/main:[--thread-content-margin:--spacing(6)] @w-lg\/main:[--thread-content-margin:--spacing(16)] px-(--thread-content-margin)\">\r\n<div class=\"[--thread-content-max-width:40rem] @w-lg\/main:[--thread-content-max-width:48rem] mx-auto max-w-(--thread-content-max-width) flex-1 mb-4\">\r\n<div class=\"pointer-events-auto relative z-1 flex h-(--composer-container-height,100%) max-w-full flex-(--composer-container-flex,1) flex-col\">\r\n<div class=\"\">\r\n<div class=\"bg-token-bg-primary corner-superellipse\/1.1 cursor-text overflow-clip bg-clip-padding p-2.5 contain-inline-size motion-safe:transition-colors motion-safe:duration-200 motion-safe:ease-in-out dark:bg-[#303030] grid grid-cols-[auto_1fr_auto] [grid-template-areas:'header_header_header'_'leading_primary_trailing'_'._footer_.'] group-data-expanded\/composer:[grid-template-areas:'header_header_header'_'primary_primary_primary'_'leading_footer_trailing'] shadow-short\" data-composer-surface=\"true\">\r\n<div class=\"flex items-center gap-2 [grid-area:trailing]\">\r\n<div class=\"ms-auto flex items-center gap-1.5\">\r\n<div class=\"min-w-9\" data-testid=\"composer-speech-button-container\">\r\n<div class=\"flex items-center justify-center\"><\/div>\r\n<\/div>\r\n<\/div>\r\n<\/div>\r\n<\/div>\r\n<\/div>\r\n<\/div>\r\n<\/div>\r\n<\/div>\r\n<\/div>\r\n<\/div>","product_handleiding":"","product_veelgestelde_vragen":[{"vraag":"Kt\u00f3ry eSIM wybra\u0107 do Maroku? ","antwoord":"W przypadku kr\u00f3tkiego, kilkudniowego pobytu prawdopodobnie nie b\u0119dziesz potrzebowa\u0107 du\u017cej ilo\u015bci danych. Pakiet 10 GB danych dla Maroka mo\u017ce okaza\u0107 si\u0119 wystarczaj\u0105cy. Aplikacje takie jak WhatsApp, Instagram i nawigacja nie zu\u017cywaj\u0105 du\u017co danych. W przypadku d\u0142u\u017cszego pobytu warto wybra\u0107 opcj\u0119 nielimitowanego internetu, aby zapewni\u0107 sobie wystarczaj\u0105c\u0105 ilo\u015b\u0107 danych. "},{"vraag":"Gdzie najlepiej kupi\u0107 eSIM do Maroka? ","antwoord":"Kup kart\u0119 eSIM do Maroko online od Airport Telecom. Kart\u0119 eSIM otrzymasz poczt\u0105 elektroniczn\u0105. Jest to kod QR, kt\u00f3ry nale\u017cy zeskanowa\u0107 telefonem. Mo\u017cesz to zrobi\u0107, nawet je\u015bli jeste\u015b ju\u017c w Maroku lub wkr\u00f3tce wyruszasz w podr\u00f3\u017c. "}]},"yoast_head":"<!-- This site is optimized with the Yoast SEO Premium plugin v24.4 (Yoast SEO v26.9) - https:\/\/yoast.com\/product\/yoast-seo-premium-wordpress\/ -->\n<title>eSIM Maroko kupi\u0107 przedp\u0142acony pakiet (nieograniczone) po\u0142\u0105czenia i internet - Airport Telecom PL<\/title>\n<meta name=\"description\" content=\"Szukasz karty przedp\u0142aconej eSIM Maroko na (nieograniczone) rozmowy i internet? Optymalna dost\u0119pno\u015b\u0107 podczas podr\u00f3\u017cy w eSIM Bliski Wsch\u00f3d. Ju\u017c w sprzeda\u017cy od !\" \/>\n<meta name=\"robots\" content=\"index, follow, max-snippet:-1, max-image-preview:large, max-video-preview:-1\" \/>\n<link rel=\"canonical\" href=\"https:\/\/airporttelecom.com\/pl\/esim\/maroko\/\" \/>\n<meta property=\"og:locale\" content=\"pl_PL\" \/>\n<meta property=\"og:type\" content=\"article\" \/>\n<meta property=\"og:title\" content=\"eSIM Maroko\" \/>\n<meta property=\"og:description\" content=\"Szukasz karty przedp\u0142aconej eSIM Maroko na (nieograniczone) rozmowy i internet? Optymalna dost\u0119pno\u015b\u0107 podczas podr\u00f3\u017cy w eSIM Bliski Wsch\u00f3d. Ju\u017c w sprzeda\u017cy od !\" \/>\n<meta property=\"og:url\" content=\"https:\/\/airporttelecom.com\/pl\/esim\/maroko\/\" \/>\n<meta property=\"og:site_name\" content=\"Airport Telecom PL\" \/>\n<meta property=\"article:modified_time\" content=\"2026-03-02T18:54:15+00:00\" \/>\n<meta property=\"og:image\" content=\"https:\/\/airporttelecom.com\/pl\/wp-content\/uploads\/sites\/7\/2024\/06\/Simkaart-Marokko.png\" \/>\n\t<meta property=\"og:image:width\" content=\"800\" \/>\n\t<meta property=\"og:image:height\" content=\"316\" \/>\n\t<meta property=\"og:image:type\" content=\"image\/png\" \/>\n<meta name=\"twitter:card\" content=\"summary_large_image\" \/>\n<meta name=\"twitter:label1\" content=\"Szacowany czas czytania\" \/>\n\t<meta name=\"twitter:data1\" content=\"1 minuta\" \/>\n<script type=\"application\/ld+json\" class=\"yoast-schema-graph\">{\"@context\":\"https:\/\/schema.org\",\"@graph\":[{\"@type\":\"WebPage\",\"@id\":\"https:\/\/airporttelecom.com\/pl\/esim\/maroko\/\",\"url\":\"https:\/\/airporttelecom.com\/pl\/esim\/maroko\/\",\"name\":\"eSIM Maroko kupi\u0107 przedp\u0142acony pakiet (nieograniczone) po\u0142\u0105czenia i internet - Airport Telecom PL\",\"isPartOf\":{\"@id\":\"https:\/\/airporttelecom.com\/pl\/#website\"},\"primaryImageOfPage\":{\"@id\":\"https:\/\/airporttelecom.com\/pl\/esim\/maroko\/#primaryimage\"},\"image\":{\"@id\":\"https:\/\/airporttelecom.com\/pl\/esim\/maroko\/#primaryimage\"},\"thumbnailUrl\":\"https:\/\/airporttelecom.com\/pl\/wp-content\/uploads\/sites\/7\/2024\/06\/Simkaart-Marokko.png\",\"datePublished\":\"2024-09-12T10:51:36+00:00\",\"dateModified\":\"2026-03-02T18:54:15+00:00\",\"description\":\"Szukasz karty przedp\u0142aconej eSIM Maroko na (nieograniczone) rozmowy i internet? Optymalna dost\u0119pno\u015b\u0107 podczas podr\u00f3\u017cy w eSIM Bliski Wsch\u00f3d. Ju\u017c w sprzeda\u017cy od !\",\"breadcrumb\":{\"@id\":\"https:\/\/airporttelecom.com\/pl\/esim\/maroko\/#breadcrumb\"},\"inLanguage\":\"pl-PL\",\"potentialAction\":[{\"@type\":\"ReadAction\",\"target\":[\"https:\/\/airporttelecom.com\/pl\/esim\/maroko\/\"]}]},{\"@type\":\"ImageObject\",\"inLanguage\":\"pl-PL\",\"@id\":\"https:\/\/airporttelecom.com\/pl\/esim\/maroko\/#primaryimage\",\"url\":\"https:\/\/airporttelecom.com\/pl\/wp-content\/uploads\/sites\/7\/2024\/06\/Simkaart-Marokko.png\",\"contentUrl\":\"https:\/\/airporttelecom.com\/pl\/wp-content\/uploads\/sites\/7\/2024\/06\/Simkaart-Marokko.png\",\"width\":800,\"height\":316,\"caption\":\"Karta SIM Maroko\"},{\"@type\":\"BreadcrumbList\",\"@id\":\"https:\/\/airporttelecom.com\/pl\/esim\/maroko\/#breadcrumb\",\"itemListElement\":[{\"@type\":\"ListItem\",\"position\":1,\"name\":\"Home\",\"item\":\"https:\/\/airporttelecom.com\/pl\/\"},{\"@type\":\"ListItem\",\"position\":2,\"name\":\"eSIM\",\"item\":\"https:\/\/airporttelecom.com\/pl\/esim\/\"},{\"@type\":\"ListItem\",\"position\":3,\"name\":\"Maroko\"}]},{\"@type\":\"WebSite\",\"@id\":\"https:\/\/airporttelecom.com\/pl\/#website\",\"url\":\"https:\/\/airporttelecom.com\/pl\/\",\"name\":\"Airport Telecom\",\"description\":\"\",\"publisher\":{\"@id\":\"https:\/\/airporttelecom.com\/pl\/#organization\"},\"potentialAction\":[{\"@type\":\"SearchAction\",\"target\":{\"@type\":\"EntryPoint\",\"urlTemplate\":\"https:\/\/airporttelecom.com\/pl\/?s={search_term_string}\"},\"query-input\":{\"@type\":\"PropertyValueSpecification\",\"valueRequired\":true,\"valueName\":\"search_term_string\"}}],\"inLanguage\":\"pl-PL\"},{\"@type\":\"Organization\",\"@id\":\"https:\/\/airporttelecom.com\/pl\/#organization\",\"name\":\"Airport Telecom\",\"url\":\"https:\/\/airporttelecom.com\/pl\/\",\"logo\":{\"@type\":\"ImageObject\",\"inLanguage\":\"pl-PL\",\"@id\":\"https:\/\/airporttelecom.com\/pl\/#\/schema\/logo\/image\/\",\"url\":\"https:\/\/airporttelecom.com\/pl\/wp-content\/uploads\/sites\/7\/2024\/06\/icon.png?wsr\",\"contentUrl\":\"https:\/\/airporttelecom.com\/pl\/wp-content\/uploads\/sites\/7\/2024\/06\/icon.png?wsr\",\"width\":110,\"height\":110,\"caption\":\"Airport Telecom\"},\"image\":{\"@id\":\"https:\/\/airporttelecom.com\/pl\/#\/schema\/logo\/image\/\"}}]}<\/script>\n<!-- \/ Yoast SEO Premium plugin. -->","yoast_head_json":{"title":"eSIM Maroko kupi\u0107 przedp\u0142acony pakiet (nieograniczone) po\u0142\u0105czenia i internet - Airport Telecom PL","description":"Szukasz karty przedp\u0142aconej eSIM Maroko na (nieograniczone) rozmowy i internet? Optymalna dost\u0119pno\u015b\u0107 podczas podr\u00f3\u017cy w eSIM Bliski Wsch\u00f3d. Ju\u017c w sprzeda\u017cy od !","robots":{"index":"index","follow":"follow","max-snippet":"max-snippet:-1","max-image-preview":"max-image-preview:large","max-video-preview":"max-video-preview:-1"},"canonical":"https:\/\/airporttelecom.com\/pl\/esim\/maroko\/","og_locale":"pl_PL","og_type":"article","og_title":"eSIM Maroko","og_description":"Szukasz karty przedp\u0142aconej eSIM Maroko na (nieograniczone) rozmowy i internet? Optymalna dost\u0119pno\u015b\u0107 podczas podr\u00f3\u017cy w eSIM Bliski Wsch\u00f3d. Ju\u017c w sprzeda\u017cy od !","og_url":"https:\/\/airporttelecom.com\/pl\/esim\/maroko\/","og_site_name":"Airport Telecom PL","article_modified_time":"2026-03-02T18:54:15+00:00","og_image":[{"width":800,"height":316,"url":"https:\/\/airporttelecom.com\/pl\/wp-content\/uploads\/sites\/7\/2024\/06\/Simkaart-Marokko.png","type":"image\/png"}],"twitter_card":"summary_large_image","twitter_misc":{"Szacowany czas czytania":"1 minuta"},"schema":{"@context":"https:\/\/schema.org","@graph":[{"@type":"WebPage","@id":"https:\/\/airporttelecom.com\/pl\/esim\/maroko\/","url":"https:\/\/airporttelecom.com\/pl\/esim\/maroko\/","name":"eSIM Maroko kupi\u0107 przedp\u0142acony pakiet (nieograniczone) po\u0142\u0105czenia i internet - Airport Telecom PL","isPartOf":{"@id":"https:\/\/airporttelecom.com\/pl\/#website"},"primaryImageOfPage":{"@id":"https:\/\/airporttelecom.com\/pl\/esim\/maroko\/#primaryimage"},"image":{"@id":"https:\/\/airporttelecom.com\/pl\/esim\/maroko\/#primaryimage"},"thumbnailUrl":"https:\/\/airporttelecom.com\/pl\/wp-content\/uploads\/sites\/7\/2024\/06\/Simkaart-Marokko.png","datePublished":"2024-09-12T10:51:36+00:00","dateModified":"2026-03-02T18:54:15+00:00","description":"Szukasz karty przedp\u0142aconej eSIM Maroko na (nieograniczone) rozmowy i internet? Optymalna dost\u0119pno\u015b\u0107 podczas podr\u00f3\u017cy w eSIM Bliski Wsch\u00f3d. Ju\u017c w sprzeda\u017cy od !","breadcrumb":{"@id":"https:\/\/airporttelecom.com\/pl\/esim\/maroko\/#breadcrumb"},"inLanguage":"pl-PL","potentialAction":[{"@type":"ReadAction","target":["https:\/\/airporttelecom.com\/pl\/esim\/maroko\/"]}]},{"@type":"ImageObject","inLanguage":"pl-PL","@id":"https:\/\/airporttelecom.com\/pl\/esim\/maroko\/#primaryimage","url":"https:\/\/airporttelecom.com\/pl\/wp-content\/uploads\/sites\/7\/2024\/06\/Simkaart-Marokko.png","contentUrl":"https:\/\/airporttelecom.com\/pl\/wp-content\/uploads\/sites\/7\/2024\/06\/Simkaart-Marokko.png","width":800,"height":316,"caption":"Karta SIM Maroko"},{"@type":"BreadcrumbList","@id":"https:\/\/airporttelecom.com\/pl\/esim\/maroko\/#breadcrumb","itemListElement":[{"@type":"ListItem","position":1,"name":"Home","item":"https:\/\/airporttelecom.com\/pl\/"},{"@type":"ListItem","position":2,"name":"eSIM","item":"https:\/\/airporttelecom.com\/pl\/esim\/"},{"@type":"ListItem","position":3,"name":"Maroko"}]},{"@type":"WebSite","@id":"https:\/\/airporttelecom.com\/pl\/#website","url":"https:\/\/airporttelecom.com\/pl\/","name":"Airport Telecom","description":"","publisher":{"@id":"https:\/\/airporttelecom.com\/pl\/#organization"},"potentialAction":[{"@type":"SearchAction","target":{"@type":"EntryPoint","urlTemplate":"https:\/\/airporttelecom.com\/pl\/?s={search_term_string}"},"query-input":{"@type":"PropertyValueSpecification","valueRequired":true,"valueName":"search_term_string"}}],"inLanguage":"pl-PL"},{"@type":"Organization","@id":"https:\/\/airporttelecom.com\/pl\/#organization","name":"Airport Telecom","url":"https:\/\/airporttelecom.com\/pl\/","logo":{"@type":"ImageObject","inLanguage":"pl-PL","@id":"https:\/\/airporttelecom.com\/pl\/#\/schema\/logo\/image\/","url":"https:\/\/airporttelecom.com\/pl\/wp-content\/uploads\/sites\/7\/2024\/06\/icon.png?wsr","contentUrl":"https:\/\/airporttelecom.com\/pl\/wp-content\/uploads\/sites\/7\/2024\/06\/icon.png?wsr","width":110,"height":110,"caption":"Airport Telecom"},"image":{"@id":"https:\/\/airporttelecom.com\/pl\/#\/schema\/logo\/image\/"}}]}},"custom_permalink":"esim\/maroko","_links":{"self":[{"href":"https:\/\/airporttelecom.com\/pl\/wp-json\/wp\/v2\/product\/1527","targetHints":{"allow":["GET"]}}],"collection":[{"href":"https:\/\/airporttelecom.com\/pl\/wp-json\/wp\/v2\/product"}],"about":[{"href":"https:\/\/airporttelecom.com\/pl\/wp-json\/wp\/v2\/types\/product"}],"replies":[{"embeddable":true,"href":"https:\/\/airporttelecom.com\/pl\/wp-json\/wp\/v2\/comments?post=1527"}],"wp:featuredmedia":[{"embeddable":true,"href":"https:\/\/airporttelecom.com\/pl\/wp-json\/wp\/v2\/media\/1378"}],"wp:attachment":[{"href":"https:\/\/airporttelecom.com\/pl\/wp-json\/wp\/v2\/media?parent=1527"}],"wp:term":[{"taxonomy":"product_brand","embeddable":true,"href":"https:\/\/airporttelecom.com\/pl\/wp-json\/wp\/v2\/product_brand?post=1527"},{"taxonomy":"product_cat","embeddable":true,"href":"https:\/\/airporttelecom.com\/pl\/wp-json\/wp\/v2\/product_cat?post=1527"},{"taxonomy":"product_tag","embeddable":true,"href":"https:\/\/airporttelecom.com\/pl\/wp-json\/wp\/v2\/product_tag?post=1527"}],"curies":[{"name":"wp","href":"https:\/\/api.w.org\/{rel}","templated":true}]}}