{"id":1530,"date":"2024-09-12T10:51:37","date_gmt":"2024-09-12T10:51:37","guid":{"rendered":"https:\/\/airporttelecom.outperforming.nl\/nl\/product\/esim-australie\/"},"modified":"2026-03-03T12:01:45","modified_gmt":"2026-03-03T12:01:45","slug":"esim-australie","status":"publish","type":"product","link":"https:\/\/airporttelecom.com\/pl\/esim\/australia\/","title":{"rendered":"eSIM Australia"},"content":{"rendered":"","protected":false},"excerpt":{"rendered":"","protected":false},"featured_media":663,"comment_status":"open","ping_status":"closed","template":"","meta":{"_acf_changed":false},"product_brand":[],"product_cat":[16],"product_tag":[42],"class_list":{"0":"post-1530","1":"product","2":"type-product","3":"status-publish","4":"has-post-thumbnail","6":"product_cat-esim","7":"product_tag-esim-australia-i-oceania","9":"first","10":"instock","11":"taxable","12":"shipping-taxable","13":"purchasable","14":"product-type-variable"},"acf":{"gebied_afbeelding":815,"vlag_afbeelding":380,"provider":["BIC","NEX"],"product_synoniemen":null,"product_bestel_velden":"","product_omschrijving":"<h2>Internet mobilny w Australii z eSIM Australia<\/h2>\r\n<span style=\"font-weight: 400\">Dzi\u0119ki nielimitowanej karcie eSIM Australia od Airport Telecom mo\u017cesz korzysta\u0107 z mobilnego internetu w ca\u0142ej Australii. Dzi\u0119ki szybkiemu i stabilnemu po\u0142\u0105czeniu 4G\/5G karta eSIM idealnie sprawdza si\u0119 w codziennym u\u017cytkowaniu \u2013 umo\u017cliwia dost\u0119p do poczty e-mail, WhatsApp, nawigacji GPS oraz innych aplikacji mobilnych. Wybierz okres wa\u017cno\u015bci pakietu nielimitowanych danych: 7, 14 lub 30 dni i ciesz si\u0119 internetem bez ogranicze\u0144.<\/span>\r\n<h2>Pakiety danych na podr\u00f3\u017c do Australii<\/h2>\r\n<span style=\"font-weight: 400\">Karty eSIM do Australii s\u0105 dost\u0119pne z pakietem nielimitowanych danych na 7, 14 i 30 dni:<\/span>\r\n<h3>Unlimited eSIM Australia 7 dni, \u20ac23<\/h3>\r\n<h3>Nielimitowana karta eSIM Australia 14 dni, 36 euro<\/h3>\r\n<h3>Unlimited eSIM Australia 30 dni, 69 \u20ac.<\/h3>\r\n(*) Nale\u017cy pami\u0119ta\u0107 o zasadach dozwolonego u\u017cytku. W przypadku ekstremalnego wykorzystania danych operator mo\u017ce ograniczy\u0107 mo\u017cliwo\u015bci (e)SIM. Polityka Uczciwego Korzystania zak\u0142ada jednego u\u017cytkownika na (e)SIM. Przy normalnym korzystaniu z nawigacji, poczty e-mail, wyszukiwania w Internecie, wiadomo\u015bci WhatsApp, po\u0142\u0105cze\u0144 WhatsApp i aplikacji takich jak Instagram i Snapchat, Polityka Uczciwego Korzystania nie wchodzi w gr\u0119. Mo\u017ce to jednak mie\u0107 miejsce w przypadku, na przyk\u0142ad, bardzo wysokiej ogl\u0105dalno\u015bci YouTube, TikTok, us\u0142ug streamingowych, takich jak Netflix i ogl\u0105dania telewizji online, a zw\u0142aszcza w po\u0142\u0105czeniu z wieloma osobami wsp\u00f3\u0142dziel\u0105cymi po\u0142\u0105czenie za po\u015brednictwem hotspotu lub routera. Zwroty koszt\u00f3w nie b\u0119d\u0105 przyznawane w przypadku naruszenia zasad uczciwego u\u017cytkowania.\r\n\r\n<span style=\"font-weight: 400\">Karty eSIM do Australii maj\u0105 doskona\u0142y og\u00f3lnokrajowy zasi\u0119g w sieciach 4G i 5G AT&amp;T i T-Mobile. W Australii nie jest wymagana rejestracja u\u017cytkownika. Po przybyciu do Australii internet zacznie dzia\u0142a\u0107 automatycznie. Karta eSIM Australia obs\u0142uguje tethering, wi\u0119c mo\u017ce by\u0107 r\u00f3wnie\u017c u\u017cywana do hotspot\u00f3w i MIFI.<\/span>\r\n<h2>WhatsApp z eSim Australia<\/h2>\r\nWszystkie po\u0142\u0105czenia, kt\u00f3re dzia\u0142aj\u0105 przez internet, takie jak WhatsApp, Skype czy FaceTime, s\u0105 oczywi\u015bcie r\u00f3wnie\u017c mo\u017cliwe z eSim dla Australii. B\u0119dziesz wtedy korzysta\u0107 z pakietu danych na eSim. Mo\u017cesz nadal korzysta\u0107 z WhatsAppa z dotychczasowymi kontaktami, grupami i czatami \u2013 bez utraty historii rozm\u00f3wi. Po zainstalowaniu przedp\u0142aconego eSim aplikacja aplikacja WhatsApp mo\u017ce zapyta\u0107,, czy chcesz utworzy\u0107 nowe konto, czy zachowa\u0107 obecne ustawienia. Wybierz opcj\u0119 zachowania obecnej to\u017csamo\u015bci, aby nic si\u0119 nie zmieni\u0142o. Nast\u0119pnie mo\u017cesz kontynuowa\u0107 wysy\u0142anie wiadomo\u015bci i rozmowy telefoniczne za pomoc\u0105 WhatsApp jak zwykle.\r\n<h2>Zasi\u0119g z <span class=\"TextRun SCXW240554133 BCX0\" lang=\"NL-NL\" xml:lang=\"NL-NL\" data-contrast=\"none\"><span class=\"SpellingError SCXW240554133 BCX0\">eSIM <\/span><\/span>Australia<\/h2>\r\n<p data-start=\"122\" data-end=\"445\">W Australii nasze karty eSIM zapewniaj\u0105 doskona\u0142y dost\u0119p do internetu we wszystkich g\u0142\u00f3wnych miastach, takich jak Sydney, Melbourne czy Perth, a tak\u017ce w innych g\u0119sto zaludnionych regionach. W kultowych miejscach, np. przy Operze w Sydney, zawsze b\u0119dziesz mie\u0107 szybkie po\u0142\u0105czenie, idealne do udost\u0119pniania zdj\u0119\u0107 z wakacji. To samo dotyczy Cairns \u2013 idealnej bazy wypadowej na Wielk\u0105 Raf\u0119 Koralow\u0105 \u2013 oraz Gold Coast, gdzie mo\u017cna bez problemu korzysta\u0107 z szybkiego internetu.<\/p>\r\n<p data-start=\"600\" data-end=\"943\">W bardziej odleg\u0142ych, rzadziej zaludnionych rejonach, w tym na pustynnych i g\u00f3rskich obszarach, zasi\u0119g mo\u017ce by\u0107 ograniczony. W zamieszka\u0142ych miejscach po\u0142\u0105czenie dzia\u0142a doskonale. Od Bondi Beach po Adelajd\u0119 mo\u017cesz korzysta\u0107 z WhatsApp i innych aplikacji internetowych w dowolnym miejscu, ciesz\u0105c si\u0119 niezawodnym dost\u0119pem do sieci.<\/p>\r\n\r\n<h2>Otrzymaj kart\u0119 Australia eSIM poczt\u0105 e-mail<\/h2>\r\nKart\u0119 eSIM do Australii otrzymasz poczt\u0105 elektroniczn\u0105. To szybkie i wygodne rozwi\u0105zanie \u2013 mo\u017cesz aktywowa\u0107 eSIM nawet wtedy, gdy jeste\u015b ju\u017c w Australii lub wkr\u00f3tce wyruszasz w podr\u00f3\u017c.","product_specificaties":"<h2>Internet z eSIM Australia<\/h2>\r\n<span style=\"font-weight: 400\">Dost\u0119pne s\u0105 trzy warianty eSIM Australia:<\/span>\r\n<h3>Nielimitowany eSIM Australia 7 dni, 23 EUR<\/h3>\r\n<ul>\r\n \t<li style=\"font-weight: 400\"><span style=\"font-weight: 400\">Nielimitowane dane w ca\u0142ej Australii*<\/span><\/li>\r\n \t<li style=\"font-weight: 400\"><span style=\"font-weight: 400\">Pakiet wa\u017cny 7 dni. Do\u0142adowania mo\u017cna dokona\u0107 za po\u015brednictwem tej strony.<\/span><\/li>\r\n<\/ul>\r\n<h3>Nielimitowany eSIM Australia 14 dni, \u20ac 36<\/h3>\r\n<ul>\r\n \t<li style=\"font-weight: 400\"><span style=\"font-weight: 400\">Nielimitowane dane w ca\u0142ej Australii*<\/span><\/li>\r\n \t<li style=\"font-weight: 400\"><span style=\"font-weight: 400\">Pakiet wa\u017cny przez 14 dni. Do\u0142adowanie za po\u015brednictwem tej strony.<\/span><\/li>\r\n<\/ul>\r\n<h3>Nielimitowany eSIM Australia 30 dni, 69 \u20ac<\/h3>\r\n<ul>\r\n \t<li style=\"font-weight: 400\"><span style=\"font-weight: 400\">Nielimitowane dane w ca\u0142ej Australii*<\/span><\/li>\r\n \t<li style=\"font-weight: 400\"><span style=\"font-weight: 400\">Pakiet wa\u017cny 30 dni. Do\u0142adowania mo\u017cna dokona\u0107 za po\u015brednictwem tej strony internetowej.<\/span><\/li>\r\n<\/ul>\r\n<span style=\"font-weight: 400\">(*) Obowi\u0105zuj\u0105 zasady dozwolonego u\u017cytku. W przypadku ekstremalnego wykorzystania danych operator w Australii mo\u017ce ograniczy\u0107 mo\u017cliwo\u015bci karty SIM.<\/span>","product_handleiding":"","product_veelgestelde_vragen":[{"vraag":"Kt\u00f3rej karty eSIM u\u017cywa\u0107 w Australii?","antwoord":"W przypadku kr\u00f3tkiego, kilkudniowego pobytu prawdopodobnie nie b\u0119dziesz potrzebowa\u0107 du\u017cej ilo\u015bci danych. Pakiet 3 GB danych dla Australii mo\u017ce okaza\u0107 si\u0119 wystarczaj\u0105cy. Aplikacje takie jak WhatsApp, Instagram i nawigacja nie zu\u017cywaj\u0105 du\u017co danych. W przypadku d\u0142u\u017cszego pobytu warto wybra\u0107 pakiet 12 GB lub Unlimited, aby zapewni\u0107 sobie wystarczaj\u0105c\u0105 ilo\u015b\u0107 danych. "},{"vraag":"Gdzie mo\u017cna kupi\u0107 eSIM do Australii? ","antwoord":"Kup online kart\u0119 eSIM do Australii od Airport Telecom. Kart\u0119 eSIM otrzymasz poczt\u0105 elektroniczn\u0105. Jest to kod QR, kt\u00f3ry nale\u017cy zeskanowa\u0107 telefonem. Mo\u017cesz to zrobi\u0107 nawet wtedy, gdy jeste\u015b ju\u017c w Australii lub wkr\u00f3tce wyruszasz w podr\u00f3\u017c. "}]},"yoast_head":"<!-- This site is optimized with the Yoast SEO Premium plugin v24.4 (Yoast SEO v26.9) - https:\/\/yoast.com\/product\/yoast-seo-premium-wordpress\/ -->\n<title>eSIM Australia kupi\u0107 przedp\u0142acony pakiet (nieograniczone) po\u0142\u0105czenia i internet - Airport Telecom PL<\/title>\n<meta name=\"description\" content=\"Szukasz karty przedp\u0142aconej eSIM Australia na (nieograniczone) rozmowy i internet? Optymalna dost\u0119pno\u015b\u0107 podczas podr\u00f3\u017cy w eSIM Australia i Oceania. Ju\u017c w sprzeda\u017cy od !\" \/>\n<meta name=\"robots\" content=\"index, follow, max-snippet:-1, max-image-preview:large, max-video-preview:-1\" \/>\n<link rel=\"canonical\" href=\"https:\/\/airporttelecom.com\/pl\/esim\/australia\/\" \/>\n<meta property=\"og:locale\" content=\"pl_PL\" \/>\n<meta property=\"og:type\" content=\"article\" \/>\n<meta property=\"og:title\" content=\"eSIM Australia\" \/>\n<meta property=\"og:description\" content=\"Szukasz karty przedp\u0142aconej eSIM Australia na (nieograniczone) rozmowy i internet? Optymalna dost\u0119pno\u015b\u0107 podczas podr\u00f3\u017cy w eSIM Australia i Oceania. Ju\u017c w sprzeda\u017cy od !\" \/>\n<meta property=\"og:url\" content=\"https:\/\/airporttelecom.com\/pl\/esim\/australia\/\" \/>\n<meta property=\"og:site_name\" content=\"Airport Telecom PL\" \/>\n<meta property=\"article:modified_time\" content=\"2026-03-03T12:01:45+00:00\" \/>\n<meta property=\"og:image\" content=\"https:\/\/airporttelecom.com\/pl\/wp-content\/uploads\/sites\/7\/2024\/06\/Simkaart-Australie.png\" \/>\n\t<meta property=\"og:image:width\" content=\"800\" \/>\n\t<meta property=\"og:image:height\" content=\"319\" \/>\n\t<meta property=\"og:image:type\" content=\"image\/png\" \/>\n<meta name=\"twitter:card\" content=\"summary_large_image\" \/>\n<meta name=\"twitter:label1\" content=\"Szacowany czas czytania\" \/>\n\t<meta name=\"twitter:data1\" content=\"1 minuta\" \/>\n<script type=\"application\/ld+json\" class=\"yoast-schema-graph\">{\"@context\":\"https:\/\/schema.org\",\"@graph\":[{\"@type\":\"WebPage\",\"@id\":\"https:\/\/airporttelecom.com\/pl\/esim\/australia\/\",\"url\":\"https:\/\/airporttelecom.com\/pl\/esim\/australia\/\",\"name\":\"eSIM Australia kupi\u0107 przedp\u0142acony pakiet (nieograniczone) po\u0142\u0105czenia i internet - Airport Telecom PL\",\"isPartOf\":{\"@id\":\"https:\/\/airporttelecom.com\/pl\/#website\"},\"primaryImageOfPage\":{\"@id\":\"https:\/\/airporttelecom.com\/pl\/esim\/australia\/#primaryimage\"},\"image\":{\"@id\":\"https:\/\/airporttelecom.com\/pl\/esim\/australia\/#primaryimage\"},\"thumbnailUrl\":\"https:\/\/airporttelecom.com\/pl\/wp-content\/uploads\/sites\/7\/2024\/06\/Simkaart-Australie.png\",\"datePublished\":\"2024-09-12T10:51:37+00:00\",\"dateModified\":\"2026-03-03T12:01:45+00:00\",\"description\":\"Szukasz karty przedp\u0142aconej eSIM Australia na (nieograniczone) rozmowy i internet? Optymalna dost\u0119pno\u015b\u0107 podczas podr\u00f3\u017cy w eSIM Australia i Oceania. Ju\u017c w sprzeda\u017cy od !\",\"breadcrumb\":{\"@id\":\"https:\/\/airporttelecom.com\/pl\/esim\/australia\/#breadcrumb\"},\"inLanguage\":\"pl-PL\",\"potentialAction\":[{\"@type\":\"ReadAction\",\"target\":[\"https:\/\/airporttelecom.com\/pl\/esim\/australia\/\"]}]},{\"@type\":\"ImageObject\",\"inLanguage\":\"pl-PL\",\"@id\":\"https:\/\/airporttelecom.com\/pl\/esim\/australia\/#primaryimage\",\"url\":\"https:\/\/airporttelecom.com\/pl\/wp-content\/uploads\/sites\/7\/2024\/06\/Simkaart-Australie.png\",\"contentUrl\":\"https:\/\/airporttelecom.com\/pl\/wp-content\/uploads\/sites\/7\/2024\/06\/Simkaart-Australie.png\",\"width\":800,\"height\":319,\"caption\":\"Karta SIM Australia\"},{\"@type\":\"BreadcrumbList\",\"@id\":\"https:\/\/airporttelecom.com\/pl\/esim\/australia\/#breadcrumb\",\"itemListElement\":[{\"@type\":\"ListItem\",\"position\":1,\"name\":\"Home\",\"item\":\"https:\/\/airporttelecom.com\/pl\/\"},{\"@type\":\"ListItem\",\"position\":2,\"name\":\"eSIM\",\"item\":\"https:\/\/airporttelecom.com\/pl\/esim\/\"},{\"@type\":\"ListItem\",\"position\":3,\"name\":\"Australia\"}]},{\"@type\":\"WebSite\",\"@id\":\"https:\/\/airporttelecom.com\/pl\/#website\",\"url\":\"https:\/\/airporttelecom.com\/pl\/\",\"name\":\"Airport Telecom\",\"description\":\"\",\"publisher\":{\"@id\":\"https:\/\/airporttelecom.com\/pl\/#organization\"},\"potentialAction\":[{\"@type\":\"SearchAction\",\"target\":{\"@type\":\"EntryPoint\",\"urlTemplate\":\"https:\/\/airporttelecom.com\/pl\/?s={search_term_string}\"},\"query-input\":{\"@type\":\"PropertyValueSpecification\",\"valueRequired\":true,\"valueName\":\"search_term_string\"}}],\"inLanguage\":\"pl-PL\"},{\"@type\":\"Organization\",\"@id\":\"https:\/\/airporttelecom.com\/pl\/#organization\",\"name\":\"Airport Telecom\",\"url\":\"https:\/\/airporttelecom.com\/pl\/\",\"logo\":{\"@type\":\"ImageObject\",\"inLanguage\":\"pl-PL\",\"@id\":\"https:\/\/airporttelecom.com\/pl\/#\/schema\/logo\/image\/\",\"url\":\"https:\/\/airporttelecom.com\/pl\/wp-content\/uploads\/sites\/7\/2024\/06\/icon.png?wsr\",\"contentUrl\":\"https:\/\/airporttelecom.com\/pl\/wp-content\/uploads\/sites\/7\/2024\/06\/icon.png?wsr\",\"width\":110,\"height\":110,\"caption\":\"Airport Telecom\"},\"image\":{\"@id\":\"https:\/\/airporttelecom.com\/pl\/#\/schema\/logo\/image\/\"}}]}<\/script>\n<!-- \/ Yoast SEO Premium plugin. -->","yoast_head_json":{"title":"eSIM Australia kupi\u0107 przedp\u0142acony pakiet (nieograniczone) po\u0142\u0105czenia i internet - Airport Telecom PL","description":"Szukasz karty przedp\u0142aconej eSIM Australia na (nieograniczone) rozmowy i internet? Optymalna dost\u0119pno\u015b\u0107 podczas podr\u00f3\u017cy w eSIM Australia i Oceania. Ju\u017c w sprzeda\u017cy od !","robots":{"index":"index","follow":"follow","max-snippet":"max-snippet:-1","max-image-preview":"max-image-preview:large","max-video-preview":"max-video-preview:-1"},"canonical":"https:\/\/airporttelecom.com\/pl\/esim\/australia\/","og_locale":"pl_PL","og_type":"article","og_title":"eSIM Australia","og_description":"Szukasz karty przedp\u0142aconej eSIM Australia na (nieograniczone) rozmowy i internet? Optymalna dost\u0119pno\u015b\u0107 podczas podr\u00f3\u017cy w eSIM Australia i Oceania. Ju\u017c w sprzeda\u017cy od !","og_url":"https:\/\/airporttelecom.com\/pl\/esim\/australia\/","og_site_name":"Airport Telecom PL","article_modified_time":"2026-03-03T12:01:45+00:00","og_image":[{"width":800,"height":319,"url":"https:\/\/airporttelecom.com\/pl\/wp-content\/uploads\/sites\/7\/2024\/06\/Simkaart-Australie.png","type":"image\/png"}],"twitter_card":"summary_large_image","twitter_misc":{"Szacowany czas czytania":"1 minuta"},"schema":{"@context":"https:\/\/schema.org","@graph":[{"@type":"WebPage","@id":"https:\/\/airporttelecom.com\/pl\/esim\/australia\/","url":"https:\/\/airporttelecom.com\/pl\/esim\/australia\/","name":"eSIM Australia kupi\u0107 przedp\u0142acony pakiet (nieograniczone) po\u0142\u0105czenia i internet - Airport Telecom PL","isPartOf":{"@id":"https:\/\/airporttelecom.com\/pl\/#website"},"primaryImageOfPage":{"@id":"https:\/\/airporttelecom.com\/pl\/esim\/australia\/#primaryimage"},"image":{"@id":"https:\/\/airporttelecom.com\/pl\/esim\/australia\/#primaryimage"},"thumbnailUrl":"https:\/\/airporttelecom.com\/pl\/wp-content\/uploads\/sites\/7\/2024\/06\/Simkaart-Australie.png","datePublished":"2024-09-12T10:51:37+00:00","dateModified":"2026-03-03T12:01:45+00:00","description":"Szukasz karty przedp\u0142aconej eSIM Australia na (nieograniczone) rozmowy i internet? Optymalna dost\u0119pno\u015b\u0107 podczas podr\u00f3\u017cy w eSIM Australia i Oceania. Ju\u017c w sprzeda\u017cy od !","breadcrumb":{"@id":"https:\/\/airporttelecom.com\/pl\/esim\/australia\/#breadcrumb"},"inLanguage":"pl-PL","potentialAction":[{"@type":"ReadAction","target":["https:\/\/airporttelecom.com\/pl\/esim\/australia\/"]}]},{"@type":"ImageObject","inLanguage":"pl-PL","@id":"https:\/\/airporttelecom.com\/pl\/esim\/australia\/#primaryimage","url":"https:\/\/airporttelecom.com\/pl\/wp-content\/uploads\/sites\/7\/2024\/06\/Simkaart-Australie.png","contentUrl":"https:\/\/airporttelecom.com\/pl\/wp-content\/uploads\/sites\/7\/2024\/06\/Simkaart-Australie.png","width":800,"height":319,"caption":"Karta SIM Australia"},{"@type":"BreadcrumbList","@id":"https:\/\/airporttelecom.com\/pl\/esim\/australia\/#breadcrumb","itemListElement":[{"@type":"ListItem","position":1,"name":"Home","item":"https:\/\/airporttelecom.com\/pl\/"},{"@type":"ListItem","position":2,"name":"eSIM","item":"https:\/\/airporttelecom.com\/pl\/esim\/"},{"@type":"ListItem","position":3,"name":"Australia"}]},{"@type":"WebSite","@id":"https:\/\/airporttelecom.com\/pl\/#website","url":"https:\/\/airporttelecom.com\/pl\/","name":"Airport Telecom","description":"","publisher":{"@id":"https:\/\/airporttelecom.com\/pl\/#organization"},"potentialAction":[{"@type":"SearchAction","target":{"@type":"EntryPoint","urlTemplate":"https:\/\/airporttelecom.com\/pl\/?s={search_term_string}"},"query-input":{"@type":"PropertyValueSpecification","valueRequired":true,"valueName":"search_term_string"}}],"inLanguage":"pl-PL"},{"@type":"Organization","@id":"https:\/\/airporttelecom.com\/pl\/#organization","name":"Airport Telecom","url":"https:\/\/airporttelecom.com\/pl\/","logo":{"@type":"ImageObject","inLanguage":"pl-PL","@id":"https:\/\/airporttelecom.com\/pl\/#\/schema\/logo\/image\/","url":"https:\/\/airporttelecom.com\/pl\/wp-content\/uploads\/sites\/7\/2024\/06\/icon.png?wsr","contentUrl":"https:\/\/airporttelecom.com\/pl\/wp-content\/uploads\/sites\/7\/2024\/06\/icon.png?wsr","width":110,"height":110,"caption":"Airport Telecom"},"image":{"@id":"https:\/\/airporttelecom.com\/pl\/#\/schema\/logo\/image\/"}}]}},"custom_permalink":"esim\/australia","_links":{"self":[{"href":"https:\/\/airporttelecom.com\/pl\/wp-json\/wp\/v2\/product\/1530","targetHints":{"allow":["GET"]}}],"collection":[{"href":"https:\/\/airporttelecom.com\/pl\/wp-json\/wp\/v2\/product"}],"about":[{"href":"https:\/\/airporttelecom.com\/pl\/wp-json\/wp\/v2\/types\/product"}],"replies":[{"embeddable":true,"href":"https:\/\/airporttelecom.com\/pl\/wp-json\/wp\/v2\/comments?post=1530"}],"wp:featuredmedia":[{"embeddable":true,"href":"https:\/\/airporttelecom.com\/pl\/wp-json\/wp\/v2\/media\/663"}],"wp:attachment":[{"href":"https:\/\/airporttelecom.com\/pl\/wp-json\/wp\/v2\/media?parent=1530"}],"wp:term":[{"taxonomy":"product_brand","embeddable":true,"href":"https:\/\/airporttelecom.com\/pl\/wp-json\/wp\/v2\/product_brand?post=1530"},{"taxonomy":"product_cat","embeddable":true,"href":"https:\/\/airporttelecom.com\/pl\/wp-json\/wp\/v2\/product_cat?post=1530"},{"taxonomy":"product_tag","embeddable":true,"href":"https:\/\/airporttelecom.com\/pl\/wp-json\/wp\/v2\/product_tag?post=1530"}],"curies":[{"name":"wp","href":"https:\/\/api.w.org\/{rel}","templated":true}]}}