{"id":1540,"date":"2024-09-12T10:51:40","date_gmt":"2024-09-12T10:51:40","guid":{"rendered":"https:\/\/airporttelecom.outperforming.nl\/nl\/product\/esim-mozambique\/"},"modified":"2025-11-18T10:15:11","modified_gmt":"2025-11-18T10:15:11","slug":"eSIM-mozambique","status":"publish","type":"product","link":"https:\/\/airporttelecom.com\/pl\/esim\/mozambik\/","title":{"rendered":"eSIM Mozambik"},"content":{"rendered":"","protected":false},"excerpt":{"rendered":"","protected":false},"featured_media":1152,"comment_status":"open","ping_status":"closed","template":"","meta":{"_acf_changed":false},"product_brand":[],"product_cat":[16],"product_tag":[39],"class_list":{"0":"post-1540","1":"product","2":"type-product","3":"status-publish","4":"has-post-thumbnail","6":"product_cat-esim","7":"product_tag-esim-afryka","9":"first","10":"instock","11":"taxable","12":"shipping-taxable","13":"purchasable","14":"product-type-variable","15":"has-default-attributes"},"acf":{"gebied_afbeelding":586,"vlag_afbeelding":368,"provider":["BIC"],"product_synoniemen":null,"product_bestel_velden":"","product_omschrijving":"<h2><span data-contrast=\"none\">Dost\u0119pno\u015b\u0107 mobilna dzi\u0119ki eSim dla Mozambiku<\/span><span data-ccp-props=\"{&quot;134245418&quot;:true,&quot;134245529&quot;:true,&quot;201341983&quot;:0,&quot;335559738&quot;:160,&quot;335559739&quot;:80,&quot;335559740&quot;:240}\"> <\/span><\/h2>\r\n<span data-contrast=\"auto\">Dzi\u0119ki eSim Mozambique od Airport Telecom mo\u017cesz korzysta\u0107 z mobilnego internetu w ca\u0142ym Mozambiku. Do wyboru s\u0105 r\u00f3\u017cne pakiety danych. Pakiety danych to idealne rozwi\u0105zanie do korzystania z internetu w podr\u00f3\u017cy. Dzi\u0119ki szybkiemu i stabilnemu po\u0142\u0105czeniu 4G\/5G zapewniaj\u0105 wygodny dost\u0119p do poczty e-mail, WhatsAppa, nawigacji GPS oraz innych aplikacji mobilnych.<\/span><span data-ccp-props=\"{&quot;201341983&quot;:0,&quot;335559739&quot;:0,&quot;335559740&quot;:240}\"> <\/span><h2><span data-contrast=\"none\">Dane mobilne i po\u0142\u0105czenia podczas podr\u00f3\u017cy do Mozambiku<\/span><span data-ccp-props=\"{&quot;134245418&quot;:true,&quot;134245529&quot;:true,&quot;201341983&quot;:0,&quot;335559738&quot;:160,&quot;335559739&quot;:80,&quot;335559740&quot;:240}\"> <\/span><\/h2>\r\n<span data-contrast=\"auto\">Karty eSim dla Mozambiku s\u0105 dost\u0119pne z pakietami danych 3 GB, 6 GB i 12 GB. <\/span><span data-ccp-props=\"{&quot;201341983&quot;:0,&quot;335559739&quot;:0,&quot;335559740&quot;:240}\"> <\/span>\r\n<h2><span data-contrast=\"none\">WhatsApp z eSim Mozambik<\/span><span data-ccp-props=\"{&quot;134245418&quot;:true,&quot;134245529&quot;:true,&quot;201341983&quot;:0,&quot;335559738&quot;:160,&quot;335559739&quot;:80,&quot;335559740&quot;:240}\"> <\/span><\/h2>\r\n<span data-contrast=\"auto\">Wszystkie po\u0142\u0105czenia internetowe, takie jak WhatsApp, Skype czy FaceTime, s\u0105 oczywi\u015bcie r\u00f3wnie\u017c mo\u017cliwe z eSim dla Mozambiku. B\u0119dziesz wtedy korzysta\u0107 z pakietu danych na eSim. Mo\u017cesz nadal korzysta\u0107 z WhatsAppa z dotychczasowymi kontaktami, grupami i czatami \u2013 bez utraty historii rozm\u00f3wi. Po zainstalowaniu przedp\u0142aconego eSim aplikacja aplikacja WhatsApp mo\u017ce zapyta\u0107,, czy chcesz utworzy\u0107 nowe konto, czy zachowa\u0107 obecne ustawienia. Wybierz opcj\u0119 zachowania obecnej to\u017csamo\u015bci, aby nic si\u0119 nie zmieni\u0142o. Mo\u017cesz wysy\u0142ac wiadomo\u015bci i rozmawiac przez WhatsAppa tak, jak w Polsce.<\/span><span data-ccp-props=\"{&quot;201341983&quot;:0,&quot;335559739&quot;:0,&quot;335559740&quot;:240}\"> <\/span><h2><span data-contrast=\"none\">Zasi\u0119g w Mozambiku<\/span><span data-ccp-props=\"{&quot;134245418&quot;:true,&quot;134245529&quot;:true,&quot;201341983&quot;:0,&quot;335559738&quot;:160,&quot;335559739&quot;:80,&quot;335559740&quot;:240}\"> <\/span><\/h2>\r\n<span data-contrast=\"auto\">Zasi\u0119g sieci kom\u00f3rkowej w Mozambiku jest doskona\u0142y. Dotyczy to szczeg\u00f3lnie stolicy Maputo. W odleg\u0142ych obszarach naturalnych zasi\u0119g b\u0119dzie mniejszy. Generalnie zasi\u0119g w miastach jest dobry dzi\u0119ki eSim dla Mozambiku.<\/span><span data-ccp-props=\"{&quot;201341983&quot;:0,&quot;335559739&quot;:0,&quot;335559740&quot;:240}\"> <\/span><h2><span data-contrast=\"none\">Mozambik eSIM otrzymany drog\u0105 mailow\u0105<\/span><span data-ccp-props=\"{&quot;201341983&quot;:0,&quot;335559739&quot;:0,&quot;335559740&quot;:240}\"> <\/span><\/h2>\r\n<span data-contrast=\"none\">Kart\u0119 eSIM do Mozambiku otrzymasz poczt\u0105 elektroniczn\u0105. To szybkie i proste rozwi\u0105zanie \u2013 dost\u0119pne, gdy jeste\u015b ju\u017c w Mozambiku lub wkr\u00f3tce wyruszasz w podr\u00f3\u017c.<\/span><span data-ccp-props=\"{&quot;201341983&quot;:0,&quot;335559739&quot;:0,&quot;335559740&quot;:240}\"> <\/span><h2><span data-contrast=\"none\">Zam\u00f3w prepaid eSim Mozambik online w Airport Telecom<\/span><span data-ccp-props=\"{&quot;134245418&quot;:true,&quot;134245529&quot;:true,&quot;201341983&quot;:0,&quot;335559738&quot;:160,&quot;335559739&quot;:80,&quot;335559740&quot;:240}\"> <\/span><\/h2>\r\n<span data-contrast=\"auto\">Kliknij przycisk \u201eZam\u00f3w\u201d, aby kupi\u0107 eSim Mozambique. Masz pytania? Zadzwo\u0144 do nas pod numer <\/span><span data-contrast=\"auto\">020-6530999 lub wy\u015blij e-mail na adres info@airporttelecom.nl.<\/span>","product_specificaties":"<h2><span data-contrast=\"none\">Zalety eSim Mozambik<\/span><span data-ccp-props=\"{&quot;134245418&quot;:true,&quot;134245529&quot;:true,&quot;201341983&quot;:0,&quot;335559738&quot;:160,&quot;335559739&quot;:80,&quot;335559740&quot;:240}\"> <\/span><\/h2>\r\n<span data-contrast=\"auto\">Karta eSIM Mozambique umo\u017cliwia tethering, dzi\u0119ki czemu mo\u017ce by\u0107 r\u00f3wnie\u017c u\u017cywana do hotspot\u00f3w i urz\u0105dze\u0144 MiFi.<\/span><span data-ccp-props=\"{}\"> <\/span><span data-contrast=\"auto\">Kart\u0119 eSIM do Mozambiku otrzymasz poczt\u0105 elektroniczn\u0105. Jest to kod QR, kt\u00f3ry nale\u017cy zeskanowa\u0107 telefonem. Mo\u017cesz to zrobi\u0107, nawet je\u015bli jeste\u015b ju\u017c w Mozambiku lub wkr\u00f3tce wyruszasz w podr\u00f3\u017c.<\/span><span data-ccp-props=\"{}\"> <\/span><span data-contrast=\"auto\">Zalet\u0105 eSIM jest mo\u017cliwo\u015b\u0107 korzystania z transmisji danych w Mozambiku za pomoc\u0105 przedp\u0142aconego pakietu, przy jednoczesnym zachowaniu dost\u0119pno\u015bci pod w\u0142asnym numerem telefonu kom\u00f3rkowego.<\/span><span data-ccp-props=\"{}\"> <\/span><span data-contrast=\"auto\">eSIM mo\u017ce by\u0107 u\u017cywany wy\u0142\u0105cznie w smartfonach przystosowanych do tej technologii. Nale\u017cy to dok\u0142adnie sprawdzi\u0107 przed wybraniem karty eSIM. eSIM mo\u017ce by\u0107 w ka\u017cdym przypadku u\u017cywana w telefonach iPhone XS, XS Max, XR, iPhone 11 i nowszych.<\/span><span data-ccp-props=\"{}\"> <\/span><h2><span data-contrast=\"none\">Dane mobilne i po\u0142\u0105czenia w Mozambiku<\/span><span data-ccp-props=\"{&quot;134245418&quot;:true,&quot;134245529&quot;:true,&quot;201341983&quot;:0,&quot;335559738&quot;:160,&quot;335559739&quot;:80,&quot;335559740&quot;:240}\"> <\/span><\/h2>\r\n<span data-contrast=\"auto\">dost\u0119pne s\u0105 trzy warianty eSim Mozambique:<\/span><span data-ccp-props=\"{&quot;201341983&quot;:0,&quot;335559739&quot;:0,&quot;335559740&quot;:240}\"> <\/span><span data-contrast=\"auto\">3 GB danych<\/span><span data-contrast=\"auto\">\u20ac 36,=<\/span><span data-ccp-props=\"{&quot;201341983&quot;:0,&quot;335559739&quot;:0,&quot;335559740&quot;:240}\"> <\/span><span data-contrast=\"auto\">W tym 3 GB danych<\/span><span data-ccp-props=\"{&quot;201341983&quot;:0,&quot;335559739&quot;:0,&quot;335559740&quot;:240}\"> <\/span><span data-contrast=\"auto\">6 GB danych \u20ac 69,=<\/span><span data-ccp-props=\"{&quot;201341983&quot;:0,&quot;335559739&quot;:0,&quot;335559740&quot;:240}\"> <\/span><span data-contrast=\"auto\">W tym 6 GB danych<\/span><span data-ccp-props=\"{&quot;201341983&quot;:0,&quot;335559739&quot;:0,&quot;335559740&quot;:240}\"> <\/span><span data-contrast=\"auto\">12 GB danych \u20ac 99,=<\/span><span data-ccp-props=\"{&quot;201341983&quot;:0,&quot;335559739&quot;:0,&quot;335559740&quot;:240}\"> <\/span><span data-contrast=\"auto\">W tym 12 GB danych<\/span><span data-ccp-props=\"{&quot;201341983&quot;:0,&quot;335559739&quot;:0,&quot;335559740&quot;:240}\"> <\/span><span data-contrast=\"auto\">Pakiety danych s\u0105 wa\u017cne 30 dni od momentu aktywacji.<\/span><span data-ccp-props=\"{&quot;201341983&quot;:0,&quot;335559739&quot;:0,&quot;335559740&quot;:240}\"> <\/span><span data-contrast=\"auto\">Za pomoc\u0105 przycisk\u00f3w \"zam\u00f3w teraz\" na tej stronie mo\u017cesz zam\u00f3wi\u0107 r\u00f3\u017cne warianty danych.<\/span>","product_handleiding":"<h2><span data-contrast=\"none\">Jak zainstalowa\u0107 eSim Mozambique w smarfonie?<\/span><span data-ccp-props=\"{&quot;134245418&quot;:true,&quot;134245529&quot;:true,&quot;201341983&quot;:0,&quot;335559738&quot;:160,&quot;335559739&quot;:80,&quot;335559740&quot;:240}\"> <\/span><\/h2>\r\n<span data-contrast=\"auto\">Otw\u00f3rz tack\u0119 na kart\u0119 SIM znajduj\u0105c\u0105 si\u0119 z boku telefonu. Mo\u017cna to zrobi\u0107 za pomoc\u0105 szpilki do\u0142\u0105czonej do telefonu. Je\u015bli jej nie masz, mo\u017cesz j\u0105 wykona\u0107, prostuj\u0105c spinacz do papieru. Karta Airport Telecom eSim jest r\u00f3wnie\u017c dostarczana z dodatkow\u0105 szpilk\u0105.<\/span><span data-ccp-props=\"{&quot;201341983&quot;:0,&quot;335559739&quot;:0,&quot;335559740&quot;:240}\"> <\/span><span data-contrast=\"auto\">Wyjmij w\u0142asn\u0105 kart\u0119 eSim i zachowaj j\u0105 w bezpiecznym miejscu! Teraz w\u0142\u00f3\u017c nowy eSim. Mo\u017cna to zrobi\u0107 tylko w jeden spos\u00f3b. Telefon mo\u017ce pomie\u015bci\u0107 kilka kart eSim. Nast\u0119pnie w\u0142\u00f3\u017c nowy eSim jako dodatkow\u0105 kart\u0119.<\/span><span data-ccp-props=\"{&quot;201341983&quot;:0,&quot;335559739&quot;:0,&quot;335559740&quot;:240}\"> <\/span><span data-contrast=\"auto\">Teraz wsu\u0144 suwak eSim z powrotem do telefonu. Korzystanie z nowej karty SIM powinno by\u0107 mo\u017cliwe automatycznie. Telefon mo\u017ce poprosi\u0107 o wprowadzenie dodatkowych ustawie\u0144.<\/span><span data-ccp-props=\"{&quot;201341983&quot;:0,&quot;335559739&quot;:0,&quot;335559740&quot;:240}\"> <\/span>","product_veelgestelde_vragen":[{"vraag":"Kt\u00f3rego eSim u\u017cywa\u0107 w Mozambiku? ","antwoord":"W przypadku kr\u00f3tkiego, kilkudniowego pobytu prawdopodobnie nie b\u0119dziesz potrzebowa\u0107 du\u017cej ilo\u015bci danych. Pakiet 3 GB danych dla Mozambiku mo\u017ce okaza\u0107 si\u0119 wystarczaj\u0105cy. Aplikacje takie jak WhatsApp, Instagram i nawigacja nie zu\u017cywaj\u0105 du\u017co danych. W przypadku d\u0142u\u017cszego pobytu warto zdecydowa\u0107 si\u0119 na pakiet 12 GB, aby z pewno\u015bci\u0105 mie\u0107 wystarczaj\u0105c\u0105 ilo\u015b\u0107 danych. "},{"vraag":"Gdzie kupi\u0107 eSim dla Mozambiku? ","antwoord":"Kup online kart\u0119 eSIM do Mozambiku od Airport Telecom. Kart\u0119 eSIM otrzymasz poczt\u0105 elektroniczn\u0105. Jest to kod QR, kt\u00f3ry nale\u017cy zeskanowa\u0107 telefonem. Mo\u017cesz to zrobi\u0107, nawet je\u015bli jeste\u015b ju\u017c w Mozambiku lub wkr\u00f3tce wyruszasz w podr\u00f3\u017c. "}]},"yoast_head":"<!-- This site is optimized with the Yoast SEO Premium plugin v24.4 (Yoast SEO v26.9) - https:\/\/yoast.com\/product\/yoast-seo-premium-wordpress\/ -->\n<title>eSIM Mozambik kupi\u0107 przedp\u0142acony pakiet (nieograniczone) po\u0142\u0105czenia i internet - Airport Telecom PL<\/title>\n<meta name=\"description\" content=\"Szukasz karty przedp\u0142aconej eSIM Mozambik na (nieograniczone) rozmowy i internet? Optymalna dost\u0119pno\u015b\u0107 podczas podr\u00f3\u017cy w eSIM Afryka. Ju\u017c w sprzeda\u017cy od !\" \/>\n<meta name=\"robots\" content=\"index, follow, max-snippet:-1, max-image-preview:large, max-video-preview:-1\" \/>\n<link rel=\"canonical\" href=\"https:\/\/airporttelecom.com\/pl\/esim\/mozambik\/\" \/>\n<meta property=\"og:locale\" content=\"pl_PL\" \/>\n<meta property=\"og:type\" content=\"article\" \/>\n<meta property=\"og:title\" content=\"eSIM Mozambik\" \/>\n<meta property=\"og:description\" content=\"Szukasz karty przedp\u0142aconej eSIM Mozambik na (nieograniczone) rozmowy i internet? Optymalna dost\u0119pno\u015b\u0107 podczas podr\u00f3\u017cy w eSIM Afryka. Ju\u017c w sprzeda\u017cy od !\" \/>\n<meta property=\"og:url\" content=\"https:\/\/airporttelecom.com\/pl\/esim\/mozambik\/\" \/>\n<meta property=\"og:site_name\" content=\"Airport Telecom PL\" \/>\n<meta property=\"article:modified_time\" content=\"2025-11-18T10:15:11+00:00\" \/>\n<meta property=\"og:image\" content=\"https:\/\/airporttelecom.com\/pl\/wp-content\/uploads\/sites\/7\/2024\/06\/Simkaart-Mozambique.png?wsr\" \/>\n\t<meta property=\"og:image:width\" content=\"800\" \/>\n\t<meta property=\"og:image:height\" content=\"319\" \/>\n\t<meta property=\"og:image:type\" content=\"image\/png\" \/>\n<meta name=\"twitter:card\" content=\"summary_large_image\" \/>\n<meta name=\"twitter:label1\" content=\"Szacowany czas czytania\" \/>\n\t<meta name=\"twitter:data1\" content=\"1 minuta\" \/>\n<script type=\"application\/ld+json\" class=\"yoast-schema-graph\">{\"@context\":\"https:\/\/schema.org\",\"@graph\":[{\"@type\":\"WebPage\",\"@id\":\"https:\/\/airporttelecom.com\/pl\/esim\/mozambik\/\",\"url\":\"https:\/\/airporttelecom.com\/pl\/esim\/mozambik\/\",\"name\":\"eSIM Mozambik kupi\u0107 przedp\u0142acony pakiet (nieograniczone) po\u0142\u0105czenia i internet - Airport Telecom PL\",\"isPartOf\":{\"@id\":\"https:\/\/airporttelecom.com\/pl\/#website\"},\"primaryImageOfPage\":{\"@id\":\"https:\/\/airporttelecom.com\/pl\/esim\/mozambik\/#primaryimage\"},\"image\":{\"@id\":\"https:\/\/airporttelecom.com\/pl\/esim\/mozambik\/#primaryimage\"},\"thumbnailUrl\":\"https:\/\/airporttelecom.com\/pl\/wp-content\/uploads\/sites\/7\/2024\/06\/Simkaart-Mozambique.png\",\"datePublished\":\"2024-09-12T10:51:40+00:00\",\"dateModified\":\"2025-11-18T10:15:11+00:00\",\"description\":\"Szukasz karty przedp\u0142aconej eSIM Mozambik na (nieograniczone) rozmowy i internet? Optymalna dost\u0119pno\u015b\u0107 podczas podr\u00f3\u017cy w eSIM Afryka. Ju\u017c w sprzeda\u017cy od !\",\"breadcrumb\":{\"@id\":\"https:\/\/airporttelecom.com\/pl\/esim\/mozambik\/#breadcrumb\"},\"inLanguage\":\"pl-PL\",\"potentialAction\":[{\"@type\":\"ReadAction\",\"target\":[\"https:\/\/airporttelecom.com\/pl\/esim\/mozambik\/\"]}]},{\"@type\":\"ImageObject\",\"inLanguage\":\"pl-PL\",\"@id\":\"https:\/\/airporttelecom.com\/pl\/esim\/mozambik\/#primaryimage\",\"url\":\"https:\/\/airporttelecom.com\/pl\/wp-content\/uploads\/sites\/7\/2024\/06\/Simkaart-Mozambique.png\",\"contentUrl\":\"https:\/\/airporttelecom.com\/pl\/wp-content\/uploads\/sites\/7\/2024\/06\/Simkaart-Mozambique.png\",\"width\":800,\"height\":319,\"caption\":\"Karta SIM Mozambik\"},{\"@type\":\"BreadcrumbList\",\"@id\":\"https:\/\/airporttelecom.com\/pl\/esim\/mozambik\/#breadcrumb\",\"itemListElement\":[{\"@type\":\"ListItem\",\"position\":1,\"name\":\"Home\",\"item\":\"https:\/\/airporttelecom.com\/pl\/\"},{\"@type\":\"ListItem\",\"position\":2,\"name\":\"eSIM\",\"item\":\"https:\/\/airporttelecom.com\/pl\/esim\/\"},{\"@type\":\"ListItem\",\"position\":3,\"name\":\"Mozambik\"}]},{\"@type\":\"WebSite\",\"@id\":\"https:\/\/airporttelecom.com\/pl\/#website\",\"url\":\"https:\/\/airporttelecom.com\/pl\/\",\"name\":\"Airport Telecom\",\"description\":\"\",\"publisher\":{\"@id\":\"https:\/\/airporttelecom.com\/pl\/#organization\"},\"potentialAction\":[{\"@type\":\"SearchAction\",\"target\":{\"@type\":\"EntryPoint\",\"urlTemplate\":\"https:\/\/airporttelecom.com\/pl\/?s={search_term_string}\"},\"query-input\":{\"@type\":\"PropertyValueSpecification\",\"valueRequired\":true,\"valueName\":\"search_term_string\"}}],\"inLanguage\":\"pl-PL\"},{\"@type\":\"Organization\",\"@id\":\"https:\/\/airporttelecom.com\/pl\/#organization\",\"name\":\"Airport Telecom\",\"url\":\"https:\/\/airporttelecom.com\/pl\/\",\"logo\":{\"@type\":\"ImageObject\",\"inLanguage\":\"pl-PL\",\"@id\":\"https:\/\/airporttelecom.com\/pl\/#\/schema\/logo\/image\/\",\"url\":\"https:\/\/airporttelecom.com\/pl\/wp-content\/uploads\/sites\/7\/2024\/06\/icon.png?wsr\",\"contentUrl\":\"https:\/\/airporttelecom.com\/pl\/wp-content\/uploads\/sites\/7\/2024\/06\/icon.png?wsr\",\"width\":110,\"height\":110,\"caption\":\"Airport Telecom\"},\"image\":{\"@id\":\"https:\/\/airporttelecom.com\/pl\/#\/schema\/logo\/image\/\"}}]}<\/script>\n<!-- \/ Yoast SEO Premium plugin. -->","yoast_head_json":{"title":"eSIM Mozambik kupi\u0107 przedp\u0142acony pakiet (nieograniczone) po\u0142\u0105czenia i internet - Airport Telecom PL","description":"Szukasz karty przedp\u0142aconej eSIM Mozambik na (nieograniczone) rozmowy i internet? Optymalna dost\u0119pno\u015b\u0107 podczas podr\u00f3\u017cy w eSIM Afryka. Ju\u017c w sprzeda\u017cy od !","robots":{"index":"index","follow":"follow","max-snippet":"max-snippet:-1","max-image-preview":"max-image-preview:large","max-video-preview":"max-video-preview:-1"},"canonical":"https:\/\/airporttelecom.com\/pl\/esim\/mozambik\/","og_locale":"pl_PL","og_type":"article","og_title":"eSIM Mozambik","og_description":"Szukasz karty przedp\u0142aconej eSIM Mozambik na (nieograniczone) rozmowy i internet? Optymalna dost\u0119pno\u015b\u0107 podczas podr\u00f3\u017cy w eSIM Afryka. Ju\u017c w sprzeda\u017cy od !","og_url":"https:\/\/airporttelecom.com\/pl\/esim\/mozambik\/","og_site_name":"Airport Telecom PL","article_modified_time":"2025-11-18T10:15:11+00:00","og_image":[{"width":800,"height":319,"url":"https:\/\/airporttelecom.com\/pl\/wp-content\/uploads\/sites\/7\/2024\/06\/Simkaart-Mozambique.png?wsr","type":"image\/png"}],"twitter_card":"summary_large_image","twitter_misc":{"Szacowany czas czytania":"1 minuta"},"schema":{"@context":"https:\/\/schema.org","@graph":[{"@type":"WebPage","@id":"https:\/\/airporttelecom.com\/pl\/esim\/mozambik\/","url":"https:\/\/airporttelecom.com\/pl\/esim\/mozambik\/","name":"eSIM Mozambik kupi\u0107 przedp\u0142acony pakiet (nieograniczone) po\u0142\u0105czenia i internet - Airport Telecom PL","isPartOf":{"@id":"https:\/\/airporttelecom.com\/pl\/#website"},"primaryImageOfPage":{"@id":"https:\/\/airporttelecom.com\/pl\/esim\/mozambik\/#primaryimage"},"image":{"@id":"https:\/\/airporttelecom.com\/pl\/esim\/mozambik\/#primaryimage"},"thumbnailUrl":"https:\/\/airporttelecom.com\/pl\/wp-content\/uploads\/sites\/7\/2024\/06\/Simkaart-Mozambique.png","datePublished":"2024-09-12T10:51:40+00:00","dateModified":"2025-11-18T10:15:11+00:00","description":"Szukasz karty przedp\u0142aconej eSIM Mozambik na (nieograniczone) rozmowy i internet? Optymalna dost\u0119pno\u015b\u0107 podczas podr\u00f3\u017cy w eSIM Afryka. Ju\u017c w sprzeda\u017cy od !","breadcrumb":{"@id":"https:\/\/airporttelecom.com\/pl\/esim\/mozambik\/#breadcrumb"},"inLanguage":"pl-PL","potentialAction":[{"@type":"ReadAction","target":["https:\/\/airporttelecom.com\/pl\/esim\/mozambik\/"]}]},{"@type":"ImageObject","inLanguage":"pl-PL","@id":"https:\/\/airporttelecom.com\/pl\/esim\/mozambik\/#primaryimage","url":"https:\/\/airporttelecom.com\/pl\/wp-content\/uploads\/sites\/7\/2024\/06\/Simkaart-Mozambique.png","contentUrl":"https:\/\/airporttelecom.com\/pl\/wp-content\/uploads\/sites\/7\/2024\/06\/Simkaart-Mozambique.png","width":800,"height":319,"caption":"Karta SIM Mozambik"},{"@type":"BreadcrumbList","@id":"https:\/\/airporttelecom.com\/pl\/esim\/mozambik\/#breadcrumb","itemListElement":[{"@type":"ListItem","position":1,"name":"Home","item":"https:\/\/airporttelecom.com\/pl\/"},{"@type":"ListItem","position":2,"name":"eSIM","item":"https:\/\/airporttelecom.com\/pl\/esim\/"},{"@type":"ListItem","position":3,"name":"Mozambik"}]},{"@type":"WebSite","@id":"https:\/\/airporttelecom.com\/pl\/#website","url":"https:\/\/airporttelecom.com\/pl\/","name":"Airport Telecom","description":"","publisher":{"@id":"https:\/\/airporttelecom.com\/pl\/#organization"},"potentialAction":[{"@type":"SearchAction","target":{"@type":"EntryPoint","urlTemplate":"https:\/\/airporttelecom.com\/pl\/?s={search_term_string}"},"query-input":{"@type":"PropertyValueSpecification","valueRequired":true,"valueName":"search_term_string"}}],"inLanguage":"pl-PL"},{"@type":"Organization","@id":"https:\/\/airporttelecom.com\/pl\/#organization","name":"Airport Telecom","url":"https:\/\/airporttelecom.com\/pl\/","logo":{"@type":"ImageObject","inLanguage":"pl-PL","@id":"https:\/\/airporttelecom.com\/pl\/#\/schema\/logo\/image\/","url":"https:\/\/airporttelecom.com\/pl\/wp-content\/uploads\/sites\/7\/2024\/06\/icon.png?wsr","contentUrl":"https:\/\/airporttelecom.com\/pl\/wp-content\/uploads\/sites\/7\/2024\/06\/icon.png?wsr","width":110,"height":110,"caption":"Airport Telecom"},"image":{"@id":"https:\/\/airporttelecom.com\/pl\/#\/schema\/logo\/image\/"}}]}},"custom_permalink":"esim\/mozambik","_links":{"self":[{"href":"https:\/\/airporttelecom.com\/pl\/wp-json\/wp\/v2\/product\/1540","targetHints":{"allow":["GET"]}}],"collection":[{"href":"https:\/\/airporttelecom.com\/pl\/wp-json\/wp\/v2\/product"}],"about":[{"href":"https:\/\/airporttelecom.com\/pl\/wp-json\/wp\/v2\/types\/product"}],"replies":[{"embeddable":true,"href":"https:\/\/airporttelecom.com\/pl\/wp-json\/wp\/v2\/comments?post=1540"}],"wp:featuredmedia":[{"embeddable":true,"href":"https:\/\/airporttelecom.com\/pl\/wp-json\/wp\/v2\/media\/1152"}],"wp:attachment":[{"href":"https:\/\/airporttelecom.com\/pl\/wp-json\/wp\/v2\/media?parent=1540"}],"wp:term":[{"taxonomy":"product_brand","embeddable":true,"href":"https:\/\/airporttelecom.com\/pl\/wp-json\/wp\/v2\/product_brand?post=1540"},{"taxonomy":"product_cat","embeddable":true,"href":"https:\/\/airporttelecom.com\/pl\/wp-json\/wp\/v2\/product_cat?post=1540"},{"taxonomy":"product_tag","embeddable":true,"href":"https:\/\/airporttelecom.com\/pl\/wp-json\/wp\/v2\/product_tag?post=1540"}],"curies":[{"name":"wp","href":"https:\/\/api.w.org\/{rel}","templated":true}]}}