{"id":1546,"date":"2024-09-12T10:51:41","date_gmt":"2024-09-12T10:51:41","guid":{"rendered":"https:\/\/airporttelecom.outperforming.nl\/nl\/product\/esim-zuid-afrika\/"},"modified":"2026-02-26T11:26:19","modified_gmt":"2026-02-26T11:26:19","slug":"esim-zuid-afrika","status":"publish","type":"product","link":"https:\/\/airporttelecom.com\/pl\/esim\/republika-poludniowej-afryki\/","title":{"rendered":"eSIM Republika Po\u0142udniowej Afryki"},"content":{"rendered":"","protected":false},"excerpt":{"rendered":"","protected":false},"featured_media":1385,"comment_status":"open","ping_status":"closed","template":"","meta":{"_acf_changed":false},"product_brand":[],"product_cat":[16],"product_tag":[39],"class_list":{"0":"post-1546","1":"product","2":"type-product","3":"status-publish","4":"has-post-thumbnail","6":"product_cat-esim","7":"product_tag-esim-afryka","9":"first","10":"instock","11":"taxable","12":"shipping-taxable","13":"purchasable","14":"product-type-variable"},"acf":{"gebied_afbeelding":1884,"vlag_afbeelding":356,"provider":["NEX"],"product_synoniemen":null,"product_bestel_velden":["vertrekdatum"],"product_omschrijving":"<h2>Mobilny internet w Republice Po\u0142udniowej Afryki z <span class=\"TextRun SCXW69089361 BCX0\" lang=\"NL-NL\" xml:lang=\"NL-NL\" data-contrast=\"none\"><span class=\"SpellingError SCXW69089361 BCX0\">eSIM <\/span><\/span>RPA<\/h2>\r\nDzi\u0119ki karcie eSIM do Republiki Po\u0142udniowej Afryki mo\u017cesz korzysta\u0107 z szybkiego i stabilnego internetu mobilnego na terenie ca\u0142ego kraju \u2013 bez roamingu i bez dodatkowych formalno\u015bci. eSIM aktywuje si\u0119 automatycznie po przybyciu do RPA.\r\n\r\nDo wyboru masz dwa pakiety danych:\r\n<ul>\r\n \t<li><strong>12 GB internetu<\/strong> \u2013 idealny na standardowe korzystanie z sieci podczas podr\u00f3\u017cy,<\/li>\r\n \t<li><strong>nielimitowany internet<\/strong> \u2013 doskona\u0142y dla os\u00f3b intensywnie korzystaj\u0105cych z aplikacji i medi\u00f3w online.<\/li>\r\n<\/ul>\r\nOba pakiety zapewniaj\u0105 szybki dost\u0119p do sieci w technologii <strong>4G\/5G<\/strong>, umo\u017cliwiaj\u0105c wygodne korzystanie z poczty e-mail, WhatsApp, nawigacji GPS, map online oraz innych aplikacji internetowych.\r\n<h2>WhatsApp z <span class=\"TextRun SCXW69089361 BCX0\" lang=\"NL-NL\" xml:lang=\"NL-NL\" data-contrast=\"none\"><span class=\"SpellingError SCXW69089361 BCX0\">eSIM<\/span><\/span> RPA<\/h2>\r\n<p data-start=\"61\" data-end=\"309\">Wszystkie po\u0142\u0105czenia realizowane przez internet, takie jak WhatsApp, Skype czy FaceTime, b\u0119d\u0105 dzia\u0142a\u0107 bez problemu. Korzystasz wtedy z pakietu danych dost\u0119pnego na karcie eSIM, dok\u0142adnie tak samo jak w przypadku innych aplikacji.<\/p>\r\n<p data-start=\"311\" data-end=\"699\">Mo\u017cesz nadal u\u017cywa\u0107 WhatsApp w standardowy spos\u00f3b. Je\u015bli aplikacja wykryje, \u017ce w telefonie aktywowano now\u0105 kart\u0119 eSIM, mo\u017ce zapyta\u0107, czy chcesz utworzy\u0107 nowe konto, czy zachowa\u0107 obecne ustawienia. Wybieraj\u0105c opcj\u0119 pozostawienia zmian bez modyfikacji, Twoje konto pozostanie bez zmian. Zachowasz dotychczasow\u0105 to\u017csamo\u015b\u0107 w WhatsApp, wraz ze wszystkimi kontaktami, grupami i histori\u0105 czat\u00f3w.<\/p>\r\n\r\n<h2>Zasi\u0119g sieci kom\u00f3rkowej i internetu mobilnego w Republice Po\u0142udniowej Afryki<\/h2>\r\nZasi\u0119g sieci kom\u00f3rkowej w Republice Po\u0142udniowej Afryki jest na og\u00f3\u0142 bardzo dobry, zw\u0142aszcza w du\u017cych miastach, takich jak Kapsztad, Johannesburg, Durban, Pretoria, Bloemfontein oraz Port Elizabeth. Na obszarach miejskich i turystycznych internet mobilny 4G\/5G dzia\u0142a stabilnie, umo\u017cliwiaj\u0105c swobodne korzystanie z map, komunikator\u00f3w, medi\u00f3w spo\u0142eczno\u015bciowych oraz innych us\u0142ug online.\r\n\r\nNale\u017cy jednak pami\u0119ta\u0107, \u017ce Republika Po\u0142udniowej Afryki to rozleg\u0142y kraj obejmuj\u0105cy r\u00f3wnie\u017c mniej zaludnione regiony, gdzie zasi\u0119g mo\u017ce by\u0107 ograniczony lub czasowo niedost\u0119pny. Dotyczy to zw\u0142aszcza teren\u00f3w naturalnych oraz park\u00f3w narodowych, takich jak Park Narodowy Krugera, Addo Elephant National Park czy Golden Gate Highlands National Park. Z kolei popularne miejsca turystyczne w pobli\u017cu Kapsztadu, m.in. G\u00f3ra Sto\u0142owa i Przyl\u0105dek Dobrej Nadziei, oferuj\u0105 zazwyczaj bardzo dobry zasi\u0119g internetu mobilnego.\r\n\r\nKorzystaj\u0105c z eSIM w RPA, mo\u017cesz liczy\u0107 na stabilny dost\u0119p do internetu w miastach i najwa\u017cniejszych regionach turystycznych \u2013 bez roamingu i bez konieczno\u015bci wymiany fizycznej karty SIM.\r\n<h2><span data-contrast=\"none\">eSIM do RPA otrzymasz e-mailem<\/span><\/h2>\r\n<span data-contrast=\"none\">eSIM do Republiki Po\u0142udniowej Afryki otrzymasz od nas e-mailem. To szybkie i proste rozwi\u0105zanie \u2013 dost\u0119pne, gdy jeste\u015b ju\u017c w RPA lub wkr\u00f3tce wyruszasz w podr\u00f3\u017c.<\/span>","product_specificaties":"<h2>Zalety <span class=\"TextRun SCXW246741514 BCX0\" lang=\"NL-NL\" xml:lang=\"NL-NL\" data-contrast=\"none\"><span class=\"SpellingError SCXW246741514 BCX0\">eSIM RPA<\/span><\/span><\/h2>\r\n<ul>\r\n \t<li>Mobilna transmisja danych dzia\u0142a na terenie ca\u0142ej Republika Po\u0142udniowej Afryki, zapewniaj\u0105c stabilny dost\u0119p do internetu podczas podr\u00f3\u017cy.<\/li>\r\n \t<li>Funkcja <strong>hotspot<\/strong> oraz urz\u0105dzenia <strong>MiFi<\/strong> s\u0105 kompatybilne z t\u0105 kart\u0105 eSIM RPA, dzi\u0119ki czemu mo\u017cesz udost\u0119pnia\u0107 internet innym urz\u0105dzeniom, takim jak laptop czy tablet.<\/li>\r\n \t<li>eSIM do Republiki Po\u0142udniowej Afryki otrzymasz e-mailem zaraz po zakupie. Kart\u0119 eSIM mo\u017cesz kupi\u0107 przed wyjazdem lub podczas pobytu w RPA<\/li>\r\n \t<li>eSIM RPA dzia\u0142a wy\u0142\u0105cznie w telefonach obs\u0142uguj\u0105cych t\u0119 technologi\u0119. Przed zakupem sprawd\u017a, czy Tw\u00f3j smartfon wspiera eSIM. Technologia eSIM jest kompatybilna m.in. z modelami iPhone XS, iPhone XS Max, iPhone XR oraz nowszymi seriami, takimi jak iPhone 11, iPhone 12, iPhone 13, iPhone 14, iPhone 15, iPhone 16 i nowszymi.<\/li>\r\n<\/ul>\r\n<h2>Dane mobilne i po\u0142\u0105czenia w Republice Po\u0142udniowej Afryki<\/h2>\r\n<ul>\r\n \t<li>\r\n<p data-start=\"143\" data-end=\"186\">Dost\u0119pne s\u0105 dwa warianty <strong data-start=\"168\" data-end=\"183\">eSIM do RPA<\/strong>:<\/p>\r\n\r\n<ul data-start=\"188\" data-end=\"345\">\r\n \t<li data-start=\"188\" data-end=\"253\">\r\n<p data-start=\"190\" data-end=\"253\"><strong data-start=\"190\" data-end=\"211\">eSIM 12 GB danych<\/strong> \u2013 pakiet zawiera 12 GB internetu w RPA.<\/p>\r\n<\/li>\r\n \t<li data-start=\"254\" data-end=\"345\">\r\n<p data-start=\"256\" data-end=\"345\"><strong data-start=\"256\" data-end=\"283\">eSIM Nielimitowane dane<\/strong>* \u2013 pakiet oferuje nielimitowany dost\u0119p do internetu w RPA*<\/p>\r\n<\/li>\r\n<\/ul>\r\n<\/li>\r\n<\/ul>\r\nPakiety danych s\u0105 wa\u017cne przez 30 dni od momentu aktywacji. (*) Obowi\u0105zuj\u0105 zasady dozwolonego korzystania z us\u0142ug. W przypadku nadmiernego zu\u017cycia danych lub nietypowego korzystania z po\u0142\u0105cze\u0144, operator w RPA mo\u017ce tymczasowo ograniczy\u0107 funkcjonalno\u015b\u0107 karty eSIM.","product_handleiding":"","product_veelgestelde_vragen":[{"vraag":"Kt\u00f3ry eSIM wybra\u0107 do RPA? ","antwoord":"W przypadku kr\u00f3tkiego, kilkudniowego pobytu prawdopodobnie nie b\u0119dziesz potrzebowa\u0107 du\u017cej ilo\u015bci danych. Pakiet 12 GB danych dla Republiki Po\u0142udniowej Afryki mo\u017ce okaza\u0107 si\u0119 wystarczaj\u0105cy. Aplikacje takie jak WhatsApp, Instagram i nawigacja nie zu\u017cywaj\u0105 du\u017co danych. W przypadku d\u0142u\u017cszego pobytu warto wybra\u0107 opcj\u0119 nielimitowanego internetu, aby mie\u0107 wystarczaj\u0105c\u0105 ilo\u015b\u0107 danych. "},{"vraag":"Gdzie najlepiej kupi\u0107 eSIM do Republiki Po\u0142udniowej Afryki? ","antwoord":"Kup online kart\u0119 eSIM do Republiki Po\u0142udniowej Afryki od Airport Telecom. Kart\u0119 eSIM otrzymasz poczt\u0105 elektroniczn\u0105. Jest to kod QR, kt\u00f3ry nale\u017cy zeskanowa\u0107 telefonem. Mo\u017cesz to zrobi\u0107, nawet je\u015bli jeste\u015b ju\u017c w RPA lub wkr\u00f3tce wyruszasz w podr\u00f3\u017c. "}]},"yoast_head":"<!-- This site is optimized with the Yoast SEO Premium plugin v24.4 (Yoast SEO v26.9) - https:\/\/yoast.com\/product\/yoast-seo-premium-wordpress\/ -->\n<title>eSIM Republika Po\u0142udniowej Afryki kupi\u0107 przedp\u0142acony pakiet (nieograniczone) po\u0142\u0105czenia i internet - Airport Telecom PL<\/title>\n<meta name=\"description\" content=\"Szukasz karty przedp\u0142aconej eSIM Republika Po\u0142udniowej Afryki na (nieograniczone) rozmowy i internet? Optymalna dost\u0119pno\u015b\u0107 podczas podr\u00f3\u017cy w eSIM Afryka. Ju\u017c w sprzeda\u017cy od !\" \/>\n<meta name=\"robots\" content=\"index, follow, max-snippet:-1, max-image-preview:large, max-video-preview:-1\" \/>\n<link rel=\"canonical\" href=\"https:\/\/airporttelecom.com\/pl\/esim\/republika-poludniowej-afryki\/\" \/>\n<meta property=\"og:locale\" content=\"pl_PL\" \/>\n<meta property=\"og:type\" content=\"article\" \/>\n<meta property=\"og:title\" content=\"eSIM Republika Po\u0142udniowej Afryki\" \/>\n<meta property=\"og:description\" content=\"Szukasz karty przedp\u0142aconej eSIM Republika Po\u0142udniowej Afryki na (nieograniczone) rozmowy i internet? Optymalna dost\u0119pno\u015b\u0107 podczas podr\u00f3\u017cy w eSIM Afryka. Ju\u017c w sprzeda\u017cy od !\" \/>\n<meta property=\"og:url\" content=\"https:\/\/airporttelecom.com\/pl\/esim\/republika-poludniowej-afryki\/\" \/>\n<meta property=\"og:site_name\" content=\"Airport Telecom PL\" \/>\n<meta property=\"article:modified_time\" content=\"2026-02-26T11:26:19+00:00\" \/>\n<meta property=\"og:image\" content=\"https:\/\/airporttelecom.com\/pl\/wp-content\/uploads\/sites\/7\/2024\/06\/Simkaart-Zuid-Afrika.png\" \/>\n\t<meta property=\"og:image:width\" content=\"800\" \/>\n\t<meta property=\"og:image:height\" content=\"318\" \/>\n\t<meta property=\"og:image:type\" content=\"image\/png\" \/>\n<meta name=\"twitter:card\" content=\"summary_large_image\" \/>\n<meta name=\"twitter:label1\" content=\"Szacowany czas czytania\" \/>\n\t<meta name=\"twitter:data1\" content=\"1 minuta\" \/>\n<script type=\"application\/ld+json\" class=\"yoast-schema-graph\">{\"@context\":\"https:\/\/schema.org\",\"@graph\":[{\"@type\":\"WebPage\",\"@id\":\"https:\/\/airporttelecom.com\/pl\/esim\/republika-poludniowej-afryki\/\",\"url\":\"https:\/\/airporttelecom.com\/pl\/esim\/republika-poludniowej-afryki\/\",\"name\":\"eSIM Republika Po\u0142udniowej Afryki kupi\u0107 przedp\u0142acony pakiet (nieograniczone) po\u0142\u0105czenia i internet - Airport Telecom PL\",\"isPartOf\":{\"@id\":\"https:\/\/airporttelecom.com\/pl\/#website\"},\"primaryImageOfPage\":{\"@id\":\"https:\/\/airporttelecom.com\/pl\/esim\/republika-poludniowej-afryki\/#primaryimage\"},\"image\":{\"@id\":\"https:\/\/airporttelecom.com\/pl\/esim\/republika-poludniowej-afryki\/#primaryimage\"},\"thumbnailUrl\":\"https:\/\/airporttelecom.com\/pl\/wp-content\/uploads\/sites\/7\/2024\/06\/Simkaart-Zuid-Afrika.png\",\"datePublished\":\"2024-09-12T10:51:41+00:00\",\"dateModified\":\"2026-02-26T11:26:19+00:00\",\"description\":\"Szukasz karty przedp\u0142aconej eSIM Republika Po\u0142udniowej Afryki na (nieograniczone) rozmowy i internet? Optymalna dost\u0119pno\u015b\u0107 podczas podr\u00f3\u017cy w eSIM Afryka. Ju\u017c w sprzeda\u017cy od !\",\"breadcrumb\":{\"@id\":\"https:\/\/airporttelecom.com\/pl\/esim\/republika-poludniowej-afryki\/#breadcrumb\"},\"inLanguage\":\"pl-PL\",\"potentialAction\":[{\"@type\":\"ReadAction\",\"target\":[\"https:\/\/airporttelecom.com\/pl\/esim\/republika-poludniowej-afryki\/\"]}]},{\"@type\":\"ImageObject\",\"inLanguage\":\"pl-PL\",\"@id\":\"https:\/\/airporttelecom.com\/pl\/esim\/republika-poludniowej-afryki\/#primaryimage\",\"url\":\"https:\/\/airporttelecom.com\/pl\/wp-content\/uploads\/sites\/7\/2024\/06\/Simkaart-Zuid-Afrika.png\",\"contentUrl\":\"https:\/\/airporttelecom.com\/pl\/wp-content\/uploads\/sites\/7\/2024\/06\/Simkaart-Zuid-Afrika.png\",\"width\":800,\"height\":318,\"caption\":\"Karta SIM Republika Po\u0142udniowej Afryki\"},{\"@type\":\"BreadcrumbList\",\"@id\":\"https:\/\/airporttelecom.com\/pl\/esim\/republika-poludniowej-afryki\/#breadcrumb\",\"itemListElement\":[{\"@type\":\"ListItem\",\"position\":1,\"name\":\"Home\",\"item\":\"https:\/\/airporttelecom.com\/pl\/\"},{\"@type\":\"ListItem\",\"position\":2,\"name\":\"eSIM\",\"item\":\"https:\/\/airporttelecom.com\/pl\/esim\/\"},{\"@type\":\"ListItem\",\"position\":3,\"name\":\"Republika Po\u0142udniowej Afryki\"}]},{\"@type\":\"WebSite\",\"@id\":\"https:\/\/airporttelecom.com\/pl\/#website\",\"url\":\"https:\/\/airporttelecom.com\/pl\/\",\"name\":\"Airport Telecom\",\"description\":\"\",\"publisher\":{\"@id\":\"https:\/\/airporttelecom.com\/pl\/#organization\"},\"potentialAction\":[{\"@type\":\"SearchAction\",\"target\":{\"@type\":\"EntryPoint\",\"urlTemplate\":\"https:\/\/airporttelecom.com\/pl\/?s={search_term_string}\"},\"query-input\":{\"@type\":\"PropertyValueSpecification\",\"valueRequired\":true,\"valueName\":\"search_term_string\"}}],\"inLanguage\":\"pl-PL\"},{\"@type\":\"Organization\",\"@id\":\"https:\/\/airporttelecom.com\/pl\/#organization\",\"name\":\"Airport Telecom\",\"url\":\"https:\/\/airporttelecom.com\/pl\/\",\"logo\":{\"@type\":\"ImageObject\",\"inLanguage\":\"pl-PL\",\"@id\":\"https:\/\/airporttelecom.com\/pl\/#\/schema\/logo\/image\/\",\"url\":\"https:\/\/airporttelecom.com\/pl\/wp-content\/uploads\/sites\/7\/2024\/06\/icon.png?wsr\",\"contentUrl\":\"https:\/\/airporttelecom.com\/pl\/wp-content\/uploads\/sites\/7\/2024\/06\/icon.png?wsr\",\"width\":110,\"height\":110,\"caption\":\"Airport Telecom\"},\"image\":{\"@id\":\"https:\/\/airporttelecom.com\/pl\/#\/schema\/logo\/image\/\"}}]}<\/script>\n<!-- \/ Yoast SEO Premium plugin. -->","yoast_head_json":{"title":"eSIM Republika Po\u0142udniowej Afryki kupi\u0107 przedp\u0142acony pakiet (nieograniczone) po\u0142\u0105czenia i internet - Airport Telecom PL","description":"Szukasz karty przedp\u0142aconej eSIM Republika Po\u0142udniowej Afryki na (nieograniczone) rozmowy i internet? Optymalna dost\u0119pno\u015b\u0107 podczas podr\u00f3\u017cy w eSIM Afryka. Ju\u017c w sprzeda\u017cy od !","robots":{"index":"index","follow":"follow","max-snippet":"max-snippet:-1","max-image-preview":"max-image-preview:large","max-video-preview":"max-video-preview:-1"},"canonical":"https:\/\/airporttelecom.com\/pl\/esim\/republika-poludniowej-afryki\/","og_locale":"pl_PL","og_type":"article","og_title":"eSIM Republika Po\u0142udniowej Afryki","og_description":"Szukasz karty przedp\u0142aconej eSIM Republika Po\u0142udniowej Afryki na (nieograniczone) rozmowy i internet? Optymalna dost\u0119pno\u015b\u0107 podczas podr\u00f3\u017cy w eSIM Afryka. Ju\u017c w sprzeda\u017cy od !","og_url":"https:\/\/airporttelecom.com\/pl\/esim\/republika-poludniowej-afryki\/","og_site_name":"Airport Telecom PL","article_modified_time":"2026-02-26T11:26:19+00:00","og_image":[{"width":800,"height":318,"url":"https:\/\/airporttelecom.com\/pl\/wp-content\/uploads\/sites\/7\/2024\/06\/Simkaart-Zuid-Afrika.png","type":"image\/png"}],"twitter_card":"summary_large_image","twitter_misc":{"Szacowany czas czytania":"1 minuta"},"schema":{"@context":"https:\/\/schema.org","@graph":[{"@type":"WebPage","@id":"https:\/\/airporttelecom.com\/pl\/esim\/republika-poludniowej-afryki\/","url":"https:\/\/airporttelecom.com\/pl\/esim\/republika-poludniowej-afryki\/","name":"eSIM Republika Po\u0142udniowej Afryki kupi\u0107 przedp\u0142acony pakiet (nieograniczone) po\u0142\u0105czenia i internet - Airport Telecom PL","isPartOf":{"@id":"https:\/\/airporttelecom.com\/pl\/#website"},"primaryImageOfPage":{"@id":"https:\/\/airporttelecom.com\/pl\/esim\/republika-poludniowej-afryki\/#primaryimage"},"image":{"@id":"https:\/\/airporttelecom.com\/pl\/esim\/republika-poludniowej-afryki\/#primaryimage"},"thumbnailUrl":"https:\/\/airporttelecom.com\/pl\/wp-content\/uploads\/sites\/7\/2024\/06\/Simkaart-Zuid-Afrika.png","datePublished":"2024-09-12T10:51:41+00:00","dateModified":"2026-02-26T11:26:19+00:00","description":"Szukasz karty przedp\u0142aconej eSIM Republika Po\u0142udniowej Afryki na (nieograniczone) rozmowy i internet? Optymalna dost\u0119pno\u015b\u0107 podczas podr\u00f3\u017cy w eSIM Afryka. Ju\u017c w sprzeda\u017cy od !","breadcrumb":{"@id":"https:\/\/airporttelecom.com\/pl\/esim\/republika-poludniowej-afryki\/#breadcrumb"},"inLanguage":"pl-PL","potentialAction":[{"@type":"ReadAction","target":["https:\/\/airporttelecom.com\/pl\/esim\/republika-poludniowej-afryki\/"]}]},{"@type":"ImageObject","inLanguage":"pl-PL","@id":"https:\/\/airporttelecom.com\/pl\/esim\/republika-poludniowej-afryki\/#primaryimage","url":"https:\/\/airporttelecom.com\/pl\/wp-content\/uploads\/sites\/7\/2024\/06\/Simkaart-Zuid-Afrika.png","contentUrl":"https:\/\/airporttelecom.com\/pl\/wp-content\/uploads\/sites\/7\/2024\/06\/Simkaart-Zuid-Afrika.png","width":800,"height":318,"caption":"Karta SIM Republika Po\u0142udniowej Afryki"},{"@type":"BreadcrumbList","@id":"https:\/\/airporttelecom.com\/pl\/esim\/republika-poludniowej-afryki\/#breadcrumb","itemListElement":[{"@type":"ListItem","position":1,"name":"Home","item":"https:\/\/airporttelecom.com\/pl\/"},{"@type":"ListItem","position":2,"name":"eSIM","item":"https:\/\/airporttelecom.com\/pl\/esim\/"},{"@type":"ListItem","position":3,"name":"Republika Po\u0142udniowej Afryki"}]},{"@type":"WebSite","@id":"https:\/\/airporttelecom.com\/pl\/#website","url":"https:\/\/airporttelecom.com\/pl\/","name":"Airport Telecom","description":"","publisher":{"@id":"https:\/\/airporttelecom.com\/pl\/#organization"},"potentialAction":[{"@type":"SearchAction","target":{"@type":"EntryPoint","urlTemplate":"https:\/\/airporttelecom.com\/pl\/?s={search_term_string}"},"query-input":{"@type":"PropertyValueSpecification","valueRequired":true,"valueName":"search_term_string"}}],"inLanguage":"pl-PL"},{"@type":"Organization","@id":"https:\/\/airporttelecom.com\/pl\/#organization","name":"Airport Telecom","url":"https:\/\/airporttelecom.com\/pl\/","logo":{"@type":"ImageObject","inLanguage":"pl-PL","@id":"https:\/\/airporttelecom.com\/pl\/#\/schema\/logo\/image\/","url":"https:\/\/airporttelecom.com\/pl\/wp-content\/uploads\/sites\/7\/2024\/06\/icon.png?wsr","contentUrl":"https:\/\/airporttelecom.com\/pl\/wp-content\/uploads\/sites\/7\/2024\/06\/icon.png?wsr","width":110,"height":110,"caption":"Airport Telecom"},"image":{"@id":"https:\/\/airporttelecom.com\/pl\/#\/schema\/logo\/image\/"}}]}},"custom_permalink":"esim\/republika-poludniowej-afryki","_links":{"self":[{"href":"https:\/\/airporttelecom.com\/pl\/wp-json\/wp\/v2\/product\/1546","targetHints":{"allow":["GET"]}}],"collection":[{"href":"https:\/\/airporttelecom.com\/pl\/wp-json\/wp\/v2\/product"}],"about":[{"href":"https:\/\/airporttelecom.com\/pl\/wp-json\/wp\/v2\/types\/product"}],"replies":[{"embeddable":true,"href":"https:\/\/airporttelecom.com\/pl\/wp-json\/wp\/v2\/comments?post=1546"}],"wp:featuredmedia":[{"embeddable":true,"href":"https:\/\/airporttelecom.com\/pl\/wp-json\/wp\/v2\/media\/1385"}],"wp:attachment":[{"href":"https:\/\/airporttelecom.com\/pl\/wp-json\/wp\/v2\/media?parent=1546"}],"wp:term":[{"taxonomy":"product_brand","embeddable":true,"href":"https:\/\/airporttelecom.com\/pl\/wp-json\/wp\/v2\/product_brand?post=1546"},{"taxonomy":"product_cat","embeddable":true,"href":"https:\/\/airporttelecom.com\/pl\/wp-json\/wp\/v2\/product_cat?post=1546"},{"taxonomy":"product_tag","embeddable":true,"href":"https:\/\/airporttelecom.com\/pl\/wp-json\/wp\/v2\/product_tag?post=1546"}],"curies":[{"name":"wp","href":"https:\/\/api.w.org\/{rel}","templated":true}]}}