{"id":1549,"date":"2024-09-12T10:51:42","date_gmt":"2024-09-12T10:51:42","guid":{"rendered":"https:\/\/airporttelecom.outperforming.nl\/nl\/product\/esim-tanzania\/"},"modified":"2025-11-18T10:14:58","modified_gmt":"2025-11-18T10:14:58","slug":"eSIM-tanzania","status":"publish","type":"product","link":"https:\/\/airporttelecom.com\/pl\/esim\/tanzania\/","title":{"rendered":"eSIM Tanzania"},"content":{"rendered":"","protected":false},"excerpt":{"rendered":"","protected":false},"featured_media":710,"comment_status":"open","ping_status":"closed","template":"","meta":{"_acf_changed":false},"product_brand":[],"product_cat":[16],"product_tag":[39],"class_list":{"0":"post-1549","1":"product","2":"type-product","3":"status-publish","4":"has-post-thumbnail","6":"product_cat-esim","7":"product_tag-esim-afryka","9":"first","10":"instock","11":"taxable","12":"shipping-taxable","13":"purchasable","14":"product-type-variable","15":"has-default-attributes"},"acf":{"gebied_afbeelding":634,"vlag_afbeelding":354,"provider":["BIC"],"product_synoniemen":null,"product_bestel_velden":"","product_omschrijving":"<h2>internet mobilny z kart\u0105 eSIM do Tanzanii<\/h2>\r\nDzi\u0119ki przedp\u0142aconym kartom eSIM Airport Telecom Tanzania mo\u017cesz korzysta\u0107 z mobilnego internetu w ca\u0142ej Tanzanii. Do wyboru s\u0105 r\u00f3\u017cne pakiety danych. Pakiety danych to idealne rozwi\u0105zanie do korzystania z internetu w podr\u00f3\u017cy. Dzi\u0119ki szybkiemu i stabilnemu po\u0142\u0105czeniu 4G\/5G zapewniaj\u0105 wygodny dost\u0119p do poczty e-mail, WhatsAppa, nawigacji GPS oraz innych aplikacji mobilnych.<h2>Dane mobilne i po\u0142\u0105czenia podczas podr\u00f3\u017cy do Tanzanii<\/h2>\r\nKarty eSIM do Tanzanii mo\u017cna kupi\u0107 z pakietem danych 3 GB, 6 GB i 12 GB.<h2>Zasi\u0119g sieci kom\u00f3rkowej i dost\u0119p do internetu mobilnego w Tanzanii<\/h2>\r\nZasi\u0119g kart <span class=\"TextRun SCXW6223271 BCX0\" lang=\"NL-NL\" xml:lang=\"NL-NL\" data-contrast=\"none\"><span class=\"SpellingError SCXW6223271 BCX0\">eSIM <\/span><\/span>do transmisji danych i po\u0142\u0105cze\u0144 w Tanzanii r\u00f3\u017cni si\u0119 od zasi\u0119gu w Europie. W s\u0142abo zaludnionych obszarach i parkach narodowych, takich jak Serengeti, telefon cz\u0119sto nie dzia\u0142a. Mimo to telefony kom\u00f3rkowe s\u0105 u\u017cywane przez wielu Tanza\u0144czyk\u00f3w. W Dar Es Salaam zasi\u0119g jest ca\u0142kiem dobry. To samo dotyczy wielu bia\u0142ych pla\u017c Zanzibaru. Na trasie z lotniska Kilimand\u017caro do Aruszy prawdopodobnie mo\u017cna korzysta\u0107 z Instagramaa i WhatsApp. Jad\u0105c z Aruszy w kierunku krateru Ngorongoro, jest zasi\u0119g telefoniczny i to samo dotyczy wielu miejsc wok\u00f3\u0142 Laka Magadi. Dalej na pocz\u0105tku Serengeti s\u0105 r\u00f3wnie\u017c miejsca z zasi\u0119giem, ale g\u0142\u0119biej w obszar jest mniej. Wi\u0119c g\u0142\u00f3wnie ciesz si\u0119 safari i przesy\u0142aj zdj\u0119cia p\u00f3\u017aniej, gdy zn\u00f3w b\u0119dzie sie\u0107.<h2><span data-contrast=\"none\">Tanzania eSIM otrzymana drog\u0105 mailow\u0105<\/span><span data-ccp-props=\"{&quot;201341983&quot;:0,&quot;335559739&quot;:0,&quot;335559740&quot;:240}\"> <\/span><\/h2>\r\n<span data-contrast=\"none\">Kart\u0119 eSIM do Tanzanii wysy\u0142amy poczt\u0105 elektroniczn\u0105. To szybkie i proste rozwi\u0105zanie \u2013 dost\u0119pne, gdy jeste\u015b ju\u017c w Tanzanii lub wkr\u00f3tce wyruszasz w podr\u00f3\u017c.<\/span><span data-ccp-props=\"{&quot;201341983&quot;:0,&quot;335559739&quot;:0,&quot;335559740&quot;:240}\"> <\/span>","product_specificaties":"<h2>Zalety <span class=\"TextRun SCXW6223271 BCX0\" lang=\"NL-NL\" xml:lang=\"NL-NL\" data-contrast=\"none\"><span class=\"SpellingError SCXW6223271 BCX0\">eSIM <\/span><\/span>Tanzania<\/h2>\r\nTa karta eSIM dzia\u0142a r\u00f3wnie\u017c na Zanzibarze.<span data-contrast=\"auto\">Karta<\/span> eSIM<span data-contrast=\"auto\">Tanzania obs\u0142uguje funkcj\u0119 tetheringu, dzi\u0119ki czemu mo\u017cna jej u\u017cywa\u0107 r\u00f3wnie\u017c do hotspot\u00f3w i MIFI.<\/span><span data-ccp-props=\"{}\"> <\/span><span data-contrast=\"auto\">Karta e<\/span>SIM<span data-contrast=\"auto\">dla Tanzanii zostanie wys\u0142ana poczt\u0105 e-mail. Jest to kod QR, kt\u00f3ry nale\u017cy zeskanowa\u0107 telefonem. Mo\u017cesz to zrobi\u0107, gdy jeste\u015b ju\u017c w Tanzanii lub gdy wyje\u017cd\u017casz w bardzo kr\u00f3tkim czasie.<\/span><span data-ccp-props=\"{}\"> <\/span><span data-contrast=\"auto\">Zalet\u0105 wariantu eSIM jest to, \u017ce mo\u017cesz przesy\u0142a\u0107 dane w Tanzanii za po\u015brednictwem przedp\u0142aconego pakietu danych, pozostaj\u0105c jednocze\u015bnie dost\u0119pnym pod w\u0142asnym numerem telefonu kom\u00f3rkowego.<\/span><span data-ccp-props=\"{}\"> <\/span><span data-contrast=\"auto\">eSIM mo\u017ce by\u0107 u\u017cywany wy\u0142\u0105cznie w smartfonach przystosowanych do tej technologii. Sprawd\u017a kompatybilno\u015b\u0107 przed zakupem. eSIM mo\u017ce by\u0107 u\u017cywany w telefonach iPhone XS, XS Max, XR, iPhone 11 i nowszych.<\/span><span data-ccp-props=\"{}\"> <\/span><h2>Dane mobilne i po\u0142\u0105czenia w Tanzanii<\/h2>\r\ndost\u0119pne s\u0105 trzy warianty <span class=\"TextRun SCXW6223271 BCX0\" lang=\"NL-NL\" xml:lang=\"NL-NL\" data-contrast=\"none\"><span class=\"SpellingError SCXW6223271 BCX0\">eSIM <\/span><\/span>Tanzania:<span data-contrast=\"auto\">3 GB danych <\/span><span data-contrast=\"auto\">\u20ac36,=<\/span><span data-ccp-props=\"{&quot;335551550&quot;:1,&quot;335551620&quot;:1}\"> <\/span><span data-contrast=\"auto\">W tym 3 GB danych<\/span><span data-ccp-props=\"{&quot;335551550&quot;:1,&quot;335551620&quot;:1}\"> <\/span><span data-contrast=\"auto\">6 GB danych <\/span><span data-contrast=\"auto\">\u20ac69,=<\/span><span data-ccp-props=\"{&quot;335551550&quot;:1,&quot;335551620&quot;:1}\"> <\/span><span data-contrast=\"auto\">W tym 6 GB danych<\/span><span data-ccp-props=\"{&quot;335551550&quot;:1,&quot;335551620&quot;:1}\"> <\/span><span data-contrast=\"auto\">12 GB danych <\/span><span data-contrast=\"auto\">\u20ac99,=<\/span><span data-ccp-props=\"{&quot;335551550&quot;:1,&quot;335551620&quot;:1}\"> <\/span><span data-contrast=\"auto\">W tym 12 GB danych<\/span><span data-ccp-props=\"{&quot;335551550&quot;:1,&quot;335551620&quot;:1}\"> <\/span>Pakiety danych s\u0105 wa\u017cne 30 dni po aktywacji.","product_handleiding":"","product_veelgestelde_vragen":[{"vraag":"Kt\u00f3ry eSIM wybra\u0107 do Tanzanii? ","antwoord":"W przypadku kr\u00f3tkiego, kilkudniowego pobytu prawdopodobnie nie b\u0119dziesz potrzebowa\u0107 du\u017cej ilo\u015bci danych. Pakiet 3 GB danych dla Tanzanii mo\u017ce okaza\u0107 si\u0119 wystarczaj\u0105cy. Aplikacje takie jak WhatsApp, Instagram i nawigacja nie zu\u017cywaj\u0105 du\u017co danych. W przypadku d\u0142u\u017cszego pobytu warto zdecydowa\u0107 si\u0119 na pakiet 12 GB, aby mie\u0107 wystarczaj\u0105c\u0105 ilo\u015b\u0107 danych. "},{"vraag":"Gdzie najlepiej kupi\u0107 eSIM do Tanzanii? ","antwoord":"Kup online kart\u0119 eSIM do Tanzania od Airport Telecom. Kart\u0119 eSIM otrzymasz poczt\u0105 elektroniczn\u0105. Jest to kod QR, kt\u00f3ry nale\u017cy zeskanowa\u0107 telefonem. Mo\u017cesz to zrobi\u0107 nawet b\u0119d\u0105c ju\u017c w Tanzanii lub wyje\u017cd\u017caj\u0105c w bardzo kr\u00f3tkim czasie. "}]},"yoast_head":"<!-- This site is optimized with the Yoast SEO Premium plugin v24.4 (Yoast SEO v26.9) - https:\/\/yoast.com\/product\/yoast-seo-premium-wordpress\/ -->\n<title>eSIM Tanzania kupi\u0107 przedp\u0142acony pakiet (nieograniczone) po\u0142\u0105czenia i internet - Airport Telecom PL<\/title>\n<meta name=\"description\" content=\"Szukasz karty przedp\u0142aconej eSIM Tanzania na (nieograniczone) rozmowy i internet? Optymalna dost\u0119pno\u015b\u0107 podczas podr\u00f3\u017cy w eSIM Afryka. Ju\u017c w sprzeda\u017cy od !\" \/>\n<meta name=\"robots\" content=\"index, follow, max-snippet:-1, max-image-preview:large, max-video-preview:-1\" \/>\n<link rel=\"canonical\" href=\"https:\/\/airporttelecom.com\/pl\/esim\/tanzania\/\" \/>\n<meta property=\"og:locale\" content=\"pl_PL\" \/>\n<meta property=\"og:type\" content=\"article\" \/>\n<meta property=\"og:title\" content=\"eSIM Tanzania\" \/>\n<meta property=\"og:description\" content=\"Szukasz karty przedp\u0142aconej eSIM Tanzania na (nieograniczone) rozmowy i internet? Optymalna dost\u0119pno\u015b\u0107 podczas podr\u00f3\u017cy w eSIM Afryka. Ju\u017c w sprzeda\u017cy od !\" \/>\n<meta property=\"og:url\" content=\"https:\/\/airporttelecom.com\/pl\/esim\/tanzania\/\" \/>\n<meta property=\"og:site_name\" content=\"Airport Telecom PL\" \/>\n<meta property=\"article:modified_time\" content=\"2025-11-18T10:14:58+00:00\" \/>\n<meta property=\"og:image\" content=\"https:\/\/airporttelecom.com\/pl\/wp-content\/uploads\/sites\/7\/2024\/06\/Simkaart-Tanzania.png?wsr\" \/>\n\t<meta property=\"og:image:width\" content=\"800\" \/>\n\t<meta property=\"og:image:height\" content=\"319\" \/>\n\t<meta property=\"og:image:type\" content=\"image\/png\" \/>\n<meta name=\"twitter:card\" content=\"summary_large_image\" \/>\n<meta name=\"twitter:label1\" content=\"Szacowany czas czytania\" \/>\n\t<meta name=\"twitter:data1\" content=\"1 minuta\" \/>\n<script type=\"application\/ld+json\" class=\"yoast-schema-graph\">{\"@context\":\"https:\/\/schema.org\",\"@graph\":[{\"@type\":\"WebPage\",\"@id\":\"https:\/\/airporttelecom.com\/pl\/esim\/tanzania\/\",\"url\":\"https:\/\/airporttelecom.com\/pl\/esim\/tanzania\/\",\"name\":\"eSIM Tanzania kupi\u0107 przedp\u0142acony pakiet (nieograniczone) po\u0142\u0105czenia i internet - Airport Telecom PL\",\"isPartOf\":{\"@id\":\"https:\/\/airporttelecom.com\/pl\/#website\"},\"primaryImageOfPage\":{\"@id\":\"https:\/\/airporttelecom.com\/pl\/esim\/tanzania\/#primaryimage\"},\"image\":{\"@id\":\"https:\/\/airporttelecom.com\/pl\/esim\/tanzania\/#primaryimage\"},\"thumbnailUrl\":\"https:\/\/airporttelecom.com\/pl\/wp-content\/uploads\/sites\/7\/2024\/06\/Simkaart-Tanzania.png\",\"datePublished\":\"2024-09-12T10:51:42+00:00\",\"dateModified\":\"2025-11-18T10:14:58+00:00\",\"description\":\"Szukasz karty przedp\u0142aconej eSIM Tanzania na (nieograniczone) rozmowy i internet? Optymalna dost\u0119pno\u015b\u0107 podczas podr\u00f3\u017cy w eSIM Afryka. Ju\u017c w sprzeda\u017cy od !\",\"breadcrumb\":{\"@id\":\"https:\/\/airporttelecom.com\/pl\/esim\/tanzania\/#breadcrumb\"},\"inLanguage\":\"pl-PL\",\"potentialAction\":[{\"@type\":\"ReadAction\",\"target\":[\"https:\/\/airporttelecom.com\/pl\/esim\/tanzania\/\"]}]},{\"@type\":\"ImageObject\",\"inLanguage\":\"pl-PL\",\"@id\":\"https:\/\/airporttelecom.com\/pl\/esim\/tanzania\/#primaryimage\",\"url\":\"https:\/\/airporttelecom.com\/pl\/wp-content\/uploads\/sites\/7\/2024\/06\/Simkaart-Tanzania.png\",\"contentUrl\":\"https:\/\/airporttelecom.com\/pl\/wp-content\/uploads\/sites\/7\/2024\/06\/Simkaart-Tanzania.png\",\"width\":800,\"height\":319,\"caption\":\"Karta SIM Tanzania\"},{\"@type\":\"BreadcrumbList\",\"@id\":\"https:\/\/airporttelecom.com\/pl\/esim\/tanzania\/#breadcrumb\",\"itemListElement\":[{\"@type\":\"ListItem\",\"position\":1,\"name\":\"Home\",\"item\":\"https:\/\/airporttelecom.com\/pl\/\"},{\"@type\":\"ListItem\",\"position\":2,\"name\":\"eSIM\",\"item\":\"https:\/\/airporttelecom.com\/pl\/esim\/\"},{\"@type\":\"ListItem\",\"position\":3,\"name\":\"Tanzania\"}]},{\"@type\":\"WebSite\",\"@id\":\"https:\/\/airporttelecom.com\/pl\/#website\",\"url\":\"https:\/\/airporttelecom.com\/pl\/\",\"name\":\"Airport Telecom\",\"description\":\"\",\"publisher\":{\"@id\":\"https:\/\/airporttelecom.com\/pl\/#organization\"},\"potentialAction\":[{\"@type\":\"SearchAction\",\"target\":{\"@type\":\"EntryPoint\",\"urlTemplate\":\"https:\/\/airporttelecom.com\/pl\/?s={search_term_string}\"},\"query-input\":{\"@type\":\"PropertyValueSpecification\",\"valueRequired\":true,\"valueName\":\"search_term_string\"}}],\"inLanguage\":\"pl-PL\"},{\"@type\":\"Organization\",\"@id\":\"https:\/\/airporttelecom.com\/pl\/#organization\",\"name\":\"Airport Telecom\",\"url\":\"https:\/\/airporttelecom.com\/pl\/\",\"logo\":{\"@type\":\"ImageObject\",\"inLanguage\":\"pl-PL\",\"@id\":\"https:\/\/airporttelecom.com\/pl\/#\/schema\/logo\/image\/\",\"url\":\"https:\/\/airporttelecom.com\/pl\/wp-content\/uploads\/sites\/7\/2024\/06\/icon.png?wsr\",\"contentUrl\":\"https:\/\/airporttelecom.com\/pl\/wp-content\/uploads\/sites\/7\/2024\/06\/icon.png?wsr\",\"width\":110,\"height\":110,\"caption\":\"Airport Telecom\"},\"image\":{\"@id\":\"https:\/\/airporttelecom.com\/pl\/#\/schema\/logo\/image\/\"}}]}<\/script>\n<!-- \/ Yoast SEO Premium plugin. -->","yoast_head_json":{"title":"eSIM Tanzania kupi\u0107 przedp\u0142acony pakiet (nieograniczone) po\u0142\u0105czenia i internet - Airport Telecom PL","description":"Szukasz karty przedp\u0142aconej eSIM Tanzania na (nieograniczone) rozmowy i internet? Optymalna dost\u0119pno\u015b\u0107 podczas podr\u00f3\u017cy w eSIM Afryka. Ju\u017c w sprzeda\u017cy od !","robots":{"index":"index","follow":"follow","max-snippet":"max-snippet:-1","max-image-preview":"max-image-preview:large","max-video-preview":"max-video-preview:-1"},"canonical":"https:\/\/airporttelecom.com\/pl\/esim\/tanzania\/","og_locale":"pl_PL","og_type":"article","og_title":"eSIM Tanzania","og_description":"Szukasz karty przedp\u0142aconej eSIM Tanzania na (nieograniczone) rozmowy i internet? Optymalna dost\u0119pno\u015b\u0107 podczas podr\u00f3\u017cy w eSIM Afryka. Ju\u017c w sprzeda\u017cy od !","og_url":"https:\/\/airporttelecom.com\/pl\/esim\/tanzania\/","og_site_name":"Airport Telecom PL","article_modified_time":"2025-11-18T10:14:58+00:00","og_image":[{"width":800,"height":319,"url":"https:\/\/airporttelecom.com\/pl\/wp-content\/uploads\/sites\/7\/2024\/06\/Simkaart-Tanzania.png?wsr","type":"image\/png"}],"twitter_card":"summary_large_image","twitter_misc":{"Szacowany czas czytania":"1 minuta"},"schema":{"@context":"https:\/\/schema.org","@graph":[{"@type":"WebPage","@id":"https:\/\/airporttelecom.com\/pl\/esim\/tanzania\/","url":"https:\/\/airporttelecom.com\/pl\/esim\/tanzania\/","name":"eSIM Tanzania kupi\u0107 przedp\u0142acony pakiet (nieograniczone) po\u0142\u0105czenia i internet - Airport Telecom PL","isPartOf":{"@id":"https:\/\/airporttelecom.com\/pl\/#website"},"primaryImageOfPage":{"@id":"https:\/\/airporttelecom.com\/pl\/esim\/tanzania\/#primaryimage"},"image":{"@id":"https:\/\/airporttelecom.com\/pl\/esim\/tanzania\/#primaryimage"},"thumbnailUrl":"https:\/\/airporttelecom.com\/pl\/wp-content\/uploads\/sites\/7\/2024\/06\/Simkaart-Tanzania.png","datePublished":"2024-09-12T10:51:42+00:00","dateModified":"2025-11-18T10:14:58+00:00","description":"Szukasz karty przedp\u0142aconej eSIM Tanzania na (nieograniczone) rozmowy i internet? Optymalna dost\u0119pno\u015b\u0107 podczas podr\u00f3\u017cy w eSIM Afryka. Ju\u017c w sprzeda\u017cy od !","breadcrumb":{"@id":"https:\/\/airporttelecom.com\/pl\/esim\/tanzania\/#breadcrumb"},"inLanguage":"pl-PL","potentialAction":[{"@type":"ReadAction","target":["https:\/\/airporttelecom.com\/pl\/esim\/tanzania\/"]}]},{"@type":"ImageObject","inLanguage":"pl-PL","@id":"https:\/\/airporttelecom.com\/pl\/esim\/tanzania\/#primaryimage","url":"https:\/\/airporttelecom.com\/pl\/wp-content\/uploads\/sites\/7\/2024\/06\/Simkaart-Tanzania.png","contentUrl":"https:\/\/airporttelecom.com\/pl\/wp-content\/uploads\/sites\/7\/2024\/06\/Simkaart-Tanzania.png","width":800,"height":319,"caption":"Karta SIM Tanzania"},{"@type":"BreadcrumbList","@id":"https:\/\/airporttelecom.com\/pl\/esim\/tanzania\/#breadcrumb","itemListElement":[{"@type":"ListItem","position":1,"name":"Home","item":"https:\/\/airporttelecom.com\/pl\/"},{"@type":"ListItem","position":2,"name":"eSIM","item":"https:\/\/airporttelecom.com\/pl\/esim\/"},{"@type":"ListItem","position":3,"name":"Tanzania"}]},{"@type":"WebSite","@id":"https:\/\/airporttelecom.com\/pl\/#website","url":"https:\/\/airporttelecom.com\/pl\/","name":"Airport Telecom","description":"","publisher":{"@id":"https:\/\/airporttelecom.com\/pl\/#organization"},"potentialAction":[{"@type":"SearchAction","target":{"@type":"EntryPoint","urlTemplate":"https:\/\/airporttelecom.com\/pl\/?s={search_term_string}"},"query-input":{"@type":"PropertyValueSpecification","valueRequired":true,"valueName":"search_term_string"}}],"inLanguage":"pl-PL"},{"@type":"Organization","@id":"https:\/\/airporttelecom.com\/pl\/#organization","name":"Airport Telecom","url":"https:\/\/airporttelecom.com\/pl\/","logo":{"@type":"ImageObject","inLanguage":"pl-PL","@id":"https:\/\/airporttelecom.com\/pl\/#\/schema\/logo\/image\/","url":"https:\/\/airporttelecom.com\/pl\/wp-content\/uploads\/sites\/7\/2024\/06\/icon.png?wsr","contentUrl":"https:\/\/airporttelecom.com\/pl\/wp-content\/uploads\/sites\/7\/2024\/06\/icon.png?wsr","width":110,"height":110,"caption":"Airport Telecom"},"image":{"@id":"https:\/\/airporttelecom.com\/pl\/#\/schema\/logo\/image\/"}}]}},"custom_permalink":"esim\/tanzania","_links":{"self":[{"href":"https:\/\/airporttelecom.com\/pl\/wp-json\/wp\/v2\/product\/1549","targetHints":{"allow":["GET"]}}],"collection":[{"href":"https:\/\/airporttelecom.com\/pl\/wp-json\/wp\/v2\/product"}],"about":[{"href":"https:\/\/airporttelecom.com\/pl\/wp-json\/wp\/v2\/types\/product"}],"replies":[{"embeddable":true,"href":"https:\/\/airporttelecom.com\/pl\/wp-json\/wp\/v2\/comments?post=1549"}],"wp:featuredmedia":[{"embeddable":true,"href":"https:\/\/airporttelecom.com\/pl\/wp-json\/wp\/v2\/media\/710"}],"wp:attachment":[{"href":"https:\/\/airporttelecom.com\/pl\/wp-json\/wp\/v2\/media?parent=1549"}],"wp:term":[{"taxonomy":"product_brand","embeddable":true,"href":"https:\/\/airporttelecom.com\/pl\/wp-json\/wp\/v2\/product_brand?post=1549"},{"taxonomy":"product_cat","embeddable":true,"href":"https:\/\/airporttelecom.com\/pl\/wp-json\/wp\/v2\/product_cat?post=1549"},{"taxonomy":"product_tag","embeddable":true,"href":"https:\/\/airporttelecom.com\/pl\/wp-json\/wp\/v2\/product_tag?post=1549"}],"curies":[{"name":"wp","href":"https:\/\/api.w.org\/{rel}","templated":true}]}}