{"id":1569,"date":"2024-09-12T10:51:46","date_gmt":"2024-09-12T10:51:46","guid":{"rendered":"https:\/\/airporttelecom.outperforming.nl\/nl\/product\/esim-hong-kong\/"},"modified":"2026-02-28T12:42:12","modified_gmt":"2026-02-28T12:42:12","slug":"esim-hong-kong","status":"publish","type":"product","link":"https:\/\/airporttelecom.com\/pl\/esim\/hong-kong\/","title":{"rendered":"eSIM Hong Kong"},"content":{"rendered":"","protected":false},"excerpt":{"rendered":"","protected":false},"featured_media":679,"comment_status":"open","ping_status":"closed","template":"","meta":{"_acf_changed":false},"product_brand":[],"product_cat":[16],"product_tag":[43],"class_list":{"0":"post-1569","1":"product","2":"type-product","3":"status-publish","4":"has-post-thumbnail","6":"product_cat-esim","7":"product_tag-esim-azja","9":"first","10":"instock","11":"taxable","12":"shipping-taxable","13":"purchasable","14":"product-type-variable","15":"has-default-attributes"},"acf":{"gebied_afbeelding":3049,"vlag_afbeelding":332,"provider":["NEX"],"product_synoniemen":null,"product_bestel_velden":["vertrekdatum"],"product_omschrijving":"<h2><span data-contrast=\"none\">Internet mobilny z kart\u0105 <\/span><span data-contrast=\"none\">eSIM do Hongkongu<\/span><\/h2>\r\n<p data-start=\"66\" data-end=\"366\">Dzi\u0119ki eSIM do Hongkongu od <span class=\"hover:entity-accent entity-underline inline cursor-pointer align-baseline\"><span class=\"whitespace-normal\">Airport Telecom<\/span><\/span> masz dost\u0119p do internetu mobilnego i jeste\u015b osi\u0105galny na terenie ca\u0142ego Hongkongu pod jednym numerem telefonu. Do wyboru s\u0105 pakiety 12 GB lub 30 GB danych. Karta eSIM pozwala na odbieranie po\u0142\u0105cze\u0144 przychodz\u0105cych w Hongkongu, natomiast standardowe po\u0142\u0105czenia wychodz\u0105ce nie s\u0105 dost\u0119pne. Wszystkie po\u0142\u0105czenia internetowe, takie jak WhatsApp, Skype czy FaceTime, dzia\u0142aj\u0105 bez ogranicze\u0144 i korzystaj\u0105 z pakietu danych dost\u0119pnego na karcie.<\/p>\r\n\r\n<h2><span data-contrast=\"none\">Pakiety danych - <\/span><span data-contrast=\"none\">eSIM do <\/span><span data-contrast=\"none\">Hongkongu<\/span><\/h2>\r\nNumer telefonu przypisany do karty eSIM, pod kt\u00f3rym b\u0119dziesz osi\u0105galny w Hongkongu, zostanie wys\u0142any SMS-em po aktywacji karty. Jest to numer z prefiksem mi\u0119dzynarodowym (+44). Karta eSIM oferuje atrakcyjny pakiet danych i dzia\u0142a w ramach najwi\u0119kszych sieci kom\u00f3rkowych w Hongkongu. Dodatkowo karta eSIM nie wymaga rejestracji u\u017cytkownika w Hongkongu.\r\n<h2><span data-contrast=\"none\">WhatsApp z eSIM Hongkong<\/span><\/h2>\r\n<span data-contrast=\"auto\">Wszystkie po\u0142\u0105czenia prowadzone przez internet, takie jak WhatsApp, Skype czy FaceTime, s\u0105 mo\u017cliwe r\u00f3wnie\u017c z z kart\u0105 eSIM do Hongkongu. Mo\u017cesz nadal korzysta\u0107 z WhatsAppa z dotychczasowymi kontaktami, grupami i czatami \u2013 bez utraty historii rozm\u00f3wi. Po zainstalowaniu przedp\u0142aconej karty eSIM aplikacja WhatsApp mo\u017ce zapyta\u0107, czy chcesz utworzy\u0107 now\u0105 to\u017csamo\u015b\u0107, czy zachowa\u0107 dotychczasowe ustawienia.\u00a0 Wybierz opcj\u0119 zachowania obecnej to\u017csamo\u015bci, aby nic si\u0119 nie zmieni\u0142o. W\u00f3wczas mo\u017cesz wysy\u0142a\u0107 wiadomo\u015bci i rozmawia\u0107 przez WhatsApp tak samo, jak w Polsce<\/span>\r\n<h2>Zasi\u0119g sieci kom\u00f3rkowej w Hongkongu<\/h2>\r\neSIM Hongkong zapewnia szybki i stabilny internet mobilny na terenie ca\u0142ego miasta i okolicznych wysp. Ju\u017c od momentu aktywacji mo\u017cesz korzysta\u0107 z nawigacji GPS, map online i komunikator\u00f3w bez konieczno\u015bci wymiany fizycznej karty SIM.\r\n\r\nDzi\u0119ki doskona\u0142emu zasi\u0119gowi sieci kom\u00f3rkowej w Hongkongu bez problemu nawigujesz po popularnych dzielnicach, takich jak Kowloon, dotrzesz do Hong Kong Park czy na nocny targ Temple Street Night Market. Bez trudu udost\u0119pnisz zdj\u0119cia panoramy przy Victoria Harbour lub opublikujesz widok z The Peak w mediach spo\u0142eczno\u015bciowych.\r\n\r\nSzybki internet dzia\u0142a tak\u017ce podczas wizyty przy Tian Tan Buddha w klasztorze Po Lin Monastery. Podczas wycieczek na malownicze wyspy, takie jak Sharp Island czy High Island, zasi\u0119g w rejonach niezamieszkanych mo\u017ce by\u0107 nieco s\u0142abszy, ale w turystycznych miejscach, takich jak Avenue of Stars czy podczas rejsu promem Star Ferry, mo\u017cesz liczy\u0107 na stabilne i szybkie po\u0142\u0105czenie.\r\n\r\nKarta eSIM do Hongkongu sprawdza si\u0119 zar\u00f3wno podczas podr\u00f3\u017cy s\u0142u\u017cbowych, jak i wakacyjnych, zapewniaj\u0105c sta\u0142y dost\u0119p do internetu mobilnego w Hongkongu bez dodatkowych op\u0142at roamingowych.\r\n<h2>eSIM do Hongkongu otrzymasz e-mailem<\/h2>\r\nPo z\u0142o\u017ceniu zam\u00f3wienia eSIM do Hongkongu zostaje przes\u0142any poczt\u0105 elektroniczn\u0105. To proste i szybkie rozwi\u0105zanie, mo\u017cliwe nawet wtedy, gdy jeste\u015b ju\u017c w Hongkongu lub wkr\u00f3tce wyruszasz w podr\u00f3\u017c.","product_specificaties":"<h2>Zalety eSIM Hongkong<\/h2>\r\nKart\u0119 eSIM do Hongkongu otrzymasz e-mailem. Jest to kod QR, kt\u00f3ry nale\u017cy zeskanowa\u0107 telefonem. Mo\u017cesz to zrobi\u0107 nawet je\u015bli ju\u017c jeste\u015b w Hongkongu lub wyje\u017cd\u017casz z niego w bardzo kr\u00f3tkim czasie.\r\n\r\nZalet\u0105 eSIM jest mo\u017cliwo\u015b\u0107 korzystania z transmisji danych w Hongkongu w ramach pakietu prepaid, pozostaj\u0105c jednocze\u015bnie dost\u0119pnym pod swoim numerem kom\u00f3rkowym.\r\n\r\nKarta eSIM mo\u017ce by\u0107 u\u017cywana tylko w smartfonach obs\u0142uguj\u0105cych t\u0119 technologi\u0119. Przed wyborem sprawd\u017a kompatybilno\u015b\u0107 swojego urz\u0105dzenia. eSIM dzia\u0142a w modelach iPhone XS, XS Max, XR, iPhone 11 oraz nowszych. Je\u015bli Tw\u00f3j telefon nie obs\u0142uguje eSIM, wybierz fizyczn\u0105 kart\u0119 SIM.\r\n\r\n&nbsp;\r\n<h2>Dane mobilne i po\u0142\u0105czenia w Hongkongu<\/h2>\r\nDost\u0119pne s\u0105 dwa warianty karty eSIM Hongkong:\r\n<h3>Pakiet 12 GB danych<\/h3>\r\n<h3>Pakiet 30 GB danych<\/h3>\r\nPakiety danych s\u0105 wa\u017cne przez 30 dni od momentu aktywacji.","product_handleiding":"","product_veelgestelde_vragen":[{"vraag":"Kt\u00f3ry eSIM wybra\u0107 do Hongkongu? ","antwoord":"Na kr\u00f3tki, kilkudniowy pobyt  w Hongkongu prawdopodobnie nie b\u0119dziesz potrzebowa\u0107 du\u017cej ilo\u015bci danych. eSIM z pakietem 12 GB danych dla Hongkongu powinien w takim przypadku wystarczy\u0107.. Aplikacje takie jak WhatsApp, Instagram czy nawigacja nie zu\u017cywaj\u0105 du\u017co danych. Je\u015bli planujesz d\u0142u\u017cszy pobyt, warto wybra\u0107 pakiet 30 GB, kt\u00f3ry na pewno zapewni Ci wystarczaj\u0105c\u0105 ilo\u015b\u0107 danych."},{"vraag":"Gdzie najlepiej kupi\u0107 eSIM do Hongkongu? ","antwoord":"Kup kart\u0119 eSIM do Hongkong online od Airport Telecom. Kart\u0119 eSIM otrzymasz poczt\u0105 elektroniczn\u0105. Jest to kod QR, kt\u00f3ry nale\u017cy zeskanowa\u0107 telefonem. Mo\u017cesz to zrobi\u0107, nawet je\u015bli jeste\u015b ju\u017c w Hongkongu lub wkr\u00f3tce wyruszasz w podr\u00f3\u017c. "}]},"yoast_head":"<!-- This site is optimized with the Yoast SEO Premium plugin v24.4 (Yoast SEO v26.9) - https:\/\/yoast.com\/product\/yoast-seo-premium-wordpress\/ -->\n<title>eSIM Hong Kong kupi\u0107 przedp\u0142acony pakiet (nieograniczone) po\u0142\u0105czenia i internet - Airport Telecom PL<\/title>\n<meta name=\"description\" content=\"Szukasz karty przedp\u0142aconej eSIM Hong Kong na (nieograniczone) rozmowy i internet? Optymalna dost\u0119pno\u015b\u0107 podczas podr\u00f3\u017cy w eSIM Azja. Ju\u017c w sprzeda\u017cy od !\" \/>\n<meta name=\"robots\" content=\"index, follow, max-snippet:-1, max-image-preview:large, max-video-preview:-1\" \/>\n<link rel=\"canonical\" href=\"https:\/\/airporttelecom.com\/pl\/esim\/hong-kong\/\" \/>\n<meta property=\"og:locale\" content=\"pl_PL\" \/>\n<meta property=\"og:type\" content=\"article\" \/>\n<meta property=\"og:title\" content=\"eSIM Hong Kong\" \/>\n<meta property=\"og:description\" content=\"Szukasz karty przedp\u0142aconej eSIM Hong Kong na (nieograniczone) rozmowy i internet? Optymalna dost\u0119pno\u015b\u0107 podczas podr\u00f3\u017cy w eSIM Azja. Ju\u017c w sprzeda\u017cy od !\" \/>\n<meta property=\"og:url\" content=\"https:\/\/airporttelecom.com\/pl\/esim\/hong-kong\/\" \/>\n<meta property=\"og:site_name\" content=\"Airport Telecom PL\" \/>\n<meta property=\"article:modified_time\" content=\"2026-02-28T12:42:12+00:00\" \/>\n<meta property=\"og:image\" content=\"https:\/\/airporttelecom.com\/pl\/wp-content\/uploads\/sites\/7\/2024\/06\/Simkaart-Hong-Kong.png\" \/>\n\t<meta property=\"og:image:width\" content=\"800\" \/>\n\t<meta property=\"og:image:height\" content=\"319\" \/>\n\t<meta property=\"og:image:type\" content=\"image\/png\" \/>\n<meta name=\"twitter:card\" content=\"summary_large_image\" \/>\n<meta name=\"twitter:label1\" content=\"Szacowany czas czytania\" \/>\n\t<meta name=\"twitter:data1\" content=\"1 minuta\" \/>\n<script type=\"application\/ld+json\" class=\"yoast-schema-graph\">{\"@context\":\"https:\/\/schema.org\",\"@graph\":[{\"@type\":\"WebPage\",\"@id\":\"https:\/\/airporttelecom.com\/pl\/esim\/hong-kong\/\",\"url\":\"https:\/\/airporttelecom.com\/pl\/esim\/hong-kong\/\",\"name\":\"eSIM Hong Kong kupi\u0107 przedp\u0142acony pakiet (nieograniczone) po\u0142\u0105czenia i internet - Airport Telecom PL\",\"isPartOf\":{\"@id\":\"https:\/\/airporttelecom.com\/pl\/#website\"},\"primaryImageOfPage\":{\"@id\":\"https:\/\/airporttelecom.com\/pl\/esim\/hong-kong\/#primaryimage\"},\"image\":{\"@id\":\"https:\/\/airporttelecom.com\/pl\/esim\/hong-kong\/#primaryimage\"},\"thumbnailUrl\":\"https:\/\/airporttelecom.com\/pl\/wp-content\/uploads\/sites\/7\/2024\/06\/Simkaart-Hong-Kong.png\",\"datePublished\":\"2024-09-12T10:51:46+00:00\",\"dateModified\":\"2026-02-28T12:42:12+00:00\",\"description\":\"Szukasz karty przedp\u0142aconej eSIM Hong Kong na (nieograniczone) rozmowy i internet? Optymalna dost\u0119pno\u015b\u0107 podczas podr\u00f3\u017cy w eSIM Azja. Ju\u017c w sprzeda\u017cy od !\",\"breadcrumb\":{\"@id\":\"https:\/\/airporttelecom.com\/pl\/esim\/hong-kong\/#breadcrumb\"},\"inLanguage\":\"pl-PL\",\"potentialAction\":[{\"@type\":\"ReadAction\",\"target\":[\"https:\/\/airporttelecom.com\/pl\/esim\/hong-kong\/\"]}]},{\"@type\":\"ImageObject\",\"inLanguage\":\"pl-PL\",\"@id\":\"https:\/\/airporttelecom.com\/pl\/esim\/hong-kong\/#primaryimage\",\"url\":\"https:\/\/airporttelecom.com\/pl\/wp-content\/uploads\/sites\/7\/2024\/06\/Simkaart-Hong-Kong.png\",\"contentUrl\":\"https:\/\/airporttelecom.com\/pl\/wp-content\/uploads\/sites\/7\/2024\/06\/Simkaart-Hong-Kong.png\",\"width\":800,\"height\":319,\"caption\":\"Karta SIM Hong Kong\"},{\"@type\":\"BreadcrumbList\",\"@id\":\"https:\/\/airporttelecom.com\/pl\/esim\/hong-kong\/#breadcrumb\",\"itemListElement\":[{\"@type\":\"ListItem\",\"position\":1,\"name\":\"Home\",\"item\":\"https:\/\/airporttelecom.com\/pl\/\"},{\"@type\":\"ListItem\",\"position\":2,\"name\":\"eSIM\",\"item\":\"https:\/\/airporttelecom.com\/pl\/esim\/\"},{\"@type\":\"ListItem\",\"position\":3,\"name\":\"Hong Kong\"}]},{\"@type\":\"WebSite\",\"@id\":\"https:\/\/airporttelecom.com\/pl\/#website\",\"url\":\"https:\/\/airporttelecom.com\/pl\/\",\"name\":\"Airport Telecom\",\"description\":\"\",\"publisher\":{\"@id\":\"https:\/\/airporttelecom.com\/pl\/#organization\"},\"potentialAction\":[{\"@type\":\"SearchAction\",\"target\":{\"@type\":\"EntryPoint\",\"urlTemplate\":\"https:\/\/airporttelecom.com\/pl\/?s={search_term_string}\"},\"query-input\":{\"@type\":\"PropertyValueSpecification\",\"valueRequired\":true,\"valueName\":\"search_term_string\"}}],\"inLanguage\":\"pl-PL\"},{\"@type\":\"Organization\",\"@id\":\"https:\/\/airporttelecom.com\/pl\/#organization\",\"name\":\"Airport Telecom\",\"url\":\"https:\/\/airporttelecom.com\/pl\/\",\"logo\":{\"@type\":\"ImageObject\",\"inLanguage\":\"pl-PL\",\"@id\":\"https:\/\/airporttelecom.com\/pl\/#\/schema\/logo\/image\/\",\"url\":\"https:\/\/airporttelecom.com\/pl\/wp-content\/uploads\/sites\/7\/2024\/06\/icon.png?wsr\",\"contentUrl\":\"https:\/\/airporttelecom.com\/pl\/wp-content\/uploads\/sites\/7\/2024\/06\/icon.png?wsr\",\"width\":110,\"height\":110,\"caption\":\"Airport Telecom\"},\"image\":{\"@id\":\"https:\/\/airporttelecom.com\/pl\/#\/schema\/logo\/image\/\"}}]}<\/script>\n<!-- \/ Yoast SEO Premium plugin. -->","yoast_head_json":{"title":"eSIM Hong Kong kupi\u0107 przedp\u0142acony pakiet (nieograniczone) po\u0142\u0105czenia i internet - Airport Telecom PL","description":"Szukasz karty przedp\u0142aconej eSIM Hong Kong na (nieograniczone) rozmowy i internet? Optymalna dost\u0119pno\u015b\u0107 podczas podr\u00f3\u017cy w eSIM Azja. Ju\u017c w sprzeda\u017cy od !","robots":{"index":"index","follow":"follow","max-snippet":"max-snippet:-1","max-image-preview":"max-image-preview:large","max-video-preview":"max-video-preview:-1"},"canonical":"https:\/\/airporttelecom.com\/pl\/esim\/hong-kong\/","og_locale":"pl_PL","og_type":"article","og_title":"eSIM Hong Kong","og_description":"Szukasz karty przedp\u0142aconej eSIM Hong Kong na (nieograniczone) rozmowy i internet? Optymalna dost\u0119pno\u015b\u0107 podczas podr\u00f3\u017cy w eSIM Azja. Ju\u017c w sprzeda\u017cy od !","og_url":"https:\/\/airporttelecom.com\/pl\/esim\/hong-kong\/","og_site_name":"Airport Telecom PL","article_modified_time":"2026-02-28T12:42:12+00:00","og_image":[{"width":800,"height":319,"url":"https:\/\/airporttelecom.com\/pl\/wp-content\/uploads\/sites\/7\/2024\/06\/Simkaart-Hong-Kong.png","type":"image\/png"}],"twitter_card":"summary_large_image","twitter_misc":{"Szacowany czas czytania":"1 minuta"},"schema":{"@context":"https:\/\/schema.org","@graph":[{"@type":"WebPage","@id":"https:\/\/airporttelecom.com\/pl\/esim\/hong-kong\/","url":"https:\/\/airporttelecom.com\/pl\/esim\/hong-kong\/","name":"eSIM Hong Kong kupi\u0107 przedp\u0142acony pakiet (nieograniczone) po\u0142\u0105czenia i internet - Airport Telecom PL","isPartOf":{"@id":"https:\/\/airporttelecom.com\/pl\/#website"},"primaryImageOfPage":{"@id":"https:\/\/airporttelecom.com\/pl\/esim\/hong-kong\/#primaryimage"},"image":{"@id":"https:\/\/airporttelecom.com\/pl\/esim\/hong-kong\/#primaryimage"},"thumbnailUrl":"https:\/\/airporttelecom.com\/pl\/wp-content\/uploads\/sites\/7\/2024\/06\/Simkaart-Hong-Kong.png","datePublished":"2024-09-12T10:51:46+00:00","dateModified":"2026-02-28T12:42:12+00:00","description":"Szukasz karty przedp\u0142aconej eSIM Hong Kong na (nieograniczone) rozmowy i internet? Optymalna dost\u0119pno\u015b\u0107 podczas podr\u00f3\u017cy w eSIM Azja. Ju\u017c w sprzeda\u017cy od !","breadcrumb":{"@id":"https:\/\/airporttelecom.com\/pl\/esim\/hong-kong\/#breadcrumb"},"inLanguage":"pl-PL","potentialAction":[{"@type":"ReadAction","target":["https:\/\/airporttelecom.com\/pl\/esim\/hong-kong\/"]}]},{"@type":"ImageObject","inLanguage":"pl-PL","@id":"https:\/\/airporttelecom.com\/pl\/esim\/hong-kong\/#primaryimage","url":"https:\/\/airporttelecom.com\/pl\/wp-content\/uploads\/sites\/7\/2024\/06\/Simkaart-Hong-Kong.png","contentUrl":"https:\/\/airporttelecom.com\/pl\/wp-content\/uploads\/sites\/7\/2024\/06\/Simkaart-Hong-Kong.png","width":800,"height":319,"caption":"Karta SIM Hong Kong"},{"@type":"BreadcrumbList","@id":"https:\/\/airporttelecom.com\/pl\/esim\/hong-kong\/#breadcrumb","itemListElement":[{"@type":"ListItem","position":1,"name":"Home","item":"https:\/\/airporttelecom.com\/pl\/"},{"@type":"ListItem","position":2,"name":"eSIM","item":"https:\/\/airporttelecom.com\/pl\/esim\/"},{"@type":"ListItem","position":3,"name":"Hong Kong"}]},{"@type":"WebSite","@id":"https:\/\/airporttelecom.com\/pl\/#website","url":"https:\/\/airporttelecom.com\/pl\/","name":"Airport Telecom","description":"","publisher":{"@id":"https:\/\/airporttelecom.com\/pl\/#organization"},"potentialAction":[{"@type":"SearchAction","target":{"@type":"EntryPoint","urlTemplate":"https:\/\/airporttelecom.com\/pl\/?s={search_term_string}"},"query-input":{"@type":"PropertyValueSpecification","valueRequired":true,"valueName":"search_term_string"}}],"inLanguage":"pl-PL"},{"@type":"Organization","@id":"https:\/\/airporttelecom.com\/pl\/#organization","name":"Airport Telecom","url":"https:\/\/airporttelecom.com\/pl\/","logo":{"@type":"ImageObject","inLanguage":"pl-PL","@id":"https:\/\/airporttelecom.com\/pl\/#\/schema\/logo\/image\/","url":"https:\/\/airporttelecom.com\/pl\/wp-content\/uploads\/sites\/7\/2024\/06\/icon.png?wsr","contentUrl":"https:\/\/airporttelecom.com\/pl\/wp-content\/uploads\/sites\/7\/2024\/06\/icon.png?wsr","width":110,"height":110,"caption":"Airport Telecom"},"image":{"@id":"https:\/\/airporttelecom.com\/pl\/#\/schema\/logo\/image\/"}}]}},"custom_permalink":"esim\/hong-kong","_links":{"self":[{"href":"https:\/\/airporttelecom.com\/pl\/wp-json\/wp\/v2\/product\/1569","targetHints":{"allow":["GET"]}}],"collection":[{"href":"https:\/\/airporttelecom.com\/pl\/wp-json\/wp\/v2\/product"}],"about":[{"href":"https:\/\/airporttelecom.com\/pl\/wp-json\/wp\/v2\/types\/product"}],"replies":[{"embeddable":true,"href":"https:\/\/airporttelecom.com\/pl\/wp-json\/wp\/v2\/comments?post=1569"}],"wp:featuredmedia":[{"embeddable":true,"href":"https:\/\/airporttelecom.com\/pl\/wp-json\/wp\/v2\/media\/679"}],"wp:attachment":[{"href":"https:\/\/airporttelecom.com\/pl\/wp-json\/wp\/v2\/media?parent=1569"}],"wp:term":[{"taxonomy":"product_brand","embeddable":true,"href":"https:\/\/airporttelecom.com\/pl\/wp-json\/wp\/v2\/product_brand?post=1569"},{"taxonomy":"product_cat","embeddable":true,"href":"https:\/\/airporttelecom.com\/pl\/wp-json\/wp\/v2\/product_cat?post=1569"},{"taxonomy":"product_tag","embeddable":true,"href":"https:\/\/airporttelecom.com\/pl\/wp-json\/wp\/v2\/product_tag?post=1569"}],"curies":[{"name":"wp","href":"https:\/\/api.w.org\/{rel}","templated":true}]}}