{"id":1586,"date":"2024-09-12T10:51:49","date_gmt":"2024-09-12T10:51:49","guid":{"rendered":"https:\/\/airporttelecom.outperforming.nl\/nl\/product\/esim-zuid-korea\/"},"modified":"2026-03-02T14:05:30","modified_gmt":"2026-03-02T14:05:30","slug":"esim-zuid-korea","status":"publish","type":"product","link":"https:\/\/airporttelecom.com\/pl\/esim\/korea-poludniowa\/","title":{"rendered":"eSIM Korea Po\u0142udniowa"},"content":{"rendered":"","protected":false},"excerpt":{"rendered":"","protected":false},"featured_media":717,"comment_status":"open","ping_status":"closed","template":"","meta":{"_acf_changed":false},"product_brand":[],"product_cat":[16],"product_tag":[43],"class_list":{"0":"post-1586","1":"product","2":"type-product","3":"status-publish","4":"has-post-thumbnail","6":"product_cat-esim","7":"product_tag-esim-azja","9":"first","10":"instock","11":"taxable","12":"shipping-taxable","13":"purchasable","14":"product-type-variable"},"acf":{"gebied_afbeelding":582,"vlag_afbeelding":300,"provider":["BIC"],"product_synoniemen":null,"product_bestel_velden":["vertrekdatum"],"product_omschrijving":"<h2><span data-contrast=\"none\">Internet mobilny z eSIM do Korei Po\u0142udniowej<\/span><\/h2>\r\nDzi\u0119ki eSIM Korea Po\u0142udniowa od Airport Telecom mo\u017cesz korzysta\u0107 z szybkiego i stabilnego internetu mobilnego na terenie ca\u0142ego kraju \u2014 bez roamingu i bez konieczno\u015bci wymiany fizycznej karty SIM.\r\nOferujemy pakiety danych i po\u0142\u0105cze\u0144 dopasowane do Twoich potrzeb. Szybkie i stabilne po\u0142\u0105czenie 4G\/5G umo\u017cliwia wygodne korzystanie z poczty e-mail, WhatsAppa, nawigacji GPS oraz innych aplikacji mobilnych.\r\n<h2><span data-contrast=\"none\">Dane mobilne i po\u0142\u0105czenia w podr\u00f3\u017cy \u2013 pakiety eSIM Korea Po\u0142udniowa<\/span><\/h2>\r\nNasze eSIM do Korei Po\u0142udniowej dost\u0119pne s\u0105 w dw\u00f3ch wariantach:\r\n<ul>\r\n \t<li>10 GB danych \u2013 wystarczaj\u0105ce dla aktywnych u\u017cytkownik\u00f3w internetu w podr\u00f3\u017cy<\/li>\r\n \t<li>Nielimitowany pakiet danych* \u2013 idealny dla os\u00f3b korzystaj\u0105cych intensywnie z internetu<\/li>\r\n<\/ul>\r\nKa\u017cda karta eSIM posiada w\u0142asny numer telefonu, dzi\u0119ki kt\u00f3remu mo\u017cesz odbiera\u0107 bezp\u0142atne po\u0142\u0105czenia w Korei Po\u0142udniowej. Zar\u00f3wno pakiet 10 GB, jak i nielimitowany eSIM obejmuj\u0105 po\u0142\u0105czenia krajowe w ca\u0142ym kraju.\r\n<h2><span data-contrast=\"none\">WhatsApp z eSIM Korea Po\u0142udniowa<\/span><\/h2>\r\nWszystkie po\u0142\u0105czenia internetowe, takie jak WhatsApp, Skype czy FaceTime, dzia\u0142aj\u0105 bez ogranicze\u0144 z eSIM do Korei Po\u0142udniowej. Mo\u017cesz korzysta\u0107 z WhatsAppa ze wszystkimi dotychczasowymi kontaktami, grupami i histori\u0105 czat\u00f3w \u2013 bez utraty danych.\r\nPo aktywacji eSIM aplikacja WhatsApp mo\u017ce zapyta\u0107, czy chcesz utworzy\u0107 nowe konto, czy zachowa\u0107 obecne ustawienia. Wybierz opcj\u0119 zachowania obecnej to\u017csamo\u015bci, aby kontynuowa\u0107 wysy\u0142anie wiadomo\u015bci i rozmowy w Korei Po\u0142udniowej tak jak w Polsce.\r\n<h2>Zasi\u0119g sieci kom\u00f3rkowej w Korei Po\u0142udniowej z Kart\u0105 eSIM<\/h2>\r\nKorea Po\u0142udniowa oferuje jeden z najszybszych i najbardziej niezawodnych system\u00f3w mobilnych na \u015bwiecie. Wybieraj\u0105c eSIM do Korei Po\u0142udniowej, zyskujesz szybki internet w Korei zar\u00f3wno w du\u017cych miastach, jak i podczas podr\u00f3\u017cy po najpopularniejszych atrakcjach turystycznych.\r\nW Seulu internet mobilny pozwala korzysta\u0107 z map, aplikacji transportowych i medi\u00f3w spo\u0142eczno\u015bciowych, odwiedzaj\u0105c Myeongdong, tradycyjne korea\u0144skie kawiarnie czy podziwiaj\u0105c panoram\u0119 miasta z N Seoul Tower. Doskona\u0142e po\u0142\u0105czenie internetowe umo\u017cliwia r\u00f3wnie\u017c szybkie udost\u0119pnianie zdj\u0119\u0107 z takich miejsc jak Pa\u0142ac Gyeongbokgung czy nowoczesna Dongdaemun Design Plaza.\r\nWarte odwoedzenia s\u0105 rowniez Busan z pla\u017cami Haeundae i Gwangalli, malownicza wyspa Jeju ze wulkanicznymi krajobrazami i wodospadami Jeongbang, a tak\u017ce historyczne Gyeongju ze \u015bwi\u0105tyni\u0105 Bulguksa i grot\u0105 Seokguram. Dzi\u0119ki eSIM Korea mo\u017cesz w pe\u0142ni korzysta\u0107 tam z internetu.\r\nInternet dzia\u0142a r\u00f3wnie\u017c podczas podr\u00f3\u017cy poci\u0105gami Shinkansen i w g\u00f3rskich regionach, takich jak Seoraksan National Park i Jirisan National Park. W odleg\u0142ych rejonach i na wyspach, np. Ulleungdo czy Dokdo, zasi\u0119g mo\u017ce by\u0107 miejscami ograniczony.\r\n<h2><span data-contrast=\"none\">Natychmiastowa dostawa eSIM <\/span><span data-contrast=\"none\">Korea Po\u0142udniowa <\/span><span data-contrast=\"none\">\u2013 prosto na Tw\u00f3j e-mail\u00a0<\/span><\/h2>\r\nKarta eSIM Korea Po\u0142udniowa jest wysy\u0142ana elektronicznie \u2013 otrzymasz j\u0105 na sw\u00f3j adres e-mail. To wygodne i szybkie rozwi\u0105zanie, kt\u00f3re pozwala na dokonanie zakupu mawet je\u015bli jeste\u015b ju\u017c w Korei Po\u0142udniowej lub wkr\u00f3tce wyruszasz w podr\u00f3\u017c.","product_specificaties":"<h2><span data-contrast=\"none\">Dane mobilne i po\u0142\u0105czenia w Korei Po\u0142udniowej<\/span><\/h2>\r\nDost\u0119pne s\u0105 dwa warianty eSIM do Korei Po\u0142udniowej:\r\n<h3>eSIM 10 GB danych do Korei Po\u0142udniowej:<\/h3>\r\n<ul>\r\n \t<li>10 GB internetu mobilnego<\/li>\r\n \t<li>500 minut na po\u0142\u0105czenia lokalne<\/li>\r\n<\/ul>\r\n<h3>eSIM Nielimitowane dane* do Korei Po\u0142udniowej<\/h3>\r\n<ul>\r\n \t<li>Nielimitowany internet mobilny*<\/li>\r\n \t<li>Nielimitowane po\u0142\u0105czenia lokalne*<\/li>\r\n<\/ul>\r\nWa\u017cno\u015b\u0107 pakietu: 30 dni od momentu aktywacji.\r\n\r\n*Obowi\u0105zuj\u0105 zasady uczciwego u\u017cytkowania. W przypadku nadmiernego wykorzystania danych lub po\u0142\u0105cze\u0144 operator mo\u017ce ograniczy\u0107 mo\u017cliwo\u015bci karty eSIM\r\n<h2><span data-contrast=\"none\">eSIM Korea Po\u0142udniowa \u2013 najwa\u017cniejsze zalety<\/span><\/h2>\r\n<ul>\r\n \t<li>Wysy\u0142ka na e-mail w formie kodu QR \u2013 kart\u0119 eSIM otrzymujesz poczt\u0105 elektroniczn\u0105 i aktywujesz poprzez zeskanowanie kodu QR.<\/li>\r\n \t<li>Natychmiastowy dost\u0119p do internetu 4G\/5G \u2013 szybka i stabilna transmisja danych w ca\u0142ym kraju.<\/li>\r\n \t<li>Brak koszt\u00f3w roamingu \u2013 korzystasz z pakietu danych bez dodatkowych op\u0142at.<\/li>\r\n \t<li>Brak konieczno\u015bci wymiany fizycznej karty SIM .<\/li>\r\n \t<li>Pakiety 10 GB lub nielimitowany internet* \u2013 dopasowane do potrzeb turystycznych i biznesowych.<\/li>\r\n \t<li>Zachowujesz sw\u00f3j numer telefonu \u2013 mo\u017cesz korzysta\u0107 z transmisji danych w Korei Po\u0142udniowej, pozostaj\u0105c dost\u0119pnym pod swoim numerem telefonu.<\/li>\r\n \t<li>Pe\u0142na kompatybilno\u015b\u0107 z aplikacjami \u2013 WhatsApp, mapy, aplikacje transportowe, media spo\u0142eczno\u015bciowe i e-mail dzia\u0142aj\u0105 bez problemu.<\/li>\r\n \t<li>Idealne rozwi\u0105zanie w podr\u00f3\u017cy \u2013 szybka konfiguracja i brak formalno\u015bci.<\/li>\r\n<\/ul>\r\nKompatybilno\u015b\u0107 urz\u0105dze\u0144 -\u00a0 eSIM dzia\u0142a wy\u0142\u0105cznie w smartfonach obs\u0142uguj\u0105cych t\u0119 technologi\u0119. Przed zakupem sprawd\u017a kompatybilno\u015b\u0107 swojego urz\u0105dzenia.\r\neSIM jest dost\u0119pny m.in. w modelach iPhone XS, XS Max, XR, iPhone 11 oraz nowszych.\r\n\r\nUwaga: eSIM Korea Po\u0142udniowa nie dzia\u0142a w urz\u0105dzeniach MiFi ani w trybie hotspot.\r\n\r\n&nbsp;","product_handleiding":"","product_veelgestelde_vragen":[{"vraag":"Kt\u00f3ry eSIM wybra\u0107 do Korei Po\u0142udniowej? ","antwoord":"W przypadku kr\u00f3tkiego, kilkudniowego pobytu prawdopodobnie nie b\u0119dziesz potrzebowa\u0107 du\u017cej ilo\u015bci danych. Pakiet 10 GB danych dla Korei Po\u0142udniowej mo\u017ce okaza\u0107 si\u0119 wystarczaj\u0105cy. Aplikacje takie jak WhatsApp, Instagram i nawigacja nie zu\u017cywaj\u0105 du\u017co danych. W przypadku d\u0142u\u017cszego pobytu warto wybra\u0107 opcj\u0119 nielimitowanego internetu, aby mie\u0107 wystarczaj\u0105c\u0105 ilo\u015b\u0107 danych. "},{"vraag":"Gdzie najlepiej kupi\u0107 eSIM do Korei Po\u0142udniowej? ","antwoord":"Kup kart\u0119 eSIM do Korea Po\u0142udniowa online od Airport Telecom. Kart\u0119 eSIM otrzymasz poczt\u0105 elektroniczn\u0105. Jest to kod QR, kt\u00f3ry nale\u017cy zeskanowa\u0107 telefonem. Mo\u017cesz to zrobi\u0107, nawet je\u015bli jeste\u015b ju\u017c w Korei Po\u0142udniowej lub wkr\u00f3tce wyruszasz w podr\u00f3\u017c. "}]},"yoast_head":"<!-- This site is optimized with the Yoast SEO Premium plugin v24.4 (Yoast SEO v26.9) - https:\/\/yoast.com\/product\/yoast-seo-premium-wordpress\/ -->\n<title>eSIM Korea Po\u0142udniowa kupi\u0107 przedp\u0142acony pakiet (nieograniczone) po\u0142\u0105czenia i internet - Airport Telecom PL<\/title>\n<meta name=\"description\" content=\"Szukasz karty przedp\u0142aconej eSIM Korea Po\u0142udniowa na (nieograniczone) rozmowy i internet? Optymalna dost\u0119pno\u015b\u0107 podczas podr\u00f3\u017cy w eSIM Azja. Ju\u017c w sprzeda\u017cy od !\" \/>\n<meta name=\"robots\" content=\"index, follow, max-snippet:-1, max-image-preview:large, max-video-preview:-1\" \/>\n<link rel=\"canonical\" href=\"https:\/\/airporttelecom.com\/pl\/esim\/korea-poludniowa\/\" \/>\n<meta property=\"og:locale\" content=\"pl_PL\" \/>\n<meta property=\"og:type\" content=\"article\" \/>\n<meta property=\"og:title\" content=\"eSIM Korea Po\u0142udniowa\" \/>\n<meta property=\"og:description\" content=\"Szukasz karty przedp\u0142aconej eSIM Korea Po\u0142udniowa na (nieograniczone) rozmowy i internet? Optymalna dost\u0119pno\u015b\u0107 podczas podr\u00f3\u017cy w eSIM Azja. Ju\u017c w sprzeda\u017cy od !\" \/>\n<meta property=\"og:url\" content=\"https:\/\/airporttelecom.com\/pl\/esim\/korea-poludniowa\/\" \/>\n<meta property=\"og:site_name\" content=\"Airport Telecom PL\" \/>\n<meta property=\"article:modified_time\" content=\"2026-03-02T14:05:30+00:00\" \/>\n<meta property=\"og:image\" content=\"https:\/\/airporttelecom.com\/pl\/wp-content\/uploads\/sites\/7\/2024\/06\/Simkaart-Zuid-Korea.png\" \/>\n\t<meta property=\"og:image:width\" content=\"800\" \/>\n\t<meta property=\"og:image:height\" content=\"318\" \/>\n\t<meta property=\"og:image:type\" content=\"image\/png\" \/>\n<meta name=\"twitter:card\" content=\"summary_large_image\" \/>\n<meta name=\"twitter:label1\" content=\"Szacowany czas czytania\" \/>\n\t<meta name=\"twitter:data1\" content=\"1 minuta\" \/>\n<script type=\"application\/ld+json\" class=\"yoast-schema-graph\">{\"@context\":\"https:\/\/schema.org\",\"@graph\":[{\"@type\":\"WebPage\",\"@id\":\"https:\/\/airporttelecom.com\/pl\/esim\/korea-poludniowa\/\",\"url\":\"https:\/\/airporttelecom.com\/pl\/esim\/korea-poludniowa\/\",\"name\":\"eSIM Korea Po\u0142udniowa kupi\u0107 przedp\u0142acony pakiet (nieograniczone) po\u0142\u0105czenia i internet - Airport Telecom PL\",\"isPartOf\":{\"@id\":\"https:\/\/airporttelecom.com\/pl\/#website\"},\"primaryImageOfPage\":{\"@id\":\"https:\/\/airporttelecom.com\/pl\/esim\/korea-poludniowa\/#primaryimage\"},\"image\":{\"@id\":\"https:\/\/airporttelecom.com\/pl\/esim\/korea-poludniowa\/#primaryimage\"},\"thumbnailUrl\":\"https:\/\/airporttelecom.com\/pl\/wp-content\/uploads\/sites\/7\/2024\/06\/Simkaart-Zuid-Korea.png\",\"datePublished\":\"2024-09-12T10:51:49+00:00\",\"dateModified\":\"2026-03-02T14:05:30+00:00\",\"description\":\"Szukasz karty przedp\u0142aconej eSIM Korea Po\u0142udniowa na (nieograniczone) rozmowy i internet? Optymalna dost\u0119pno\u015b\u0107 podczas podr\u00f3\u017cy w eSIM Azja. Ju\u017c w sprzeda\u017cy od !\",\"breadcrumb\":{\"@id\":\"https:\/\/airporttelecom.com\/pl\/esim\/korea-poludniowa\/#breadcrumb\"},\"inLanguage\":\"pl-PL\",\"potentialAction\":[{\"@type\":\"ReadAction\",\"target\":[\"https:\/\/airporttelecom.com\/pl\/esim\/korea-poludniowa\/\"]}]},{\"@type\":\"ImageObject\",\"inLanguage\":\"pl-PL\",\"@id\":\"https:\/\/airporttelecom.com\/pl\/esim\/korea-poludniowa\/#primaryimage\",\"url\":\"https:\/\/airporttelecom.com\/pl\/wp-content\/uploads\/sites\/7\/2024\/06\/Simkaart-Zuid-Korea.png\",\"contentUrl\":\"https:\/\/airporttelecom.com\/pl\/wp-content\/uploads\/sites\/7\/2024\/06\/Simkaart-Zuid-Korea.png\",\"width\":800,\"height\":318,\"caption\":\"Karta SIM Korea Po\u0142udniowa\"},{\"@type\":\"BreadcrumbList\",\"@id\":\"https:\/\/airporttelecom.com\/pl\/esim\/korea-poludniowa\/#breadcrumb\",\"itemListElement\":[{\"@type\":\"ListItem\",\"position\":1,\"name\":\"Home\",\"item\":\"https:\/\/airporttelecom.com\/pl\/\"},{\"@type\":\"ListItem\",\"position\":2,\"name\":\"eSIM\",\"item\":\"https:\/\/airporttelecom.com\/pl\/esim\/\"},{\"@type\":\"ListItem\",\"position\":3,\"name\":\"Korea Po\u0142udniowa\"}]},{\"@type\":\"WebSite\",\"@id\":\"https:\/\/airporttelecom.com\/pl\/#website\",\"url\":\"https:\/\/airporttelecom.com\/pl\/\",\"name\":\"Airport Telecom\",\"description\":\"\",\"publisher\":{\"@id\":\"https:\/\/airporttelecom.com\/pl\/#organization\"},\"potentialAction\":[{\"@type\":\"SearchAction\",\"target\":{\"@type\":\"EntryPoint\",\"urlTemplate\":\"https:\/\/airporttelecom.com\/pl\/?s={search_term_string}\"},\"query-input\":{\"@type\":\"PropertyValueSpecification\",\"valueRequired\":true,\"valueName\":\"search_term_string\"}}],\"inLanguage\":\"pl-PL\"},{\"@type\":\"Organization\",\"@id\":\"https:\/\/airporttelecom.com\/pl\/#organization\",\"name\":\"Airport Telecom\",\"url\":\"https:\/\/airporttelecom.com\/pl\/\",\"logo\":{\"@type\":\"ImageObject\",\"inLanguage\":\"pl-PL\",\"@id\":\"https:\/\/airporttelecom.com\/pl\/#\/schema\/logo\/image\/\",\"url\":\"https:\/\/airporttelecom.com\/pl\/wp-content\/uploads\/sites\/7\/2024\/06\/icon.png?wsr\",\"contentUrl\":\"https:\/\/airporttelecom.com\/pl\/wp-content\/uploads\/sites\/7\/2024\/06\/icon.png?wsr\",\"width\":110,\"height\":110,\"caption\":\"Airport Telecom\"},\"image\":{\"@id\":\"https:\/\/airporttelecom.com\/pl\/#\/schema\/logo\/image\/\"}}]}<\/script>\n<!-- \/ Yoast SEO Premium plugin. -->","yoast_head_json":{"title":"eSIM Korea Po\u0142udniowa kupi\u0107 przedp\u0142acony pakiet (nieograniczone) po\u0142\u0105czenia i internet - Airport Telecom PL","description":"Szukasz karty przedp\u0142aconej eSIM Korea Po\u0142udniowa na (nieograniczone) rozmowy i internet? Optymalna dost\u0119pno\u015b\u0107 podczas podr\u00f3\u017cy w eSIM Azja. Ju\u017c w sprzeda\u017cy od !","robots":{"index":"index","follow":"follow","max-snippet":"max-snippet:-1","max-image-preview":"max-image-preview:large","max-video-preview":"max-video-preview:-1"},"canonical":"https:\/\/airporttelecom.com\/pl\/esim\/korea-poludniowa\/","og_locale":"pl_PL","og_type":"article","og_title":"eSIM Korea Po\u0142udniowa","og_description":"Szukasz karty przedp\u0142aconej eSIM Korea Po\u0142udniowa na (nieograniczone) rozmowy i internet? Optymalna dost\u0119pno\u015b\u0107 podczas podr\u00f3\u017cy w eSIM Azja. Ju\u017c w sprzeda\u017cy od !","og_url":"https:\/\/airporttelecom.com\/pl\/esim\/korea-poludniowa\/","og_site_name":"Airport Telecom PL","article_modified_time":"2026-03-02T14:05:30+00:00","og_image":[{"width":800,"height":318,"url":"https:\/\/airporttelecom.com\/pl\/wp-content\/uploads\/sites\/7\/2024\/06\/Simkaart-Zuid-Korea.png","type":"image\/png"}],"twitter_card":"summary_large_image","twitter_misc":{"Szacowany czas czytania":"1 minuta"},"schema":{"@context":"https:\/\/schema.org","@graph":[{"@type":"WebPage","@id":"https:\/\/airporttelecom.com\/pl\/esim\/korea-poludniowa\/","url":"https:\/\/airporttelecom.com\/pl\/esim\/korea-poludniowa\/","name":"eSIM Korea Po\u0142udniowa kupi\u0107 przedp\u0142acony pakiet (nieograniczone) po\u0142\u0105czenia i internet - Airport Telecom PL","isPartOf":{"@id":"https:\/\/airporttelecom.com\/pl\/#website"},"primaryImageOfPage":{"@id":"https:\/\/airporttelecom.com\/pl\/esim\/korea-poludniowa\/#primaryimage"},"image":{"@id":"https:\/\/airporttelecom.com\/pl\/esim\/korea-poludniowa\/#primaryimage"},"thumbnailUrl":"https:\/\/airporttelecom.com\/pl\/wp-content\/uploads\/sites\/7\/2024\/06\/Simkaart-Zuid-Korea.png","datePublished":"2024-09-12T10:51:49+00:00","dateModified":"2026-03-02T14:05:30+00:00","description":"Szukasz karty przedp\u0142aconej eSIM Korea Po\u0142udniowa na (nieograniczone) rozmowy i internet? Optymalna dost\u0119pno\u015b\u0107 podczas podr\u00f3\u017cy w eSIM Azja. Ju\u017c w sprzeda\u017cy od !","breadcrumb":{"@id":"https:\/\/airporttelecom.com\/pl\/esim\/korea-poludniowa\/#breadcrumb"},"inLanguage":"pl-PL","potentialAction":[{"@type":"ReadAction","target":["https:\/\/airporttelecom.com\/pl\/esim\/korea-poludniowa\/"]}]},{"@type":"ImageObject","inLanguage":"pl-PL","@id":"https:\/\/airporttelecom.com\/pl\/esim\/korea-poludniowa\/#primaryimage","url":"https:\/\/airporttelecom.com\/pl\/wp-content\/uploads\/sites\/7\/2024\/06\/Simkaart-Zuid-Korea.png","contentUrl":"https:\/\/airporttelecom.com\/pl\/wp-content\/uploads\/sites\/7\/2024\/06\/Simkaart-Zuid-Korea.png","width":800,"height":318,"caption":"Karta SIM Korea Po\u0142udniowa"},{"@type":"BreadcrumbList","@id":"https:\/\/airporttelecom.com\/pl\/esim\/korea-poludniowa\/#breadcrumb","itemListElement":[{"@type":"ListItem","position":1,"name":"Home","item":"https:\/\/airporttelecom.com\/pl\/"},{"@type":"ListItem","position":2,"name":"eSIM","item":"https:\/\/airporttelecom.com\/pl\/esim\/"},{"@type":"ListItem","position":3,"name":"Korea Po\u0142udniowa"}]},{"@type":"WebSite","@id":"https:\/\/airporttelecom.com\/pl\/#website","url":"https:\/\/airporttelecom.com\/pl\/","name":"Airport Telecom","description":"","publisher":{"@id":"https:\/\/airporttelecom.com\/pl\/#organization"},"potentialAction":[{"@type":"SearchAction","target":{"@type":"EntryPoint","urlTemplate":"https:\/\/airporttelecom.com\/pl\/?s={search_term_string}"},"query-input":{"@type":"PropertyValueSpecification","valueRequired":true,"valueName":"search_term_string"}}],"inLanguage":"pl-PL"},{"@type":"Organization","@id":"https:\/\/airporttelecom.com\/pl\/#organization","name":"Airport Telecom","url":"https:\/\/airporttelecom.com\/pl\/","logo":{"@type":"ImageObject","inLanguage":"pl-PL","@id":"https:\/\/airporttelecom.com\/pl\/#\/schema\/logo\/image\/","url":"https:\/\/airporttelecom.com\/pl\/wp-content\/uploads\/sites\/7\/2024\/06\/icon.png?wsr","contentUrl":"https:\/\/airporttelecom.com\/pl\/wp-content\/uploads\/sites\/7\/2024\/06\/icon.png?wsr","width":110,"height":110,"caption":"Airport Telecom"},"image":{"@id":"https:\/\/airporttelecom.com\/pl\/#\/schema\/logo\/image\/"}}]}},"custom_permalink":"esim\/korea-poludniowa","_links":{"self":[{"href":"https:\/\/airporttelecom.com\/pl\/wp-json\/wp\/v2\/product\/1586","targetHints":{"allow":["GET"]}}],"collection":[{"href":"https:\/\/airporttelecom.com\/pl\/wp-json\/wp\/v2\/product"}],"about":[{"href":"https:\/\/airporttelecom.com\/pl\/wp-json\/wp\/v2\/types\/product"}],"replies":[{"embeddable":true,"href":"https:\/\/airporttelecom.com\/pl\/wp-json\/wp\/v2\/comments?post=1586"}],"wp:featuredmedia":[{"embeddable":true,"href":"https:\/\/airporttelecom.com\/pl\/wp-json\/wp\/v2\/media\/717"}],"wp:attachment":[{"href":"https:\/\/airporttelecom.com\/pl\/wp-json\/wp\/v2\/media?parent=1586"}],"wp:term":[{"taxonomy":"product_brand","embeddable":true,"href":"https:\/\/airporttelecom.com\/pl\/wp-json\/wp\/v2\/product_brand?post=1586"},{"taxonomy":"product_cat","embeddable":true,"href":"https:\/\/airporttelecom.com\/pl\/wp-json\/wp\/v2\/product_cat?post=1586"},{"taxonomy":"product_tag","embeddable":true,"href":"https:\/\/airporttelecom.com\/pl\/wp-json\/wp\/v2\/product_tag?post=1586"}],"curies":[{"name":"wp","href":"https:\/\/api.w.org\/{rel}","templated":true}]}}