{"id":1589,"date":"2024-09-12T10:51:50","date_gmt":"2024-09-12T10:51:50","guid":{"rendered":"https:\/\/airporttelecom.outperforming.nl\/nl\/product\/esim-thailand\/"},"modified":"2026-03-01T14:47:25","modified_gmt":"2026-03-01T14:47:25","slug":"esim-thailand","status":"publish","type":"product","link":"https:\/\/airporttelecom.com\/pl\/esim\/tajlandia\/","title":{"rendered":"eSIM Tajlandia"},"content":{"rendered":"","protected":false},"excerpt":{"rendered":"","protected":false},"featured_media":711,"comment_status":"open","ping_status":"closed","template":"","meta":{"_acf_changed":false},"product_brand":[],"product_cat":[16],"product_tag":[43],"class_list":{"0":"post-1589","1":"product","2":"type-product","3":"status-publish","4":"has-post-thumbnail","6":"product_cat-esim","7":"product_tag-esim-azja","9":"first","10":"instock","11":"taxable","12":"shipping-taxable","13":"purchasable","14":"product-type-variable"},"acf":{"gebied_afbeelding":643,"vlag_afbeelding":296,"provider":["NEX"],"product_synoniemen":null,"product_bestel_velden":"","product_omschrijving":"<h2>Internet mobilny z kart\u0105 eSIM do Tajlandii<\/h2>\r\nDzi\u0119ki karcie eSIM Tajlandia od Airport Telecom mo\u017cesz korzysta\u0107 z mobilnego internetu w ca\u0142ym kraju \u2014 bez dodatkowych op\u0142at roamingowych i bez wymiany fizycznej karty SIM. Nasze pakiety zapewniaj\u0105 szybkie po\u0142\u0105czenie 4G\/5G, idealne do przegl\u0105dania stron, korzystania z poczty e-mail, WhatsAppa, nawigacji oraz innych aplikacji online. Wybierz pakiet na 7, 10 lub 30 dni, dopasowany do d\u0142ugo\u015bci Twojego pobytu.\r\n<h2>Dane mobilne i po\u0142\u0105czenia podczas podr\u00f3\u017cy do Tajlandii<\/h2>\r\neSIM do Tajlandii od tajskiego operatora <strong>DTAC<\/strong> jest dost\u0119pna w trzech wariantach:\r\n<ul>\r\n \t<li>Pakiet <strong>10 GB danych<\/strong> na 7 dni,<\/li>\r\n \t<li>Pakiet <strong>50 GB danych<\/strong> na 10 dni,<\/li>\r\n \t<li>Pakiet <strong>30 GB danych<\/strong> na 30 dni.<\/li>\r\n<\/ul>\r\nNasze pakiety danych oferuj\u0105 szybki internet w wyj\u0105tkowo korzystnych cenach. Kupuj\u0105c eSIM Tajlandia przez Airport Telecom, nie musisz rejestrowa\u0107 si\u0119 u tajskich w\u0142adz \u2014 w sklepach w Tajlandii konieczne jest okazanie paszportu.\r\n<h2>WhatsApp z eSIM Tajlandia<\/h2>\r\nWszystkie po\u0142\u0105czenia internetowe, takie jak WhatsApp, Skype czy FaceTime, s\u0105 oczywi\u015bcie r\u00f3wnie\u017c mo\u017cliwe dzi\u0119ki eSIM do Tajlandii. B\u0119dziesz wtedy korzysta\u0107 z pakietu danych na karcie eSIM. Mo\u017cesz nadal korzysta\u0107 z WhatsAppa z dotychczasowymi kontaktami, grupami i czatami \u2013 bez utraty historii rozm\u00f3wi. Po zainstalowaniu przedp\u0142aconej karty eSIM aplikacja WhatsApp mo\u017ce zapyta\u0107,, czy chcesz utworzy\u0107 now\u0105 to\u017csamo\u015b\u0107, czy te\u017c wszystko ma pozosta\u0107 bez zmian. Wybierz opcj\u0119 zachowania obecnej to\u017csamo\u015bci, aby nic si\u0119 nie zmieni\u0142o. Nast\u0119pnie mo\u017cesz kontynuowa\u0107 wysy\u0142anie wiadomo\u015bci i rozmowy telefoniczne za pomoc\u0105 WhatsApp jak zwykle.\r\n<h2>Zasi\u0119g sieci kom\u00f3rkowej i dost\u0119p do internetu mobilnego w Tajlandii<\/h2>\r\n<p data-start=\"65\" data-end=\"553\">Z eSIM od Airport Telecom masz niemal wsz\u0119dzie stabilny zasi\u0119g w Tajlandii, zwanej \u201eKrajem U\u015bmiech\u00f3w\u201d. Korzystaj\u0105c z GPS, odkrywaj Bangkok i przemieszczaj si\u0119 tuk-tukami po jego t\u0119tni\u0105cych \u017cyciem ulicach. Odwied\u017a imponuj\u0105cy Pa\u0142ac Kr\u00f3lewski oraz \u015awi\u0105tyni\u0119 Szmaragdowego Buddy. W Chiang Mai podziel si\u0119 wra\u017ceniami z wizyty w \u015bwi\u0105tyni Wat Phra That Doi Suthep na WhatsApp, odkryj atrakcje na Sunday Walking Street i uwiecznij na Instagramie wyj\u0105tkowe chwile sp\u0119dzone z indyjskimi s\u0142oniami.<\/p>\r\n<p data-start=\"555\" data-end=\"827\">Pi\u0119kne pla\u017ce Phuket, takie jak Patong czy Karon, a tak\u017ce romantyczne wyspy Phi Phi, zapewniaj\u0105 r\u00f3wnie\u017c doskona\u0142y zasi\u0119g. Nawet je\u015bli po Full Moon Party zdecydujesz si\u0119 na dodatkow\u0105 noc na Koh Phangan, eSIM pozwoli Ci pozosta\u0107 w kontakcie i \u0142atwo zaplanowa\u0107 dalszy pobyt.<\/p>\r\n<p data-start=\"829\" data-end=\"1021\">Pami\u0119taj jednak, \u017ce w parkach przyrodniczych Tajlandii, takich jak Khao Sok z jednym z najstarszych las\u00f3w tropikalnych czy Erawan z malowniczymi wodospadami, si\u0142a sieci mo\u017ce si\u0119 nieco waha\u0107.<\/p>\r\n\r\n<h2>eSIM Tajlandia - przesy\u0142ka drog\u0105 mailow\u0105<\/h2>\r\nPo z\u0142o\u017ceniu zam\u00f3wienia eSIM do Tajlandii otrzymasz poczt\u0105 elektroniczn\u0105. To szybkie i proste rozwi\u0105zanie \u2014 dost\u0119pne zar\u00f3wno wtedy, gdy jeste\u015b ju\u017c w Tajlandii, jak i gdy wkr\u00f3tce wybierasz si\u0119 w podr\u00f3\u017c.","product_specificaties":"<h2 data-start=\"95\" data-end=\"120\">Zalety eSIM Tajlandia<\/h2>\r\n<ul data-start=\"122\" data-end=\"969\">\r\n \t<li data-start=\"122\" data-end=\"307\">\r\n<p data-start=\"124\" data-end=\"307\"><strong data-start=\"124\" data-end=\"152\">Natychmiastowa aktywacja<\/strong> \u2013 eSIM do Tajlandii otrzymasz poczt\u0105 elektroniczn\u0105 w formie kodu QR, kt\u00f3ry wystarczy zeskanowa\u0107 telefonem, aby szybko rozpocz\u0105\u0107 korzystanie z internetu.<\/p>\r\n<\/li>\r\n \t<li data-start=\"122\" data-end=\"307\">\r\n<p data-start=\"124\" data-end=\"307\"><strong data-start=\"310\" data-end=\"337\">Bez fizycznej karty SIM<\/strong> \u2013 eSIM to karta cyfrowa, bez konieczno\u015bci wymiany tradycyjnej karty SIM.<\/p>\r\n<\/li>\r\n \t<li data-start=\"405\" data-end=\"576\">\r\n<p data-start=\"407\" data-end=\"576\"><strong data-start=\"407\" data-end=\"450\">Przedp\u0142acone pakiety danych w Tajlandii<\/strong> \u2013 korzystasz z internetu bez dodatkowych op\u0142at roamingowych, zachowuj\u0105c jednocze\u015bnie dost\u0119pno\u015b\u0107 pod swoim numerem telefonu.<\/p>\r\n<\/li>\r\n \t<li data-start=\"577\" data-end=\"688\">\r\n<p data-start=\"579\" data-end=\"688\"><strong data-start=\"579\" data-end=\"602\">Tethering i hotspot<\/strong> \u2013 eSIM mo\u017cna wykorzysta\u0107 do udost\u0119pniania internetu innym urz\u0105dzeniom oraz do MiFi.<\/p>\r\n<\/li>\r\n \t<li data-start=\"689\" data-end=\"834\">\r\n<p data-start=\"691\" data-end=\"834\"><strong data-start=\"691\" data-end=\"736\">Kompatybilno\u015b\u0107 z nowoczesnymi smartfonami<\/strong> \u2013 dzia\u0142a na urz\u0105dzeniach obs\u0142uguj\u0105cych eSIM, m.in. iPhone XS, XS Max, XR, iPhone 11 i nowszych.<\/p>\r\n<\/li>\r\n \t<li data-start=\"835\" data-end=\"969\">\r\n<p data-start=\"837\" data-end=\"969\"><strong data-start=\"837\" data-end=\"866\">\u0141atwa instalacja i wygoda<\/strong> \u2013 szybka aktywacja eSIM, brak formalno\u015bci i natychmiastowy dost\u0119p do internetu po przybyciu do Tajlandii.<\/p>\r\n<\/li>\r\n<\/ul>\r\n<h2>Internet\u00a0 w Tajlandii - dost\u0119pne pakiety eSIM<\/h2>\r\n<p data-start=\"141\" data-end=\"264\">Oferujemy pakiety danych do Tajlandii, kt\u00f3re pozwalaj\u0105 korzysta\u0107 z internetu mobilnego szybko i wygodnie podczas podr\u00f3\u017cy:<\/p>\r\n\r\n<ul data-start=\"266\" data-end=\"372\">\r\n \t<li data-start=\"266\" data-end=\"300\">\r\n<p data-start=\"268\" data-end=\"300\"><strong data-start=\"268\" data-end=\"284\">15 GB danych<\/strong> \u2013 wa\u017cne 7 dni<\/p>\r\n<\/li>\r\n \t<li data-start=\"301\" data-end=\"336\">\r\n<p data-start=\"303\" data-end=\"336\"><strong data-start=\"303\" data-end=\"319\">50 GB danych<\/strong> \u2013 wa\u017cne 10 dni<\/p>\r\n<\/li>\r\n \t<li data-start=\"337\" data-end=\"372\">\r\n<p data-start=\"339\" data-end=\"372\"><strong data-start=\"339\" data-end=\"355\">30 GB danych<\/strong> \u2013 wa\u017cne 30 dni<\/p>\r\n<\/li>\r\n<\/ul>\r\n<p data-start=\"374\" data-end=\"690\">Klikaj\u0105c przycisk \u201eZam\u00f3w\u201d, mo\u017cesz wybra\u0107 i aktywowa\u0107 odpowiedni pakiet danych eSIM do Tajlandii. Wybierz wariant najlepiej dopasowany do Twoich potrzeb i korzystaj z internetu mobilnego bez ogranicze\u0144<\/p>","product_handleiding":"","product_veelgestelde_vragen":[{"vraag":"Kt\u00f3ry eSIM wybra\u0107 do Tajlandii? ","antwoord":"Mo\u017cesz wybra\u0107 pakiety na 7, 10 lub 30 dni. Je\u015bli wybierzesz kr\u00f3tszy pakiet i ostatecznie zostaniesz d\u0142u\u017cej w Tajlandii, aby wi\u0119cej podr\u00f3\u017cowa\u0107, nie ma problemu. Zawsze mo\u017cesz ponownie zam\u00f3wi\u0107 kart\u0119 eSIM na dodatkowy okres. W ko\u0144cu otrzymasz eSIM e-mailem i mo\u017cesz to zrobi\u0107, nawet je\u015bli jeste\u015b ju\u017c w s\u0142onecznej Tajlandii."},{"vraag":"Gdzie mo\u017cna kupi\u0107 eSIM do Tajlandii? ","antwoord":"Kup kart\u0119 eSIM do Tajlandia online od Airport Telecom. Kart\u0119 eSIM otrzymasz poczt\u0105 elektroniczn\u0105. Jest to kod QR, kt\u00f3ry nale\u017cy zeskanowa\u0107 telefonem. Mo\u017cesz to zrobi\u0107 nawet b\u0119d\u0105c ju\u017c w Tajlandii lub wyje\u017cd\u017caj\u0105c w bardzo kr\u00f3tkim czasie. "}]},"yoast_head":"<!-- This site is optimized with the Yoast SEO Premium plugin v24.4 (Yoast SEO v26.9) - https:\/\/yoast.com\/product\/yoast-seo-premium-wordpress\/ -->\n<title>eSIM Tajlandia kupi\u0107 przedp\u0142acony pakiet (nieograniczone) po\u0142\u0105czenia i internet - Airport Telecom PL<\/title>\n<meta name=\"description\" content=\"Szukasz karty przedp\u0142aconej eSIM Tajlandia na (nieograniczone) rozmowy i internet? Optymalna dost\u0119pno\u015b\u0107 podczas podr\u00f3\u017cy w eSIM Azja. Ju\u017c w sprzeda\u017cy od !\" \/>\n<meta name=\"robots\" content=\"index, follow, max-snippet:-1, max-image-preview:large, max-video-preview:-1\" \/>\n<link rel=\"canonical\" href=\"https:\/\/airporttelecom.com\/pl\/esim\/tajlandia\/\" \/>\n<meta property=\"og:locale\" content=\"pl_PL\" \/>\n<meta property=\"og:type\" content=\"article\" \/>\n<meta property=\"og:title\" content=\"eSIM Tajlandia\" \/>\n<meta property=\"og:description\" content=\"Szukasz karty przedp\u0142aconej eSIM Tajlandia na (nieograniczone) rozmowy i internet? Optymalna dost\u0119pno\u015b\u0107 podczas podr\u00f3\u017cy w eSIM Azja. Ju\u017c w sprzeda\u017cy od !\" \/>\n<meta property=\"og:url\" content=\"https:\/\/airporttelecom.com\/pl\/esim\/tajlandia\/\" \/>\n<meta property=\"og:site_name\" content=\"Airport Telecom PL\" \/>\n<meta property=\"article:modified_time\" content=\"2026-03-01T14:47:25+00:00\" \/>\n<meta property=\"og:image\" content=\"https:\/\/airporttelecom.com\/pl\/wp-content\/uploads\/sites\/7\/2024\/06\/Simkaart-Thailand.png\" \/>\n\t<meta property=\"og:image:width\" content=\"800\" \/>\n\t<meta property=\"og:image:height\" content=\"318\" \/>\n\t<meta property=\"og:image:type\" content=\"image\/png\" \/>\n<meta name=\"twitter:card\" content=\"summary_large_image\" \/>\n<meta name=\"twitter:label1\" content=\"Szacowany czas czytania\" \/>\n\t<meta name=\"twitter:data1\" content=\"1 minuta\" \/>\n<script type=\"application\/ld+json\" class=\"yoast-schema-graph\">{\"@context\":\"https:\/\/schema.org\",\"@graph\":[{\"@type\":\"WebPage\",\"@id\":\"https:\/\/airporttelecom.com\/pl\/esim\/tajlandia\/\",\"url\":\"https:\/\/airporttelecom.com\/pl\/esim\/tajlandia\/\",\"name\":\"eSIM Tajlandia kupi\u0107 przedp\u0142acony pakiet (nieograniczone) po\u0142\u0105czenia i internet - Airport Telecom PL\",\"isPartOf\":{\"@id\":\"https:\/\/airporttelecom.com\/pl\/#website\"},\"primaryImageOfPage\":{\"@id\":\"https:\/\/airporttelecom.com\/pl\/esim\/tajlandia\/#primaryimage\"},\"image\":{\"@id\":\"https:\/\/airporttelecom.com\/pl\/esim\/tajlandia\/#primaryimage\"},\"thumbnailUrl\":\"https:\/\/airporttelecom.com\/pl\/wp-content\/uploads\/sites\/7\/2024\/06\/Simkaart-Thailand.png\",\"datePublished\":\"2024-09-12T10:51:50+00:00\",\"dateModified\":\"2026-03-01T14:47:25+00:00\",\"description\":\"Szukasz karty przedp\u0142aconej eSIM Tajlandia na (nieograniczone) rozmowy i internet? Optymalna dost\u0119pno\u015b\u0107 podczas podr\u00f3\u017cy w eSIM Azja. Ju\u017c w sprzeda\u017cy od !\",\"breadcrumb\":{\"@id\":\"https:\/\/airporttelecom.com\/pl\/esim\/tajlandia\/#breadcrumb\"},\"inLanguage\":\"pl-PL\",\"potentialAction\":[{\"@type\":\"ReadAction\",\"target\":[\"https:\/\/airporttelecom.com\/pl\/esim\/tajlandia\/\"]}]},{\"@type\":\"ImageObject\",\"inLanguage\":\"pl-PL\",\"@id\":\"https:\/\/airporttelecom.com\/pl\/esim\/tajlandia\/#primaryimage\",\"url\":\"https:\/\/airporttelecom.com\/pl\/wp-content\/uploads\/sites\/7\/2024\/06\/Simkaart-Thailand.png\",\"contentUrl\":\"https:\/\/airporttelecom.com\/pl\/wp-content\/uploads\/sites\/7\/2024\/06\/Simkaart-Thailand.png\",\"width\":800,\"height\":318,\"caption\":\"Karta SIM Tajlandia\"},{\"@type\":\"BreadcrumbList\",\"@id\":\"https:\/\/airporttelecom.com\/pl\/esim\/tajlandia\/#breadcrumb\",\"itemListElement\":[{\"@type\":\"ListItem\",\"position\":1,\"name\":\"Home\",\"item\":\"https:\/\/airporttelecom.com\/pl\/\"},{\"@type\":\"ListItem\",\"position\":2,\"name\":\"eSIM\",\"item\":\"https:\/\/airporttelecom.com\/pl\/esim\/\"},{\"@type\":\"ListItem\",\"position\":3,\"name\":\"Tajlandia\"}]},{\"@type\":\"WebSite\",\"@id\":\"https:\/\/airporttelecom.com\/pl\/#website\",\"url\":\"https:\/\/airporttelecom.com\/pl\/\",\"name\":\"Airport Telecom\",\"description\":\"\",\"publisher\":{\"@id\":\"https:\/\/airporttelecom.com\/pl\/#organization\"},\"potentialAction\":[{\"@type\":\"SearchAction\",\"target\":{\"@type\":\"EntryPoint\",\"urlTemplate\":\"https:\/\/airporttelecom.com\/pl\/?s={search_term_string}\"},\"query-input\":{\"@type\":\"PropertyValueSpecification\",\"valueRequired\":true,\"valueName\":\"search_term_string\"}}],\"inLanguage\":\"pl-PL\"},{\"@type\":\"Organization\",\"@id\":\"https:\/\/airporttelecom.com\/pl\/#organization\",\"name\":\"Airport Telecom\",\"url\":\"https:\/\/airporttelecom.com\/pl\/\",\"logo\":{\"@type\":\"ImageObject\",\"inLanguage\":\"pl-PL\",\"@id\":\"https:\/\/airporttelecom.com\/pl\/#\/schema\/logo\/image\/\",\"url\":\"https:\/\/airporttelecom.com\/pl\/wp-content\/uploads\/sites\/7\/2024\/06\/icon.png?wsr\",\"contentUrl\":\"https:\/\/airporttelecom.com\/pl\/wp-content\/uploads\/sites\/7\/2024\/06\/icon.png?wsr\",\"width\":110,\"height\":110,\"caption\":\"Airport Telecom\"},\"image\":{\"@id\":\"https:\/\/airporttelecom.com\/pl\/#\/schema\/logo\/image\/\"}}]}<\/script>\n<!-- \/ Yoast SEO Premium plugin. -->","yoast_head_json":{"title":"eSIM Tajlandia kupi\u0107 przedp\u0142acony pakiet (nieograniczone) po\u0142\u0105czenia i internet - Airport Telecom PL","description":"Szukasz karty przedp\u0142aconej eSIM Tajlandia na (nieograniczone) rozmowy i internet? Optymalna dost\u0119pno\u015b\u0107 podczas podr\u00f3\u017cy w eSIM Azja. Ju\u017c w sprzeda\u017cy od !","robots":{"index":"index","follow":"follow","max-snippet":"max-snippet:-1","max-image-preview":"max-image-preview:large","max-video-preview":"max-video-preview:-1"},"canonical":"https:\/\/airporttelecom.com\/pl\/esim\/tajlandia\/","og_locale":"pl_PL","og_type":"article","og_title":"eSIM Tajlandia","og_description":"Szukasz karty przedp\u0142aconej eSIM Tajlandia na (nieograniczone) rozmowy i internet? Optymalna dost\u0119pno\u015b\u0107 podczas podr\u00f3\u017cy w eSIM Azja. Ju\u017c w sprzeda\u017cy od !","og_url":"https:\/\/airporttelecom.com\/pl\/esim\/tajlandia\/","og_site_name":"Airport Telecom PL","article_modified_time":"2026-03-01T14:47:25+00:00","og_image":[{"width":800,"height":318,"url":"https:\/\/airporttelecom.com\/pl\/wp-content\/uploads\/sites\/7\/2024\/06\/Simkaart-Thailand.png","type":"image\/png"}],"twitter_card":"summary_large_image","twitter_misc":{"Szacowany czas czytania":"1 minuta"},"schema":{"@context":"https:\/\/schema.org","@graph":[{"@type":"WebPage","@id":"https:\/\/airporttelecom.com\/pl\/esim\/tajlandia\/","url":"https:\/\/airporttelecom.com\/pl\/esim\/tajlandia\/","name":"eSIM Tajlandia kupi\u0107 przedp\u0142acony pakiet (nieograniczone) po\u0142\u0105czenia i internet - Airport Telecom PL","isPartOf":{"@id":"https:\/\/airporttelecom.com\/pl\/#website"},"primaryImageOfPage":{"@id":"https:\/\/airporttelecom.com\/pl\/esim\/tajlandia\/#primaryimage"},"image":{"@id":"https:\/\/airporttelecom.com\/pl\/esim\/tajlandia\/#primaryimage"},"thumbnailUrl":"https:\/\/airporttelecom.com\/pl\/wp-content\/uploads\/sites\/7\/2024\/06\/Simkaart-Thailand.png","datePublished":"2024-09-12T10:51:50+00:00","dateModified":"2026-03-01T14:47:25+00:00","description":"Szukasz karty przedp\u0142aconej eSIM Tajlandia na (nieograniczone) rozmowy i internet? Optymalna dost\u0119pno\u015b\u0107 podczas podr\u00f3\u017cy w eSIM Azja. Ju\u017c w sprzeda\u017cy od !","breadcrumb":{"@id":"https:\/\/airporttelecom.com\/pl\/esim\/tajlandia\/#breadcrumb"},"inLanguage":"pl-PL","potentialAction":[{"@type":"ReadAction","target":["https:\/\/airporttelecom.com\/pl\/esim\/tajlandia\/"]}]},{"@type":"ImageObject","inLanguage":"pl-PL","@id":"https:\/\/airporttelecom.com\/pl\/esim\/tajlandia\/#primaryimage","url":"https:\/\/airporttelecom.com\/pl\/wp-content\/uploads\/sites\/7\/2024\/06\/Simkaart-Thailand.png","contentUrl":"https:\/\/airporttelecom.com\/pl\/wp-content\/uploads\/sites\/7\/2024\/06\/Simkaart-Thailand.png","width":800,"height":318,"caption":"Karta SIM Tajlandia"},{"@type":"BreadcrumbList","@id":"https:\/\/airporttelecom.com\/pl\/esim\/tajlandia\/#breadcrumb","itemListElement":[{"@type":"ListItem","position":1,"name":"Home","item":"https:\/\/airporttelecom.com\/pl\/"},{"@type":"ListItem","position":2,"name":"eSIM","item":"https:\/\/airporttelecom.com\/pl\/esim\/"},{"@type":"ListItem","position":3,"name":"Tajlandia"}]},{"@type":"WebSite","@id":"https:\/\/airporttelecom.com\/pl\/#website","url":"https:\/\/airporttelecom.com\/pl\/","name":"Airport Telecom","description":"","publisher":{"@id":"https:\/\/airporttelecom.com\/pl\/#organization"},"potentialAction":[{"@type":"SearchAction","target":{"@type":"EntryPoint","urlTemplate":"https:\/\/airporttelecom.com\/pl\/?s={search_term_string}"},"query-input":{"@type":"PropertyValueSpecification","valueRequired":true,"valueName":"search_term_string"}}],"inLanguage":"pl-PL"},{"@type":"Organization","@id":"https:\/\/airporttelecom.com\/pl\/#organization","name":"Airport Telecom","url":"https:\/\/airporttelecom.com\/pl\/","logo":{"@type":"ImageObject","inLanguage":"pl-PL","@id":"https:\/\/airporttelecom.com\/pl\/#\/schema\/logo\/image\/","url":"https:\/\/airporttelecom.com\/pl\/wp-content\/uploads\/sites\/7\/2024\/06\/icon.png?wsr","contentUrl":"https:\/\/airporttelecom.com\/pl\/wp-content\/uploads\/sites\/7\/2024\/06\/icon.png?wsr","width":110,"height":110,"caption":"Airport Telecom"},"image":{"@id":"https:\/\/airporttelecom.com\/pl\/#\/schema\/logo\/image\/"}}]}},"custom_permalink":"esim\/tajlandia","_links":{"self":[{"href":"https:\/\/airporttelecom.com\/pl\/wp-json\/wp\/v2\/product\/1589","targetHints":{"allow":["GET"]}}],"collection":[{"href":"https:\/\/airporttelecom.com\/pl\/wp-json\/wp\/v2\/product"}],"about":[{"href":"https:\/\/airporttelecom.com\/pl\/wp-json\/wp\/v2\/types\/product"}],"replies":[{"embeddable":true,"href":"https:\/\/airporttelecom.com\/pl\/wp-json\/wp\/v2\/comments?post=1589"}],"wp:featuredmedia":[{"embeddable":true,"href":"https:\/\/airporttelecom.com\/pl\/wp-json\/wp\/v2\/media\/711"}],"wp:attachment":[{"href":"https:\/\/airporttelecom.com\/pl\/wp-json\/wp\/v2\/media?parent=1589"}],"wp:term":[{"taxonomy":"product_brand","embeddable":true,"href":"https:\/\/airporttelecom.com\/pl\/wp-json\/wp\/v2\/product_brand?post=1589"},{"taxonomy":"product_cat","embeddable":true,"href":"https:\/\/airporttelecom.com\/pl\/wp-json\/wp\/v2\/product_cat?post=1589"},{"taxonomy":"product_tag","embeddable":true,"href":"https:\/\/airporttelecom.com\/pl\/wp-json\/wp\/v2\/product_tag?post=1589"}],"curies":[{"name":"wp","href":"https:\/\/api.w.org\/{rel}","templated":true}]}}