{"id":1601,"date":"2024-09-12T10:51:53","date_gmt":"2024-09-12T10:51:53","guid":{"rendered":"https:\/\/airporttelecom.outperforming.nl\/nl\/product\/esim-filipijnen\/"},"modified":"2026-02-27T21:32:26","modified_gmt":"2026-02-27T21:32:26","slug":"esim-filipijnen","status":"publish","type":"product","link":"https:\/\/airporttelecom.com\/pl\/esim\/filipiny\/","title":{"rendered":"eSIM Filipiny"},"content":{"rendered":"","protected":false},"excerpt":{"rendered":"","protected":false},"featured_media":677,"comment_status":"open","ping_status":"closed","template":"","meta":{"_acf_changed":false},"product_brand":[],"product_cat":[16],"product_tag":[43],"class_list":{"0":"post-1601","1":"product","2":"type-product","3":"status-publish","4":"has-post-thumbnail","6":"product_cat-esim","7":"product_tag-esim-azja","9":"first","10":"instock","11":"taxable","12":"shipping-taxable","13":"purchasable","14":"product-type-variable"},"acf":{"gebied_afbeelding":592,"vlag_afbeelding":269,"provider":["NEX"],"product_synoniemen":null,"product_bestel_velden":["vertrekdatum"],"product_omschrijving":"<h2><span data-contrast=\"none\">Internet mobilny z kart\u0105 eSIM do Filipin<\/span><\/h2>\r\n<span data-contrast=\"auto\">Dzi\u0119ki karcie eSIM Filipiny od Airport Telecom mo\u017cesz korzysta\u0107 z mobilnego internetu na terenie ca\u0142ych Filipin. Oferujemy pakiety danych i po\u0142\u0105cze\u0144 dostosowane do indywidualnych potrzeb. Pakiety danych to idealne rozwi\u0105zanie do korzystania z internetu w podr\u00f3\u017cy. Dzi\u0119ki szybkiemu i stabilnemu po\u0142\u0105czeniu 4G\/5G zapewniaj\u0105 wygodny dost\u0119p do poczty e-mail, WhatsAppa, nawigacji GPS oraz innych aplikacji mobilnych.<\/span>\r\n<h2><span data-contrast=\"none\">Pakiety eSIM\u00a0<\/span><span data-contrast=\"none\">Filipiny\u00a0<\/span>\u2013 internet bez ogranicze\u0144 w podr\u00f3\u017cy<\/h2>\r\n<span data-contrast=\"auto\">Karty eSIM na Filipiny s\u0105 dost\u0119pne w wariantach 10 GB oraz z nielimitowanym pakietem danych. Ka\u017cda karta eSIM posiada w\u0142asny numer telefonu, dzi\u0119ki kt\u00f3remu mo\u017cna odbiera\u0107 bezp\u0142atne po\u0142\u0105czenia na Filipinach. Zar\u00f3wno 10 GB, jak i nieograniczona karta eSIM do Filipin obejmuj\u0105 po\u0142\u0105czenia na Filipinach. <\/span>\r\n<h2><span data-contrast=\"none\">WhatsApp z eSIM Filipiny<\/span><\/h2>\r\n<span data-contrast=\"auto\">Wszystkie po\u0142\u0105czenia internetowe, takie jak WhatsApp, Skype czy FaceTime, s\u0105 oczywi\u015bcie mo\u017cliwe r\u00f3wnie\u017c z kartami eSIM na Filipiny. Zawsze mo\u017cesz nadal korzysta\u0107 z WhatsApp z w\u0142asnymi istniej\u0105cymi kontaktami, grupami i czatami. Po zainstalowaniu przedp\u0142aconej karty eSIM aplikacja aplikacja WhatsApp mo\u017ce zapyta\u0107,, czy chcesz utworzy\u0107 nowe konto, czy zachowa\u0107 obecne ustawienia. Wybierz opcj\u0119 zachowania obecnej to\u017csamo\u015bci, aby nic si\u0119 nie zmieni\u0142o. Mo\u017cesz wysy\u0142ac wiadomo\u015bci i rozmawiac przez WhatsAppa tak, jak w Polsce.<\/span>\r\n<h2>Zasi\u0119g sieci kom\u00f3rkowej na Filipinach<\/h2>\r\nFilipiny obejmuj\u0105 tysi\u0105ce przepi\u0119knych wysp, na kt\u00f3rych karta eSIM zapewnia doskona\u0142y zasi\u0119g \u2013 niezale\u017cnie od tego, czy przemieszczasz si\u0119 mi\u0119dzy wyspami, czy relaksujesz si\u0119 w nadmorskich kurortach. eSIM oferuje optymaln\u0105 \u0142\u0105czno\u015b\u0107 zar\u00f3wno w t\u0119tni\u0105cych \u017cyciem miastach, takich jak Manila i Cebu City, jak i w ukrytych pere\u0142kach, jak El Nido czy Coron.\r\n\r\nOdkryj Wzg\u00f3rza Czekoladowe oraz wyraki na wyspie Bohol, p\u0142ywaj z \u017c\u00f3\u0142wiami na Apo Island, dziel si\u0119 surfowymi przygodami z Siargao, odwied\u017a pla\u017ce Naked Island i Daku Island, zrelaksuj si\u0119 na White Beach na Boracay oraz podziwiaj \u015bwietliki przy Tubod Beach w Siquijor \u2013 zawsze pozostaj\u0105c w kontakcie z bliskimi.\r\n\r\nPami\u0119taj, \u017ce zasi\u0119g mo\u017ce by\u0107 s\u0142abszy w regionach Cordillera Administrative Region i Eastern Visayas oraz na niekt\u00f3rych obszarach chronionych.\r\n\r\nNiezale\u017cnie od tego, czy odwiedzasz t\u0119tni\u0105ce \u017cyciem miasta, czy odpoczywasz na spokojnych, rajskich pla\u017cach, eSIM od Airport Telecom zapewnia niezawodn\u0105 komunikacj\u0119 i sta\u0142y dost\u0119p do internetu podczas podr\u00f3\u017cy po Filipinach.\r\n<h2><span data-contrast=\"none\">eSIM Filiipiny otrzymasz poczt\u0105 e-mail<\/span><\/h2>\r\n<span data-contrast=\"none\">eSIM do Filipin otrzymasz od nas e-mailem. To szybkie i wygodne rozwi\u0105zanie \u2013 mo\u017cesz zakupi\u0107 eSIM nawet wtedy, gdy jeste\u015b ju\u017c na Filipinach lub wkr\u00f3tce wyruszasz w podr\u00f3\u017c.<\/span>","product_specificaties":"<h2><span data-contrast=\"none\">Zalety karty eSIM Filipiny<\/span><\/h2>\r\n<ul>\r\n \t<li><strong>Obs\u0142uga tetheringu i hotspot\u00f3w<\/strong> \u2013 eSIM do Filipin pozwala na udost\u0119pnianie internetu innym urz\u0105dzeniom oraz korzystanie z MIFI.<\/li>\r\n \t<li><strong>Wysy\u0142ka elektroniczna<\/strong> \u2013 karta eSIM zostanie przes\u0142ana na Tw\u00f3j adres e-mail w formie kodu QR, kt\u00f3ry mo\u017cesz zeskanowa\u0107 telefonem.<\/li>\r\n \t<li><strong>Zachowanie polskiego numeru telefonu<\/strong> \u2013 korzystaj\u0105c z eSIM do Filipin, u\u017cywasz pakietu danych, pozostaj\u0105c dost\u0119pnym pod swoim polskim numerem telefonu.<\/li>\r\n \t<li><strong>Kompatybilno\u015b\u0107 urz\u0105dze\u0144<\/strong> \u2013 karta eSIM dzia\u0142a wy\u0142\u0105cznie w smartfonach obs\u0142uguj\u0105cych t\u0119 technologi\u0119. Przed zakupem sprawd\u017a, czy Tw\u00f3j telefon jest kompatybilny z eSIM.<\/li>\r\n \t<li><strong>Obs\u0142ugiwane modele iPhone<\/strong> \u2013 karta eSIM jest kompatybilna z iPhone XS, XS Max, XR, iPhone 11, 12, 13, 14, 15, 16 i nowszymi.<\/li>\r\n<\/ul>\r\n<h2><span data-contrast=\"none\">Dane i po\u0142\u0105czenia na Filipinach<\/span><\/h2>\r\nDost\u0119pne s\u0105 dwa warianty eSIM Filipiny:\r\n<ol>\r\n \t<li><strong>Pakiet 10 GB danych<\/strong><\/li>\r\n<\/ol>\r\n<ul>\r\n \t<li>Zawiera 10 GB internetu mobilnego<\/li>\r\n \t<li>Zawiera 500 minut na po\u0142\u0105czenia lokalne<\/li>\r\n<\/ul>\r\n<ol start=\"2\">\r\n \t<li><strong>Pakiet Nielimitowane dane*<\/strong><\/li>\r\n<\/ol>\r\n<ul>\r\n \t<li>Zawiera nielimitowany internet mobilny*<\/li>\r\n \t<li>Zawiera nielimitowane minuty na po\u0142\u0105czenia lokalne<\/li>\r\n<\/ul>\r\nPakiety danych s\u0105 wa\u017cne przez 30 dni od momentu aktywacji.\r\n\r\n* Obowi\u0105zuj\u0105 zasady uczciwego u\u017cytkowania (Fair Use Policy). <span data-contrast=\"auto\">W przypadku ekstremalnego wykorzystania danych lub zachowa\u0144 zwi\u0105zanych z po\u0142\u0105czeniami, mo\u017cliwo\u015bci karty SIM do Filipin mog\u0105 zosta\u0107 ograniczone przez operatora.<\/span>\r\n\r\nKlikaj\u0105c przycisk \u201eZam\u00f3w teraz\u201d, mo\u017cesz wybra\u0107 i zam\u00f3wi\u0107 odpowiedni pakiet danych eSIM do Filipin lub tradycyjn\u0105 kart\u0119 SIM do Filipin. Wybierz wariant najlepiej dopasowany do Twoich potrzeb i korzystaj z internetu mobilnego bez ogranicze\u0144 podczas podr\u00f3\u017cy.","product_handleiding":"","product_veelgestelde_vragen":[{"vraag":"Kt\u00f3rego eSIM u\u017cywa\u0107 na Filipinach? ","antwoord":"W przypadku kr\u00f3tkiego, kilkudniowego pobytu na Filipinach prawdopodobnie nie b\u0119dziesz potrzebowa\u0107 du\u017cej ilo\u015bci danych. Pakiet 10 GB danych dla Filipin mo\u017ce okaza\u0107 si\u0119 wystarczaj\u0105cy. Aplikacje takie jak WhatsApp, Instagram i nawigacja nie zu\u017cywaj\u0105 du\u017co danych. W przypadku d\u0142u\u017cszego pobytu warto zdecydowa\u0107 si\u0119 na opcj\u0119 nielimitowanego internetu, aby zapewni\u0107 sobie wystarczaj\u0105c\u0105 ilo\u015b\u0107 danych. "},{"vraag":"Gdzie najlepiej kupi\u0107 eSIM do Filipin? ","antwoord":"Kup online kart\u0119 eSIM do Filipin od Airport Telecom. Kart\u0119 eSIM otrzymasz poczt\u0105 elektroniczn\u0105. Jest to kod QR, kt\u00f3ry nale\u017cy zeskanowa\u0107 telefonem. Mo\u017cesz to zrobi\u0107, nawet je\u015bli jeste\u015b ju\u017c na Filipinach lub wkr\u00f3tce wyruszasz w podr\u00f3\u017c. "}]},"yoast_head":"<!-- This site is optimized with the Yoast SEO Premium plugin v24.4 (Yoast SEO v26.9) - https:\/\/yoast.com\/product\/yoast-seo-premium-wordpress\/ -->\n<title>eSIM Filipiny kupi\u0107 przedp\u0142acony pakiet (nieograniczone) po\u0142\u0105czenia i internet - Airport Telecom PL<\/title>\n<meta name=\"description\" content=\"Szukasz karty przedp\u0142aconej eSIM Filipiny na (nieograniczone) rozmowy i internet? Optymalna dost\u0119pno\u015b\u0107 podczas podr\u00f3\u017cy w eSIM Azja. Ju\u017c w sprzeda\u017cy od !\" \/>\n<meta name=\"robots\" content=\"index, follow, max-snippet:-1, max-image-preview:large, max-video-preview:-1\" \/>\n<link rel=\"canonical\" href=\"https:\/\/airporttelecom.com\/pl\/esim\/filipiny\/\" \/>\n<meta property=\"og:locale\" content=\"pl_PL\" \/>\n<meta property=\"og:type\" content=\"article\" \/>\n<meta property=\"og:title\" content=\"eSIM Filipiny\" \/>\n<meta property=\"og:description\" content=\"Szukasz karty przedp\u0142aconej eSIM Filipiny na (nieograniczone) rozmowy i internet? Optymalna dost\u0119pno\u015b\u0107 podczas podr\u00f3\u017cy w eSIM Azja. Ju\u017c w sprzeda\u017cy od !\" \/>\n<meta property=\"og:url\" content=\"https:\/\/airporttelecom.com\/pl\/esim\/filipiny\/\" \/>\n<meta property=\"og:site_name\" content=\"Airport Telecom PL\" \/>\n<meta property=\"article:modified_time\" content=\"2026-02-27T21:32:26+00:00\" \/>\n<meta property=\"og:image\" content=\"https:\/\/airporttelecom.com\/pl\/wp-content\/uploads\/sites\/7\/2024\/06\/Simkaart-Filipijnen.png\" \/>\n\t<meta property=\"og:image:width\" content=\"800\" \/>\n\t<meta property=\"og:image:height\" content=\"318\" \/>\n\t<meta property=\"og:image:type\" content=\"image\/png\" \/>\n<meta name=\"twitter:card\" content=\"summary_large_image\" \/>\n<meta name=\"twitter:label1\" content=\"Szacowany czas czytania\" \/>\n\t<meta name=\"twitter:data1\" content=\"1 minuta\" \/>\n<script type=\"application\/ld+json\" class=\"yoast-schema-graph\">{\"@context\":\"https:\/\/schema.org\",\"@graph\":[{\"@type\":\"WebPage\",\"@id\":\"https:\/\/airporttelecom.com\/pl\/esim\/filipiny\/\",\"url\":\"https:\/\/airporttelecom.com\/pl\/esim\/filipiny\/\",\"name\":\"eSIM Filipiny kupi\u0107 przedp\u0142acony pakiet (nieograniczone) po\u0142\u0105czenia i internet - Airport Telecom PL\",\"isPartOf\":{\"@id\":\"https:\/\/airporttelecom.com\/pl\/#website\"},\"primaryImageOfPage\":{\"@id\":\"https:\/\/airporttelecom.com\/pl\/esim\/filipiny\/#primaryimage\"},\"image\":{\"@id\":\"https:\/\/airporttelecom.com\/pl\/esim\/filipiny\/#primaryimage\"},\"thumbnailUrl\":\"https:\/\/airporttelecom.com\/pl\/wp-content\/uploads\/sites\/7\/2024\/06\/Simkaart-Filipijnen.png\",\"datePublished\":\"2024-09-12T10:51:53+00:00\",\"dateModified\":\"2026-02-27T21:32:26+00:00\",\"description\":\"Szukasz karty przedp\u0142aconej eSIM Filipiny na (nieograniczone) rozmowy i internet? Optymalna dost\u0119pno\u015b\u0107 podczas podr\u00f3\u017cy w eSIM Azja. Ju\u017c w sprzeda\u017cy od !\",\"breadcrumb\":{\"@id\":\"https:\/\/airporttelecom.com\/pl\/esim\/filipiny\/#breadcrumb\"},\"inLanguage\":\"pl-PL\",\"potentialAction\":[{\"@type\":\"ReadAction\",\"target\":[\"https:\/\/airporttelecom.com\/pl\/esim\/filipiny\/\"]}]},{\"@type\":\"ImageObject\",\"inLanguage\":\"pl-PL\",\"@id\":\"https:\/\/airporttelecom.com\/pl\/esim\/filipiny\/#primaryimage\",\"url\":\"https:\/\/airporttelecom.com\/pl\/wp-content\/uploads\/sites\/7\/2024\/06\/Simkaart-Filipijnen.png\",\"contentUrl\":\"https:\/\/airporttelecom.com\/pl\/wp-content\/uploads\/sites\/7\/2024\/06\/Simkaart-Filipijnen.png\",\"width\":800,\"height\":318,\"caption\":\"Karta SIM Filipiny\"},{\"@type\":\"BreadcrumbList\",\"@id\":\"https:\/\/airporttelecom.com\/pl\/esim\/filipiny\/#breadcrumb\",\"itemListElement\":[{\"@type\":\"ListItem\",\"position\":1,\"name\":\"Home\",\"item\":\"https:\/\/airporttelecom.com\/pl\/\"},{\"@type\":\"ListItem\",\"position\":2,\"name\":\"eSIM\",\"item\":\"https:\/\/airporttelecom.com\/pl\/esim\/\"},{\"@type\":\"ListItem\",\"position\":3,\"name\":\"Filipiny\"}]},{\"@type\":\"WebSite\",\"@id\":\"https:\/\/airporttelecom.com\/pl\/#website\",\"url\":\"https:\/\/airporttelecom.com\/pl\/\",\"name\":\"Airport Telecom\",\"description\":\"\",\"publisher\":{\"@id\":\"https:\/\/airporttelecom.com\/pl\/#organization\"},\"potentialAction\":[{\"@type\":\"SearchAction\",\"target\":{\"@type\":\"EntryPoint\",\"urlTemplate\":\"https:\/\/airporttelecom.com\/pl\/?s={search_term_string}\"},\"query-input\":{\"@type\":\"PropertyValueSpecification\",\"valueRequired\":true,\"valueName\":\"search_term_string\"}}],\"inLanguage\":\"pl-PL\"},{\"@type\":\"Organization\",\"@id\":\"https:\/\/airporttelecom.com\/pl\/#organization\",\"name\":\"Airport Telecom\",\"url\":\"https:\/\/airporttelecom.com\/pl\/\",\"logo\":{\"@type\":\"ImageObject\",\"inLanguage\":\"pl-PL\",\"@id\":\"https:\/\/airporttelecom.com\/pl\/#\/schema\/logo\/image\/\",\"url\":\"https:\/\/airporttelecom.com\/pl\/wp-content\/uploads\/sites\/7\/2024\/06\/icon.png?wsr\",\"contentUrl\":\"https:\/\/airporttelecom.com\/pl\/wp-content\/uploads\/sites\/7\/2024\/06\/icon.png?wsr\",\"width\":110,\"height\":110,\"caption\":\"Airport Telecom\"},\"image\":{\"@id\":\"https:\/\/airporttelecom.com\/pl\/#\/schema\/logo\/image\/\"}}]}<\/script>\n<!-- \/ Yoast SEO Premium plugin. -->","yoast_head_json":{"title":"eSIM Filipiny kupi\u0107 przedp\u0142acony pakiet (nieograniczone) po\u0142\u0105czenia i internet - Airport Telecom PL","description":"Szukasz karty przedp\u0142aconej eSIM Filipiny na (nieograniczone) rozmowy i internet? Optymalna dost\u0119pno\u015b\u0107 podczas podr\u00f3\u017cy w eSIM Azja. Ju\u017c w sprzeda\u017cy od !","robots":{"index":"index","follow":"follow","max-snippet":"max-snippet:-1","max-image-preview":"max-image-preview:large","max-video-preview":"max-video-preview:-1"},"canonical":"https:\/\/airporttelecom.com\/pl\/esim\/filipiny\/","og_locale":"pl_PL","og_type":"article","og_title":"eSIM Filipiny","og_description":"Szukasz karty przedp\u0142aconej eSIM Filipiny na (nieograniczone) rozmowy i internet? Optymalna dost\u0119pno\u015b\u0107 podczas podr\u00f3\u017cy w eSIM Azja. Ju\u017c w sprzeda\u017cy od !","og_url":"https:\/\/airporttelecom.com\/pl\/esim\/filipiny\/","og_site_name":"Airport Telecom PL","article_modified_time":"2026-02-27T21:32:26+00:00","og_image":[{"width":800,"height":318,"url":"https:\/\/airporttelecom.com\/pl\/wp-content\/uploads\/sites\/7\/2024\/06\/Simkaart-Filipijnen.png","type":"image\/png"}],"twitter_card":"summary_large_image","twitter_misc":{"Szacowany czas czytania":"1 minuta"},"schema":{"@context":"https:\/\/schema.org","@graph":[{"@type":"WebPage","@id":"https:\/\/airporttelecom.com\/pl\/esim\/filipiny\/","url":"https:\/\/airporttelecom.com\/pl\/esim\/filipiny\/","name":"eSIM Filipiny kupi\u0107 przedp\u0142acony pakiet (nieograniczone) po\u0142\u0105czenia i internet - Airport Telecom PL","isPartOf":{"@id":"https:\/\/airporttelecom.com\/pl\/#website"},"primaryImageOfPage":{"@id":"https:\/\/airporttelecom.com\/pl\/esim\/filipiny\/#primaryimage"},"image":{"@id":"https:\/\/airporttelecom.com\/pl\/esim\/filipiny\/#primaryimage"},"thumbnailUrl":"https:\/\/airporttelecom.com\/pl\/wp-content\/uploads\/sites\/7\/2024\/06\/Simkaart-Filipijnen.png","datePublished":"2024-09-12T10:51:53+00:00","dateModified":"2026-02-27T21:32:26+00:00","description":"Szukasz karty przedp\u0142aconej eSIM Filipiny na (nieograniczone) rozmowy i internet? Optymalna dost\u0119pno\u015b\u0107 podczas podr\u00f3\u017cy w eSIM Azja. Ju\u017c w sprzeda\u017cy od !","breadcrumb":{"@id":"https:\/\/airporttelecom.com\/pl\/esim\/filipiny\/#breadcrumb"},"inLanguage":"pl-PL","potentialAction":[{"@type":"ReadAction","target":["https:\/\/airporttelecom.com\/pl\/esim\/filipiny\/"]}]},{"@type":"ImageObject","inLanguage":"pl-PL","@id":"https:\/\/airporttelecom.com\/pl\/esim\/filipiny\/#primaryimage","url":"https:\/\/airporttelecom.com\/pl\/wp-content\/uploads\/sites\/7\/2024\/06\/Simkaart-Filipijnen.png","contentUrl":"https:\/\/airporttelecom.com\/pl\/wp-content\/uploads\/sites\/7\/2024\/06\/Simkaart-Filipijnen.png","width":800,"height":318,"caption":"Karta SIM Filipiny"},{"@type":"BreadcrumbList","@id":"https:\/\/airporttelecom.com\/pl\/esim\/filipiny\/#breadcrumb","itemListElement":[{"@type":"ListItem","position":1,"name":"Home","item":"https:\/\/airporttelecom.com\/pl\/"},{"@type":"ListItem","position":2,"name":"eSIM","item":"https:\/\/airporttelecom.com\/pl\/esim\/"},{"@type":"ListItem","position":3,"name":"Filipiny"}]},{"@type":"WebSite","@id":"https:\/\/airporttelecom.com\/pl\/#website","url":"https:\/\/airporttelecom.com\/pl\/","name":"Airport Telecom","description":"","publisher":{"@id":"https:\/\/airporttelecom.com\/pl\/#organization"},"potentialAction":[{"@type":"SearchAction","target":{"@type":"EntryPoint","urlTemplate":"https:\/\/airporttelecom.com\/pl\/?s={search_term_string}"},"query-input":{"@type":"PropertyValueSpecification","valueRequired":true,"valueName":"search_term_string"}}],"inLanguage":"pl-PL"},{"@type":"Organization","@id":"https:\/\/airporttelecom.com\/pl\/#organization","name":"Airport Telecom","url":"https:\/\/airporttelecom.com\/pl\/","logo":{"@type":"ImageObject","inLanguage":"pl-PL","@id":"https:\/\/airporttelecom.com\/pl\/#\/schema\/logo\/image\/","url":"https:\/\/airporttelecom.com\/pl\/wp-content\/uploads\/sites\/7\/2024\/06\/icon.png?wsr","contentUrl":"https:\/\/airporttelecom.com\/pl\/wp-content\/uploads\/sites\/7\/2024\/06\/icon.png?wsr","width":110,"height":110,"caption":"Airport Telecom"},"image":{"@id":"https:\/\/airporttelecom.com\/pl\/#\/schema\/logo\/image\/"}}]}},"custom_permalink":"esim\/filipiny","_links":{"self":[{"href":"https:\/\/airporttelecom.com\/pl\/wp-json\/wp\/v2\/product\/1601","targetHints":{"allow":["GET"]}}],"collection":[{"href":"https:\/\/airporttelecom.com\/pl\/wp-json\/wp\/v2\/product"}],"about":[{"href":"https:\/\/airporttelecom.com\/pl\/wp-json\/wp\/v2\/types\/product"}],"replies":[{"embeddable":true,"href":"https:\/\/airporttelecom.com\/pl\/wp-json\/wp\/v2\/comments?post=1601"}],"wp:featuredmedia":[{"embeddable":true,"href":"https:\/\/airporttelecom.com\/pl\/wp-json\/wp\/v2\/media\/677"}],"wp:attachment":[{"href":"https:\/\/airporttelecom.com\/pl\/wp-json\/wp\/v2\/media?parent=1601"}],"wp:term":[{"taxonomy":"product_brand","embeddable":true,"href":"https:\/\/airporttelecom.com\/pl\/wp-json\/wp\/v2\/product_brand?post=1601"},{"taxonomy":"product_cat","embeddable":true,"href":"https:\/\/airporttelecom.com\/pl\/wp-json\/wp\/v2\/product_cat?post=1601"},{"taxonomy":"product_tag","embeddable":true,"href":"https:\/\/airporttelecom.com\/pl\/wp-json\/wp\/v2\/product_tag?post=1601"}],"curies":[{"name":"wp","href":"https:\/\/api.w.org\/{rel}","templated":true}]}}