{"id":1604,"date":"2024-09-12T10:51:53","date_gmt":"2024-09-12T10:51:53","guid":{"rendered":"https:\/\/airporttelecom.outperforming.nl\/nl\/product\/esim-maleisie\/"},"modified":"2025-11-18T10:13:26","modified_gmt":"2025-11-18T10:13:26","slug":"eSIM-maleisie","status":"publish","type":"product","link":"https:\/\/airporttelecom.com\/pl\/esim\/malezja\/","title":{"rendered":"eSIM Malezja"},"content":{"rendered":"","protected":false},"excerpt":{"rendered":"","protected":false},"featured_media":698,"comment_status":"open","ping_status":"closed","template":"","meta":{"_acf_changed":false},"product_brand":[],"product_cat":[16],"product_tag":[43],"class_list":{"0":"post-1604","1":"product","2":"type-product","3":"status-publish","4":"has-post-thumbnail","6":"product_cat-esim","7":"product_tag-esim-azja","9":"first","10":"instock","11":"taxable","12":"shipping-taxable","13":"purchasable","14":"product-type-variable","15":"has-default-attributes"},"acf":{"gebied_afbeelding":649,"vlag_afbeelding":267,"provider":["NEX"],"product_synoniemen":null,"product_bestel_velden":["vertrekdatum"],"product_omschrijving":"<h2><span data-contrast=\"none\">Mobilna dost\u0119pno\u015b\u0107 z kart\u0105 eSIM do Malezji<\/span><span data-ccp-props=\"{&quot;134245418&quot;:true,&quot;134245529&quot;:true,&quot;335559738&quot;:160,&quot;335559739&quot;:80}\"> <\/span><\/h2>\r\n<span data-contrast=\"auto\">Dzi\u0119ki karcie eSIM Malezja od Airport Telecom mo\u017cesz korzysta\u0107 z mobilnego internetu w ca\u0142ej Malezji. Oferujemy pakiety danych i po\u0142\u0105cze\u0144 dostosowane do indywidualnych potrzeb. Pakiety danych to idealne rozwi\u0105zanie do korzystania z internetu w podr\u00f3\u017cy. Dzi\u0119ki szybkiemu i stabilnemu po\u0142\u0105czeniu 4G\/5G zapewniaj\u0105 wygodny dost\u0119p do poczty e-mail, WhatsAppa, nawigacji GPS oraz innych aplikacji mobilnych.<\/span><span data-ccp-props=\"{}\"> <\/span><h2>Pakiety danych na podr\u00f3\u017c w Malezji<\/h2>\r\n<span style=\"font-weight: 400\">Karty eSIM do Malezji s\u0105 dost\u0119pne z nielimitowanymi pakietami danych na 7, 14 i 30 dni:<\/span><h3>Nielimitowany eSIM Malezja 7 dni, \u20ac24<\/h3>\r\n<h3>Nielimitowana karta eSIM Malezja 14 dni, \u20ac36<\/h3>\r\n<h3>Nielimitowana eSIM Malezja 30 dni, 69,= \u20ac<\/h3>\r\n(*) Nale\u017cy pami\u0119ta\u0107 o zasadach dozwolonego u\u017cytku. W przypadku ekstremalnego wykorzystania danych operator mo\u017ce ograniczy\u0107 mo\u017cliwo\u015bci (e)SIM. Polityka uczciwego u\u017cytkowania zak\u0142ada jednego u\u017cytkownika na (e)SIM. Przy normalnym korzystaniu z nawigacji, poczty e-mail, wyszukiwania w Internecie, wiadomo\u015bci WhatsApp, po\u0142\u0105cze\u0144 WhatsApp i aplikacji takich jak Instagram i Snapchat, Polityka Uczciwego Korzystania nie wchodzi w gr\u0119. Mo\u017ce to jednak mie\u0107 miejsce na przyk\u0142ad w przypadku bardzo cz\u0119stego korzystania z YouTube, TikTok, us\u0142ug strumieniowych, takich jak Netflix i ogl\u0105dania telewizji online, a zw\u0142aszcza w po\u0142\u0105czeniu z wieloma osobami korzystaj\u0105cymi z po\u0142\u0105czenia za po\u015brednictwem hotspotu lub routera. Zwroty nie b\u0119d\u0105 przyznawane za naruszenie zasad uczciwego u\u017cytkowania.<span style=\"font-weight: 400\">Karty eSIM do Malezji maj\u0105 doskona\u0142y zasi\u0119g og\u00f3lnokrajowy w lokalnych sieciach 4G i 5G. Rejestracja u\u017cytkownika w Malezji nie jest wymagana. Po przybyciu do Malezji internet zacznie dzia\u0142a\u0107 automatycznie. Karta eSIM Malezja obs\u0142uguje tethering, wi\u0119c mo\u017ce by\u0107 r\u00f3wnie\u017c u\u017cywana do hotspot\u00f3w i MIFI.<\/span><h2><span data-contrast=\"none\">WhatsApp z eSIM Malezja<\/span><span data-ccp-props=\"{&quot;134245418&quot;:true,&quot;134245529&quot;:true,&quot;335559738&quot;:160,&quot;335559739&quot;:80}\"> <\/span><\/h2>\r\n<span data-contrast=\"auto\">Wszystkie po\u0142\u0105czenia, kt\u00f3re dzia\u0142aj\u0105 przez internet, takie jak WhatsApp, Skype czy FaceTime, s\u0105 oczywi\u015bcie r\u00f3wnie\u017c mo\u017cliwe dzi\u0119ki eSIM do Malezji B\u0119dziesz wtedy korzysta\u0107 z pakietu danych na eSIM. Mo\u017cesz nadal korzysta\u0107 z WhatsAppa z dotychczasowymi kontaktami, grupami i czatami \u2013 bez utraty historii rozm\u00f3wi. Po zainstalowaniu przedp\u0142aconej karty eSIM aplikacja WhatsApp mo\u017ce zapyta\u0107,, czy chcesz utworzy\u0107 now\u0105 to\u017csamo\u015b\u0107, czy te\u017c wszystko powinno pozosta\u0107 bez zmian. Wybierz opcj\u0119 zachowania obecnej to\u017csamo\u015bci, aby nic si\u0119 nie zmieni\u0142o. Mo\u017cesz wysy\u0142ac wiadomo\u015bci i rozmawiac przez WhatsAppa tak, jak w Polsce.<\/span><span data-ccp-props=\"{}\"> <\/span><h2>Zasi\u0119g sieci kom\u00f3rkowej w Malezji<\/h2>\r\nMalezja jest podzielona na dwie cz\u0119\u015bci z powi\u0105zanymi wyspami, gdzie nasze <span class=\"TextRun SCXW112657472 BCX0\" lang=\"NL-NL\" xml:lang=\"NL-NL\" data-contrast=\"none\"><span class=\"SpellingError SCXW112657472 BCX0\">karty eSIM<\/span><\/span> oferuj\u0105 dobry zasi\u0119g. Szczeg\u00f3lnie w Malakce, gdzie znajduje si\u0119 wi\u0119kszo\u015b\u0107 atrakcji, zasi\u0119g jest silny. Tutaj znajduje si\u0119 stolica Kuala Lumpur ze s\u0142ynnymi wie\u017cami Petronas Twin Towers, Penang i jego pyszne uliczne jedzenie oraz urokliwe Cameron Highlands, gdzie r\u00f3wnie\u017c jest szybka \u0142\u0105czno\u015b\u0107. Wok\u00f3\u0142 pi\u0119knego Parku Narodowego Taman Negara znajduje si\u0119 mniej wie\u017c transmisyjnych, wi\u0119c po\u0142\u0105czenie jest tutaj s\u0142absze. Ciesz si\u0119 tropikalnymi pla\u017cami na wyspach Perhentain lub biwakuj w luksusowym kurorcie na archipelagu Langkawi, tutaj r\u00f3wnie\u017c mo\u017cesz cieszy\u0107 si\u0119 dobrym internetem dzi\u0119ki eSIM. Podr\u00f3\u017cuj\u0105c na wsch\u00f3d, nie musisz si\u0119 r\u00f3wnie\u017c martwi\u0107 o \u0142\u0105czno\u015b\u0107 podczas wizyty w Parku Narodowym Kinabalu, w kt\u00f3rym znajduje si\u0119 najwi\u0119ksza na \u015bwiecie r\u00f3\u017cnorodno\u015b\u0107 biologiczna i pi\u0119kna g\u00f3ra Kinabalu. Je\u015bli udasz si\u0119 dalej w g\u0142\u0105b Borneo, zasi\u0119g mo\u017ce ponownie spa\u015b\u0107 w odleg\u0142ych obszarach.<h2><span data-contrast=\"none\">Otrzymanie malezyjskiej karty eSIM drog\u0105 mailow\u0105<\/span><span data-ccp-props=\"{&quot;201341983&quot;:0,&quot;335559739&quot;:0,&quot;335559740&quot;:240}\"> <\/span><\/h2>\r\n<span data-contrast=\"none\">Kart\u0119 eSIM do Malezji otrzymasz poczt\u0105 elektroniczn\u0105. To szybkie i proste rozwi\u0105zanie \u2013 dost\u0119pne, gdy jeste\u015b ju\u017c w Malezji lub wkr\u00f3tce wyruszasz w podr\u00f3\u017c.<\/span><span data-ccp-props=\"{&quot;201341983&quot;:0,&quot;335559739&quot;:0,&quot;335559740&quot;:240}\"> <\/span>","product_specificaties":"<h2>internet z eSIM Malezja<\/h2>\r\n<span style=\"font-weight: 400\">dost\u0119pne s\u0105 trzy warianty eSIM Malezja:<\/span><h3>Nielimitowany eSIM Malezja 7 dni, \u20ac24<\/h3>\r\n<ul>\r\n \t<li style=\"font-weight: 400\"><span style=\"font-weight: 400\">Nielimitowane dane w ca\u0142ej Malezji*<\/span><\/li>\r\n \t<li style=\"font-weight: 400\"><span style=\"font-weight: 400\">Pakiet wa\u017cny 7 dni. Do\u0142adowania mo\u017cna dokona\u0107 za po\u015brednictwem tej strony internetowej.<\/span><\/li>\r\n<\/ul>\r\n<h3>Nielimitowany eSIM Malezja 14 dni, 36 \u20ac<\/h3>\r\n<ul>\r\n \t<li style=\"font-weight: 400\"><span style=\"font-weight: 400\">Nielimitowane dane w ca\u0142ej Malezji*<\/span><\/li>\r\n \t<li style=\"font-weight: 400\"><span style=\"font-weight: 400\">Pakiet wa\u017cny przez 14 dni. Do\u0142adowania mo\u017cna dokona\u0107 za po\u015brednictwem tej strony.<\/span><\/li>\r\n<\/ul>\r\n<h3>Nielimitowany eSIM Malezja 30 dni, 69 \u20ac<\/h3>\r\n<ul>\r\n \t<li style=\"font-weight: 400\"><span style=\"font-weight: 400\">Nielimitowane dane w ca\u0142ej Malezji*<\/span><\/li>\r\n \t<li style=\"font-weight: 400\"><span style=\"font-weight: 400\">Pakiet wa\u017cny 30 dni. Do\u0142adowania mo\u017cna dokona\u0107 za po\u015brednictwem tej strony internetowej.<\/span><\/li>\r\n<\/ul>\r\n<span style=\"font-weight: 400\">(*) Obowi\u0105zuj\u0105 zasady dozwolonego u\u017cytku. W przypadku ekstremalnego wykorzystania danych operator w Malezji mo\u017ce ograniczy\u0107 mo\u017cliwo\u015bci karty SIM.<\/span>","product_handleiding":"","product_veelgestelde_vragen":[{"vraag":"Kt\u00f3ry eSIM wybra\u0107 do Malezji? ","antwoord":"W przypadku kr\u00f3tkiego, kilkudniowego pobytu prawdopodobnie nie b\u0119dziesz potrzebowa\u0107 du\u017cej ilo\u015bci danych. Pakiet 10 GB danych dla Malezji mo\u017ce okaza\u0107 si\u0119 wystarczaj\u0105cy. Aplikacje takie jak WhatsApp, Instagram i nawigacja nie zu\u017cywaj\u0105 du\u017co danych. W przypadku d\u0142u\u017cszego pobytu warto wybra\u0107 opcj\u0119 nielimitowanego internetu, aby mie\u0107 pewno\u015b\u0107, \u017ce ilo\u015b\u0107 danych b\u0119dzie wystarczaj\u0105ca. "},{"vraag":"Gdzie mo\u017cna kupi\u0107 eSIM do Malezji? ","antwoord":"Kup online kart\u0119 eSIM do Malezji od Airport Telecom. Kart\u0119 eSIM otrzymasz poczt\u0105 elektroniczn\u0105. Jest to kod QR, kt\u00f3ry nale\u017cy zeskanowa\u0107 telefonem. Mo\u017cesz to zrobi\u0107 nawet b\u0119d\u0105c ju\u017c w Malezji lub wyje\u017cd\u017caj\u0105c w bardzo kr\u00f3tkim czasie. "}]},"yoast_head":"<!-- This site is optimized with the Yoast SEO Premium plugin v24.4 (Yoast SEO v26.9) - https:\/\/yoast.com\/product\/yoast-seo-premium-wordpress\/ -->\n<title>eSIM Malezja kupi\u0107 przedp\u0142acony pakiet (nieograniczone) po\u0142\u0105czenia i internet - Airport Telecom PL<\/title>\n<meta name=\"description\" content=\"Szukasz karty przedp\u0142aconej eSIM Malezja na (nieograniczone) rozmowy i internet? Optymalna dost\u0119pno\u015b\u0107 podczas podr\u00f3\u017cy w eSIM Azja. Ju\u017c w sprzeda\u017cy od !\" \/>\n<meta name=\"robots\" content=\"index, follow, max-snippet:-1, max-image-preview:large, max-video-preview:-1\" \/>\n<link rel=\"canonical\" href=\"https:\/\/airporttelecom.com\/pl\/esim\/malezja\/\" \/>\n<meta property=\"og:locale\" content=\"pl_PL\" \/>\n<meta property=\"og:type\" content=\"article\" \/>\n<meta property=\"og:title\" content=\"eSIM Malezja\" \/>\n<meta property=\"og:description\" content=\"Szukasz karty przedp\u0142aconej eSIM Malezja na (nieograniczone) rozmowy i internet? Optymalna dost\u0119pno\u015b\u0107 podczas podr\u00f3\u017cy w eSIM Azja. Ju\u017c w sprzeda\u017cy od !\" \/>\n<meta property=\"og:url\" content=\"https:\/\/airporttelecom.com\/pl\/esim\/malezja\/\" \/>\n<meta property=\"og:site_name\" content=\"Airport Telecom PL\" \/>\n<meta property=\"article:modified_time\" content=\"2025-11-18T10:13:26+00:00\" \/>\n<meta property=\"og:image\" content=\"https:\/\/airporttelecom.com\/pl\/wp-content\/uploads\/sites\/7\/2024\/06\/Simkaart-Maleisie.png?wsr\" \/>\n\t<meta property=\"og:image:width\" content=\"800\" \/>\n\t<meta property=\"og:image:height\" content=\"318\" \/>\n\t<meta property=\"og:image:type\" content=\"image\/png\" \/>\n<meta name=\"twitter:card\" content=\"summary_large_image\" \/>\n<meta name=\"twitter:label1\" content=\"Szacowany czas czytania\" \/>\n\t<meta name=\"twitter:data1\" content=\"1 minuta\" \/>\n<script type=\"application\/ld+json\" class=\"yoast-schema-graph\">{\"@context\":\"https:\/\/schema.org\",\"@graph\":[{\"@type\":\"WebPage\",\"@id\":\"https:\/\/airporttelecom.com\/pl\/esim\/malezja\/\",\"url\":\"https:\/\/airporttelecom.com\/pl\/esim\/malezja\/\",\"name\":\"eSIM Malezja kupi\u0107 przedp\u0142acony pakiet (nieograniczone) po\u0142\u0105czenia i internet - Airport Telecom PL\",\"isPartOf\":{\"@id\":\"https:\/\/airporttelecom.com\/pl\/#website\"},\"primaryImageOfPage\":{\"@id\":\"https:\/\/airporttelecom.com\/pl\/esim\/malezja\/#primaryimage\"},\"image\":{\"@id\":\"https:\/\/airporttelecom.com\/pl\/esim\/malezja\/#primaryimage\"},\"thumbnailUrl\":\"https:\/\/airporttelecom.com\/pl\/wp-content\/uploads\/sites\/7\/2024\/06\/Simkaart-Maleisie.png\",\"datePublished\":\"2024-09-12T10:51:53+00:00\",\"dateModified\":\"2025-11-18T10:13:26+00:00\",\"description\":\"Szukasz karty przedp\u0142aconej eSIM Malezja na (nieograniczone) rozmowy i internet? Optymalna dost\u0119pno\u015b\u0107 podczas podr\u00f3\u017cy w eSIM Azja. Ju\u017c w sprzeda\u017cy od !\",\"breadcrumb\":{\"@id\":\"https:\/\/airporttelecom.com\/pl\/esim\/malezja\/#breadcrumb\"},\"inLanguage\":\"pl-PL\",\"potentialAction\":[{\"@type\":\"ReadAction\",\"target\":[\"https:\/\/airporttelecom.com\/pl\/esim\/malezja\/\"]}]},{\"@type\":\"ImageObject\",\"inLanguage\":\"pl-PL\",\"@id\":\"https:\/\/airporttelecom.com\/pl\/esim\/malezja\/#primaryimage\",\"url\":\"https:\/\/airporttelecom.com\/pl\/wp-content\/uploads\/sites\/7\/2024\/06\/Simkaart-Maleisie.png\",\"contentUrl\":\"https:\/\/airporttelecom.com\/pl\/wp-content\/uploads\/sites\/7\/2024\/06\/Simkaart-Maleisie.png\",\"width\":800,\"height\":318,\"caption\":\"Karta SIM Malezja\"},{\"@type\":\"BreadcrumbList\",\"@id\":\"https:\/\/airporttelecom.com\/pl\/esim\/malezja\/#breadcrumb\",\"itemListElement\":[{\"@type\":\"ListItem\",\"position\":1,\"name\":\"Home\",\"item\":\"https:\/\/airporttelecom.com\/pl\/\"},{\"@type\":\"ListItem\",\"position\":2,\"name\":\"eSIM\",\"item\":\"https:\/\/airporttelecom.com\/pl\/esim\/\"},{\"@type\":\"ListItem\",\"position\":3,\"name\":\"Malezja\"}]},{\"@type\":\"WebSite\",\"@id\":\"https:\/\/airporttelecom.com\/pl\/#website\",\"url\":\"https:\/\/airporttelecom.com\/pl\/\",\"name\":\"Airport Telecom\",\"description\":\"\",\"publisher\":{\"@id\":\"https:\/\/airporttelecom.com\/pl\/#organization\"},\"potentialAction\":[{\"@type\":\"SearchAction\",\"target\":{\"@type\":\"EntryPoint\",\"urlTemplate\":\"https:\/\/airporttelecom.com\/pl\/?s={search_term_string}\"},\"query-input\":{\"@type\":\"PropertyValueSpecification\",\"valueRequired\":true,\"valueName\":\"search_term_string\"}}],\"inLanguage\":\"pl-PL\"},{\"@type\":\"Organization\",\"@id\":\"https:\/\/airporttelecom.com\/pl\/#organization\",\"name\":\"Airport Telecom\",\"url\":\"https:\/\/airporttelecom.com\/pl\/\",\"logo\":{\"@type\":\"ImageObject\",\"inLanguage\":\"pl-PL\",\"@id\":\"https:\/\/airporttelecom.com\/pl\/#\/schema\/logo\/image\/\",\"url\":\"https:\/\/airporttelecom.com\/pl\/wp-content\/uploads\/sites\/7\/2024\/06\/icon.png?wsr\",\"contentUrl\":\"https:\/\/airporttelecom.com\/pl\/wp-content\/uploads\/sites\/7\/2024\/06\/icon.png?wsr\",\"width\":110,\"height\":110,\"caption\":\"Airport Telecom\"},\"image\":{\"@id\":\"https:\/\/airporttelecom.com\/pl\/#\/schema\/logo\/image\/\"}}]}<\/script>\n<!-- \/ Yoast SEO Premium plugin. -->","yoast_head_json":{"title":"eSIM Malezja kupi\u0107 przedp\u0142acony pakiet (nieograniczone) po\u0142\u0105czenia i internet - Airport Telecom PL","description":"Szukasz karty przedp\u0142aconej eSIM Malezja na (nieograniczone) rozmowy i internet? Optymalna dost\u0119pno\u015b\u0107 podczas podr\u00f3\u017cy w eSIM Azja. Ju\u017c w sprzeda\u017cy od !","robots":{"index":"index","follow":"follow","max-snippet":"max-snippet:-1","max-image-preview":"max-image-preview:large","max-video-preview":"max-video-preview:-1"},"canonical":"https:\/\/airporttelecom.com\/pl\/esim\/malezja\/","og_locale":"pl_PL","og_type":"article","og_title":"eSIM Malezja","og_description":"Szukasz karty przedp\u0142aconej eSIM Malezja na (nieograniczone) rozmowy i internet? Optymalna dost\u0119pno\u015b\u0107 podczas podr\u00f3\u017cy w eSIM Azja. Ju\u017c w sprzeda\u017cy od !","og_url":"https:\/\/airporttelecom.com\/pl\/esim\/malezja\/","og_site_name":"Airport Telecom PL","article_modified_time":"2025-11-18T10:13:26+00:00","og_image":[{"width":800,"height":318,"url":"https:\/\/airporttelecom.com\/pl\/wp-content\/uploads\/sites\/7\/2024\/06\/Simkaart-Maleisie.png?wsr","type":"image\/png"}],"twitter_card":"summary_large_image","twitter_misc":{"Szacowany czas czytania":"1 minuta"},"schema":{"@context":"https:\/\/schema.org","@graph":[{"@type":"WebPage","@id":"https:\/\/airporttelecom.com\/pl\/esim\/malezja\/","url":"https:\/\/airporttelecom.com\/pl\/esim\/malezja\/","name":"eSIM Malezja kupi\u0107 przedp\u0142acony pakiet (nieograniczone) po\u0142\u0105czenia i internet - Airport Telecom PL","isPartOf":{"@id":"https:\/\/airporttelecom.com\/pl\/#website"},"primaryImageOfPage":{"@id":"https:\/\/airporttelecom.com\/pl\/esim\/malezja\/#primaryimage"},"image":{"@id":"https:\/\/airporttelecom.com\/pl\/esim\/malezja\/#primaryimage"},"thumbnailUrl":"https:\/\/airporttelecom.com\/pl\/wp-content\/uploads\/sites\/7\/2024\/06\/Simkaart-Maleisie.png","datePublished":"2024-09-12T10:51:53+00:00","dateModified":"2025-11-18T10:13:26+00:00","description":"Szukasz karty przedp\u0142aconej eSIM Malezja na (nieograniczone) rozmowy i internet? Optymalna dost\u0119pno\u015b\u0107 podczas podr\u00f3\u017cy w eSIM Azja. Ju\u017c w sprzeda\u017cy od !","breadcrumb":{"@id":"https:\/\/airporttelecom.com\/pl\/esim\/malezja\/#breadcrumb"},"inLanguage":"pl-PL","potentialAction":[{"@type":"ReadAction","target":["https:\/\/airporttelecom.com\/pl\/esim\/malezja\/"]}]},{"@type":"ImageObject","inLanguage":"pl-PL","@id":"https:\/\/airporttelecom.com\/pl\/esim\/malezja\/#primaryimage","url":"https:\/\/airporttelecom.com\/pl\/wp-content\/uploads\/sites\/7\/2024\/06\/Simkaart-Maleisie.png","contentUrl":"https:\/\/airporttelecom.com\/pl\/wp-content\/uploads\/sites\/7\/2024\/06\/Simkaart-Maleisie.png","width":800,"height":318,"caption":"Karta SIM Malezja"},{"@type":"BreadcrumbList","@id":"https:\/\/airporttelecom.com\/pl\/esim\/malezja\/#breadcrumb","itemListElement":[{"@type":"ListItem","position":1,"name":"Home","item":"https:\/\/airporttelecom.com\/pl\/"},{"@type":"ListItem","position":2,"name":"eSIM","item":"https:\/\/airporttelecom.com\/pl\/esim\/"},{"@type":"ListItem","position":3,"name":"Malezja"}]},{"@type":"WebSite","@id":"https:\/\/airporttelecom.com\/pl\/#website","url":"https:\/\/airporttelecom.com\/pl\/","name":"Airport Telecom","description":"","publisher":{"@id":"https:\/\/airporttelecom.com\/pl\/#organization"},"potentialAction":[{"@type":"SearchAction","target":{"@type":"EntryPoint","urlTemplate":"https:\/\/airporttelecom.com\/pl\/?s={search_term_string}"},"query-input":{"@type":"PropertyValueSpecification","valueRequired":true,"valueName":"search_term_string"}}],"inLanguage":"pl-PL"},{"@type":"Organization","@id":"https:\/\/airporttelecom.com\/pl\/#organization","name":"Airport Telecom","url":"https:\/\/airporttelecom.com\/pl\/","logo":{"@type":"ImageObject","inLanguage":"pl-PL","@id":"https:\/\/airporttelecom.com\/pl\/#\/schema\/logo\/image\/","url":"https:\/\/airporttelecom.com\/pl\/wp-content\/uploads\/sites\/7\/2024\/06\/icon.png?wsr","contentUrl":"https:\/\/airporttelecom.com\/pl\/wp-content\/uploads\/sites\/7\/2024\/06\/icon.png?wsr","width":110,"height":110,"caption":"Airport Telecom"},"image":{"@id":"https:\/\/airporttelecom.com\/pl\/#\/schema\/logo\/image\/"}}]}},"custom_permalink":"esim\/malezja","_links":{"self":[{"href":"https:\/\/airporttelecom.com\/pl\/wp-json\/wp\/v2\/product\/1604","targetHints":{"allow":["GET"]}}],"collection":[{"href":"https:\/\/airporttelecom.com\/pl\/wp-json\/wp\/v2\/product"}],"about":[{"href":"https:\/\/airporttelecom.com\/pl\/wp-json\/wp\/v2\/types\/product"}],"replies":[{"embeddable":true,"href":"https:\/\/airporttelecom.com\/pl\/wp-json\/wp\/v2\/comments?post=1604"}],"wp:featuredmedia":[{"embeddable":true,"href":"https:\/\/airporttelecom.com\/pl\/wp-json\/wp\/v2\/media\/698"}],"wp:attachment":[{"href":"https:\/\/airporttelecom.com\/pl\/wp-json\/wp\/v2\/media?parent=1604"}],"wp:term":[{"taxonomy":"product_brand","embeddable":true,"href":"https:\/\/airporttelecom.com\/pl\/wp-json\/wp\/v2\/product_brand?post=1604"},{"taxonomy":"product_cat","embeddable":true,"href":"https:\/\/airporttelecom.com\/pl\/wp-json\/wp\/v2\/product_cat?post=1604"},{"taxonomy":"product_tag","embeddable":true,"href":"https:\/\/airporttelecom.com\/pl\/wp-json\/wp\/v2\/product_tag?post=1604"}],"curies":[{"name":"wp","href":"https:\/\/api.w.org\/{rel}","templated":true}]}}