{"id":1607,"date":"2024-09-12T10:51:54","date_gmt":"2024-09-12T10:51:54","guid":{"rendered":"https:\/\/airporttelecom.outperforming.nl\/nl\/product\/esim-japan\/"},"modified":"2026-03-02T10:06:11","modified_gmt":"2026-03-02T10:06:11","slug":"esim-japan","status":"publish","type":"product","link":"https:\/\/airporttelecom.com\/pl\/esim\/japonia\/","title":{"rendered":"eSIM Japonia"},"content":{"rendered":"","protected":false},"excerpt":{"rendered":"","protected":false},"featured_media":696,"comment_status":"open","ping_status":"closed","template":"","meta":{"_acf_changed":false},"product_brand":[],"product_cat":[16],"product_tag":[43],"class_list":{"0":"post-1607","1":"product","2":"type-product","3":"status-publish","4":"has-post-thumbnail","6":"product_cat-esim","7":"product_tag-esim-azja","9":"first","10":"instock","11":"taxable","12":"shipping-taxable","13":"purchasable","14":"product-type-variable"},"acf":{"gebied_afbeelding":639,"vlag_afbeelding":265,"provider":["NEX"],"product_synoniemen":null,"product_bestel_velden":["vertrekdatum"],"product_omschrijving":"<h2><span data-contrast=\"none\">Internet mobilny <\/span>bez roamingu - <span data-contrast=\"none\">eSIM Japonia\u00a0<\/span><\/h2>\r\nDzi\u0119ki eSIM do Japonii od Airport Telecom mo\u017cesz korzysta\u0107 z szybkiego i stabilnego internetu mobilnego na terenie ca\u0142ego kraju \u2014 bez roamingu i bez konieczno\u015bci wymiany fizycznej karty SIM.\r\nOferujemy pakiety danych dopasowane do d\u0142ugo\u015bci pobytu i indywidualnych potrzeb. Nielimitowany internet 4G\/5G zapewnia wygodny dost\u0119p do poczty e-mail, WhatsAppa, nawigacji GPS, map online oraz innych aplikacji mobilnych \u2014 zar\u00f3wno turystycznych, jak i biznesowych.\r\n<h2>Pakiety danych na podr\u00f3\u017c do Japonii \u2013 nielimitowany internet<\/h2>\r\nOferujemy trzy warianty eSIM do Japonii z nielimitowanym internetem:\r\n<ul>\r\n \t<li>Nielimitowany eSIM Japonia \u2013 7 dni<\/li>\r\n \t<li>Nielimitowany eSIM Japonia \u2013 14 dni<\/li>\r\n \t<li>Nielimitowany eSIM Japonia \u2013 30 dni<\/li>\r\n<\/ul>\r\nKa\u017cdy pakiet zapewnia nielimitowany internet w Japonii w lokalnych sieciach 4G i 5G o og\u00f3lnokrajowym zasi\u0119gu. Rejestracja u\u017cytkownika w Japonii nie jest wymagana.\r\n\r\nPo aktywacji eSIM internet mobilny w Japonii uruchamia si\u0119 automatycznie. Karta obs\u0142uguje tethering, dzi\u0119ki czemu mo\u017cesz udost\u0119pnia\u0107 internet przez hotspot lub korzysta\u0107 z urz\u0105dzenia MiFi.\r\n\r\n* Obowi\u0105zuj\u0105 zasady dozwolonego u\u017cytku (Fair Use Policy). W przypadku bardzo intensywnego zu\u017cycia danych operator mo\u017ce ograniczy\u0107 mo\u017cliwo\u015bci karty eSIM.\r\n<h2><span data-contrast=\"none\">WhatsApp z eSIM Japania<\/span><\/h2>\r\n<p data-start=\"85\" data-end=\"292\">Wszystkie po\u0142\u0105czenia internetowe, takie jak WhatsApp, Skype czy FaceTime, dzia\u0142aj\u0105 bez problemu z eSIM do Japonii. Korzystasz z nich w ramach wykupionego pakietu danych, bez dodatkowych op\u0142at roamingowych.<\/p>\r\n<p data-start=\"294\" data-end=\"559\">Mo\u017cesz nadal u\u017cywa\u0107 WhatsAppa z dotychczasowymi kontaktami, grupami i czatami \u2014 bez utraty historii rozm\u00f3w. Po aktywacji eSIM aplikacja mo\u017ce zapyta\u0107, czy chcesz utworzy\u0107 now\u0105 to\u017csamo\u015b\u0107. Wybierz opcj\u0119 zachowania obecnych ustawie\u0144, aby wszystko pozosta\u0142o bez zmian.<\/p>\r\n<p data-start=\"561\" data-end=\"691\">Dzi\u0119ki temu mo\u017cesz wysy\u0142a\u0107 wiadomo\u015bci, prowadzi\u0107 rozmowy g\u0142osowe i wideo oraz udost\u0119pnia\u0107 zdj\u0119cia dok\u0142adnie tak samo jak w Polsce.<\/p>\r\n\r\n<h2>Zasi\u0119g w Japonii - eSIM Japonia<\/h2>\r\n<p data-start=\"222\" data-end=\"533\">eSIM Japonia gwarantuje bardzo dobre pokrycie sieci kom\u00f3rkowej w ca\u0142ym kraju, szczeg\u00f3lnie w du\u017cych aglomeracjach i popularnych regionach turystycznych. W Tokio mo\u017cesz bez problemu udost\u0119pnia\u0107 zdj\u0119cia i relacje z podr\u00f3\u017cy, a w Osace i Kioto korzysta\u0107 z nawigacji, rezerwacji online czy aplikacji transportowych.<\/p>\r\n<p data-start=\"535\" data-end=\"864\">Podr\u00f3\u017cuj\u0105c w okolice G\u00f3ry Fuji, a tak\u017ce podczas zwiedzania wysp archipelagu Okinawy, eSIM zapewnia szybki internet mobilny, idealny do pracy zdalnej oraz korzystania z komunikator\u00f3w, takich jak WhatsApp czy Instagram. Stabilne po\u0142\u0105czenie dost\u0119pne jest r\u00f3wnie\u017c na Hokkaido, w rejonach zimowych kurort\u00f3w Niseko, Rusutsu i Furano.<\/p>\r\n<p data-start=\"866\" data-end=\"1123\">Warto pami\u0119ta\u0107, \u017ce w bardziej odleg\u0142ych i chronionych obszarach przyrodniczych \u2014 na przyk\u0142ad w Parku Narodowym Daisetsuzan \u2014 pokrycie sieci mo\u017ce by\u0107 s\u0142absze. Wynika to z ograniczonej liczby nadajnik\u00f3w, co pozwala zachowa\u0107 naturalny charakter tych teren\u00f3w.<\/p>\r\n\r\n<h2><span data-contrast=\"none\">eSIM do Japonii \u2013 natychmiastowa wysy\u0142ka e-mailem<\/span><\/h2>\r\n<span data-contrast=\"none\">Kart\u0119 eSIM do Japonii otrzymasz poczt\u0105 elektroniczn\u0105. To szybkie i proste rozwi\u0105zanie \u2013 dost\u0119pne, gdy jeste\u015b ju\u017c w Japonii lub wkr\u00f3tce wyruszasz w podr\u00f3\u017c.<\/span>","product_specificaties":"<h2>Internet z eSIM Japonia<\/h2>\r\nDost\u0119pne s\u0105 trzy warianty eSIM do Japonii:\r\n\r\n<strong>Nielimitowany eSIM Japonia \u2013 7 dni<\/strong>\r\n<ul>\r\n \t<li>Nielimitowany internet na terenie ca\u0142ej Japonii*\r\n\u2022 Pakiet wa\u017cny przez 7 dni\r\n\u2022 Mo\u017cliwo\u015b\u0107 do\u0142adowania za po\u015brednictwem tej strony internetowej<\/li>\r\n<\/ul>\r\n<strong>Nielimitowany eSIM Japonia \u2013 14 dni<\/strong>\r\n<ul>\r\n \t<li>Nielimitowany internet na terenie ca\u0142ej Japonii*\r\n\u2022 Pakiet wa\u017cny przez 14 dni\r\n\u2022 Mo\u017cliwo\u015b\u0107 do\u0142adowania za po\u015brednictwem tej strony internetowej<\/li>\r\n<\/ul>\r\n<strong>Nielimitowany eSIM Japonia \u2013 30 dni<\/strong>\r\n<ul>\r\n \t<li>Nielimitowany internet na terenie ca\u0142ej Japonii*\r\n\u2022 Pakiet wa\u017cny przez 30 dni\r\n\u2022 Mo\u017cliwo\u015b\u0107 do\u0142adowania za po\u015brednictwem tej strony internetowej<\/li>\r\n<\/ul>\r\n* Obowi\u0105zuje Polityka uczciwego korzystania. W przypadku nadmiernego zu\u017cycia danych operator w Japonii mo\u017ce ograniczy\u0107 mo\u017cliwo\u015bci karty eSIM.\r\n<h2>Dlaczego warto wybra\u0107 eSIM do Japonii<\/h2>\r\n<ul>\r\n \t<li>Szybka aktywacja eSIM \u2013 zeskanuj kod QR i uruchom internet w Japonii w kilka minut.<\/li>\r\n \t<li>Internet bez roamingu w Japonii \u2013 korzystaj z sieci bez wysokich op\u0142at operatora.<\/li>\r\n \t<li>Nielimitowany internet od razu po przylocie \u2013 po\u0142\u0105czenie dzia\u0142a od pierwszych chwil w Japonii.<\/li>\r\n \t<li>Bez fizycznej karty SIM \u2013 zachowaj sw\u00f3j numer i u\u017cywaj karty eSIM do Japonii r\u00f3wnolegle.<\/li>\r\n \t<li>Stabilne po\u0142\u0105czenie na terenie ca\u0142ego kraju \u2013 szybki internet mobilny w miastach i podczas podr\u00f3\u017cy.<\/li>\r\n \t<li>Tethering i udost\u0119pnianie internetu \u2013 korzystaj z eSIM na wielu urz\u0105dzeniach.<\/li>\r\n \t<li>Do\u0142adowanie online \u2013 przed\u0142u\u017c pakiet internetu w Japonii w kilka minut.<\/li>\r\n<\/ul>","product_handleiding":"","product_veelgestelde_vragen":[{"vraag":"Kt\u00f3ry eSIM wybra\u0107 do Japonii? ","antwoord":"W przypadku kr\u00f3tkiego, kilkudniowego pobytu prawdopodobnie nie b\u0119dziesz potrzebowa\u0107 du\u017cej ilo\u015bci danych. Pakiet 10 GB danych dla Japonii mo\u017ce okaza\u0107 si\u0119 wystarczaj\u0105cy. Aplikacje takie jak WhatsApp, Instagram i nawigacja nie zu\u017cywaj\u0105 du\u017co danych. W przypadku d\u0142u\u017cszego pobytu warto wybra\u0107 opcj\u0119 nielimitowanego internetu, aby mie\u0107 wystarczaj\u0105c\u0105 ilo\u015b\u0107 danych. "},{"vraag":"Gdzie mo\u017cna kupi\u0107 eSIM do Japonii? ","antwoord":"Kup online kart\u0119 eSIM do Japonii od Airport Telecom. Kart\u0119 eSIM otrzymasz poczt\u0105 elektroniczn\u0105. Jest to kod QR, kt\u00f3ry nale\u017cy zeskanowa\u0107 telefonem. Mo\u017cesz to zrobi\u0107 nawet b\u0119d\u0105c ju\u017c w Japonii lub wyje\u017cd\u017caj\u0105c w bardzo kr\u00f3tkim czasie. "}]},"yoast_head":"<!-- This site is optimized with the Yoast SEO Premium plugin v24.4 (Yoast SEO v26.9) - https:\/\/yoast.com\/product\/yoast-seo-premium-wordpress\/ -->\n<title>eSIM Japonia kupi\u0107 przedp\u0142acony pakiet (nieograniczone) po\u0142\u0105czenia i internet - Airport Telecom PL<\/title>\n<meta name=\"description\" content=\"Szukasz karty przedp\u0142aconej eSIM Japonia na (nieograniczone) rozmowy i internet? Optymalna dost\u0119pno\u015b\u0107 podczas podr\u00f3\u017cy w eSIM Azja. Ju\u017c w sprzeda\u017cy od !\" \/>\n<meta name=\"robots\" content=\"index, follow, max-snippet:-1, max-image-preview:large, max-video-preview:-1\" \/>\n<link rel=\"canonical\" href=\"https:\/\/airporttelecom.com\/pl\/esim\/japonia\/\" \/>\n<meta property=\"og:locale\" content=\"pl_PL\" \/>\n<meta property=\"og:type\" content=\"article\" \/>\n<meta property=\"og:title\" content=\"eSIM Japonia\" \/>\n<meta property=\"og:description\" content=\"Szukasz karty przedp\u0142aconej eSIM Japonia na (nieograniczone) rozmowy i internet? Optymalna dost\u0119pno\u015b\u0107 podczas podr\u00f3\u017cy w eSIM Azja. Ju\u017c w sprzeda\u017cy od !\" \/>\n<meta property=\"og:url\" content=\"https:\/\/airporttelecom.com\/pl\/esim\/japonia\/\" \/>\n<meta property=\"og:site_name\" content=\"Airport Telecom PL\" \/>\n<meta property=\"article:modified_time\" content=\"2026-03-02T10:06:11+00:00\" \/>\n<meta property=\"og:image\" content=\"https:\/\/airporttelecom.com\/pl\/wp-content\/uploads\/sites\/7\/2024\/06\/Simkaart-Japan.png\" \/>\n\t<meta property=\"og:image:width\" content=\"800\" \/>\n\t<meta property=\"og:image:height\" content=\"318\" \/>\n\t<meta property=\"og:image:type\" content=\"image\/png\" \/>\n<meta name=\"twitter:card\" content=\"summary_large_image\" \/>\n<meta name=\"twitter:label1\" content=\"Szacowany czas czytania\" \/>\n\t<meta name=\"twitter:data1\" content=\"1 minuta\" \/>\n<script type=\"application\/ld+json\" class=\"yoast-schema-graph\">{\"@context\":\"https:\/\/schema.org\",\"@graph\":[{\"@type\":\"WebPage\",\"@id\":\"https:\/\/airporttelecom.com\/pl\/esim\/japonia\/\",\"url\":\"https:\/\/airporttelecom.com\/pl\/esim\/japonia\/\",\"name\":\"eSIM Japonia kupi\u0107 przedp\u0142acony pakiet (nieograniczone) po\u0142\u0105czenia i internet - Airport Telecom PL\",\"isPartOf\":{\"@id\":\"https:\/\/airporttelecom.com\/pl\/#website\"},\"primaryImageOfPage\":{\"@id\":\"https:\/\/airporttelecom.com\/pl\/esim\/japonia\/#primaryimage\"},\"image\":{\"@id\":\"https:\/\/airporttelecom.com\/pl\/esim\/japonia\/#primaryimage\"},\"thumbnailUrl\":\"https:\/\/airporttelecom.com\/pl\/wp-content\/uploads\/sites\/7\/2024\/06\/Simkaart-Japan.png\",\"datePublished\":\"2024-09-12T10:51:54+00:00\",\"dateModified\":\"2026-03-02T10:06:11+00:00\",\"description\":\"Szukasz karty przedp\u0142aconej eSIM Japonia na (nieograniczone) rozmowy i internet? Optymalna dost\u0119pno\u015b\u0107 podczas podr\u00f3\u017cy w eSIM Azja. Ju\u017c w sprzeda\u017cy od !\",\"breadcrumb\":{\"@id\":\"https:\/\/airporttelecom.com\/pl\/esim\/japonia\/#breadcrumb\"},\"inLanguage\":\"pl-PL\",\"potentialAction\":[{\"@type\":\"ReadAction\",\"target\":[\"https:\/\/airporttelecom.com\/pl\/esim\/japonia\/\"]}]},{\"@type\":\"ImageObject\",\"inLanguage\":\"pl-PL\",\"@id\":\"https:\/\/airporttelecom.com\/pl\/esim\/japonia\/#primaryimage\",\"url\":\"https:\/\/airporttelecom.com\/pl\/wp-content\/uploads\/sites\/7\/2024\/06\/Simkaart-Japan.png\",\"contentUrl\":\"https:\/\/airporttelecom.com\/pl\/wp-content\/uploads\/sites\/7\/2024\/06\/Simkaart-Japan.png\",\"width\":800,\"height\":318,\"caption\":\"Karta SIM Japonia\"},{\"@type\":\"BreadcrumbList\",\"@id\":\"https:\/\/airporttelecom.com\/pl\/esim\/japonia\/#breadcrumb\",\"itemListElement\":[{\"@type\":\"ListItem\",\"position\":1,\"name\":\"Home\",\"item\":\"https:\/\/airporttelecom.com\/pl\/\"},{\"@type\":\"ListItem\",\"position\":2,\"name\":\"eSIM\",\"item\":\"https:\/\/airporttelecom.com\/pl\/esim\/\"},{\"@type\":\"ListItem\",\"position\":3,\"name\":\"Japonia\"}]},{\"@type\":\"WebSite\",\"@id\":\"https:\/\/airporttelecom.com\/pl\/#website\",\"url\":\"https:\/\/airporttelecom.com\/pl\/\",\"name\":\"Airport Telecom\",\"description\":\"\",\"publisher\":{\"@id\":\"https:\/\/airporttelecom.com\/pl\/#organization\"},\"potentialAction\":[{\"@type\":\"SearchAction\",\"target\":{\"@type\":\"EntryPoint\",\"urlTemplate\":\"https:\/\/airporttelecom.com\/pl\/?s={search_term_string}\"},\"query-input\":{\"@type\":\"PropertyValueSpecification\",\"valueRequired\":true,\"valueName\":\"search_term_string\"}}],\"inLanguage\":\"pl-PL\"},{\"@type\":\"Organization\",\"@id\":\"https:\/\/airporttelecom.com\/pl\/#organization\",\"name\":\"Airport Telecom\",\"url\":\"https:\/\/airporttelecom.com\/pl\/\",\"logo\":{\"@type\":\"ImageObject\",\"inLanguage\":\"pl-PL\",\"@id\":\"https:\/\/airporttelecom.com\/pl\/#\/schema\/logo\/image\/\",\"url\":\"https:\/\/airporttelecom.com\/pl\/wp-content\/uploads\/sites\/7\/2024\/06\/icon.png?wsr\",\"contentUrl\":\"https:\/\/airporttelecom.com\/pl\/wp-content\/uploads\/sites\/7\/2024\/06\/icon.png?wsr\",\"width\":110,\"height\":110,\"caption\":\"Airport Telecom\"},\"image\":{\"@id\":\"https:\/\/airporttelecom.com\/pl\/#\/schema\/logo\/image\/\"}}]}<\/script>\n<!-- \/ Yoast SEO Premium plugin. -->","yoast_head_json":{"title":"eSIM Japonia kupi\u0107 przedp\u0142acony pakiet (nieograniczone) po\u0142\u0105czenia i internet - Airport Telecom PL","description":"Szukasz karty przedp\u0142aconej eSIM Japonia na (nieograniczone) rozmowy i internet? Optymalna dost\u0119pno\u015b\u0107 podczas podr\u00f3\u017cy w eSIM Azja. Ju\u017c w sprzeda\u017cy od !","robots":{"index":"index","follow":"follow","max-snippet":"max-snippet:-1","max-image-preview":"max-image-preview:large","max-video-preview":"max-video-preview:-1"},"canonical":"https:\/\/airporttelecom.com\/pl\/esim\/japonia\/","og_locale":"pl_PL","og_type":"article","og_title":"eSIM Japonia","og_description":"Szukasz karty przedp\u0142aconej eSIM Japonia na (nieograniczone) rozmowy i internet? Optymalna dost\u0119pno\u015b\u0107 podczas podr\u00f3\u017cy w eSIM Azja. Ju\u017c w sprzeda\u017cy od !","og_url":"https:\/\/airporttelecom.com\/pl\/esim\/japonia\/","og_site_name":"Airport Telecom PL","article_modified_time":"2026-03-02T10:06:11+00:00","og_image":[{"width":800,"height":318,"url":"https:\/\/airporttelecom.com\/pl\/wp-content\/uploads\/sites\/7\/2024\/06\/Simkaart-Japan.png","type":"image\/png"}],"twitter_card":"summary_large_image","twitter_misc":{"Szacowany czas czytania":"1 minuta"},"schema":{"@context":"https:\/\/schema.org","@graph":[{"@type":"WebPage","@id":"https:\/\/airporttelecom.com\/pl\/esim\/japonia\/","url":"https:\/\/airporttelecom.com\/pl\/esim\/japonia\/","name":"eSIM Japonia kupi\u0107 przedp\u0142acony pakiet (nieograniczone) po\u0142\u0105czenia i internet - Airport Telecom PL","isPartOf":{"@id":"https:\/\/airporttelecom.com\/pl\/#website"},"primaryImageOfPage":{"@id":"https:\/\/airporttelecom.com\/pl\/esim\/japonia\/#primaryimage"},"image":{"@id":"https:\/\/airporttelecom.com\/pl\/esim\/japonia\/#primaryimage"},"thumbnailUrl":"https:\/\/airporttelecom.com\/pl\/wp-content\/uploads\/sites\/7\/2024\/06\/Simkaart-Japan.png","datePublished":"2024-09-12T10:51:54+00:00","dateModified":"2026-03-02T10:06:11+00:00","description":"Szukasz karty przedp\u0142aconej eSIM Japonia na (nieograniczone) rozmowy i internet? Optymalna dost\u0119pno\u015b\u0107 podczas podr\u00f3\u017cy w eSIM Azja. Ju\u017c w sprzeda\u017cy od !","breadcrumb":{"@id":"https:\/\/airporttelecom.com\/pl\/esim\/japonia\/#breadcrumb"},"inLanguage":"pl-PL","potentialAction":[{"@type":"ReadAction","target":["https:\/\/airporttelecom.com\/pl\/esim\/japonia\/"]}]},{"@type":"ImageObject","inLanguage":"pl-PL","@id":"https:\/\/airporttelecom.com\/pl\/esim\/japonia\/#primaryimage","url":"https:\/\/airporttelecom.com\/pl\/wp-content\/uploads\/sites\/7\/2024\/06\/Simkaart-Japan.png","contentUrl":"https:\/\/airporttelecom.com\/pl\/wp-content\/uploads\/sites\/7\/2024\/06\/Simkaart-Japan.png","width":800,"height":318,"caption":"Karta SIM Japonia"},{"@type":"BreadcrumbList","@id":"https:\/\/airporttelecom.com\/pl\/esim\/japonia\/#breadcrumb","itemListElement":[{"@type":"ListItem","position":1,"name":"Home","item":"https:\/\/airporttelecom.com\/pl\/"},{"@type":"ListItem","position":2,"name":"eSIM","item":"https:\/\/airporttelecom.com\/pl\/esim\/"},{"@type":"ListItem","position":3,"name":"Japonia"}]},{"@type":"WebSite","@id":"https:\/\/airporttelecom.com\/pl\/#website","url":"https:\/\/airporttelecom.com\/pl\/","name":"Airport Telecom","description":"","publisher":{"@id":"https:\/\/airporttelecom.com\/pl\/#organization"},"potentialAction":[{"@type":"SearchAction","target":{"@type":"EntryPoint","urlTemplate":"https:\/\/airporttelecom.com\/pl\/?s={search_term_string}"},"query-input":{"@type":"PropertyValueSpecification","valueRequired":true,"valueName":"search_term_string"}}],"inLanguage":"pl-PL"},{"@type":"Organization","@id":"https:\/\/airporttelecom.com\/pl\/#organization","name":"Airport Telecom","url":"https:\/\/airporttelecom.com\/pl\/","logo":{"@type":"ImageObject","inLanguage":"pl-PL","@id":"https:\/\/airporttelecom.com\/pl\/#\/schema\/logo\/image\/","url":"https:\/\/airporttelecom.com\/pl\/wp-content\/uploads\/sites\/7\/2024\/06\/icon.png?wsr","contentUrl":"https:\/\/airporttelecom.com\/pl\/wp-content\/uploads\/sites\/7\/2024\/06\/icon.png?wsr","width":110,"height":110,"caption":"Airport Telecom"},"image":{"@id":"https:\/\/airporttelecom.com\/pl\/#\/schema\/logo\/image\/"}}]}},"custom_permalink":"esim\/japonia","_links":{"self":[{"href":"https:\/\/airporttelecom.com\/pl\/wp-json\/wp\/v2\/product\/1607","targetHints":{"allow":["GET"]}}],"collection":[{"href":"https:\/\/airporttelecom.com\/pl\/wp-json\/wp\/v2\/product"}],"about":[{"href":"https:\/\/airporttelecom.com\/pl\/wp-json\/wp\/v2\/types\/product"}],"replies":[{"embeddable":true,"href":"https:\/\/airporttelecom.com\/pl\/wp-json\/wp\/v2\/comments?post=1607"}],"wp:featuredmedia":[{"embeddable":true,"href":"https:\/\/airporttelecom.com\/pl\/wp-json\/wp\/v2\/media\/696"}],"wp:attachment":[{"href":"https:\/\/airporttelecom.com\/pl\/wp-json\/wp\/v2\/media?parent=1607"}],"wp:term":[{"taxonomy":"product_brand","embeddable":true,"href":"https:\/\/airporttelecom.com\/pl\/wp-json\/wp\/v2\/product_brand?post=1607"},{"taxonomy":"product_cat","embeddable":true,"href":"https:\/\/airporttelecom.com\/pl\/wp-json\/wp\/v2\/product_cat?post=1607"},{"taxonomy":"product_tag","embeddable":true,"href":"https:\/\/airporttelecom.com\/pl\/wp-json\/wp\/v2\/product_tag?post=1607"}],"curies":[{"name":"wp","href":"https:\/\/api.w.org\/{rel}","templated":true}]}}