{"id":1610,"date":"2024-09-12T10:51:55","date_gmt":"2024-09-12T10:51:55","guid":{"rendered":"https:\/\/airporttelecom.outperforming.nl\/nl\/product\/esim-indonesie\/"},"modified":"2026-03-01T16:55:08","modified_gmt":"2026-03-01T16:55:08","slug":"esim-indonesie","status":"publish","type":"product","link":"https:\/\/airporttelecom.com\/pl\/esim\/indonezja\/","title":{"rendered":"eSIM Indonezja"},"content":{"rendered":"","protected":false},"excerpt":{"rendered":"","protected":false},"featured_media":695,"comment_status":"open","ping_status":"closed","template":"","meta":{"_acf_changed":false},"product_brand":[],"product_cat":[16],"product_tag":[43],"class_list":{"0":"post-1610","1":"product","2":"type-product","3":"status-publish","4":"has-post-thumbnail","6":"product_cat-esim","7":"product_tag-esim-azja","9":"first","10":"instock","11":"taxable","12":"shipping-taxable","13":"purchasable","14":"product-type-variable"},"acf":{"gebied_afbeelding":647,"vlag_afbeelding":263,"provider":["NEX"],"product_synoniemen":null,"product_bestel_velden":["vertrekdatum"],"product_omschrijving":"<h2><span data-contrast=\"none\">Dost\u0119p do internetu mobilnego z kart\u0105 eSIM do Indonezji<\/span><\/h2>\r\n<span data-contrast=\"auto\">Dzi\u0119ki karcie eSIM Indonezja od Airport Telecom mo\u017cesz korzysta\u0107 z mobilnego internetu w ca\u0142ej Indonezji. Oferujemy pakiety danych i po\u0142\u0105cze\u0144 dostosowane do indywidualnych potrzeb, idealne do korzystania z internetu w podr\u00f3\u017cy. Dzi\u0119ki szybkiemu i stabilnemu po\u0142\u0105czeniu 4G\/5G zapewniaj\u0105 wygodny dost\u0119p do poczty e-mail, WhatsAppa, nawigacji GPS oraz innych aplikacji mobilnych.<\/span>\r\n<h2>Pakiety danych eSIM na podr\u00f3\u017c po Indonezji<\/h2>\r\nKarta eSIM do Indonezji jest dost\u0119pna z nielimitowanym pakietem danych na 7, 14 i 30 dni:\r\n<ul>\r\n \t<li>Nielimitowany eSIM Indonezja \u2013 7 dni<\/li>\r\n \t<li>Nielimitowany eSIM Indonezja \u2013 14 dni<\/li>\r\n \t<li>Nielimitowany eSIM Indonezja \u2013 30 dni<\/li>\r\n<\/ul>\r\n* obowiazuja zasadach dozwolonego u\u017cytkowania. W przypadku ekstremalnego wykorzystania danych operator mo\u017ce ograniczy\u0107 mo\u017cliwo\u015bci eSIM. Polityka uczciwego korzystania zak\u0142ada jednego u\u017cytkownika na jedn\u0105 kart\u0119 eSIM. Przy standardowym korzystaniu, takim jak nawigacja, poczta e-mail, przegl\u0105danie internetu, wiadomo\u015bci WhatsApp, po\u0142\u0105czenia WhatsApp oraz aplikacje takie jak Instagram czy Snapchat, polityka uczciwego korzystania nie jest ograniczaj\u0105ca. Mo\u017ce mie\u0107 jednak zastosowanie w przypadku bardzo cz\u0119stego korzystania z YouTube, TikTok, us\u0142ug strumieniowych takich jak Netflix, ogl\u0105dania telewizji online lub dzielenia po\u0142\u0105czenia z wieloma osobami poprzez hotspot lub router. W przypadku naruszenia zasad uczciwego u\u017cytkowania zwroty koszt\u00f3w nie s\u0105 przyznawane.\r\n\r\nKarty eSIM do Indonezji zapewniaj\u0105 doskona\u0142y zasi\u0119g og\u00f3lnokrajowy dzi\u0119ki sieciom 4G i 5G operator\u00f3w AT&amp;T i T-Mobile. W Indonezji nie jest wymagana rejestracja u\u017cytkownika, a internet zaczyna dzia\u0142a\u0107 automatycznie po przybyciu do kraju. Karta eSIM Indonezja obs\u0142uguje tethering, dzi\u0119ki czemu mo\u017ce by\u0107 r\u00f3wnie\u017c u\u017cywana do hotspot\u00f3w i urz\u0105dze\u0144 MiFi.\r\n<h2><span data-contrast=\"none\">WhatsApp z eSIM Indonezja<\/span><\/h2>\r\n<span data-contrast=\"auto\">Wszystkie po\u0142\u0105czenia internetowe, takie jak WhatsApp, Skype czy FaceTime, s\u0105 oczywi\u015bcie mo\u017cliwe r\u00f3wnie\u017c z kartami eSIM do Indonezji. Mo\u017cesz nadal korzysta\u0107 z WhatsAppa z dotychczasowymi kontaktami, grupami i czatami \u2013 bez utraty historii rozm\u00f3wi. Po zainstalowaniu przedp\u0142aconej karty eSIM aplikacja aplikacja WhatsApp mo\u017ce zapyta\u0107,, czy chcesz utworzy\u0107 nowe konto, czy zachowa\u0107 obecne ustawienia. Wybierz opcj\u0119 zachowania obecnej to\u017csamo\u015bci, aby nic si\u0119 nie zmieni\u0142o. Mo\u017cesz wysy\u0142ac wiadomo\u015bci i rozmawiac przez WhatsAppa tak, jak w Polsce.<\/span>\r\n<h2>Zasi\u0119g sieci kom\u00f3rkowej i dost\u0119p do internetu mobilnego w Indonezji<\/h2>\r\n<p data-start=\"808\" data-end=\"1301\">Malownicza Indonezja obejmuje ponad 17 000 wysp, na wi\u0119kszo\u015bci z nich karta eSIM zapewnia stabilny zasi\u0119g sieci. Szczeg\u00f3lnie na popularnej wyspie Jawa \u2014 w miastach takich jak D\u017cakarta i Yogyakarta \u2014 a tak\u017ce w okolicach imponuj\u0105cej \u015bwi\u0105tyni Borobudur mo\u017cesz liczy\u0107 na bardzo dobre pokrycie sieci.\r\nStabilne po\u0142\u0105czenie internetowe dost\u0119pne jest r\u00f3wnie\u017c na cz\u0119sto odwiedzanych wyspach Bali i Lombok oraz na wyspach Gili. Podczas relaksu na pi\u0119knych pla\u017cach bez problemu skorzystasz z internetu mobilnego. Pakiet danych na eSIM to tak\u017ce idealne rozwi\u0105zanie dla cyfrowych nomad\u00f3w pracuj\u0105cych zdalnie.\r\nJe\u015bli planujesz odkrywa\u0107 spektakularn\u0105 przyrod\u0119 Indonezji, na przyk\u0142ad w Komodo National Park lub na Borneo, znanym z orangutan\u00f3w \u017cyj\u0105cych w naturalnym \u015brodowisku, pami\u0119taj, \u017ce w tych regionach zasi\u0119g mo\u017ce by\u0107 s\u0142abszy ze wzgl\u0119du na ograniczon\u0105 infrastruktur\u0119 telekomunikacyjn\u0105, co pozwala te\u017c zachowa\u0107 naturalny charakter tych obszar\u00f3w. Ni\u017csze pokrycie sieci mo\u017ce wyst\u0119powa\u0107 r\u00f3wnie\u017c w regionie Timoru Zachodniego.<\/p>\r\n\r\n<h2><span data-contrast=\"none\">eSIM Indonezja - przesy\u0142ka drog\u0105 mailow\u0105<\/span><\/h2>\r\n<span data-contrast=\"none\">Kart\u0119 eSIM do Indonezji otrzymasz poczt\u0105 elektroniczn\u0105. To szybkie i proste rozwi\u0105zanie \u2013 dost\u0119pne, gdy jeste\u015b ju\u017c w Indonezji lub wkr\u00f3tce wyruszasz w podr\u00f3\u017c.<\/span>","product_specificaties":"<h2 data-start=\"78\" data-end=\"123\">eSIM Indonezja \u2013 pakiety danych bez roamingu<\/h2>\r\n<p data-start=\"125\" data-end=\"211\">Dost\u0119pne s\u0105 trzy warianty <strong data-start=\"151\" data-end=\"169\">eSIM Indonezja<\/strong> z nielimitowanym dost\u0119pem do internetu:<\/p>\r\n<p data-start=\"213\" data-end=\"258\"><strong data-start=\"213\" data-end=\"256\">1. Nielimitowany eSIM Indonezja \u2013 7 dni<\/strong><\/p>\r\n\r\n<ul data-start=\"259\" data-end=\"372\">\r\n \t<li data-start=\"259\" data-end=\"300\">\r\n<p data-start=\"261\" data-end=\"300\">Nielimitowane dane w ca\u0142ej Indonezji*<\/p>\r\n<\/li>\r\n \t<li data-start=\"301\" data-end=\"372\">\r\n<p data-start=\"303\" data-end=\"372\">Pakiet wa\u017cny 7 dni. Do\u0142adowania dost\u0119pne online przez nasz\u0105 stron\u0119.<\/p>\r\n<\/li>\r\n<\/ul>\r\n<p data-start=\"374\" data-end=\"420\"><strong data-start=\"374\" data-end=\"418\">2. Nielimitowany eSIM Indonezja \u2013 14 dni<\/strong><\/p>\r\n\r\n<ul data-start=\"421\" data-end=\"531\">\r\n \t<li data-start=\"421\" data-end=\"462\">\r\n<p data-start=\"423\" data-end=\"462\">Nielimitowane dane w ca\u0142ej Indonezji*<\/p>\r\n<\/li>\r\n \t<li data-start=\"463\" data-end=\"531\">\r\n<p data-start=\"465\" data-end=\"531\">Pakiet wa\u017cny 14 dni. \u0141atwe do\u0142adowania przez stron\u0119 internetow\u0105.<\/p>\r\n<\/li>\r\n<\/ul>\r\n<p data-start=\"533\" data-end=\"579\"><strong data-start=\"533\" data-end=\"577\">3. Nielimitowany eSIM Indonezja \u2013 30 dni<\/strong><\/p>\r\n\r\n<ul data-start=\"580\" data-end=\"689\">\r\n \t<li data-start=\"580\" data-end=\"621\">\r\n<p data-start=\"582\" data-end=\"621\">Nielimitowane dane w ca\u0142ej Indonezji*<\/p>\r\n<\/li>\r\n \t<li data-start=\"622\" data-end=\"689\">\r\n<p data-start=\"624\" data-end=\"689\">Pakiet wa\u017cny 30 dni. Do\u0142adowania mo\u017cna wykona\u0107 wygodnie online.<\/p>\r\n<\/li>\r\n<\/ul>\r\n<p data-start=\"691\" data-end=\"858\">* Obowi\u0105zuj\u0105 zasady dozwolonego u\u017cytkowania (Fair Use Policy). W przypadku ekstremalnego wykorzystania danych operator w Indonezji mo\u017ce ograniczy\u0107 mo\u017cliwo\u015bci eSIM.<\/p>\r\n\r\n<h2 data-start=\"860\" data-end=\"903\">Dlaczego warto wybra\u0107 eSIM Indonezja?<\/h2>\r\n<ul data-start=\"904\" data-end=\"1317\">\r\n \t<li data-start=\"904\" data-end=\"981\">\r\n<p data-start=\"906\" data-end=\"981\"><strong data-start=\"906\" data-end=\"934\">Natychmiastowa aktywacja<\/strong> \u2013 kod QR przesy\u0142any jest od razu po zakupie.<\/p>\r\n<\/li>\r\n \t<li data-start=\"982\" data-end=\"1056\">\r\n<p data-start=\"984\" data-end=\"1056\"><strong data-start=\"984\" data-end=\"1012\">Brak fizycznej karty SIM<\/strong> \u2013 nie trzeba wymienia\u0107 tradycyjnej karty.<\/p>\r\n<\/li>\r\n \t<li data-start=\"1057\" data-end=\"1146\">\r\n<p data-start=\"1059\" data-end=\"1146\"><strong data-start=\"1059\" data-end=\"1098\">Stabilny internet w ca\u0142ej Indonezji<\/strong> \u2013 dzia\u0142a w miastach i na popularnych wyspach na terenie ca\u0142ego kraju.<\/p>\r\n<\/li>\r\n \t<li data-start=\"1147\" data-end=\"1226\">\r\n<p data-start=\"1149\" data-end=\"1226\"><strong data-start=\"1149\" data-end=\"1171\">Obs\u0142uga tetheringu<\/strong> \u2013 mo\u017cliwo\u015b\u0107 korzystania z hotspot\u00f3w i urz\u0105dze\u0144 MiFi.<\/p>\r\n<\/li>\r\n \t<li data-start=\"1227\" data-end=\"1317\">\r\n<p data-start=\"1229\" data-end=\"1317\"><strong data-start=\"1229\" data-end=\"1267\">Kompatybilno\u015b\u0107 ze smartfonami eSIM<\/strong> \u2013 iPhone XS i nowsze, niekt\u00f3re modele Androida.<\/p>\r\n<\/li>\r\n<\/ul>","product_handleiding":"","product_veelgestelde_vragen":[{"vraag":"Kt\u00f3ry eSIM wybra\u0107 do Indonezji? ","antwoord":"W przypadku kr\u00f3tkiego, kilkudniowego pobytu prawdopodobnie nie b\u0119dziesz potrzebowa\u0107 du\u017cej ilo\u015bci danych. Pakiet 10 GB danych dla Indonezji mo\u017ce okaza\u0107 si\u0119 wystarczaj\u0105cy. Aplikacje takie jak WhatsApp, Instagram i nawigacja nie zu\u017cywaj\u0105 du\u017co danych. W przypadku d\u0142u\u017cszego pobytu warto wybra\u0107 opcj\u0119 nielimitowanego internetu, aby mie\u0107 wystarczaj\u0105c\u0105 ilo\u015b\u0107 danych. "},{"vraag":"Gdzie mo\u017cna kupi\u0107 eSIM do Indonezji? ","antwoord":"Kup kart\u0119 eSIM do Indonezji online od Airport Telecom. Kart\u0119 eSIM otrzymasz poczt\u0105 elektroniczn\u0105. Jest to kod QR, kt\u00f3ry nale\u017cy zeskanowa\u0107 telefonem. Mo\u017cesz to zrobi\u0107, nawet je\u015bli jeste\u015b ju\u017c w Indonezji lub wkr\u00f3tce wyruszasz w podr\u00f3\u017c. "}]},"yoast_head":"<!-- This site is optimized with the Yoast SEO Premium plugin v24.4 (Yoast SEO v26.9) - https:\/\/yoast.com\/product\/yoast-seo-premium-wordpress\/ -->\n<title>eSIM Indonezja kupi\u0107 przedp\u0142acony pakiet (nieograniczone) po\u0142\u0105czenia i internet - Airport Telecom PL<\/title>\n<meta name=\"description\" content=\"Szukasz karty przedp\u0142aconej eSIM Indonezja na (nieograniczone) rozmowy i internet? Optymalna dost\u0119pno\u015b\u0107 podczas podr\u00f3\u017cy w eSIM Azja. Ju\u017c w sprzeda\u017cy od !\" \/>\n<meta name=\"robots\" content=\"index, follow, max-snippet:-1, max-image-preview:large, max-video-preview:-1\" \/>\n<link rel=\"canonical\" href=\"https:\/\/airporttelecom.com\/pl\/esim\/indonezja\/\" \/>\n<meta property=\"og:locale\" content=\"pl_PL\" \/>\n<meta property=\"og:type\" content=\"article\" \/>\n<meta property=\"og:title\" content=\"eSIM Indonezja\" \/>\n<meta property=\"og:description\" content=\"Szukasz karty przedp\u0142aconej eSIM Indonezja na (nieograniczone) rozmowy i internet? Optymalna dost\u0119pno\u015b\u0107 podczas podr\u00f3\u017cy w eSIM Azja. Ju\u017c w sprzeda\u017cy od !\" \/>\n<meta property=\"og:url\" content=\"https:\/\/airporttelecom.com\/pl\/esim\/indonezja\/\" \/>\n<meta property=\"og:site_name\" content=\"Airport Telecom PL\" \/>\n<meta property=\"article:modified_time\" content=\"2026-03-01T16:55:08+00:00\" \/>\n<meta property=\"og:image\" content=\"https:\/\/airporttelecom.com\/pl\/wp-content\/uploads\/sites\/7\/2024\/06\/Simkaart-Indonesie.png\" \/>\n\t<meta property=\"og:image:width\" content=\"800\" \/>\n\t<meta property=\"og:image:height\" content=\"319\" \/>\n\t<meta property=\"og:image:type\" content=\"image\/png\" \/>\n<meta name=\"twitter:card\" content=\"summary_large_image\" \/>\n<meta name=\"twitter:label1\" content=\"Szacowany czas czytania\" \/>\n\t<meta name=\"twitter:data1\" content=\"1 minuta\" \/>\n<script type=\"application\/ld+json\" class=\"yoast-schema-graph\">{\"@context\":\"https:\/\/schema.org\",\"@graph\":[{\"@type\":\"WebPage\",\"@id\":\"https:\/\/airporttelecom.com\/pl\/esim\/indonezja\/\",\"url\":\"https:\/\/airporttelecom.com\/pl\/esim\/indonezja\/\",\"name\":\"eSIM Indonezja kupi\u0107 przedp\u0142acony pakiet (nieograniczone) po\u0142\u0105czenia i internet - Airport Telecom PL\",\"isPartOf\":{\"@id\":\"https:\/\/airporttelecom.com\/pl\/#website\"},\"primaryImageOfPage\":{\"@id\":\"https:\/\/airporttelecom.com\/pl\/esim\/indonezja\/#primaryimage\"},\"image\":{\"@id\":\"https:\/\/airporttelecom.com\/pl\/esim\/indonezja\/#primaryimage\"},\"thumbnailUrl\":\"https:\/\/airporttelecom.com\/pl\/wp-content\/uploads\/sites\/7\/2024\/06\/Simkaart-Indonesie.png\",\"datePublished\":\"2024-09-12T10:51:55+00:00\",\"dateModified\":\"2026-03-01T16:55:08+00:00\",\"description\":\"Szukasz karty przedp\u0142aconej eSIM Indonezja na (nieograniczone) rozmowy i internet? Optymalna dost\u0119pno\u015b\u0107 podczas podr\u00f3\u017cy w eSIM Azja. Ju\u017c w sprzeda\u017cy od !\",\"breadcrumb\":{\"@id\":\"https:\/\/airporttelecom.com\/pl\/esim\/indonezja\/#breadcrumb\"},\"inLanguage\":\"pl-PL\",\"potentialAction\":[{\"@type\":\"ReadAction\",\"target\":[\"https:\/\/airporttelecom.com\/pl\/esim\/indonezja\/\"]}]},{\"@type\":\"ImageObject\",\"inLanguage\":\"pl-PL\",\"@id\":\"https:\/\/airporttelecom.com\/pl\/esim\/indonezja\/#primaryimage\",\"url\":\"https:\/\/airporttelecom.com\/pl\/wp-content\/uploads\/sites\/7\/2024\/06\/Simkaart-Indonesie.png\",\"contentUrl\":\"https:\/\/airporttelecom.com\/pl\/wp-content\/uploads\/sites\/7\/2024\/06\/Simkaart-Indonesie.png\",\"width\":800,\"height\":319,\"caption\":\"Karta SIM Indonezja\"},{\"@type\":\"BreadcrumbList\",\"@id\":\"https:\/\/airporttelecom.com\/pl\/esim\/indonezja\/#breadcrumb\",\"itemListElement\":[{\"@type\":\"ListItem\",\"position\":1,\"name\":\"Home\",\"item\":\"https:\/\/airporttelecom.com\/pl\/\"},{\"@type\":\"ListItem\",\"position\":2,\"name\":\"eSIM\",\"item\":\"https:\/\/airporttelecom.com\/pl\/esim\/\"},{\"@type\":\"ListItem\",\"position\":3,\"name\":\"Indonezja\"}]},{\"@type\":\"WebSite\",\"@id\":\"https:\/\/airporttelecom.com\/pl\/#website\",\"url\":\"https:\/\/airporttelecom.com\/pl\/\",\"name\":\"Airport Telecom\",\"description\":\"\",\"publisher\":{\"@id\":\"https:\/\/airporttelecom.com\/pl\/#organization\"},\"potentialAction\":[{\"@type\":\"SearchAction\",\"target\":{\"@type\":\"EntryPoint\",\"urlTemplate\":\"https:\/\/airporttelecom.com\/pl\/?s={search_term_string}\"},\"query-input\":{\"@type\":\"PropertyValueSpecification\",\"valueRequired\":true,\"valueName\":\"search_term_string\"}}],\"inLanguage\":\"pl-PL\"},{\"@type\":\"Organization\",\"@id\":\"https:\/\/airporttelecom.com\/pl\/#organization\",\"name\":\"Airport Telecom\",\"url\":\"https:\/\/airporttelecom.com\/pl\/\",\"logo\":{\"@type\":\"ImageObject\",\"inLanguage\":\"pl-PL\",\"@id\":\"https:\/\/airporttelecom.com\/pl\/#\/schema\/logo\/image\/\",\"url\":\"https:\/\/airporttelecom.com\/pl\/wp-content\/uploads\/sites\/7\/2024\/06\/icon.png?wsr\",\"contentUrl\":\"https:\/\/airporttelecom.com\/pl\/wp-content\/uploads\/sites\/7\/2024\/06\/icon.png?wsr\",\"width\":110,\"height\":110,\"caption\":\"Airport Telecom\"},\"image\":{\"@id\":\"https:\/\/airporttelecom.com\/pl\/#\/schema\/logo\/image\/\"}}]}<\/script>\n<!-- \/ Yoast SEO Premium plugin. -->","yoast_head_json":{"title":"eSIM Indonezja kupi\u0107 przedp\u0142acony pakiet (nieograniczone) po\u0142\u0105czenia i internet - Airport Telecom PL","description":"Szukasz karty przedp\u0142aconej eSIM Indonezja na (nieograniczone) rozmowy i internet? Optymalna dost\u0119pno\u015b\u0107 podczas podr\u00f3\u017cy w eSIM Azja. Ju\u017c w sprzeda\u017cy od !","robots":{"index":"index","follow":"follow","max-snippet":"max-snippet:-1","max-image-preview":"max-image-preview:large","max-video-preview":"max-video-preview:-1"},"canonical":"https:\/\/airporttelecom.com\/pl\/esim\/indonezja\/","og_locale":"pl_PL","og_type":"article","og_title":"eSIM Indonezja","og_description":"Szukasz karty przedp\u0142aconej eSIM Indonezja na (nieograniczone) rozmowy i internet? Optymalna dost\u0119pno\u015b\u0107 podczas podr\u00f3\u017cy w eSIM Azja. Ju\u017c w sprzeda\u017cy od !","og_url":"https:\/\/airporttelecom.com\/pl\/esim\/indonezja\/","og_site_name":"Airport Telecom PL","article_modified_time":"2026-03-01T16:55:08+00:00","og_image":[{"width":800,"height":319,"url":"https:\/\/airporttelecom.com\/pl\/wp-content\/uploads\/sites\/7\/2024\/06\/Simkaart-Indonesie.png","type":"image\/png"}],"twitter_card":"summary_large_image","twitter_misc":{"Szacowany czas czytania":"1 minuta"},"schema":{"@context":"https:\/\/schema.org","@graph":[{"@type":"WebPage","@id":"https:\/\/airporttelecom.com\/pl\/esim\/indonezja\/","url":"https:\/\/airporttelecom.com\/pl\/esim\/indonezja\/","name":"eSIM Indonezja kupi\u0107 przedp\u0142acony pakiet (nieograniczone) po\u0142\u0105czenia i internet - Airport Telecom PL","isPartOf":{"@id":"https:\/\/airporttelecom.com\/pl\/#website"},"primaryImageOfPage":{"@id":"https:\/\/airporttelecom.com\/pl\/esim\/indonezja\/#primaryimage"},"image":{"@id":"https:\/\/airporttelecom.com\/pl\/esim\/indonezja\/#primaryimage"},"thumbnailUrl":"https:\/\/airporttelecom.com\/pl\/wp-content\/uploads\/sites\/7\/2024\/06\/Simkaart-Indonesie.png","datePublished":"2024-09-12T10:51:55+00:00","dateModified":"2026-03-01T16:55:08+00:00","description":"Szukasz karty przedp\u0142aconej eSIM Indonezja na (nieograniczone) rozmowy i internet? Optymalna dost\u0119pno\u015b\u0107 podczas podr\u00f3\u017cy w eSIM Azja. Ju\u017c w sprzeda\u017cy od !","breadcrumb":{"@id":"https:\/\/airporttelecom.com\/pl\/esim\/indonezja\/#breadcrumb"},"inLanguage":"pl-PL","potentialAction":[{"@type":"ReadAction","target":["https:\/\/airporttelecom.com\/pl\/esim\/indonezja\/"]}]},{"@type":"ImageObject","inLanguage":"pl-PL","@id":"https:\/\/airporttelecom.com\/pl\/esim\/indonezja\/#primaryimage","url":"https:\/\/airporttelecom.com\/pl\/wp-content\/uploads\/sites\/7\/2024\/06\/Simkaart-Indonesie.png","contentUrl":"https:\/\/airporttelecom.com\/pl\/wp-content\/uploads\/sites\/7\/2024\/06\/Simkaart-Indonesie.png","width":800,"height":319,"caption":"Karta SIM Indonezja"},{"@type":"BreadcrumbList","@id":"https:\/\/airporttelecom.com\/pl\/esim\/indonezja\/#breadcrumb","itemListElement":[{"@type":"ListItem","position":1,"name":"Home","item":"https:\/\/airporttelecom.com\/pl\/"},{"@type":"ListItem","position":2,"name":"eSIM","item":"https:\/\/airporttelecom.com\/pl\/esim\/"},{"@type":"ListItem","position":3,"name":"Indonezja"}]},{"@type":"WebSite","@id":"https:\/\/airporttelecom.com\/pl\/#website","url":"https:\/\/airporttelecom.com\/pl\/","name":"Airport Telecom","description":"","publisher":{"@id":"https:\/\/airporttelecom.com\/pl\/#organization"},"potentialAction":[{"@type":"SearchAction","target":{"@type":"EntryPoint","urlTemplate":"https:\/\/airporttelecom.com\/pl\/?s={search_term_string}"},"query-input":{"@type":"PropertyValueSpecification","valueRequired":true,"valueName":"search_term_string"}}],"inLanguage":"pl-PL"},{"@type":"Organization","@id":"https:\/\/airporttelecom.com\/pl\/#organization","name":"Airport Telecom","url":"https:\/\/airporttelecom.com\/pl\/","logo":{"@type":"ImageObject","inLanguage":"pl-PL","@id":"https:\/\/airporttelecom.com\/pl\/#\/schema\/logo\/image\/","url":"https:\/\/airporttelecom.com\/pl\/wp-content\/uploads\/sites\/7\/2024\/06\/icon.png?wsr","contentUrl":"https:\/\/airporttelecom.com\/pl\/wp-content\/uploads\/sites\/7\/2024\/06\/icon.png?wsr","width":110,"height":110,"caption":"Airport Telecom"},"image":{"@id":"https:\/\/airporttelecom.com\/pl\/#\/schema\/logo\/image\/"}}]}},"custom_permalink":"esim\/indonezja","_links":{"self":[{"href":"https:\/\/airporttelecom.com\/pl\/wp-json\/wp\/v2\/product\/1610","targetHints":{"allow":["GET"]}}],"collection":[{"href":"https:\/\/airporttelecom.com\/pl\/wp-json\/wp\/v2\/product"}],"about":[{"href":"https:\/\/airporttelecom.com\/pl\/wp-json\/wp\/v2\/types\/product"}],"replies":[{"embeddable":true,"href":"https:\/\/airporttelecom.com\/pl\/wp-json\/wp\/v2\/comments?post=1610"}],"wp:featuredmedia":[{"embeddable":true,"href":"https:\/\/airporttelecom.com\/pl\/wp-json\/wp\/v2\/media\/695"}],"wp:attachment":[{"href":"https:\/\/airporttelecom.com\/pl\/wp-json\/wp\/v2\/media?parent=1610"}],"wp:term":[{"taxonomy":"product_brand","embeddable":true,"href":"https:\/\/airporttelecom.com\/pl\/wp-json\/wp\/v2\/product_brand?post=1610"},{"taxonomy":"product_cat","embeddable":true,"href":"https:\/\/airporttelecom.com\/pl\/wp-json\/wp\/v2\/product_cat?post=1610"},{"taxonomy":"product_tag","embeddable":true,"href":"https:\/\/airporttelecom.com\/pl\/wp-json\/wp\/v2\/product_tag?post=1610"}],"curies":[{"name":"wp","href":"https:\/\/api.w.org\/{rel}","templated":true}]}}