{"id":1616,"date":"2024-09-12T10:51:56","date_gmt":"2024-09-12T10:51:56","guid":{"rendered":"https:\/\/airporttelecom.outperforming.nl\/nl\/product\/esim-china\/"},"modified":"2026-02-27T19:31:29","modified_gmt":"2026-02-27T19:31:29","slug":"esim-china","status":"publish","type":"product","link":"https:\/\/airporttelecom.com\/pl\/esim\/chiny\/","title":{"rendered":"eSIM Chiny"},"content":{"rendered":"","protected":false},"excerpt":{"rendered":"","protected":false},"featured_media":668,"comment_status":"open","ping_status":"closed","template":"","meta":{"_acf_changed":false},"product_brand":[],"product_cat":[16],"product_tag":[43],"class_list":{"0":"post-1616","1":"product","2":"type-product","3":"status-publish","4":"has-post-thumbnail","6":"product_cat-esim","7":"product_tag-esim-azja","9":"first","10":"instock","11":"taxable","12":"shipping-taxable","13":"purchasable","14":"product-type-variable","15":"has-default-attributes"},"acf":{"gebied_afbeelding":692,"vlag_afbeelding":259,"provider":["NEX"],"product_synoniemen":null,"product_bestel_velden":["vertrekdatum"],"product_omschrijving":"<h2><span data-contrast=\"none\">Dost\u0119p do internetu mobilnego z kart\u0105 eSIM do Chin<\/span><\/h2>\r\n<span data-contrast=\"auto\">Dzi\u0119ki karcie eSIM Chiny od Airport Telecom mo\u017cesz korzysta\u0107 z mobilnego internetu w ca\u0142ych Chinach. Oferujemy pakiety danych i po\u0142\u0105cze\u0144 dostosowane do indywidualnych potrzeb. Pakiety danych to idealne rozwi\u0105zanie do korzystania z internetu w podr\u00f3\u017cy. Dzi\u0119ki szybkiemu i stabilnemu po\u0142\u0105czeniu 4G\/5G zapewniaj\u0105 wygodny dost\u0119p do poczty e-mail, WhatsAppa, nawigacji GPS oraz innych aplikacji mobilnych.<\/span>\r\n<h2><span data-contrast=\"none\">Dost\u0119p do internetu mobilnego podczas podr\u00f3\u017cy do Chin<\/span><\/h2>\r\nOferujemy trzy pakiety danych eSIM do Chin\r\n<ul>\r\n \t<li><strong>5 GB danych do Chin<\/strong><\/li>\r\n \t<li><strong>10 GB danych do Chin<\/strong><\/li>\r\n \t<li><strong>20 GB danych do Chin<\/strong><\/li>\r\n<\/ul>\r\n<h2><span data-contrast=\"none\">WhatsApp z eSIM Chiny<\/span><\/h2>\r\n<span data-contrast=\"auto\">Wszystkie po\u0142\u0105czenia internetowe, takie jak WhatsApp, Skype czy FaceTime, s\u0105 oczywi\u015bcie mo\u017cliwe r\u00f3wnie\u017c z kartami eSIM do Chin. Mo\u017cesz nadal korzysta\u0107 z WhatsAppa z dotychczasowymi kontaktami, grupami i czatami \u2013 bez utraty historii rozm\u00f3wi. Po zainstalowaniu przedp\u0142aconej karty eSIM aplikacja WhatsApp mo\u017ce zapyta\u0107,, czy chcesz utworzy\u0107 now\u0105 to\u017csamo\u015b\u0107, czy te\u017c wszystko powinno pozosta\u0107 bez zmian. Wybierz opcj\u0119 zachowania obecnej to\u017csamo\u015bci, aby nic si\u0119 nie zmieni\u0142o. Mo\u017cesz wysy\u0142ac wiadomo\u015bci i rozmawiac przez WhatsAppa tak, jak w Polsce.<\/span>\r\n<h2>Zasi\u0119g sieci kom\u00f3rkowej w Chinach<\/h2>\r\neSIM do Chin zapewnia szeroki i niezawodny zasi\u0119g w ca\u0142ym kraju. Stabilne po\u0142\u0105czenie jest szczeg\u00f3lnie gwarantowane w t\u0119tni\u0105cych \u017cyciem miastach, takich jak Pekin czy Szanghaj, a tak\u017ce w g\u0142\u00f3wnych atrakcjach turystycznych, w tym Zakazanym Mie\u015bcie, Wielkim Murze, Bundzie i Lujiazui. W bardziej odleg\u0142ych regionach, takich jak Tybet, Xinjiang czy Mongolia Wewn\u0119trzna, zasi\u0119g mo\u017ce by\u0107 ograniczony.\r\neSIM do Chin pozwala korzysta\u0107 z internetu mobilnego i po\u0142\u0105cze\u0144 telefonicznych w ka\u017cdej sytuacji, niezale\u017cnie od tego, czy podr\u00f3\u017cujesz s\u0142u\u017cbowo, przemierzasz szlaki przyg\u00f3d, czy odkrywasz bogactwo chi\u0144skiej historii i kultury. Poczuj nowoczesny rytm \u017cycia Szanghaju, odkrywaj fascynuj\u0105ce miejsca kultury, w tym Terakotow\u0105 Armi\u0119 w Xi\u2019an, i podziwiaj rozleg\u0142e krajobrazy Chin, jak g\u00f3ry Zhangjiajie.\r\nDzi\u0119ki eSIM od Airport Telecom pozostaniesz w kontakcie bez ogranicze\u0144, zyskuj\u0105c szybki dost\u0119p do wszystkich aplikacji potrzebnych w podr\u00f3\u017cy, bez dodatkowych op\u0142at roamingowych i bez konieczno\u015bci wymiany fizycznej karty SIM.\r\n<h2><span data-contrast=\"none\">eSIM \u2013 natychmiastowa wysy\u0142ka e-mail po zam\u00f3wieniu<\/span><\/h2>\r\n<span data-contrast=\"none\">Kart\u0119 eSIM do Chin otrzymasz poczt\u0105 elektroniczn\u0105. To szybkie i wygodne rozwi\u0105zanie \u2013 mo\u017cesz aktywowa\u0107 eSIM nawet wtedy, gdy jeste\u015b ju\u017c w Chinach lub wkr\u00f3tce wyruszasz w podr\u00f3\u017c.<\/span>","product_specificaties":"<h2>Zalety karty eSIM do Chin<\/h2>\r\n<ul data-start=\"242\" data-end=\"1105\">\r\n \t<li data-start=\"242\" data-end=\"373\">\r\n<p data-start=\"244\" data-end=\"373\"><strong data-start=\"244\" data-end=\"278\">Obs\u0142uga tetheringu i hotspot\u00f3w<\/strong> \u2013 eSIM do Chin pozwala na udost\u0119pnianie internetu innym urz\u0105dzeniom oraz korzystanie z MIFI.<\/p>\r\n<\/li>\r\n \t<li data-start=\"374\" data-end=\"526\">\r\n<p data-start=\"376\" data-end=\"526\"><strong data-start=\"376\" data-end=\"408\">Dost\u0119pna r\u00f3wnie\u017c w Hongkongu<\/strong> \u2013 z eSIM do Chin mo\u017cesz korzysta\u0107 z internetu mobilnego nie tylko w Chinach kontynentalnych, ale tak\u017ce w Hongkongu.<\/p>\r\n<\/li>\r\n \t<li data-start=\"527\" data-end=\"662\">\r\n<p data-start=\"529\" data-end=\"662\"><strong data-start=\"529\" data-end=\"554\">Wysy\u0142ka elektroniczna<\/strong> \u2013 karta eSIM zostanie przes\u0142ana na Tw\u00f3j adres e-mail w formie kodu QR, kt\u00f3ry mo\u017cesz zeskanowa\u0107 telefonem.<\/p>\r\n<\/li>\r\n \t<li data-start=\"663\" data-end=\"818\">\r\n<p data-start=\"665\" data-end=\"818\"><strong data-start=\"665\" data-end=\"705\">Zachowanie polskiego numeru telefonu<\/strong> \u2013 korzystaj\u0105c z eSIM do Chin, u\u017cywasz pakietu danych, pozostaj\u0105c dost\u0119pnym pod swoim polskim numerem telefonu.<\/p>\r\n<\/li>\r\n \t<li data-start=\"819\" data-end=\"973\">\r\n<p data-start=\"821\" data-end=\"973\"><strong data-start=\"821\" data-end=\"848\">Kompatybilno\u015b\u0107 urz\u0105dze\u0144<\/strong> \u2013 karta eSIM dzia\u0142a wy\u0142\u0105cznie w smartfonach obs\u0142uguj\u0105cych t\u0119 technologi\u0119. Przed zakupem sprawd\u017a zgodno\u015b\u0107 swojego telefonu.<\/p>\r\n<\/li>\r\n \t<li data-start=\"974\" data-end=\"1105\">\r\n<p data-start=\"976\" data-end=\"1105\"><strong data-start=\"976\" data-end=\"1005\">Obs\u0142ugiwane modele iPhone<\/strong> \u2013 karta eSIM jest kompatybilna z iPhone XS, XS Max, XR, iPhone 11, 12, 13, 14, 15, 16 i nowszymi.<\/p>\r\n<\/li>\r\n<\/ul>\r\n&nbsp;\r\n<h2>Internet w Chinach \u2013 dost\u0119pne pakiety eSIM<\/h2>\r\nOferujemy trzy warianty eSIM do Chin z pakietami danych dopasowanymi do Twoich potrzeb:\r\n<ul>\r\n \t<li><strong>5 GB danych do Chin<\/strong> \u2013 idealny na kr\u00f3tkie wyjazdy i podstawowe korzystanie z internetu mobilnego.<\/li>\r\n \t<li><strong>10 GB danych do Chin<\/strong> \u2013 dla os\u00f3b potrzebuj\u0105cych wi\u0119kszej ilo\u015bci internetu podczas podr\u00f3\u017cy.<\/li>\r\n \t<li><strong>20 GB danych do Chin<\/strong> \u2013 dla intensywnych u\u017cytkownik\u00f3w internetu mobilnego i pracy online w Chinach.<\/li>\r\n<\/ul>\r\nPakiety danych do Chin s\u0105 wa\u017cne 30 dni od momentu aktywacji.","product_handleiding":"","product_veelgestelde_vragen":[{"vraag":"Kt\u00f3ry eSIM wybra\u0107 do Chinach? ","antwoord":"Na kr\u00f3tki, kilkudniowy pobyt prawdopodobnie nie b\u0119dziesz potrzebowa\u0107 du\u017cej ilo\u015bci danych. Pakiet 5 GB danych na Chiny powinien w takim przypadku wystarczy\u0107.. Aplikacje takie jak WhatsApp, Instagram czy nawigacja nie zu\u017cywaj\u0105 du\u017co danych. Je\u015bli planujesz d\u0142u\u017cszy pobyt, warto wybra\u0107 pakiet 20 GB, kt\u00f3ry na pewno zapewni Ci wystarczaj\u0105c\u0105 ilo\u015b\u0107 danych."},{"vraag":"Gdzie najlepiej kupi\u0107 eSIM do Chin? ","antwoord":"Kup online kart\u0119 eSIM do Chin od Airport Telecom. Kart\u0119 eSIM otrzymasz poczt\u0105 elektroniczn\u0105. Jest to kod QR, kt\u00f3ry nale\u017cy zeskanowa\u0107 telefonem. Mo\u017cesz to zrobi\u0107 nawet b\u0119d\u0105c ju\u017c w Chinach lub wyje\u017cd\u017caj\u0105c w bardzo kr\u00f3tkim czasie. "}]},"yoast_head":"<!-- This site is optimized with the Yoast SEO Premium plugin v24.4 (Yoast SEO v26.9) - https:\/\/yoast.com\/product\/yoast-seo-premium-wordpress\/ -->\n<title>eSIM Chiny kupi\u0107 przedp\u0142acony pakiet (nieograniczone) po\u0142\u0105czenia i internet - Airport Telecom PL<\/title>\n<meta name=\"description\" content=\"Szukasz karty przedp\u0142aconej eSIM Chiny na (nieograniczone) rozmowy i internet? Optymalna dost\u0119pno\u015b\u0107 podczas podr\u00f3\u017cy w eSIM Azja. Ju\u017c w sprzeda\u017cy od !\" \/>\n<meta name=\"robots\" content=\"index, follow, max-snippet:-1, max-image-preview:large, max-video-preview:-1\" \/>\n<link rel=\"canonical\" href=\"https:\/\/airporttelecom.com\/pl\/esim\/chiny\/\" \/>\n<meta property=\"og:locale\" content=\"pl_PL\" \/>\n<meta property=\"og:type\" content=\"article\" \/>\n<meta property=\"og:title\" content=\"eSIM Chiny\" \/>\n<meta property=\"og:description\" content=\"Szukasz karty przedp\u0142aconej eSIM Chiny na (nieograniczone) rozmowy i internet? Optymalna dost\u0119pno\u015b\u0107 podczas podr\u00f3\u017cy w eSIM Azja. Ju\u017c w sprzeda\u017cy od !\" \/>\n<meta property=\"og:url\" content=\"https:\/\/airporttelecom.com\/pl\/esim\/chiny\/\" \/>\n<meta property=\"og:site_name\" content=\"Airport Telecom PL\" \/>\n<meta property=\"article:modified_time\" content=\"2026-02-27T19:31:29+00:00\" \/>\n<meta property=\"og:image\" content=\"https:\/\/airporttelecom.com\/pl\/wp-content\/uploads\/sites\/7\/2024\/06\/Simkaart-China.png\" \/>\n\t<meta property=\"og:image:width\" content=\"800\" \/>\n\t<meta property=\"og:image:height\" content=\"319\" \/>\n\t<meta property=\"og:image:type\" content=\"image\/png\" \/>\n<meta name=\"twitter:card\" content=\"summary_large_image\" \/>\n<meta name=\"twitter:label1\" content=\"Szacowany czas czytania\" \/>\n\t<meta name=\"twitter:data1\" content=\"1 minuta\" \/>\n<script type=\"application\/ld+json\" class=\"yoast-schema-graph\">{\"@context\":\"https:\/\/schema.org\",\"@graph\":[{\"@type\":\"WebPage\",\"@id\":\"https:\/\/airporttelecom.com\/pl\/esim\/chiny\/\",\"url\":\"https:\/\/airporttelecom.com\/pl\/esim\/chiny\/\",\"name\":\"eSIM Chiny kupi\u0107 przedp\u0142acony pakiet (nieograniczone) po\u0142\u0105czenia i internet - Airport Telecom PL\",\"isPartOf\":{\"@id\":\"https:\/\/airporttelecom.com\/pl\/#website\"},\"primaryImageOfPage\":{\"@id\":\"https:\/\/airporttelecom.com\/pl\/esim\/chiny\/#primaryimage\"},\"image\":{\"@id\":\"https:\/\/airporttelecom.com\/pl\/esim\/chiny\/#primaryimage\"},\"thumbnailUrl\":\"https:\/\/airporttelecom.com\/pl\/wp-content\/uploads\/sites\/7\/2024\/06\/Simkaart-China.png\",\"datePublished\":\"2024-09-12T10:51:56+00:00\",\"dateModified\":\"2026-02-27T19:31:29+00:00\",\"description\":\"Szukasz karty przedp\u0142aconej eSIM Chiny na (nieograniczone) rozmowy i internet? Optymalna dost\u0119pno\u015b\u0107 podczas podr\u00f3\u017cy w eSIM Azja. Ju\u017c w sprzeda\u017cy od !\",\"breadcrumb\":{\"@id\":\"https:\/\/airporttelecom.com\/pl\/esim\/chiny\/#breadcrumb\"},\"inLanguage\":\"pl-PL\",\"potentialAction\":[{\"@type\":\"ReadAction\",\"target\":[\"https:\/\/airporttelecom.com\/pl\/esim\/chiny\/\"]}]},{\"@type\":\"ImageObject\",\"inLanguage\":\"pl-PL\",\"@id\":\"https:\/\/airporttelecom.com\/pl\/esim\/chiny\/#primaryimage\",\"url\":\"https:\/\/airporttelecom.com\/pl\/wp-content\/uploads\/sites\/7\/2024\/06\/Simkaart-China.png\",\"contentUrl\":\"https:\/\/airporttelecom.com\/pl\/wp-content\/uploads\/sites\/7\/2024\/06\/Simkaart-China.png\",\"width\":800,\"height\":319,\"caption\":\"Karta SIM Chiny\"},{\"@type\":\"BreadcrumbList\",\"@id\":\"https:\/\/airporttelecom.com\/pl\/esim\/chiny\/#breadcrumb\",\"itemListElement\":[{\"@type\":\"ListItem\",\"position\":1,\"name\":\"Home\",\"item\":\"https:\/\/airporttelecom.com\/pl\/\"},{\"@type\":\"ListItem\",\"position\":2,\"name\":\"eSIM\",\"item\":\"https:\/\/airporttelecom.com\/pl\/esim\/\"},{\"@type\":\"ListItem\",\"position\":3,\"name\":\"Chiny\"}]},{\"@type\":\"WebSite\",\"@id\":\"https:\/\/airporttelecom.com\/pl\/#website\",\"url\":\"https:\/\/airporttelecom.com\/pl\/\",\"name\":\"Airport Telecom\",\"description\":\"\",\"publisher\":{\"@id\":\"https:\/\/airporttelecom.com\/pl\/#organization\"},\"potentialAction\":[{\"@type\":\"SearchAction\",\"target\":{\"@type\":\"EntryPoint\",\"urlTemplate\":\"https:\/\/airporttelecom.com\/pl\/?s={search_term_string}\"},\"query-input\":{\"@type\":\"PropertyValueSpecification\",\"valueRequired\":true,\"valueName\":\"search_term_string\"}}],\"inLanguage\":\"pl-PL\"},{\"@type\":\"Organization\",\"@id\":\"https:\/\/airporttelecom.com\/pl\/#organization\",\"name\":\"Airport Telecom\",\"url\":\"https:\/\/airporttelecom.com\/pl\/\",\"logo\":{\"@type\":\"ImageObject\",\"inLanguage\":\"pl-PL\",\"@id\":\"https:\/\/airporttelecom.com\/pl\/#\/schema\/logo\/image\/\",\"url\":\"https:\/\/airporttelecom.com\/pl\/wp-content\/uploads\/sites\/7\/2024\/06\/icon.png?wsr\",\"contentUrl\":\"https:\/\/airporttelecom.com\/pl\/wp-content\/uploads\/sites\/7\/2024\/06\/icon.png?wsr\",\"width\":110,\"height\":110,\"caption\":\"Airport Telecom\"},\"image\":{\"@id\":\"https:\/\/airporttelecom.com\/pl\/#\/schema\/logo\/image\/\"}}]}<\/script>\n<!-- \/ Yoast SEO Premium plugin. -->","yoast_head_json":{"title":"eSIM Chiny kupi\u0107 przedp\u0142acony pakiet (nieograniczone) po\u0142\u0105czenia i internet - Airport Telecom PL","description":"Szukasz karty przedp\u0142aconej eSIM Chiny na (nieograniczone) rozmowy i internet? Optymalna dost\u0119pno\u015b\u0107 podczas podr\u00f3\u017cy w eSIM Azja. Ju\u017c w sprzeda\u017cy od !","robots":{"index":"index","follow":"follow","max-snippet":"max-snippet:-1","max-image-preview":"max-image-preview:large","max-video-preview":"max-video-preview:-1"},"canonical":"https:\/\/airporttelecom.com\/pl\/esim\/chiny\/","og_locale":"pl_PL","og_type":"article","og_title":"eSIM Chiny","og_description":"Szukasz karty przedp\u0142aconej eSIM Chiny na (nieograniczone) rozmowy i internet? Optymalna dost\u0119pno\u015b\u0107 podczas podr\u00f3\u017cy w eSIM Azja. Ju\u017c w sprzeda\u017cy od !","og_url":"https:\/\/airporttelecom.com\/pl\/esim\/chiny\/","og_site_name":"Airport Telecom PL","article_modified_time":"2026-02-27T19:31:29+00:00","og_image":[{"width":800,"height":319,"url":"https:\/\/airporttelecom.com\/pl\/wp-content\/uploads\/sites\/7\/2024\/06\/Simkaart-China.png","type":"image\/png"}],"twitter_card":"summary_large_image","twitter_misc":{"Szacowany czas czytania":"1 minuta"},"schema":{"@context":"https:\/\/schema.org","@graph":[{"@type":"WebPage","@id":"https:\/\/airporttelecom.com\/pl\/esim\/chiny\/","url":"https:\/\/airporttelecom.com\/pl\/esim\/chiny\/","name":"eSIM Chiny kupi\u0107 przedp\u0142acony pakiet (nieograniczone) po\u0142\u0105czenia i internet - Airport Telecom PL","isPartOf":{"@id":"https:\/\/airporttelecom.com\/pl\/#website"},"primaryImageOfPage":{"@id":"https:\/\/airporttelecom.com\/pl\/esim\/chiny\/#primaryimage"},"image":{"@id":"https:\/\/airporttelecom.com\/pl\/esim\/chiny\/#primaryimage"},"thumbnailUrl":"https:\/\/airporttelecom.com\/pl\/wp-content\/uploads\/sites\/7\/2024\/06\/Simkaart-China.png","datePublished":"2024-09-12T10:51:56+00:00","dateModified":"2026-02-27T19:31:29+00:00","description":"Szukasz karty przedp\u0142aconej eSIM Chiny na (nieograniczone) rozmowy i internet? Optymalna dost\u0119pno\u015b\u0107 podczas podr\u00f3\u017cy w eSIM Azja. Ju\u017c w sprzeda\u017cy od !","breadcrumb":{"@id":"https:\/\/airporttelecom.com\/pl\/esim\/chiny\/#breadcrumb"},"inLanguage":"pl-PL","potentialAction":[{"@type":"ReadAction","target":["https:\/\/airporttelecom.com\/pl\/esim\/chiny\/"]}]},{"@type":"ImageObject","inLanguage":"pl-PL","@id":"https:\/\/airporttelecom.com\/pl\/esim\/chiny\/#primaryimage","url":"https:\/\/airporttelecom.com\/pl\/wp-content\/uploads\/sites\/7\/2024\/06\/Simkaart-China.png","contentUrl":"https:\/\/airporttelecom.com\/pl\/wp-content\/uploads\/sites\/7\/2024\/06\/Simkaart-China.png","width":800,"height":319,"caption":"Karta SIM Chiny"},{"@type":"BreadcrumbList","@id":"https:\/\/airporttelecom.com\/pl\/esim\/chiny\/#breadcrumb","itemListElement":[{"@type":"ListItem","position":1,"name":"Home","item":"https:\/\/airporttelecom.com\/pl\/"},{"@type":"ListItem","position":2,"name":"eSIM","item":"https:\/\/airporttelecom.com\/pl\/esim\/"},{"@type":"ListItem","position":3,"name":"Chiny"}]},{"@type":"WebSite","@id":"https:\/\/airporttelecom.com\/pl\/#website","url":"https:\/\/airporttelecom.com\/pl\/","name":"Airport Telecom","description":"","publisher":{"@id":"https:\/\/airporttelecom.com\/pl\/#organization"},"potentialAction":[{"@type":"SearchAction","target":{"@type":"EntryPoint","urlTemplate":"https:\/\/airporttelecom.com\/pl\/?s={search_term_string}"},"query-input":{"@type":"PropertyValueSpecification","valueRequired":true,"valueName":"search_term_string"}}],"inLanguage":"pl-PL"},{"@type":"Organization","@id":"https:\/\/airporttelecom.com\/pl\/#organization","name":"Airport Telecom","url":"https:\/\/airporttelecom.com\/pl\/","logo":{"@type":"ImageObject","inLanguage":"pl-PL","@id":"https:\/\/airporttelecom.com\/pl\/#\/schema\/logo\/image\/","url":"https:\/\/airporttelecom.com\/pl\/wp-content\/uploads\/sites\/7\/2024\/06\/icon.png?wsr","contentUrl":"https:\/\/airporttelecom.com\/pl\/wp-content\/uploads\/sites\/7\/2024\/06\/icon.png?wsr","width":110,"height":110,"caption":"Airport Telecom"},"image":{"@id":"https:\/\/airporttelecom.com\/pl\/#\/schema\/logo\/image\/"}}]}},"custom_permalink":"esim\/chiny","_links":{"self":[{"href":"https:\/\/airporttelecom.com\/pl\/wp-json\/wp\/v2\/product\/1616","targetHints":{"allow":["GET"]}}],"collection":[{"href":"https:\/\/airporttelecom.com\/pl\/wp-json\/wp\/v2\/product"}],"about":[{"href":"https:\/\/airporttelecom.com\/pl\/wp-json\/wp\/v2\/types\/product"}],"replies":[{"embeddable":true,"href":"https:\/\/airporttelecom.com\/pl\/wp-json\/wp\/v2\/comments?post=1616"}],"wp:featuredmedia":[{"embeddable":true,"href":"https:\/\/airporttelecom.com\/pl\/wp-json\/wp\/v2\/media\/668"}],"wp:attachment":[{"href":"https:\/\/airporttelecom.com\/pl\/wp-json\/wp\/v2\/media?parent=1616"}],"wp:term":[{"taxonomy":"product_brand","embeddable":true,"href":"https:\/\/airporttelecom.com\/pl\/wp-json\/wp\/v2\/product_brand?post=1616"},{"taxonomy":"product_cat","embeddable":true,"href":"https:\/\/airporttelecom.com\/pl\/wp-json\/wp\/v2\/product_cat?post=1616"},{"taxonomy":"product_tag","embeddable":true,"href":"https:\/\/airporttelecom.com\/pl\/wp-json\/wp\/v2\/product_tag?post=1616"}],"curies":[{"name":"wp","href":"https:\/\/api.w.org\/{rel}","templated":true}]}}