{"id":1619,"date":"2024-09-12T10:51:57","date_gmt":"2024-09-12T10:51:57","guid":{"rendered":"https:\/\/airporttelecom.outperforming.nl\/nl\/product\/esim-turkije\/"},"modified":"2026-03-03T16:59:45","modified_gmt":"2026-03-03T16:59:45","slug":"esim-turkije","status":"publish","type":"product","link":"https:\/\/airporttelecom.com\/pl\/esim\/turcja\/","title":{"rendered":"eSIM Turcja"},"content":{"rendered":"","protected":false},"excerpt":{"rendered":"","protected":false},"featured_media":712,"comment_status":"open","ping_status":"closed","template":"","meta":{"_acf_changed":false},"product_brand":[],"product_cat":[16],"product_tag":[45,22],"class_list":{"0":"post-1619","1":"product","2":"type-product","3":"status-publish","4":"has-post-thumbnail","6":"product_cat-esim","7":"product_tag-esim-bliski-wschod","8":"product_tag-esim-europa","10":"first","11":"instock","12":"taxable","13":"shipping-taxable","14":"purchasable","15":"product-type-variable"},"acf":{"gebied_afbeelding":913,"vlag_afbeelding":257,"provider":["BIC","NEX"],"product_synoniemen":null,"product_bestel_velden":"","product_omschrijving":"<h2>Internet mobilny w Turcji z eSIM Turcja<\/h2>\r\nDzi\u0119ki karcie eSIM do Turcji korzystasz z mobilnego internetu na terenie ca\u0142ego kraju bez roamingu i dodatkowych op\u0142at. Karta SIM jest idealnym rozwi\u0105zaniem do codziennego korzystania z internetu \u2014 zapewnia dost\u0119p do poczty e-mail, WhatsApp, nawigacji oraz innych aplikacji online dzi\u0119ki szybkiemu i stabilnemu po\u0142\u0105czeniu 4G\/5G.\r\n\r\nWybierz pakiet nielimitowanych danych dopasowany do swoich potrzeb \u2014 na 7, 14 lub 30 dni.\r\n<h2>Pakiety danych \u2013 nielimitowany internet na podr\u00f3\u017c do Turcji<\/h2>\r\nKarta SIM do Turcji jest dost\u0119pna z pakietem danych bez ogranicze\u0144* na 7, 14 lub 30 dni:\r\n\r\n* Nale\u017cy pami\u0119ta\u0107 o zasadach dozwolonego u\u017cytku. W przypadku ekstremalnego wykorzystania danych operator mo\u017ce ograniczy\u0107 mo\u017cliwo\u015bci (e)SIM. Polityka Uczciwego Korzystania zak\u0142ada jednego u\u017cytkownika na (e)SIM. Przy normalnym korzystaniu z nawigacji, poczty e-mail, wyszukiwania w Internecie, wiadomo\u015bci WhatsApp, po\u0142\u0105cze\u0144 WhatsApp i aplikacji takich jak Instagram i Snapchat, Polityka Uczciwego Korzystania nie wchodzi w gr\u0119. Mo\u017ce to jednak mie\u0107 miejsce w przypadku, na przyk\u0142ad, bardzo wysokiej ogl\u0105dalno\u015bci YouTube, TikTok, us\u0142ug streamingowych, takich jak Netflix i ogl\u0105dania telewizji online, a zw\u0142aszcza w po\u0142\u0105czeniu z wieloma osobami wsp\u00f3\u0142dziel\u0105cymi po\u0142\u0105czenie za po\u015brednictwem hotspotu lub routera. Zwroty koszt\u00f3w nie b\u0119d\u0105 przyznawane w przypadku naruszenia zasad uczciwego u\u017cytkowania.\r\n\r\n<span style=\"font-weight: 400;\">Karty eSIM do Turcji maj\u0105 doskona\u0142y og\u00f3lnokrajowy zasi\u0119g w lokalnych sieciach 4G i 5G. Rejestracja u\u017cytkownika w Turcji nie jest wymagana. Po przybyciu do Turcji internet zaczyna dzia\u0142a\u0107 automatycznie. Karta eSIM Turcja umo\u017cliwia tethering, wi\u0119c mo\u017ce by\u0107 r\u00f3wnie\u017c u\u017cywana do hotspot\u00f3w i MIFI.<\/span>\r\n<p data-start=\"310\" data-end=\"491\">Karta eSIM Turcja oferuje pe\u0142ny zasi\u0119g w sieciach 4G i 5G w ca\u0142ym kraju oraz umo\u017cliwia tethering, dzi\u0119ki czemu mo\u017cesz korzysta\u0107 z internetu na wielu urz\u0105dzeniach jednocze\u015bnie.<\/p>\r\n<p data-start=\"493\" data-end=\"674\">Pakiety danych s\u0105 dopasowane do d\u0142ugo\u015bci pobytu \u2014 idealne zar\u00f3wno na kr\u00f3tki urlop, jak i d\u0142u\u017csz\u0105 podr\u00f3\u017c. Brak koszt\u00f3w roamingu pozwala w pe\u0142ni kontrolowa\u0107 wydatki podczas podr\u00f3\u017cy.<\/p>\r\n\r\n<h2>WhatsApp i inne aplikacje z eSim Turcja<\/h2>\r\nWszystkie po\u0142\u0105czenia internetowe, takie jak WhatsApp, Skype czy FaceTime s\u0105 oczywi\u015bcie r\u00f3wnie\u017c mo\u017cliwe z eSim Turcja. B\u0119dziesz wtedy korzysta\u0107 z pakietu danych na eSim. Mo\u017cesz nadal korzysta\u0107 z WhatsAppa z dotychczasowymi kontaktami, grupami i czatami \u2013 bez utraty historii rozm\u00f3wi. Po zainstalowaniu przedp\u0142aconego eSim aplikacja aplikacja WhatsApp mo\u017ce zapyta\u0107,, czy chcesz utworzy\u0107 nowe konto, czy zachowa\u0107 obecne ustawienia. Wybierz opcj\u0119 zachowania obecnej to\u017csamo\u015bci, aby nic si\u0119 nie zmieni\u0142o. Nast\u0119pnie mo\u017cesz kontynuowa\u0107 wysy\u0142anie wiadomo\u015bci i rozmowy telefoniczne za pomoc\u0105 WhatsApp jak zwykle.\r\n<h2>Zasi\u0119g sieci kom\u00f3rkowej i dost\u0119p do internetu mobilnego w Turcji<\/h2>\r\neSIM do Turcji zapewnia bardzo dobr\u0105 transmisj\u0119 danych w du\u017cych miastach i ich okolicach. W rozleg\u0142ym Stambule nad Bosforem ze s\u0142ynnym B\u0142\u0119kitnym Meczetem, a tak\u017ce w stolicy kraju, Ankarze, internet mobilny dzia\u0142a bez problemu. W odleg\u0142ych i mniej zaludnionych rejonach zasi\u0119g mo\u017ce by\u0107 nieco s\u0142abszy. Podczas rejsu wzd\u0142u\u017c tureckiej riwiery, mijaj\u0105c malownicze zatoki i wyspy, mo\u017cesz trafi\u0107 na miejsca, w kt\u00f3rych mobilny internet chwilowo nie dzia\u0142a. Na og\u00f3\u0142 jednak w wi\u0119kszo\u015bci miast i miejscowo\u015bci, zar\u00f3wno w g\u0142\u0119bi kraju, jak i w popularnych kurortach nadmorskich, takich jak Bodrum, Antalya i Marmaris, zasi\u0119g w Turcji jest dobry i stabilny.\r\n\r\nDzi\u0119ki karcie eSIM Turcja mo\u017cesz bez przeszk\u00f3d udost\u0119pnia\u0107 zdj\u0119cia z wakacji, korzysta\u0107 z medi\u00f3w spo\u0142eczno\u015bciowych i pozostawa\u0107 w kontakcie ze znajomymi.\r\n<h2>eSIM do Turcji otrzymasz drog\u0105 mailow\u0105<\/h2>\r\nPo zakupie karty eSIM do Turcji otrzymasz j\u0105 natychmiast drog\u0105 elektroniczn\u0105. To szybkie i wygodne rozwi\u0105zanie pozwala korzysta\u0107 z internetu mobilnego w Turcji od razu po przybyciu do kraju, a brak op\u0142at roamingowych zapewnia pe\u0142n\u0105 kontrol\u0119 nad wydatkami podczas podr\u00f3\u017cy.\r\n\r\nKarta eSIM do Turcji mo\u017ce zosta\u0107 zam\u00f3wiona zar\u00f3wno wtedy, gdy jeste\u015b ju\u017c w kraju, jak i gdy wkr\u00f3tce wybierasz si\u0119 w podr\u00f3\u017c.","product_specificaties":"<h2>Internet mobilny\u00a0z eSIM do\u00a0 Turcji \u2013 dost\u0119pne pakiety<\/h2>\r\nWybierz odpowiedni pakiet danych na podr\u00f3\u017c do Turcji i korzystaj z szybkiego internetu mobilnego w od razu po przybyciu. Nasze karty eSIM Turcja oferuj\u0105 stabilny zasi\u0119g na terenie ca\u0142ego kraju. Oferujemy trzy warianty eSIM do Turcji:\r\n<h3 data-start=\"138\" data-end=\"184\">eSIM Pakiet Nielimitowany Turcja \u2013 7 dni<\/h3>\r\n<p data-start=\"185\" data-end=\"310\">\u2022 Nielimitowany internet w ca\u0142ej Turcji*<br data-start=\"225\" data-end=\"228\" \/>\u2022 Pakiet wa\u017cny przez 7 dni<br data-start=\"254\" data-end=\"257\" \/>\u2022 Mo\u017cliwo\u015b\u0107 do\u0142adowania za po\u015brednictwem tej strony<\/p>\r\n\r\n<h3 data-start=\"312\" data-end=\"359\">eSIM Pakiet Nielimitowany Turcja \u2013 14 dni<\/h3>\r\n<p data-start=\"360\" data-end=\"486\">\u2022 Nielimitowany internet w ca\u0142ej Turcji*<br data-start=\"400\" data-end=\"403\" \/>\u2022 Pakiet wa\u017cny przez 14 dni<br data-start=\"430\" data-end=\"433\" \/>\u2022 Mo\u017cliwo\u015b\u0107 do\u0142adowania za po\u015brednictwem tej strony<\/p>\r\n\r\n<h3 data-start=\"488\" data-end=\"535\">eSIM Pakiet Nielimitowany Turcja \u2013 30 dni<\/h3>\r\n<p data-start=\"536\" data-end=\"662\">\u2022 Nielimitowany internet w ca\u0142ej Turcji*<br data-start=\"576\" data-end=\"579\" \/>\u2022 Pakiet wa\u017cny przez 30 dni<br data-start=\"606\" data-end=\"609\" \/>\u2022 Mo\u017cliwo\u015b\u0107 do\u0142adowania za po\u015brednictwem tej strony<\/p>\r\n<p data-start=\"664\" data-end=\"815\">* Obowi\u0105zuj\u0105 zasady dozwolonego u\u017cytku. W przypadku ekstremalnego wykorzystania danych operator w Turcji mo\u017ce ograniczy\u0107 mo\u017cliwo\u015bci eSIM.<\/p>","product_handleiding":"<h2><span data-contrast=\"none\">Jak zainstalowa\u0107 kart\u0119 eSim Turkey w smarfonie?<\/span><\/h2>\r\n<span data-contrast=\"auto\">Otw\u00f3rz tack\u0119 na kart\u0119 SIM znajduj\u0105c\u0105 si\u0119 z boku telefonu. Mo\u017cna to zrobi\u0107 za pomoc\u0105 szpilki do\u0142\u0105czonej do telefonu. Je\u015bli jej nie masz, mo\u017cesz j\u0105 wykona\u0107, prostuj\u0105c spinacz do papieru. Karta Airport Telecom eSim jest r\u00f3wnie\u017c dostarczana z dodatkow\u0105 szpilk\u0105.<\/span> <span data-contrast=\"auto\">Wyjmij w\u0142asn\u0105 kart\u0119 eSim i zachowaj j\u0105 w bezpiecznym miejscu! Teraz w\u0142\u00f3\u017c nowy eSim. Mo\u017cna to zrobi\u0107 tylko w jeden spos\u00f3b. Telefon mo\u017ce pomie\u015bci\u0107 kilka kart eSim. Nast\u0119pnie w\u0142\u00f3\u017c nowy eSim jako dodatkow\u0105 kart\u0119.<\/span> <span data-contrast=\"auto\">Teraz wsu\u0144 suwak eSim z powrotem do telefonu. Korzystanie z nowej karty SIM powinno by\u0107 mo\u017cliwe automatycznie. Telefon mo\u017ce poprosi\u0107 o wprowadzenie dodatkowych ustawie\u0144.<\/span>","product_veelgestelde_vragen":null},"yoast_head":"<!-- This site is optimized with the Yoast SEO Premium plugin v24.4 (Yoast SEO v26.9) - https:\/\/yoast.com\/product\/yoast-seo-premium-wordpress\/ -->\n<title>eSIM Turcja kupi\u0107 przedp\u0142acony pakiet (nieograniczone) po\u0142\u0105czenia i internet - Airport Telecom PL<\/title>\n<meta name=\"description\" content=\"Szukasz karty przedp\u0142aconej eSIM Turcja na (nieograniczone) rozmowy i internet? Optymalna dost\u0119pno\u015b\u0107 podczas podr\u00f3\u017cy w eSIM Bliski Wsch\u00f3d, eSIM Europa. Ju\u017c w sprzeda\u017cy od !\" \/>\n<meta name=\"robots\" content=\"index, follow, max-snippet:-1, max-image-preview:large, max-video-preview:-1\" \/>\n<link rel=\"canonical\" href=\"https:\/\/airporttelecom.com\/pl\/esim\/turcja\/\" \/>\n<meta property=\"og:locale\" content=\"pl_PL\" \/>\n<meta property=\"og:type\" content=\"article\" \/>\n<meta property=\"og:title\" content=\"eSIM Turcja\" \/>\n<meta property=\"og:description\" content=\"Szukasz karty przedp\u0142aconej eSIM Turcja na (nieograniczone) rozmowy i internet? Optymalna dost\u0119pno\u015b\u0107 podczas podr\u00f3\u017cy w eSIM Bliski Wsch\u00f3d, eSIM Europa. Ju\u017c w sprzeda\u017cy od !\" \/>\n<meta property=\"og:url\" content=\"https:\/\/airporttelecom.com\/pl\/esim\/turcja\/\" \/>\n<meta property=\"og:site_name\" content=\"Airport Telecom PL\" \/>\n<meta property=\"article:modified_time\" content=\"2026-03-03T16:59:45+00:00\" \/>\n<meta property=\"og:image\" content=\"https:\/\/airporttelecom.com\/pl\/wp-content\/uploads\/sites\/7\/2024\/06\/Simkaart-Turkije.png\" \/>\n\t<meta property=\"og:image:width\" content=\"800\" \/>\n\t<meta property=\"og:image:height\" content=\"318\" \/>\n\t<meta property=\"og:image:type\" content=\"image\/png\" \/>\n<meta name=\"twitter:card\" content=\"summary_large_image\" \/>\n<meta name=\"twitter:label1\" content=\"Szacowany czas czytania\" \/>\n\t<meta name=\"twitter:data1\" content=\"1 minuta\" \/>\n<script type=\"application\/ld+json\" class=\"yoast-schema-graph\">{\"@context\":\"https:\/\/schema.org\",\"@graph\":[{\"@type\":\"WebPage\",\"@id\":\"https:\/\/airporttelecom.com\/pl\/esim\/turcja\/\",\"url\":\"https:\/\/airporttelecom.com\/pl\/esim\/turcja\/\",\"name\":\"eSIM Turcja kupi\u0107 przedp\u0142acony pakiet (nieograniczone) po\u0142\u0105czenia i internet - Airport Telecom PL\",\"isPartOf\":{\"@id\":\"https:\/\/airporttelecom.com\/pl\/#website\"},\"primaryImageOfPage\":{\"@id\":\"https:\/\/airporttelecom.com\/pl\/esim\/turcja\/#primaryimage\"},\"image\":{\"@id\":\"https:\/\/airporttelecom.com\/pl\/esim\/turcja\/#primaryimage\"},\"thumbnailUrl\":\"https:\/\/airporttelecom.com\/pl\/wp-content\/uploads\/sites\/7\/2024\/06\/Simkaart-Turkije.png\",\"datePublished\":\"2024-09-12T10:51:57+00:00\",\"dateModified\":\"2026-03-03T16:59:45+00:00\",\"description\":\"Szukasz karty przedp\u0142aconej eSIM Turcja na (nieograniczone) rozmowy i internet? Optymalna dost\u0119pno\u015b\u0107 podczas podr\u00f3\u017cy w eSIM Bliski Wsch\u00f3d, eSIM Europa. Ju\u017c w sprzeda\u017cy od !\",\"breadcrumb\":{\"@id\":\"https:\/\/airporttelecom.com\/pl\/esim\/turcja\/#breadcrumb\"},\"inLanguage\":\"pl-PL\",\"potentialAction\":[{\"@type\":\"ReadAction\",\"target\":[\"https:\/\/airporttelecom.com\/pl\/esim\/turcja\/\"]}]},{\"@type\":\"ImageObject\",\"inLanguage\":\"pl-PL\",\"@id\":\"https:\/\/airporttelecom.com\/pl\/esim\/turcja\/#primaryimage\",\"url\":\"https:\/\/airporttelecom.com\/pl\/wp-content\/uploads\/sites\/7\/2024\/06\/Simkaart-Turkije.png\",\"contentUrl\":\"https:\/\/airporttelecom.com\/pl\/wp-content\/uploads\/sites\/7\/2024\/06\/Simkaart-Turkije.png\",\"width\":800,\"height\":318,\"caption\":\"Karta SIM Turcja\"},{\"@type\":\"BreadcrumbList\",\"@id\":\"https:\/\/airporttelecom.com\/pl\/esim\/turcja\/#breadcrumb\",\"itemListElement\":[{\"@type\":\"ListItem\",\"position\":1,\"name\":\"Home\",\"item\":\"https:\/\/airporttelecom.com\/pl\/\"},{\"@type\":\"ListItem\",\"position\":2,\"name\":\"eSIM\",\"item\":\"https:\/\/airporttelecom.com\/pl\/esim\/\"},{\"@type\":\"ListItem\",\"position\":3,\"name\":\"Turcja\"}]},{\"@type\":\"WebSite\",\"@id\":\"https:\/\/airporttelecom.com\/pl\/#website\",\"url\":\"https:\/\/airporttelecom.com\/pl\/\",\"name\":\"Airport Telecom\",\"description\":\"\",\"publisher\":{\"@id\":\"https:\/\/airporttelecom.com\/pl\/#organization\"},\"potentialAction\":[{\"@type\":\"SearchAction\",\"target\":{\"@type\":\"EntryPoint\",\"urlTemplate\":\"https:\/\/airporttelecom.com\/pl\/?s={search_term_string}\"},\"query-input\":{\"@type\":\"PropertyValueSpecification\",\"valueRequired\":true,\"valueName\":\"search_term_string\"}}],\"inLanguage\":\"pl-PL\"},{\"@type\":\"Organization\",\"@id\":\"https:\/\/airporttelecom.com\/pl\/#organization\",\"name\":\"Airport Telecom\",\"url\":\"https:\/\/airporttelecom.com\/pl\/\",\"logo\":{\"@type\":\"ImageObject\",\"inLanguage\":\"pl-PL\",\"@id\":\"https:\/\/airporttelecom.com\/pl\/#\/schema\/logo\/image\/\",\"url\":\"https:\/\/airporttelecom.com\/pl\/wp-content\/uploads\/sites\/7\/2024\/06\/icon.png?wsr\",\"contentUrl\":\"https:\/\/airporttelecom.com\/pl\/wp-content\/uploads\/sites\/7\/2024\/06\/icon.png?wsr\",\"width\":110,\"height\":110,\"caption\":\"Airport Telecom\"},\"image\":{\"@id\":\"https:\/\/airporttelecom.com\/pl\/#\/schema\/logo\/image\/\"}}]}<\/script>\n<!-- \/ Yoast SEO Premium plugin. -->","yoast_head_json":{"title":"eSIM Turcja kupi\u0107 przedp\u0142acony pakiet (nieograniczone) po\u0142\u0105czenia i internet - Airport Telecom PL","description":"Szukasz karty przedp\u0142aconej eSIM Turcja na (nieograniczone) rozmowy i internet? Optymalna dost\u0119pno\u015b\u0107 podczas podr\u00f3\u017cy w eSIM Bliski Wsch\u00f3d, eSIM Europa. Ju\u017c w sprzeda\u017cy od !","robots":{"index":"index","follow":"follow","max-snippet":"max-snippet:-1","max-image-preview":"max-image-preview:large","max-video-preview":"max-video-preview:-1"},"canonical":"https:\/\/airporttelecom.com\/pl\/esim\/turcja\/","og_locale":"pl_PL","og_type":"article","og_title":"eSIM Turcja","og_description":"Szukasz karty przedp\u0142aconej eSIM Turcja na (nieograniczone) rozmowy i internet? Optymalna dost\u0119pno\u015b\u0107 podczas podr\u00f3\u017cy w eSIM Bliski Wsch\u00f3d, eSIM Europa. Ju\u017c w sprzeda\u017cy od !","og_url":"https:\/\/airporttelecom.com\/pl\/esim\/turcja\/","og_site_name":"Airport Telecom PL","article_modified_time":"2026-03-03T16:59:45+00:00","og_image":[{"width":800,"height":318,"url":"https:\/\/airporttelecom.com\/pl\/wp-content\/uploads\/sites\/7\/2024\/06\/Simkaart-Turkije.png","type":"image\/png"}],"twitter_card":"summary_large_image","twitter_misc":{"Szacowany czas czytania":"1 minuta"},"schema":{"@context":"https:\/\/schema.org","@graph":[{"@type":"WebPage","@id":"https:\/\/airporttelecom.com\/pl\/esim\/turcja\/","url":"https:\/\/airporttelecom.com\/pl\/esim\/turcja\/","name":"eSIM Turcja kupi\u0107 przedp\u0142acony pakiet (nieograniczone) po\u0142\u0105czenia i internet - Airport Telecom PL","isPartOf":{"@id":"https:\/\/airporttelecom.com\/pl\/#website"},"primaryImageOfPage":{"@id":"https:\/\/airporttelecom.com\/pl\/esim\/turcja\/#primaryimage"},"image":{"@id":"https:\/\/airporttelecom.com\/pl\/esim\/turcja\/#primaryimage"},"thumbnailUrl":"https:\/\/airporttelecom.com\/pl\/wp-content\/uploads\/sites\/7\/2024\/06\/Simkaart-Turkije.png","datePublished":"2024-09-12T10:51:57+00:00","dateModified":"2026-03-03T16:59:45+00:00","description":"Szukasz karty przedp\u0142aconej eSIM Turcja na (nieograniczone) rozmowy i internet? Optymalna dost\u0119pno\u015b\u0107 podczas podr\u00f3\u017cy w eSIM Bliski Wsch\u00f3d, eSIM Europa. Ju\u017c w sprzeda\u017cy od !","breadcrumb":{"@id":"https:\/\/airporttelecom.com\/pl\/esim\/turcja\/#breadcrumb"},"inLanguage":"pl-PL","potentialAction":[{"@type":"ReadAction","target":["https:\/\/airporttelecom.com\/pl\/esim\/turcja\/"]}]},{"@type":"ImageObject","inLanguage":"pl-PL","@id":"https:\/\/airporttelecom.com\/pl\/esim\/turcja\/#primaryimage","url":"https:\/\/airporttelecom.com\/pl\/wp-content\/uploads\/sites\/7\/2024\/06\/Simkaart-Turkije.png","contentUrl":"https:\/\/airporttelecom.com\/pl\/wp-content\/uploads\/sites\/7\/2024\/06\/Simkaart-Turkije.png","width":800,"height":318,"caption":"Karta SIM Turcja"},{"@type":"BreadcrumbList","@id":"https:\/\/airporttelecom.com\/pl\/esim\/turcja\/#breadcrumb","itemListElement":[{"@type":"ListItem","position":1,"name":"Home","item":"https:\/\/airporttelecom.com\/pl\/"},{"@type":"ListItem","position":2,"name":"eSIM","item":"https:\/\/airporttelecom.com\/pl\/esim\/"},{"@type":"ListItem","position":3,"name":"Turcja"}]},{"@type":"WebSite","@id":"https:\/\/airporttelecom.com\/pl\/#website","url":"https:\/\/airporttelecom.com\/pl\/","name":"Airport Telecom","description":"","publisher":{"@id":"https:\/\/airporttelecom.com\/pl\/#organization"},"potentialAction":[{"@type":"SearchAction","target":{"@type":"EntryPoint","urlTemplate":"https:\/\/airporttelecom.com\/pl\/?s={search_term_string}"},"query-input":{"@type":"PropertyValueSpecification","valueRequired":true,"valueName":"search_term_string"}}],"inLanguage":"pl-PL"},{"@type":"Organization","@id":"https:\/\/airporttelecom.com\/pl\/#organization","name":"Airport Telecom","url":"https:\/\/airporttelecom.com\/pl\/","logo":{"@type":"ImageObject","inLanguage":"pl-PL","@id":"https:\/\/airporttelecom.com\/pl\/#\/schema\/logo\/image\/","url":"https:\/\/airporttelecom.com\/pl\/wp-content\/uploads\/sites\/7\/2024\/06\/icon.png?wsr","contentUrl":"https:\/\/airporttelecom.com\/pl\/wp-content\/uploads\/sites\/7\/2024\/06\/icon.png?wsr","width":110,"height":110,"caption":"Airport Telecom"},"image":{"@id":"https:\/\/airporttelecom.com\/pl\/#\/schema\/logo\/image\/"}}]}},"custom_permalink":"esim\/turcja","_links":{"self":[{"href":"https:\/\/airporttelecom.com\/pl\/wp-json\/wp\/v2\/product\/1619","targetHints":{"allow":["GET"]}}],"collection":[{"href":"https:\/\/airporttelecom.com\/pl\/wp-json\/wp\/v2\/product"}],"about":[{"href":"https:\/\/airporttelecom.com\/pl\/wp-json\/wp\/v2\/types\/product"}],"replies":[{"embeddable":true,"href":"https:\/\/airporttelecom.com\/pl\/wp-json\/wp\/v2\/comments?post=1619"}],"wp:featuredmedia":[{"embeddable":true,"href":"https:\/\/airporttelecom.com\/pl\/wp-json\/wp\/v2\/media\/712"}],"wp:attachment":[{"href":"https:\/\/airporttelecom.com\/pl\/wp-json\/wp\/v2\/media?parent=1619"}],"wp:term":[{"taxonomy":"product_brand","embeddable":true,"href":"https:\/\/airporttelecom.com\/pl\/wp-json\/wp\/v2\/product_brand?post=1619"},{"taxonomy":"product_cat","embeddable":true,"href":"https:\/\/airporttelecom.com\/pl\/wp-json\/wp\/v2\/product_cat?post=1619"},{"taxonomy":"product_tag","embeddable":true,"href":"https:\/\/airporttelecom.com\/pl\/wp-json\/wp\/v2\/product_tag?post=1619"}],"curies":[{"name":"wp","href":"https:\/\/api.w.org\/{rel}","templated":true}]}}