{"id":1669,"date":"2024-09-12T10:52:08","date_gmt":"2024-09-12T10:52:08","guid":{"rendered":"https:\/\/airporttelecom.outperforming.nl\/nl\/product\/esim-chili\/"},"modified":"2025-12-03T11:09:48","modified_gmt":"2025-12-03T11:09:48","slug":"eSIM-chili","status":"publish","type":"product","link":"https:\/\/airporttelecom.com\/pl\/esim\/chile\/","title":{"rendered":"eSIM Chile"},"content":{"rendered":"","protected":false},"excerpt":{"rendered":"","protected":false},"featured_media":667,"comment_status":"open","ping_status":"closed","template":"","meta":{"_acf_changed":false},"product_brand":[],"product_cat":[16],"product_tag":[47],"class_list":{"0":"post-1669","1":"product","2":"type-product","3":"status-publish","4":"has-post-thumbnail","6":"product_cat-esim","7":"product_tag-esim-ameryka-poludniowa","9":"first","10":"instock","11":"taxable","12":"shipping-taxable","13":"purchasable","14":"product-type-variable","15":"has-default-attributes"},"acf":{"gebied_afbeelding":620,"vlag_afbeelding":214,"provider":["NEX"],"product_synoniemen":null,"product_bestel_velden":["vertrekdatum"],"product_omschrijving":"<h2><span data-contrast=\"none\">Dost\u0119p do internetu mobilnego z kart\u0105 eSIM do Chile<\/span><\/h2>\r\nZ kart\u0105 eSIM Chile od Airport Telecom, mo\u017cesz by\u0107 dost\u0119pny w ca\u0142ym Chile pod jednym numerem telefonu. Dodatkowo, posiadasz 12 GB lub 30 GB danych. Karty eSIM s\u0105 idealnym rozwi\u0105zaniem do korzystania z internetu. Karta eSIM umo\u017cliwia odbieranie po\u0142\u0105cze\u0144 przychodz\u0105cych w Chile, natomiast standardowe po\u0142\u0105czenia wychodz\u0105ce nie s\u0105 dost\u0119pne. Wszystkie po\u0142\u0105czenia internetowe, takie jak WhatsApp, Skype czy FaceTime, dzia\u0142aj\u0105 bez ogranicze\u0144 i korzystaj\u0105 z Twojego pakietu danych.\r\n<h2><span data-contrast=\"none\">Dost\u0119p do internetu mobilnego podczas podr\u00f3\u017cy do Chile<\/span><\/h2>\r\nNumer telefonu do karty eSIM prepaid, pod kt\u00f3rym pozostajesz osi\u0105galny w Chile, zostanie wys\u0142any SMS-em po aktywacji karty. Jest to numer z prefiksem mi\u0119dzynarodowym (+44). Wybrali\u015bmy go, poniewa\u017c karta eSIM oferuje bardzo dobry pakiet danych w Chile i obs\u0142uguje najwi\u0119ksze chilijskie sieci kom\u00f3rkowe. Dodatkowo karta eSIM nie wymaga rejestracji u\u017cytkownika w Chile.\r\n<h2><span data-contrast=\"none\">WhatsApp z eSIM Chile<\/span><\/h2>\r\n<span data-contrast=\"auto\">Wszystkie po\u0142\u0105czenia internetowe, takie jak WhatsApp, Skype czy FaceTime, s\u0105 oczywi\u015bcie r\u00f3wnie\u017c mo\u017cliwe przy u\u017cyciu karty eSIM do Chile. Mo\u017cesz nadal korzysta\u0107 z WhatsAppa z dotychczasowymi kontaktami, grupami i czatami \u2013 bez utraty historii rozm\u00f3wi. Po zainstalowaniu przedp\u0142aconej karty eSIM aplikacja aplikacja WhatsApp mo\u017ce zapyta\u0107,, czy chcesz utworzy\u0107 nowe konto, czy zachowa\u0107 obecne ustawienia. Wybierz opcj\u0119 zachowania obecnej to\u017csamo\u015bci, aby nic si\u0119 nie zmieni\u0142o. Nast\u0119pnie mo\u017cesz kontynuowa\u0107 wysy\u0142anie wiadomo\u015bci i rozmowy telefoniczne za pomoc\u0105 WhatsApp jak zwykle.<\/span>\r\n<h2>Zasi\u0119g sieci kom\u00f3rkowej i dost\u0119p do internetu mobilnego w Chile z <span class=\"TextRun SCXW139418110 BCX0\" lang=\"NL-NL\" xml:lang=\"NL-NL\" data-contrast=\"none\"><span class=\"SpellingError SCXW139418110 BCX0\">eSIM<\/span><\/span><\/h2>\r\nChile to rozleg\u0142y i zr\u00f3\u017cnicowany kraj, w kt\u00f3rym eSIM Airport Telecom oferuje silny zasi\u0119g. Dotyczy to szczeg\u00f3lnie Santiago z t\u0119tni\u0105cym \u017cyciem Barrio Bellavista i panoramicznymi widokami z Cerro San Crist\u00f3bal. Poznaj kolorowe Valpara\u00edso i odwied\u017a La Sebastiana, kultowy dom Pablo Nerudy. Podczas podziwiania zapieraj\u0105cych dech w piersiach solnisk Salar de Atacama i gejzer\u00f3w Tatio na pustyni Atacama, zasi\u0119g mo\u017ce si\u0119 r\u00f3\u017cni\u0107, poniewa\u017c s\u0105 to mniej zaludnione obszary. Na wyspie Chilo\u00e9 z jej urokliwymi palafitos i naturalnym pi\u0119knem jest dobry internet mobilny. W Iquique i innych obszarach miejskich zasi\u0119g r\u00f3wnie\u017c jest dobry. Nale\u017cy pami\u0119ta\u0107, \u017ce odleg\u0142e obszary, takie jak Andy i Park Narodowy Lauca, mog\u0105 mie\u0107 mniejszy zasi\u0119g.\r\n<h2><span data-contrast=\"none\">Chile eSIM otrzymany drog\u0105 mailow\u0105<\/span><\/h2>\r\n<span data-contrast=\"none\">Kart\u0119 eSIM do Chile otrzymasz poczt\u0105 elektroniczn\u0105. To szybkie i proste rozwi\u0105zanie \u2013 dost\u0119pne, gdy jeste\u015b ju\u017c w Chile lub wkr\u00f3tce wyruszasz w podr\u00f3\u017c.<\/span>","product_specificaties":"<h2>Zalety eSIM Chile<\/h2>\r\nKart\u0119 eSIM do Chile otrzymasz e-mailem. Jest to kod QR, kt\u00f3ry nale\u017cy zeskanowa\u0107 telefonem. Mo\u017cesz to zrobi\u0107 nawet je\u015bli ju\u017c jeste\u015b w Chile lub wyje\u017cd\u017casz z bardzo kr\u00f3tkim wyprzedzeniem.\r\n\r\nZalet\u0105 eSIM jest mo\u017cliwo\u015b\u0107 korzystania z transmisji danych w Chile za po\u015brednictwem pakietu prepaid, pozostaj\u0105c jednocze\u015bnie dost\u0119pnym pod swoim numerem kom\u00f3rkowym.\r\n\r\nKarta eSIM mo\u017ce by\u0107 u\u017cywana tylko w smartfonach obs\u0142uguj\u0105cych t\u0119 technologi\u0119. Przed wyborem sprawd\u017a kompatybilno\u015b\u0107 swojego urz\u0105dzenia. eSIM dzia\u0142a w modelach iPhone XS, XS Max, XR, iPhone 11 oraz nowszych. Je\u015bli Tw\u00f3j telefon nie obs\u0142uguje eSIM, wybierz fizyczn\u0105 kart\u0119 SIM.\r\n\r\n&nbsp;\r\n<h2>Dane mobilne i po\u0142\u0105czenia w Chile<\/h2>\r\ndost\u0119pne s\u0105 dwa warianty karty eSIM Chile:\r\n\r\n&nbsp;\r\n<h3>12GB danych \u20ac 36,=<\/h3>\r\n<span class=\"Y2IQFc\" lang=\"pl\">w tym 12GB danych<\/span>\r\n\r\n&nbsp;\r\n<h3>30GB danych \u20ac 57,=<\/h3>\r\n<span class=\"Y2IQFc\" lang=\"pl\">w tym 30GB danych<\/span>\r\n\r\n&nbsp;\r\n\r\nPakiety danych s\u0105 wa\u017cne 30 dni od momentu aktywacji.","product_handleiding":"","product_veelgestelde_vragen":[{"vraag":"Kt\u00f3ry eSIM wybra\u0107 do Chile? ","antwoord":"Na kr\u00f3tki, kilkudniowy pobyt prawdopodobnie nie b\u0119dziesz potrzebowa\u0107 du\u017cej ilo\u015bci danych. Pakiet 12GB danych na Chile powinien w takim przypadku wystarczy\u0107.. Aplikacje takie jak WhatsApp, Instagram czy nawigacja nie zu\u017cywaj\u0105 du\u017co danych. Je\u015bli planujesz d\u0142u\u017cszy pobyt, warto wybra\u0107 pakiet 30GB, kt\u00f3ry na pewno zapewni Ci wystarczaj\u0105c\u0105 ilo\u015b\u0107 danych."},{"vraag":"Gdzie najlepiej kupi\u0107 eSIM do Chile? ","antwoord":"Kup online kart\u0119 eSIM do Chile od Airport Telecom. Kart\u0119 eSIM otrzymasz poczt\u0105 elektroniczn\u0105. Jest to kod QR, kt\u00f3ry nale\u017cy zeskanowa\u0107 telefonem. Mo\u017cesz to zrobi\u0107, nawet je\u015bli jeste\u015b ju\u017c w Chile lub wkr\u00f3tce wyruszasz w podr\u00f3\u017c. "}]},"yoast_head":"<!-- This site is optimized with the Yoast SEO Premium plugin v24.4 (Yoast SEO v26.9) - https:\/\/yoast.com\/product\/yoast-seo-premium-wordpress\/ -->\n<title>eSIM Chile kupi\u0107 przedp\u0142acony pakiet (nieograniczone) po\u0142\u0105czenia i internet - Airport Telecom PL<\/title>\n<meta name=\"description\" content=\"Szukasz karty przedp\u0142aconej eSIM Chile na (nieograniczone) rozmowy i internet? Optymalna dost\u0119pno\u015b\u0107 podczas podr\u00f3\u017cy w eSIM Ameryka Po\u0142udniowa. Ju\u017c w sprzeda\u017cy od !\" \/>\n<meta name=\"robots\" content=\"index, follow, max-snippet:-1, max-image-preview:large, max-video-preview:-1\" \/>\n<link rel=\"canonical\" href=\"https:\/\/airporttelecom.com\/pl\/esim\/chile\/\" \/>\n<meta property=\"og:locale\" content=\"pl_PL\" \/>\n<meta property=\"og:type\" content=\"article\" \/>\n<meta property=\"og:title\" content=\"eSIM Chile\" \/>\n<meta property=\"og:description\" content=\"Szukasz karty przedp\u0142aconej eSIM Chile na (nieograniczone) rozmowy i internet? Optymalna dost\u0119pno\u015b\u0107 podczas podr\u00f3\u017cy w eSIM Ameryka Po\u0142udniowa. Ju\u017c w sprzeda\u017cy od !\" \/>\n<meta property=\"og:url\" content=\"https:\/\/airporttelecom.com\/pl\/esim\/chile\/\" \/>\n<meta property=\"og:site_name\" content=\"Airport Telecom PL\" \/>\n<meta property=\"article:modified_time\" content=\"2025-12-03T11:09:48+00:00\" \/>\n<meta property=\"og:image\" content=\"https:\/\/airporttelecom.com\/pl\/wp-content\/uploads\/sites\/7\/2024\/06\/Simkaart-Chili.png?wsr\" \/>\n\t<meta property=\"og:image:width\" content=\"800\" \/>\n\t<meta property=\"og:image:height\" content=\"318\" \/>\n\t<meta property=\"og:image:type\" content=\"image\/png\" \/>\n<meta name=\"twitter:card\" content=\"summary_large_image\" \/>\n<meta name=\"twitter:label1\" content=\"Szacowany czas czytania\" \/>\n\t<meta name=\"twitter:data1\" content=\"1 minuta\" \/>\n<script type=\"application\/ld+json\" class=\"yoast-schema-graph\">{\"@context\":\"https:\/\/schema.org\",\"@graph\":[{\"@type\":\"WebPage\",\"@id\":\"https:\/\/airporttelecom.com\/pl\/esim\/chile\/\",\"url\":\"https:\/\/airporttelecom.com\/pl\/esim\/chile\/\",\"name\":\"eSIM Chile kupi\u0107 przedp\u0142acony pakiet (nieograniczone) po\u0142\u0105czenia i internet - Airport Telecom PL\",\"isPartOf\":{\"@id\":\"https:\/\/airporttelecom.com\/pl\/#website\"},\"primaryImageOfPage\":{\"@id\":\"https:\/\/airporttelecom.com\/pl\/esim\/chile\/#primaryimage\"},\"image\":{\"@id\":\"https:\/\/airporttelecom.com\/pl\/esim\/chile\/#primaryimage\"},\"thumbnailUrl\":\"https:\/\/airporttelecom.com\/pl\/wp-content\/uploads\/sites\/7\/2024\/06\/Simkaart-Chili.png\",\"datePublished\":\"2024-09-12T10:52:08+00:00\",\"dateModified\":\"2025-12-03T11:09:48+00:00\",\"description\":\"Szukasz karty przedp\u0142aconej eSIM Chile na (nieograniczone) rozmowy i internet? Optymalna dost\u0119pno\u015b\u0107 podczas podr\u00f3\u017cy w eSIM Ameryka Po\u0142udniowa. Ju\u017c w sprzeda\u017cy od !\",\"breadcrumb\":{\"@id\":\"https:\/\/airporttelecom.com\/pl\/esim\/chile\/#breadcrumb\"},\"inLanguage\":\"pl-PL\",\"potentialAction\":[{\"@type\":\"ReadAction\",\"target\":[\"https:\/\/airporttelecom.com\/pl\/esim\/chile\/\"]}]},{\"@type\":\"ImageObject\",\"inLanguage\":\"pl-PL\",\"@id\":\"https:\/\/airporttelecom.com\/pl\/esim\/chile\/#primaryimage\",\"url\":\"https:\/\/airporttelecom.com\/pl\/wp-content\/uploads\/sites\/7\/2024\/06\/Simkaart-Chili.png\",\"contentUrl\":\"https:\/\/airporttelecom.com\/pl\/wp-content\/uploads\/sites\/7\/2024\/06\/Simkaart-Chili.png\",\"width\":800,\"height\":318,\"caption\":\"Karta SIM Chile\"},{\"@type\":\"BreadcrumbList\",\"@id\":\"https:\/\/airporttelecom.com\/pl\/esim\/chile\/#breadcrumb\",\"itemListElement\":[{\"@type\":\"ListItem\",\"position\":1,\"name\":\"Home\",\"item\":\"https:\/\/airporttelecom.com\/pl\/\"},{\"@type\":\"ListItem\",\"position\":2,\"name\":\"eSIM\",\"item\":\"https:\/\/airporttelecom.com\/pl\/esim\/\"},{\"@type\":\"ListItem\",\"position\":3,\"name\":\"Chile\"}]},{\"@type\":\"WebSite\",\"@id\":\"https:\/\/airporttelecom.com\/pl\/#website\",\"url\":\"https:\/\/airporttelecom.com\/pl\/\",\"name\":\"Airport Telecom\",\"description\":\"\",\"publisher\":{\"@id\":\"https:\/\/airporttelecom.com\/pl\/#organization\"},\"potentialAction\":[{\"@type\":\"SearchAction\",\"target\":{\"@type\":\"EntryPoint\",\"urlTemplate\":\"https:\/\/airporttelecom.com\/pl\/?s={search_term_string}\"},\"query-input\":{\"@type\":\"PropertyValueSpecification\",\"valueRequired\":true,\"valueName\":\"search_term_string\"}}],\"inLanguage\":\"pl-PL\"},{\"@type\":\"Organization\",\"@id\":\"https:\/\/airporttelecom.com\/pl\/#organization\",\"name\":\"Airport Telecom\",\"url\":\"https:\/\/airporttelecom.com\/pl\/\",\"logo\":{\"@type\":\"ImageObject\",\"inLanguage\":\"pl-PL\",\"@id\":\"https:\/\/airporttelecom.com\/pl\/#\/schema\/logo\/image\/\",\"url\":\"https:\/\/airporttelecom.com\/pl\/wp-content\/uploads\/sites\/7\/2024\/06\/icon.png?wsr\",\"contentUrl\":\"https:\/\/airporttelecom.com\/pl\/wp-content\/uploads\/sites\/7\/2024\/06\/icon.png?wsr\",\"width\":110,\"height\":110,\"caption\":\"Airport Telecom\"},\"image\":{\"@id\":\"https:\/\/airporttelecom.com\/pl\/#\/schema\/logo\/image\/\"}}]}<\/script>\n<!-- \/ Yoast SEO Premium plugin. -->","yoast_head_json":{"title":"eSIM Chile kupi\u0107 przedp\u0142acony pakiet (nieograniczone) po\u0142\u0105czenia i internet - Airport Telecom PL","description":"Szukasz karty przedp\u0142aconej eSIM Chile na (nieograniczone) rozmowy i internet? Optymalna dost\u0119pno\u015b\u0107 podczas podr\u00f3\u017cy w eSIM Ameryka Po\u0142udniowa. Ju\u017c w sprzeda\u017cy od !","robots":{"index":"index","follow":"follow","max-snippet":"max-snippet:-1","max-image-preview":"max-image-preview:large","max-video-preview":"max-video-preview:-1"},"canonical":"https:\/\/airporttelecom.com\/pl\/esim\/chile\/","og_locale":"pl_PL","og_type":"article","og_title":"eSIM Chile","og_description":"Szukasz karty przedp\u0142aconej eSIM Chile na (nieograniczone) rozmowy i internet? Optymalna dost\u0119pno\u015b\u0107 podczas podr\u00f3\u017cy w eSIM Ameryka Po\u0142udniowa. Ju\u017c w sprzeda\u017cy od !","og_url":"https:\/\/airporttelecom.com\/pl\/esim\/chile\/","og_site_name":"Airport Telecom PL","article_modified_time":"2025-12-03T11:09:48+00:00","og_image":[{"width":800,"height":318,"url":"https:\/\/airporttelecom.com\/pl\/wp-content\/uploads\/sites\/7\/2024\/06\/Simkaart-Chili.png?wsr","type":"image\/png"}],"twitter_card":"summary_large_image","twitter_misc":{"Szacowany czas czytania":"1 minuta"},"schema":{"@context":"https:\/\/schema.org","@graph":[{"@type":"WebPage","@id":"https:\/\/airporttelecom.com\/pl\/esim\/chile\/","url":"https:\/\/airporttelecom.com\/pl\/esim\/chile\/","name":"eSIM Chile kupi\u0107 przedp\u0142acony pakiet (nieograniczone) po\u0142\u0105czenia i internet - Airport Telecom PL","isPartOf":{"@id":"https:\/\/airporttelecom.com\/pl\/#website"},"primaryImageOfPage":{"@id":"https:\/\/airporttelecom.com\/pl\/esim\/chile\/#primaryimage"},"image":{"@id":"https:\/\/airporttelecom.com\/pl\/esim\/chile\/#primaryimage"},"thumbnailUrl":"https:\/\/airporttelecom.com\/pl\/wp-content\/uploads\/sites\/7\/2024\/06\/Simkaart-Chili.png","datePublished":"2024-09-12T10:52:08+00:00","dateModified":"2025-12-03T11:09:48+00:00","description":"Szukasz karty przedp\u0142aconej eSIM Chile na (nieograniczone) rozmowy i internet? Optymalna dost\u0119pno\u015b\u0107 podczas podr\u00f3\u017cy w eSIM Ameryka Po\u0142udniowa. Ju\u017c w sprzeda\u017cy od !","breadcrumb":{"@id":"https:\/\/airporttelecom.com\/pl\/esim\/chile\/#breadcrumb"},"inLanguage":"pl-PL","potentialAction":[{"@type":"ReadAction","target":["https:\/\/airporttelecom.com\/pl\/esim\/chile\/"]}]},{"@type":"ImageObject","inLanguage":"pl-PL","@id":"https:\/\/airporttelecom.com\/pl\/esim\/chile\/#primaryimage","url":"https:\/\/airporttelecom.com\/pl\/wp-content\/uploads\/sites\/7\/2024\/06\/Simkaart-Chili.png","contentUrl":"https:\/\/airporttelecom.com\/pl\/wp-content\/uploads\/sites\/7\/2024\/06\/Simkaart-Chili.png","width":800,"height":318,"caption":"Karta SIM Chile"},{"@type":"BreadcrumbList","@id":"https:\/\/airporttelecom.com\/pl\/esim\/chile\/#breadcrumb","itemListElement":[{"@type":"ListItem","position":1,"name":"Home","item":"https:\/\/airporttelecom.com\/pl\/"},{"@type":"ListItem","position":2,"name":"eSIM","item":"https:\/\/airporttelecom.com\/pl\/esim\/"},{"@type":"ListItem","position":3,"name":"Chile"}]},{"@type":"WebSite","@id":"https:\/\/airporttelecom.com\/pl\/#website","url":"https:\/\/airporttelecom.com\/pl\/","name":"Airport Telecom","description":"","publisher":{"@id":"https:\/\/airporttelecom.com\/pl\/#organization"},"potentialAction":[{"@type":"SearchAction","target":{"@type":"EntryPoint","urlTemplate":"https:\/\/airporttelecom.com\/pl\/?s={search_term_string}"},"query-input":{"@type":"PropertyValueSpecification","valueRequired":true,"valueName":"search_term_string"}}],"inLanguage":"pl-PL"},{"@type":"Organization","@id":"https:\/\/airporttelecom.com\/pl\/#organization","name":"Airport Telecom","url":"https:\/\/airporttelecom.com\/pl\/","logo":{"@type":"ImageObject","inLanguage":"pl-PL","@id":"https:\/\/airporttelecom.com\/pl\/#\/schema\/logo\/image\/","url":"https:\/\/airporttelecom.com\/pl\/wp-content\/uploads\/sites\/7\/2024\/06\/icon.png?wsr","contentUrl":"https:\/\/airporttelecom.com\/pl\/wp-content\/uploads\/sites\/7\/2024\/06\/icon.png?wsr","width":110,"height":110,"caption":"Airport Telecom"},"image":{"@id":"https:\/\/airporttelecom.com\/pl\/#\/schema\/logo\/image\/"}}]}},"custom_permalink":"esim\/chile","_links":{"self":[{"href":"https:\/\/airporttelecom.com\/pl\/wp-json\/wp\/v2\/product\/1669","targetHints":{"allow":["GET"]}}],"collection":[{"href":"https:\/\/airporttelecom.com\/pl\/wp-json\/wp\/v2\/product"}],"about":[{"href":"https:\/\/airporttelecom.com\/pl\/wp-json\/wp\/v2\/types\/product"}],"replies":[{"embeddable":true,"href":"https:\/\/airporttelecom.com\/pl\/wp-json\/wp\/v2\/comments?post=1669"}],"wp:featuredmedia":[{"embeddable":true,"href":"https:\/\/airporttelecom.com\/pl\/wp-json\/wp\/v2\/media\/667"}],"wp:attachment":[{"href":"https:\/\/airporttelecom.com\/pl\/wp-json\/wp\/v2\/media?parent=1669"}],"wp:term":[{"taxonomy":"product_brand","embeddable":true,"href":"https:\/\/airporttelecom.com\/pl\/wp-json\/wp\/v2\/product_brand?post=1669"},{"taxonomy":"product_cat","embeddable":true,"href":"https:\/\/airporttelecom.com\/pl\/wp-json\/wp\/v2\/product_cat?post=1669"},{"taxonomy":"product_tag","embeddable":true,"href":"https:\/\/airporttelecom.com\/pl\/wp-json\/wp\/v2\/product_tag?post=1669"}],"curies":[{"name":"wp","href":"https:\/\/api.w.org\/{rel}","templated":true}]}}