{"id":1675,"date":"2024-09-12T10:52:09","date_gmt":"2024-09-12T10:52:09","guid":{"rendered":"https:\/\/airporttelecom.outperforming.nl\/nl\/product\/esim-argentinie\/"},"modified":"2026-02-18T14:28:43","modified_gmt":"2026-02-18T14:28:43","slug":"eSIM-argentinie","status":"publish","type":"product","link":"https:\/\/airporttelecom.com\/pl\/esim\/argentyna\/","title":{"rendered":"eSIM Argentyna"},"content":{"rendered":"","protected":false},"excerpt":{"rendered":"","protected":false},"featured_media":661,"comment_status":"open","ping_status":"closed","template":"","meta":{"_acf_changed":false},"product_brand":[],"product_cat":[16],"product_tag":[47],"class_list":{"0":"post-1675","1":"product","2":"type-product","3":"status-publish","4":"has-post-thumbnail","6":"product_cat-esim","7":"product_tag-esim-ameryka-poludniowa","9":"first","10":"instock","11":"taxable","12":"shipping-taxable","13":"purchasable","14":"product-type-variable","15":"has-default-attributes"},"acf":{"gebied_afbeelding":567,"vlag_afbeelding":210,"provider":["NEX"],"product_synoniemen":null,"product_bestel_velden":["vertrekdatum"],"product_omschrijving":"<h2><span data-contrast=\"none\">Dost\u0119p do internetu mobilnego z kart\u0105 eSIM Argentyna<\/span><\/h2>\r\n<span data-contrast=\"auto\">Dzi\u0119ki karcie eSIM Argentyna od Airport Telecom mo\u017cesz korzysta\u0107 z mobilnego internetu w ca\u0142ej Argentynie. Oferujemy pakiety danych i po\u0142\u0105cze\u0144 dostosowane do indywidualnych potrzeb. Pakiety danych to idealne rozwi\u0105zanie do korzystania z internetu w podr\u00f3\u017cy. Dzi\u0119ki szybkiemu i stabilnemu po\u0142\u0105czeniu 4G\/5G zapewniaj\u0105 wygodny dost\u0119p do poczty e-mail, WhatsAppa, nawigacji GPS oraz innych aplikacji mobilnych.<\/span>\r\n<h2><span data-contrast=\"none\">Dost\u0119p do internetu mobilnego podczas podr\u00f3\u017cy do Argentyny<\/span><\/h2>\r\nKarta eSIM do Argentyny zawiera pakiet danych 5 GB i 20 GB.\r\n<h2><span data-contrast=\"none\">WhatsApp z eSIM Argentyna<\/span><\/h2>\r\n<span data-contrast=\"auto\">Wszystkie po\u0142\u0105czenia internetowe, takie jak WhatsApp, Skype czy FaceTime, s\u0105 oczywi\u015bcie mo\u017cliwe r\u00f3wnie\u017c z kartami eSIM do Argentyny B\u0119dziesz wtedy korzysta\u0107 z pakietu danych na karcie eSIM. Mo\u017cesz nadal korzysta\u0107 z WhatsAppa z dotychczasowymi kontaktami, grupami i czatami \u2013 bez utraty historii rozm\u00f3wi. Po zainstalowaniu przedp\u0142aconej karty eSIM aplikacja aplikacja WhatsApp mo\u017ce zapyta\u0107,, czy chcesz utworzy\u0107 nowe konto, czy zachowa\u0107 obecne ustawienia. Wybierz opcj\u0119 zachowania obecnej to\u017csamo\u015bci, aby nic si\u0119 nie zmieni\u0142o. Mo\u017cesz wysy\u0142ac wiadomo\u015bci i rozmawiac przez WhatsAppa tak, jak w Polsce.<\/span>\r\n<h2>Zasi\u0119g sieci kom\u00f3rkowej i dost\u0119p do internetu mobilnego w Argentynie<\/h2>\r\nArgentyna oferuje doskona\u0142y zasi\u0119g kom\u00f3rkowy z kart\u0105 <span class=\"TextRun SCXW139418110 BCX0\" lang=\"NL-NL\" xml:lang=\"NL-NL\" data-contrast=\"none\"><span class=\"SpellingError SCXW139418110 BCX0\">eSIM<\/span><\/span> w g\u0119sto zaludnionych miastach, takich jak Buenos Aires, Rosario i Mendoza. Tutaj telefon kom\u00f3rkowy dzia\u0142a doskonale do po\u0142\u0105cze\u0144, SMS-\u00f3w i danych, dzi\u0119ki czemu mo\u017cna \u0142atwo korzysta\u0107 z WhatsApp i Instagramaa. Jednak poza obszarami miejskimi, w odleg\u0142ych obszarach naturalnych, takich jak Esteros del Iber\u00e1, Quebrada de Humahuaca, Park Narodowy Talampaya i Patagonia, zasi\u0119g jest ograniczony. W ruchliwych miejscach turystycznych, takich jak Playe del Carmen, mo\u017cna cieszy\u0107 si\u0119 niezawodn\u0105 \u0142\u0105czno\u015bci\u0105 kom\u00f3rkow\u0105. W winnicach wok\u00f3\u0142 Mendozy mo\u017cesz bez problemu udost\u0119pnia\u0107 zdj\u0119cia, a w Buenos Aires b\u0119dziesz mie\u0107 stabilne po\u0142\u0105czenie podczas odwiedzania pokaz\u00f3w tanga, zwiedzania starej dzielnicy San Telmo, picia drinka w Caf\u00e9 Tortoni lub podziwiania Palacio Barolo.\r\n<h2><span data-contrast=\"none\">Otrzymaj argenty\u0144sk\u0105 kart\u0119 eSIM drog\u0105 mailow\u0105<\/span><\/h2>\r\n<span data-contrast=\"none\">Kart\u0119 eSIM do Argentyny otrzymasz poczt\u0105 elektroniczn\u0105. To szybkie i wygodne rozwi\u0105zanie \u2013 mo\u017cesz aktywowa\u0107 eSIM nawet wtedy, gdy jeste\u015b ju\u017c w Argentynie lub wkr\u00f3tce wyruszasz w podr\u00f3\u017c.<\/span>","product_specificaties":"<h2><span data-contrast=\"none\">Zalety eSIM Argentyna<\/span><\/h2>\r\nKart\u0119 eSIM do Argentyny otrzymasz e-mailem. Jest to kod QR, kt\u00f3ry nale\u017cy zeskanowa\u0107 telefonem. Mo\u017cesz to zrobi\u0107 nawet je\u015bli ju\u017c jeste\u015b w Argentynie lub planujesz wyjazd w kr\u00f3tkim terminie\r\n\r\nZalet\u0105 eSIM jest mo\u017cliwo\u015b\u0107 korzystania z transmisji danych w Argentynie w ramach pakietu prepaid, przy jednoczesnym zachowaniu dost\u0119pno\u015bci pod swoim polskim numerem telefonu kom\u00f3rkowego..\r\n\r\nKarta eSIM mo\u017ce by\u0107 u\u017cywana tylko w smartfonach obs\u0142uguj\u0105cych t\u0119 technologi\u0119. Przed wyborem sprawd\u017a kompatybilno\u015b\u0107 swojego urz\u0105dzenia. eSIM dzia\u0142a w modelach iPhone XS, XS Max, XR, iPhone 11 oraz nowszych. Je\u015bli Tw\u00f3j telefon nie obs\u0142uguje eSIM, wybierz fizyczn\u0105 kart\u0119 SIM.\r\n<h2><span data-contrast=\"none\">Dane mobilne i po\u0142\u0105czenia w Argentynie<\/span><\/h2>\r\n<span data-contrast=\"auto\">dost\u0119pne s\u0105 dwa warianty eSIM Argentyna:<\/span>\r\n\r\n&nbsp;\r\n<h3>5GB danych <span data-contrast=\"none\">\u20ac 33,=<\/span><\/h3>\r\n5GB danych w cenie\r\n\r\n&nbsp;\r\n<h3>20GB danych <span data-contrast=\"none\">\u20ac 57,=<\/span><\/h3>\r\n20GB danych w cenie\r\n\r\n&nbsp;\r\n\r\nPakiety danych s\u0105 wa\u017cne 30 dni od momentu aktywacji.\r\n\r\n&nbsp;","product_handleiding":"","product_veelgestelde_vragen":[{"vraag":"Kt\u00f3ry eSIM wybra\u0107 do Argentyny ","antwoord":"Na kr\u00f3tki, kilkudniowy pobyt prawdopodobnie nie b\u0119dziesz potrzebowa\u0107 du\u017cej ilo\u015bci danych. Pakiet 5 GB danych dla Argentyny powinien w takim przypadku wystarczy\u0107. Aplikacje takie jak WhatsApp, Instagram czy nawigacja nie zu\u017cywaj\u0105 du\u017co danych. Je\u015bli planujesz d\u0142u\u017cszy pobyt, warto wybra\u0107 pakiet 20 GB, kt\u00f3ry na pewno zapewni Ci wystarczaj\u0105c\u0105 ilo\u015b\u0107 danych."},{"vraag":"Gdzie najlepiej kupi\u0107 eSIM do Argentyny? ","antwoord":"Kup online kart\u0119 eSIM do Argentyna od Airport Telecom. Kart\u0119 eSIM otrzymasz poczt\u0105 elektroniczn\u0105. Jest to kod QR, kt\u00f3ry nale\u017cy zeskanowa\u0107 telefonem. Mo\u017cesz to zrobi\u0107, nawet je\u015bli jeste\u015b ju\u017c w Argentynie lub wkr\u00f3tce wyruszasz w podr\u00f3\u017c. "}]},"yoast_head":"<!-- This site is optimized with the Yoast SEO Premium plugin v24.4 (Yoast SEO v26.9) - https:\/\/yoast.com\/product\/yoast-seo-premium-wordpress\/ -->\n<title>eSIM Argentyna kupi\u0107 przedp\u0142acony pakiet (nieograniczone) po\u0142\u0105czenia i internet - Airport Telecom PL<\/title>\n<meta name=\"description\" content=\"Szukasz karty przedp\u0142aconej eSIM Argentyna na (nieograniczone) rozmowy i internet? Optymalna dost\u0119pno\u015b\u0107 podczas podr\u00f3\u017cy w eSIM Ameryka Po\u0142udniowa. Ju\u017c w sprzeda\u017cy od !\" \/>\n<meta name=\"robots\" content=\"index, follow, max-snippet:-1, max-image-preview:large, max-video-preview:-1\" \/>\n<link rel=\"canonical\" href=\"https:\/\/airporttelecom.com\/pl\/esim\/argentyna\/\" \/>\n<meta property=\"og:locale\" content=\"pl_PL\" \/>\n<meta property=\"og:type\" content=\"article\" \/>\n<meta property=\"og:title\" content=\"eSIM Argentyna\" \/>\n<meta property=\"og:description\" content=\"Szukasz karty przedp\u0142aconej eSIM Argentyna na (nieograniczone) rozmowy i internet? Optymalna dost\u0119pno\u015b\u0107 podczas podr\u00f3\u017cy w eSIM Ameryka Po\u0142udniowa. Ju\u017c w sprzeda\u017cy od !\" \/>\n<meta property=\"og:url\" content=\"https:\/\/airporttelecom.com\/pl\/esim\/argentyna\/\" \/>\n<meta property=\"og:site_name\" content=\"Airport Telecom PL\" \/>\n<meta property=\"article:modified_time\" content=\"2026-02-18T14:28:43+00:00\" \/>\n<meta property=\"og:image\" content=\"https:\/\/airporttelecom.com\/pl\/wp-content\/uploads\/sites\/7\/2024\/06\/Simkaart-Argentinie.png\" \/>\n\t<meta property=\"og:image:width\" content=\"800\" \/>\n\t<meta property=\"og:image:height\" content=\"318\" \/>\n\t<meta property=\"og:image:type\" content=\"image\/png\" \/>\n<meta name=\"twitter:card\" content=\"summary_large_image\" \/>\n<meta name=\"twitter:label1\" content=\"Szacowany czas czytania\" \/>\n\t<meta name=\"twitter:data1\" content=\"1 minuta\" \/>\n<script type=\"application\/ld+json\" class=\"yoast-schema-graph\">{\"@context\":\"https:\/\/schema.org\",\"@graph\":[{\"@type\":\"WebPage\",\"@id\":\"https:\/\/airporttelecom.com\/pl\/esim\/argentyna\/\",\"url\":\"https:\/\/airporttelecom.com\/pl\/esim\/argentyna\/\",\"name\":\"eSIM Argentyna kupi\u0107 przedp\u0142acony pakiet (nieograniczone) po\u0142\u0105czenia i internet - Airport Telecom PL\",\"isPartOf\":{\"@id\":\"https:\/\/airporttelecom.com\/pl\/#website\"},\"primaryImageOfPage\":{\"@id\":\"https:\/\/airporttelecom.com\/pl\/esim\/argentyna\/#primaryimage\"},\"image\":{\"@id\":\"https:\/\/airporttelecom.com\/pl\/esim\/argentyna\/#primaryimage\"},\"thumbnailUrl\":\"https:\/\/airporttelecom.com\/pl\/wp-content\/uploads\/sites\/7\/2024\/06\/Simkaart-Argentinie.png\",\"datePublished\":\"2024-09-12T10:52:09+00:00\",\"dateModified\":\"2026-02-18T14:28:43+00:00\",\"description\":\"Szukasz karty przedp\u0142aconej eSIM Argentyna na (nieograniczone) rozmowy i internet? Optymalna dost\u0119pno\u015b\u0107 podczas podr\u00f3\u017cy w eSIM Ameryka Po\u0142udniowa. Ju\u017c w sprzeda\u017cy od !\",\"breadcrumb\":{\"@id\":\"https:\/\/airporttelecom.com\/pl\/esim\/argentyna\/#breadcrumb\"},\"inLanguage\":\"pl-PL\",\"potentialAction\":[{\"@type\":\"ReadAction\",\"target\":[\"https:\/\/airporttelecom.com\/pl\/esim\/argentyna\/\"]}]},{\"@type\":\"ImageObject\",\"inLanguage\":\"pl-PL\",\"@id\":\"https:\/\/airporttelecom.com\/pl\/esim\/argentyna\/#primaryimage\",\"url\":\"https:\/\/airporttelecom.com\/pl\/wp-content\/uploads\/sites\/7\/2024\/06\/Simkaart-Argentinie.png\",\"contentUrl\":\"https:\/\/airporttelecom.com\/pl\/wp-content\/uploads\/sites\/7\/2024\/06\/Simkaart-Argentinie.png\",\"width\":800,\"height\":318,\"caption\":\"Karta SIM Argentyna\"},{\"@type\":\"BreadcrumbList\",\"@id\":\"https:\/\/airporttelecom.com\/pl\/esim\/argentyna\/#breadcrumb\",\"itemListElement\":[{\"@type\":\"ListItem\",\"position\":1,\"name\":\"Home\",\"item\":\"https:\/\/airporttelecom.com\/pl\/\"},{\"@type\":\"ListItem\",\"position\":2,\"name\":\"eSIM\",\"item\":\"https:\/\/airporttelecom.com\/pl\/esim\/\"},{\"@type\":\"ListItem\",\"position\":3,\"name\":\"Argentyna\"}]},{\"@type\":\"WebSite\",\"@id\":\"https:\/\/airporttelecom.com\/pl\/#website\",\"url\":\"https:\/\/airporttelecom.com\/pl\/\",\"name\":\"Airport Telecom\",\"description\":\"\",\"publisher\":{\"@id\":\"https:\/\/airporttelecom.com\/pl\/#organization\"},\"potentialAction\":[{\"@type\":\"SearchAction\",\"target\":{\"@type\":\"EntryPoint\",\"urlTemplate\":\"https:\/\/airporttelecom.com\/pl\/?s={search_term_string}\"},\"query-input\":{\"@type\":\"PropertyValueSpecification\",\"valueRequired\":true,\"valueName\":\"search_term_string\"}}],\"inLanguage\":\"pl-PL\"},{\"@type\":\"Organization\",\"@id\":\"https:\/\/airporttelecom.com\/pl\/#organization\",\"name\":\"Airport Telecom\",\"url\":\"https:\/\/airporttelecom.com\/pl\/\",\"logo\":{\"@type\":\"ImageObject\",\"inLanguage\":\"pl-PL\",\"@id\":\"https:\/\/airporttelecom.com\/pl\/#\/schema\/logo\/image\/\",\"url\":\"https:\/\/airporttelecom.com\/pl\/wp-content\/uploads\/sites\/7\/2024\/06\/icon.png?wsr\",\"contentUrl\":\"https:\/\/airporttelecom.com\/pl\/wp-content\/uploads\/sites\/7\/2024\/06\/icon.png?wsr\",\"width\":110,\"height\":110,\"caption\":\"Airport Telecom\"},\"image\":{\"@id\":\"https:\/\/airporttelecom.com\/pl\/#\/schema\/logo\/image\/\"}}]}<\/script>\n<!-- \/ Yoast SEO Premium plugin. -->","yoast_head_json":{"title":"eSIM Argentyna kupi\u0107 przedp\u0142acony pakiet (nieograniczone) po\u0142\u0105czenia i internet - Airport Telecom PL","description":"Szukasz karty przedp\u0142aconej eSIM Argentyna na (nieograniczone) rozmowy i internet? Optymalna dost\u0119pno\u015b\u0107 podczas podr\u00f3\u017cy w eSIM Ameryka Po\u0142udniowa. Ju\u017c w sprzeda\u017cy od !","robots":{"index":"index","follow":"follow","max-snippet":"max-snippet:-1","max-image-preview":"max-image-preview:large","max-video-preview":"max-video-preview:-1"},"canonical":"https:\/\/airporttelecom.com\/pl\/esim\/argentyna\/","og_locale":"pl_PL","og_type":"article","og_title":"eSIM Argentyna","og_description":"Szukasz karty przedp\u0142aconej eSIM Argentyna na (nieograniczone) rozmowy i internet? Optymalna dost\u0119pno\u015b\u0107 podczas podr\u00f3\u017cy w eSIM Ameryka Po\u0142udniowa. Ju\u017c w sprzeda\u017cy od !","og_url":"https:\/\/airporttelecom.com\/pl\/esim\/argentyna\/","og_site_name":"Airport Telecom PL","article_modified_time":"2026-02-18T14:28:43+00:00","og_image":[{"width":800,"height":318,"url":"https:\/\/airporttelecom.com\/pl\/wp-content\/uploads\/sites\/7\/2024\/06\/Simkaart-Argentinie.png","type":"image\/png"}],"twitter_card":"summary_large_image","twitter_misc":{"Szacowany czas czytania":"1 minuta"},"schema":{"@context":"https:\/\/schema.org","@graph":[{"@type":"WebPage","@id":"https:\/\/airporttelecom.com\/pl\/esim\/argentyna\/","url":"https:\/\/airporttelecom.com\/pl\/esim\/argentyna\/","name":"eSIM Argentyna kupi\u0107 przedp\u0142acony pakiet (nieograniczone) po\u0142\u0105czenia i internet - Airport Telecom PL","isPartOf":{"@id":"https:\/\/airporttelecom.com\/pl\/#website"},"primaryImageOfPage":{"@id":"https:\/\/airporttelecom.com\/pl\/esim\/argentyna\/#primaryimage"},"image":{"@id":"https:\/\/airporttelecom.com\/pl\/esim\/argentyna\/#primaryimage"},"thumbnailUrl":"https:\/\/airporttelecom.com\/pl\/wp-content\/uploads\/sites\/7\/2024\/06\/Simkaart-Argentinie.png","datePublished":"2024-09-12T10:52:09+00:00","dateModified":"2026-02-18T14:28:43+00:00","description":"Szukasz karty przedp\u0142aconej eSIM Argentyna na (nieograniczone) rozmowy i internet? Optymalna dost\u0119pno\u015b\u0107 podczas podr\u00f3\u017cy w eSIM Ameryka Po\u0142udniowa. Ju\u017c w sprzeda\u017cy od !","breadcrumb":{"@id":"https:\/\/airporttelecom.com\/pl\/esim\/argentyna\/#breadcrumb"},"inLanguage":"pl-PL","potentialAction":[{"@type":"ReadAction","target":["https:\/\/airporttelecom.com\/pl\/esim\/argentyna\/"]}]},{"@type":"ImageObject","inLanguage":"pl-PL","@id":"https:\/\/airporttelecom.com\/pl\/esim\/argentyna\/#primaryimage","url":"https:\/\/airporttelecom.com\/pl\/wp-content\/uploads\/sites\/7\/2024\/06\/Simkaart-Argentinie.png","contentUrl":"https:\/\/airporttelecom.com\/pl\/wp-content\/uploads\/sites\/7\/2024\/06\/Simkaart-Argentinie.png","width":800,"height":318,"caption":"Karta SIM Argentyna"},{"@type":"BreadcrumbList","@id":"https:\/\/airporttelecom.com\/pl\/esim\/argentyna\/#breadcrumb","itemListElement":[{"@type":"ListItem","position":1,"name":"Home","item":"https:\/\/airporttelecom.com\/pl\/"},{"@type":"ListItem","position":2,"name":"eSIM","item":"https:\/\/airporttelecom.com\/pl\/esim\/"},{"@type":"ListItem","position":3,"name":"Argentyna"}]},{"@type":"WebSite","@id":"https:\/\/airporttelecom.com\/pl\/#website","url":"https:\/\/airporttelecom.com\/pl\/","name":"Airport Telecom","description":"","publisher":{"@id":"https:\/\/airporttelecom.com\/pl\/#organization"},"potentialAction":[{"@type":"SearchAction","target":{"@type":"EntryPoint","urlTemplate":"https:\/\/airporttelecom.com\/pl\/?s={search_term_string}"},"query-input":{"@type":"PropertyValueSpecification","valueRequired":true,"valueName":"search_term_string"}}],"inLanguage":"pl-PL"},{"@type":"Organization","@id":"https:\/\/airporttelecom.com\/pl\/#organization","name":"Airport Telecom","url":"https:\/\/airporttelecom.com\/pl\/","logo":{"@type":"ImageObject","inLanguage":"pl-PL","@id":"https:\/\/airporttelecom.com\/pl\/#\/schema\/logo\/image\/","url":"https:\/\/airporttelecom.com\/pl\/wp-content\/uploads\/sites\/7\/2024\/06\/icon.png?wsr","contentUrl":"https:\/\/airporttelecom.com\/pl\/wp-content\/uploads\/sites\/7\/2024\/06\/icon.png?wsr","width":110,"height":110,"caption":"Airport Telecom"},"image":{"@id":"https:\/\/airporttelecom.com\/pl\/#\/schema\/logo\/image\/"}}]}},"custom_permalink":"esim\/argentyna","_links":{"self":[{"href":"https:\/\/airporttelecom.com\/pl\/wp-json\/wp\/v2\/product\/1675","targetHints":{"allow":["GET"]}}],"collection":[{"href":"https:\/\/airporttelecom.com\/pl\/wp-json\/wp\/v2\/product"}],"about":[{"href":"https:\/\/airporttelecom.com\/pl\/wp-json\/wp\/v2\/types\/product"}],"replies":[{"embeddable":true,"href":"https:\/\/airporttelecom.com\/pl\/wp-json\/wp\/v2\/comments?post=1675"}],"wp:featuredmedia":[{"embeddable":true,"href":"https:\/\/airporttelecom.com\/pl\/wp-json\/wp\/v2\/media\/661"}],"wp:attachment":[{"href":"https:\/\/airporttelecom.com\/pl\/wp-json\/wp\/v2\/media?parent=1675"}],"wp:term":[{"taxonomy":"product_brand","embeddable":true,"href":"https:\/\/airporttelecom.com\/pl\/wp-json\/wp\/v2\/product_brand?post=1675"},{"taxonomy":"product_cat","embeddable":true,"href":"https:\/\/airporttelecom.com\/pl\/wp-json\/wp\/v2\/product_cat?post=1675"},{"taxonomy":"product_tag","embeddable":true,"href":"https:\/\/airporttelecom.com\/pl\/wp-json\/wp\/v2\/product_tag?post=1675"}],"curies":[{"name":"wp","href":"https:\/\/api.w.org\/{rel}","templated":true}]}}