{"id":1690,"date":"2024-09-12T10:52:12","date_gmt":"2024-09-12T10:52:12","guid":{"rendered":"https:\/\/airporttelecom.outperforming.nl\/nl\/product\/esim-mexico\/"},"modified":"2026-02-24T16:07:09","modified_gmt":"2026-02-24T16:07:09","slug":"esim-mexico","status":"publish","type":"product","link":"https:\/\/airporttelecom.com\/pl\/esim\/meksyk\/","title":{"rendered":"eSIM Meksyk"},"content":{"rendered":"","protected":false},"excerpt":{"rendered":"","protected":false},"featured_media":699,"comment_status":"open","ping_status":"closed","template":"","meta":{"_acf_changed":false},"product_brand":[],"product_cat":[16],"product_tag":[46,44],"class_list":{"0":"post-1690","1":"product","2":"type-product","3":"status-publish","4":"has-post-thumbnail","6":"product_cat-esim","7":"product_tag-esim-ameryka-polnocna","8":"product_tag-esim-ameryka-srodkowa","10":"first","11":"instock","12":"taxable","13":"shipping-taxable","14":"purchasable","15":"product-type-variable"},"acf":{"gebied_afbeelding":875,"vlag_afbeelding":192,"provider":["NEX","ATT"],"product_synoniemen":null,"product_bestel_velden":["vertrekdatum","phone","imei"],"product_omschrijving":"<h2>Dost\u0119pno\u015b\u0107 mobilna w Meksyku dzi\u0119ki <span class=\"TextRun SCXW246741514 BCX0\" lang=\"NL-NL\" xml:lang=\"NL-NL\" data-contrast=\"none\"><span class=\"SpellingError SCXW246741514 BCX0\">eSIM do Meksyku<\/span><\/span><\/h2>\r\nDzi\u0119ki karcie <span class=\"TextRun SCXW246741514 BCX0\" lang=\"NL-NL\" xml:lang=\"NL-NL\" data-contrast=\"none\"><span class=\"SpellingError SCXW246741514 BCX0\">eSIM<\/span><\/span> Meksyk od Airport Telecom mo\u017cesz korzysta\u0107 z mobilnego internetu na ternie ca\u0142ego kraju. Karta eSIM aktywuje si\u0119 automatycznie po przybyciu do Meksyku. Oferujemy pakiety danych: 12 GB lub pakiet danych bez ogranicze\u0144. Pakiety doskonale sprawdzaj\u0105 si\u0119 do korzystania z internetui zapewniaj\u0105 \u0142atwy dost\u0119p do poczty e-mail, WhatsAppa, nawigacji i innych aplikacji internetowych za po\u015brednictwem 4G\/5G.\r\n<h2>WhatsApp z eSIM Meksyk<\/h2>\r\nWszystkie po\u0142\u0105czenia, kt\u00f3re dzia\u0142aj\u0105 przez internet, takie jak WhatsApp, Skype, Facetime itp. s\u0105 oczywi\u015bcie r\u00f3wnie\u017c mo\u017cliwe. W ko\u0144cu b\u0119dziesz wtedy korzysta\u0107 z pakietu danych na karcie SIM. Podobnie jak wszystkie inne aplikacje, mo\u017cesz nadal korzysta\u0107 z WhatsApp jak zwykle. Gdy WhatsApp zorientuje si\u0119, \u017ce w telefonie znajduje si\u0119 inna karta eSIM, aplikacja WhatsApp mo\u017ce zapyta\u0107,, czy chcesz utworzy\u0107 nowe konto, czy te\u017c wszystko powinno pozosta\u0107 bez zmian. Je\u015bli wybierzesz t\u0119 drug\u0105 opcj\u0119, w WhatsApp nic si\u0119 nie zmieni. Zachowasz swoj\u0105 dotychczasow\u0105 to\u017csamo\u015b\u0107 WhatsApp ze wszystkimi kontaktami, grupami i czatami.\r\n<h2>Zasi\u0119g i internet mobilny z kart\u0105 eSIM do Meksyku<\/h2>\r\nMeksyk to rozleg\u0142y kraj o zr\u00f3\u017cnicowanej infrastrukturze telekomunikacyjnej, dlatego zasi\u0119g z kart\u0105 eSIM w Meksyku jest najlepszy w du\u017cych miastach oraz popularnych kurortach turystycznych. W miejscowo\u015bciach takich jak Playa del Carmen czy Acapulco mo\u017cesz bez przeszk\u00f3d korzysta\u0107 z szybkiego internetu mobilnego, nawigacji i medi\u00f3w spo\u0142eczno\u015bciowych.\r\n\r\nW stolicy kraju \u2013 Meksyk \u2013 po\u0142\u0105czenie z sieci\u0105 jest stabilne zar\u00f3wno w centrum, jak i w pozosta\u0142ych dzielnicach. Spaceruj\u0105c po Centro Hist\u00f3rico czy zwiedzaj\u0105c Palacio Nacional, bez problemu skorzystasz z map online, komunikator\u00f3w i aplikacji transportowych.\r\n\r\nBardzo dobry internet mobilny z eSIM dzia\u0142a r\u00f3wnie\u017c w kurortach takich jak Canc\u00fan, Cozumel oraz Zihuatanejo. Trzeba jednak pami\u0119ta\u0107, \u017ce w regionach g\u00f3rskich, na terenach wiejskich i w mniej zaludnionych cz\u0119\u015bciach kraju zasi\u0119g mo\u017ce by\u0107 ograniczony lub chwilowo niedost\u0119pny, niezale\u017cnie od tego, czy korzystasz z eSIM, czy tradycyjnej karty SIM.\r\n<h2>eSIM do Meksyku dostarczony drog\u0105 mailow\u0105<\/h2>\r\nKart\u0119 eSIM do Meksyku otrzymasz e-mailem natychmiast po z\u0142o\u017ceniu zam\u00f3wienia. To szybki i prosty proces \u2013 eSIM mo\u017cesz kupi\u0107 zar\u00f3wno b\u0119d\u0105c ju\u017c w Meksyku jak i tu\u017c przed planowanym wyjazdem.","product_specificaties":"<h2>Zalety <span class=\"TextRun SCXW246741514 BCX0\" lang=\"NL-NL\" xml:lang=\"NL-NL\" data-contrast=\"none\"><span class=\"SpellingError SCXW246741514 BCX0\">eSIM <\/span><\/span>Meksyk<\/h2>\r\n<ul>\r\n \t<li>Mobilna transmisja danych na terenie ca\u0142ego Meksyku<\/li>\r\n \t<li>Funkcje hotspotu i MIFI dzia\u0142aj\u0105 z kart\u0105 eSIM Meksyk<\/li>\r\n \t<li>Dane eSIM do Meksyku otrzymasz poczt\u0105 elektroniczn\u0105. Mo\u017cesz z\u0142o\u017cy\u0107 zam\u00f3wienie b\u0119d\u0105c ju\u017c w Meksyku lub wkr\u00f3tce wyruszasz w podr\u00f3\u017c.<\/li>\r\n \t<li>Karta eSIM dzia\u0142a w telefonach obs\u0142uguj\u0105cych technologi\u0119 eSIM. Przed zakupem upewnij si\u0119, \u017ce Tw\u00f3j telefon jest kompatybilny. Nasze eSIM dzia\u0142aj\u0105 z iPhone XS, XS Max, XR, 11, 12, 13, 14, 15, 16 i nowszymi, zapewniaj\u0105c szybki internet mobilny w Meksyku.<\/li>\r\n<\/ul>\r\n<h2><\/h2>\r\n<h2>Dane mobilne i po\u0142\u0105czenia w Meksyku<\/h2>\r\nDost\u0119pne s\u0105 dwa warianty <span class=\"TextRun SCXW246741514 BCX0\" lang=\"NL-NL\" xml:lang=\"NL-NL\" data-contrast=\"none\"><span class=\"SpellingError SCXW246741514 BCX0\">eSIM <\/span><\/span>Meksyk:\r\n<h3>eSIM 12 GB danych 49<\/h3>\r\n<ul>\r\n \t<li>w tym 12 GB danych<\/li>\r\n<\/ul>\r\n<h3>eSIM Nielimitowane dane 89,= \u20ac *.<\/h3>\r\n<ul>\r\n \t<li>W tym nielimitowane dane w Meksyku*.<\/li>\r\n<\/ul>\r\nPakiety danych s\u0105 wa\u017cne przez 30 dni od momentu aktywacji. (*) Obowi\u0105zuj\u0105 zasady dozwolonego u\u017cytku. W przypadku ekstremalnego wykorzystania danych lub zachowa\u0144 zwi\u0105zanych z po\u0142\u0105czeniami, operator w Meksyku mo\u017ce ograniczy\u0107 mo\u017cliwo\u015bci karty eSIM.","product_handleiding":"","product_veelgestelde_vragen":[{"vraag":"Kt\u00f3rej karty eSIM u\u017cywa\u0107 w Meksyku?","antwoord":"W przypadku kr\u00f3tkiego, kilkudniowego pobytu prawdopodobnie nie b\u0119dziesz potrzebowa\u0107 du\u017cej ilo\u015bci danych. Pakiet 12 GB danych dla Meksyku mo\u017ce okaza\u0107 si\u0119 wystarczaj\u0105cy. Aplikacje takie jak WhatsApp, instagram i nawigacja nie zu\u017cywaj\u0105 du\u017co danych. W przypadku d\u0142u\u017cszego pobytu warto wybra\u0107 opcj\u0119 nielimitowanego internetu, aby mie\u0107 wystarczaj\u0105c\u0105 ilo\u015b\u0107 danych. "},{"vraag":"Gdzie kupi\u0107 kart\u0119 eSIM do Meksyku?","antwoord":"Mo\u017cesz kupi\u0107 kart\u0119 eSIM do Meksyku online od Airport Telecom. Kart\u0119 eSIM otrzymasz poczt\u0105 elektroniczn\u0105. Jest to kod QR, kt\u00f3ry nale\u017cy zeskanowa\u0107 telefonem. Mo\u017cesz to zrobi\u0107 nawet b\u0119d\u0105c ju\u017c w Meksyku lub wyje\u017cd\u017caj\u0105c w bardzo kr\u00f3tkim czasie. "}]},"yoast_head":"<!-- This site is optimized with the Yoast SEO Premium plugin v24.4 (Yoast SEO v26.9) - https:\/\/yoast.com\/product\/yoast-seo-premium-wordpress\/ -->\n<title>eSIM Meksyk kupi\u0107 przedp\u0142acony pakiet (nieograniczone) po\u0142\u0105czenia i internet - Airport Telecom PL<\/title>\n<meta name=\"description\" content=\"Szukasz karty przedp\u0142aconej eSIM Meksyk na (nieograniczone) rozmowy i internet? Optymalna dost\u0119pno\u015b\u0107 podczas podr\u00f3\u017cy w eSIM Ameryka P\u00f3\u0142nocna, eSIM Ameryka \u015arodkowa. Ju\u017c w sprzeda\u017cy od !\" \/>\n<meta name=\"robots\" content=\"index, follow, max-snippet:-1, max-image-preview:large, max-video-preview:-1\" \/>\n<link rel=\"canonical\" href=\"https:\/\/airporttelecom.com\/pl\/esim\/meksyk\/\" \/>\n<meta property=\"og:locale\" content=\"pl_PL\" \/>\n<meta property=\"og:type\" content=\"article\" \/>\n<meta property=\"og:title\" content=\"eSIM Meksyk\" \/>\n<meta property=\"og:description\" content=\"Szukasz karty przedp\u0142aconej eSIM Meksyk na (nieograniczone) rozmowy i internet? Optymalna dost\u0119pno\u015b\u0107 podczas podr\u00f3\u017cy w eSIM Ameryka P\u00f3\u0142nocna, eSIM Ameryka \u015arodkowa. Ju\u017c w sprzeda\u017cy od !\" \/>\n<meta property=\"og:url\" content=\"https:\/\/airporttelecom.com\/pl\/esim\/meksyk\/\" \/>\n<meta property=\"og:site_name\" content=\"Airport Telecom PL\" \/>\n<meta property=\"article:modified_time\" content=\"2026-02-24T16:07:09+00:00\" \/>\n<meta property=\"og:image\" content=\"https:\/\/airporttelecom.com\/pl\/wp-content\/uploads\/sites\/7\/2024\/06\/Simkaart-Mexico.png\" \/>\n\t<meta property=\"og:image:width\" content=\"800\" \/>\n\t<meta property=\"og:image:height\" content=\"319\" \/>\n\t<meta property=\"og:image:type\" content=\"image\/png\" \/>\n<meta name=\"twitter:card\" content=\"summary_large_image\" \/>\n<meta name=\"twitter:label1\" content=\"Szacowany czas czytania\" \/>\n\t<meta name=\"twitter:data1\" content=\"1 minuta\" \/>\n<script type=\"application\/ld+json\" class=\"yoast-schema-graph\">{\"@context\":\"https:\/\/schema.org\",\"@graph\":[{\"@type\":\"WebPage\",\"@id\":\"https:\/\/airporttelecom.com\/pl\/esim\/meksyk\/\",\"url\":\"https:\/\/airporttelecom.com\/pl\/esim\/meksyk\/\",\"name\":\"eSIM Meksyk kupi\u0107 przedp\u0142acony pakiet (nieograniczone) po\u0142\u0105czenia i internet - Airport Telecom PL\",\"isPartOf\":{\"@id\":\"https:\/\/airporttelecom.com\/pl\/#website\"},\"primaryImageOfPage\":{\"@id\":\"https:\/\/airporttelecom.com\/pl\/esim\/meksyk\/#primaryimage\"},\"image\":{\"@id\":\"https:\/\/airporttelecom.com\/pl\/esim\/meksyk\/#primaryimage\"},\"thumbnailUrl\":\"https:\/\/airporttelecom.com\/pl\/wp-content\/uploads\/sites\/7\/2024\/06\/Simkaart-Mexico.png\",\"datePublished\":\"2024-09-12T10:52:12+00:00\",\"dateModified\":\"2026-02-24T16:07:09+00:00\",\"description\":\"Szukasz karty przedp\u0142aconej eSIM Meksyk na (nieograniczone) rozmowy i internet? Optymalna dost\u0119pno\u015b\u0107 podczas podr\u00f3\u017cy w eSIM Ameryka P\u00f3\u0142nocna, eSIM Ameryka \u015arodkowa. Ju\u017c w sprzeda\u017cy od !\",\"breadcrumb\":{\"@id\":\"https:\/\/airporttelecom.com\/pl\/esim\/meksyk\/#breadcrumb\"},\"inLanguage\":\"pl-PL\",\"potentialAction\":[{\"@type\":\"ReadAction\",\"target\":[\"https:\/\/airporttelecom.com\/pl\/esim\/meksyk\/\"]}]},{\"@type\":\"ImageObject\",\"inLanguage\":\"pl-PL\",\"@id\":\"https:\/\/airporttelecom.com\/pl\/esim\/meksyk\/#primaryimage\",\"url\":\"https:\/\/airporttelecom.com\/pl\/wp-content\/uploads\/sites\/7\/2024\/06\/Simkaart-Mexico.png\",\"contentUrl\":\"https:\/\/airporttelecom.com\/pl\/wp-content\/uploads\/sites\/7\/2024\/06\/Simkaart-Mexico.png\",\"width\":800,\"height\":319,\"caption\":\"Karta SIM Meksyk\"},{\"@type\":\"BreadcrumbList\",\"@id\":\"https:\/\/airporttelecom.com\/pl\/esim\/meksyk\/#breadcrumb\",\"itemListElement\":[{\"@type\":\"ListItem\",\"position\":1,\"name\":\"Home\",\"item\":\"https:\/\/airporttelecom.com\/pl\/\"},{\"@type\":\"ListItem\",\"position\":2,\"name\":\"eSIM\",\"item\":\"https:\/\/airporttelecom.com\/pl\/esim\/\"},{\"@type\":\"ListItem\",\"position\":3,\"name\":\"Meksyk\"}]},{\"@type\":\"WebSite\",\"@id\":\"https:\/\/airporttelecom.com\/pl\/#website\",\"url\":\"https:\/\/airporttelecom.com\/pl\/\",\"name\":\"Airport Telecom\",\"description\":\"\",\"publisher\":{\"@id\":\"https:\/\/airporttelecom.com\/pl\/#organization\"},\"potentialAction\":[{\"@type\":\"SearchAction\",\"target\":{\"@type\":\"EntryPoint\",\"urlTemplate\":\"https:\/\/airporttelecom.com\/pl\/?s={search_term_string}\"},\"query-input\":{\"@type\":\"PropertyValueSpecification\",\"valueRequired\":true,\"valueName\":\"search_term_string\"}}],\"inLanguage\":\"pl-PL\"},{\"@type\":\"Organization\",\"@id\":\"https:\/\/airporttelecom.com\/pl\/#organization\",\"name\":\"Airport Telecom\",\"url\":\"https:\/\/airporttelecom.com\/pl\/\",\"logo\":{\"@type\":\"ImageObject\",\"inLanguage\":\"pl-PL\",\"@id\":\"https:\/\/airporttelecom.com\/pl\/#\/schema\/logo\/image\/\",\"url\":\"https:\/\/airporttelecom.com\/pl\/wp-content\/uploads\/sites\/7\/2024\/06\/icon.png?wsr\",\"contentUrl\":\"https:\/\/airporttelecom.com\/pl\/wp-content\/uploads\/sites\/7\/2024\/06\/icon.png?wsr\",\"width\":110,\"height\":110,\"caption\":\"Airport Telecom\"},\"image\":{\"@id\":\"https:\/\/airporttelecom.com\/pl\/#\/schema\/logo\/image\/\"}}]}<\/script>\n<!-- \/ Yoast SEO Premium plugin. -->","yoast_head_json":{"title":"eSIM Meksyk kupi\u0107 przedp\u0142acony pakiet (nieograniczone) po\u0142\u0105czenia i internet - Airport Telecom PL","description":"Szukasz karty przedp\u0142aconej eSIM Meksyk na (nieograniczone) rozmowy i internet? Optymalna dost\u0119pno\u015b\u0107 podczas podr\u00f3\u017cy w eSIM Ameryka P\u00f3\u0142nocna, eSIM Ameryka \u015arodkowa. Ju\u017c w sprzeda\u017cy od !","robots":{"index":"index","follow":"follow","max-snippet":"max-snippet:-1","max-image-preview":"max-image-preview:large","max-video-preview":"max-video-preview:-1"},"canonical":"https:\/\/airporttelecom.com\/pl\/esim\/meksyk\/","og_locale":"pl_PL","og_type":"article","og_title":"eSIM Meksyk","og_description":"Szukasz karty przedp\u0142aconej eSIM Meksyk na (nieograniczone) rozmowy i internet? Optymalna dost\u0119pno\u015b\u0107 podczas podr\u00f3\u017cy w eSIM Ameryka P\u00f3\u0142nocna, eSIM Ameryka \u015arodkowa. Ju\u017c w sprzeda\u017cy od !","og_url":"https:\/\/airporttelecom.com\/pl\/esim\/meksyk\/","og_site_name":"Airport Telecom PL","article_modified_time":"2026-02-24T16:07:09+00:00","og_image":[{"width":800,"height":319,"url":"https:\/\/airporttelecom.com\/pl\/wp-content\/uploads\/sites\/7\/2024\/06\/Simkaart-Mexico.png","type":"image\/png"}],"twitter_card":"summary_large_image","twitter_misc":{"Szacowany czas czytania":"1 minuta"},"schema":{"@context":"https:\/\/schema.org","@graph":[{"@type":"WebPage","@id":"https:\/\/airporttelecom.com\/pl\/esim\/meksyk\/","url":"https:\/\/airporttelecom.com\/pl\/esim\/meksyk\/","name":"eSIM Meksyk kupi\u0107 przedp\u0142acony pakiet (nieograniczone) po\u0142\u0105czenia i internet - Airport Telecom PL","isPartOf":{"@id":"https:\/\/airporttelecom.com\/pl\/#website"},"primaryImageOfPage":{"@id":"https:\/\/airporttelecom.com\/pl\/esim\/meksyk\/#primaryimage"},"image":{"@id":"https:\/\/airporttelecom.com\/pl\/esim\/meksyk\/#primaryimage"},"thumbnailUrl":"https:\/\/airporttelecom.com\/pl\/wp-content\/uploads\/sites\/7\/2024\/06\/Simkaart-Mexico.png","datePublished":"2024-09-12T10:52:12+00:00","dateModified":"2026-02-24T16:07:09+00:00","description":"Szukasz karty przedp\u0142aconej eSIM Meksyk na (nieograniczone) rozmowy i internet? Optymalna dost\u0119pno\u015b\u0107 podczas podr\u00f3\u017cy w eSIM Ameryka P\u00f3\u0142nocna, eSIM Ameryka \u015arodkowa. Ju\u017c w sprzeda\u017cy od !","breadcrumb":{"@id":"https:\/\/airporttelecom.com\/pl\/esim\/meksyk\/#breadcrumb"},"inLanguage":"pl-PL","potentialAction":[{"@type":"ReadAction","target":["https:\/\/airporttelecom.com\/pl\/esim\/meksyk\/"]}]},{"@type":"ImageObject","inLanguage":"pl-PL","@id":"https:\/\/airporttelecom.com\/pl\/esim\/meksyk\/#primaryimage","url":"https:\/\/airporttelecom.com\/pl\/wp-content\/uploads\/sites\/7\/2024\/06\/Simkaart-Mexico.png","contentUrl":"https:\/\/airporttelecom.com\/pl\/wp-content\/uploads\/sites\/7\/2024\/06\/Simkaart-Mexico.png","width":800,"height":319,"caption":"Karta SIM Meksyk"},{"@type":"BreadcrumbList","@id":"https:\/\/airporttelecom.com\/pl\/esim\/meksyk\/#breadcrumb","itemListElement":[{"@type":"ListItem","position":1,"name":"Home","item":"https:\/\/airporttelecom.com\/pl\/"},{"@type":"ListItem","position":2,"name":"eSIM","item":"https:\/\/airporttelecom.com\/pl\/esim\/"},{"@type":"ListItem","position":3,"name":"Meksyk"}]},{"@type":"WebSite","@id":"https:\/\/airporttelecom.com\/pl\/#website","url":"https:\/\/airporttelecom.com\/pl\/","name":"Airport Telecom","description":"","publisher":{"@id":"https:\/\/airporttelecom.com\/pl\/#organization"},"potentialAction":[{"@type":"SearchAction","target":{"@type":"EntryPoint","urlTemplate":"https:\/\/airporttelecom.com\/pl\/?s={search_term_string}"},"query-input":{"@type":"PropertyValueSpecification","valueRequired":true,"valueName":"search_term_string"}}],"inLanguage":"pl-PL"},{"@type":"Organization","@id":"https:\/\/airporttelecom.com\/pl\/#organization","name":"Airport Telecom","url":"https:\/\/airporttelecom.com\/pl\/","logo":{"@type":"ImageObject","inLanguage":"pl-PL","@id":"https:\/\/airporttelecom.com\/pl\/#\/schema\/logo\/image\/","url":"https:\/\/airporttelecom.com\/pl\/wp-content\/uploads\/sites\/7\/2024\/06\/icon.png?wsr","contentUrl":"https:\/\/airporttelecom.com\/pl\/wp-content\/uploads\/sites\/7\/2024\/06\/icon.png?wsr","width":110,"height":110,"caption":"Airport Telecom"},"image":{"@id":"https:\/\/airporttelecom.com\/pl\/#\/schema\/logo\/image\/"}}]}},"custom_permalink":"esim\/meksyk","_links":{"self":[{"href":"https:\/\/airporttelecom.com\/pl\/wp-json\/wp\/v2\/product\/1690","targetHints":{"allow":["GET"]}}],"collection":[{"href":"https:\/\/airporttelecom.com\/pl\/wp-json\/wp\/v2\/product"}],"about":[{"href":"https:\/\/airporttelecom.com\/pl\/wp-json\/wp\/v2\/types\/product"}],"replies":[{"embeddable":true,"href":"https:\/\/airporttelecom.com\/pl\/wp-json\/wp\/v2\/comments?post=1690"}],"wp:featuredmedia":[{"embeddable":true,"href":"https:\/\/airporttelecom.com\/pl\/wp-json\/wp\/v2\/media\/699"}],"wp:attachment":[{"href":"https:\/\/airporttelecom.com\/pl\/wp-json\/wp\/v2\/media?parent=1690"}],"wp:term":[{"taxonomy":"product_brand","embeddable":true,"href":"https:\/\/airporttelecom.com\/pl\/wp-json\/wp\/v2\/product_brand?post=1690"},{"taxonomy":"product_cat","embeddable":true,"href":"https:\/\/airporttelecom.com\/pl\/wp-json\/wp\/v2\/product_cat?post=1690"},{"taxonomy":"product_tag","embeddable":true,"href":"https:\/\/airporttelecom.com\/pl\/wp-json\/wp\/v2\/product_tag?post=1690"}],"curies":[{"name":"wp","href":"https:\/\/api.w.org\/{rel}","templated":true}]}}