{"id":1693,"date":"2024-09-12T10:52:13","date_gmt":"2024-09-12T10:52:13","guid":{"rendered":"https:\/\/airporttelecom.outperforming.nl\/nl\/product\/esim-canada\/"},"modified":"2026-02-26T13:00:32","modified_gmt":"2026-02-26T13:00:32","slug":"esim-canada","status":"publish","type":"product","link":"https:\/\/airporttelecom.com\/pl\/esim\/kanada\/","title":{"rendered":"eSIM Kanada"},"content":{"rendered":"","protected":false},"excerpt":{"rendered":"","protected":false},"featured_media":682,"comment_status":"open","ping_status":"closed","template":"","meta":{"_acf_changed":false},"product_brand":[],"product_cat":[16],"product_tag":[46],"class_list":{"0":"post-1693","1":"product","2":"type-product","3":"status-publish","4":"has-post-thumbnail","6":"product_cat-esim","7":"product_tag-esim-ameryka-polnocna","9":"first","10":"instock","11":"taxable","12":"shipping-taxable","13":"purchasable","14":"product-type-variable"},"acf":{"gebied_afbeelding":691,"vlag_afbeelding":190,"provider":["BIC"],"product_synoniemen":null,"product_bestel_velden":"","product_omschrijving":"<h2>Dost\u0119pno\u015b\u0107 mobilna w Kanadzie dzi\u0119ki <span class=\"TextRun SCXW246741514 BCX0\" lang=\"NL-NL\" xml:lang=\"NL-NL\" data-contrast=\"none\"><span class=\"SpellingError SCXW246741514 BCX0\">eSIM do <\/span><\/span>Kanady<\/h2>\r\nDzi\u0119ki karcie <span class=\"TextRun SCXW246741514 BCX0\" lang=\"NL-NL\" xml:lang=\"NL-NL\" data-contrast=\"none\"><span class=\"SpellingError SCXW246741514 BCX0\">eSIM<\/span><\/span> do Kanady mo\u017cesz korzysta\u0107 z mobilnego internetu na terenie ca\u0142ej Kanady. eSIM aktywuje si\u0119 automatycznie po przybyciu do Kanady. Do wyboru s\u0105: pakiet danych 12 GB\u00a0 lub pakiet danych bez ogranicze\u0144. Pakiety umo\u017cliwiaj\u0105 korzystanie z internetu i zapewniaj\u0105 \u0142atwy dost\u0119p do poczty e-mail, WhatsAppa, nawigacji i innych aplikacji internetowych za po\u015brednictwem 4G\/5G.\r\n<h2>WhatsApp z eSIM Kanada<\/h2>\r\nWszystkie po\u0142\u0105czenia, kt\u00f3re dzia\u0142aj\u0105 przez internet, takie jak WhatsApp, Skype, Facetime itp. s\u0105 oczywi\u015bcie r\u00f3wnie\u017c mo\u017cliwe. W ko\u0144cu b\u0119dziesz wtedy korzysta\u0107 z pakietu danych na karcie SIM. Podobnie jak wszystkie inne aplikacje, mo\u017cesz nadal korzysta\u0107 z WhatsApp jak zwykle. Gdy WhatsApp zorientuje si\u0119, \u017ce w telefonie znajduje si\u0119 inna karta eSIM, aplikacja WhatsApp mo\u017ce zapyta\u0107,, czy chcesz utworzy\u0107 nowe konto, czy te\u017c wszystko powinno pozosta\u0107 bez zmian. Je\u015bli wybierzesz t\u0119 drug\u0105 opcj\u0119, w WhatsApp nic si\u0119 nie zmieni. Zachowana zostanie istniej\u0105ca to\u017csamo\u015b\u0107 WhatsApp ze wszystkimi kontaktami, grupami i czatami.\r\n<h2>Zasi\u0119g sieci kom\u00f3rkowej i dost\u0119p do internetu mobilnego w Kanadzie<\/h2>\r\nZasi\u0119g eSIM w Kanadzie jest bardzo dobry w du\u017cych miastach, takich jak Calgary, Toronto czy Montreal, a tak\u017ce na wi\u0119kszo\u015bci teren\u00f3w zamieszkanych. Bez problemu skorzystasz z internetu mobilnego podczas wizyty w restauracjach w Vancouver czy spaceruj\u0105c ulicami Quebec City. Aplikacje takie jak WhatsApp czy Instagram dzia\u0142aj\u0105 tam stabilnie, podobnie jak standardowy roaming w Kanadzie.\r\n\r\nWarto jednak pami\u0119ta\u0107, \u017ce Kanada s\u0142ynie z rozleg\u0142ych, dzikich teren\u00f3w, gdzie zasi\u0119g telefonii kom\u00f3rkowej bywa ograniczony lub ca\u0142kowicie niedost\u0119pny. Podczas podr\u00f3\u017cy s\u0142ynn\u0105 tras\u0105 Icefields Parkway w kierunku park\u00f3w narodowych Banff National Park i Jasper National Park, a tak\u017ce nad turkusowe Peyto Lake, mo\u017cesz znale\u017a\u0107 si\u0119 w miejscach bez dost\u0119pu do internetu mobilnego. Wynika to z braku infrastruktury nadawczej na obszarach chronionych i s\u0142abo zaludnionych. Podobna sytuacja mo\u017ce Ci\u0119 spotka\u0107 w okolicach Whitehorse, gdzie w otoczeniu dzikiej przyrody \u2013 w\u015br\u00f3d lis\u00f3w, \u0142osi i bizon\u00f3w \u2013 wys\u0142anie wiadomo\u015bci przez WhatsApp mo\u017ce by\u0107 niemo\u017cliwe.\u00a0 Zasi\u0119g wr\u00f3ci natomiast w wi\u0119kszych o\u015brodkach miejskich i popularnych atrakcjach turystycznych, takich jak CN Tower w Toronto czy Niagara Falls. W tych lokalizacjach internet mobilny dzia\u0142a sprawnie, a korzystanie z eSIM w Kanadzie nie sprawia problem\u00f3w.\r\n<h2>eSIM Kanada - szybka przesy\u0142ka drog\u0105 mailow\u0105<\/h2>\r\neSIM do Kanady otrzymasz bezpo\u015brednio na e-mail zaraz po z\u0142o\u017ceniu zam\u00f3wienia. To szybkie i wygodne rozwi\u0105zanie, z kt\u00f3rego mo\u017cesz skorzysta\u0107 zar\u00f3wno b\u0119d\u0105c ju\u017c w Kanadzie, jak i tu\u017c przed planowanym wyjazdem.","product_specificaties":"<h2>Zalety <span class=\"TextRun SCXW246741514 BCX0\" lang=\"NL-NL\" xml:lang=\"NL-NL\" data-contrast=\"none\"><span class=\"SpellingError SCXW246741514 BCX0\">eSIM <\/span><\/span>Kanada<\/h2>\r\n<ul>\r\n \t<li>Mobilna transmisja danych na terenie ca\u0142ej Kanady<\/li>\r\n \t<li>Funkcje Hotspot i MIFI dzia\u0142aj\u0105 z eSIM do Kanady<\/li>\r\n \t<li>eSIM do Kanady otrzymasz poczt\u0105 elektroniczn\u0105. Zam\u00f3wienie mo\u017cesz z\u0142o\u017cy\u0107 nawet wtedy, gdy jeste\u015b ju\u017c w Kanadzie lub wkr\u00f3tce wyruszasz w podr\u00f3\u017c.<\/li>\r\n \t<li>Karta eSIM mo\u017ce by\u0107 u\u017cywana wy\u0142\u0105cznie w kompatybilnych telefonach \u2014 przed zakupem sprawd\u017a, czy Twoje urz\u0105dzenie obs\u0142uguje eSIM. Technologia eSIM jest dost\u0119pna m.in. w modelach iPhone XS, XS Max, XR oraz iPhone 11, 12, 13, 14, 15, 16 i nowszych.<\/li>\r\n<\/ul>\r\n<h2>Dane mobilne i po\u0142\u0105czenia w Kanadzie<\/h2>\r\nDost\u0119pne s\u0105 dwa warianty <span class=\"TextRun SCXW246741514 BCX0\" lang=\"NL-NL\" xml:lang=\"NL-NL\" data-contrast=\"none\"><span class=\"SpellingError SCXW246741514 BCX0\">eSIM do <\/span><\/span>Kanady:\r\n<h3>eSIM 12 GB danych<\/h3>\r\n<ul>\r\n \t<li>w tym 12 GB danych<\/li>\r\n<\/ul>\r\n<h3>eSIM Nielimitowane dane<\/h3>\r\n<ul>\r\n \t<li>W tym nielimitowane dane w Kanadzie *.<\/li>\r\n<\/ul>\r\nPakiety danych s\u0105 wa\u017cne przez 30 dni od momentu aktywacji. (*) Obowi\u0105zuj\u0105 zasady dozwolonego u\u017cytku. W przypadku ekstremalnego wykorzystania danych lub zachowa\u0144 zwi\u0105zanych z po\u0142\u0105czeniami, operator w Kanadzie mo\u017ce ograniczy\u0107 mo\u017cliwo\u015bci karty eSIM.","product_handleiding":"","product_veelgestelde_vragen":[{"vraag":"Kt\u00f3ry eSIM wybra\u0107 do Kanady? ","antwoord":"W przypadku kr\u00f3tkiego, kilkudniowego pobytu prawdopodobnie nie b\u0119dziesz potrzebowa\u0107 du\u017cej ilo\u015bci danych. Pakiet 12 GB danych dla Kanady mo\u017ce okaza\u0107 si\u0119 wystarczaj\u0105cy. Aplikacje takie jak WhatsApp, Instagram i nawigacja nie zu\u017cywaj\u0105 du\u017co danych. W przypadku d\u0142u\u017cszego pobytu warto wybra\u0107 opcj\u0119 nielimitowanego internetu, aby mie\u0107 wystarczaj\u0105c\u0105 ilo\u015b\u0107 danych. "},{"vraag":"Gdzie mo\u017cna kupi\u0107 eSIM do Kanady? ","antwoord":"eSIM do Kanady od Airport Telecom kup online. Otrzymasz go poczt\u0105 elektroniczn\u0105. Jest to kod QR, kt\u00f3ry nale\u017cy zeskanowa\u0107 telefonem. Mo\u017cesz to zrobi\u0107, nawet je\u015bli jeste\u015b ju\u017c w Kanadzie lub wkr\u00f3tce wyruszasz w podr\u00f3\u017c. "}]},"yoast_head":"<!-- This site is optimized with the Yoast SEO Premium plugin v24.4 (Yoast SEO v26.9) - https:\/\/yoast.com\/product\/yoast-seo-premium-wordpress\/ -->\n<title>eSIM Kanada kupi\u0107 przedp\u0142acony pakiet (nieograniczone) po\u0142\u0105czenia i internet - Airport Telecom PL<\/title>\n<meta name=\"description\" content=\"Szukasz karty przedp\u0142aconej eSIM Kanada na (nieograniczone) rozmowy i internet? Optymalna dost\u0119pno\u015b\u0107 podczas podr\u00f3\u017cy w eSIM Ameryka P\u00f3\u0142nocna. Ju\u017c w sprzeda\u017cy od !\" \/>\n<meta name=\"robots\" content=\"index, follow, max-snippet:-1, max-image-preview:large, max-video-preview:-1\" \/>\n<link rel=\"canonical\" href=\"https:\/\/airporttelecom.com\/pl\/esim\/kanada\/\" \/>\n<meta property=\"og:locale\" content=\"pl_PL\" \/>\n<meta property=\"og:type\" content=\"article\" \/>\n<meta property=\"og:title\" content=\"eSIM Kanada\" \/>\n<meta property=\"og:description\" content=\"Szukasz karty przedp\u0142aconej eSIM Kanada na (nieograniczone) rozmowy i internet? Optymalna dost\u0119pno\u015b\u0107 podczas podr\u00f3\u017cy w eSIM Ameryka P\u00f3\u0142nocna. Ju\u017c w sprzeda\u017cy od !\" \/>\n<meta property=\"og:url\" content=\"https:\/\/airporttelecom.com\/pl\/esim\/kanada\/\" \/>\n<meta property=\"og:site_name\" content=\"Airport Telecom PL\" \/>\n<meta property=\"article:modified_time\" content=\"2026-02-26T13:00:32+00:00\" \/>\n<meta property=\"og:image\" content=\"https:\/\/airporttelecom.com\/pl\/wp-content\/uploads\/sites\/7\/2024\/06\/Simkaart-Kanada-1.png\" \/>\n\t<meta property=\"og:image:width\" content=\"800\" \/>\n\t<meta property=\"og:image:height\" content=\"319\" \/>\n\t<meta property=\"og:image:type\" content=\"image\/png\" \/>\n<meta name=\"twitter:card\" content=\"summary_large_image\" \/>\n<meta name=\"twitter:label1\" content=\"Szacowany czas czytania\" \/>\n\t<meta name=\"twitter:data1\" content=\"1 minuta\" \/>\n<script type=\"application\/ld+json\" class=\"yoast-schema-graph\">{\"@context\":\"https:\/\/schema.org\",\"@graph\":[{\"@type\":\"WebPage\",\"@id\":\"https:\/\/airporttelecom.com\/pl\/esim\/kanada\/\",\"url\":\"https:\/\/airporttelecom.com\/pl\/esim\/kanada\/\",\"name\":\"eSIM Kanada kupi\u0107 przedp\u0142acony pakiet (nieograniczone) po\u0142\u0105czenia i internet - Airport Telecom PL\",\"isPartOf\":{\"@id\":\"https:\/\/airporttelecom.com\/pl\/#website\"},\"primaryImageOfPage\":{\"@id\":\"https:\/\/airporttelecom.com\/pl\/esim\/kanada\/#primaryimage\"},\"image\":{\"@id\":\"https:\/\/airporttelecom.com\/pl\/esim\/kanada\/#primaryimage\"},\"thumbnailUrl\":\"https:\/\/airporttelecom.com\/pl\/wp-content\/uploads\/sites\/7\/2024\/06\/Simkaart-Kanada-1.png\",\"datePublished\":\"2024-09-12T10:52:13+00:00\",\"dateModified\":\"2026-02-26T13:00:32+00:00\",\"description\":\"Szukasz karty przedp\u0142aconej eSIM Kanada na (nieograniczone) rozmowy i internet? Optymalna dost\u0119pno\u015b\u0107 podczas podr\u00f3\u017cy w eSIM Ameryka P\u00f3\u0142nocna. Ju\u017c w sprzeda\u017cy od !\",\"breadcrumb\":{\"@id\":\"https:\/\/airporttelecom.com\/pl\/esim\/kanada\/#breadcrumb\"},\"inLanguage\":\"pl-PL\",\"potentialAction\":[{\"@type\":\"ReadAction\",\"target\":[\"https:\/\/airporttelecom.com\/pl\/esim\/kanada\/\"]}]},{\"@type\":\"ImageObject\",\"inLanguage\":\"pl-PL\",\"@id\":\"https:\/\/airporttelecom.com\/pl\/esim\/kanada\/#primaryimage\",\"url\":\"https:\/\/airporttelecom.com\/pl\/wp-content\/uploads\/sites\/7\/2024\/06\/Simkaart-Kanada-1.png\",\"contentUrl\":\"https:\/\/airporttelecom.com\/pl\/wp-content\/uploads\/sites\/7\/2024\/06\/Simkaart-Kanada-1.png\",\"width\":800,\"height\":319},{\"@type\":\"BreadcrumbList\",\"@id\":\"https:\/\/airporttelecom.com\/pl\/esim\/kanada\/#breadcrumb\",\"itemListElement\":[{\"@type\":\"ListItem\",\"position\":1,\"name\":\"Home\",\"item\":\"https:\/\/airporttelecom.com\/pl\/\"},{\"@type\":\"ListItem\",\"position\":2,\"name\":\"eSIM\",\"item\":\"https:\/\/airporttelecom.com\/pl\/esim\/\"},{\"@type\":\"ListItem\",\"position\":3,\"name\":\"Kanada\"}]},{\"@type\":\"WebSite\",\"@id\":\"https:\/\/airporttelecom.com\/pl\/#website\",\"url\":\"https:\/\/airporttelecom.com\/pl\/\",\"name\":\"Airport Telecom\",\"description\":\"\",\"publisher\":{\"@id\":\"https:\/\/airporttelecom.com\/pl\/#organization\"},\"potentialAction\":[{\"@type\":\"SearchAction\",\"target\":{\"@type\":\"EntryPoint\",\"urlTemplate\":\"https:\/\/airporttelecom.com\/pl\/?s={search_term_string}\"},\"query-input\":{\"@type\":\"PropertyValueSpecification\",\"valueRequired\":true,\"valueName\":\"search_term_string\"}}],\"inLanguage\":\"pl-PL\"},{\"@type\":\"Organization\",\"@id\":\"https:\/\/airporttelecom.com\/pl\/#organization\",\"name\":\"Airport Telecom\",\"url\":\"https:\/\/airporttelecom.com\/pl\/\",\"logo\":{\"@type\":\"ImageObject\",\"inLanguage\":\"pl-PL\",\"@id\":\"https:\/\/airporttelecom.com\/pl\/#\/schema\/logo\/image\/\",\"url\":\"https:\/\/airporttelecom.com\/pl\/wp-content\/uploads\/sites\/7\/2024\/06\/icon.png?wsr\",\"contentUrl\":\"https:\/\/airporttelecom.com\/pl\/wp-content\/uploads\/sites\/7\/2024\/06\/icon.png?wsr\",\"width\":110,\"height\":110,\"caption\":\"Airport Telecom\"},\"image\":{\"@id\":\"https:\/\/airporttelecom.com\/pl\/#\/schema\/logo\/image\/\"}}]}<\/script>\n<!-- \/ Yoast SEO Premium plugin. -->","yoast_head_json":{"title":"eSIM Kanada kupi\u0107 przedp\u0142acony pakiet (nieograniczone) po\u0142\u0105czenia i internet - Airport Telecom PL","description":"Szukasz karty przedp\u0142aconej eSIM Kanada na (nieograniczone) rozmowy i internet? Optymalna dost\u0119pno\u015b\u0107 podczas podr\u00f3\u017cy w eSIM Ameryka P\u00f3\u0142nocna. Ju\u017c w sprzeda\u017cy od !","robots":{"index":"index","follow":"follow","max-snippet":"max-snippet:-1","max-image-preview":"max-image-preview:large","max-video-preview":"max-video-preview:-1"},"canonical":"https:\/\/airporttelecom.com\/pl\/esim\/kanada\/","og_locale":"pl_PL","og_type":"article","og_title":"eSIM Kanada","og_description":"Szukasz karty przedp\u0142aconej eSIM Kanada na (nieograniczone) rozmowy i internet? Optymalna dost\u0119pno\u015b\u0107 podczas podr\u00f3\u017cy w eSIM Ameryka P\u00f3\u0142nocna. Ju\u017c w sprzeda\u017cy od !","og_url":"https:\/\/airporttelecom.com\/pl\/esim\/kanada\/","og_site_name":"Airport Telecom PL","article_modified_time":"2026-02-26T13:00:32+00:00","og_image":[{"width":800,"height":319,"url":"https:\/\/airporttelecom.com\/pl\/wp-content\/uploads\/sites\/7\/2024\/06\/Simkaart-Kanada-1.png","type":"image\/png"}],"twitter_card":"summary_large_image","twitter_misc":{"Szacowany czas czytania":"1 minuta"},"schema":{"@context":"https:\/\/schema.org","@graph":[{"@type":"WebPage","@id":"https:\/\/airporttelecom.com\/pl\/esim\/kanada\/","url":"https:\/\/airporttelecom.com\/pl\/esim\/kanada\/","name":"eSIM Kanada kupi\u0107 przedp\u0142acony pakiet (nieograniczone) po\u0142\u0105czenia i internet - Airport Telecom PL","isPartOf":{"@id":"https:\/\/airporttelecom.com\/pl\/#website"},"primaryImageOfPage":{"@id":"https:\/\/airporttelecom.com\/pl\/esim\/kanada\/#primaryimage"},"image":{"@id":"https:\/\/airporttelecom.com\/pl\/esim\/kanada\/#primaryimage"},"thumbnailUrl":"https:\/\/airporttelecom.com\/pl\/wp-content\/uploads\/sites\/7\/2024\/06\/Simkaart-Kanada-1.png","datePublished":"2024-09-12T10:52:13+00:00","dateModified":"2026-02-26T13:00:32+00:00","description":"Szukasz karty przedp\u0142aconej eSIM Kanada na (nieograniczone) rozmowy i internet? Optymalna dost\u0119pno\u015b\u0107 podczas podr\u00f3\u017cy w eSIM Ameryka P\u00f3\u0142nocna. Ju\u017c w sprzeda\u017cy od !","breadcrumb":{"@id":"https:\/\/airporttelecom.com\/pl\/esim\/kanada\/#breadcrumb"},"inLanguage":"pl-PL","potentialAction":[{"@type":"ReadAction","target":["https:\/\/airporttelecom.com\/pl\/esim\/kanada\/"]}]},{"@type":"ImageObject","inLanguage":"pl-PL","@id":"https:\/\/airporttelecom.com\/pl\/esim\/kanada\/#primaryimage","url":"https:\/\/airporttelecom.com\/pl\/wp-content\/uploads\/sites\/7\/2024\/06\/Simkaart-Kanada-1.png","contentUrl":"https:\/\/airporttelecom.com\/pl\/wp-content\/uploads\/sites\/7\/2024\/06\/Simkaart-Kanada-1.png","width":800,"height":319},{"@type":"BreadcrumbList","@id":"https:\/\/airporttelecom.com\/pl\/esim\/kanada\/#breadcrumb","itemListElement":[{"@type":"ListItem","position":1,"name":"Home","item":"https:\/\/airporttelecom.com\/pl\/"},{"@type":"ListItem","position":2,"name":"eSIM","item":"https:\/\/airporttelecom.com\/pl\/esim\/"},{"@type":"ListItem","position":3,"name":"Kanada"}]},{"@type":"WebSite","@id":"https:\/\/airporttelecom.com\/pl\/#website","url":"https:\/\/airporttelecom.com\/pl\/","name":"Airport Telecom","description":"","publisher":{"@id":"https:\/\/airporttelecom.com\/pl\/#organization"},"potentialAction":[{"@type":"SearchAction","target":{"@type":"EntryPoint","urlTemplate":"https:\/\/airporttelecom.com\/pl\/?s={search_term_string}"},"query-input":{"@type":"PropertyValueSpecification","valueRequired":true,"valueName":"search_term_string"}}],"inLanguage":"pl-PL"},{"@type":"Organization","@id":"https:\/\/airporttelecom.com\/pl\/#organization","name":"Airport Telecom","url":"https:\/\/airporttelecom.com\/pl\/","logo":{"@type":"ImageObject","inLanguage":"pl-PL","@id":"https:\/\/airporttelecom.com\/pl\/#\/schema\/logo\/image\/","url":"https:\/\/airporttelecom.com\/pl\/wp-content\/uploads\/sites\/7\/2024\/06\/icon.png?wsr","contentUrl":"https:\/\/airporttelecom.com\/pl\/wp-content\/uploads\/sites\/7\/2024\/06\/icon.png?wsr","width":110,"height":110,"caption":"Airport Telecom"},"image":{"@id":"https:\/\/airporttelecom.com\/pl\/#\/schema\/logo\/image\/"}}]}},"custom_permalink":"esim\/kanada","_links":{"self":[{"href":"https:\/\/airporttelecom.com\/pl\/wp-json\/wp\/v2\/product\/1693","targetHints":{"allow":["GET"]}}],"collection":[{"href":"https:\/\/airporttelecom.com\/pl\/wp-json\/wp\/v2\/product"}],"about":[{"href":"https:\/\/airporttelecom.com\/pl\/wp-json\/wp\/v2\/types\/product"}],"replies":[{"embeddable":true,"href":"https:\/\/airporttelecom.com\/pl\/wp-json\/wp\/v2\/comments?post=1693"}],"wp:featuredmedia":[{"embeddable":true,"href":"https:\/\/airporttelecom.com\/pl\/wp-json\/wp\/v2\/media\/682"}],"wp:attachment":[{"href":"https:\/\/airporttelecom.com\/pl\/wp-json\/wp\/v2\/media?parent=1693"}],"wp:term":[{"taxonomy":"product_brand","embeddable":true,"href":"https:\/\/airporttelecom.com\/pl\/wp-json\/wp\/v2\/product_brand?post=1693"},{"taxonomy":"product_cat","embeddable":true,"href":"https:\/\/airporttelecom.com\/pl\/wp-json\/wp\/v2\/product_cat?post=1693"},{"taxonomy":"product_tag","embeddable":true,"href":"https:\/\/airporttelecom.com\/pl\/wp-json\/wp\/v2\/product_tag?post=1693"}],"curies":[{"name":"wp","href":"https:\/\/api.w.org\/{rel}","templated":true}]}}