{"id":1731,"date":"2024-09-12T10:52:20","date_gmt":"2024-09-12T10:52:20","guid":{"rendered":"https:\/\/airporttelecom.outperforming.nl\/nl\/product\/esim-belgie\/"},"modified":"2026-03-03T16:48:49","modified_gmt":"2026-03-03T16:48:49","slug":"esim-belgie","status":"publish","type":"product","link":"https:\/\/airporttelecom.com\/pl\/esim\/belgia\/","title":{"rendered":"eSIM Belgia"},"content":{"rendered":"","protected":false},"excerpt":{"rendered":"","protected":false},"featured_media":1376,"comment_status":"open","ping_status":"closed","template":"","meta":{"_acf_changed":false},"product_brand":[],"product_cat":[16],"product_tag":[22],"class_list":{"0":"post-1731","1":"product","2":"type-product","3":"status-publish","4":"has-post-thumbnail","6":"product_cat-esim","7":"product_tag-esim-europa","9":"first","10":"instock","11":"taxable","12":"shipping-taxable","13":"purchasable","14":"product-type-variable"},"acf":{"gebied_afbeelding":816,"vlag_afbeelding":171,"provider":["BIC"],"product_synoniemen":null,"product_bestel_velden":"","product_omschrijving":"<h2>internet mobilny w Belgii z kart\u0105 eSIM Belgium<\/h2>\r\n<span style=\"font-weight: 400;\">Dzi\u0119ki nielimitowanej karcie eSIM Belgium od Airport Telecom mo\u017cesz korzysta\u0107 z mobilnego internetu w ca\u0142ej Belgii. Karta eSIM doskonale nadaje si\u0119 do korzystania z internetu i zapewnia dost\u0119p do poczty e-mail, WhatsApp, nawigacji i innych aplikacji internetowych za po\u015brednictwem szybkiego po\u0142\u0105czenia 4G\/5G. Wybierz, na jak d\u0142ugo potrzebujesz pakietu nielimitowanych danych: 7 dni, 14 dni lub 30 dni.<\/span>\r\n<h2>Pakiety danych na podr\u00f3\u017c po Belgii<\/h2>\r\n<span style=\"font-weight: 400;\">Karty eSIM do Belgii s\u0105 dost\u0119pne z pakietem nielimitowanych danych na 7, 14 i 30 dni:<\/span>\r\n\r\n(*) Nale\u017cy pami\u0119ta\u0107 o zasadach dozwolonego u\u017cytku. W przypadku ekstremalnego wykorzystania danych operator mo\u017ce ograniczy\u0107 mo\u017cliwo\u015bci (e)SIM. Polityka uczciwego u\u017cytkowania zak\u0142ada jednego u\u017cytkownika na (e)SIM. Przy normalnym korzystaniu z nawigacji, poczty e-mail, wyszukiwania w Internecie, wiadomo\u015bci WhatsApp, po\u0142\u0105cze\u0144 WhatsApp i aplikacji takich jak Instagram i Snapchat, Polityka Uczciwego Korzystania nie wchodzi w gr\u0119. Mo\u017ce to jednak miejsce w przypadku, na przyk\u0142ad, bardzo wysokiej ogl\u0105dalno\u015bci YouTube, TikTok, us\u0142ug streamingowych, takich jak Netflix i ogl\u0105dania telewizji online, a zw\u0142aszcza w po\u0142\u0105czeniu z wieloma osobami wsp\u00f3\u0142dziel\u0105cymi po\u0142\u0105czenie za po\u015brednictwem hotspotu lub routera. Zwroty koszt\u00f3w nie b\u0119d\u0105 przyznawane w przypadku naruszenia zasad uczciwego u\u017cytkowania<span style=\"font-weight: 400;\">.Karty eSIM do Belgii maj\u0105 doskona\u0142y zasi\u0119g og\u00f3lnokrajowy za po\u015brednictwem sieci 4G i 5G AT&amp;T i T-Mobile. Rejestracja u\u017cytkownika w Belgii nie jest wymagana. Po przybyciu do Belgii internet zaczyna dzia\u0142a\u0107 automatycznie. Nadaje si\u0119 do tetheringu, eSIM Belgium mo\u017ce by\u0107 r\u00f3wnie\u017c u\u017cywany do hotspot\u00f3w i MIFI.<\/span>\r\n<h2>WhatsApp z <span class=\"TextRun SCXW156812592 BCX0\" lang=\"NL-NL\" xml:lang=\"NL-NL\" data-contrast=\"none\"><span class=\"SpellingError SCXW156812592 BCX0\">eSIM <\/span><\/span>Belgia<\/h2>\r\nWszystkie po\u0142\u0105czenia internetowe, takie jak WhatsApp, Skype czy FaceTime s\u0105 oczywi\u015bcie r\u00f3wnie\u017c mo\u017cliwe z <span class=\"TextRun SCXW156812592 BCX0\" lang=\"NL-NL\" xml:lang=\"NL-NL\" data-contrast=\"none\"><span class=\"SpellingError SCXW156812592 BCX0\">kartami eSIM <\/span><\/span>dla Belgii. B\u0119dziesz wtedy korzysta\u0107 z pakietu danych na karcie <span class=\"TextRun SCXW156812592 BCX0\" lang=\"NL-NL\" xml:lang=\"NL-NL\" data-contrast=\"none\"><span class=\"SpellingError SCXW156812592 BCX0\">eSIM<\/span><\/span>. Mo\u017cesz nadal korzysta\u0107 z WhatsAppa z dotychczasowymi kontaktami, grupami i czatami \u2013 bez utraty historii rozm\u00f3wi. Po zainstalowaniu przedp\u0142aconej karty <span class=\"TextRun SCXW156812592 BCX0\" lang=\"NL-NL\" xml:lang=\"NL-NL\" data-contrast=\"none\"><span class=\"SpellingError SCXW156812592 BCX0\">eSIM <\/span><\/span>aplikacja WhatsApp mo\u017ce zapyta\u0107,, czy chcesz utworzy\u0107 now\u0105 to\u017csamo\u015b\u0107, czy te\u017c wszystko ma pozosta\u0107 bez zmian. Wybierz opcj\u0119 zachowania obecnej to\u017csamo\u015bci, aby nic si\u0119 nie zmieni\u0142o. Nast\u0119pnie mo\u017cesz nadal wysy\u0142a\u0107 wiadomo\u015bci i wykonywa\u0107 po\u0142\u0105czenia jak zwykle za pomoc\u0105 WhatsApp.\r\n<h2>Zasi\u0119g sieci kom\u00f3rkowej i dost\u0119p do internetu mobilnego w Belgii<\/h2>\r\nZasi\u0119g sieci kom\u00f3rkowej w Belgii jest doskona\u0142y. Dotyczy to szczeg\u00f3lnie du\u017cych miast, takich jak Bruksela, Antwerpia i Gandawa. Na rozleg\u0142ych terenach naturalnychch, takich jak Ardeny, zasi\u0119g mo\u017ce by\u0107 nieco mniejszy. Generalnie zasi\u0119g jest dobry we wszystkich wioskach i miastach z kartami <span class=\"TextRun SCXW156812592 BCX0\" lang=\"NL-NL\" xml:lang=\"NL-NL\" data-contrast=\"none\"><span class=\"SpellingError SCXW156812592 BCX0\">eSIM <\/span><\/span>dla Belgii.\r\n<h2>Otrzymaj belgijskich eSIM drog\u0105 mailow\u0105<\/h2>\r\nKart\u0119 eSIM do Belgii otrzymasz poczt\u0105 elektroniczn\u0105. To szybkie i proste rozwi\u0105zanie \u2013 dost\u0119pne, gdy jeste\u015b ju\u017c w Belgii lub wkr\u00f3tce wyruszasz w podr\u00f3\u017c.","product_specificaties":"<h2>internet z eSIM Belgia<\/h2>\r\n<span style=\"font-weight: 400;\">dost\u0119pne s\u0105 trzy warianty eSIM Belgia:<\/span>\r\n<h3>Nielimitowany eSIM Belgia 7 dni<\/h3>\r\n<ul>\r\n \t<li style=\"font-weight: 400;\"><span style=\"font-weight: 400;\">Nielimitowane dane w ca\u0142ej Belgii*<\/span><\/li>\r\n \t<li style=\"font-weight: 400;\"><span style=\"font-weight: 400;\">Pakiet wa\u017cny 7 dni. Mo\u017cna do\u0142adowa\u0107 za po\u015brednictwem tej strony internetowej.<\/span><\/li>\r\n<\/ul>\r\n<h3>Nielimitowana karta eSIM w Belgii 14 dni<\/h3>\r\n<ul>\r\n \t<li style=\"font-weight: 400;\"><span style=\"font-weight: 400;\">Nielimitowane dane w ca\u0142ej Belgii*.<\/span><\/li>\r\n \t<li style=\"font-weight: 400;\"><span style=\"font-weight: 400;\">Pakiet wa\u017cny przez 14 dni. Mo\u017cna do\u0142adowa\u0107 za po\u015brednictwem tej strony.<\/span><\/li>\r\n<\/ul>\r\n<h3>Nielimitowana karta eSIM Belgia 30 dni<\/h3>\r\n<ul>\r\n \t<li style=\"font-weight: 400;\"><span style=\"font-weight: 400;\">Nielimitowane dane w ca\u0142ej Belgii*<\/span><\/li>\r\n \t<li style=\"font-weight: 400;\"><span style=\"font-weight: 400;\">Pakiet wa\u017cny 30 dni. Do\u0142adowania mo\u017cna dokona\u0107 za po\u015brednictwem tej strony internetowej.<\/span><\/li>\r\n<\/ul>\r\n<span style=\"font-weight: 400;\">(*) Obowi\u0105zuj\u0105 zasady dozwolonego u\u017cytku. W przypadku ekstremalnego wykorzystania danych operator w Belgii mo\u017ce ograniczy\u0107 mo\u017cliwo\u015bci karty SIM.<\/span>","product_handleiding":"<h2>Jak zainstalowa\u0107 belgijsk\u0105 kart\u0119 SIM w smarfonie?<\/h2>\r\nOtw\u00f3rz tack\u0119 na kart\u0119 SIM znajduj\u0105c\u0105 si\u0119 z boku telefonu. Mo\u017cna to zrobi\u0107 za pomoc\u0105 szpilki do\u0142\u0105czonej do telefonu. Je\u015bli jej nie masz, mo\u017cesz j\u0105 wykona\u0107, prostuj\u0105c spinacz do papieru. Karty SIM Airport Telecom dost\u0119pne s\u0105 z dodatkowym bolcem. Wyjmij w\u0142asn\u0105 kart\u0119 SIM i zachowaj j\u0105 w bezpiecznym miejscu! W\u0142\u00f3\u017c now\u0105 kart\u0119 SIM. Mo\u017cna to zrobi\u0107 tylko w jeden spos\u00f3b. By\u0107 mo\u017ce posiadasz telefon, kt\u00f3ry mo\u017ce pomie\u015bci\u0107 kilka kart SIM. Wsu\u0144 kart\u0119 SIM z powrotem do telefonu. Nowa karta SIM aktywuje si\u0119 automatycznie. Telefon mo\u017ce poprosi\u0107 o wprowadzenie dodatkowych ustawie\u0144.","product_veelgestelde_vragen":null},"yoast_head":"<!-- This site is optimized with the Yoast SEO Premium plugin v24.4 (Yoast SEO v26.9) - https:\/\/yoast.com\/product\/yoast-seo-premium-wordpress\/ -->\n<title>eSIM Belgia kupi\u0107 przedp\u0142acony pakiet (nieograniczone) po\u0142\u0105czenia i internet - Airport Telecom PL<\/title>\n<meta name=\"description\" content=\"Szukasz karty przedp\u0142aconej eSIM Belgia na (nieograniczone) rozmowy i internet? Optymalna dost\u0119pno\u015b\u0107 podczas podr\u00f3\u017cy w eSIM Europa. Ju\u017c w sprzeda\u017cy od !\" \/>\n<meta name=\"robots\" content=\"index, follow, max-snippet:-1, max-image-preview:large, max-video-preview:-1\" \/>\n<link rel=\"canonical\" href=\"https:\/\/airporttelecom.com\/pl\/esim\/belgia\/\" \/>\n<meta property=\"og:locale\" content=\"pl_PL\" \/>\n<meta property=\"og:type\" content=\"article\" \/>\n<meta property=\"og:title\" content=\"eSIM Belgia\" \/>\n<meta property=\"og:description\" content=\"Szukasz karty przedp\u0142aconej eSIM Belgia na (nieograniczone) rozmowy i internet? Optymalna dost\u0119pno\u015b\u0107 podczas podr\u00f3\u017cy w eSIM Europa. Ju\u017c w sprzeda\u017cy od !\" \/>\n<meta property=\"og:url\" content=\"https:\/\/airporttelecom.com\/pl\/esim\/belgia\/\" \/>\n<meta property=\"og:site_name\" content=\"Airport Telecom PL\" \/>\n<meta property=\"article:modified_time\" content=\"2026-03-03T16:48:49+00:00\" \/>\n<meta property=\"og:image\" content=\"https:\/\/airporttelecom.com\/pl\/wp-content\/uploads\/sites\/7\/2024\/06\/Simkaart-Belgie.png\" \/>\n\t<meta property=\"og:image:width\" content=\"800\" \/>\n\t<meta property=\"og:image:height\" content=\"316\" \/>\n\t<meta property=\"og:image:type\" content=\"image\/png\" \/>\n<meta name=\"twitter:card\" content=\"summary_large_image\" \/>\n<meta name=\"twitter:label1\" content=\"Szacowany czas czytania\" \/>\n\t<meta name=\"twitter:data1\" content=\"1 minuta\" \/>\n<script type=\"application\/ld+json\" class=\"yoast-schema-graph\">{\"@context\":\"https:\/\/schema.org\",\"@graph\":[{\"@type\":\"WebPage\",\"@id\":\"https:\/\/airporttelecom.com\/pl\/esim\/belgia\/\",\"url\":\"https:\/\/airporttelecom.com\/pl\/esim\/belgia\/\",\"name\":\"eSIM Belgia kupi\u0107 przedp\u0142acony pakiet (nieograniczone) po\u0142\u0105czenia i internet - Airport Telecom PL\",\"isPartOf\":{\"@id\":\"https:\/\/airporttelecom.com\/pl\/#website\"},\"primaryImageOfPage\":{\"@id\":\"https:\/\/airporttelecom.com\/pl\/esim\/belgia\/#primaryimage\"},\"image\":{\"@id\":\"https:\/\/airporttelecom.com\/pl\/esim\/belgia\/#primaryimage\"},\"thumbnailUrl\":\"https:\/\/airporttelecom.com\/pl\/wp-content\/uploads\/sites\/7\/2024\/06\/Simkaart-Belgie.png\",\"datePublished\":\"2024-09-12T10:52:20+00:00\",\"dateModified\":\"2026-03-03T16:48:49+00:00\",\"description\":\"Szukasz karty przedp\u0142aconej eSIM Belgia na (nieograniczone) rozmowy i internet? Optymalna dost\u0119pno\u015b\u0107 podczas podr\u00f3\u017cy w eSIM Europa. Ju\u017c w sprzeda\u017cy od !\",\"breadcrumb\":{\"@id\":\"https:\/\/airporttelecom.com\/pl\/esim\/belgia\/#breadcrumb\"},\"inLanguage\":\"pl-PL\",\"potentialAction\":[{\"@type\":\"ReadAction\",\"target\":[\"https:\/\/airporttelecom.com\/pl\/esim\/belgia\/\"]}]},{\"@type\":\"ImageObject\",\"inLanguage\":\"pl-PL\",\"@id\":\"https:\/\/airporttelecom.com\/pl\/esim\/belgia\/#primaryimage\",\"url\":\"https:\/\/airporttelecom.com\/pl\/wp-content\/uploads\/sites\/7\/2024\/06\/Simkaart-Belgie.png\",\"contentUrl\":\"https:\/\/airporttelecom.com\/pl\/wp-content\/uploads\/sites\/7\/2024\/06\/Simkaart-Belgie.png\",\"width\":800,\"height\":316,\"caption\":\"Karta SIM Belgia\"},{\"@type\":\"BreadcrumbList\",\"@id\":\"https:\/\/airporttelecom.com\/pl\/esim\/belgia\/#breadcrumb\",\"itemListElement\":[{\"@type\":\"ListItem\",\"position\":1,\"name\":\"Home\",\"item\":\"https:\/\/airporttelecom.com\/pl\/\"},{\"@type\":\"ListItem\",\"position\":2,\"name\":\"eSIM\",\"item\":\"https:\/\/airporttelecom.com\/pl\/esim\/\"},{\"@type\":\"ListItem\",\"position\":3,\"name\":\"Belgia\"}]},{\"@type\":\"WebSite\",\"@id\":\"https:\/\/airporttelecom.com\/pl\/#website\",\"url\":\"https:\/\/airporttelecom.com\/pl\/\",\"name\":\"Airport Telecom\",\"description\":\"\",\"publisher\":{\"@id\":\"https:\/\/airporttelecom.com\/pl\/#organization\"},\"potentialAction\":[{\"@type\":\"SearchAction\",\"target\":{\"@type\":\"EntryPoint\",\"urlTemplate\":\"https:\/\/airporttelecom.com\/pl\/?s={search_term_string}\"},\"query-input\":{\"@type\":\"PropertyValueSpecification\",\"valueRequired\":true,\"valueName\":\"search_term_string\"}}],\"inLanguage\":\"pl-PL\"},{\"@type\":\"Organization\",\"@id\":\"https:\/\/airporttelecom.com\/pl\/#organization\",\"name\":\"Airport Telecom\",\"url\":\"https:\/\/airporttelecom.com\/pl\/\",\"logo\":{\"@type\":\"ImageObject\",\"inLanguage\":\"pl-PL\",\"@id\":\"https:\/\/airporttelecom.com\/pl\/#\/schema\/logo\/image\/\",\"url\":\"https:\/\/airporttelecom.com\/pl\/wp-content\/uploads\/sites\/7\/2024\/06\/icon.png?wsr\",\"contentUrl\":\"https:\/\/airporttelecom.com\/pl\/wp-content\/uploads\/sites\/7\/2024\/06\/icon.png?wsr\",\"width\":110,\"height\":110,\"caption\":\"Airport Telecom\"},\"image\":{\"@id\":\"https:\/\/airporttelecom.com\/pl\/#\/schema\/logo\/image\/\"}}]}<\/script>\n<!-- \/ Yoast SEO Premium plugin. -->","yoast_head_json":{"title":"eSIM Belgia kupi\u0107 przedp\u0142acony pakiet (nieograniczone) po\u0142\u0105czenia i internet - Airport Telecom PL","description":"Szukasz karty przedp\u0142aconej eSIM Belgia na (nieograniczone) rozmowy i internet? Optymalna dost\u0119pno\u015b\u0107 podczas podr\u00f3\u017cy w eSIM Europa. Ju\u017c w sprzeda\u017cy od !","robots":{"index":"index","follow":"follow","max-snippet":"max-snippet:-1","max-image-preview":"max-image-preview:large","max-video-preview":"max-video-preview:-1"},"canonical":"https:\/\/airporttelecom.com\/pl\/esim\/belgia\/","og_locale":"pl_PL","og_type":"article","og_title":"eSIM Belgia","og_description":"Szukasz karty przedp\u0142aconej eSIM Belgia na (nieograniczone) rozmowy i internet? Optymalna dost\u0119pno\u015b\u0107 podczas podr\u00f3\u017cy w eSIM Europa. Ju\u017c w sprzeda\u017cy od !","og_url":"https:\/\/airporttelecom.com\/pl\/esim\/belgia\/","og_site_name":"Airport Telecom PL","article_modified_time":"2026-03-03T16:48:49+00:00","og_image":[{"width":800,"height":316,"url":"https:\/\/airporttelecom.com\/pl\/wp-content\/uploads\/sites\/7\/2024\/06\/Simkaart-Belgie.png","type":"image\/png"}],"twitter_card":"summary_large_image","twitter_misc":{"Szacowany czas czytania":"1 minuta"},"schema":{"@context":"https:\/\/schema.org","@graph":[{"@type":"WebPage","@id":"https:\/\/airporttelecom.com\/pl\/esim\/belgia\/","url":"https:\/\/airporttelecom.com\/pl\/esim\/belgia\/","name":"eSIM Belgia kupi\u0107 przedp\u0142acony pakiet (nieograniczone) po\u0142\u0105czenia i internet - Airport Telecom PL","isPartOf":{"@id":"https:\/\/airporttelecom.com\/pl\/#website"},"primaryImageOfPage":{"@id":"https:\/\/airporttelecom.com\/pl\/esim\/belgia\/#primaryimage"},"image":{"@id":"https:\/\/airporttelecom.com\/pl\/esim\/belgia\/#primaryimage"},"thumbnailUrl":"https:\/\/airporttelecom.com\/pl\/wp-content\/uploads\/sites\/7\/2024\/06\/Simkaart-Belgie.png","datePublished":"2024-09-12T10:52:20+00:00","dateModified":"2026-03-03T16:48:49+00:00","description":"Szukasz karty przedp\u0142aconej eSIM Belgia na (nieograniczone) rozmowy i internet? Optymalna dost\u0119pno\u015b\u0107 podczas podr\u00f3\u017cy w eSIM Europa. Ju\u017c w sprzeda\u017cy od !","breadcrumb":{"@id":"https:\/\/airporttelecom.com\/pl\/esim\/belgia\/#breadcrumb"},"inLanguage":"pl-PL","potentialAction":[{"@type":"ReadAction","target":["https:\/\/airporttelecom.com\/pl\/esim\/belgia\/"]}]},{"@type":"ImageObject","inLanguage":"pl-PL","@id":"https:\/\/airporttelecom.com\/pl\/esim\/belgia\/#primaryimage","url":"https:\/\/airporttelecom.com\/pl\/wp-content\/uploads\/sites\/7\/2024\/06\/Simkaart-Belgie.png","contentUrl":"https:\/\/airporttelecom.com\/pl\/wp-content\/uploads\/sites\/7\/2024\/06\/Simkaart-Belgie.png","width":800,"height":316,"caption":"Karta SIM Belgia"},{"@type":"BreadcrumbList","@id":"https:\/\/airporttelecom.com\/pl\/esim\/belgia\/#breadcrumb","itemListElement":[{"@type":"ListItem","position":1,"name":"Home","item":"https:\/\/airporttelecom.com\/pl\/"},{"@type":"ListItem","position":2,"name":"eSIM","item":"https:\/\/airporttelecom.com\/pl\/esim\/"},{"@type":"ListItem","position":3,"name":"Belgia"}]},{"@type":"WebSite","@id":"https:\/\/airporttelecom.com\/pl\/#website","url":"https:\/\/airporttelecom.com\/pl\/","name":"Airport Telecom","description":"","publisher":{"@id":"https:\/\/airporttelecom.com\/pl\/#organization"},"potentialAction":[{"@type":"SearchAction","target":{"@type":"EntryPoint","urlTemplate":"https:\/\/airporttelecom.com\/pl\/?s={search_term_string}"},"query-input":{"@type":"PropertyValueSpecification","valueRequired":true,"valueName":"search_term_string"}}],"inLanguage":"pl-PL"},{"@type":"Organization","@id":"https:\/\/airporttelecom.com\/pl\/#organization","name":"Airport Telecom","url":"https:\/\/airporttelecom.com\/pl\/","logo":{"@type":"ImageObject","inLanguage":"pl-PL","@id":"https:\/\/airporttelecom.com\/pl\/#\/schema\/logo\/image\/","url":"https:\/\/airporttelecom.com\/pl\/wp-content\/uploads\/sites\/7\/2024\/06\/icon.png?wsr","contentUrl":"https:\/\/airporttelecom.com\/pl\/wp-content\/uploads\/sites\/7\/2024\/06\/icon.png?wsr","width":110,"height":110,"caption":"Airport Telecom"},"image":{"@id":"https:\/\/airporttelecom.com\/pl\/#\/schema\/logo\/image\/"}}]}},"custom_permalink":"esim\/belgia","_links":{"self":[{"href":"https:\/\/airporttelecom.com\/pl\/wp-json\/wp\/v2\/product\/1731","targetHints":{"allow":["GET"]}}],"collection":[{"href":"https:\/\/airporttelecom.com\/pl\/wp-json\/wp\/v2\/product"}],"about":[{"href":"https:\/\/airporttelecom.com\/pl\/wp-json\/wp\/v2\/types\/product"}],"replies":[{"embeddable":true,"href":"https:\/\/airporttelecom.com\/pl\/wp-json\/wp\/v2\/comments?post=1731"}],"wp:featuredmedia":[{"embeddable":true,"href":"https:\/\/airporttelecom.com\/pl\/wp-json\/wp\/v2\/media\/1376"}],"wp:attachment":[{"href":"https:\/\/airporttelecom.com\/pl\/wp-json\/wp\/v2\/media?parent=1731"}],"wp:term":[{"taxonomy":"product_brand","embeddable":true,"href":"https:\/\/airporttelecom.com\/pl\/wp-json\/wp\/v2\/product_brand?post=1731"},{"taxonomy":"product_cat","embeddable":true,"href":"https:\/\/airporttelecom.com\/pl\/wp-json\/wp\/v2\/product_cat?post=1731"},{"taxonomy":"product_tag","embeddable":true,"href":"https:\/\/airporttelecom.com\/pl\/wp-json\/wp\/v2\/product_tag?post=1731"}],"curies":[{"name":"wp","href":"https:\/\/api.w.org\/{rel}","templated":true}]}}