{"id":191,"date":"2024-06-13T14:20:31","date_gmt":"2024-06-13T14:20:31","guid":{"rendered":"https:\/\/airporttelecom.outperforming.nl\/nl\/?post_type=product&#038;p=191"},"modified":"2026-02-24T16:35:59","modified_gmt":"2026-02-24T16:35:59","slug":"simkaart-mexico","status":"publish","type":"product","link":"https:\/\/airporttelecom.com\/pl\/karta-sim\/meksyk\/","title":{"rendered":"Karta SIM Meksyk"},"content":{"rendered":"","protected":false},"excerpt":{"rendered":"","protected":false},"featured_media":699,"comment_status":"open","ping_status":"closed","template":"","meta":{"_acf_changed":false},"product_brand":[],"product_cat":[17],"product_tag":[24,36],"class_list":{"0":"post-191","1":"product","2":"type-product","3":"status-publish","4":"has-post-thumbnail","6":"product_cat-karta-sim","7":"product_tag-karta-sim-ameryka-polnocna","8":"product_tag-karta-sim-ameryka-srodkowa","10":"first","11":"instock","12":"taxable","13":"shipping-taxable","14":"purchasable","15":"product-type-variable"},"acf":{"gebied_afbeelding":875,"vlag_afbeelding":192,"provider":["ATT","LIN"],"product_synoniemen":null,"product_bestel_velden":["vertrekdatum"],"product_omschrijving":"<h2>Zasi\u0119g i internet mobilny w Meksyku z kart\u0105 SIM<\/h2>\r\nMeksyk to rozleg\u0142y kraj, kt\u00f3ry oferuje dobry zasi\u0119g telefonii kom\u00f3rkowej i szybki internet mobilny w du\u017cych miastach oraz popularnych kurortach nadmorskich. W miejscowo\u015bciach turystycznych, takich jak Playa del Carmen czy Acapulco, mo\u017cesz bez problemu korzysta\u0107 z transmisji danych, medi\u00f3w spo\u0142eczno\u015bciowych i nawigacji online.\r\n\r\nW stolicy kraju \u2013 Meksyk \u2013 zasi\u0119g telefonii kom\u00f3rkowej jest bardzo dobry zar\u00f3wno w centrum, jak i w dzielnicach mieszkalnych. Spaceruj\u0105c po Centro Hist\u00f3rico, jedz\u0105c lokalne churros czy zwiedzaj\u0105c Palacio Nacional, mo\u017cesz swobodnie korzysta\u0107 z map Google, komunikator\u00f3w oraz udost\u0119pnia\u0107 zdj\u0119cia i relacje w mediach spo\u0142eczno\u015bciowych.\r\n\r\nStabilny internet mobilny w Meksyku dost\u0119pny jest r\u00f3wnie\u017c w najpopularniejszych kurortach. W Canc\u00fan, znanym z bia\u0142ych pla\u017c i bogatego \u017cycia nocnego, zasi\u0119g jest bardzo dobry. Podobnie w miejscowo\u015bciach takich jak Zihuatanejo czy Cozumel \u2013 tam bez problemu skorzystasz z internetu mobilnego, rezerwacji online czy aplikacji transportowych.\r\n\r\nWarto jednak pami\u0119ta\u0107, \u017ce Meksyk to nie tylko miasta i kurorty, ale tak\u017ce rozleg\u0142e tereny wiejskie, g\u00f3ry oraz obszary oddalone od infrastruktury telekomunikacyjnej. W mniej zaludnionych regionach zasi\u0119g sieci kom\u00f3rkowej mo\u017ce by\u0107 ograniczony lub chwilowo niedost\u0119pny. Planuj\u0105c podr\u00f3\u017c poza g\u0142\u00f3wne szlaki turystyczne, warto uwzgl\u0119dni\u0107 mo\u017cliwe przerwy w dost\u0119pie do internetu.\r\n<h2>Dane mobilne i po\u0142\u0105czenia w Meksyku<\/h2>\r\nKarta SIM do Meksyku posiada w\u0142asny numer telefonu. Karta 5 GB obejmuje nielimitowane po\u0142\u0105czenia lokalne. Nielimitowana karta SIM obejmuje tak\u017ce nieograniczon\u0105 liczb\u0119 minut na po\u0142\u0105czenia lokalne, co jest szczeg\u00f3lnie przydatne przy kontaktowaniu si\u0119 z hotelami lub restauracjami w Meksyku.\r\n<h2>WhatsApp z kart\u0105 SIM w Meksyku<\/h2>\r\nWszystkie po\u0142\u0105czenia internetowe, takie jak WhatsApp, Skype, Facetime itp. s\u0105 oczywi\u015bcie r\u00f3wnie\u017c mo\u017cliwe. W ko\u0144cu b\u0119dziesz wtedy korzysta\u0107 z pakietu danych na karcie SIM. Podobnie jak wszystkie inne aplikacje, mo\u017cesz nadal korzysta\u0107 z WhatsApp jak zwykle. Gdy WhatsApp zorientuje si\u0119, \u017ce w telefonie znajduje si\u0119 inna karta SIM, aplikacja WhatsApp mo\u017ce zapyta\u0107,, czy chcesz utworzy\u0107 nowe konto, czy te\u017c wszystko powinno pozosta\u0107 bez zmian. Je\u015bli wybierzesz t\u0119 drug\u0105 opcj\u0119, w WhatsApp nic si\u0119 nie zmieni. Zachowasz swoj\u0105 dotychczasow\u0105 to\u017csamo\u015b\u0107 WhatsApp ze wszystkimi kontaktami, grupami i czatami.\r\n<h2>Zasi\u0119g z kart\u0105 SIM Meksyk<\/h2>\r\nMeksyk to ogromny kraj z dobrym zasi\u0119giem telefonicznym w miastach i znanych nadmorskich miejscowo\u015bciach, takich jak Playa del Carmen i Acapulco, ale tak\u017ce z wieloma odleg\u0142ymi obszarami, w kt\u00f3rych nie ma maszt\u00f3w. W mie\u015bcie Meksyk i jego okolicach zasi\u0119g telefonii kom\u00f3rkowej jest doskona\u0142y, wi\u0119c jedz\u0105c churros w Centro Hist\u00f3rico lub ogl\u0105daj\u0105c \"Histori\u0119 Meksyku\" w Palacio Nacional, mo\u017cesz nawigowa\u0107 lub udost\u0119pnia\u0107 zdj\u0119cia na froncie domowym. Na wsi i w g\u00f3rach b\u0119dzie to trudniejsze. W Cancun z jego bia\u0142ymi pla\u017cami i t\u0119tni\u0105cym \u017cyciem nocnym jest doskona\u0142y internet mobilny, to samo dotyczy Zihuatanejo, Cozumel i wielu innych znanych i zat\u0142oczonych miejsc.\r\n<h2>Karta SIM do Meksyku i USA<\/h2>\r\nJak wskazano, zar\u00f3wno karta SIM 5\u202fGB, jak i karta SIM z pakietem nielimitowanym dzia\u0142aj\u0105 w Meksyku i w USA. Dzi\u0119ki nim masz do dyspozycji 5\u202fGB lub nieograniczony internet, a tak\u017ce mo\u017cliwo\u015b\u0107 wykonywania i odbierania po\u0142\u0105cze\u0144 w obu krajach. To idealne rozwi\u0105zanie podczas podr\u00f3\u017cy po Meksyku i Stanach Zjednoczonych.\r\n<h2>Darmowa dostawa karty SIM prosto do domu<\/h2>\r\nKarta SIM Meksyk zostanie bezp\u0142atnie dostarczona pod wskazany adres. Zam\u00f3wienia z\u0142o\u017cone w dni robocze przed godzin\u0105 14:00 wysy\u0142amy tego samego dnia. Standardowy czas dostawy wynosi oko\u0142o pi\u0119ciu dni roboczych. Potrzebujesz szybciej? Wybierz eSIM, kt\u00f3ry zostanie wys\u0142any bezpo\u015brednio na Tw\u00f3j adres e-mail.\r\n\r\n&nbsp;\r\n\r\n&nbsp;","product_specificaties":"<h2>Zalety karty SIM Meksyk<\/h2>\r\n<ul>\r\n \t<li>Karta SIM Meksyk jest dost\u0119pna we wszystkich rozmiarach (mini, micro i nano) i pasuje do ka\u017cdego telefonu.<\/li>\r\n \t<li><article class=\"text-token-text-primary w-full focus:outline-none [--shadow-height:45px] has-data-writing-block:pointer-events-none has-data-writing-block:-mt-(--shadow-height) has-data-writing-block:pt-(--shadow-height) [&amp;:has([data-writing-block])&gt;*]:pointer-events-auto scroll-mt-(--header-height)\" dir=\"auto\" data-turn-id=\"79e534ee-a40d-4ac8-a0f0-ad62a4989d50\" data-testid=\"conversation-turn-45\" data-scroll-anchor=\"false\" data-turn=\"user\"><\/article><article class=\"text-token-text-primary w-full focus:outline-none [--shadow-height:45px] has-data-writing-block:pointer-events-none has-data-writing-block:-mt-(--shadow-height) has-data-writing-block:pt-(--shadow-height) [&amp;:has([data-writing-block])&gt;*]:pointer-events-auto scroll-mt-[calc(var(--header-height)+min(200px,max(70px,20svh)))]\" dir=\"auto\" data-turn-id=\"request-WEB:679f4688-e0f4-4166-be80-1f094bb4bc9f-22\" data-testid=\"conversation-turn-46\" data-scroll-anchor=\"true\" data-turn=\"assistant\">\r\n<div class=\"text-base my-auto mx-auto pb-10 [--thread-content-margin:--spacing(4)] @w-sm\/main:[--thread-content-margin:--spacing(6)] @w-lg\/main:[--thread-content-margin:--spacing(16)] px-(--thread-content-margin)\">\r\n<div class=\"[--thread-content-max-width:40rem] @w-lg\/main:[--thread-content-max-width:48rem] mx-auto max-w-(--thread-content-max-width) flex-1 group\/turn-messages focus-visible:outline-hidden relative flex w-full min-w-0 flex-col agent-turn\">\r\n<div class=\"flex max-w-full flex-col grow\">\r\n<div class=\"min-h-8 text-message relative flex w-full flex-col items-end gap-2 text-start break-words whitespace-normal [.text-message+&amp;]:mt-1\" dir=\"auto\" data-message-author-role=\"assistant\" data-message-id=\"5e6da2c0-d219-43fb-aebb-428e3529c22f\" data-message-model-slug=\"gpt-5-mini\">\r\n<div class=\"flex w-full flex-col gap-1 empty:hidden first:pt-[1px]\">\r\n<div class=\"markdown prose dark:prose-invert w-full wrap-break-word light markdown-new-styling\">\r\n<p data-start=\"0\" data-end=\"138\" data-is-last-node=\"\" data-is-only-node=\"\">W ca\u0142ym Meksyku dost\u0119pny pod jednym numerem telefonu. Dzi\u0119ki karcie SIM do Meksyku mo\u017cesz by\u0107 tak\u017ce osi\u0105galny pod tym samym numerem w USA.<\/p>\r\n\r\n<\/div>\r\n<\/div>\r\n<\/div>\r\n<\/div>\r\n<\/div>\r\n<\/div>\r\n<\/article><\/li>\r\n<\/ul>\r\n<h2>Dane mobilne i po\u0142\u0105czenia w Meksyku<\/h2>\r\ndost\u0119pne s\u0105 dwa warianty karty SIM Meksyk:\r\n<h3>Karta SIM 5GB danych<\/h3>\r\n<ul>\r\n \t<li>w tym nielimitowane minuty na po\u0142\u0105czenia lokalne w Meksyku i USA<\/li>\r\n \t<li>w tym 5 GB danych w Meksyku i USA<\/li>\r\n<\/ul>\r\n<h3>Karta SIM nielimitowane dane<\/h3>\r\n<ul>\r\n \t<li>w tym nielimitowane po\u0142\u0105czenia lokalne z numerami w Meksyku i USA *<\/li>\r\n \t<li>w tym nielimitowane dane w Meksyku i USA *<\/li>\r\n<\/ul>\r\nPakiety danych s\u0105 wa\u017cne przez 30 dni od momentu aktywacji. (*) Obowi\u0105zuj\u0105 zasady dozwolonego u\u017cytku. W przypadku ekstremalnego wykorzystania danych operator w Meksyku mo\u017ce ograniczy\u0107 mo\u017cliwo\u015bci karty SIM.","product_handleiding":"<h2><span data-contrast=\"none\">Jak zainstalowa\u0107 kart\u0119 SIM do Meksyku w smarfonie?<\/span><\/h2>\r\n<span data-contrast=\"none\">Otw\u00f3rz tack\u0119 na kart\u0119 SIM znajduj\u0105c\u0105 si\u0119 z boku telefonu. Mo\u017cna to zrobi\u0107 za pomoc\u0105 szpilki do\u0142\u0105czonej do telefonu. Je\u015bli jej nie masz, mo\u017cesz j\u0105 wykona\u0107, prostuj\u0105c spinacz do papieru. Karty SIM od Airport Telecom dost\u0119pne s\u0105 z dodatkow\u0105 szpilk\u0105.<\/span> <span data-contrast=\"none\">Wyjmij w\u0142asn\u0105 kart\u0119 SIM i zachowaj j\u0105 w bezpiecznym miejscu! W\u0142\u00f3\u017c now\u0105 kart\u0119 SIM. Mo\u017cna to zrobi\u0107 tylko w jeden spos\u00f3b. Telefon mo\u017ce by\u0107 wyposa\u017cony w kilka kart SIM.<\/span> W\u0142\u00f3\u017c <span data-contrast=\"none\">now\u0105 kart\u0119 SIM jako kart\u0119 dodatkow\u0105.<\/span> <span data-contrast=\"none\">Wsu\u0144 tack\u0119 z kart\u0105 SIM z powrotem do telefonu. Nowa karta SIM aktywuje si\u0119 automatycznie. Telefon mo\u017ce poprosi\u0107 o wprowadzenie dodatkowych ustawie\u0144.<\/span>","product_veelgestelde_vragen":[{"vraag":"Kt\u00f3rej karty SIM u\u017cywa\u0107 w Meksyku? ","antwoord":"W przypadku kr\u00f3tkiego, kilkudniowego pobytu prawdopodobnie nie b\u0119dziesz potrzebowa\u0107 du\u017cej ilo\u015bci danych. Pakiet 5 GB danych dla Meksyku mo\u017ce okaza\u0107 si\u0119 wystarczaj\u0105cy. Aplikacje takie jak WhatsApp, Instagram i nawigacja nie zu\u017cywaj\u0105 du\u017co danych. W przypadku d\u0142u\u017cszego pobytu warto wybra\u0107 opcj\u0119 nielimitowanego internetu, aby zapewni\u0107 sobie wystarczaj\u0105c\u0105 ilo\u015b\u0107 danych. Karta Pakiet nielimitowany oferuje r\u00f3wnie\u017c nielimitowane po\u0142\u0105czenia na terenie Meksyku. "},{"vraag":"Gdzie kupi\u0107 kart\u0119 SIM do Meksyku? ","antwoord":"Kup kart\u0119 SIM do Meksyku od Airport Telecom. . Z\u0142\u00f3\u017c zam\u00f3wienie online, a karta SIM zostanie bezp\u0142atnie dostarczona na Tw\u00f3j adres domowy. "}]},"yoast_head":"<!-- This site is optimized with the Yoast SEO Premium plugin v24.4 (Yoast SEO v26.9) - https:\/\/yoast.com\/product\/yoast-seo-premium-wordpress\/ -->\n<title>Karta SIM Meksyk kupi\u0107 przedp\u0142acony pakiet (nieograniczone) po\u0142\u0105czenia i internet - Airport Telecom PL<\/title>\n<meta name=\"description\" content=\"Szukasz karty przedp\u0142aconej Karta SIM Meksyk na (nieograniczone) rozmowy i internet? Optymalna dost\u0119pno\u015b\u0107 podczas podr\u00f3\u017cy w Karta SIM Ameryka P\u00f3\u0142nocna, Karta SIM Ameryka \u015arodkowa. Ju\u017c w sprzeda\u017cy od !\" \/>\n<meta name=\"robots\" content=\"index, follow, max-snippet:-1, max-image-preview:large, max-video-preview:-1\" \/>\n<link rel=\"canonical\" href=\"https:\/\/airporttelecom.com\/pl\/karta-sim\/meksyk\/\" \/>\n<meta property=\"og:locale\" content=\"pl_PL\" \/>\n<meta property=\"og:type\" content=\"article\" \/>\n<meta property=\"og:title\" content=\"Karta SIM Meksyk\" \/>\n<meta property=\"og:description\" content=\"Szukasz karty przedp\u0142aconej Karta SIM Meksyk na (nieograniczone) rozmowy i internet? Optymalna dost\u0119pno\u015b\u0107 podczas podr\u00f3\u017cy w Karta SIM Ameryka P\u00f3\u0142nocna, Karta SIM Ameryka \u015arodkowa. Ju\u017c w sprzeda\u017cy od !\" \/>\n<meta property=\"og:url\" content=\"https:\/\/airporttelecom.com\/pl\/karta-sim\/meksyk\/\" \/>\n<meta property=\"og:site_name\" content=\"Airport Telecom PL\" \/>\n<meta property=\"article:modified_time\" content=\"2026-02-24T16:35:59+00:00\" \/>\n<meta property=\"og:image\" content=\"https:\/\/airporttelecom.com\/pl\/wp-content\/uploads\/sites\/7\/2024\/06\/Simkaart-Mexico.png\" \/>\n\t<meta property=\"og:image:width\" content=\"800\" \/>\n\t<meta property=\"og:image:height\" content=\"319\" \/>\n\t<meta property=\"og:image:type\" content=\"image\/png\" \/>\n<meta name=\"twitter:card\" content=\"summary_large_image\" \/>\n<meta name=\"twitter:label1\" content=\"Szacowany czas czytania\" \/>\n\t<meta name=\"twitter:data1\" content=\"1 minuta\" \/>\n<script type=\"application\/ld+json\" class=\"yoast-schema-graph\">{\"@context\":\"https:\/\/schema.org\",\"@graph\":[{\"@type\":\"WebPage\",\"@id\":\"https:\/\/airporttelecom.com\/pl\/karta-sim\/meksyk\/\",\"url\":\"https:\/\/airporttelecom.com\/pl\/karta-sim\/meksyk\/\",\"name\":\"Karta SIM Meksyk kupi\u0107 przedp\u0142acony pakiet (nieograniczone) po\u0142\u0105czenia i internet - Airport Telecom PL\",\"isPartOf\":{\"@id\":\"https:\/\/airporttelecom.com\/pl\/#website\"},\"primaryImageOfPage\":{\"@id\":\"https:\/\/airporttelecom.com\/pl\/karta-sim\/meksyk\/#primaryimage\"},\"image\":{\"@id\":\"https:\/\/airporttelecom.com\/pl\/karta-sim\/meksyk\/#primaryimage\"},\"thumbnailUrl\":\"https:\/\/airporttelecom.com\/pl\/wp-content\/uploads\/sites\/7\/2024\/06\/Simkaart-Mexico.png\",\"datePublished\":\"2024-06-13T14:20:31+00:00\",\"dateModified\":\"2026-02-24T16:35:59+00:00\",\"description\":\"Szukasz karty przedp\u0142aconej Karta SIM Meksyk na (nieograniczone) rozmowy i internet? Optymalna dost\u0119pno\u015b\u0107 podczas podr\u00f3\u017cy w Karta SIM Ameryka P\u00f3\u0142nocna, Karta SIM Ameryka \u015arodkowa. Ju\u017c w sprzeda\u017cy od !\",\"breadcrumb\":{\"@id\":\"https:\/\/airporttelecom.com\/pl\/karta-sim\/meksyk\/#breadcrumb\"},\"inLanguage\":\"pl-PL\",\"potentialAction\":[{\"@type\":\"ReadAction\",\"target\":[\"https:\/\/airporttelecom.com\/pl\/karta-sim\/meksyk\/\"]}]},{\"@type\":\"ImageObject\",\"inLanguage\":\"pl-PL\",\"@id\":\"https:\/\/airporttelecom.com\/pl\/karta-sim\/meksyk\/#primaryimage\",\"url\":\"https:\/\/airporttelecom.com\/pl\/wp-content\/uploads\/sites\/7\/2024\/06\/Simkaart-Mexico.png\",\"contentUrl\":\"https:\/\/airporttelecom.com\/pl\/wp-content\/uploads\/sites\/7\/2024\/06\/Simkaart-Mexico.png\",\"width\":800,\"height\":319,\"caption\":\"Karta SIM Meksyk\"},{\"@type\":\"BreadcrumbList\",\"@id\":\"https:\/\/airporttelecom.com\/pl\/karta-sim\/meksyk\/#breadcrumb\",\"itemListElement\":[{\"@type\":\"ListItem\",\"position\":1,\"name\":\"Home\",\"item\":\"https:\/\/airporttelecom.com\/pl\/\"},{\"@type\":\"ListItem\",\"position\":2,\"name\":\"Karta SIM\",\"item\":\"https:\/\/airporttelecom.com\/pl\/karta-sim\/\"},{\"@type\":\"ListItem\",\"position\":3,\"name\":\"Karta SIM Meksyk\"}]},{\"@type\":\"WebSite\",\"@id\":\"https:\/\/airporttelecom.com\/pl\/#website\",\"url\":\"https:\/\/airporttelecom.com\/pl\/\",\"name\":\"Airport Telecom\",\"description\":\"\",\"publisher\":{\"@id\":\"https:\/\/airporttelecom.com\/pl\/#organization\"},\"potentialAction\":[{\"@type\":\"SearchAction\",\"target\":{\"@type\":\"EntryPoint\",\"urlTemplate\":\"https:\/\/airporttelecom.com\/pl\/?s={search_term_string}\"},\"query-input\":{\"@type\":\"PropertyValueSpecification\",\"valueRequired\":true,\"valueName\":\"search_term_string\"}}],\"inLanguage\":\"pl-PL\"},{\"@type\":\"Organization\",\"@id\":\"https:\/\/airporttelecom.com\/pl\/#organization\",\"name\":\"Airport Telecom\",\"url\":\"https:\/\/airporttelecom.com\/pl\/\",\"logo\":{\"@type\":\"ImageObject\",\"inLanguage\":\"pl-PL\",\"@id\":\"https:\/\/airporttelecom.com\/pl\/#\/schema\/logo\/image\/\",\"url\":\"https:\/\/airporttelecom.com\/pl\/wp-content\/uploads\/sites\/7\/2024\/06\/icon.png?wsr\",\"contentUrl\":\"https:\/\/airporttelecom.com\/pl\/wp-content\/uploads\/sites\/7\/2024\/06\/icon.png?wsr\",\"width\":110,\"height\":110,\"caption\":\"Airport Telecom\"},\"image\":{\"@id\":\"https:\/\/airporttelecom.com\/pl\/#\/schema\/logo\/image\/\"}}]}<\/script>\n<!-- \/ Yoast SEO Premium plugin. -->","yoast_head_json":{"title":"Karta SIM Meksyk kupi\u0107 przedp\u0142acony pakiet (nieograniczone) po\u0142\u0105czenia i internet - Airport Telecom PL","description":"Szukasz karty przedp\u0142aconej Karta SIM Meksyk na (nieograniczone) rozmowy i internet? Optymalna dost\u0119pno\u015b\u0107 podczas podr\u00f3\u017cy w Karta SIM Ameryka P\u00f3\u0142nocna, Karta SIM Ameryka \u015arodkowa. Ju\u017c w sprzeda\u017cy od !","robots":{"index":"index","follow":"follow","max-snippet":"max-snippet:-1","max-image-preview":"max-image-preview:large","max-video-preview":"max-video-preview:-1"},"canonical":"https:\/\/airporttelecom.com\/pl\/karta-sim\/meksyk\/","og_locale":"pl_PL","og_type":"article","og_title":"Karta SIM Meksyk","og_description":"Szukasz karty przedp\u0142aconej Karta SIM Meksyk na (nieograniczone) rozmowy i internet? Optymalna dost\u0119pno\u015b\u0107 podczas podr\u00f3\u017cy w Karta SIM Ameryka P\u00f3\u0142nocna, Karta SIM Ameryka \u015arodkowa. Ju\u017c w sprzeda\u017cy od !","og_url":"https:\/\/airporttelecom.com\/pl\/karta-sim\/meksyk\/","og_site_name":"Airport Telecom PL","article_modified_time":"2026-02-24T16:35:59+00:00","og_image":[{"width":800,"height":319,"url":"https:\/\/airporttelecom.com\/pl\/wp-content\/uploads\/sites\/7\/2024\/06\/Simkaart-Mexico.png","type":"image\/png"}],"twitter_card":"summary_large_image","twitter_misc":{"Szacowany czas czytania":"1 minuta"},"schema":{"@context":"https:\/\/schema.org","@graph":[{"@type":"WebPage","@id":"https:\/\/airporttelecom.com\/pl\/karta-sim\/meksyk\/","url":"https:\/\/airporttelecom.com\/pl\/karta-sim\/meksyk\/","name":"Karta SIM Meksyk kupi\u0107 przedp\u0142acony pakiet (nieograniczone) po\u0142\u0105czenia i internet - Airport Telecom PL","isPartOf":{"@id":"https:\/\/airporttelecom.com\/pl\/#website"},"primaryImageOfPage":{"@id":"https:\/\/airporttelecom.com\/pl\/karta-sim\/meksyk\/#primaryimage"},"image":{"@id":"https:\/\/airporttelecom.com\/pl\/karta-sim\/meksyk\/#primaryimage"},"thumbnailUrl":"https:\/\/airporttelecom.com\/pl\/wp-content\/uploads\/sites\/7\/2024\/06\/Simkaart-Mexico.png","datePublished":"2024-06-13T14:20:31+00:00","dateModified":"2026-02-24T16:35:59+00:00","description":"Szukasz karty przedp\u0142aconej Karta SIM Meksyk na (nieograniczone) rozmowy i internet? Optymalna dost\u0119pno\u015b\u0107 podczas podr\u00f3\u017cy w Karta SIM Ameryka P\u00f3\u0142nocna, Karta SIM Ameryka \u015arodkowa. Ju\u017c w sprzeda\u017cy od !","breadcrumb":{"@id":"https:\/\/airporttelecom.com\/pl\/karta-sim\/meksyk\/#breadcrumb"},"inLanguage":"pl-PL","potentialAction":[{"@type":"ReadAction","target":["https:\/\/airporttelecom.com\/pl\/karta-sim\/meksyk\/"]}]},{"@type":"ImageObject","inLanguage":"pl-PL","@id":"https:\/\/airporttelecom.com\/pl\/karta-sim\/meksyk\/#primaryimage","url":"https:\/\/airporttelecom.com\/pl\/wp-content\/uploads\/sites\/7\/2024\/06\/Simkaart-Mexico.png","contentUrl":"https:\/\/airporttelecom.com\/pl\/wp-content\/uploads\/sites\/7\/2024\/06\/Simkaart-Mexico.png","width":800,"height":319,"caption":"Karta SIM Meksyk"},{"@type":"BreadcrumbList","@id":"https:\/\/airporttelecom.com\/pl\/karta-sim\/meksyk\/#breadcrumb","itemListElement":[{"@type":"ListItem","position":1,"name":"Home","item":"https:\/\/airporttelecom.com\/pl\/"},{"@type":"ListItem","position":2,"name":"Karta SIM","item":"https:\/\/airporttelecom.com\/pl\/karta-sim\/"},{"@type":"ListItem","position":3,"name":"Karta SIM Meksyk"}]},{"@type":"WebSite","@id":"https:\/\/airporttelecom.com\/pl\/#website","url":"https:\/\/airporttelecom.com\/pl\/","name":"Airport Telecom","description":"","publisher":{"@id":"https:\/\/airporttelecom.com\/pl\/#organization"},"potentialAction":[{"@type":"SearchAction","target":{"@type":"EntryPoint","urlTemplate":"https:\/\/airporttelecom.com\/pl\/?s={search_term_string}"},"query-input":{"@type":"PropertyValueSpecification","valueRequired":true,"valueName":"search_term_string"}}],"inLanguage":"pl-PL"},{"@type":"Organization","@id":"https:\/\/airporttelecom.com\/pl\/#organization","name":"Airport Telecom","url":"https:\/\/airporttelecom.com\/pl\/","logo":{"@type":"ImageObject","inLanguage":"pl-PL","@id":"https:\/\/airporttelecom.com\/pl\/#\/schema\/logo\/image\/","url":"https:\/\/airporttelecom.com\/pl\/wp-content\/uploads\/sites\/7\/2024\/06\/icon.png?wsr","contentUrl":"https:\/\/airporttelecom.com\/pl\/wp-content\/uploads\/sites\/7\/2024\/06\/icon.png?wsr","width":110,"height":110,"caption":"Airport Telecom"},"image":{"@id":"https:\/\/airporttelecom.com\/pl\/#\/schema\/logo\/image\/"}}]}},"custom_permalink":"karta-sim\/meksyk","_links":{"self":[{"href":"https:\/\/airporttelecom.com\/pl\/wp-json\/wp\/v2\/product\/191","targetHints":{"allow":["GET"]}}],"collection":[{"href":"https:\/\/airporttelecom.com\/pl\/wp-json\/wp\/v2\/product"}],"about":[{"href":"https:\/\/airporttelecom.com\/pl\/wp-json\/wp\/v2\/types\/product"}],"replies":[{"embeddable":true,"href":"https:\/\/airporttelecom.com\/pl\/wp-json\/wp\/v2\/comments?post=191"}],"wp:featuredmedia":[{"embeddable":true,"href":"https:\/\/airporttelecom.com\/pl\/wp-json\/wp\/v2\/media\/699"}],"wp:attachment":[{"href":"https:\/\/airporttelecom.com\/pl\/wp-json\/wp\/v2\/media?parent=191"}],"wp:term":[{"taxonomy":"product_brand","embeddable":true,"href":"https:\/\/airporttelecom.com\/pl\/wp-json\/wp\/v2\/product_brand?post=191"},{"taxonomy":"product_cat","embeddable":true,"href":"https:\/\/airporttelecom.com\/pl\/wp-json\/wp\/v2\/product_cat?post=191"},{"taxonomy":"product_tag","embeddable":true,"href":"https:\/\/airporttelecom.com\/pl\/wp-json\/wp\/v2\/product_tag?post=191"}],"curies":[{"name":"wp","href":"https:\/\/api.w.org\/{rel}","templated":true}]}}