{"id":1987,"date":"2024-10-24T13:04:47","date_gmt":"2024-10-24T13:04:47","guid":{"rendered":"https:\/\/airporttelecom.outperforming.nl\/nl\/product\/simkaart-bali-copy\/"},"modified":"2026-02-26T19:11:52","modified_gmt":"2026-02-26T19:11:52","slug":"esim-bali","status":"publish","type":"product","link":"https:\/\/airporttelecom.com\/pl\/esim\/bali\/","title":{"rendered":"eSIM Bali"},"content":{"rendered":"","protected":false},"excerpt":{"rendered":"","protected":false},"featured_media":0,"comment_status":"open","ping_status":"closed","template":"","meta":{"_acf_changed":false},"product_brand":[],"product_cat":[16],"product_tag":[43],"class_list":{"0":"post-1987","1":"product","2":"type-product","3":"status-publish","5":"product_cat-esim","6":"product_tag-esim-azja","8":"first","9":"instock","10":"taxable","11":"shipping-taxable","12":"purchasable","13":"product-type-variable"},"acf":{"gebied_afbeelding":608,"vlag_afbeelding":729,"provider":[],"product_synoniemen":null,"product_bestel_velden":"","product_omschrijving":"<div class=\"content active\" data-content=\"1\">\r\n<h2><span data-contrast=\"none\">Dost\u0119p do internetu mobilnego z kart\u0105 eSIM do Bali<\/span><span data-ccp-props=\"{&quot;134245418&quot;:true,&quot;134245529&quot;:true,&quot;335559738&quot;:160,&quot;335559739&quot;:80}\">\r\n<\/span><\/h2>\r\n<p data-start=\"41\" data-end=\"299\">Dzi\u0119ki eSIM Bali od Airport Telecom mo\u017cesz korzysta\u0107 z internetu mobilnego na terenie ca\u0142ej wyspy Bali. Do wyboru s\u0105 r\u00f3\u017cne pakiety danych i po\u0142\u0105cze\u0144. Pakiety te dzia\u0142aj\u0105 w ca\u0142ej Indonezji i doskonale nadaj\u0105 si\u0119 do korzystania z internetu.<\/p>\r\n<p data-start=\"301\" data-end=\"433\">Za po\u015brednictwem szybkiego po\u0142\u0105czenia 4G\/5G masz dost\u0119p do poczty e-mail, WhatsApp, nawigacji oraz innych aplikacji internetowych.<\/p>\r\n\r\n<h2>Pakiety danych na podr\u00f3\u017c na Bali<\/h2>\r\nKarta eSIM do Bali dost\u0119pna jest w trzech wariantach:\r\n<ul>\r\n \t<li>eSIM Bali \u2013 nielimitowany internet 7 dni<\/li>\r\n \t<li>eSIM Bali \u2013 nielimitowany internet 14 dni<\/li>\r\n \t<li>eSIM Bali \u2013 nielimitowany internet 30 dni<\/li>\r\n<\/ul>\r\nKarta zapewnia szeroki zasi\u0119g na terenie ca\u0142ej Indonezji, korzystaj\u0105c z sieci 4G\/5G lokalnych operator\u00f3w. Dzi\u0119ki temu mo\u017cesz swobodnie korzysta\u0107 z internetu mobilnego na Bali.\r\n\r\nRejestracja u\u017cytkownika w Indonezji nie jest wymagana. Po przylocie na Bali eSIM aktywuje si\u0119 automatycznie, zapewniaj\u0105c szybki dost\u0119p do internetu.\r\n\r\neSIM do Bali obs\u0142uguje r\u00f3wnie\u017c tethering, dzi\u0119ki czemu mo\u017cesz udost\u0119pnia\u0107 internet innym urz\u0105dzeniom przez hotspot lub korzysta\u0107 z niej w urz\u0105dzeniach MiFi.\r\n<h2><span data-contrast=\"none\">WhatsApp z eSIM Bali<\/span><span data-ccp-props=\"{&quot;134245418&quot;:true,&quot;134245529&quot;:true,&quot;335559738&quot;:160,&quot;335559739&quot;:80}\">\r\n<\/span><\/h2>\r\n<span data-contrast=\"auto\">Wszystkie po\u0142\u0105czenia internetowe, takie jak WhatsApp, Skype czy FaceTime s\u0105 oczywi\u015bcie r\u00f3wnie\u017c mo\u017cliwe z eSIM na Bali. B\u0119dziesz wtedy korzysta\u0107 z pakietu danych na eSIM. Mo\u017cesz nadal korzysta\u0107 z WhatsAppa z dotychczasowymi kontaktami, grupami i czatami \u2013 bez utraty historii rozm\u00f3wi. Po zainstalowaniu przedp\u0142aconej karty eSIM aplikacja aplikacja WhatsApp mo\u017ce zapyta\u0107,, czy chcesz utworzy\u0107 nowe konto, czy zachowa\u0107 obecne ustawienia. Wybierz opcj\u0119 zachowania obecnej to\u017csamo\u015bci, aby nic si\u0119 nie zmieni\u0142o. Nast\u0119pnie mo\u017cesz kontynuowa\u0107 wysy\u0142anie wiadomo\u015bci i rozmowy telefoniczne za pomoc\u0105 WhatsApp jak zwykle.<\/span>\r\n<h2>Zasi\u0119g sieci kom\u00f3rkowej i dost\u0119p do internetu mobilnego na Bali<\/h2>\r\nKorzystaj\u0105c z eSIM do Bali, mo\u017cesz liczy\u0107 na bardzo dobry zasi\u0119g internetu mobilnego na terenie ca\u0142ej wyspy. W popularnych miastach i kurortach turystycznych, takich jak Denpasar, Ubud oraz Kuta, internet 4G\/5G dzia\u0142a stabilnie i umo\u017cliwia swobodne korzystanie z map, WhatsApp, medi\u00f3w spo\u0142eczno\u015bciowych i innych aplikacji online.\r\n\r\nR\u00f3wnie\u017c podczas podr\u00f3\u017cy mi\u0119dzy miejscowo\u015bciami bez problemu pozostaniesz online. W bardziej odleg\u0142ych rejonach, takich jak obszary g\u00f3rskie czy d\u017cungla, zasi\u0119g mo\u017ce by\u0107 ograniczony ze wzgl\u0119du na mniejsz\u0105 liczb\u0119 nadajnik\u00f3w.\r\n\r\nNiezale\u017cnie od tego, czy wybierasz si\u0119 na surfing w Serangan, czy planujesz obserwowa\u0107 delfiny w Lovina, dzi\u0119ki eSIM mo\u017cesz wygodnie udost\u0119pnia\u0107 zdj\u0119cia i pozostawa\u0107 w kontakcie z bliskimi. Internet mobilny na Bali zapewnia wygodne i stabilne po\u0142\u0105czenie w wi\u0119kszo\u015bci region\u00f3w wyspy.\r\n<h2><span data-contrast=\"none\">eSIM <\/span><span data-contrast=\"none\">Bali <\/span><span data-contrast=\"none\">otrzymasz drog\u0105 mailow\u0105<\/span><\/h2>\r\n<span data-contrast=\"none\">eSIM do Bali otrzymasz poczt\u0105 elektroniczn\u0105. <\/span><span data-contrast=\"none\"> To szybkie i wygodne rozwi\u0105zanie \u2013 mo\u017cesz z niego korzysta\u0107 zar\u00f3wno b\u0119d\u0105c ju\u017c na Bali, jak i tu\u017c przed planowan\u0105 podr\u00f3\u017c\u0105.<\/span><span data-ccp-props=\"{&quot;201341983&quot;:0,&quot;335559739&quot;:0,&quot;335559740&quot;:240}\">\r\n<\/span>\r\n\r\n<\/div>","product_specificaties":"<h2>Internet z eSIM Bali\u00a0\u2013 nielimitowane dane<\/h2>\r\nDzi\u0119ki eSIM Bali zyskujesz szybki i stabilny dost\u0119p do internetu mobilnego na ca\u0142ej wyspie \u2013 bez roamingu i bez wymiany fizycznej karty SIM.\r\n\r\nDost\u0119pne warianty z nielimitowanym pakietem danych:\r\n<ul>\r\n \t<li>Nielimitowany eSIM Bali \u2013 7 dni\r\n<ul>\r\n \t<li>nielimitowane dane na ca\u0142ym Bali*<\/li>\r\n \t<li>pakiet wa\u017cny 7 dni<\/li>\r\n \t<li>mo\u017cliwo\u015b\u0107 do\u0142adowania online bezpo\u015brednio na tej stronie<\/li>\r\n<\/ul>\r\n<\/li>\r\n \t<li>Nielimitowany eSIM Bali \u2013 14 dni\r\n<ul>\r\n \t<li>nielimitowane dane na ca\u0142ym Bali*<\/li>\r\n \t<li>pakiet wa\u017cny 14 dni<\/li>\r\n \t<li>do\u0142adowanie online przez stron\u0119<\/li>\r\n<\/ul>\r\n<\/li>\r\n \t<li>Nielimitowany eSIM Bali \u2013 30 dni\r\n<ul>\r\n \t<li>nielimitowane dane na ca\u0142ym Bali*<\/li>\r\n \t<li>pakiet wa\u017cny 30 dni<\/li>\r\n \t<li>mo\u017cliwo\u015b\u0107 do\u0142adowania bez wychodzenia z domu<\/li>\r\n<\/ul>\r\n<\/li>\r\n<\/ul>\r\nDane dzia\u0142aj\u0105 na ca\u0142ym terenie wyspy Bali, m.in.w popularnych miejscach turystycznych, takich jak Denpasar, Ubud, Kuta, Serangan czy Lovina.\r\n\r\n(*) Obowi\u0105zuj\u0105 zasady dozwolonego u\u017cytku. W przypadku ekstremalnego wykorzystania danych operator na Bali mo\u017ce ograniczy\u0107 mo\u017cliwo\u015bci karty eSIM.\r\n\r\neSIM Bali umo\u017cliwia wygodne korzystanie z:\r\n<ul>\r\n \t<li>WhatsApp, Skype, FaceTime i innych komunikator\u00f3w<\/li>\r\n \t<li>Medi\u00f3w spo\u0142eczno\u015bciowych i poczty e-mail<\/li>\r\n \t<li>Nawigacji GPS i aplikacji turystycznych<\/li>\r\n \t<li>Tetheringu \u2013 udost\u0119pniania internetu innym urz\u0105dzeniom lub hotspotom<\/li>\r\n<\/ul>\r\n<strong>\u00a0<\/strong>","product_handleiding":"","product_veelgestelde_vragen":null},"yoast_head":"<!-- This site is optimized with the Yoast SEO Premium plugin v24.4 (Yoast SEO v27.3) - https:\/\/yoast.com\/product\/yoast-seo-premium-wordpress\/ -->\n<title>eSIM Bali kupi\u0107 przedp\u0142acony pakiet (nieograniczone) po\u0142\u0105czenia i internet - Airport Telecom PL<\/title>\n<meta name=\"description\" content=\"Szukasz karty przedp\u0142aconej eSIM Bali na (nieograniczone) rozmowy i internet? Optymalna dost\u0119pno\u015b\u0107 podczas podr\u00f3\u017cy w eSIM Azja. Ju\u017c w sprzeda\u017cy od !\" \/>\n<meta name=\"robots\" content=\"index, follow, max-snippet:-1, max-image-preview:large, max-video-preview:-1\" \/>\n<link rel=\"canonical\" href=\"https:\/\/airporttelecom.com\/pl\/esim\/bali\/\" \/>\n<meta property=\"og:locale\" content=\"pl_PL\" \/>\n<meta property=\"og:type\" content=\"article\" \/>\n<meta property=\"og:title\" content=\"eSIM Bali\" \/>\n<meta property=\"og:description\" content=\"Szukasz karty przedp\u0142aconej eSIM Bali na (nieograniczone) rozmowy i internet? Optymalna dost\u0119pno\u015b\u0107 podczas podr\u00f3\u017cy w eSIM Azja. Ju\u017c w sprzeda\u017cy od !\" \/>\n<meta property=\"og:url\" content=\"https:\/\/airporttelecom.com\/pl\/esim\/bali\/\" \/>\n<meta property=\"og:site_name\" content=\"Airport Telecom PL\" \/>\n<meta property=\"article:modified_time\" content=\"2026-02-26T19:11:52+00:00\" \/>\n<meta name=\"twitter:card\" content=\"summary_large_image\" \/>\n<script type=\"application\/ld+json\" class=\"yoast-schema-graph\">{\"@context\":\"https:\\\/\\\/schema.org\",\"@graph\":[{\"@type\":\"WebPage\",\"@id\":\"https:\\\/\\\/airporttelecom.com\\\/pl\\\/esim\\\/bali\\\/\",\"url\":\"https:\\\/\\\/airporttelecom.com\\\/pl\\\/esim\\\/bali\\\/\",\"name\":\"eSIM Bali kupi\u0107 przedp\u0142acony pakiet (nieograniczone) po\u0142\u0105czenia i internet - Airport Telecom PL\",\"isPartOf\":{\"@id\":\"https:\\\/\\\/airporttelecom.com\\\/pl\\\/#website\"},\"datePublished\":\"2024-10-24T13:04:47+00:00\",\"dateModified\":\"2026-02-26T19:11:52+00:00\",\"description\":\"Szukasz karty przedp\u0142aconej eSIM Bali na (nieograniczone) rozmowy i internet? Optymalna dost\u0119pno\u015b\u0107 podczas podr\u00f3\u017cy w eSIM Azja. Ju\u017c w sprzeda\u017cy od !\",\"breadcrumb\":{\"@id\":\"https:\\\/\\\/airporttelecom.com\\\/pl\\\/esim\\\/bali\\\/#breadcrumb\"},\"inLanguage\":\"pl-PL\",\"potentialAction\":[{\"@type\":\"ReadAction\",\"target\":[\"https:\\\/\\\/airporttelecom.com\\\/pl\\\/esim\\\/bali\\\/\"]}]},{\"@type\":\"BreadcrumbList\",\"@id\":\"https:\\\/\\\/airporttelecom.com\\\/pl\\\/esim\\\/bali\\\/#breadcrumb\",\"itemListElement\":[{\"@type\":\"ListItem\",\"position\":1,\"name\":\"Home\",\"item\":\"https:\\\/\\\/airporttelecom.com\\\/pl\\\/\"},{\"@type\":\"ListItem\",\"position\":2,\"name\":\"eSIM\",\"item\":\"https:\\\/\\\/airporttelecom.com\\\/pl\\\/esim\\\/\"},{\"@type\":\"ListItem\",\"position\":3,\"name\":\"Bali\"}]},{\"@type\":\"WebSite\",\"@id\":\"https:\\\/\\\/airporttelecom.com\\\/pl\\\/#website\",\"url\":\"https:\\\/\\\/airporttelecom.com\\\/pl\\\/\",\"name\":\"Airport Telecom\",\"description\":\"\",\"publisher\":{\"@id\":\"https:\\\/\\\/airporttelecom.com\\\/pl\\\/#organization\"},\"potentialAction\":[{\"@type\":\"SearchAction\",\"target\":{\"@type\":\"EntryPoint\",\"urlTemplate\":\"https:\\\/\\\/airporttelecom.com\\\/pl\\\/?s={search_term_string}\"},\"query-input\":{\"@type\":\"PropertyValueSpecification\",\"valueRequired\":true,\"valueName\":\"search_term_string\"}}],\"inLanguage\":\"pl-PL\"},{\"@type\":\"Organization\",\"@id\":\"https:\\\/\\\/airporttelecom.com\\\/pl\\\/#organization\",\"name\":\"Airport Telecom\",\"url\":\"https:\\\/\\\/airporttelecom.com\\\/pl\\\/\",\"logo\":{\"@type\":\"ImageObject\",\"inLanguage\":\"pl-PL\",\"@id\":\"https:\\\/\\\/airporttelecom.com\\\/pl\\\/#\\\/schema\\\/logo\\\/image\\\/\",\"url\":\"https:\\\/\\\/airporttelecom.com\\\/pl\\\/wp-content\\\/uploads\\\/sites\\\/7\\\/2024\\\/06\\\/icon.png?wsr\",\"contentUrl\":\"https:\\\/\\\/airporttelecom.com\\\/pl\\\/wp-content\\\/uploads\\\/sites\\\/7\\\/2024\\\/06\\\/icon.png?wsr\",\"width\":110,\"height\":110,\"caption\":\"Airport Telecom\"},\"image\":{\"@id\":\"https:\\\/\\\/airporttelecom.com\\\/pl\\\/#\\\/schema\\\/logo\\\/image\\\/\"}}]}<\/script>\n<!-- \/ Yoast SEO Premium plugin. -->","yoast_head_json":{"title":"eSIM Bali kupi\u0107 przedp\u0142acony pakiet (nieograniczone) po\u0142\u0105czenia i internet - Airport Telecom PL","description":"Szukasz karty przedp\u0142aconej eSIM Bali na (nieograniczone) rozmowy i internet? Optymalna dost\u0119pno\u015b\u0107 podczas podr\u00f3\u017cy w eSIM Azja. Ju\u017c w sprzeda\u017cy od !","robots":{"index":"index","follow":"follow","max-snippet":"max-snippet:-1","max-image-preview":"max-image-preview:large","max-video-preview":"max-video-preview:-1"},"canonical":"https:\/\/airporttelecom.com\/pl\/esim\/bali\/","og_locale":"pl_PL","og_type":"article","og_title":"eSIM Bali","og_description":"Szukasz karty przedp\u0142aconej eSIM Bali na (nieograniczone) rozmowy i internet? Optymalna dost\u0119pno\u015b\u0107 podczas podr\u00f3\u017cy w eSIM Azja. Ju\u017c w sprzeda\u017cy od !","og_url":"https:\/\/airporttelecom.com\/pl\/esim\/bali\/","og_site_name":"Airport Telecom PL","article_modified_time":"2026-02-26T19:11:52+00:00","twitter_card":"summary_large_image","schema":{"@context":"https:\/\/schema.org","@graph":[{"@type":"WebPage","@id":"https:\/\/airporttelecom.com\/pl\/esim\/bali\/","url":"https:\/\/airporttelecom.com\/pl\/esim\/bali\/","name":"eSIM Bali kupi\u0107 przedp\u0142acony pakiet (nieograniczone) po\u0142\u0105czenia i internet - Airport Telecom PL","isPartOf":{"@id":"https:\/\/airporttelecom.com\/pl\/#website"},"datePublished":"2024-10-24T13:04:47+00:00","dateModified":"2026-02-26T19:11:52+00:00","description":"Szukasz karty przedp\u0142aconej eSIM Bali na (nieograniczone) rozmowy i internet? Optymalna dost\u0119pno\u015b\u0107 podczas podr\u00f3\u017cy w eSIM Azja. Ju\u017c w sprzeda\u017cy od !","breadcrumb":{"@id":"https:\/\/airporttelecom.com\/pl\/esim\/bali\/#breadcrumb"},"inLanguage":"pl-PL","potentialAction":[{"@type":"ReadAction","target":["https:\/\/airporttelecom.com\/pl\/esim\/bali\/"]}]},{"@type":"BreadcrumbList","@id":"https:\/\/airporttelecom.com\/pl\/esim\/bali\/#breadcrumb","itemListElement":[{"@type":"ListItem","position":1,"name":"Home","item":"https:\/\/airporttelecom.com\/pl\/"},{"@type":"ListItem","position":2,"name":"eSIM","item":"https:\/\/airporttelecom.com\/pl\/esim\/"},{"@type":"ListItem","position":3,"name":"Bali"}]},{"@type":"WebSite","@id":"https:\/\/airporttelecom.com\/pl\/#website","url":"https:\/\/airporttelecom.com\/pl\/","name":"Airport Telecom","description":"","publisher":{"@id":"https:\/\/airporttelecom.com\/pl\/#organization"},"potentialAction":[{"@type":"SearchAction","target":{"@type":"EntryPoint","urlTemplate":"https:\/\/airporttelecom.com\/pl\/?s={search_term_string}"},"query-input":{"@type":"PropertyValueSpecification","valueRequired":true,"valueName":"search_term_string"}}],"inLanguage":"pl-PL"},{"@type":"Organization","@id":"https:\/\/airporttelecom.com\/pl\/#organization","name":"Airport Telecom","url":"https:\/\/airporttelecom.com\/pl\/","logo":{"@type":"ImageObject","inLanguage":"pl-PL","@id":"https:\/\/airporttelecom.com\/pl\/#\/schema\/logo\/image\/","url":"https:\/\/airporttelecom.com\/pl\/wp-content\/uploads\/sites\/7\/2024\/06\/icon.png?wsr","contentUrl":"https:\/\/airporttelecom.com\/pl\/wp-content\/uploads\/sites\/7\/2024\/06\/icon.png?wsr","width":110,"height":110,"caption":"Airport Telecom"},"image":{"@id":"https:\/\/airporttelecom.com\/pl\/#\/schema\/logo\/image\/"}}]}},"custom_permalink":"esim\/bali","_links":{"self":[{"href":"https:\/\/airporttelecom.com\/pl\/wp-json\/wp\/v2\/product\/1987","targetHints":{"allow":["GET"]}}],"collection":[{"href":"https:\/\/airporttelecom.com\/pl\/wp-json\/wp\/v2\/product"}],"about":[{"href":"https:\/\/airporttelecom.com\/pl\/wp-json\/wp\/v2\/types\/product"}],"replies":[{"embeddable":true,"href":"https:\/\/airporttelecom.com\/pl\/wp-json\/wp\/v2\/comments?post=1987"}],"wp:attachment":[{"href":"https:\/\/airporttelecom.com\/pl\/wp-json\/wp\/v2\/media?parent=1987"}],"wp:term":[{"taxonomy":"product_brand","embeddable":true,"href":"https:\/\/airporttelecom.com\/pl\/wp-json\/wp\/v2\/product_brand?post=1987"},{"taxonomy":"product_cat","embeddable":true,"href":"https:\/\/airporttelecom.com\/pl\/wp-json\/wp\/v2\/product_cat?post=1987"},{"taxonomy":"product_tag","embeddable":true,"href":"https:\/\/airporttelecom.com\/pl\/wp-json\/wp\/v2\/product_tag?post=1987"}],"curies":[{"name":"wp","href":"https:\/\/api.w.org\/{rel}","templated":true}]}}