{"id":199,"date":"2024-06-13T14:42:50","date_gmt":"2024-06-13T14:42:50","guid":{"rendered":"https:\/\/airporttelecom.outperforming.nl\/nl\/?post_type=product&#038;p=199"},"modified":"2025-12-17T15:21:26","modified_gmt":"2025-12-17T15:21:26","slug":"simkaart-guatemala","status":"publish","type":"product","link":"https:\/\/airporttelecom.com\/pl\/karta-sim\/gwatemala\/","title":{"rendered":"Karta SIM Gwatemala"},"content":{"rendered":"","protected":false},"excerpt":{"rendered":"","protected":false},"featured_media":678,"comment_status":"open","ping_status":"closed","template":"","meta":{"_acf_changed":false},"product_brand":[],"product_cat":[17],"product_tag":[36],"class_list":{"0":"post-199","1":"product","2":"type-product","3":"status-publish","4":"has-post-thumbnail","6":"product_cat-karta-sim","7":"product_tag-karta-sim-ameryka-srodkowa","9":"first","10":"instock","11":"taxable","12":"shipping-taxable","13":"purchasable","14":"product-type-variable"},"acf":{"gebied_afbeelding":842,"vlag_afbeelding":200,"provider":["THR"],"product_synoniemen":null,"product_bestel_velden":"","product_omschrijving":"<h2>Zasi\u0119g sieci kom\u00f3rkowej w Gwatemali z przedp\u0142acon\u0105 kart\u0105 SIM Gwatemala<\/h2>\r\nDzi\u0119ki przedp\u0142aconej karcie SIM Gwatemala od Airport Telecom jeste\u015b osi\u0105galny w ca\u0142ej Gwatemali pod jednym numerem telefonu. Ponadto masz do dyspozycji 12 GB lub 30 GB danych. Karty SIM s\u0105 zatem doskona\u0142ym rozwi\u0105zaniem do codziennego korzystania z internetu w w podr\u00f3\u017cy. Nale\u017cy jednak pami\u0119ta\u0107, \u017ce chocia\u017c mo\u017cna odbiera\u0107 przychodz\u0105ce po\u0142\u0105czenia telefoniczne w Gwatemali za pomoc\u0105 tych przedp\u0142aconych kart SIM, nie mo\u017cna za ich pomoc\u0105 wykonywa\u0107 normalnych wychodz\u0105cych po\u0142\u0105cze\u0144 telefonicznych. Wszystkie po\u0142\u0105czenia prowadzone przez internet, takie jak WhatsApp, Skype, Facetime itp. s\u0105 oczywi\u015bcie mo\u017cliwe. W ko\u0144cu b\u0119dziesz wtedy korzysta\u0107 z pakietu danych na karcie SIM.\r\n<h2>internet i po\u0142\u0105czenia podczas podr\u00f3\u017cy w Gwatemali<\/h2>\r\nNumer telefonu przypisany do przedp\u0142aconej karty SIM, z kt\u00f3rym mo\u017cna si\u0119 skontaktowa\u0107 w Gwatemali, zostanie wys\u0142any SMS-em po aktywacji karty SIM. Jest to numer z prefiksem mi\u0119dzynarodowym (+44). Wybrali\u015bmy t\u0119 kart\u0119 SIM, poniewa\u017c oferuje ona bardzo dobry pakiet danych w Gwatemali i dzia\u0142a w ramach najwi\u0119kszych gwatemalskich sieci kom\u00f3rkowych. Dodatkowo karta SIM nie wymaga rejestracji u\u017cytkownika w Gwatemali.\r\n<h2>WhatsApp z kart\u0105 SIM Gwatemala<\/h2>\r\nPo w\u0142o\u017ceniu karty SIM do telefonu mo\u017cesz swobodnie korzysta\u0107 z WhatsApp \u2013 wysy\u0142a\u0107 wiadomo\u015bci, prowadzi\u0107 rozmowy i odbiera\u0107 po\u0142\u0105czenia dok\u0142adnie tak jak w Polsce. Aplikacja dzia\u0142a w oparciu o internet mobilny dost\u0119pny w ramach pakietu danych na karcie SIM. To samo dotyczy innych popularnych aplikacji, takich jak Skype, FaceTime czy Messenger \u2013 wszystkie funkcjonuj\u0105 w oparciu o transmisj\u0119 danych.  W niekt\u00f3rych przypadkach WhatsApp mo\u017ce zapyta\u0107 o konfiguracj\u0119 po wykryciu nowej karty. Wybieraj\u0105c zachowanie dotychczasowych ustawie\u0144, zachowasz sw\u00f3j numer, profil oraz wszystkie kontakty i czaty.\r\n<h2>Zasi\u0119g z kart\u0105 SIM Gwatemala<\/h2>\r\nZasi\u0119g w Gwatemali jest szczeg\u00f3lnie dobry w miastach i wi\u0119kszych miejscowo\u015bciach. Jednak znaczna cz\u0119\u015b\u0107 kraju sk\u0142ada si\u0119 z pi\u0119knych las\u00f3w deszczowych z wieloma wulkanami. Tam telefon nie b\u0119dzie dzia\u0142a\u0142. W stolicy Gwatemali i na du\u017cym obszarze wok\u00f3\u0142 niej mo\u017cna po prostu wykonywa\u0107 po\u0142\u0105czenia i korzysta\u0107 z internetu. To samo dotyczy innych miast, takich jak Antigua. Pomi\u0119dzy nimi, w miejscach takich jak Park Narodowy Tikal i w pobli\u017cu jeziora Atitl\u00e1n, zasi\u0119g b\u0119dzie mniejszy. Na wybrze\u017cu karaibskim tylko w niekt\u00f3rych cz\u0119\u015bciach, takich jak Livingston, WhatsApps mo\u017cna wysy\u0142a\u0107 z tropikalnej pla\u017cy.\r\n<h2>Darmowa dostawa karty SIM prosto do domu<\/h2>\r\nKarta SIM Gwatemala zostanie bezp\u0142atnie dostarczona pod wskazany adres. Zam\u00f3wienia z\u0142o\u017cone w dni robocze przed godzin\u0105 14:00 wysy\u0142amy tego samego dnia. Standardowy czas dostawy wynosi oko\u0142o pi\u0119ciu dni roboczych. Potrzebujesz szybciej? Wybierz eSIM, kt\u00f3ry zostanie wys\u0142any bezpo\u015brednio na Tw\u00f3j adres e-mail.\r\n\r\n&nbsp;\r\n\r\n&nbsp;","product_specificaties":"<h2>Zalety karty SIM Gwatemala<\/h2>\r\nDost\u0119pna w ca\u0142ej Gwatemali pod jednym numerem. 12 lub 30 GB danych do wykorzystania w Internecie w ca\u0142ej Gwatemali. Dost\u0119pna we wszystkich rozmiarach (mini, micro i nano), karta SIM Gwatemala dzia\u0142a w ka\u017cdym iPhonie i innym smartfonie. Tylko funkcja hotspotu i korzystanie z MIFI nie s\u0105 obs\u0142ugiwane przez dostawc\u0119.\r\n<h2>Dane mobilne i po\u0142\u0105czenia w Gwatemali<\/h2>\r\nDost\u0119pne s\u0105 dwa warianty karty SIM: 12GB, \u20ac36.= 30GB, \u20ac57.= Karty SIM s\u0105 wa\u017cne 30 dni po aktywacji. Aktywacja odbywa si\u0119 poprzez w\u0142o\u017cenie karty SIM do telefonu i w\u0142\u0105czenie telefonu.","product_handleiding":"<h2><span data-contrast=\"none\">Jak zainstalowa\u0107 kart\u0119 SIM Gwatemala w smarfonie?<\/span><\/h2>\r\n<span data-contrast=\"none\">Otw\u00f3rz tack\u0119 na kart\u0119 SIM znajduj\u0105c\u0105 si\u0119 z boku telefonu. Mo\u017cna to zrobi\u0107 za pomoc\u0105 szpilki do\u0142\u0105czonej do telefonu. Je\u015bli jej nie masz, mo\u017cesz j\u0105 wykona\u0107, prostuj\u0105c spinacz do papieru. Karty SIM Airport Telecom dost\u0119pne s\u0105 z dodatkow\u0105 szpilk\u0105.<\/span> <span data-contrast=\"none\">Wyjmij w\u0142asn\u0105 kart\u0119 SIM i zachowaj j\u0105 w bezpiecznym miejscu! W\u0142\u00f3\u017c now\u0105 kart\u0119 SIM. Mo\u017cna to zrobi\u0107 tylko w jeden spos\u00f3b. Telefon mo\u017ce by\u0107 wyposa\u017cony w kilka kart SIM.<\/span> W\u0142\u00f3\u017c<span data-contrast=\"none\">now\u0105 kart\u0119 SIM jako kart\u0119 dodatkow\u0105.<\/span> <span data-contrast=\"none\">Wsu\u0144 tack\u0119 z kart\u0105 SIM z powrotem do telefonu. Nowa karta SIM aktywuje si\u0119 automatycznie. Telefon mo\u017ce poprosi\u0107 o wprowadzenie dodatkowych ustawie\u0144.<\/span>","product_veelgestelde_vragen":[{"vraag":"Jakiej karty SIM u\u017cywa\u0107 w Gwatemali? ","antwoord":"W przypadku kr\u00f3tkiego, kilkudniowego pobytu prawdopodobnie nie b\u0119dziesz potrzebowa\u0107 du\u017cej ilo\u015bci danych. Pakiet 10 GB danych dla Gwatemali mo\u017ce okaza\u0107 si\u0119 wystarczaj\u0105cy. Aplikacje takie jak WhatsApp, Instagram i nawigacja nie zu\u017cywaj\u0105 du\u017co danych. Przy d\u0142u\u017cszym pobycie warto wybra\u0107 opcj\u0119 nielimitowanego internetu, aby zapewni\u0107 sobie wystarczaj\u0105c\u0105 ilo\u015b\u0107 danych. Karta Pakiet nielimitowany oferuje r\u00f3wnie\u017c nielimitowane po\u0142\u0105czenia w Gwatemali. "},{"vraag":"Gdzie kupi\u0107 kart\u0119 SIM do Gwatemali? ","antwoord":"Kup kart\u0119 SIM do Gwatemali od Airport Telecom. . Z\u0142\u00f3\u017c zam\u00f3wienie online, a karta SIM zostanie bezp\u0142atnie dostarczona na Tw\u00f3j adres domowy. "}]},"yoast_head":"<!-- This site is optimized with the Yoast SEO Premium plugin v24.4 (Yoast SEO v26.9) - https:\/\/yoast.com\/product\/yoast-seo-premium-wordpress\/ -->\n<title>Karta SIM Gwatemala kupi\u0107 przedp\u0142acony pakiet (nieograniczone) po\u0142\u0105czenia i internet - Airport Telecom PL<\/title>\n<meta name=\"description\" content=\"Szukasz karty przedp\u0142aconej Karta SIM Gwatemala na (nieograniczone) rozmowy i internet? Optymalna dost\u0119pno\u015b\u0107 podczas podr\u00f3\u017cy w Karta SIM Ameryka \u015arodkowa. Ju\u017c w sprzeda\u017cy od !\" \/>\n<meta name=\"robots\" content=\"index, follow, max-snippet:-1, max-image-preview:large, max-video-preview:-1\" \/>\n<link rel=\"canonical\" href=\"https:\/\/airporttelecom.com\/pl\/karta-sim\/gwatemala\/\" \/>\n<meta property=\"og:locale\" content=\"pl_PL\" \/>\n<meta property=\"og:type\" content=\"article\" \/>\n<meta property=\"og:title\" content=\"Karta SIM Gwatemala\" \/>\n<meta property=\"og:description\" content=\"Szukasz karty przedp\u0142aconej Karta SIM Gwatemala na (nieograniczone) rozmowy i internet? Optymalna dost\u0119pno\u015b\u0107 podczas podr\u00f3\u017cy w Karta SIM Ameryka \u015arodkowa. Ju\u017c w sprzeda\u017cy od !\" \/>\n<meta property=\"og:url\" content=\"https:\/\/airporttelecom.com\/pl\/karta-sim\/gwatemala\/\" \/>\n<meta property=\"og:site_name\" content=\"Airport Telecom PL\" \/>\n<meta property=\"article:modified_time\" content=\"2025-12-17T15:21:26+00:00\" \/>\n<meta property=\"og:image\" content=\"https:\/\/airporttelecom.com\/pl\/wp-content\/uploads\/sites\/7\/2024\/06\/Simkaart-Guatamala.png?wsr\" \/>\n\t<meta property=\"og:image:width\" content=\"800\" \/>\n\t<meta property=\"og:image:height\" content=\"316\" \/>\n\t<meta property=\"og:image:type\" content=\"image\/png\" \/>\n<meta name=\"twitter:card\" content=\"summary_large_image\" \/>\n<meta name=\"twitter:label1\" content=\"Szacowany czas czytania\" \/>\n\t<meta name=\"twitter:data1\" content=\"1 minuta\" \/>\n<script type=\"application\/ld+json\" class=\"yoast-schema-graph\">{\"@context\":\"https:\/\/schema.org\",\"@graph\":[{\"@type\":\"WebPage\",\"@id\":\"https:\/\/airporttelecom.com\/pl\/karta-sim\/gwatemala\/\",\"url\":\"https:\/\/airporttelecom.com\/pl\/karta-sim\/gwatemala\/\",\"name\":\"Karta SIM Gwatemala kupi\u0107 przedp\u0142acony pakiet (nieograniczone) po\u0142\u0105czenia i internet - Airport Telecom PL\",\"isPartOf\":{\"@id\":\"https:\/\/airporttelecom.com\/pl\/#website\"},\"primaryImageOfPage\":{\"@id\":\"https:\/\/airporttelecom.com\/pl\/karta-sim\/gwatemala\/#primaryimage\"},\"image\":{\"@id\":\"https:\/\/airporttelecom.com\/pl\/karta-sim\/gwatemala\/#primaryimage\"},\"thumbnailUrl\":\"https:\/\/airporttelecom.com\/pl\/wp-content\/uploads\/sites\/7\/2024\/06\/Simkaart-Guatamala.png\",\"datePublished\":\"2024-06-13T14:42:50+00:00\",\"dateModified\":\"2025-12-17T15:21:26+00:00\",\"description\":\"Szukasz karty przedp\u0142aconej Karta SIM Gwatemala na (nieograniczone) rozmowy i internet? Optymalna dost\u0119pno\u015b\u0107 podczas podr\u00f3\u017cy w Karta SIM Ameryka \u015arodkowa. Ju\u017c w sprzeda\u017cy od !\",\"breadcrumb\":{\"@id\":\"https:\/\/airporttelecom.com\/pl\/karta-sim\/gwatemala\/#breadcrumb\"},\"inLanguage\":\"pl-PL\",\"potentialAction\":[{\"@type\":\"ReadAction\",\"target\":[\"https:\/\/airporttelecom.com\/pl\/karta-sim\/gwatemala\/\"]}]},{\"@type\":\"ImageObject\",\"inLanguage\":\"pl-PL\",\"@id\":\"https:\/\/airporttelecom.com\/pl\/karta-sim\/gwatemala\/#primaryimage\",\"url\":\"https:\/\/airporttelecom.com\/pl\/wp-content\/uploads\/sites\/7\/2024\/06\/Simkaart-Guatamala.png\",\"contentUrl\":\"https:\/\/airporttelecom.com\/pl\/wp-content\/uploads\/sites\/7\/2024\/06\/Simkaart-Guatamala.png\",\"width\":800,\"height\":316,\"caption\":\"Karta SIM Gwatemala\"},{\"@type\":\"BreadcrumbList\",\"@id\":\"https:\/\/airporttelecom.com\/pl\/karta-sim\/gwatemala\/#breadcrumb\",\"itemListElement\":[{\"@type\":\"ListItem\",\"position\":1,\"name\":\"Home\",\"item\":\"https:\/\/airporttelecom.com\/pl\/\"},{\"@type\":\"ListItem\",\"position\":2,\"name\":\"Karta SIM\",\"item\":\"https:\/\/airporttelecom.com\/pl\/karta-sim\/\"},{\"@type\":\"ListItem\",\"position\":3,\"name\":\"Karta SIM Gwatemala\"}]},{\"@type\":\"WebSite\",\"@id\":\"https:\/\/airporttelecom.com\/pl\/#website\",\"url\":\"https:\/\/airporttelecom.com\/pl\/\",\"name\":\"Airport Telecom\",\"description\":\"\",\"publisher\":{\"@id\":\"https:\/\/airporttelecom.com\/pl\/#organization\"},\"potentialAction\":[{\"@type\":\"SearchAction\",\"target\":{\"@type\":\"EntryPoint\",\"urlTemplate\":\"https:\/\/airporttelecom.com\/pl\/?s={search_term_string}\"},\"query-input\":{\"@type\":\"PropertyValueSpecification\",\"valueRequired\":true,\"valueName\":\"search_term_string\"}}],\"inLanguage\":\"pl-PL\"},{\"@type\":\"Organization\",\"@id\":\"https:\/\/airporttelecom.com\/pl\/#organization\",\"name\":\"Airport Telecom\",\"url\":\"https:\/\/airporttelecom.com\/pl\/\",\"logo\":{\"@type\":\"ImageObject\",\"inLanguage\":\"pl-PL\",\"@id\":\"https:\/\/airporttelecom.com\/pl\/#\/schema\/logo\/image\/\",\"url\":\"https:\/\/airporttelecom.com\/pl\/wp-content\/uploads\/sites\/7\/2024\/06\/icon.png?wsr\",\"contentUrl\":\"https:\/\/airporttelecom.com\/pl\/wp-content\/uploads\/sites\/7\/2024\/06\/icon.png?wsr\",\"width\":110,\"height\":110,\"caption\":\"Airport Telecom\"},\"image\":{\"@id\":\"https:\/\/airporttelecom.com\/pl\/#\/schema\/logo\/image\/\"}}]}<\/script>\n<!-- \/ Yoast SEO Premium plugin. -->","yoast_head_json":{"title":"Karta SIM Gwatemala kupi\u0107 przedp\u0142acony pakiet (nieograniczone) po\u0142\u0105czenia i internet - Airport Telecom PL","description":"Szukasz karty przedp\u0142aconej Karta SIM Gwatemala na (nieograniczone) rozmowy i internet? Optymalna dost\u0119pno\u015b\u0107 podczas podr\u00f3\u017cy w Karta SIM Ameryka \u015arodkowa. Ju\u017c w sprzeda\u017cy od !","robots":{"index":"index","follow":"follow","max-snippet":"max-snippet:-1","max-image-preview":"max-image-preview:large","max-video-preview":"max-video-preview:-1"},"canonical":"https:\/\/airporttelecom.com\/pl\/karta-sim\/gwatemala\/","og_locale":"pl_PL","og_type":"article","og_title":"Karta SIM Gwatemala","og_description":"Szukasz karty przedp\u0142aconej Karta SIM Gwatemala na (nieograniczone) rozmowy i internet? Optymalna dost\u0119pno\u015b\u0107 podczas podr\u00f3\u017cy w Karta SIM Ameryka \u015arodkowa. Ju\u017c w sprzeda\u017cy od !","og_url":"https:\/\/airporttelecom.com\/pl\/karta-sim\/gwatemala\/","og_site_name":"Airport Telecom PL","article_modified_time":"2025-12-17T15:21:26+00:00","og_image":[{"width":800,"height":316,"url":"https:\/\/airporttelecom.com\/pl\/wp-content\/uploads\/sites\/7\/2024\/06\/Simkaart-Guatamala.png?wsr","type":"image\/png"}],"twitter_card":"summary_large_image","twitter_misc":{"Szacowany czas czytania":"1 minuta"},"schema":{"@context":"https:\/\/schema.org","@graph":[{"@type":"WebPage","@id":"https:\/\/airporttelecom.com\/pl\/karta-sim\/gwatemala\/","url":"https:\/\/airporttelecom.com\/pl\/karta-sim\/gwatemala\/","name":"Karta SIM Gwatemala kupi\u0107 przedp\u0142acony pakiet (nieograniczone) po\u0142\u0105czenia i internet - Airport Telecom PL","isPartOf":{"@id":"https:\/\/airporttelecom.com\/pl\/#website"},"primaryImageOfPage":{"@id":"https:\/\/airporttelecom.com\/pl\/karta-sim\/gwatemala\/#primaryimage"},"image":{"@id":"https:\/\/airporttelecom.com\/pl\/karta-sim\/gwatemala\/#primaryimage"},"thumbnailUrl":"https:\/\/airporttelecom.com\/pl\/wp-content\/uploads\/sites\/7\/2024\/06\/Simkaart-Guatamala.png","datePublished":"2024-06-13T14:42:50+00:00","dateModified":"2025-12-17T15:21:26+00:00","description":"Szukasz karty przedp\u0142aconej Karta SIM Gwatemala na (nieograniczone) rozmowy i internet? Optymalna dost\u0119pno\u015b\u0107 podczas podr\u00f3\u017cy w Karta SIM Ameryka \u015arodkowa. Ju\u017c w sprzeda\u017cy od !","breadcrumb":{"@id":"https:\/\/airporttelecom.com\/pl\/karta-sim\/gwatemala\/#breadcrumb"},"inLanguage":"pl-PL","potentialAction":[{"@type":"ReadAction","target":["https:\/\/airporttelecom.com\/pl\/karta-sim\/gwatemala\/"]}]},{"@type":"ImageObject","inLanguage":"pl-PL","@id":"https:\/\/airporttelecom.com\/pl\/karta-sim\/gwatemala\/#primaryimage","url":"https:\/\/airporttelecom.com\/pl\/wp-content\/uploads\/sites\/7\/2024\/06\/Simkaart-Guatamala.png","contentUrl":"https:\/\/airporttelecom.com\/pl\/wp-content\/uploads\/sites\/7\/2024\/06\/Simkaart-Guatamala.png","width":800,"height":316,"caption":"Karta SIM Gwatemala"},{"@type":"BreadcrumbList","@id":"https:\/\/airporttelecom.com\/pl\/karta-sim\/gwatemala\/#breadcrumb","itemListElement":[{"@type":"ListItem","position":1,"name":"Home","item":"https:\/\/airporttelecom.com\/pl\/"},{"@type":"ListItem","position":2,"name":"Karta SIM","item":"https:\/\/airporttelecom.com\/pl\/karta-sim\/"},{"@type":"ListItem","position":3,"name":"Karta SIM Gwatemala"}]},{"@type":"WebSite","@id":"https:\/\/airporttelecom.com\/pl\/#website","url":"https:\/\/airporttelecom.com\/pl\/","name":"Airport Telecom","description":"","publisher":{"@id":"https:\/\/airporttelecom.com\/pl\/#organization"},"potentialAction":[{"@type":"SearchAction","target":{"@type":"EntryPoint","urlTemplate":"https:\/\/airporttelecom.com\/pl\/?s={search_term_string}"},"query-input":{"@type":"PropertyValueSpecification","valueRequired":true,"valueName":"search_term_string"}}],"inLanguage":"pl-PL"},{"@type":"Organization","@id":"https:\/\/airporttelecom.com\/pl\/#organization","name":"Airport Telecom","url":"https:\/\/airporttelecom.com\/pl\/","logo":{"@type":"ImageObject","inLanguage":"pl-PL","@id":"https:\/\/airporttelecom.com\/pl\/#\/schema\/logo\/image\/","url":"https:\/\/airporttelecom.com\/pl\/wp-content\/uploads\/sites\/7\/2024\/06\/icon.png?wsr","contentUrl":"https:\/\/airporttelecom.com\/pl\/wp-content\/uploads\/sites\/7\/2024\/06\/icon.png?wsr","width":110,"height":110,"caption":"Airport Telecom"},"image":{"@id":"https:\/\/airporttelecom.com\/pl\/#\/schema\/logo\/image\/"}}]}},"custom_permalink":"karta-sim\/gwatemala","_links":{"self":[{"href":"https:\/\/airporttelecom.com\/pl\/wp-json\/wp\/v2\/product\/199","targetHints":{"allow":["GET"]}}],"collection":[{"href":"https:\/\/airporttelecom.com\/pl\/wp-json\/wp\/v2\/product"}],"about":[{"href":"https:\/\/airporttelecom.com\/pl\/wp-json\/wp\/v2\/types\/product"}],"replies":[{"embeddable":true,"href":"https:\/\/airporttelecom.com\/pl\/wp-json\/wp\/v2\/comments?post=199"}],"wp:featuredmedia":[{"embeddable":true,"href":"https:\/\/airporttelecom.com\/pl\/wp-json\/wp\/v2\/media\/678"}],"wp:attachment":[{"href":"https:\/\/airporttelecom.com\/pl\/wp-json\/wp\/v2\/media?parent=199"}],"wp:term":[{"taxonomy":"product_brand","embeddable":true,"href":"https:\/\/airporttelecom.com\/pl\/wp-json\/wp\/v2\/product_brand?post=199"},{"taxonomy":"product_cat","embeddable":true,"href":"https:\/\/airporttelecom.com\/pl\/wp-json\/wp\/v2\/product_cat?post=199"},{"taxonomy":"product_tag","embeddable":true,"href":"https:\/\/airporttelecom.com\/pl\/wp-json\/wp\/v2\/product_tag?post=199"}],"curies":[{"name":"wp","href":"https:\/\/api.w.org\/{rel}","templated":true}]}}