{"id":253,"date":"2024-06-18T13:27:22","date_gmt":"2024-06-18T13:27:22","guid":{"rendered":"https:\/\/airporttelecom.outperforming.nl\/nl\/?post_type=product&#038;p=253"},"modified":"2025-12-17T15:08:23","modified_gmt":"2025-12-17T15:08:23","slug":"simkaart-qatar","status":"publish","type":"product","link":"https:\/\/airporttelecom.com\/pl\/karta-sim\/katar\/","title":{"rendered":"Karta SIM Katar"},"content":{"rendered":"","protected":false},"excerpt":{"rendered":"","protected":false},"featured_media":706,"comment_status":"open","ping_status":"closed","template":"","meta":{"_acf_changed":false},"product_brand":[],"product_cat":[17],"product_tag":[27],"class_list":{"0":"post-253","1":"product","2":"type-product","3":"status-publish","4":"has-post-thumbnail","6":"product_cat-karta-sim","7":"product_tag-karta-sim-bliski-wschod","9":"first","10":"instock","11":"taxable","12":"shipping-taxable","13":"purchasable","14":"product-type-variable"},"acf":{"gebied_afbeelding":641,"vlag_afbeelding":254,"provider":["NEX"],"product_synoniemen":null,"product_bestel_velden":["vertrekdatum"],"product_omschrijving":"<h2><span data-contrast=\"none\">Mobilna dost\u0119pno\u015b\u0107 z kart\u0105 SIM do Kataru<\/span><span data-ccp-props=\"{&quot;134245418&quot;:true,&quot;134245529&quot;:true,&quot;335559738&quot;:160,&quot;335559739&quot;:80}\">\r\n<\/span><\/h2>\r\n<span data-contrast=\"auto\">Dzi\u0119ki przedp\u0142aconej karcie SIM Qatar od Airport Telecom mo\u017cesz korzysta\u0107 z mobilnego internetu w ca\u0142ym Katarze. Oferujemy pakiety danych i po\u0142\u0105cze\u0144 dostosowane do indywidualnych potrzeb. Pakiety danych to idealne rozwi\u0105zanie do korzystania z internetu w podr\u00f3\u017cy. Dzi\u0119ki szybkiemu i stabilnemu po\u0142\u0105czeniu 4G\/5G zapewniaj\u0105 wygodny dost\u0119p do poczty e-mail, WhatsAppa, nawigacji GPS oraz innych aplikacji mobilnych.<\/span>\r\n<h2><span data-contrast=\"none\">Dost\u0119p do internetu mobilnego podczas podr\u00f3\u017cy do Kataru<\/span><span data-ccp-props=\"{&quot;134245418&quot;:true,&quot;134245529&quot;:true,&quot;335559738&quot;:160,&quot;335559739&quot;:80}\">\r\n<\/span><\/h2>\r\n<span data-contrast=\"auto\">Karty SIM do Kataru s\u0105 dost\u0119pne w wariantach 10 GB oraz z nielimitowanym pakietem danych. Ka\u017cda karta SIM ma przypisany w\u0142asny numer, na kt\u00f3ry mo\u017cna odbiera\u0107 bezp\u0142atne po\u0142\u0105czenia w Katarze Zar\u00f3wno karty SIM 10 GB, jak i Unlimited dla Kataru obejmuj\u0105 po\u0142\u0105czenia w Katarze. <\/span>\r\n<h2>WhatsApp z kart\u0105 SIM Katar<\/h2>\r\nWszystkie po\u0142\u0105czenia internetowe, takie jak WhatsApp, Skype czy FaceTime, s\u0105 oczywi\u015bcie mo\u017cliwe r\u00f3wnie\u017c z kartami SIM do Kataru W takim przypadku u\u017cywasz pakietu danych dost\u0119pnego na karcie SIM. Mo\u017cesz nadal korzysta\u0107 z WhatsAppa z dotychczasowymi kontaktami, grupami i czatami \u2013 bez utraty historii rozm\u00f3wi. Po w\u0142o\u017ceniu przedp\u0142aconej karty SIM aplikacja aplikacja WhatsApp mo\u017ce zapyta\u0107,, czy chcesz utworzy\u0107 nowe konto, czy zachowa\u0107 obecne ustawienia. Wybierz opcj\u0119 zachowania obecnej to\u017csamo\u015bci, aby nic si\u0119 nie zmieni\u0142o. Nast\u0119pnie mo\u017cesz kontynuowa\u0107 wysy\u0142anie wiadomo\u015bci i rozmowy telefoniczne za pomoc\u0105 WhatsApp jak zwykle.\r\n<h2>Zasi\u0119g sieci kom\u00f3rkowej i dost\u0119p do internetu mobilnego w Katarze<\/h2>\r\nZasi\u0119g sieci kom\u00f3rkowej w Katarze jest doskona\u0142y. Odnosi sie to szczeg\u00f3lnie do du\u017cych miastach, takich jak Doha. Na rozleg\u0142ych terenach naturalnychch zasi\u0119g mo\u017ce by\u0107 nieco mniejszy. Generalnie zasi\u0119g jest dobry we wszystkich wioskach i miastach z kart\u0105 SIM do Kataru.\r\n<h2>Darmowa dostawa karty SIM prosto do domu<\/h2>\r\nKarta SIM Katar zostanie bezp\u0142atnie dostarczona pod wskazany adres. Zam\u00f3wienia z\u0142o\u017cone w dni robocze przed godzin\u0105 14:00 wysy\u0142amy tego samego dnia. Standardowy czas dostawy wynosi oko\u0142o pi\u0119ciu dni roboczych. Potrzebujesz szybciej? Wybierz eSIM, kt\u00f3ry zostanie wys\u0142any bezpo\u015brednio na Tw\u00f3j adres e-mail.\r\n\r\n&nbsp;\r\n\r\n&nbsp;","product_specificaties":"<h2>Zalety karty SIM Qatar<\/h2>\r\nKarta SIM Qatar jest dost\u0119pna we wszystkich rozmiarach (mini, micro i nano) i pasuje do ka\u017cdego telefonu Karta SIM Qatar jest kompatybilna z tetheringiem, dzi\u0119ki czemu mo\u017ce by\u0107 u\u017cywana do hotspot\u00f3w i MIFI.\r\n<h2>Dane mobilne i po\u0142\u0105czenia w Katarze<\/h2>\r\nDost\u0119pne s\u0105 dwa warianty karty SIM Qatar: 10 GB danych, 59,= euro, w tym 500 minut na po\u0142\u0105czenia lokalne Nielimitowane dane, 89,= euro, w tym nieograniczona liczba minut na po\u0142\u0105czenia lokalne Pakiety danych s\u0105 wa\u017cne 30 dni od momentu aktywacji.","product_handleiding":"<h2><span data-contrast=\"none\">Jak zainstalowa\u0107 kart\u0119 SIM Qatar w smarfonie?<\/span><\/h2>\r\n<span data-contrast=\"none\">Otw\u00f3rz tack\u0119 na kart\u0119 SIM znajduj\u0105c\u0105 si\u0119 z boku telefonu. Mo\u017cna to zrobi\u0107 za pomoc\u0105 szpilki do\u0142\u0105czonej do telefonu. Je\u015bli jej nie masz, mo\u017cesz j\u0105 wykona\u0107, prostuj\u0105c spinacz do papieru. Karty SIM Airport Telecom dost\u0119pne s\u0105 z dodatkow\u0105 szpilk\u0105.<\/span> <span data-contrast=\"none\">Wyjmij w\u0142asn\u0105 kart\u0119 SIM i zachowaj j\u0105 w bezpiecznym miejscu! W\u0142\u00f3\u017c now\u0105 kart\u0119 SIM. Mo\u017cna to zrobi\u0107 tylko w jeden spos\u00f3b. Telefon mo\u017ce by\u0107 wyposa\u017cony w kilka kart SIM.<\/span> W\u0142\u00f3\u017c<span data-contrast=\"none\">now\u0105 kart\u0119 SIM jako kart\u0119 dodatkow\u0105.<\/span> <span data-contrast=\"none\">Wsu\u0144 tack\u0119 z kart\u0105 SIM z powrotem do telefonu. Nowa karta SIM aktywuje si\u0119 automatycznie. Telefon mo\u017ce poprosi\u0107 o wprowadzenie dodatkowych ustawie\u0144.<\/span>","product_veelgestelde_vragen":[{"vraag":"Jakiej karty SIM u\u017cywa\u0107 w Katarze? ","antwoord":"W przypadku kr\u00f3tkiego, kilkudniowego pobytu prawdopodobnie nie b\u0119dziesz potrzebowa\u0107 du\u017cej ilo\u015bci danych. Pakiet 10 GB danych dla Kataru mo\u017ce okaza\u0107 si\u0119 wystarczaj\u0105cy. Aplikacje takie jak WhatsApp, Instagram i nawigacja nie zu\u017cywaj\u0105 du\u017co danych. W przypadku d\u0142u\u017cszego pobytu warto wybra\u0107 opcj\u0119 nielimitowanego internetu, aby mie\u0107 pewno\u015b\u0107, \u017ce ilo\u015b\u0107 danych jest wystarczaj\u0105ca. Karta Pakiet nielimitowany oferuje r\u00f3wnie\u017c nielimitowane po\u0142\u0105czenia w Katarze. "},{"vraag":"Gdzie kupi\u0107 kart\u0119 SIM do Kataru? ","antwoord":"Kup kart\u0119 SIM do Kataru od Airport Telecom. . Z\u0142\u00f3\u017c zam\u00f3wienie online, a karta SIM zostanie bezp\u0142atnie dostarczona na Tw\u00f3j adres domowy. "}]},"yoast_head":"<!-- This site is optimized with the Yoast SEO Premium plugin v24.4 (Yoast SEO v26.9) - https:\/\/yoast.com\/product\/yoast-seo-premium-wordpress\/ -->\n<title>Karta SIM Katar kupi\u0107 przedp\u0142acony pakiet (nieograniczone) po\u0142\u0105czenia i internet - Airport Telecom PL<\/title>\n<meta name=\"description\" content=\"Szukasz karty przedp\u0142aconej Karta SIM Katar na (nieograniczone) rozmowy i internet? Optymalna dost\u0119pno\u015b\u0107 podczas podr\u00f3\u017cy w Karta SIM Bliski Wsch\u00f3d. Ju\u017c w sprzeda\u017cy od !\" \/>\n<meta name=\"robots\" content=\"index, follow, max-snippet:-1, max-image-preview:large, max-video-preview:-1\" \/>\n<link rel=\"canonical\" href=\"https:\/\/airporttelecom.com\/pl\/karta-sim\/katar\/\" \/>\n<meta property=\"og:locale\" content=\"pl_PL\" \/>\n<meta property=\"og:type\" content=\"article\" \/>\n<meta property=\"og:title\" content=\"Karta SIM Katar\" \/>\n<meta property=\"og:description\" content=\"Szukasz karty przedp\u0142aconej Karta SIM Katar na (nieograniczone) rozmowy i internet? Optymalna dost\u0119pno\u015b\u0107 podczas podr\u00f3\u017cy w Karta SIM Bliski Wsch\u00f3d. Ju\u017c w sprzeda\u017cy od !\" \/>\n<meta property=\"og:url\" content=\"https:\/\/airporttelecom.com\/pl\/karta-sim\/katar\/\" \/>\n<meta property=\"og:site_name\" content=\"Airport Telecom PL\" \/>\n<meta property=\"article:modified_time\" content=\"2025-12-17T15:08:23+00:00\" \/>\n<meta property=\"og:image\" content=\"https:\/\/airporttelecom.com\/pl\/wp-content\/uploads\/sites\/7\/2024\/06\/Simkaart-Qatar.png?wsr\" \/>\n\t<meta property=\"og:image:width\" content=\"800\" \/>\n\t<meta property=\"og:image:height\" content=\"318\" \/>\n\t<meta property=\"og:image:type\" content=\"image\/png\" \/>\n<meta name=\"twitter:card\" content=\"summary_large_image\" \/>\n<meta name=\"twitter:label1\" content=\"Szacowany czas czytania\" \/>\n\t<meta name=\"twitter:data1\" content=\"1 minuta\" \/>\n<script type=\"application\/ld+json\" class=\"yoast-schema-graph\">{\"@context\":\"https:\/\/schema.org\",\"@graph\":[{\"@type\":\"WebPage\",\"@id\":\"https:\/\/airporttelecom.com\/pl\/karta-sim\/katar\/\",\"url\":\"https:\/\/airporttelecom.com\/pl\/karta-sim\/katar\/\",\"name\":\"Karta SIM Katar kupi\u0107 przedp\u0142acony pakiet (nieograniczone) po\u0142\u0105czenia i internet - Airport Telecom PL\",\"isPartOf\":{\"@id\":\"https:\/\/airporttelecom.com\/pl\/#website\"},\"primaryImageOfPage\":{\"@id\":\"https:\/\/airporttelecom.com\/pl\/karta-sim\/katar\/#primaryimage\"},\"image\":{\"@id\":\"https:\/\/airporttelecom.com\/pl\/karta-sim\/katar\/#primaryimage\"},\"thumbnailUrl\":\"https:\/\/airporttelecom.com\/pl\/wp-content\/uploads\/sites\/7\/2024\/06\/Simkaart-Qatar.png\",\"datePublished\":\"2024-06-18T13:27:22+00:00\",\"dateModified\":\"2025-12-17T15:08:23+00:00\",\"description\":\"Szukasz karty przedp\u0142aconej Karta SIM Katar na (nieograniczone) rozmowy i internet? Optymalna dost\u0119pno\u015b\u0107 podczas podr\u00f3\u017cy w Karta SIM Bliski Wsch\u00f3d. Ju\u017c w sprzeda\u017cy od !\",\"breadcrumb\":{\"@id\":\"https:\/\/airporttelecom.com\/pl\/karta-sim\/katar\/#breadcrumb\"},\"inLanguage\":\"pl-PL\",\"potentialAction\":[{\"@type\":\"ReadAction\",\"target\":[\"https:\/\/airporttelecom.com\/pl\/karta-sim\/katar\/\"]}]},{\"@type\":\"ImageObject\",\"inLanguage\":\"pl-PL\",\"@id\":\"https:\/\/airporttelecom.com\/pl\/karta-sim\/katar\/#primaryimage\",\"url\":\"https:\/\/airporttelecom.com\/pl\/wp-content\/uploads\/sites\/7\/2024\/06\/Simkaart-Qatar.png\",\"contentUrl\":\"https:\/\/airporttelecom.com\/pl\/wp-content\/uploads\/sites\/7\/2024\/06\/Simkaart-Qatar.png\",\"width\":800,\"height\":318,\"caption\":\"Karta SIM Katar\"},{\"@type\":\"BreadcrumbList\",\"@id\":\"https:\/\/airporttelecom.com\/pl\/karta-sim\/katar\/#breadcrumb\",\"itemListElement\":[{\"@type\":\"ListItem\",\"position\":1,\"name\":\"Home\",\"item\":\"https:\/\/airporttelecom.com\/pl\/\"},{\"@type\":\"ListItem\",\"position\":2,\"name\":\"Karta SIM\",\"item\":\"https:\/\/airporttelecom.com\/pl\/karta-sim\/\"},{\"@type\":\"ListItem\",\"position\":3,\"name\":\"Karta SIM Katar\"}]},{\"@type\":\"WebSite\",\"@id\":\"https:\/\/airporttelecom.com\/pl\/#website\",\"url\":\"https:\/\/airporttelecom.com\/pl\/\",\"name\":\"Airport Telecom\",\"description\":\"\",\"publisher\":{\"@id\":\"https:\/\/airporttelecom.com\/pl\/#organization\"},\"potentialAction\":[{\"@type\":\"SearchAction\",\"target\":{\"@type\":\"EntryPoint\",\"urlTemplate\":\"https:\/\/airporttelecom.com\/pl\/?s={search_term_string}\"},\"query-input\":{\"@type\":\"PropertyValueSpecification\",\"valueRequired\":true,\"valueName\":\"search_term_string\"}}],\"inLanguage\":\"pl-PL\"},{\"@type\":\"Organization\",\"@id\":\"https:\/\/airporttelecom.com\/pl\/#organization\",\"name\":\"Airport Telecom\",\"url\":\"https:\/\/airporttelecom.com\/pl\/\",\"logo\":{\"@type\":\"ImageObject\",\"inLanguage\":\"pl-PL\",\"@id\":\"https:\/\/airporttelecom.com\/pl\/#\/schema\/logo\/image\/\",\"url\":\"https:\/\/airporttelecom.com\/pl\/wp-content\/uploads\/sites\/7\/2024\/06\/icon.png?wsr\",\"contentUrl\":\"https:\/\/airporttelecom.com\/pl\/wp-content\/uploads\/sites\/7\/2024\/06\/icon.png?wsr\",\"width\":110,\"height\":110,\"caption\":\"Airport Telecom\"},\"image\":{\"@id\":\"https:\/\/airporttelecom.com\/pl\/#\/schema\/logo\/image\/\"}}]}<\/script>\n<!-- \/ Yoast SEO Premium plugin. -->","yoast_head_json":{"title":"Karta SIM Katar kupi\u0107 przedp\u0142acony pakiet (nieograniczone) po\u0142\u0105czenia i internet - Airport Telecom PL","description":"Szukasz karty przedp\u0142aconej Karta SIM Katar na (nieograniczone) rozmowy i internet? Optymalna dost\u0119pno\u015b\u0107 podczas podr\u00f3\u017cy w Karta SIM Bliski Wsch\u00f3d. Ju\u017c w sprzeda\u017cy od !","robots":{"index":"index","follow":"follow","max-snippet":"max-snippet:-1","max-image-preview":"max-image-preview:large","max-video-preview":"max-video-preview:-1"},"canonical":"https:\/\/airporttelecom.com\/pl\/karta-sim\/katar\/","og_locale":"pl_PL","og_type":"article","og_title":"Karta SIM Katar","og_description":"Szukasz karty przedp\u0142aconej Karta SIM Katar na (nieograniczone) rozmowy i internet? Optymalna dost\u0119pno\u015b\u0107 podczas podr\u00f3\u017cy w Karta SIM Bliski Wsch\u00f3d. Ju\u017c w sprzeda\u017cy od !","og_url":"https:\/\/airporttelecom.com\/pl\/karta-sim\/katar\/","og_site_name":"Airport Telecom PL","article_modified_time":"2025-12-17T15:08:23+00:00","og_image":[{"width":800,"height":318,"url":"https:\/\/airporttelecom.com\/pl\/wp-content\/uploads\/sites\/7\/2024\/06\/Simkaart-Qatar.png?wsr","type":"image\/png"}],"twitter_card":"summary_large_image","twitter_misc":{"Szacowany czas czytania":"1 minuta"},"schema":{"@context":"https:\/\/schema.org","@graph":[{"@type":"WebPage","@id":"https:\/\/airporttelecom.com\/pl\/karta-sim\/katar\/","url":"https:\/\/airporttelecom.com\/pl\/karta-sim\/katar\/","name":"Karta SIM Katar kupi\u0107 przedp\u0142acony pakiet (nieograniczone) po\u0142\u0105czenia i internet - Airport Telecom PL","isPartOf":{"@id":"https:\/\/airporttelecom.com\/pl\/#website"},"primaryImageOfPage":{"@id":"https:\/\/airporttelecom.com\/pl\/karta-sim\/katar\/#primaryimage"},"image":{"@id":"https:\/\/airporttelecom.com\/pl\/karta-sim\/katar\/#primaryimage"},"thumbnailUrl":"https:\/\/airporttelecom.com\/pl\/wp-content\/uploads\/sites\/7\/2024\/06\/Simkaart-Qatar.png","datePublished":"2024-06-18T13:27:22+00:00","dateModified":"2025-12-17T15:08:23+00:00","description":"Szukasz karty przedp\u0142aconej Karta SIM Katar na (nieograniczone) rozmowy i internet? Optymalna dost\u0119pno\u015b\u0107 podczas podr\u00f3\u017cy w Karta SIM Bliski Wsch\u00f3d. Ju\u017c w sprzeda\u017cy od !","breadcrumb":{"@id":"https:\/\/airporttelecom.com\/pl\/karta-sim\/katar\/#breadcrumb"},"inLanguage":"pl-PL","potentialAction":[{"@type":"ReadAction","target":["https:\/\/airporttelecom.com\/pl\/karta-sim\/katar\/"]}]},{"@type":"ImageObject","inLanguage":"pl-PL","@id":"https:\/\/airporttelecom.com\/pl\/karta-sim\/katar\/#primaryimage","url":"https:\/\/airporttelecom.com\/pl\/wp-content\/uploads\/sites\/7\/2024\/06\/Simkaart-Qatar.png","contentUrl":"https:\/\/airporttelecom.com\/pl\/wp-content\/uploads\/sites\/7\/2024\/06\/Simkaart-Qatar.png","width":800,"height":318,"caption":"Karta SIM Katar"},{"@type":"BreadcrumbList","@id":"https:\/\/airporttelecom.com\/pl\/karta-sim\/katar\/#breadcrumb","itemListElement":[{"@type":"ListItem","position":1,"name":"Home","item":"https:\/\/airporttelecom.com\/pl\/"},{"@type":"ListItem","position":2,"name":"Karta SIM","item":"https:\/\/airporttelecom.com\/pl\/karta-sim\/"},{"@type":"ListItem","position":3,"name":"Karta SIM Katar"}]},{"@type":"WebSite","@id":"https:\/\/airporttelecom.com\/pl\/#website","url":"https:\/\/airporttelecom.com\/pl\/","name":"Airport Telecom","description":"","publisher":{"@id":"https:\/\/airporttelecom.com\/pl\/#organization"},"potentialAction":[{"@type":"SearchAction","target":{"@type":"EntryPoint","urlTemplate":"https:\/\/airporttelecom.com\/pl\/?s={search_term_string}"},"query-input":{"@type":"PropertyValueSpecification","valueRequired":true,"valueName":"search_term_string"}}],"inLanguage":"pl-PL"},{"@type":"Organization","@id":"https:\/\/airporttelecom.com\/pl\/#organization","name":"Airport Telecom","url":"https:\/\/airporttelecom.com\/pl\/","logo":{"@type":"ImageObject","inLanguage":"pl-PL","@id":"https:\/\/airporttelecom.com\/pl\/#\/schema\/logo\/image\/","url":"https:\/\/airporttelecom.com\/pl\/wp-content\/uploads\/sites\/7\/2024\/06\/icon.png?wsr","contentUrl":"https:\/\/airporttelecom.com\/pl\/wp-content\/uploads\/sites\/7\/2024\/06\/icon.png?wsr","width":110,"height":110,"caption":"Airport Telecom"},"image":{"@id":"https:\/\/airporttelecom.com\/pl\/#\/schema\/logo\/image\/"}}]}},"custom_permalink":"karta-sim\/katar","_links":{"self":[{"href":"https:\/\/airporttelecom.com\/pl\/wp-json\/wp\/v2\/product\/253","targetHints":{"allow":["GET"]}}],"collection":[{"href":"https:\/\/airporttelecom.com\/pl\/wp-json\/wp\/v2\/product"}],"about":[{"href":"https:\/\/airporttelecom.com\/pl\/wp-json\/wp\/v2\/types\/product"}],"replies":[{"embeddable":true,"href":"https:\/\/airporttelecom.com\/pl\/wp-json\/wp\/v2\/comments?post=253"}],"wp:featuredmedia":[{"embeddable":true,"href":"https:\/\/airporttelecom.com\/pl\/wp-json\/wp\/v2\/media\/706"}],"wp:attachment":[{"href":"https:\/\/airporttelecom.com\/pl\/wp-json\/wp\/v2\/media?parent=253"}],"wp:term":[{"taxonomy":"product_brand","embeddable":true,"href":"https:\/\/airporttelecom.com\/pl\/wp-json\/wp\/v2\/product_brand?post=253"},{"taxonomy":"product_cat","embeddable":true,"href":"https:\/\/airporttelecom.com\/pl\/wp-json\/wp\/v2\/product_cat?post=253"},{"taxonomy":"product_tag","embeddable":true,"href":"https:\/\/airporttelecom.com\/pl\/wp-json\/wp\/v2\/product_tag?post=253"}],"curies":[{"name":"wp","href":"https:\/\/api.w.org\/{rel}","templated":true}]}}