{"id":255,"date":"2024-06-18T13:30:46","date_gmt":"2024-06-18T13:30:46","guid":{"rendered":"https:\/\/airporttelecom.outperforming.nl\/nl\/?post_type=product&#038;p=255"},"modified":"2026-02-28T15:01:09","modified_gmt":"2026-02-28T15:01:09","slug":"simkaart-turkije","status":"publish","type":"product","link":"https:\/\/airporttelecom.com\/pl\/karta-sim\/turcja\/","title":{"rendered":"Karta SIM Turcja"},"content":{"rendered":"","protected":false},"excerpt":{"rendered":"","protected":false},"featured_media":712,"comment_status":"open","ping_status":"closed","template":"","meta":{"_acf_changed":false},"product_brand":[],"product_cat":[17],"product_tag":[27,19],"class_list":{"0":"post-255","1":"product","2":"type-product","3":"status-publish","4":"has-post-thumbnail","6":"product_cat-karta-sim","7":"product_tag-karta-sim-bliski-wschod","8":"product_tag-karta-sim-europa","10":"first","11":"instock","12":"taxable","13":"shipping-taxable","14":"purchasable","15":"product-type-variable"},"acf":{"gebied_afbeelding":913,"vlag_afbeelding":257,"provider":["BIC","NEX"],"product_synoniemen":null,"product_bestel_velden":"","product_omschrijving":"<h2>Internet mobilny w Turcji z kart\u0105 SIM<\/h2>\r\nDzi\u0119ki karcie SIM do Turcji korzystasz z mobilnego internetu na terenie ca\u0142ego kraju bez roamingu i dodatkowych op\u0142at. Karta SIM jest idealnym rozwi\u0105zaniem do codziennego korzystania z internetu \u2014 zapewnia dost\u0119p do poczty e-mail, WhatsApp, nawigacji oraz innych aplikacji online dzi\u0119ki szybkiemu i stabilnemu po\u0142\u0105czeniu 4G\/5G.\r\n\r\nKarta SIM do Turcji umo\u017cliwia tethering, dzi\u0119ki czemu mo\u017cna j\u0105 u\u017cywa\u0107 r\u00f3wnie\u017c jako hotspot lub w urz\u0105dzeniach MiFi\r\n\r\nRejestracja u\u017cytkownika nie jest wymagana. Po przybyciu do Turcji internet dzia\u0142a automatycznie.\r\n<h2>Pakiety danych na podr\u00f3\u017c do Turcji<\/h2>\r\n<span style=\"font-weight: 400\">Karta SIM do Turcji jest dost\u0119pna z pakietem danych bez ogranicze\u0144* na 7, 14 lub 30 dni:<\/span>\r\n<h3>Karta SIM Pakiet nielimitowany* Turcja 7 dni<\/h3>\r\n<h3>Karta SIM Pakiet nielimitowany* Turcja 14 dni<\/h3>\r\n<h3>Karta SIM Pakiet nielimitowany* Turcja 30 dni<\/h3>\r\n* Obowi\u0105zuj\u0105 zasady dozwolonego u\u017cytku. karty SIM. W przypadku nadmiernego zu\u017cycia danych operator mo\u017ce ograniczy\u0107 jej mo\u017cliwo\u015bci. Polityka uczciwego u\u017cytkowania zak\u0142ada korzystanie z jednej karty SIM przez jednego u\u017cytkownika. Przy standardowym korzystaniu \u2014 takim jak nawigacja, poczta e-mail, przegl\u0105danie internetu, wiadomo\u015bci i po\u0142\u0105czenia przez WhatsApp czy korzystanie z aplikacji takich jak Instagram i Snapchat \u2014 polityka ta nie ma zastosowania. Ograniczenia mog\u0105 jednak wyst\u0105pi\u0107 przy bardzo intensywnym ogl\u0105daniu materia\u0142\u00f3w na YouTube, TikTok, serwisach streamingowych (np. Netflix) lub telewizji online, zw\u0142aszcza gdy po\u0142\u0105czenie jest wsp\u00f3\u0142dzielone przez wielu u\u017cytkownik\u00f3w za pomoc\u0105 hotspotu lub routera. Zwroty koszt\u00f3w nie b\u0119d\u0105 przyznawane w przypadku naruszenia zasad uczciwego u\u017cytkowania.\r\n<h2>WhatsApp z kart\u0105 SIM Turcja<\/h2>\r\n<p data-start=\"74\" data-end=\"237\">Wszystkie po\u0142\u0105czenia internetowe, takie jak WhatsApp, Skype czy FaceTime, s\u0105 mo\u017cliwe dzi\u0119ki kartom SIM do Turcji i wykorzystuj\u0105 pakiet danych dost\u0119pny na karcie. Mo\u017cesz nadal korzysta\u0107 z WhatsApp ze swoimi dotychczasowymi kontaktami, grupami i czatami. Po w\u0142o\u017ceniu przedp\u0142aconej karty SIM aplikacja mo\u017ce zapyta\u0107, czy chcesz utworzy\u0107 nowe konto, czy zachowa\u0107 obecne ustawienia. Wybierz opcj\u0119 zachowania obecnej to\u017csamo\u015bci, aby nic si\u0119 nie zmieni\u0142o. Nast\u0119pnie mo\u017cesz bez przeszk\u00f3d wysy\u0142a\u0107 wiadomo\u015bci oraz prowadzi\u0107 rozmowy przez WhatsApp.<\/p>\r\n\r\n<h2>Zasi\u0119g sieci kom\u00f3rkowej i dost\u0119p do internetu mobilnego w Turcji<\/h2>\r\nKarta SIM do Turcji zapewnia bardzo dobr\u0105 jako\u015b\u0107 po\u0142\u0105czenia oraz stabilny internet mobilny w Turcji, szczeg\u00f3lnie w najwi\u0119kszych miastach i ich okolicach. Szybki internet w Turcji dzia\u0142a sprawnie w Stambule, zar\u00f3wno w rejonie Bosforu, jak i przy B\u0142\u0119kitnym Meczecie, a tak\u017ce w stolicy kraju, Ankarze. W mniej zaludnionych i bardziej oddalonych regionach zasi\u0119g mo\u017ce by\u0107 nieco s\u0142abszy. Podczas rejsu wzd\u0142u\u017c tureckiej riwiery, w\u015br\u00f3d malowniczych zatok i wysp, mog\u0105 wyst\u0119powa\u0107 miejsca z ograniczonym dost\u0119pem do internetu mobilnego. W wi\u0119kszo\u015bci miast i miejscowo\u015bci w g\u0142\u0119bi kraju internet dzia\u0142a jednak stabilnie i szybko. Bardzo dobry zasi\u0119g sieci kom\u00f3rkowej dost\u0119pny jest r\u00f3wnie\u017c w popularnych kurortach nadmorskich, takich jak Bodrum, Antalya czy Marmaris.\r\nDzi\u0119ki karcie SIM do Turcji mo\u017cesz bez przeszk\u00f3d udost\u0119pnia\u0107 zdj\u0119cia z wakacji, relacje z podr\u00f3\u017cy czy wypoczynku na pla\u017cy oraz pozostawa\u0107 w sta\u0142ym kontakcie z rodzin\u0105 i znajomymi.\r\n<h2>Darmowa dostawa karty SIM prosto do domu<\/h2>\r\nKarta SIM Turcja zostanie bezp\u0142atnie dostarczona pod wskazany adres. Zam\u00f3wienia z\u0142o\u017cone w dni robocze przed godzin\u0105 14:00 wysy\u0142amy tego samego dnia. Standardowy czas dostawy wynosi oko\u0142o pi\u0119ciu dni roboczych. Potrzebujesz szybciej? Wybierz eSIM do Turcji, kt\u00f3ry zostanie wys\u0142any bezpo\u015brednio na Tw\u00f3j adres e-mail.\r\n\r\n&nbsp;\r\n\r\n&nbsp;","product_specificaties":"<h2>Internet z kart\u0105 SIM do Turcji<\/h2>\r\nDost\u0119pne s\u0105 trzy warianty karty SIM Turcja z nielimitowanym internetem:\r\n\r\n<b>Karta SIM Turcja \u2013 Nielimitowane dane 7 dni<\/b>\r\n\r\n\u2022 Nielimitowany internet w ca\u0142ej Turcji*\r\n\u2022 Pakiet wa\u017cny przez 7 dni\r\n\u2022 Mo\u017cliwo\u015b\u0107 do\u0142adowania za po\u015brednictwem tej strony\r\n\r\n<b>Karta SIM Turcja \u2013 Nielimitowane dane 14 dni<\/b>\r\n\r\n\u2022 Nielimitowany internet w ca\u0142ej Turcji*\r\n\u2022 Pakiet wa\u017cny przez 14 dni\r\n\u2022 Mo\u017cliwo\u015b\u0107 do\u0142adowania za po\u015brednictwem tej strony\r\n\r\n<b>Karta SIM Turcja \u2013 Nielimitowane dane 30 dni<\/b>\r\n\r\n\u2022 Nielimitowany internet w ca\u0142ej Turcji*\r\n\u2022 Pakiet wa\u017cny przez 30 dni\r\n\u2022 Mo\u017cliwo\u015b\u0107 do\u0142adowania za po\u015brednictwem tej strony\r\n\r\n* Obowi\u0105zuj\u0105 zasady dozwolonego u\u017cytku. W przypadku nadmiernego wykorzystania danych operator w Turcji mo\u017ce ograniczy\u0107 funkcjonalno\u015b\u0107 karty SIM.","product_handleiding":"<h2><span data-contrast=\"none\">Jak zainstalowa\u0107 kart\u0119 SIM Turcja w telefonie?<\/span><\/h2>\r\n<span data-contrast=\"auto\">Otw\u00f3rz tack\u0119 na kart\u0119 SIM znajduj\u0105c\u0105 si\u0119 z boku telefonu. Mo\u017cna to zrobi\u0107 za pomoc\u0105 szpilki do\u0142\u0105czonej do telefonu. Je\u015bli jej nie masz, mo\u017cesz j\u0105 wykona\u0107, prostuj\u0105c spinacz do papieru. Karty SIM Airport Telecom dostarczane s\u0105 z dodatkow\u0105 szpilk\u0105.<\/span> <span data-contrast=\"auto\">Wyjmij w\u0142asn\u0105 kart\u0119 SIM i zachowaj j\u0105 w bezpiecznym miejscu! W\u0142\u00f3\u017c now\u0105 kart\u0119 SIM. Mo\u017cna to zrobi\u0107 tylko w jeden spos\u00f3b. Telefon mo\u017ce by\u0107 wyposa\u017cony w kilka kart SIM.<\/span> W\u0142\u00f3\u017c<span data-contrast=\"auto\">now\u0105 kart\u0119 SIM jako kart\u0119 dodatkow\u0105.<\/span> <span data-contrast=\"auto\">Wsu\u0144 tack\u0119 z kart\u0105 SIM z powrotem do telefonu. Nowa karta SIM aktywuje si\u0119 automatycznie. Telefon mo\u017ce poprosi\u0107 o wprowadzenie dodatkowych ustawie\u0144.<\/span>","product_veelgestelde_vragen":[{"vraag":"Jakiej karty SIM u\u017cywa\u0107 w Turcji? ","antwoord":"W przypadku kr\u00f3tkiego, kilkudniowego pobytu w Turcji prawdopodobnie nie b\u0119dziesz potrzebowa\u0107 du\u017cej ilo\u015bci danych. Pakiet 3 GB danych dla Turcji mo\u017ce okaza\u0107 si\u0119 wystarczaj\u0105cy. Aplikacje takie jak WhatsApp, Instagram i nawigacja nie zu\u017cywaj\u0105 du\u017co danych. W przypadku d\u0142u\u017cszego pobytu warto zdecydowa\u0107 si\u0119 na pakiet 6 GB, aby zapewni\u0107 sobie wystarczaj\u0105c\u0105 ilo\u015b\u0107 danych.  "},{"vraag":"Gdzie kupi\u0107 kart\u0119 SIM do Turcji? ","antwoord":"Kup kart\u0119 SIM do Turcji w Airport Telecom. . Z\u0142\u00f3\u017c zam\u00f3wienie online, a karta SIM zostanie bezp\u0142atnie dostarczona na Tw\u00f3j adres domowy. "}]},"yoast_head":"<!-- This site is optimized with the Yoast SEO Premium plugin v24.4 (Yoast SEO v26.9) - https:\/\/yoast.com\/product\/yoast-seo-premium-wordpress\/ -->\n<title>Karta SIM Turcja kupi\u0107 przedp\u0142acony pakiet (nieograniczone) po\u0142\u0105czenia i internet - Airport Telecom PL<\/title>\n<meta name=\"description\" content=\"Szukasz karty przedp\u0142aconej Karta SIM Turcja na (nieograniczone) rozmowy i internet? Optymalna dost\u0119pno\u015b\u0107 podczas podr\u00f3\u017cy w Karta SIM Bliski Wsch\u00f3d, Karta SIM Europa. Ju\u017c w sprzeda\u017cy od !\" \/>\n<meta name=\"robots\" content=\"index, follow, max-snippet:-1, max-image-preview:large, max-video-preview:-1\" \/>\n<link rel=\"canonical\" href=\"https:\/\/airporttelecom.com\/pl\/karta-sim\/turcja\/\" \/>\n<meta property=\"og:locale\" content=\"pl_PL\" \/>\n<meta property=\"og:type\" content=\"article\" \/>\n<meta property=\"og:title\" content=\"Karta SIM Turcja\" \/>\n<meta property=\"og:description\" content=\"Szukasz karty przedp\u0142aconej Karta SIM Turcja na (nieograniczone) rozmowy i internet? Optymalna dost\u0119pno\u015b\u0107 podczas podr\u00f3\u017cy w Karta SIM Bliski Wsch\u00f3d, Karta SIM Europa. Ju\u017c w sprzeda\u017cy od !\" \/>\n<meta property=\"og:url\" content=\"https:\/\/airporttelecom.com\/pl\/karta-sim\/turcja\/\" \/>\n<meta property=\"og:site_name\" content=\"Airport Telecom PL\" \/>\n<meta property=\"article:modified_time\" content=\"2026-02-28T15:01:09+00:00\" \/>\n<meta property=\"og:image\" content=\"https:\/\/airporttelecom.com\/pl\/wp-content\/uploads\/sites\/7\/2024\/06\/Simkaart-Turkije.png\" \/>\n\t<meta property=\"og:image:width\" content=\"800\" \/>\n\t<meta property=\"og:image:height\" content=\"318\" \/>\n\t<meta property=\"og:image:type\" content=\"image\/png\" \/>\n<meta name=\"twitter:card\" content=\"summary_large_image\" \/>\n<meta name=\"twitter:label1\" content=\"Szacowany czas czytania\" \/>\n\t<meta name=\"twitter:data1\" content=\"1 minuta\" \/>\n<script type=\"application\/ld+json\" class=\"yoast-schema-graph\">{\"@context\":\"https:\/\/schema.org\",\"@graph\":[{\"@type\":\"WebPage\",\"@id\":\"https:\/\/airporttelecom.com\/pl\/karta-sim\/turcja\/\",\"url\":\"https:\/\/airporttelecom.com\/pl\/karta-sim\/turcja\/\",\"name\":\"Karta SIM Turcja kupi\u0107 przedp\u0142acony pakiet (nieograniczone) po\u0142\u0105czenia i internet - Airport Telecom PL\",\"isPartOf\":{\"@id\":\"https:\/\/airporttelecom.com\/pl\/#website\"},\"primaryImageOfPage\":{\"@id\":\"https:\/\/airporttelecom.com\/pl\/karta-sim\/turcja\/#primaryimage\"},\"image\":{\"@id\":\"https:\/\/airporttelecom.com\/pl\/karta-sim\/turcja\/#primaryimage\"},\"thumbnailUrl\":\"https:\/\/airporttelecom.com\/pl\/wp-content\/uploads\/sites\/7\/2024\/06\/Simkaart-Turkije.png\",\"datePublished\":\"2024-06-18T13:30:46+00:00\",\"dateModified\":\"2026-02-28T15:01:09+00:00\",\"description\":\"Szukasz karty przedp\u0142aconej Karta SIM Turcja na (nieograniczone) rozmowy i internet? Optymalna dost\u0119pno\u015b\u0107 podczas podr\u00f3\u017cy w Karta SIM Bliski Wsch\u00f3d, Karta SIM Europa. Ju\u017c w sprzeda\u017cy od !\",\"breadcrumb\":{\"@id\":\"https:\/\/airporttelecom.com\/pl\/karta-sim\/turcja\/#breadcrumb\"},\"inLanguage\":\"pl-PL\",\"potentialAction\":[{\"@type\":\"ReadAction\",\"target\":[\"https:\/\/airporttelecom.com\/pl\/karta-sim\/turcja\/\"]}]},{\"@type\":\"ImageObject\",\"inLanguage\":\"pl-PL\",\"@id\":\"https:\/\/airporttelecom.com\/pl\/karta-sim\/turcja\/#primaryimage\",\"url\":\"https:\/\/airporttelecom.com\/pl\/wp-content\/uploads\/sites\/7\/2024\/06\/Simkaart-Turkije.png\",\"contentUrl\":\"https:\/\/airporttelecom.com\/pl\/wp-content\/uploads\/sites\/7\/2024\/06\/Simkaart-Turkije.png\",\"width\":800,\"height\":318,\"caption\":\"Karta SIM Turcja\"},{\"@type\":\"BreadcrumbList\",\"@id\":\"https:\/\/airporttelecom.com\/pl\/karta-sim\/turcja\/#breadcrumb\",\"itemListElement\":[{\"@type\":\"ListItem\",\"position\":1,\"name\":\"Home\",\"item\":\"https:\/\/airporttelecom.com\/pl\/\"},{\"@type\":\"ListItem\",\"position\":2,\"name\":\"Karta SIM\",\"item\":\"https:\/\/airporttelecom.com\/pl\/karta-sim\/\"},{\"@type\":\"ListItem\",\"position\":3,\"name\":\"Karta SIM Turcja\"}]},{\"@type\":\"WebSite\",\"@id\":\"https:\/\/airporttelecom.com\/pl\/#website\",\"url\":\"https:\/\/airporttelecom.com\/pl\/\",\"name\":\"Airport Telecom\",\"description\":\"\",\"publisher\":{\"@id\":\"https:\/\/airporttelecom.com\/pl\/#organization\"},\"potentialAction\":[{\"@type\":\"SearchAction\",\"target\":{\"@type\":\"EntryPoint\",\"urlTemplate\":\"https:\/\/airporttelecom.com\/pl\/?s={search_term_string}\"},\"query-input\":{\"@type\":\"PropertyValueSpecification\",\"valueRequired\":true,\"valueName\":\"search_term_string\"}}],\"inLanguage\":\"pl-PL\"},{\"@type\":\"Organization\",\"@id\":\"https:\/\/airporttelecom.com\/pl\/#organization\",\"name\":\"Airport Telecom\",\"url\":\"https:\/\/airporttelecom.com\/pl\/\",\"logo\":{\"@type\":\"ImageObject\",\"inLanguage\":\"pl-PL\",\"@id\":\"https:\/\/airporttelecom.com\/pl\/#\/schema\/logo\/image\/\",\"url\":\"https:\/\/airporttelecom.com\/pl\/wp-content\/uploads\/sites\/7\/2024\/06\/icon.png?wsr\",\"contentUrl\":\"https:\/\/airporttelecom.com\/pl\/wp-content\/uploads\/sites\/7\/2024\/06\/icon.png?wsr\",\"width\":110,\"height\":110,\"caption\":\"Airport Telecom\"},\"image\":{\"@id\":\"https:\/\/airporttelecom.com\/pl\/#\/schema\/logo\/image\/\"}}]}<\/script>\n<!-- \/ Yoast SEO Premium plugin. -->","yoast_head_json":{"title":"Karta SIM Turcja kupi\u0107 przedp\u0142acony pakiet (nieograniczone) po\u0142\u0105czenia i internet - Airport Telecom PL","description":"Szukasz karty przedp\u0142aconej Karta SIM Turcja na (nieograniczone) rozmowy i internet? Optymalna dost\u0119pno\u015b\u0107 podczas podr\u00f3\u017cy w Karta SIM Bliski Wsch\u00f3d, Karta SIM Europa. Ju\u017c w sprzeda\u017cy od !","robots":{"index":"index","follow":"follow","max-snippet":"max-snippet:-1","max-image-preview":"max-image-preview:large","max-video-preview":"max-video-preview:-1"},"canonical":"https:\/\/airporttelecom.com\/pl\/karta-sim\/turcja\/","og_locale":"pl_PL","og_type":"article","og_title":"Karta SIM Turcja","og_description":"Szukasz karty przedp\u0142aconej Karta SIM Turcja na (nieograniczone) rozmowy i internet? Optymalna dost\u0119pno\u015b\u0107 podczas podr\u00f3\u017cy w Karta SIM Bliski Wsch\u00f3d, Karta SIM Europa. Ju\u017c w sprzeda\u017cy od !","og_url":"https:\/\/airporttelecom.com\/pl\/karta-sim\/turcja\/","og_site_name":"Airport Telecom PL","article_modified_time":"2026-02-28T15:01:09+00:00","og_image":[{"width":800,"height":318,"url":"https:\/\/airporttelecom.com\/pl\/wp-content\/uploads\/sites\/7\/2024\/06\/Simkaart-Turkije.png","type":"image\/png"}],"twitter_card":"summary_large_image","twitter_misc":{"Szacowany czas czytania":"1 minuta"},"schema":{"@context":"https:\/\/schema.org","@graph":[{"@type":"WebPage","@id":"https:\/\/airporttelecom.com\/pl\/karta-sim\/turcja\/","url":"https:\/\/airporttelecom.com\/pl\/karta-sim\/turcja\/","name":"Karta SIM Turcja kupi\u0107 przedp\u0142acony pakiet (nieograniczone) po\u0142\u0105czenia i internet - Airport Telecom PL","isPartOf":{"@id":"https:\/\/airporttelecom.com\/pl\/#website"},"primaryImageOfPage":{"@id":"https:\/\/airporttelecom.com\/pl\/karta-sim\/turcja\/#primaryimage"},"image":{"@id":"https:\/\/airporttelecom.com\/pl\/karta-sim\/turcja\/#primaryimage"},"thumbnailUrl":"https:\/\/airporttelecom.com\/pl\/wp-content\/uploads\/sites\/7\/2024\/06\/Simkaart-Turkije.png","datePublished":"2024-06-18T13:30:46+00:00","dateModified":"2026-02-28T15:01:09+00:00","description":"Szukasz karty przedp\u0142aconej Karta SIM Turcja na (nieograniczone) rozmowy i internet? Optymalna dost\u0119pno\u015b\u0107 podczas podr\u00f3\u017cy w Karta SIM Bliski Wsch\u00f3d, Karta SIM Europa. Ju\u017c w sprzeda\u017cy od !","breadcrumb":{"@id":"https:\/\/airporttelecom.com\/pl\/karta-sim\/turcja\/#breadcrumb"},"inLanguage":"pl-PL","potentialAction":[{"@type":"ReadAction","target":["https:\/\/airporttelecom.com\/pl\/karta-sim\/turcja\/"]}]},{"@type":"ImageObject","inLanguage":"pl-PL","@id":"https:\/\/airporttelecom.com\/pl\/karta-sim\/turcja\/#primaryimage","url":"https:\/\/airporttelecom.com\/pl\/wp-content\/uploads\/sites\/7\/2024\/06\/Simkaart-Turkije.png","contentUrl":"https:\/\/airporttelecom.com\/pl\/wp-content\/uploads\/sites\/7\/2024\/06\/Simkaart-Turkije.png","width":800,"height":318,"caption":"Karta SIM Turcja"},{"@type":"BreadcrumbList","@id":"https:\/\/airporttelecom.com\/pl\/karta-sim\/turcja\/#breadcrumb","itemListElement":[{"@type":"ListItem","position":1,"name":"Home","item":"https:\/\/airporttelecom.com\/pl\/"},{"@type":"ListItem","position":2,"name":"Karta SIM","item":"https:\/\/airporttelecom.com\/pl\/karta-sim\/"},{"@type":"ListItem","position":3,"name":"Karta SIM Turcja"}]},{"@type":"WebSite","@id":"https:\/\/airporttelecom.com\/pl\/#website","url":"https:\/\/airporttelecom.com\/pl\/","name":"Airport Telecom","description":"","publisher":{"@id":"https:\/\/airporttelecom.com\/pl\/#organization"},"potentialAction":[{"@type":"SearchAction","target":{"@type":"EntryPoint","urlTemplate":"https:\/\/airporttelecom.com\/pl\/?s={search_term_string}"},"query-input":{"@type":"PropertyValueSpecification","valueRequired":true,"valueName":"search_term_string"}}],"inLanguage":"pl-PL"},{"@type":"Organization","@id":"https:\/\/airporttelecom.com\/pl\/#organization","name":"Airport Telecom","url":"https:\/\/airporttelecom.com\/pl\/","logo":{"@type":"ImageObject","inLanguage":"pl-PL","@id":"https:\/\/airporttelecom.com\/pl\/#\/schema\/logo\/image\/","url":"https:\/\/airporttelecom.com\/pl\/wp-content\/uploads\/sites\/7\/2024\/06\/icon.png?wsr","contentUrl":"https:\/\/airporttelecom.com\/pl\/wp-content\/uploads\/sites\/7\/2024\/06\/icon.png?wsr","width":110,"height":110,"caption":"Airport Telecom"},"image":{"@id":"https:\/\/airporttelecom.com\/pl\/#\/schema\/logo\/image\/"}}]}},"custom_permalink":"karta-sim\/turcja","_links":{"self":[{"href":"https:\/\/airporttelecom.com\/pl\/wp-json\/wp\/v2\/product\/255","targetHints":{"allow":["GET"]}}],"collection":[{"href":"https:\/\/airporttelecom.com\/pl\/wp-json\/wp\/v2\/product"}],"about":[{"href":"https:\/\/airporttelecom.com\/pl\/wp-json\/wp\/v2\/types\/product"}],"replies":[{"embeddable":true,"href":"https:\/\/airporttelecom.com\/pl\/wp-json\/wp\/v2\/comments?post=255"}],"wp:featuredmedia":[{"embeddable":true,"href":"https:\/\/airporttelecom.com\/pl\/wp-json\/wp\/v2\/media\/712"}],"wp:attachment":[{"href":"https:\/\/airporttelecom.com\/pl\/wp-json\/wp\/v2\/media?parent=255"}],"wp:term":[{"taxonomy":"product_brand","embeddable":true,"href":"https:\/\/airporttelecom.com\/pl\/wp-json\/wp\/v2\/product_brand?post=255"},{"taxonomy":"product_cat","embeddable":true,"href":"https:\/\/airporttelecom.com\/pl\/wp-json\/wp\/v2\/product_cat?post=255"},{"taxonomy":"product_tag","embeddable":true,"href":"https:\/\/airporttelecom.com\/pl\/wp-json\/wp\/v2\/product_tag?post=255"}],"curies":[{"name":"wp","href":"https:\/\/api.w.org\/{rel}","templated":true}]}}