{"id":258,"date":"2024-06-18T13:32:46","date_gmt":"2024-06-18T13:32:46","guid":{"rendered":"https:\/\/airporttelecom.outperforming.nl\/nl\/?post_type=product&#038;p=258"},"modified":"2026-02-27T19:03:07","modified_gmt":"2026-02-27T19:03:07","slug":"simkaart-china","status":"publish","type":"product","link":"https:\/\/airporttelecom.com\/pl\/karta-sim\/chiny\/","title":{"rendered":"Karta SIM Chiny"},"content":{"rendered":"","protected":false},"excerpt":{"rendered":"","protected":false},"featured_media":668,"comment_status":"open","ping_status":"closed","template":"","meta":{"_acf_changed":false},"product_brand":[],"product_cat":[17],"product_tag":[28],"class_list":{"0":"post-258","1":"product","2":"type-product","3":"status-publish","4":"has-post-thumbnail","6":"product_cat-karta-sim","7":"product_tag-karta-sim-azja","9":"first","10":"instock","11":"taxable","12":"shipping-taxable","13":"purchasable","14":"product-type-variable"},"acf":{"gebied_afbeelding":692,"vlag_afbeelding":259,"provider":["NEX"],"product_synoniemen":null,"product_bestel_velden":["vertrekdatum"],"product_omschrijving":"<h2>Mobilny internet z kart\u0105 SIM do Chin<\/h2>\r\nDzi\u0119ki przedp\u0142aconej karcie SIM Chiny mo\u017cesz korzysta\u0107 z mobilnego internetu w ca\u0142ych Chinach. Oferujemy pakiety danych i po\u0142\u0105cze\u0144 dostosowane do indywidualnych potrzeb. Pakiety danych to idealne rozwi\u0105zanie do korzystania z internetu w podr\u00f3\u017cy. Dzi\u0119ki szybkiemu i stabilnemu po\u0142\u0105czeniu 4G\/5G zapewniaj\u0105 wygodny dost\u0119p do poczty e-mail, WhatsAppa, nawigacji GPS oraz innych aplikacji mobilnych.\r\n<h2>Dane mobilne i po\u0142\u0105czenia podczas podr\u00f3\u017cy do Chin<\/h2>\r\nMo\u017cesz kupi\u0107 karty SIM do Chin z pakietem 10 GB lub z nieograniczon\u0105 ilo\u015bci\u0105 danych. Ka\u017cda karta SIM ma przypisany w\u0142asny numer, na kt\u00f3ry mo\u017cna odbiera\u0107 bezp\u0142atne po\u0142\u0105czenia w Chinach. Zar\u00f3wno pakiet 10 GB, jak i pakiet nielimitowany obejmuj\u0105 po\u0142\u0105czenia krajowe wewn\u0105trz Chin. Pakiety s\u0105 wa\u017cne przez 30 dni.\r\n<h2>WhatsApp z kart\u0105 SIM Chiny<\/h2>\r\nWszystkie po\u0142\u0105czenia internetowe, takie jak WhatsApp, Skype czy FaceTime, s\u0105 oczywi\u015bcie r\u00f3wnie\u017c mo\u017cliwe dzi\u0119ki kartom SIM do Chin. W takim przypadku u\u017cywasz pakietu danych dost\u0119pnego na karcie SIM. Mo\u017cesz nadal korzysta\u0107 z WhatsAppa z dotychczasowymi kontaktami, grupami i czatami \u2013 bez utraty historii rozm\u00f3wi. Po w\u0142o\u017ceniu przedp\u0142aconej karty SIM aplikacja aplikacja WhatsApp mo\u017ce zapyta\u0107,, czy chcesz utworzy\u0107 nowe konto, czy zachowa\u0107 obecne ustawienia. Wybierz opcj\u0119 zachowania obecnej to\u017csamo\u015bci, aby nic si\u0119 nie zmieni\u0142o. Nast\u0119pnie mo\u017cesz kontynuowa\u0107 wysy\u0142anie wiadomo\u015bci i rozmowy telefoniczne za pomoc\u0105 WhatsApp jak zwykle.\r\n<h2>Zasi\u0119g sieci kom\u00f3rkowej w Chinach<\/h2>\r\nKarta SIM do Chin oferuje doskona\u0142y zasi\u0119g w t\u0119tni\u0105cych \u017cyciem chi\u0144skich miastach, takich jak Pekin i Szanghaj, gdzie mo\u017cesz odwiedzi\u0107 Zakazane Miasto, Wielki Mur, Bund i Lujiazui. W odleg\u0142ych regionach, takich jak Tybet, Xinjiang czy Mongolia Wewn\u0119trzna, zasi\u0119g mo\u017ce by\u0107 ograniczony.\r\nNiezale\u017cnie od tego, czy podr\u00f3\u017cujesz s\u0142u\u017cbowo, przemierzasz szlaki przyg\u00f3d, czy poznajesz bogat\u0105 histori\u0119 i kultur\u0119 Chin, karta SIM do Chin gwarantuje sta\u0142y dost\u0119p do internetu mobilnego w Chinach. Poczuj nowoczesny rytm \u017cycia Szanghaju, odkrywaj fascynuj\u0105ce miejsca kultury, w tym Terakotow\u0105 Armi\u0119 w Xi\u2019an, i podziwiaj rozleg\u0142e krajobrazy Chin, takie jak zapieraj\u0105ce dech w piersiach g\u00f3ry Zhangjiajie.\r\nGdziekolwiek zaprowadzi Ci\u0119 Twoja podr\u00f3\u017c, z pakietem danych do Chin pozostaniesz w kontakcie bez dodatkowych op\u0142at roamingowych. Karta SIM do Chin od Airport Telecom zapewnia niezawodn\u0105 komunikacj\u0119, szybki internet mobilny w Chinach i bezproblemowy dost\u0119p do wszystkich aplikacji, kt\u00f3rych potrzebujesz podczas podr\u00f3\u017cy.\r\n<h2>Darmowa dostawa karty SIM prosto do domu<\/h2>\r\nKarta SIM Chiny zostanie bezp\u0142atnie dostarczona pod wskazany adres. Zam\u00f3wienia z\u0142o\u017cone w dni robocze przed godzin\u0105 14:00 wysy\u0142amy tego samego dnia. Standardowy czas dostawy wynosi oko\u0142o pi\u0119ciu dni roboczych. Potrzebujesz szybciej? Wybierz eSIM, kt\u00f3ry zostanie wys\u0142any bezpo\u015brednio na Tw\u00f3j adres e-mail.\r\n\r\n&nbsp;\r\n\r\n&nbsp;","product_specificaties":"<div class=\"content active\" data-content=\"2\">\r\n<h2><span data-contrast=\"none\">Korzy\u015bci i zalety karty SIM do Chin<\/span><\/h2>\r\n<ul>\r\n \t<li>Uniwersalna kompatybilno\u015b\u0107 \u2013 karta SIM do Chin jest dost\u0119pna we wszystkich standardowych rozmiarach: mini, micro i nano, pasuje do ka\u017cdego telefonu, smartfona czy tabletu.<\/li>\r\n \t<li>Natychmiastowa aktywacja \u2013 karta SIM Chiny jest gotowa do u\u017cycia zaraz po w\u0142o\u017ceniu do urz\u0105dzenia.<\/li>\r\n \t<li>Stabilny i niezawodny sygna\u0142 \u2013 zapewnia po\u0142\u0105czenia i internet mobilny w miastach oraz w wi\u0119kszo\u015bci region\u00f3w Chin.<\/li>\r\n \t<li>Elastyczne pakiety danych \u2013 dopasowane do kr\u00f3tkich i d\u0142ugich podr\u00f3\u017cy.<\/li>\r\n \t<li>Bez roamingu \u2013 korzystasz z lokalnego internetu w Chinach bez dodatkowych op\u0142at.<\/li>\r\n<\/ul>\r\n&nbsp;\r\n<h2><span data-contrast=\"none\">Internet mobilny i po\u0142\u0105czenia w Chinach<\/span><\/h2>\r\n<h3 data-start=\"62\" data-end=\"101\">Dost\u0119pne warianty karty SIM do Chin<\/h3>\r\n<p data-start=\"103\" data-end=\"131\">1. Pakiet 10 GB danych<\/p>\r\n\r\n<ul data-start=\"132\" data-end=\"213\">\r\n \t<li data-start=\"132\" data-end=\"173\">\r\n<p data-start=\"134\" data-end=\"173\">Zawiera 10 GB internetu mobilnego<\/p>\r\n<\/li>\r\n \t<li data-start=\"174\" data-end=\"213\">\r\n<p data-start=\"176\" data-end=\"213\">500 minut na po\u0142\u0105czenia lokalne<\/p>\r\n<\/li>\r\n<\/ul>\r\n<p data-start=\"215\" data-end=\"249\">2. Pakiet Nielimitowane dane<\/p>\r\n\r\n<ul data-start=\"250\" data-end=\"337\">\r\n \t<li data-start=\"250\" data-end=\"296\">\r\n<p data-start=\"252\" data-end=\"296\">Zawiera nielimitowany internet mobilny<\/p>\r\n<\/li>\r\n \t<li data-start=\"297\" data-end=\"337\">\r\n<p data-start=\"299\" data-end=\"337\">Nielimitowane po\u0142\u0105czenia lokalne<\/p>\r\n<\/li>\r\n<\/ul>\r\n<span data-contrast=\"auto\">Pakiety danych s\u0105 wa\u017cne przez 30 dni od momentu aktywacji.<\/span>\r\n\r\n(<span data-contrast=\"auto\">*) Korzystanie z us\u0142ug podlega zasadom uczciwego u\u017cytkowania. <\/span><span data-contrast=\"auto\">W przypadku ekstremalnego wykorzystania danych lub po\u0142\u0105cze\u0144, mo\u017cliwo\u015bci karty SIM mog\u0105 zosta\u0107 ograniczone przez operatora.<\/span><span data-ccp-props=\"{&quot;134245418&quot;:true,&quot;134245529&quot;:true,&quot;335559738&quot;:160,&quot;335559739&quot;:80}\">\r\n<\/span>\r\n\r\n<\/div>","product_handleiding":"<h2><span data-contrast=\"none\">Jak zainstalowa\u0107 kart\u0119 SIM China w smarfonie?<\/span><\/h2>\r\n<span data-contrast=\"none\">Otw\u00f3rz tack\u0119 na kart\u0119 SIM znajduj\u0105c\u0105 si\u0119 z boku telefonu. Mo\u017cna to zrobi\u0107 za pomoc\u0105 szpilki do\u0142\u0105czonej do telefonu. Je\u015bli jej nie masz, mo\u017cesz j\u0105 wykona\u0107, prostuj\u0105c spinacz do papieru. Karty SIM Airport Telecom dost\u0119pne s\u0105 z dodatkow\u0105 szpilk\u0105.<\/span> <span data-contrast=\"none\">Wyjmij w\u0142asn\u0105 kart\u0119 SIM i zachowaj j\u0105 w bezpiecznym miejscu! W\u0142\u00f3\u017c now\u0105 kart\u0119 SIM. Mo\u017cna to zrobi\u0107 tylko w jeden spos\u00f3b. Telefon mo\u017ce by\u0107 wyposa\u017cony w kilka kart SIM.<\/span> W\u0142\u00f3\u017c<span data-contrast=\"none\">now\u0105 kart\u0119 SIM jako kart\u0119 dodatkow\u0105.<\/span> <span data-contrast=\"none\">Wsu\u0144 tack\u0119 z kart\u0105 SIM z powrotem do telefonu. Nowa karta SIM aktywuje si\u0119 automatycznie. Telefon mo\u017ce poprosi\u0107 o wprowadzenie dodatkowych ustawie\u0144.<\/span>","product_veelgestelde_vragen":[{"vraag":"Jakiej karty SIM u\u017cywa\u0107 w Chinach? ","antwoord":"W przypadku kr\u00f3tkiego, kilkudniowego pobytu w Chinach prawdopodobnie nie b\u0119dziesz potrzebowa\u0107 du\u017cej ilo\u015bci danych. Pakiet 10 GB danych dla Chin mo\u017ce okaza\u0107 si\u0119 wystarczaj\u0105cy. Aplikacje takie jak WhatsApp, Instagram i nawigacja nie zu\u017cywaj\u0105 du\u017co danych. W przypadku d\u0142u\u017cszego pobytu warto wybra\u0107 opcj\u0119 nielimitowanego internetu, aby mie\u0107 wystarczaj\u0105c\u0105 ilo\u015b\u0107 danych. Karta Pakiet nielimitowany oferuje r\u00f3wnie\u017c nielimitowane po\u0142\u0105czenia w Chinach. "},{"vraag":"Gdzie kupi\u0107 kart\u0119 SIM do Chin? ","antwoord":"Kup kart\u0119 SIM do Chin od Airport Telecom. Z\u0142\u00f3\u017c zam\u00f3wienie online, a karta SIM zostanie bezp\u0142atnie dostarczona na Tw\u00f3j adres domowy. "}]},"yoast_head":"<!-- This site is optimized with the Yoast SEO Premium plugin v24.4 (Yoast SEO v26.9) - https:\/\/yoast.com\/product\/yoast-seo-premium-wordpress\/ -->\n<title>Karta SIM Chiny kupi\u0107 przedp\u0142acony pakiet (nieograniczone) po\u0142\u0105czenia i internet - Airport Telecom PL<\/title>\n<meta name=\"description\" content=\"Szukasz karty przedp\u0142aconej Karta SIM Chiny na (nieograniczone) rozmowy i internet? Optymalna dost\u0119pno\u015b\u0107 podczas podr\u00f3\u017cy w Karta SIM Azja. Ju\u017c w sprzeda\u017cy od !\" \/>\n<meta name=\"robots\" content=\"index, follow, max-snippet:-1, max-image-preview:large, max-video-preview:-1\" \/>\n<link rel=\"canonical\" href=\"https:\/\/airporttelecom.com\/pl\/karta-sim\/chiny\/\" \/>\n<meta property=\"og:locale\" content=\"pl_PL\" \/>\n<meta property=\"og:type\" content=\"article\" \/>\n<meta property=\"og:title\" content=\"Karta SIM Chiny\" \/>\n<meta property=\"og:description\" content=\"Szukasz karty przedp\u0142aconej Karta SIM Chiny na (nieograniczone) rozmowy i internet? Optymalna dost\u0119pno\u015b\u0107 podczas podr\u00f3\u017cy w Karta SIM Azja. Ju\u017c w sprzeda\u017cy od !\" \/>\n<meta property=\"og:url\" content=\"https:\/\/airporttelecom.com\/pl\/karta-sim\/chiny\/\" \/>\n<meta property=\"og:site_name\" content=\"Airport Telecom PL\" \/>\n<meta property=\"article:modified_time\" content=\"2026-02-27T19:03:07+00:00\" \/>\n<meta property=\"og:image\" content=\"https:\/\/airporttelecom.com\/pl\/wp-content\/uploads\/sites\/7\/2024\/06\/Simkaart-China.png\" \/>\n\t<meta property=\"og:image:width\" content=\"800\" \/>\n\t<meta property=\"og:image:height\" content=\"319\" \/>\n\t<meta property=\"og:image:type\" content=\"image\/png\" \/>\n<meta name=\"twitter:card\" content=\"summary_large_image\" \/>\n<meta name=\"twitter:label1\" content=\"Szacowany czas czytania\" \/>\n\t<meta name=\"twitter:data1\" content=\"1 minuta\" \/>\n<script type=\"application\/ld+json\" class=\"yoast-schema-graph\">{\"@context\":\"https:\/\/schema.org\",\"@graph\":[{\"@type\":\"WebPage\",\"@id\":\"https:\/\/airporttelecom.com\/pl\/karta-sim\/chiny\/\",\"url\":\"https:\/\/airporttelecom.com\/pl\/karta-sim\/chiny\/\",\"name\":\"Karta SIM Chiny kupi\u0107 przedp\u0142acony pakiet (nieograniczone) po\u0142\u0105czenia i internet - Airport Telecom PL\",\"isPartOf\":{\"@id\":\"https:\/\/airporttelecom.com\/pl\/#website\"},\"primaryImageOfPage\":{\"@id\":\"https:\/\/airporttelecom.com\/pl\/karta-sim\/chiny\/#primaryimage\"},\"image\":{\"@id\":\"https:\/\/airporttelecom.com\/pl\/karta-sim\/chiny\/#primaryimage\"},\"thumbnailUrl\":\"https:\/\/airporttelecom.com\/pl\/wp-content\/uploads\/sites\/7\/2024\/06\/Simkaart-China.png\",\"datePublished\":\"2024-06-18T13:32:46+00:00\",\"dateModified\":\"2026-02-27T19:03:07+00:00\",\"description\":\"Szukasz karty przedp\u0142aconej Karta SIM Chiny na (nieograniczone) rozmowy i internet? Optymalna dost\u0119pno\u015b\u0107 podczas podr\u00f3\u017cy w Karta SIM Azja. Ju\u017c w sprzeda\u017cy od !\",\"breadcrumb\":{\"@id\":\"https:\/\/airporttelecom.com\/pl\/karta-sim\/chiny\/#breadcrumb\"},\"inLanguage\":\"pl-PL\",\"potentialAction\":[{\"@type\":\"ReadAction\",\"target\":[\"https:\/\/airporttelecom.com\/pl\/karta-sim\/chiny\/\"]}]},{\"@type\":\"ImageObject\",\"inLanguage\":\"pl-PL\",\"@id\":\"https:\/\/airporttelecom.com\/pl\/karta-sim\/chiny\/#primaryimage\",\"url\":\"https:\/\/airporttelecom.com\/pl\/wp-content\/uploads\/sites\/7\/2024\/06\/Simkaart-China.png\",\"contentUrl\":\"https:\/\/airporttelecom.com\/pl\/wp-content\/uploads\/sites\/7\/2024\/06\/Simkaart-China.png\",\"width\":800,\"height\":319,\"caption\":\"Karta SIM Chiny\"},{\"@type\":\"BreadcrumbList\",\"@id\":\"https:\/\/airporttelecom.com\/pl\/karta-sim\/chiny\/#breadcrumb\",\"itemListElement\":[{\"@type\":\"ListItem\",\"position\":1,\"name\":\"Home\",\"item\":\"https:\/\/airporttelecom.com\/pl\/\"},{\"@type\":\"ListItem\",\"position\":2,\"name\":\"Karta SIM\",\"item\":\"https:\/\/airporttelecom.com\/pl\/karta-sim\/\"},{\"@type\":\"ListItem\",\"position\":3,\"name\":\"Karta SIM Chiny\"}]},{\"@type\":\"WebSite\",\"@id\":\"https:\/\/airporttelecom.com\/pl\/#website\",\"url\":\"https:\/\/airporttelecom.com\/pl\/\",\"name\":\"Airport Telecom\",\"description\":\"\",\"publisher\":{\"@id\":\"https:\/\/airporttelecom.com\/pl\/#organization\"},\"potentialAction\":[{\"@type\":\"SearchAction\",\"target\":{\"@type\":\"EntryPoint\",\"urlTemplate\":\"https:\/\/airporttelecom.com\/pl\/?s={search_term_string}\"},\"query-input\":{\"@type\":\"PropertyValueSpecification\",\"valueRequired\":true,\"valueName\":\"search_term_string\"}}],\"inLanguage\":\"pl-PL\"},{\"@type\":\"Organization\",\"@id\":\"https:\/\/airporttelecom.com\/pl\/#organization\",\"name\":\"Airport Telecom\",\"url\":\"https:\/\/airporttelecom.com\/pl\/\",\"logo\":{\"@type\":\"ImageObject\",\"inLanguage\":\"pl-PL\",\"@id\":\"https:\/\/airporttelecom.com\/pl\/#\/schema\/logo\/image\/\",\"url\":\"https:\/\/airporttelecom.com\/pl\/wp-content\/uploads\/sites\/7\/2024\/06\/icon.png?wsr\",\"contentUrl\":\"https:\/\/airporttelecom.com\/pl\/wp-content\/uploads\/sites\/7\/2024\/06\/icon.png?wsr\",\"width\":110,\"height\":110,\"caption\":\"Airport Telecom\"},\"image\":{\"@id\":\"https:\/\/airporttelecom.com\/pl\/#\/schema\/logo\/image\/\"}}]}<\/script>\n<!-- \/ Yoast SEO Premium plugin. -->","yoast_head_json":{"title":"Karta SIM Chiny kupi\u0107 przedp\u0142acony pakiet (nieograniczone) po\u0142\u0105czenia i internet - Airport Telecom PL","description":"Szukasz karty przedp\u0142aconej Karta SIM Chiny na (nieograniczone) rozmowy i internet? Optymalna dost\u0119pno\u015b\u0107 podczas podr\u00f3\u017cy w Karta SIM Azja. Ju\u017c w sprzeda\u017cy od !","robots":{"index":"index","follow":"follow","max-snippet":"max-snippet:-1","max-image-preview":"max-image-preview:large","max-video-preview":"max-video-preview:-1"},"canonical":"https:\/\/airporttelecom.com\/pl\/karta-sim\/chiny\/","og_locale":"pl_PL","og_type":"article","og_title":"Karta SIM Chiny","og_description":"Szukasz karty przedp\u0142aconej Karta SIM Chiny na (nieograniczone) rozmowy i internet? Optymalna dost\u0119pno\u015b\u0107 podczas podr\u00f3\u017cy w Karta SIM Azja. Ju\u017c w sprzeda\u017cy od !","og_url":"https:\/\/airporttelecom.com\/pl\/karta-sim\/chiny\/","og_site_name":"Airport Telecom PL","article_modified_time":"2026-02-27T19:03:07+00:00","og_image":[{"width":800,"height":319,"url":"https:\/\/airporttelecom.com\/pl\/wp-content\/uploads\/sites\/7\/2024\/06\/Simkaart-China.png","type":"image\/png"}],"twitter_card":"summary_large_image","twitter_misc":{"Szacowany czas czytania":"1 minuta"},"schema":{"@context":"https:\/\/schema.org","@graph":[{"@type":"WebPage","@id":"https:\/\/airporttelecom.com\/pl\/karta-sim\/chiny\/","url":"https:\/\/airporttelecom.com\/pl\/karta-sim\/chiny\/","name":"Karta SIM Chiny kupi\u0107 przedp\u0142acony pakiet (nieograniczone) po\u0142\u0105czenia i internet - Airport Telecom PL","isPartOf":{"@id":"https:\/\/airporttelecom.com\/pl\/#website"},"primaryImageOfPage":{"@id":"https:\/\/airporttelecom.com\/pl\/karta-sim\/chiny\/#primaryimage"},"image":{"@id":"https:\/\/airporttelecom.com\/pl\/karta-sim\/chiny\/#primaryimage"},"thumbnailUrl":"https:\/\/airporttelecom.com\/pl\/wp-content\/uploads\/sites\/7\/2024\/06\/Simkaart-China.png","datePublished":"2024-06-18T13:32:46+00:00","dateModified":"2026-02-27T19:03:07+00:00","description":"Szukasz karty przedp\u0142aconej Karta SIM Chiny na (nieograniczone) rozmowy i internet? Optymalna dost\u0119pno\u015b\u0107 podczas podr\u00f3\u017cy w Karta SIM Azja. Ju\u017c w sprzeda\u017cy od !","breadcrumb":{"@id":"https:\/\/airporttelecom.com\/pl\/karta-sim\/chiny\/#breadcrumb"},"inLanguage":"pl-PL","potentialAction":[{"@type":"ReadAction","target":["https:\/\/airporttelecom.com\/pl\/karta-sim\/chiny\/"]}]},{"@type":"ImageObject","inLanguage":"pl-PL","@id":"https:\/\/airporttelecom.com\/pl\/karta-sim\/chiny\/#primaryimage","url":"https:\/\/airporttelecom.com\/pl\/wp-content\/uploads\/sites\/7\/2024\/06\/Simkaart-China.png","contentUrl":"https:\/\/airporttelecom.com\/pl\/wp-content\/uploads\/sites\/7\/2024\/06\/Simkaart-China.png","width":800,"height":319,"caption":"Karta SIM Chiny"},{"@type":"BreadcrumbList","@id":"https:\/\/airporttelecom.com\/pl\/karta-sim\/chiny\/#breadcrumb","itemListElement":[{"@type":"ListItem","position":1,"name":"Home","item":"https:\/\/airporttelecom.com\/pl\/"},{"@type":"ListItem","position":2,"name":"Karta SIM","item":"https:\/\/airporttelecom.com\/pl\/karta-sim\/"},{"@type":"ListItem","position":3,"name":"Karta SIM Chiny"}]},{"@type":"WebSite","@id":"https:\/\/airporttelecom.com\/pl\/#website","url":"https:\/\/airporttelecom.com\/pl\/","name":"Airport Telecom","description":"","publisher":{"@id":"https:\/\/airporttelecom.com\/pl\/#organization"},"potentialAction":[{"@type":"SearchAction","target":{"@type":"EntryPoint","urlTemplate":"https:\/\/airporttelecom.com\/pl\/?s={search_term_string}"},"query-input":{"@type":"PropertyValueSpecification","valueRequired":true,"valueName":"search_term_string"}}],"inLanguage":"pl-PL"},{"@type":"Organization","@id":"https:\/\/airporttelecom.com\/pl\/#organization","name":"Airport Telecom","url":"https:\/\/airporttelecom.com\/pl\/","logo":{"@type":"ImageObject","inLanguage":"pl-PL","@id":"https:\/\/airporttelecom.com\/pl\/#\/schema\/logo\/image\/","url":"https:\/\/airporttelecom.com\/pl\/wp-content\/uploads\/sites\/7\/2024\/06\/icon.png?wsr","contentUrl":"https:\/\/airporttelecom.com\/pl\/wp-content\/uploads\/sites\/7\/2024\/06\/icon.png?wsr","width":110,"height":110,"caption":"Airport Telecom"},"image":{"@id":"https:\/\/airporttelecom.com\/pl\/#\/schema\/logo\/image\/"}}]}},"custom_permalink":"karta-sim\/chiny","_links":{"self":[{"href":"https:\/\/airporttelecom.com\/pl\/wp-json\/wp\/v2\/product\/258","targetHints":{"allow":["GET"]}}],"collection":[{"href":"https:\/\/airporttelecom.com\/pl\/wp-json\/wp\/v2\/product"}],"about":[{"href":"https:\/\/airporttelecom.com\/pl\/wp-json\/wp\/v2\/types\/product"}],"replies":[{"embeddable":true,"href":"https:\/\/airporttelecom.com\/pl\/wp-json\/wp\/v2\/comments?post=258"}],"wp:featuredmedia":[{"embeddable":true,"href":"https:\/\/airporttelecom.com\/pl\/wp-json\/wp\/v2\/media\/668"}],"wp:attachment":[{"href":"https:\/\/airporttelecom.com\/pl\/wp-json\/wp\/v2\/media?parent=258"}],"wp:term":[{"taxonomy":"product_brand","embeddable":true,"href":"https:\/\/airporttelecom.com\/pl\/wp-json\/wp\/v2\/product_brand?post=258"},{"taxonomy":"product_cat","embeddable":true,"href":"https:\/\/airporttelecom.com\/pl\/wp-json\/wp\/v2\/product_cat?post=258"},{"taxonomy":"product_tag","embeddable":true,"href":"https:\/\/airporttelecom.com\/pl\/wp-json\/wp\/v2\/product_tag?post=258"}],"curies":[{"name":"wp","href":"https:\/\/api.w.org\/{rel}","templated":true}]}}