{"id":264,"date":"2024-06-18T13:39:28","date_gmt":"2024-06-18T13:39:28","guid":{"rendered":"https:\/\/airporttelecom.outperforming.nl\/nl\/?post_type=product&#038;p=264"},"modified":"2026-03-01T21:13:18","modified_gmt":"2026-03-01T21:13:18","slug":"simkaart-japan","status":"publish","type":"product","link":"https:\/\/airporttelecom.com\/pl\/karta-sim\/japonia\/","title":{"rendered":"Karta SIM Japonia"},"content":{"rendered":"","protected":false},"excerpt":{"rendered":"","protected":false},"featured_media":696,"comment_status":"open","ping_status":"closed","template":"","meta":{"_acf_changed":false},"product_brand":[],"product_cat":[17],"product_tag":[28],"class_list":{"0":"post-264","1":"product","2":"type-product","3":"status-publish","4":"has-post-thumbnail","6":"product_cat-karta-sim","7":"product_tag-karta-sim-azja","9":"first","10":"instock","11":"taxable","12":"shipping-taxable","13":"purchasable","14":"product-type-variable"},"acf":{"gebied_afbeelding":639,"vlag_afbeelding":265,"provider":["NEX"],"product_synoniemen":null,"product_bestel_velden":["vertrekdatum"],"product_omschrijving":"<h2>Mobilny internet z kart\u0105 SIM do Japonii<\/h2>\r\nDzi\u0119ki przedp\u0142aconej karcie SIM Japonia mo\u017cesz korzysta\u0107 z mobilnego internetu na terenie ca\u0142ego kraju. Oferujemy pakiety danych i po\u0142\u0105cze\u0144 dostosowane do Twoich potrzeb. Karta SIM to idealne rozwi\u0105zanie do korzystania z internetu podczas podr\u00f3\u017cy. Stabilne i szybkie po\u0142\u0105czenie 4G\/5G zapewnia wygodny dost\u0119p do poczty e-mail, WhatsAppa, nawigacji GPS oraz innych aplikacji mobilnych.\r\n<h2>Karta SIM Japonia \u2013 nielimitowane pakiety danych<\/h2>\r\nSkorzystaj z internetu mobilnego w Japonii dzi\u0119ki naszej przedp\u0142aconej karcie SIM. Wybierz wariant najlepiej dopasowany do d\u0142ugo\u015bci pobytu i Korzystaj z nielimitowanych danych podczas podr\u00f3\u017cy po ca\u0142ym kraju\r\n<ul>\r\n \t<li>Nielimitowana karta SIM Japonia \u2013 7 dni<\/li>\r\n \t<li>Nielimitowana karta SIM Japonia \u2013 14 dni<\/li>\r\n \t<li>Nielimitowana karta SIM Japonia \u2013 30 dni<\/li>\r\n<\/ul>\r\nKarta SIM do Japonii zapewnia doskona\u0142y zasi\u0119g og\u00f3lnokrajowy dzi\u0119ki lokalnym sieciom 4G i 5G. Rejestracja u\u017cytkownika w Japonii nie jest wymagana. Po przybyciu do Japonii internet dzia\u0142a automatycznie. Karta SIM Japonia obs\u0142uguje tethering, dzi\u0119ki czemu mo\u017cna korzysta\u0107 z niej w hotspotach i urz\u0105dzeniach MiFi.\r\n<h2>WhatsApp z kart\u0105 SIM Japonia<\/h2>\r\nWszystkie po\u0142\u0105czenia internetowe, takie jak WhatsApp, Skype czy FaceTime s\u0105 oczywi\u015bcie mo\u017cliwe r\u00f3wnie\u017c z kartami SIM do Japonii. W takim przypadku u\u017cywasz pakietu danych dost\u0119pnego na karcie SIM. Mo\u017cesz nadal korzysta\u0107 z WhatsAppa z dotychczasowymi kontaktami, grupami i czatami \u2013 bez utraty historii rozm\u00f3wi. Po w\u0142o\u017ceniu przedp\u0142aconej karty SIM aplikacja aplikacja WhatsApp mo\u017ce zapyta\u0107,, czy chcesz utworzy\u0107 nowe konto, czy zachowa\u0107 obecne ustawienia. Wybierz opcj\u0119 zachowania obecnej to\u017csamo\u015bci, aby nic si\u0119 nie zmieni\u0142o. Nast\u0119pnie mo\u017cesz kontynuowa\u0107 wysy\u0142anie wiadomo\u015bci i rozmowy telefoniczne za pomoc\u0105 WhatsApp jak zwykle.\r\n<h2>Zasi\u0119g sieci kom\u00f3rkowej w Japonii<\/h2>\r\nKarta SIM Japonia zapewnia stabilny i szybki internet mobilny w wi\u0119kszo\u015bci region\u00f3w kraju. Doskona\u0142y zasi\u0119g dost\u0119pny jest w najwi\u0119kszych miastach, takich jak Tokio, Osaka i Kioto, gdzie bez problemu skorzystasz z map, komunikator\u00f3w oraz medi\u00f3w spo\u0142eczno\u015bciowych. Niezale\u017cnie od tego, czy planujesz zwiedzanie nowoczesnych dzielnic Tokio, odkrywanie tradycyjnych \u015bwi\u0105ty\u0144 w Kioto czy kulinarn\u0105 podr\u00f3\u017c po Osace, mo\u017cesz liczy\u0107 na niezawodne po\u0142\u0105czenie 4G\/5G.\r\n\r\nDobry zasi\u0119g obejmuje r\u00f3wnie\u017c okolice g\u00f3ry Fuji oraz popularne regiony turystyczne. Podczas wypoczynku na Okinawie i spacer\u00f3w wzd\u0142u\u017c Emerald Beach internet mobilny dzia\u0142a stabilnie, umo\u017cliwiaj\u0105c szybkie udost\u0119pnianie zdj\u0119\u0107 i kontakt z bliskimi.\r\n\r\nW p\u00f3\u0142nocnej cz\u0119\u015bci kraju, na wyspie Hokkaido, w znanych o\u015brodkach narciarskich Niseko, Rusutsu i Furano karta SIM r\u00f3wnie\u017c zapewnia solidne pokrycie sieci. Jedynie w bardziej odleg\u0142ych obszarach naturalnych, takich jak Park Narodowy Daisetsuzan, zasi\u0119g mo\u017ce by\u0107 ograniczony ze wzgl\u0119du na mniejsz\u0105 infrastruktur\u0119 telekomunikacyjn\u0105.\r\n<h2>Darmowa dostawa karty SIM Japonia prosto do domu<\/h2>\r\nKarta SIM Japonia zostanie bezp\u0142atnie dostarczona pod Tw\u00f3j adres. Zam\u00f3wienia z\u0142o\u017cone w dni robocze przed godzin\u0105 14:00 wysy\u0142amy tego samego dnia. Standardowy czas dostawy wynosi oko\u0142o pi\u0119ciu dni roboczych. Potrzebujesz szybciej? Wybierz eSIM do Japonii, kt\u00f3ry zostanie wys\u0142any bezpo\u015brednio na Tw\u00f3j adres e-mail.\r\n\r\n&nbsp;","product_specificaties":"<h2>Internet z kart\u0105 SIM Japonia\u2013 nielimitowane pakiety danych<\/h2>\r\nKarta SIM Japonia oferuje szybki i stabilny dost\u0119p do internetu mobilnego w ca\u0142ym kraju. Dzi\u0119ki niej mo\u017cesz korzysta\u0107 z map, aplikacji, medi\u00f3w spo\u0142eczno\u015bciowych, poczty e-mail oraz us\u0142ug komunikacyjnych, takich jak WhatsApp czy Skype, bez dodatkowych op\u0142at roamingowych.\r\n\r\nDost\u0119pne s\u0105 trzy pakiety danych bez ogranicze\u0144:\r\n<ul>\r\n \t<li><strong>Nielimitowana karta SIM Japonia \u2013 7 dni<\/strong>\r\n\u2022 Nielimitowane dane w ca\u0142ej Japonii*\r\n\u2022 Pakiet wa\u017cny 7 dni\r\n\u2022 Do\u0142adowania mo\u017cna przeprowadzi\u0107 wygodnie przez nasz\u0105 stron\u0119 internetow\u0105<\/li>\r\n \t<li><strong>Nielimitowana karta SIM Japonia \u2013 14 dni<\/strong>\r\n\u2022 Nielimitowane dane w ca\u0142ej Japonii*\r\n\u2022 Pakiet wa\u017cny 14 dni\r\n\u2022 Do\u0142adowanie dost\u0119pne online<\/li>\r\n \t<li><strong>Nielimitowana karta SIM Japonia \u2013 30 dni<\/strong>\r\n\u2022 Nielimitowane dane w ca\u0142ej Japonii*\r\n\u2022 Pakiet wa\u017cny 30 dni\r\n\u2022 Do\u0142adowania mo\u017cna dokona\u0107 przez stron\u0119 internetow\u0105<\/li>\r\n<\/ul>\r\n(*) Obowi\u0105zuj\u0105 zasady dozwolonego u\u017cytku (Fair Use Policy). W przypadku ekstremalnego wykorzystania danych operator w Japonii mo\u017ce ograniczy\u0107 mo\u017cliwo\u015bci karty SIM.\r\n<h2>Dlaczego warto wybra\u0107 kart\u0119 SIM Japonia<\/h2>\r\n<ul>\r\n \t<li>Natychmiastowa aktywacja po w\u0142o\u017ceniu do telefonu<\/li>\r\n \t<li>Dzia\u0142a w ka\u017cdym smartfonie iPhone, Android oraz innych kompatybilnych urz\u0105dzeniach<\/li>\r\n \t<li>Obs\u0142uga sieci 4G i 5G zapewnia szybki internet w ca\u0142ym kraju<\/li>\r\n \t<li>Brak konieczno\u015bci rejestracji u\u017cytkownika w Japonii<\/li>\r\n \t<li>Mo\u017cliwo\u015b\u0107 korzystania z tetheringu, hotspot\u00f3w i urz\u0105dze\u0144 MiFi<\/li>\r\n<\/ul>\r\n&nbsp;","product_handleiding":"<h2><span data-contrast=\"none\">Jak zainstalowa\u0107 kart\u0119 SIM Japan w smarfonie?<\/span><\/h2>\r\n<span data-contrast=\"none\">Otw\u00f3rz tack\u0119 na kart\u0119 SIM znajduj\u0105c\u0105 si\u0119 z boku telefonu. Mo\u017cna to zrobi\u0107 za pomoc\u0105 szpilki do\u0142\u0105czonej do telefonu. Je\u015bli jej nie masz, mo\u017cesz j\u0105 wykona\u0107, prostuj\u0105c spinacz do papieru. Karty SIM Airport Telecom dost\u0119pne s\u0105 z dodatkow\u0105 szpilk\u0105.<\/span> <span data-contrast=\"none\">Wyjmij w\u0142asn\u0105 kart\u0119 SIM i zachowaj j\u0105 w bezpiecznym miejscu! W\u0142\u00f3\u017c now\u0105 kart\u0119 SIM. Mo\u017cna to zrobi\u0107 tylko w jeden spos\u00f3b. Telefon mo\u017ce by\u0107 wyposa\u017cony w kilka kart SIM.<\/span> W\u0142\u00f3\u017c<span data-contrast=\"none\">now\u0105 kart\u0119 SIM jako kart\u0119 dodatkow\u0105.<\/span> <span data-contrast=\"none\">Wsu\u0144 tack\u0119 z kart\u0105 SIM z powrotem do telefonu. Nowa karta SIM aktywuje si\u0119 automatycznie. Telefon mo\u017ce poprosi\u0107 o wprowadzenie dodatkowych ustawie\u0144.<\/span>","product_veelgestelde_vragen":[{"vraag":"Jakiej karty SIM u\u017cywa\u0107 w Japonii? ","antwoord":"W przypadku kr\u00f3tkiego, kilkudniowego pobytu prawdopodobnie nie b\u0119dziesz potrzebowa\u0107 du\u017cej ilo\u015bci danych. Pakiet 10 GB danych dla Japonii mo\u017ce okaza\u0107 si\u0119 wystarczaj\u0105cy. Aplikacje takie jak WhatsApp, Instagram i nawigacja nie zu\u017cywaj\u0105 du\u017co danych. W przypadku d\u0142u\u017cszego pobytu warto wybra\u0107 opcj\u0119 nielimitowanego internetu, aby mie\u0107 wystarczaj\u0105c\u0105 ilo\u015b\u0107 danych. Karta Pakiet nielimitowany oferuje r\u00f3wnie\u017c nielimitowane po\u0142\u0105czenia w Japonii. "},{"vraag":"Gdzie kupi\u0107 kart\u0119 SIM do Japonii? ","antwoord":"Kup kart\u0119 SIM do Japonii od Airport Telecom. . Z\u0142\u00f3\u017c zam\u00f3wienie online, a karta SIM zostanie bezp\u0142atnie dostarczona na Tw\u00f3j adres domowy. "}]},"yoast_head":"<!-- This site is optimized with the Yoast SEO Premium plugin v24.4 (Yoast SEO v26.9) - https:\/\/yoast.com\/product\/yoast-seo-premium-wordpress\/ -->\n<title>Karta SIM Japonia kupi\u0107 przedp\u0142acony pakiet (nieograniczone) po\u0142\u0105czenia i internet - Airport Telecom PL<\/title>\n<meta name=\"description\" content=\"Szukasz karty przedp\u0142aconej Karta SIM Japonia na (nieograniczone) rozmowy i internet? Optymalna dost\u0119pno\u015b\u0107 podczas podr\u00f3\u017cy w Karta SIM Azja. Ju\u017c w sprzeda\u017cy od !\" \/>\n<meta name=\"robots\" content=\"index, follow, max-snippet:-1, max-image-preview:large, max-video-preview:-1\" \/>\n<link rel=\"canonical\" href=\"https:\/\/airporttelecom.com\/pl\/karta-sim\/japonia\/\" \/>\n<meta property=\"og:locale\" content=\"pl_PL\" \/>\n<meta property=\"og:type\" content=\"article\" \/>\n<meta property=\"og:title\" content=\"Karta SIM Japonia\" \/>\n<meta property=\"og:description\" content=\"Szukasz karty przedp\u0142aconej Karta SIM Japonia na (nieograniczone) rozmowy i internet? Optymalna dost\u0119pno\u015b\u0107 podczas podr\u00f3\u017cy w Karta SIM Azja. Ju\u017c w sprzeda\u017cy od !\" \/>\n<meta property=\"og:url\" content=\"https:\/\/airporttelecom.com\/pl\/karta-sim\/japonia\/\" \/>\n<meta property=\"og:site_name\" content=\"Airport Telecom PL\" \/>\n<meta property=\"article:modified_time\" content=\"2026-03-01T21:13:18+00:00\" \/>\n<meta property=\"og:image\" content=\"https:\/\/airporttelecom.com\/pl\/wp-content\/uploads\/sites\/7\/2024\/06\/Simkaart-Japan.png\" \/>\n\t<meta property=\"og:image:width\" content=\"800\" \/>\n\t<meta property=\"og:image:height\" content=\"318\" \/>\n\t<meta property=\"og:image:type\" content=\"image\/png\" \/>\n<meta name=\"twitter:card\" content=\"summary_large_image\" \/>\n<meta name=\"twitter:label1\" content=\"Szacowany czas czytania\" \/>\n\t<meta name=\"twitter:data1\" content=\"1 minuta\" \/>\n<script type=\"application\/ld+json\" class=\"yoast-schema-graph\">{\"@context\":\"https:\/\/schema.org\",\"@graph\":[{\"@type\":\"WebPage\",\"@id\":\"https:\/\/airporttelecom.com\/pl\/karta-sim\/japonia\/\",\"url\":\"https:\/\/airporttelecom.com\/pl\/karta-sim\/japonia\/\",\"name\":\"Karta SIM Japonia kupi\u0107 przedp\u0142acony pakiet (nieograniczone) po\u0142\u0105czenia i internet - Airport Telecom PL\",\"isPartOf\":{\"@id\":\"https:\/\/airporttelecom.com\/pl\/#website\"},\"primaryImageOfPage\":{\"@id\":\"https:\/\/airporttelecom.com\/pl\/karta-sim\/japonia\/#primaryimage\"},\"image\":{\"@id\":\"https:\/\/airporttelecom.com\/pl\/karta-sim\/japonia\/#primaryimage\"},\"thumbnailUrl\":\"https:\/\/airporttelecom.com\/pl\/wp-content\/uploads\/sites\/7\/2024\/06\/Simkaart-Japan.png\",\"datePublished\":\"2024-06-18T13:39:28+00:00\",\"dateModified\":\"2026-03-01T21:13:18+00:00\",\"description\":\"Szukasz karty przedp\u0142aconej Karta SIM Japonia na (nieograniczone) rozmowy i internet? Optymalna dost\u0119pno\u015b\u0107 podczas podr\u00f3\u017cy w Karta SIM Azja. Ju\u017c w sprzeda\u017cy od !\",\"breadcrumb\":{\"@id\":\"https:\/\/airporttelecom.com\/pl\/karta-sim\/japonia\/#breadcrumb\"},\"inLanguage\":\"pl-PL\",\"potentialAction\":[{\"@type\":\"ReadAction\",\"target\":[\"https:\/\/airporttelecom.com\/pl\/karta-sim\/japonia\/\"]}]},{\"@type\":\"ImageObject\",\"inLanguage\":\"pl-PL\",\"@id\":\"https:\/\/airporttelecom.com\/pl\/karta-sim\/japonia\/#primaryimage\",\"url\":\"https:\/\/airporttelecom.com\/pl\/wp-content\/uploads\/sites\/7\/2024\/06\/Simkaart-Japan.png\",\"contentUrl\":\"https:\/\/airporttelecom.com\/pl\/wp-content\/uploads\/sites\/7\/2024\/06\/Simkaart-Japan.png\",\"width\":800,\"height\":318,\"caption\":\"Karta SIM Japonia\"},{\"@type\":\"BreadcrumbList\",\"@id\":\"https:\/\/airporttelecom.com\/pl\/karta-sim\/japonia\/#breadcrumb\",\"itemListElement\":[{\"@type\":\"ListItem\",\"position\":1,\"name\":\"Home\",\"item\":\"https:\/\/airporttelecom.com\/pl\/\"},{\"@type\":\"ListItem\",\"position\":2,\"name\":\"Karta SIM\",\"item\":\"https:\/\/airporttelecom.com\/pl\/karta-sim\/\"},{\"@type\":\"ListItem\",\"position\":3,\"name\":\"Karta SIM Japonia\"}]},{\"@type\":\"WebSite\",\"@id\":\"https:\/\/airporttelecom.com\/pl\/#website\",\"url\":\"https:\/\/airporttelecom.com\/pl\/\",\"name\":\"Airport Telecom\",\"description\":\"\",\"publisher\":{\"@id\":\"https:\/\/airporttelecom.com\/pl\/#organization\"},\"potentialAction\":[{\"@type\":\"SearchAction\",\"target\":{\"@type\":\"EntryPoint\",\"urlTemplate\":\"https:\/\/airporttelecom.com\/pl\/?s={search_term_string}\"},\"query-input\":{\"@type\":\"PropertyValueSpecification\",\"valueRequired\":true,\"valueName\":\"search_term_string\"}}],\"inLanguage\":\"pl-PL\"},{\"@type\":\"Organization\",\"@id\":\"https:\/\/airporttelecom.com\/pl\/#organization\",\"name\":\"Airport Telecom\",\"url\":\"https:\/\/airporttelecom.com\/pl\/\",\"logo\":{\"@type\":\"ImageObject\",\"inLanguage\":\"pl-PL\",\"@id\":\"https:\/\/airporttelecom.com\/pl\/#\/schema\/logo\/image\/\",\"url\":\"https:\/\/airporttelecom.com\/pl\/wp-content\/uploads\/sites\/7\/2024\/06\/icon.png?wsr\",\"contentUrl\":\"https:\/\/airporttelecom.com\/pl\/wp-content\/uploads\/sites\/7\/2024\/06\/icon.png?wsr\",\"width\":110,\"height\":110,\"caption\":\"Airport Telecom\"},\"image\":{\"@id\":\"https:\/\/airporttelecom.com\/pl\/#\/schema\/logo\/image\/\"}}]}<\/script>\n<!-- \/ Yoast SEO Premium plugin. -->","yoast_head_json":{"title":"Karta SIM Japonia kupi\u0107 przedp\u0142acony pakiet (nieograniczone) po\u0142\u0105czenia i internet - Airport Telecom PL","description":"Szukasz karty przedp\u0142aconej Karta SIM Japonia na (nieograniczone) rozmowy i internet? Optymalna dost\u0119pno\u015b\u0107 podczas podr\u00f3\u017cy w Karta SIM Azja. Ju\u017c w sprzeda\u017cy od !","robots":{"index":"index","follow":"follow","max-snippet":"max-snippet:-1","max-image-preview":"max-image-preview:large","max-video-preview":"max-video-preview:-1"},"canonical":"https:\/\/airporttelecom.com\/pl\/karta-sim\/japonia\/","og_locale":"pl_PL","og_type":"article","og_title":"Karta SIM Japonia","og_description":"Szukasz karty przedp\u0142aconej Karta SIM Japonia na (nieograniczone) rozmowy i internet? Optymalna dost\u0119pno\u015b\u0107 podczas podr\u00f3\u017cy w Karta SIM Azja. Ju\u017c w sprzeda\u017cy od !","og_url":"https:\/\/airporttelecom.com\/pl\/karta-sim\/japonia\/","og_site_name":"Airport Telecom PL","article_modified_time":"2026-03-01T21:13:18+00:00","og_image":[{"width":800,"height":318,"url":"https:\/\/airporttelecom.com\/pl\/wp-content\/uploads\/sites\/7\/2024\/06\/Simkaart-Japan.png","type":"image\/png"}],"twitter_card":"summary_large_image","twitter_misc":{"Szacowany czas czytania":"1 minuta"},"schema":{"@context":"https:\/\/schema.org","@graph":[{"@type":"WebPage","@id":"https:\/\/airporttelecom.com\/pl\/karta-sim\/japonia\/","url":"https:\/\/airporttelecom.com\/pl\/karta-sim\/japonia\/","name":"Karta SIM Japonia kupi\u0107 przedp\u0142acony pakiet (nieograniczone) po\u0142\u0105czenia i internet - Airport Telecom PL","isPartOf":{"@id":"https:\/\/airporttelecom.com\/pl\/#website"},"primaryImageOfPage":{"@id":"https:\/\/airporttelecom.com\/pl\/karta-sim\/japonia\/#primaryimage"},"image":{"@id":"https:\/\/airporttelecom.com\/pl\/karta-sim\/japonia\/#primaryimage"},"thumbnailUrl":"https:\/\/airporttelecom.com\/pl\/wp-content\/uploads\/sites\/7\/2024\/06\/Simkaart-Japan.png","datePublished":"2024-06-18T13:39:28+00:00","dateModified":"2026-03-01T21:13:18+00:00","description":"Szukasz karty przedp\u0142aconej Karta SIM Japonia na (nieograniczone) rozmowy i internet? Optymalna dost\u0119pno\u015b\u0107 podczas podr\u00f3\u017cy w Karta SIM Azja. Ju\u017c w sprzeda\u017cy od !","breadcrumb":{"@id":"https:\/\/airporttelecom.com\/pl\/karta-sim\/japonia\/#breadcrumb"},"inLanguage":"pl-PL","potentialAction":[{"@type":"ReadAction","target":["https:\/\/airporttelecom.com\/pl\/karta-sim\/japonia\/"]}]},{"@type":"ImageObject","inLanguage":"pl-PL","@id":"https:\/\/airporttelecom.com\/pl\/karta-sim\/japonia\/#primaryimage","url":"https:\/\/airporttelecom.com\/pl\/wp-content\/uploads\/sites\/7\/2024\/06\/Simkaart-Japan.png","contentUrl":"https:\/\/airporttelecom.com\/pl\/wp-content\/uploads\/sites\/7\/2024\/06\/Simkaart-Japan.png","width":800,"height":318,"caption":"Karta SIM Japonia"},{"@type":"BreadcrumbList","@id":"https:\/\/airporttelecom.com\/pl\/karta-sim\/japonia\/#breadcrumb","itemListElement":[{"@type":"ListItem","position":1,"name":"Home","item":"https:\/\/airporttelecom.com\/pl\/"},{"@type":"ListItem","position":2,"name":"Karta SIM","item":"https:\/\/airporttelecom.com\/pl\/karta-sim\/"},{"@type":"ListItem","position":3,"name":"Karta SIM Japonia"}]},{"@type":"WebSite","@id":"https:\/\/airporttelecom.com\/pl\/#website","url":"https:\/\/airporttelecom.com\/pl\/","name":"Airport Telecom","description":"","publisher":{"@id":"https:\/\/airporttelecom.com\/pl\/#organization"},"potentialAction":[{"@type":"SearchAction","target":{"@type":"EntryPoint","urlTemplate":"https:\/\/airporttelecom.com\/pl\/?s={search_term_string}"},"query-input":{"@type":"PropertyValueSpecification","valueRequired":true,"valueName":"search_term_string"}}],"inLanguage":"pl-PL"},{"@type":"Organization","@id":"https:\/\/airporttelecom.com\/pl\/#organization","name":"Airport Telecom","url":"https:\/\/airporttelecom.com\/pl\/","logo":{"@type":"ImageObject","inLanguage":"pl-PL","@id":"https:\/\/airporttelecom.com\/pl\/#\/schema\/logo\/image\/","url":"https:\/\/airporttelecom.com\/pl\/wp-content\/uploads\/sites\/7\/2024\/06\/icon.png?wsr","contentUrl":"https:\/\/airporttelecom.com\/pl\/wp-content\/uploads\/sites\/7\/2024\/06\/icon.png?wsr","width":110,"height":110,"caption":"Airport Telecom"},"image":{"@id":"https:\/\/airporttelecom.com\/pl\/#\/schema\/logo\/image\/"}}]}},"custom_permalink":"karta-sim\/japonia","_links":{"self":[{"href":"https:\/\/airporttelecom.com\/pl\/wp-json\/wp\/v2\/product\/264","targetHints":{"allow":["GET"]}}],"collection":[{"href":"https:\/\/airporttelecom.com\/pl\/wp-json\/wp\/v2\/product"}],"about":[{"href":"https:\/\/airporttelecom.com\/pl\/wp-json\/wp\/v2\/types\/product"}],"replies":[{"embeddable":true,"href":"https:\/\/airporttelecom.com\/pl\/wp-json\/wp\/v2\/comments?post=264"}],"wp:featuredmedia":[{"embeddable":true,"href":"https:\/\/airporttelecom.com\/pl\/wp-json\/wp\/v2\/media\/696"}],"wp:attachment":[{"href":"https:\/\/airporttelecom.com\/pl\/wp-json\/wp\/v2\/media?parent=264"}],"wp:term":[{"taxonomy":"product_brand","embeddable":true,"href":"https:\/\/airporttelecom.com\/pl\/wp-json\/wp\/v2\/product_brand?post=264"},{"taxonomy":"product_cat","embeddable":true,"href":"https:\/\/airporttelecom.com\/pl\/wp-json\/wp\/v2\/product_cat?post=264"},{"taxonomy":"product_tag","embeddable":true,"href":"https:\/\/airporttelecom.com\/pl\/wp-json\/wp\/v2\/product_tag?post=264"}],"curies":[{"name":"wp","href":"https:\/\/api.w.org\/{rel}","templated":true}]}}