{"id":299,"date":"2024-06-18T13:57:40","date_gmt":"2024-06-18T13:57:40","guid":{"rendered":"https:\/\/airporttelecom.outperforming.nl\/nl\/?post_type=product&#038;p=299"},"modified":"2026-03-02T12:36:39","modified_gmt":"2026-03-02T12:36:39","slug":"simkaart-zuid-korea","status":"publish","type":"product","link":"https:\/\/airporttelecom.com\/pl\/karta-sim\/korea-poludniowa\/","title":{"rendered":"Karta SIM Korea Po\u0142udniowa"},"content":{"rendered":"","protected":false},"excerpt":{"rendered":"","protected":false},"featured_media":717,"comment_status":"open","ping_status":"closed","template":"","meta":{"_acf_changed":false},"product_brand":[],"product_cat":[17],"product_tag":[28],"class_list":{"0":"post-299","1":"product","2":"type-product","3":"status-publish","4":"has-post-thumbnail","6":"product_cat-karta-sim","7":"product_tag-karta-sim-azja","9":"first","10":"instock","11":"taxable","12":"shipping-taxable","13":"purchasable","14":"product-type-variable"},"acf":{"gebied_afbeelding":582,"vlag_afbeelding":300,"provider":["BIC"],"product_synoniemen":null,"product_bestel_velden":["vertrekdatum"],"product_omschrijving":"<h2>Mobilny internet w Korei Po\u0142udniowej z kart\u0105 SIM<\/h2>\r\nDzi\u0119ki przedp\u0142aconej karcie SIM Korea Po\u0142udniowa mo\u017cesz korzysta\u0107 z mobilnego internetu w ca\u0142ym kraju. Oferujemy pakiety danych i po\u0142\u0105cze\u0144 dostosowane do indywidualnych potrzeb \u2013 idealne rozwi\u0105zanie dla podr\u00f3\u017cuj\u0105cych, kt\u00f3rzy potrzebuj\u0105 sta\u0142ego dost\u0119pu do internetu.\r\n\r\nDzi\u0119ki szybkiemu i stabilnemu po\u0142\u0105czeniu 4G\/5G mo\u017cesz wygodnie korzysta\u0107 z poczty e-mail, WhatsAppa, nawigacji GPS oraz innych aplikacji mobilnych, bez obaw o przerwy w dost\u0119pie do sieci.\r\n<h2>Dane mobilne i po\u0142\u0105czenia z kart\u0105 SIM do Korei Po\u0142udniowej<\/h2>\r\nKarta SIM do Korei Po\u0142udniowej oferuje pakiet 10 GB\u00a0 danych lub pakiet znielimitowanym internetem mobilnym. Ka\u017cda karta posiada w\u0142asny numer telefonu, umo\u017cliwiaj\u0105cy odbieranie bezp\u0142atnych po\u0142\u0105cze\u0144 w Korei Po\u0142udniowej. Zar\u00f3wno pakiet 10 GB danych,\u00a0 jak i pakiet nielimitowany obejmuj\u0105 po\u0142\u0105czenia krajowe w ca\u0142ym kraju.\r\n<h2>WhatsApp z kart\u0105 SIM Korea Po\u0142udniowa<\/h2>\r\nKorzystaj\u0105c z karty SIM Korea Po\u0142udniowa, mo\u017cesz bez problemu u\u017cywa\u0107 WhatsAppa, Skype\u2019a czy FaceTime. Wszystkie po\u0142\u0105czenia internetowe s\u0105 obs\u0142ugiwane przez pakiet danych dost\u0119pny na karcie SIM.\r\n\r\nTwoja aplikacja WhatsApp zachowuje dotychczasowe kontakty, grupy i histori\u0119 czat\u00f3w. Po w\u0142o\u017ceniu karty SIM aplikacja mo\u017ce zapyta\u0107, czy chcesz utworzy\u0107 nowe konto, czy zachowa\u0107 obecne ustawienia \u2013 wybierz zachowanie dotychczasowej to\u017csamo\u015bci, aby nic si\u0119 nie zmieni\u0142o i kontynuuj korzystanie z wiadomo\u015bci i po\u0142\u0105cze\u0144 tak jak zwykle.\r\n<h2>Zasi\u0119g sieci kom\u00f3rkowej w Korei Po\u0142udniowej<\/h2>\r\nKorea Po\u0142udniowa oferuje jeden z najlepszych system\u00f3w \u0142\u0105czno\u015bci mobilnej na \u015bwiecie. Wybieraj\u0105c kart\u0119 SIM do Korei Po\u0142udniowej, zyskujesz szybki i stabilny internet mobilny w du\u017cych miastach i najpopularniejszych miejscach turystycznych.\r\n\r\nW Seulu bez problemu skorzystasz z internetu w t\u0119tni\u0105cej \u017cyciem dzielnicy Myeongdong lub podziwiaj\u0105c panoram\u0119 miasta z N Seoul Tower. Szybki internet pozwala na korzystanie z WhatsAppa, map Google, aplikacji transportowych oraz medi\u00f3w spo\u0142eczno\u015bciowych. Doskona\u0142y zasi\u0119g obejmuje r\u00f3wnie\u017c Busan, malownicz\u0105 Jeju oraz historyczne Gyeongju. Dzi\u0119ki karcie SIM mo\u017cesz b\u0142yskawicznie udost\u0119pnia\u0107 zdj\u0119cia z zabytkowej \u015bwi\u0105tyni Bulguksa \u00a0groty Seokguram. Warto pami\u0119ta\u0107, \u017ce w bardziej odleg\u0142ych i g\u00f3rzystych regionach \u2013 takich jak Seoraksan National Park czy Jirisan National Park \u2013 a tak\u017ce na wyspach Ulleungdo i Dokdo, zasi\u0119g internetu mo\u017ce by\u0107 miejscami ograniczony.\r\n<h2>Darmowa dostawa karty SIM Korea Po\u0142udniowa<\/h2>\r\nKarta SIM do Korei Po\u0142udniowej zostanie bezp\u0142atnie dostarczona pod wskazany adres. Zam\u00f3wienia z\u0142o\u017cone w dni robocze przed godzin\u0105 14:00 wysy\u0142amy tego samego dnia. Standardowy czas dostawy wynosi oko\u0142o pi\u0119ciu dni roboczych. Potrzebujesz szybciej? Wybierz eSIM do Korei Po\u0142udniowej, kt\u00f3ry zostanie wys\u0142any bezpo\u015brednio na Tw\u00f3j adres e-mail.\r\n\r\n&nbsp;","product_specificaties":"<h2>Zalety karty SIM Korea Po\u0142udniowa<\/h2>\r\n<ul>\r\n \t<li>Karta SIM jest dost\u0119pna we wszystkich rozmizarach (mini, micro i nano) i pasuje do ka\u017cdego telefonu.<\/li>\r\n \t<li>Brak koszt\u00f3w roamingu i pe\u0142na kontrola wydatk\u00f3w dzi\u0119ki ofercie prepaid.<\/li>\r\n \t<li>Szybki i stabilny internet 4G\/5G w ca\u0142ym kraju \u2013 Seul, Busan, Jeju, Gyeongju.<\/li>\r\n \t<li>Pakiety danych dopasowane do potrzeb: 10 GB lub nielimitowany internet mobilny.<\/li>\r\n \t<li>Po\u0142\u0105czenia krajowe w Korei Po\u0142udniowej w cenie pakietu.<\/li>\r\n \t<li>WhatsApp, Skype, FaceTime dzia\u0142aj\u0105 bez ogranicze\u0144, zachowuj\u0105c dotychczasowe kontakty i histori\u0119 rozm\u00f3w.<\/li>\r\n \t<li>Darmowa dostawa prosto pod Tw\u00f3j adres w Polsce.<\/li>\r\n \t<li>\u0141atwa aktywacja \u2013 w\u0142o\u017cysz kart\u0119 i korzystasz z internetu od razu po przylocie.<\/li>\r\n<\/ul>\r\nKarta SIM Korea Po\u0142udniowa to niezawodne i wygodne rozwi\u0105zanie dla turyst\u00f3w i os\u00f3b podr\u00f3\u017cuj\u0105cych s\u0142u\u017cbowo. Zapewnia sta\u0142y dost\u0119p do internetu, szybkie po\u0142\u0105czenia i pe\u0142n\u0105 swobod\u0119 korzystania z map, medi\u00f3w spo\u0142eczno\u015bciowych i aplikacji mobilnych.\r\n<h2><strong>Pakiety danych i po\u0142\u0105czenia <\/strong>w Korei Po\u0142udniowej<\/h2>\r\nNasza karta SIM do Korei Po\u0142udniowej jest dost\u0119pna w dw\u00f3ch wariantach:\r\n\r\n10 GB danych\r\n<ul>\r\n \t<li>10 GB internetu mobilnego<\/li>\r\n \t<li>500 minut na po\u0142\u0105czenia lokalne<\/li>\r\n<\/ul>\r\nNielimitowane dane*\r\n<ul>\r\n \t<li>Nielimitowany internet mobilny*<\/li>\r\n \t<li>Nielimitowane po\u0142\u0105czenia lokalne*<\/li>\r\n<\/ul>\r\nPakiety danych s\u0105 wa\u017cne przez 30 dni od momentu aktywacji.\r\n\r\nUwaga: Karta SIM Korea Po\u0142udniowa nie dzia\u0142a w MIFI ani jako Hotspot.\r\n\r\n*Obowi\u0105zuj\u0105 zasady uczciwego korzystania (Fair Use Policy). W przypadku ekstremalnego wykorzystania danych lub po\u0142\u0105cze\u0144 operator mo\u017ce ograniczy\u0107 mo\u017cliwo\u015bci karty SIM.","product_handleiding":"<h2><span data-contrast=\"none\">Jak zainstalowa\u0107 kart\u0119 SIM Korea Po\u0142udniowa w smarfonie?<\/span><\/h2>\r\n<span data-contrast=\"auto\">Otw\u00f3rz tack\u0119 na kart\u0119 SIM znajduj\u0105c\u0105 si\u0119 z boku telefonu. Mo\u017cna to zrobi\u0107 za pomoc\u0105 szpilki do\u0142\u0105czonej do telefonu. Je\u015bli jej nie masz, mo\u017cesz j\u0105 wykona\u0107, prostuj\u0105c spinacz do papieru. Karty SIM Airport Telecom dost\u0119pne s\u0105 z dodatkow\u0105 szpilk\u0105.<\/span> <span data-contrast=\"auto\">Wyjmij w\u0142asn\u0105 kart\u0119 SIM i zachowaj j\u0105 w bezpiecznym miejscu! W\u0142\u00f3\u017c now\u0105 kart\u0119 SIM. Mo\u017cna to zrobi\u0107 tylko w jeden spos\u00f3b. Telefon mo\u017ce by\u0107 wyposa\u017cony w kilka kart SIM.<\/span> W\u0142\u00f3\u017c<span data-contrast=\"auto\">now\u0105 kart\u0119 SIM jako kart\u0119 dodatkow\u0105.<\/span> <span data-contrast=\"auto\">Wsu\u0144 tack\u0119 z kart\u0105 SIM z powrotem do telefonu. Nowa karta SIM aktywuje si\u0119 automatycznie. Telefon mo\u017ce poprosi\u0107 o wprowadzenie dodatkowych ustawie\u0144.<\/span>","product_veelgestelde_vragen":[{"vraag":"Kt\u00f3rej karty SIM u\u017cywa\u0107 w Korei Po\u0142udniowej? ","antwoord":"W przypadku kr\u00f3tkiego, kilkudniowego pobytu prawdopodobnie nie b\u0119dziesz potrzebowa\u0107 du\u017cej ilo\u015bci danych. Pakiet 10 GB danych dla Korei Po\u0142udniowej mo\u017ce okaza\u0107 si\u0119 wystarczaj\u0105cy. Aplikacje takie jak WhatsApp, Instagram i nawigacja nie zu\u017cywaj\u0105 du\u017co danych. W przypadku d\u0142u\u017cszego pobytu warto wybra\u0107 opcj\u0119 nielimitowanego internetu, aby mie\u0107 wystarczaj\u0105c\u0105 ilo\u015b\u0107 danych. Karta Pakiet nielimitowany oferuje r\u00f3wnie\u017c nielimitowane po\u0142\u0105czenia w Korei Po\u0142udniowej. "},{"vraag":"Gdzie kupi\u0107 kart\u0119 SIM do Korei Po\u0142udniowej? ","antwoord":"Kup kart\u0119 SIM do Korei Po\u0142udniowej od Airport Telecom. . Z\u0142\u00f3\u017c zam\u00f3wienie online, a karta SIM zostanie bezp\u0142atnie dostarczona na Tw\u00f3j adres domowy. "}]},"yoast_head":"<!-- This site is optimized with the Yoast SEO Premium plugin v24.4 (Yoast SEO v26.9) - https:\/\/yoast.com\/product\/yoast-seo-premium-wordpress\/ -->\n<title>Karta SIM Korea Po\u0142udniowa kupi\u0107 przedp\u0142acony pakiet (nieograniczone) po\u0142\u0105czenia i internet - Airport Telecom PL<\/title>\n<meta name=\"description\" content=\"Szukasz karty przedp\u0142aconej Karta SIM Korea Po\u0142udniowa na (nieograniczone) rozmowy i internet? Optymalna dost\u0119pno\u015b\u0107 podczas podr\u00f3\u017cy w Karta SIM Azja. Ju\u017c w sprzeda\u017cy od !\" \/>\n<meta name=\"robots\" content=\"index, follow, max-snippet:-1, max-image-preview:large, max-video-preview:-1\" \/>\n<link rel=\"canonical\" href=\"https:\/\/airporttelecom.com\/pl\/karta-sim\/korea-poludniowa\/\" \/>\n<meta property=\"og:locale\" content=\"pl_PL\" \/>\n<meta property=\"og:type\" content=\"article\" \/>\n<meta property=\"og:title\" content=\"Karta SIM Korea Po\u0142udniowa\" \/>\n<meta property=\"og:description\" content=\"Szukasz karty przedp\u0142aconej Karta SIM Korea Po\u0142udniowa na (nieograniczone) rozmowy i internet? Optymalna dost\u0119pno\u015b\u0107 podczas podr\u00f3\u017cy w Karta SIM Azja. Ju\u017c w sprzeda\u017cy od !\" \/>\n<meta property=\"og:url\" content=\"https:\/\/airporttelecom.com\/pl\/karta-sim\/korea-poludniowa\/\" \/>\n<meta property=\"og:site_name\" content=\"Airport Telecom PL\" \/>\n<meta property=\"article:modified_time\" content=\"2026-03-02T12:36:39+00:00\" \/>\n<meta property=\"og:image\" content=\"https:\/\/airporttelecom.com\/pl\/wp-content\/uploads\/sites\/7\/2024\/06\/Simkaart-Zuid-Korea.png\" \/>\n\t<meta property=\"og:image:width\" content=\"800\" \/>\n\t<meta property=\"og:image:height\" content=\"318\" \/>\n\t<meta property=\"og:image:type\" content=\"image\/png\" \/>\n<meta name=\"twitter:card\" content=\"summary_large_image\" \/>\n<meta name=\"twitter:label1\" content=\"Szacowany czas czytania\" \/>\n\t<meta name=\"twitter:data1\" content=\"1 minuta\" \/>\n<script type=\"application\/ld+json\" class=\"yoast-schema-graph\">{\"@context\":\"https:\/\/schema.org\",\"@graph\":[{\"@type\":\"WebPage\",\"@id\":\"https:\/\/airporttelecom.com\/pl\/karta-sim\/korea-poludniowa\/\",\"url\":\"https:\/\/airporttelecom.com\/pl\/karta-sim\/korea-poludniowa\/\",\"name\":\"Karta SIM Korea Po\u0142udniowa kupi\u0107 przedp\u0142acony pakiet (nieograniczone) po\u0142\u0105czenia i internet - Airport Telecom PL\",\"isPartOf\":{\"@id\":\"https:\/\/airporttelecom.com\/pl\/#website\"},\"primaryImageOfPage\":{\"@id\":\"https:\/\/airporttelecom.com\/pl\/karta-sim\/korea-poludniowa\/#primaryimage\"},\"image\":{\"@id\":\"https:\/\/airporttelecom.com\/pl\/karta-sim\/korea-poludniowa\/#primaryimage\"},\"thumbnailUrl\":\"https:\/\/airporttelecom.com\/pl\/wp-content\/uploads\/sites\/7\/2024\/06\/Simkaart-Zuid-Korea.png\",\"datePublished\":\"2024-06-18T13:57:40+00:00\",\"dateModified\":\"2026-03-02T12:36:39+00:00\",\"description\":\"Szukasz karty przedp\u0142aconej Karta SIM Korea Po\u0142udniowa na (nieograniczone) rozmowy i internet? Optymalna dost\u0119pno\u015b\u0107 podczas podr\u00f3\u017cy w Karta SIM Azja. Ju\u017c w sprzeda\u017cy od !\",\"breadcrumb\":{\"@id\":\"https:\/\/airporttelecom.com\/pl\/karta-sim\/korea-poludniowa\/#breadcrumb\"},\"inLanguage\":\"pl-PL\",\"potentialAction\":[{\"@type\":\"ReadAction\",\"target\":[\"https:\/\/airporttelecom.com\/pl\/karta-sim\/korea-poludniowa\/\"]}]},{\"@type\":\"ImageObject\",\"inLanguage\":\"pl-PL\",\"@id\":\"https:\/\/airporttelecom.com\/pl\/karta-sim\/korea-poludniowa\/#primaryimage\",\"url\":\"https:\/\/airporttelecom.com\/pl\/wp-content\/uploads\/sites\/7\/2024\/06\/Simkaart-Zuid-Korea.png\",\"contentUrl\":\"https:\/\/airporttelecom.com\/pl\/wp-content\/uploads\/sites\/7\/2024\/06\/Simkaart-Zuid-Korea.png\",\"width\":800,\"height\":318,\"caption\":\"Karta SIM Korea Po\u0142udniowa\"},{\"@type\":\"BreadcrumbList\",\"@id\":\"https:\/\/airporttelecom.com\/pl\/karta-sim\/korea-poludniowa\/#breadcrumb\",\"itemListElement\":[{\"@type\":\"ListItem\",\"position\":1,\"name\":\"Home\",\"item\":\"https:\/\/airporttelecom.com\/pl\/\"},{\"@type\":\"ListItem\",\"position\":2,\"name\":\"Karta SIM\",\"item\":\"https:\/\/airporttelecom.com\/pl\/karta-sim\/\"},{\"@type\":\"ListItem\",\"position\":3,\"name\":\"Karta SIM Korea Po\u0142udniowa\"}]},{\"@type\":\"WebSite\",\"@id\":\"https:\/\/airporttelecom.com\/pl\/#website\",\"url\":\"https:\/\/airporttelecom.com\/pl\/\",\"name\":\"Airport Telecom\",\"description\":\"\",\"publisher\":{\"@id\":\"https:\/\/airporttelecom.com\/pl\/#organization\"},\"potentialAction\":[{\"@type\":\"SearchAction\",\"target\":{\"@type\":\"EntryPoint\",\"urlTemplate\":\"https:\/\/airporttelecom.com\/pl\/?s={search_term_string}\"},\"query-input\":{\"@type\":\"PropertyValueSpecification\",\"valueRequired\":true,\"valueName\":\"search_term_string\"}}],\"inLanguage\":\"pl-PL\"},{\"@type\":\"Organization\",\"@id\":\"https:\/\/airporttelecom.com\/pl\/#organization\",\"name\":\"Airport Telecom\",\"url\":\"https:\/\/airporttelecom.com\/pl\/\",\"logo\":{\"@type\":\"ImageObject\",\"inLanguage\":\"pl-PL\",\"@id\":\"https:\/\/airporttelecom.com\/pl\/#\/schema\/logo\/image\/\",\"url\":\"https:\/\/airporttelecom.com\/pl\/wp-content\/uploads\/sites\/7\/2024\/06\/icon.png?wsr\",\"contentUrl\":\"https:\/\/airporttelecom.com\/pl\/wp-content\/uploads\/sites\/7\/2024\/06\/icon.png?wsr\",\"width\":110,\"height\":110,\"caption\":\"Airport Telecom\"},\"image\":{\"@id\":\"https:\/\/airporttelecom.com\/pl\/#\/schema\/logo\/image\/\"}}]}<\/script>\n<!-- \/ Yoast SEO Premium plugin. -->","yoast_head_json":{"title":"Karta SIM Korea Po\u0142udniowa kupi\u0107 przedp\u0142acony pakiet (nieograniczone) po\u0142\u0105czenia i internet - Airport Telecom PL","description":"Szukasz karty przedp\u0142aconej Karta SIM Korea Po\u0142udniowa na (nieograniczone) rozmowy i internet? Optymalna dost\u0119pno\u015b\u0107 podczas podr\u00f3\u017cy w Karta SIM Azja. Ju\u017c w sprzeda\u017cy od !","robots":{"index":"index","follow":"follow","max-snippet":"max-snippet:-1","max-image-preview":"max-image-preview:large","max-video-preview":"max-video-preview:-1"},"canonical":"https:\/\/airporttelecom.com\/pl\/karta-sim\/korea-poludniowa\/","og_locale":"pl_PL","og_type":"article","og_title":"Karta SIM Korea Po\u0142udniowa","og_description":"Szukasz karty przedp\u0142aconej Karta SIM Korea Po\u0142udniowa na (nieograniczone) rozmowy i internet? Optymalna dost\u0119pno\u015b\u0107 podczas podr\u00f3\u017cy w Karta SIM Azja. Ju\u017c w sprzeda\u017cy od !","og_url":"https:\/\/airporttelecom.com\/pl\/karta-sim\/korea-poludniowa\/","og_site_name":"Airport Telecom PL","article_modified_time":"2026-03-02T12:36:39+00:00","og_image":[{"width":800,"height":318,"url":"https:\/\/airporttelecom.com\/pl\/wp-content\/uploads\/sites\/7\/2024\/06\/Simkaart-Zuid-Korea.png","type":"image\/png"}],"twitter_card":"summary_large_image","twitter_misc":{"Szacowany czas czytania":"1 minuta"},"schema":{"@context":"https:\/\/schema.org","@graph":[{"@type":"WebPage","@id":"https:\/\/airporttelecom.com\/pl\/karta-sim\/korea-poludniowa\/","url":"https:\/\/airporttelecom.com\/pl\/karta-sim\/korea-poludniowa\/","name":"Karta SIM Korea Po\u0142udniowa kupi\u0107 przedp\u0142acony pakiet (nieograniczone) po\u0142\u0105czenia i internet - Airport Telecom PL","isPartOf":{"@id":"https:\/\/airporttelecom.com\/pl\/#website"},"primaryImageOfPage":{"@id":"https:\/\/airporttelecom.com\/pl\/karta-sim\/korea-poludniowa\/#primaryimage"},"image":{"@id":"https:\/\/airporttelecom.com\/pl\/karta-sim\/korea-poludniowa\/#primaryimage"},"thumbnailUrl":"https:\/\/airporttelecom.com\/pl\/wp-content\/uploads\/sites\/7\/2024\/06\/Simkaart-Zuid-Korea.png","datePublished":"2024-06-18T13:57:40+00:00","dateModified":"2026-03-02T12:36:39+00:00","description":"Szukasz karty przedp\u0142aconej Karta SIM Korea Po\u0142udniowa na (nieograniczone) rozmowy i internet? Optymalna dost\u0119pno\u015b\u0107 podczas podr\u00f3\u017cy w Karta SIM Azja. Ju\u017c w sprzeda\u017cy od !","breadcrumb":{"@id":"https:\/\/airporttelecom.com\/pl\/karta-sim\/korea-poludniowa\/#breadcrumb"},"inLanguage":"pl-PL","potentialAction":[{"@type":"ReadAction","target":["https:\/\/airporttelecom.com\/pl\/karta-sim\/korea-poludniowa\/"]}]},{"@type":"ImageObject","inLanguage":"pl-PL","@id":"https:\/\/airporttelecom.com\/pl\/karta-sim\/korea-poludniowa\/#primaryimage","url":"https:\/\/airporttelecom.com\/pl\/wp-content\/uploads\/sites\/7\/2024\/06\/Simkaart-Zuid-Korea.png","contentUrl":"https:\/\/airporttelecom.com\/pl\/wp-content\/uploads\/sites\/7\/2024\/06\/Simkaart-Zuid-Korea.png","width":800,"height":318,"caption":"Karta SIM Korea Po\u0142udniowa"},{"@type":"BreadcrumbList","@id":"https:\/\/airporttelecom.com\/pl\/karta-sim\/korea-poludniowa\/#breadcrumb","itemListElement":[{"@type":"ListItem","position":1,"name":"Home","item":"https:\/\/airporttelecom.com\/pl\/"},{"@type":"ListItem","position":2,"name":"Karta SIM","item":"https:\/\/airporttelecom.com\/pl\/karta-sim\/"},{"@type":"ListItem","position":3,"name":"Karta SIM Korea Po\u0142udniowa"}]},{"@type":"WebSite","@id":"https:\/\/airporttelecom.com\/pl\/#website","url":"https:\/\/airporttelecom.com\/pl\/","name":"Airport Telecom","description":"","publisher":{"@id":"https:\/\/airporttelecom.com\/pl\/#organization"},"potentialAction":[{"@type":"SearchAction","target":{"@type":"EntryPoint","urlTemplate":"https:\/\/airporttelecom.com\/pl\/?s={search_term_string}"},"query-input":{"@type":"PropertyValueSpecification","valueRequired":true,"valueName":"search_term_string"}}],"inLanguage":"pl-PL"},{"@type":"Organization","@id":"https:\/\/airporttelecom.com\/pl\/#organization","name":"Airport Telecom","url":"https:\/\/airporttelecom.com\/pl\/","logo":{"@type":"ImageObject","inLanguage":"pl-PL","@id":"https:\/\/airporttelecom.com\/pl\/#\/schema\/logo\/image\/","url":"https:\/\/airporttelecom.com\/pl\/wp-content\/uploads\/sites\/7\/2024\/06\/icon.png?wsr","contentUrl":"https:\/\/airporttelecom.com\/pl\/wp-content\/uploads\/sites\/7\/2024\/06\/icon.png?wsr","width":110,"height":110,"caption":"Airport Telecom"},"image":{"@id":"https:\/\/airporttelecom.com\/pl\/#\/schema\/logo\/image\/"}}]}},"custom_permalink":"karta-sim\/korea-poludniowa","_links":{"self":[{"href":"https:\/\/airporttelecom.com\/pl\/wp-json\/wp\/v2\/product\/299","targetHints":{"allow":["GET"]}}],"collection":[{"href":"https:\/\/airporttelecom.com\/pl\/wp-json\/wp\/v2\/product"}],"about":[{"href":"https:\/\/airporttelecom.com\/pl\/wp-json\/wp\/v2\/types\/product"}],"replies":[{"embeddable":true,"href":"https:\/\/airporttelecom.com\/pl\/wp-json\/wp\/v2\/comments?post=299"}],"wp:featuredmedia":[{"embeddable":true,"href":"https:\/\/airporttelecom.com\/pl\/wp-json\/wp\/v2\/media\/717"}],"wp:attachment":[{"href":"https:\/\/airporttelecom.com\/pl\/wp-json\/wp\/v2\/media?parent=299"}],"wp:term":[{"taxonomy":"product_brand","embeddable":true,"href":"https:\/\/airporttelecom.com\/pl\/wp-json\/wp\/v2\/product_brand?post=299"},{"taxonomy":"product_cat","embeddable":true,"href":"https:\/\/airporttelecom.com\/pl\/wp-json\/wp\/v2\/product_cat?post=299"},{"taxonomy":"product_tag","embeddable":true,"href":"https:\/\/airporttelecom.com\/pl\/wp-json\/wp\/v2\/product_tag?post=299"}],"curies":[{"name":"wp","href":"https:\/\/api.w.org\/{rel}","templated":true}]}}