{"id":355,"date":"2024-06-18T15:17:06","date_gmt":"2024-06-18T15:17:06","guid":{"rendered":"https:\/\/airporttelecom.outperforming.nl\/nl\/?post_type=product&#038;p=355"},"modified":"2026-02-26T12:49:39","modified_gmt":"2026-02-26T12:49:39","slug":"simkaart-zuid-afrika","status":"publish","type":"product","link":"https:\/\/airporttelecom.com\/pl\/karta-sim\/republika-poludniowej-afryki\/","title":{"rendered":"Karta SIM Republika Po\u0142udniowej Afryki"},"content":{"rendered":"","protected":false},"excerpt":{"rendered":"","protected":false},"featured_media":1385,"comment_status":"open","ping_status":"closed","template":"","meta":{"_acf_changed":false},"product_brand":[],"product_cat":[17],"product_tag":[30],"class_list":{"0":"post-355","1":"product","2":"type-product","3":"status-publish","4":"has-post-thumbnail","6":"product_cat-karta-sim","7":"product_tag-karta-sim-afryka","9":"first","10":"instock","11":"taxable","12":"shipping-taxable","13":"purchasable","14":"product-type-variable"},"acf":{"gebied_afbeelding":1884,"vlag_afbeelding":356,"provider":["NEX"],"product_synoniemen":null,"product_bestel_velden":["vertrekdatum"],"product_omschrijving":"<h2>Internet mobilny i \u0142\u0105czno\u015b\u0107 kom\u00f3rkowa w RPA z kart\u0105 SIM<\/h2>\r\n<p data-start=\"96\" data-end=\"392\">Dzi\u0119ki <strong data-start=\"103\" data-end=\"138\">przedp\u0142aconej karcie SIM do RPA<\/strong> z \u0142atwo\u015bci\u0105 korzystasz z <strong data-start=\"164\" data-end=\"235\">po\u0142\u0105cze\u0144 i internetu mobilnego w ca\u0142ej Republice Po\u0142udniowej Afryki<\/strong>. W ofercie dost\u0119pne s\u0105 dwa pakiety danych: <strong data-start=\"279\" data-end=\"298\">10 GB internetu<\/strong> lub <strong data-start=\"303\" data-end=\"335\">nielimitowany internet w RPA<\/strong>, kt\u00f3re zapewniaj\u0105 szybkie i stabilne po\u0142\u0105czenie 4G\/5G.<\/p>\r\n<p data-start=\"394\" data-end=\"695\">Pakiety te idealnie sprawdz\u0105 si\u0119 podczas podr\u00f3\u017cy, umo\u017cliwiaj\u0105c wygodne korzystanie z <strong data-start=\"479\" data-end=\"536\">poczty e-mail, WhatsApp, komunikator\u00f3w, nawigacji GPS<\/strong> oraz innych aplikacji internetowych. Wybieraj\u0105c kart\u0119 SIM do RPA, zyskujesz <strong data-start=\"613\" data-end=\"656\">stabilny internet mobilny w ca\u0142ym kraju<\/strong> bez roamingu i zb\u0119dnych formalno\u015bci.<\/p>\r\n\r\n<h2>Dane mobilne i po\u0142\u0105czenia podczas podr\u00f3\u017cy po RPA<\/h2>\r\nKarty SIM do RPA maj\u0105 po\u0142udniowoafryka\u0144ski numer telefonu (+27). W przypadku karty 10 GB w pakiecie zawarte jest 500 minut po\u0142\u0105cze\u0144 lokalnych, natomiast karta nielimitowana oferuje nieograniczon\u0105 liczb\u0119 minut lokalnych. To bardzo wygodne rozwi\u0105zanie, je\u015bli chcesz dzwoni\u0107 w RPA, na przyk\u0142ad do hoteli czy restauracji.\r\n<h2>WhatsApp z kart\u0105 SIM RPA<\/h2>\r\nWszystkie po\u0142\u0105czenia internetowe w RPA, takie jak WhatsApp, Skype czy FaceTime, dzia\u0142aj\u0105 bez problemu, korzystaj\u0105c z pakietu danych dost\u0119pnego na karcie SIM. Dzi\u0119ki temu mo\u017cesz wygodnie u\u017cywa\u0107 internetowych aplikacji w podr\u00f3\u017cy po Republice Po\u0142udniowej Afryki.\r\n\r\nWhatsApp dzia\u0142a tak samo jak na Twoim dotychczasowym numerze. Je\u015bli aplikacja wykryje now\u0105 kart\u0119 SIM, mo\u017ce zapyta\u0107, czy chcesz utworzy\u0107 nowe konto, czy pozostawi\u0107 obecne ustawienia. Wybieraj\u0105c opcj\u0119 pozostawienia ustawie\u0144 bez zmian, zachowasz wszystkie kontakty, grupy i histori\u0119 czat\u00f3w.\r\n<h2>Zasi\u0119g sieci kom\u00f3rkowej i internetu mobilnego w Republice Po\u0142udniowej Afryki<\/h2>\r\nZasi\u0119g sieci kom\u00f3rkowej w Republice Po\u0142udniowej Afryki jest na og\u00f3\u0142 bardzo dobry, szczeg\u00f3lnie w du\u017cych miastach, takich jak Kapsztad, Johannesburg, Durban, Pretoria, Bloemfontein i Port Elizabeth. Na terenach miejskich i w popularnych regionach turystycznych karta SIM zapewnia stabilny internet mobilny 4G\/5G, umo\u017cliwiaj\u0105c korzystanie z map, komunikator\u00f3w, medi\u00f3w spo\u0142eczno\u015bciowych i innych aplikacji online.\r\n\r\nW mniej zaludnionych obszarach RPA zasi\u0119g mo\u017ce by\u0107 ograniczony lub czasowo niedost\u0119pny. Dotyczy to g\u0142\u00f3wnie teren\u00f3w naturalnych i park\u00f3w narodowych, takich jak Park Narodowy Krugera, Park Narodowy Marakele czy Kgalagadi Transgraniczny Park Narodowy. Popularne atrakcje w pobli\u017cu Kapsztadu, m.in. G\u00f3ra Sto\u0142owa i Przyl\u0105dek Dobrej Nadziei, oferuj\u0105 zwykle bardzo dobry zasi\u0119g po\u0142\u0105cze\u0144 i internetu mobilnego.\r\n\r\nKorzystaj\u0105c z karty SIM w RPA, mo\u017cesz cieszy\u0107 si\u0119 stabilnym dost\u0119pem do internetu i us\u0142ug mobilnych w miastach oraz g\u0142\u00f3wnych regionach turystycznych \u2013 bez kosztownego roamingu i dodatkowej konfiguracji.\r\n<h2>Darmowa dostawa karty SIM prosto do domu<\/h2>\r\nKarta SIM do Republiki Po\u0142udniowej Afryki zostanie bezp\u0142atnie dostarczona pod wskazany adres. Zam\u00f3wienia z\u0142o\u017cone w dni robocze przed godzin\u0105 14:00 wysy\u0142amy tego samego dnia. Standardowy czas dostawy wynosi oko\u0142o pi\u0119ciu dni roboczych. Potrzebujesz szybciej? Wybierz <a href=\"https:\/\/airporttelecom.com\/pl\/eSIM\/republika-poludniowej-afryki\/\">eSIM<\/a>, kt\u00f3ry zostanie wys\u0142any bezpo\u015brednio na Tw\u00f3j adres e-mail.\r\n\r\n&nbsp;","product_specificaties":"<h2>Karta SIM RPA - najwa\u017cniejsze informacje:<\/h2>\r\n<ul>\r\n \t<li>Dost\u0119pna we wszystkich rozmiarach: mini, micro i nano, pasuje do ka\u017cdego telefonu.<\/li>\r\n \t<li>Ka\u017cda karta posiada po\u0142udniowoafryka\u0144ski numer telefonu (+27).<\/li>\r\n \t<li>Nie obs\u0142uguje hotspot\u00f3w ani urz\u0105dze\u0144 MiFi \u2013 przeznaczona wy\u0142\u0105cznie do telefon\u00f3w.<\/li>\r\n<\/ul>\r\n<h2>Dane mobilne i po\u0142\u0105czenia w\u00a0 Republice Po\u0142udniowej Afryki z kart\u0105 SIM<\/h2>\r\nDost\u0119pne s\u0105 dwa warianty karty SIM do Republiki Po\u0142udniowej Afryki:\r\n<ul>\r\n \t<li><strong>10 GB danych\u00a0<\/strong>\r\n<ul>\r\n \t<li>zawiera 10 GB internetu mobilnego<\/li>\r\n \t<li>500 minut po\u0142\u0105cze\u0144 lokalnych<\/li>\r\n<\/ul>\r\n<\/li>\r\n \t<li><strong>Nielimitowane dane\u00a0<\/strong>\r\n<ul>\r\n \t<li>nielimitowany dost\u0119p do internetu<\/li>\r\n \t<li>nieograniczone po\u0142\u0105czenia lokalne<\/li>\r\n<\/ul>\r\n<\/li>\r\n<\/ul>\r\nPakiety danych s\u0105 <strong>wa\u017cne przez 30 dni od momentu aktywacji<\/strong>, co zapewnia wygodne korzystanie z internetu i po\u0142\u0105cze\u0144 podczas podr\u00f3\u017cy po RPA.","product_handleiding":"<h2><span data-contrast=\"none\">Jak zainstalowa\u0107 kart\u0119 SIM RPA w telefonie?<\/span><\/h2>\r\n<span data-contrast=\"none\">Otw\u00f3rz tack\u0119 na kart\u0119 SIM znajduj\u0105c\u0105 si\u0119 z boku telefonu. Mo\u017cna to zrobi\u0107 za pomoc\u0105 szpilki do\u0142\u0105czonej do telefonu. Je\u015bli jej nie masz, mo\u017cesz j\u0105 wykona\u0107, prostuj\u0105c spinacz do papieru. Karty SIM Airport Telecom dost\u0119pne s\u0105 z dodatkow\u0105 szpilk\u0105.<\/span> <span data-contrast=\"none\">Wyjmij w\u0142asn\u0105 kart\u0119 SIM i zachowaj j\u0105 w bezpiecznym miejscu! W\u0142\u00f3\u017c now\u0105 kart\u0119 SIM. Mo\u017cna to zrobi\u0107 tylko w jeden spos\u00f3b. Telefon mo\u017ce by\u0107 wyposa\u017cony w kilka kart SIM.<\/span> W\u0142\u00f3\u017c <span data-contrast=\"none\">now\u0105 kart\u0119 SIM jako kart\u0119 dodatkow\u0105.<\/span> <span data-contrast=\"none\">Wsu\u0144 tack\u0119 z kart\u0105 SIM z powrotem do telefonu. Nowa karta SIM aktywuje si\u0119 automatycznie. Telefon mo\u017ce poprosi\u0107 o wprowadzenie dodatkowych ustawie\u0144.<\/span>","product_veelgestelde_vragen":[{"vraag":"Kt\u00f3rej karty SIM u\u017cywa\u0107 w RPA? ","antwoord":"W przypadku kr\u00f3tkiego, kilkudniowego pobytu w RPA prawdopodobnie nie b\u0119dziesz potrzebowa\u0107 du\u017cej ilo\u015bci danych. Pakiet 10 GB danych dla Republiki Po\u0142udniowej Afryki mo\u017ce okaza\u0107 si\u0119 wystarczaj\u0105cy. Aplikacje takie jak WhatsApp, Instagram i nawigacja nie zu\u017cywaj\u0105 du\u017co danych. W przypadku d\u0142u\u017cszego pobytu warto wybra\u0107 opcj\u0119 nielimitowanego internetu, aby mie\u0107 wystarczaj\u0105c\u0105 ilo\u015b\u0107 danych. Karta Pakiet nielimitowany oferuje r\u00f3wnie\u017c nielimitowane po\u0142\u0105czenia w RPA. "},{"vraag":"Gdzie kupi\u0107 kart\u0119 SIM do RPA? ","antwoord":"Kup kart\u0119 SIM do Republiki Po\u0142udniowej Afryki w Airport Telecom. . Z\u0142\u00f3\u017c zam\u00f3wienie online, a karta SIM zostanie bezp\u0142atnie dostarczona na Tw\u00f3j adres domowy. "}]},"yoast_head":"<!-- This site is optimized with the Yoast SEO Premium plugin v24.4 (Yoast SEO v26.9) - https:\/\/yoast.com\/product\/yoast-seo-premium-wordpress\/ -->\n<title>Karta SIM Republika Po\u0142udniowej Afryki kupi\u0107 przedp\u0142acony pakiet (nieograniczone) po\u0142\u0105czenia i internet - Airport Telecom PL<\/title>\n<meta name=\"description\" content=\"Szukasz karty przedp\u0142aconej Karta SIM Republika Po\u0142udniowej Afryki na (nieograniczone) rozmowy i internet? Optymalna dost\u0119pno\u015b\u0107 podczas podr\u00f3\u017cy w Karta SIM Afryka. Ju\u017c w sprzeda\u017cy od !\" \/>\n<meta name=\"robots\" content=\"index, follow, max-snippet:-1, max-image-preview:large, max-video-preview:-1\" \/>\n<link rel=\"canonical\" href=\"https:\/\/airporttelecom.com\/pl\/karta-sim\/republika-poludniowej-afryki\/\" \/>\n<meta property=\"og:locale\" content=\"pl_PL\" \/>\n<meta property=\"og:type\" content=\"article\" \/>\n<meta property=\"og:title\" content=\"Karta SIM Republika Po\u0142udniowej Afryki\" \/>\n<meta property=\"og:description\" content=\"Szukasz karty przedp\u0142aconej Karta SIM Republika Po\u0142udniowej Afryki na (nieograniczone) rozmowy i internet? Optymalna dost\u0119pno\u015b\u0107 podczas podr\u00f3\u017cy w Karta SIM Afryka. Ju\u017c w sprzeda\u017cy od !\" \/>\n<meta property=\"og:url\" content=\"https:\/\/airporttelecom.com\/pl\/karta-sim\/republika-poludniowej-afryki\/\" \/>\n<meta property=\"og:site_name\" content=\"Airport Telecom PL\" \/>\n<meta property=\"article:modified_time\" content=\"2026-02-26T12:49:39+00:00\" \/>\n<meta property=\"og:image\" content=\"https:\/\/airporttelecom.com\/pl\/wp-content\/uploads\/sites\/7\/2024\/06\/Simkaart-Zuid-Afrika.png\" \/>\n\t<meta property=\"og:image:width\" content=\"800\" \/>\n\t<meta property=\"og:image:height\" content=\"318\" \/>\n\t<meta property=\"og:image:type\" content=\"image\/png\" \/>\n<meta name=\"twitter:card\" content=\"summary_large_image\" \/>\n<meta name=\"twitter:label1\" content=\"Szacowany czas czytania\" \/>\n\t<meta name=\"twitter:data1\" content=\"1 minuta\" \/>\n<script type=\"application\/ld+json\" class=\"yoast-schema-graph\">{\"@context\":\"https:\/\/schema.org\",\"@graph\":[{\"@type\":\"WebPage\",\"@id\":\"https:\/\/airporttelecom.com\/pl\/karta-sim\/republika-poludniowej-afryki\/\",\"url\":\"https:\/\/airporttelecom.com\/pl\/karta-sim\/republika-poludniowej-afryki\/\",\"name\":\"Karta SIM Republika Po\u0142udniowej Afryki kupi\u0107 przedp\u0142acony pakiet (nieograniczone) po\u0142\u0105czenia i internet - Airport Telecom PL\",\"isPartOf\":{\"@id\":\"https:\/\/airporttelecom.com\/pl\/#website\"},\"primaryImageOfPage\":{\"@id\":\"https:\/\/airporttelecom.com\/pl\/karta-sim\/republika-poludniowej-afryki\/#primaryimage\"},\"image\":{\"@id\":\"https:\/\/airporttelecom.com\/pl\/karta-sim\/republika-poludniowej-afryki\/#primaryimage\"},\"thumbnailUrl\":\"https:\/\/airporttelecom.com\/pl\/wp-content\/uploads\/sites\/7\/2024\/06\/Simkaart-Zuid-Afrika.png\",\"datePublished\":\"2024-06-18T15:17:06+00:00\",\"dateModified\":\"2026-02-26T12:49:39+00:00\",\"description\":\"Szukasz karty przedp\u0142aconej Karta SIM Republika Po\u0142udniowej Afryki na (nieograniczone) rozmowy i internet? Optymalna dost\u0119pno\u015b\u0107 podczas podr\u00f3\u017cy w Karta SIM Afryka. Ju\u017c w sprzeda\u017cy od !\",\"breadcrumb\":{\"@id\":\"https:\/\/airporttelecom.com\/pl\/karta-sim\/republika-poludniowej-afryki\/#breadcrumb\"},\"inLanguage\":\"pl-PL\",\"potentialAction\":[{\"@type\":\"ReadAction\",\"target\":[\"https:\/\/airporttelecom.com\/pl\/karta-sim\/republika-poludniowej-afryki\/\"]}]},{\"@type\":\"ImageObject\",\"inLanguage\":\"pl-PL\",\"@id\":\"https:\/\/airporttelecom.com\/pl\/karta-sim\/republika-poludniowej-afryki\/#primaryimage\",\"url\":\"https:\/\/airporttelecom.com\/pl\/wp-content\/uploads\/sites\/7\/2024\/06\/Simkaart-Zuid-Afrika.png\",\"contentUrl\":\"https:\/\/airporttelecom.com\/pl\/wp-content\/uploads\/sites\/7\/2024\/06\/Simkaart-Zuid-Afrika.png\",\"width\":800,\"height\":318,\"caption\":\"Karta SIM Republika Po\u0142udniowej Afryki\"},{\"@type\":\"BreadcrumbList\",\"@id\":\"https:\/\/airporttelecom.com\/pl\/karta-sim\/republika-poludniowej-afryki\/#breadcrumb\",\"itemListElement\":[{\"@type\":\"ListItem\",\"position\":1,\"name\":\"Home\",\"item\":\"https:\/\/airporttelecom.com\/pl\/\"},{\"@type\":\"ListItem\",\"position\":2,\"name\":\"Karta SIM\",\"item\":\"https:\/\/airporttelecom.com\/pl\/karta-sim\/\"},{\"@type\":\"ListItem\",\"position\":3,\"name\":\"Karta SIM Republika Po\u0142udniowej Afryki\"}]},{\"@type\":\"WebSite\",\"@id\":\"https:\/\/airporttelecom.com\/pl\/#website\",\"url\":\"https:\/\/airporttelecom.com\/pl\/\",\"name\":\"Airport Telecom\",\"description\":\"\",\"publisher\":{\"@id\":\"https:\/\/airporttelecom.com\/pl\/#organization\"},\"potentialAction\":[{\"@type\":\"SearchAction\",\"target\":{\"@type\":\"EntryPoint\",\"urlTemplate\":\"https:\/\/airporttelecom.com\/pl\/?s={search_term_string}\"},\"query-input\":{\"@type\":\"PropertyValueSpecification\",\"valueRequired\":true,\"valueName\":\"search_term_string\"}}],\"inLanguage\":\"pl-PL\"},{\"@type\":\"Organization\",\"@id\":\"https:\/\/airporttelecom.com\/pl\/#organization\",\"name\":\"Airport Telecom\",\"url\":\"https:\/\/airporttelecom.com\/pl\/\",\"logo\":{\"@type\":\"ImageObject\",\"inLanguage\":\"pl-PL\",\"@id\":\"https:\/\/airporttelecom.com\/pl\/#\/schema\/logo\/image\/\",\"url\":\"https:\/\/airporttelecom.com\/pl\/wp-content\/uploads\/sites\/7\/2024\/06\/icon.png?wsr\",\"contentUrl\":\"https:\/\/airporttelecom.com\/pl\/wp-content\/uploads\/sites\/7\/2024\/06\/icon.png?wsr\",\"width\":110,\"height\":110,\"caption\":\"Airport Telecom\"},\"image\":{\"@id\":\"https:\/\/airporttelecom.com\/pl\/#\/schema\/logo\/image\/\"}}]}<\/script>\n<!-- \/ Yoast SEO Premium plugin. -->","yoast_head_json":{"title":"Karta SIM Republika Po\u0142udniowej Afryki kupi\u0107 przedp\u0142acony pakiet (nieograniczone) po\u0142\u0105czenia i internet - Airport Telecom PL","description":"Szukasz karty przedp\u0142aconej Karta SIM Republika Po\u0142udniowej Afryki na (nieograniczone) rozmowy i internet? Optymalna dost\u0119pno\u015b\u0107 podczas podr\u00f3\u017cy w Karta SIM Afryka. Ju\u017c w sprzeda\u017cy od !","robots":{"index":"index","follow":"follow","max-snippet":"max-snippet:-1","max-image-preview":"max-image-preview:large","max-video-preview":"max-video-preview:-1"},"canonical":"https:\/\/airporttelecom.com\/pl\/karta-sim\/republika-poludniowej-afryki\/","og_locale":"pl_PL","og_type":"article","og_title":"Karta SIM Republika Po\u0142udniowej Afryki","og_description":"Szukasz karty przedp\u0142aconej Karta SIM Republika Po\u0142udniowej Afryki na (nieograniczone) rozmowy i internet? Optymalna dost\u0119pno\u015b\u0107 podczas podr\u00f3\u017cy w Karta SIM Afryka. Ju\u017c w sprzeda\u017cy od !","og_url":"https:\/\/airporttelecom.com\/pl\/karta-sim\/republika-poludniowej-afryki\/","og_site_name":"Airport Telecom PL","article_modified_time":"2026-02-26T12:49:39+00:00","og_image":[{"width":800,"height":318,"url":"https:\/\/airporttelecom.com\/pl\/wp-content\/uploads\/sites\/7\/2024\/06\/Simkaart-Zuid-Afrika.png","type":"image\/png"}],"twitter_card":"summary_large_image","twitter_misc":{"Szacowany czas czytania":"1 minuta"},"schema":{"@context":"https:\/\/schema.org","@graph":[{"@type":"WebPage","@id":"https:\/\/airporttelecom.com\/pl\/karta-sim\/republika-poludniowej-afryki\/","url":"https:\/\/airporttelecom.com\/pl\/karta-sim\/republika-poludniowej-afryki\/","name":"Karta SIM Republika Po\u0142udniowej Afryki kupi\u0107 przedp\u0142acony pakiet (nieograniczone) po\u0142\u0105czenia i internet - Airport Telecom PL","isPartOf":{"@id":"https:\/\/airporttelecom.com\/pl\/#website"},"primaryImageOfPage":{"@id":"https:\/\/airporttelecom.com\/pl\/karta-sim\/republika-poludniowej-afryki\/#primaryimage"},"image":{"@id":"https:\/\/airporttelecom.com\/pl\/karta-sim\/republika-poludniowej-afryki\/#primaryimage"},"thumbnailUrl":"https:\/\/airporttelecom.com\/pl\/wp-content\/uploads\/sites\/7\/2024\/06\/Simkaart-Zuid-Afrika.png","datePublished":"2024-06-18T15:17:06+00:00","dateModified":"2026-02-26T12:49:39+00:00","description":"Szukasz karty przedp\u0142aconej Karta SIM Republika Po\u0142udniowej Afryki na (nieograniczone) rozmowy i internet? Optymalna dost\u0119pno\u015b\u0107 podczas podr\u00f3\u017cy w Karta SIM Afryka. Ju\u017c w sprzeda\u017cy od !","breadcrumb":{"@id":"https:\/\/airporttelecom.com\/pl\/karta-sim\/republika-poludniowej-afryki\/#breadcrumb"},"inLanguage":"pl-PL","potentialAction":[{"@type":"ReadAction","target":["https:\/\/airporttelecom.com\/pl\/karta-sim\/republika-poludniowej-afryki\/"]}]},{"@type":"ImageObject","inLanguage":"pl-PL","@id":"https:\/\/airporttelecom.com\/pl\/karta-sim\/republika-poludniowej-afryki\/#primaryimage","url":"https:\/\/airporttelecom.com\/pl\/wp-content\/uploads\/sites\/7\/2024\/06\/Simkaart-Zuid-Afrika.png","contentUrl":"https:\/\/airporttelecom.com\/pl\/wp-content\/uploads\/sites\/7\/2024\/06\/Simkaart-Zuid-Afrika.png","width":800,"height":318,"caption":"Karta SIM Republika Po\u0142udniowej Afryki"},{"@type":"BreadcrumbList","@id":"https:\/\/airporttelecom.com\/pl\/karta-sim\/republika-poludniowej-afryki\/#breadcrumb","itemListElement":[{"@type":"ListItem","position":1,"name":"Home","item":"https:\/\/airporttelecom.com\/pl\/"},{"@type":"ListItem","position":2,"name":"Karta SIM","item":"https:\/\/airporttelecom.com\/pl\/karta-sim\/"},{"@type":"ListItem","position":3,"name":"Karta SIM Republika Po\u0142udniowej Afryki"}]},{"@type":"WebSite","@id":"https:\/\/airporttelecom.com\/pl\/#website","url":"https:\/\/airporttelecom.com\/pl\/","name":"Airport Telecom","description":"","publisher":{"@id":"https:\/\/airporttelecom.com\/pl\/#organization"},"potentialAction":[{"@type":"SearchAction","target":{"@type":"EntryPoint","urlTemplate":"https:\/\/airporttelecom.com\/pl\/?s={search_term_string}"},"query-input":{"@type":"PropertyValueSpecification","valueRequired":true,"valueName":"search_term_string"}}],"inLanguage":"pl-PL"},{"@type":"Organization","@id":"https:\/\/airporttelecom.com\/pl\/#organization","name":"Airport Telecom","url":"https:\/\/airporttelecom.com\/pl\/","logo":{"@type":"ImageObject","inLanguage":"pl-PL","@id":"https:\/\/airporttelecom.com\/pl\/#\/schema\/logo\/image\/","url":"https:\/\/airporttelecom.com\/pl\/wp-content\/uploads\/sites\/7\/2024\/06\/icon.png?wsr","contentUrl":"https:\/\/airporttelecom.com\/pl\/wp-content\/uploads\/sites\/7\/2024\/06\/icon.png?wsr","width":110,"height":110,"caption":"Airport Telecom"},"image":{"@id":"https:\/\/airporttelecom.com\/pl\/#\/schema\/logo\/image\/"}}]}},"custom_permalink":"karta-sim\/republika-poludniowej-afryki","_links":{"self":[{"href":"https:\/\/airporttelecom.com\/pl\/wp-json\/wp\/v2\/product\/355","targetHints":{"allow":["GET"]}}],"collection":[{"href":"https:\/\/airporttelecom.com\/pl\/wp-json\/wp\/v2\/product"}],"about":[{"href":"https:\/\/airporttelecom.com\/pl\/wp-json\/wp\/v2\/types\/product"}],"replies":[{"embeddable":true,"href":"https:\/\/airporttelecom.com\/pl\/wp-json\/wp\/v2\/comments?post=355"}],"wp:featuredmedia":[{"embeddable":true,"href":"https:\/\/airporttelecom.com\/pl\/wp-json\/wp\/v2\/media\/1385"}],"wp:attachment":[{"href":"https:\/\/airporttelecom.com\/pl\/wp-json\/wp\/v2\/media?parent=355"}],"wp:term":[{"taxonomy":"product_brand","embeddable":true,"href":"https:\/\/airporttelecom.com\/pl\/wp-json\/wp\/v2\/product_brand?post=355"},{"taxonomy":"product_cat","embeddable":true,"href":"https:\/\/airporttelecom.com\/pl\/wp-json\/wp\/v2\/product_cat?post=355"},{"taxonomy":"product_tag","embeddable":true,"href":"https:\/\/airporttelecom.com\/pl\/wp-json\/wp\/v2\/product_tag?post=355"}],"curies":[{"name":"wp","href":"https:\/\/api.w.org\/{rel}","templated":true}]}}