{"id":457,"date":"2024-06-21T10:59:11","date_gmt":"2024-06-21T10:59:11","guid":{"rendered":"https:\/\/airporttelecom.outperforming.nl\/nl\/?post_type=product&#038;p=457"},"modified":"2026-02-26T19:57:53","modified_gmt":"2026-02-26T19:57:53","slug":"simkaart-bali","status":"publish","type":"product","link":"https:\/\/airporttelecom.com\/pl\/karta-sim\/bali\/","title":{"rendered":"Karta SIM Bali"},"content":{"rendered":"","protected":false},"excerpt":{"rendered":"","protected":false},"featured_media":0,"comment_status":"open","ping_status":"closed","template":"","meta":{"_acf_changed":false},"product_brand":[],"product_cat":[17],"product_tag":[28],"class_list":{"0":"post-457","1":"product","2":"type-product","3":"status-publish","5":"product_cat-karta-sim","6":"product_tag-karta-sim-azja","8":"first","9":"instock","10":"taxable","11":"shipping-taxable","12":"purchasable","13":"product-type-variable"},"acf":{"gebied_afbeelding":608,"vlag_afbeelding":729,"provider":[],"product_synoniemen":null,"product_bestel_velden":"","product_omschrijving":"<h2>Internet mobilny z kart\u0105 SIM Bali<\/h2>\r\n<p data-start=\"41\" data-end=\"314\">Dzi\u0119ki przedp\u0142aconej karcie SIM Bali od Airport Telecom jeste\u015b dost\u0119pny na ca\u0142ej wyspie pod jednym numerem telefonu. Do wyboru masz pakiety z 12 GB lub 30 GB danych. Oba dzia\u0142aj\u0105 w ca\u0142ej Indonezji i s\u0105 doskonale przystosowane do korzystania z internetu.<\/p>\r\n<p data-start=\"316\" data-end=\"649\" data-is-last-node=\"\" data-is-only-node=\"\">Karta SIM do Bali umo\u017cliwia odbieranie po\u0142\u0105cze\u0144 przychodz\u0105cych, natomiast tradycyjne po\u0142\u0105cze\u0144 wychodz\u0105cych nie s\u0105 mo\u017cliwe. Wszystkie po\u0142\u0105czenia realizowane przez internet, takie jak WhatsApp, Skype, FaceTime, dzia\u0142aj\u0105 bez problemu, wykorzystuj\u0105c pakiet danych dost\u0119pnych na karcie SIM.<\/p>\r\n\r\n<h2>Internet i po\u0142\u0105czenia podczas pobytu na Bali<\/h2>\r\nPo aktywacji karty SIM otrzymasz SMS-em numer telefonu, pod kt\u00f3rym b\u0119dziesz osi\u0105galny podczas pobytu na Bali. Jest to numer z prefiksem mi\u0119dzynarodowym (+44).\r\n\r\nKarta SIM oferuje atrakcyjny pakiet danych dla Bali i dla ca\u0142ej Indonezji oraz dzia\u0142a w ramach najwi\u0119kszych indonezyjskich sieci kom\u00f3rkowych. Dodatkowo karta SIM nie wymaga rejestracji u\u017cytkownika.\r\n<h2>WhatsApp z kart\u0105 SIM Bali<\/h2>\r\nMo\u017cesz nadal korzysta\u0107 z WhatsApp z w\u0142asnymi istniej\u0105cymi kontaktami, grupami i czatami. Po w\u0142o\u017ceniu przedp\u0142aconej karty SIM aplikacja aplikacja WhatsApp mo\u017ce zapyta\u0107,, czy chcesz utworzy\u0107 nowe konto, czy zachowa\u0107 obecne ustawienia. Wybierz opcj\u0119 zachowania obecnej to\u017csamo\u015bci, aby nic si\u0119 nie zmieni\u0142o. Nast\u0119pnie mo\u017cesz nadal wysy\u0142a\u0107 wiadomo\u015bci i wykonywa\u0107 po\u0142\u0105czenia jak zwykle za pomoc\u0105 WhatsApp.\r\n<h2>Zasi\u0119g sieci kom\u00f3rkowej i dost\u0119p do internetu mobilnego na Bali<\/h2>\r\nDzi\u0119ki karcie SIM do Bali masz dost\u0119p do szybkiego i stabilnego internetu mobilnego na ca\u0142ej wyspie. W popularnych miejscowo\u015bciach turystycznych, takich jak Denpasar, Ubud czy Kuta, po\u0142\u0105czenie 4G\/5G dzia\u0142a bez zak\u0142\u00f3ce\u0144, umo\u017cliwiaj\u0105c korzystanie z map, WhatsApp, medi\u00f3w spo\u0142eczno\u015bciowych i innych aplikacji. R\u00f3wnie\u017c podczas podr\u00f3\u017cy mi\u0119dzy miastami pozostaniesz online. W odleg\u0142ych regionach, jak obszary g\u00f3rskie czy d\u017cungla, zasi\u0119g mo\u017ce by\u0107 ograniczony ze wzgl\u0119du na brak nadajnik\u00f3w.\r\n\r\nNiezale\u017cnie od tego, czy surfujesz w Serangan, czy obserwujesz delfiny w Lovinie, dzi\u0119ki karcie SIM mo\u017cesz wygodnie dzieli\u0107 si\u0119 zdj\u0119ciami i utrzymywa\u0107 kontakt z bliskimi. Internet mobilny na Bali zapewnia stabilne po\u0142\u0105czenie w wi\u0119kszo\u015bci region\u00f3w wyspy.\r\n<h2>Darmowa dostawa karty SIM prosto do domu<\/h2>\r\nKarta SIM Bali zostanie bezp\u0142atnie dostarczona pod wskazany adres. Zam\u00f3wienia z\u0142o\u017cone w dni robocze przed godzin\u0105 14:00 wysy\u0142amy tego samego dnia. Standardowy czas dostawy wynosi oko\u0142o pi\u0119ciu dni roboczych. Potrzebujesz szybciej? Wybierz eSIM, kt\u00f3ry zostanie wys\u0142any bezpo\u015brednio na Tw\u00f3j adres e-mail.\r\n\r\n&nbsp;","product_specificaties":"<h2>Zalety karty SIM do Bali<\/h2>\r\n<ul>\r\n \t<li>Karta dzia\u0142a na terenie Bali oraz ca\u0142ej Indonezji, zapewniaj\u0105c \u0142atwy i wygodny dost\u0119p do internetu mobilnego.<\/li>\r\n \t<li>Do wyboru s\u0105 pakiety danych: 12 GB lub 30 GB, kt\u00f3re mo\u017cna wykorzysta\u0107 na ca\u0142ej wyspie.<\/li>\r\n \t<li>Karta dost\u0119pna jest we wszystkich standardowych rozmiarach: mini, micro i nano, i dzia\u0142a w ka\u017cdym iPhonie oraz smartfonie obs\u0142uguj\u0105cym standardowe karty SIM.<\/li>\r\n \t<li>Uwaga: funkcja hotspot oraz urz\u0105dzenia MiFi nie s\u0105 obs\u0142ugiwane przez operatora.<\/li>\r\n<\/ul>\r\n<h2>Dane i po\u0142\u0105czenia na Bali<\/h2>\r\n<ul>\r\n \t<li>Dost\u0119pne warianty: 12 GB lub 30 GB danych.<\/li>\r\n \t<li>Pakiety s\u0105 wa\u017cne 30 dni od momentu aktywacji.<\/li>\r\n \t<li>Aktywacja nast\u0119puje automatycznie po w\u0142o\u017ceniu karty do telefonu i jego w\u0142\u0105czeniu.<\/li>\r\n<\/ul>","product_handleiding":"<h2>Jak zainstalowa\u0107 kart\u0119 SIM Bali w smarfonie?<\/h2>\r\nOtw\u00f3rz tack\u0119 na kart\u0119 SIM znajduj\u0105c\u0105 si\u0119 z boku telefonu. Mo\u017cna to zrobi\u0107 za pomoc\u0105 szpilki do\u0142\u0105czonej do telefonu. Je\u015bli jej nie masz, mo\u017cesz j\u0105 wykona\u0107, prostuj\u0105c spinacz do papieru. Dodatkowa szpilka jest r\u00f3wnie\u017c dostarczana z kartami SIM Airport Telecom Wyjmij w\u0142asn\u0105 kart\u0119 SIM i zachowaj j\u0105 w bezpiecznym miejscu! W\u0142\u00f3\u017c now\u0105 kart\u0119 SIM. Mo\u017cna to zrobi\u0107 tylko w jeden spos\u00f3b. By\u0107 mo\u017ce posiadasz telefon, kt\u00f3ry mo\u017ce pomie\u015bci\u0107 kilka kart SIM. Wsu\u0144 kart\u0119 SIM z powrotem do telefonu. Nowa karta SIM aktywuje si\u0119 automatycznie. Telefon mo\u017ce poprosi\u0107 o wprowadzenie dodatkowych ustawie\u0144.","product_veelgestelde_vragen":[{"vraag":"Jakiej karty SIM u\u017cywa\u0107 na Bali? ","antwoord":"W przypadku kr\u00f3tkiego, kilkudniowego pobytu prawdopodobnie nie b\u0119dziesz potrzebowa\u0107 du\u017cej ilo\u015bci danych. Pakiet 12 GB danych na Bali mo\u017ce okaza\u0107 si\u0119 wystarczaj\u0105cy. Aplikacje takie jak WhatsApp, Instagram i nawigacja nie zu\u017cywaj\u0105 du\u017co danych. W przypadku d\u0142u\u017cszego pobytu warto zdecydowa\u0107 si\u0119 na pakiet 30 GB, aby z pewno\u015bci\u0105 mie\u0107 wystarczaj\u0105c\u0105 ilo\u015b\u0107 danych. "},{"vraag":"Gdzie kupi\u0107 kart\u0119 SIM na Bali? ","antwoord":"Kup kart\u0119 SIM do Bali od Airport Telecom. . Z\u0142\u00f3\u017c zam\u00f3wienie online, a karta SIM zostanie bezp\u0142atnie dostarczona na Tw\u00f3j adres domowy. "}]},"yoast_head":"<!-- This site is optimized with the Yoast SEO Premium plugin v24.4 (Yoast SEO v26.9) - https:\/\/yoast.com\/product\/yoast-seo-premium-wordpress\/ -->\n<title>Karta SIM Bali kupi\u0107 przedp\u0142acony pakiet (nieograniczone) po\u0142\u0105czenia i internet - Airport Telecom PL<\/title>\n<meta name=\"description\" content=\"Szukasz karty przedp\u0142aconej Karta SIM Bali na (nieograniczone) rozmowy i internet? Optymalna dost\u0119pno\u015b\u0107 podczas podr\u00f3\u017cy w Karta SIM Azja. Ju\u017c w sprzeda\u017cy od !\" \/>\n<meta name=\"robots\" content=\"index, follow, max-snippet:-1, max-image-preview:large, max-video-preview:-1\" \/>\n<link rel=\"canonical\" href=\"https:\/\/airporttelecom.com\/pl\/karta-sim\/bali\/\" \/>\n<meta property=\"og:locale\" content=\"pl_PL\" \/>\n<meta property=\"og:type\" content=\"article\" \/>\n<meta property=\"og:title\" content=\"Karta SIM Bali\" \/>\n<meta property=\"og:description\" content=\"Szukasz karty przedp\u0142aconej Karta SIM Bali na (nieograniczone) rozmowy i internet? Optymalna dost\u0119pno\u015b\u0107 podczas podr\u00f3\u017cy w Karta SIM Azja. Ju\u017c w sprzeda\u017cy od !\" \/>\n<meta property=\"og:url\" content=\"https:\/\/airporttelecom.com\/pl\/karta-sim\/bali\/\" \/>\n<meta property=\"og:site_name\" content=\"Airport Telecom PL\" \/>\n<meta property=\"article:modified_time\" content=\"2026-02-26T19:57:53+00:00\" \/>\n<meta name=\"twitter:card\" content=\"summary_large_image\" \/>\n<script type=\"application\/ld+json\" class=\"yoast-schema-graph\">{\"@context\":\"https:\/\/schema.org\",\"@graph\":[{\"@type\":\"WebPage\",\"@id\":\"https:\/\/airporttelecom.com\/pl\/karta-sim\/bali\/\",\"url\":\"https:\/\/airporttelecom.com\/pl\/karta-sim\/bali\/\",\"name\":\"Karta SIM Bali kupi\u0107 przedp\u0142acony pakiet (nieograniczone) po\u0142\u0105czenia i internet - Airport Telecom PL\",\"isPartOf\":{\"@id\":\"https:\/\/airporttelecom.com\/pl\/#website\"},\"datePublished\":\"2024-06-21T10:59:11+00:00\",\"dateModified\":\"2026-02-26T19:57:53+00:00\",\"description\":\"Szukasz karty przedp\u0142aconej Karta SIM Bali na (nieograniczone) rozmowy i internet? Optymalna dost\u0119pno\u015b\u0107 podczas podr\u00f3\u017cy w Karta SIM Azja. Ju\u017c w sprzeda\u017cy od !\",\"breadcrumb\":{\"@id\":\"https:\/\/airporttelecom.com\/pl\/karta-sim\/bali\/#breadcrumb\"},\"inLanguage\":\"pl-PL\",\"potentialAction\":[{\"@type\":\"ReadAction\",\"target\":[\"https:\/\/airporttelecom.com\/pl\/karta-sim\/bali\/\"]}]},{\"@type\":\"BreadcrumbList\",\"@id\":\"https:\/\/airporttelecom.com\/pl\/karta-sim\/bali\/#breadcrumb\",\"itemListElement\":[{\"@type\":\"ListItem\",\"position\":1,\"name\":\"Home\",\"item\":\"https:\/\/airporttelecom.com\/pl\/\"},{\"@type\":\"ListItem\",\"position\":2,\"name\":\"Karta SIM\",\"item\":\"https:\/\/airporttelecom.com\/pl\/karta-sim\/\"},{\"@type\":\"ListItem\",\"position\":3,\"name\":\"Karta SIM Bali\"}]},{\"@type\":\"WebSite\",\"@id\":\"https:\/\/airporttelecom.com\/pl\/#website\",\"url\":\"https:\/\/airporttelecom.com\/pl\/\",\"name\":\"Airport Telecom\",\"description\":\"\",\"publisher\":{\"@id\":\"https:\/\/airporttelecom.com\/pl\/#organization\"},\"potentialAction\":[{\"@type\":\"SearchAction\",\"target\":{\"@type\":\"EntryPoint\",\"urlTemplate\":\"https:\/\/airporttelecom.com\/pl\/?s={search_term_string}\"},\"query-input\":{\"@type\":\"PropertyValueSpecification\",\"valueRequired\":true,\"valueName\":\"search_term_string\"}}],\"inLanguage\":\"pl-PL\"},{\"@type\":\"Organization\",\"@id\":\"https:\/\/airporttelecom.com\/pl\/#organization\",\"name\":\"Airport Telecom\",\"url\":\"https:\/\/airporttelecom.com\/pl\/\",\"logo\":{\"@type\":\"ImageObject\",\"inLanguage\":\"pl-PL\",\"@id\":\"https:\/\/airporttelecom.com\/pl\/#\/schema\/logo\/image\/\",\"url\":\"https:\/\/airporttelecom.com\/pl\/wp-content\/uploads\/sites\/7\/2024\/06\/icon.png?wsr\",\"contentUrl\":\"https:\/\/airporttelecom.com\/pl\/wp-content\/uploads\/sites\/7\/2024\/06\/icon.png?wsr\",\"width\":110,\"height\":110,\"caption\":\"Airport Telecom\"},\"image\":{\"@id\":\"https:\/\/airporttelecom.com\/pl\/#\/schema\/logo\/image\/\"}}]}<\/script>\n<!-- \/ Yoast SEO Premium plugin. -->","yoast_head_json":{"title":"Karta SIM Bali kupi\u0107 przedp\u0142acony pakiet (nieograniczone) po\u0142\u0105czenia i internet - Airport Telecom PL","description":"Szukasz karty przedp\u0142aconej Karta SIM Bali na (nieograniczone) rozmowy i internet? Optymalna dost\u0119pno\u015b\u0107 podczas podr\u00f3\u017cy w Karta SIM Azja. Ju\u017c w sprzeda\u017cy od !","robots":{"index":"index","follow":"follow","max-snippet":"max-snippet:-1","max-image-preview":"max-image-preview:large","max-video-preview":"max-video-preview:-1"},"canonical":"https:\/\/airporttelecom.com\/pl\/karta-sim\/bali\/","og_locale":"pl_PL","og_type":"article","og_title":"Karta SIM Bali","og_description":"Szukasz karty przedp\u0142aconej Karta SIM Bali na (nieograniczone) rozmowy i internet? Optymalna dost\u0119pno\u015b\u0107 podczas podr\u00f3\u017cy w Karta SIM Azja. Ju\u017c w sprzeda\u017cy od !","og_url":"https:\/\/airporttelecom.com\/pl\/karta-sim\/bali\/","og_site_name":"Airport Telecom PL","article_modified_time":"2026-02-26T19:57:53+00:00","twitter_card":"summary_large_image","schema":{"@context":"https:\/\/schema.org","@graph":[{"@type":"WebPage","@id":"https:\/\/airporttelecom.com\/pl\/karta-sim\/bali\/","url":"https:\/\/airporttelecom.com\/pl\/karta-sim\/bali\/","name":"Karta SIM Bali kupi\u0107 przedp\u0142acony pakiet (nieograniczone) po\u0142\u0105czenia i internet - Airport Telecom PL","isPartOf":{"@id":"https:\/\/airporttelecom.com\/pl\/#website"},"datePublished":"2024-06-21T10:59:11+00:00","dateModified":"2026-02-26T19:57:53+00:00","description":"Szukasz karty przedp\u0142aconej Karta SIM Bali na (nieograniczone) rozmowy i internet? Optymalna dost\u0119pno\u015b\u0107 podczas podr\u00f3\u017cy w Karta SIM Azja. Ju\u017c w sprzeda\u017cy od !","breadcrumb":{"@id":"https:\/\/airporttelecom.com\/pl\/karta-sim\/bali\/#breadcrumb"},"inLanguage":"pl-PL","potentialAction":[{"@type":"ReadAction","target":["https:\/\/airporttelecom.com\/pl\/karta-sim\/bali\/"]}]},{"@type":"BreadcrumbList","@id":"https:\/\/airporttelecom.com\/pl\/karta-sim\/bali\/#breadcrumb","itemListElement":[{"@type":"ListItem","position":1,"name":"Home","item":"https:\/\/airporttelecom.com\/pl\/"},{"@type":"ListItem","position":2,"name":"Karta SIM","item":"https:\/\/airporttelecom.com\/pl\/karta-sim\/"},{"@type":"ListItem","position":3,"name":"Karta SIM Bali"}]},{"@type":"WebSite","@id":"https:\/\/airporttelecom.com\/pl\/#website","url":"https:\/\/airporttelecom.com\/pl\/","name":"Airport Telecom","description":"","publisher":{"@id":"https:\/\/airporttelecom.com\/pl\/#organization"},"potentialAction":[{"@type":"SearchAction","target":{"@type":"EntryPoint","urlTemplate":"https:\/\/airporttelecom.com\/pl\/?s={search_term_string}"},"query-input":{"@type":"PropertyValueSpecification","valueRequired":true,"valueName":"search_term_string"}}],"inLanguage":"pl-PL"},{"@type":"Organization","@id":"https:\/\/airporttelecom.com\/pl\/#organization","name":"Airport Telecom","url":"https:\/\/airporttelecom.com\/pl\/","logo":{"@type":"ImageObject","inLanguage":"pl-PL","@id":"https:\/\/airporttelecom.com\/pl\/#\/schema\/logo\/image\/","url":"https:\/\/airporttelecom.com\/pl\/wp-content\/uploads\/sites\/7\/2024\/06\/icon.png?wsr","contentUrl":"https:\/\/airporttelecom.com\/pl\/wp-content\/uploads\/sites\/7\/2024\/06\/icon.png?wsr","width":110,"height":110,"caption":"Airport Telecom"},"image":{"@id":"https:\/\/airporttelecom.com\/pl\/#\/schema\/logo\/image\/"}}]}},"custom_permalink":"karta-sim\/bali","_links":{"self":[{"href":"https:\/\/airporttelecom.com\/pl\/wp-json\/wp\/v2\/product\/457","targetHints":{"allow":["GET"]}}],"collection":[{"href":"https:\/\/airporttelecom.com\/pl\/wp-json\/wp\/v2\/product"}],"about":[{"href":"https:\/\/airporttelecom.com\/pl\/wp-json\/wp\/v2\/types\/product"}],"replies":[{"embeddable":true,"href":"https:\/\/airporttelecom.com\/pl\/wp-json\/wp\/v2\/comments?post=457"}],"wp:attachment":[{"href":"https:\/\/airporttelecom.com\/pl\/wp-json\/wp\/v2\/media?parent=457"}],"wp:term":[{"taxonomy":"product_brand","embeddable":true,"href":"https:\/\/airporttelecom.com\/pl\/wp-json\/wp\/v2\/product_brand?post=457"},{"taxonomy":"product_cat","embeddable":true,"href":"https:\/\/airporttelecom.com\/pl\/wp-json\/wp\/v2\/product_cat?post=457"},{"taxonomy":"product_tag","embeddable":true,"href":"https:\/\/airporttelecom.com\/pl\/wp-json\/wp\/v2\/product_tag?post=457"}],"curies":[{"name":"wp","href":"https:\/\/api.w.org\/{rel}","templated":true}]}}