{"id":476,"date":"2024-06-21T12:25:58","date_gmt":"2024-06-21T12:25:58","guid":{"rendered":"https:\/\/airporttelecom.outperforming.nl\/nl\/?post_type=product&#038;p=476"},"modified":"2026-03-02T18:28:40","modified_gmt":"2026-03-02T18:28:40","slug":"simkaart-marokko","status":"publish","type":"product","link":"https:\/\/airporttelecom.com\/pl\/karta-sim\/maroko\/","title":{"rendered":"Karta SIM Maroko"},"content":{"rendered":"","protected":false},"excerpt":{"rendered":"","protected":false},"featured_media":1378,"comment_status":"open","ping_status":"closed","template":"","meta":{"_acf_changed":false},"product_brand":[],"product_cat":[17],"product_tag":[27],"class_list":{"0":"post-476","1":"product","2":"type-product","3":"status-publish","4":"has-post-thumbnail","6":"product_cat-karta-sim","7":"product_tag-karta-sim-bliski-wschod","9":"first","10":"instock","11":"taxable","12":"shipping-taxable","13":"purchasable","14":"product-type-variable"},"acf":{"gebied_afbeelding":638,"vlag_afbeelding":478,"provider":["NEX"],"product_synoniemen":null,"product_bestel_velden":["vertrekdatum"],"product_omschrijving":"<h2><span data-contrast=\"none\">Dost\u0119p do mobilnego internetu z kart\u0105 SIM do Maroka<\/span><\/h2>\r\n<span data-contrast=\"auto\">Dzi\u0119ki przedp\u0142aconej karcie SIM Maroko od Airport Telecom mo\u017cesz korzysta\u0107 z mobilnego internetu w ca\u0142ym Maroku. Oferujemy pakiety danych i po\u0142\u0105cze\u0144 dostosowane do indywidualnych potrzeb, idealne do korzystania z internetu w podr\u00f3\u017cy. Dzi\u0119ki szybkiemu i stabilnemu po\u0142\u0105czeniu 4G\/5G zapewniaj\u0105 wygodny dost\u0119p do poczty e-mail, WhatsAppa, nawigacji GPS oraz innych aplikacji mobilnych.<\/span>\r\n<h2>Pakiety danych na podr\u00f3\u017c do Maroka<\/h2>\r\nKarty SIM do Maroka dost\u0119pne s\u0105 w wariantach nielimitowanych* na 7, 14 i 30 dni:\r\n<ul>\r\n \t<li><strong>Nielimitowana karta SIM Maroko \u2013 7 dni<\/strong><\/li>\r\n \t<li><strong>Nielimitowana karta SIM Maroko \u2013 14 dni<\/strong><\/li>\r\n \t<li><strong>Nielimitowana karta SIM Maroko \u2013 30 dni<\/strong><\/li>\r\n<\/ul>\r\n<span style=\"font-weight: 400\">Karty SIM do Maroka maj\u0105 doskona\u0142y zasi\u0119g og\u00f3lnokrajowy w lokalnych sieciach 4G i 5G. W Maroku nie jest wymagana rejestracja u\u017cytkownika. <\/span>\r\n\r\n<span style=\"font-weight: 400\">Po przybyciu do Maroka internet zacznie dzia\u0142a\u0107 automatycznie. Karta SIM Maroko obs\u0142uguje tethering, wi\u0119c mo\u017ce by\u0107 r\u00f3wnie\u017c u\u017cywana do hotspot\u00f3w i MIFI.<\/span>\r\n\r\n*Obowi\u0105zuj\u0105 zasady dozwolonego u\u017cytkowania. Przy ekstremalnym korzystaniu z danych lub udost\u0119pnianiu internetu przez hotspot operator mo\u017ce ograniczy\u0107 mo\u017cliwo\u015bci karty SIM. Polityka uczciwego u\u017cytkowania zak\u0142ada jednoosobowe korzystanie z karty. Normalne korzystanie z nawigacji, poczty e-mail, WhatsAppa, Instagrama czy Snapchata nie podlega ograniczeniom. Ograniczenia mog\u0105 wyst\u0105pi\u0107 przy intensywnym korzystaniu z YouTube, TikTok, Netflix lub innych us\u0142ug streamingowych oraz przy wsp\u00f3\u0142dzieleniu po\u0142\u0105czenia z innymi osobami. Zwroty koszt\u00f3w nie s\u0105 przyznawane w przypadku naruszenia zasad uczciwego u\u017cytkowania.\r\n<h2>WhatsApp z kart\u0105 SIM Maroko<\/h2>\r\nWszystkie po\u0142\u0105czenia internetowe, takie jak WhatsApp, Skype czy FaceTime, dzia\u0142aj\u0105 bez problemu dzi\u0119ki karcie SIM. Korzystasz w\u00f3wczas z pakietu danych dost\u0119pnego na karcie. Mo\u017cesz nadal u\u017cywa\u0107 WhatsApp ze swoim dotychczasowym numerem telefonu \u2013 wysy\u0142a\u0107 wiadomo\u015bci i prowadzi\u0107 rozmowy tak jak zwykle..\r\n<h2>Zasi\u0119g w Maroku z kart\u0105 SIM<\/h2>\r\n<p data-start=\"32\" data-end=\"454\">Karta SIM do Maroka zapewnia stabilny dost\u0119p do internetu mobilnego w najwa\u017cniejszych regionach kraju. Najlepszy zasi\u0119g dost\u0119pny jest w du\u017cych miastach, takich jak <span class=\"hover:entity-accent entity-underline inline cursor-pointer align-baseline\"><span class=\"whitespace-normal\">Casablanca<\/span><\/span>, <span class=\"hover:entity-accent entity-underline inline cursor-pointer align-baseline\"><span class=\"whitespace-normal\">Marrakesz<\/span><\/span>, <span class=\"hover:entity-accent entity-underline inline cursor-pointer align-baseline\"><span class=\"whitespace-normal\">Fez<\/span><\/span> oraz <span class=\"hover:entity-accent entity-underline inline cursor-pointer align-baseline\"><span class=\"whitespace-normal\">Agadir,g dzie<\/span><\/span>\u00a0bez problemu skorzystasz z nawigacji, komunikator\u00f3w i aplikacji podr\u00f3\u017cnych.<\/p>\r\n<p data-start=\"456\" data-end=\"715\">Dobra jako\u015b\u0107 sygna\u0142u obejmuje tak\u017ce popularne miejscowo\u015bci turystyczne, takie jak <span class=\"hover:entity-accent entity-underline inline cursor-pointer align-baseline\"><span class=\"whitespace-normal\">Chefchaouen<\/span><\/span> czy <span class=\"hover:entity-accent entity-underline inline cursor-pointer align-baseline\"><span class=\"whitespace-normal\">Essaouira<\/span><\/span>, gdzie internet mobilny u\u0142atwia rezerwacje, kontakt z bliskimi i udost\u0119pnianie zdj\u0119\u0107 z podr\u00f3\u017cy.<\/p>\r\n<p data-start=\"717\" data-end=\"864\">W bardziej odleg\u0142ych rejonach \u2013 zw\u0142aszcza na obszarach pustynnych i w g\u00f3rach \u2013 zasi\u0119g sieci kom\u00f3rkowej mo\u017ce by\u0107 ograniczony.<\/p>\r\n\r\n<h2>Darmowa dostawa karty SIM prosto do domu<\/h2>\r\nKarta SIM Maroko zostanie bezp\u0142atnie dostarczona pod wskazany adres. Zam\u00f3wienia z\u0142o\u017cone w dni robocze przed godzin\u0105 14:00 wysy\u0142amy tego samego dnia. Standardowy czas dostawy wynosi oko\u0142o pi\u0119ciu dni roboczych. Potrzebujesz szybciej? Wybierz <a href=\"https:\/\/airporttelecom.com\/pl\/eSIM\/maroko\/\">eSIM do Maroka <\/a>kt\u00f3ry zostanie wys\u0142any bezpo\u015brednio na Tw\u00f3j adres e-mail.\r\n\r\n&nbsp;","product_specificaties":"<h2 data-start=\"105\" data-end=\"135\">Karta SIM Maroko <strong>\u2013 <\/strong>szybki internet w podr\u00f3\u017cy<\/h2>\r\n<p data-start=\"137\" data-end=\"187\">Dost\u0119pne s\u0105 trzy warianty karty SIM do Maroka:<\/p>\r\n\r\n<h3 data-start=\"189\" data-end=\"233\">Nielimitowana karta SIM Maroko \u2013 7 dni<\/h3>\r\n<ul data-start=\"234\" data-end=\"328\">\r\n \t<li data-start=\"234\" data-end=\"272\">\r\n<p data-start=\"236\" data-end=\"272\">Nielimitowane dane w ca\u0142ym Maroku*<\/p>\r\n<\/li>\r\n \t<li data-start=\"273\" data-end=\"295\">\r\n<p data-start=\"275\" data-end=\"295\">Pakiet wa\u017cny 7 dni<\/p>\r\n<\/li>\r\n \t<li data-start=\"296\" data-end=\"328\">\r\n<p data-start=\"298\" data-end=\"328\">Mo\u017cliwo\u015b\u0107 do\u0142adowania online<\/p>\r\n<\/li>\r\n<\/ul>\r\n<h3 data-start=\"330\" data-end=\"375\">Nielimitowana karta SIM Maroko \u2013 14 dni<\/h3>\r\n<ul data-start=\"376\" data-end=\"478\">\r\n \t<li data-start=\"376\" data-end=\"414\">\r\n<p data-start=\"378\" data-end=\"414\">Nielimitowane dane w ca\u0142ym Maroku*<\/p>\r\n<\/li>\r\n \t<li data-start=\"415\" data-end=\"438\">\r\n<p data-start=\"417\" data-end=\"438\">Pakiet wa\u017cny 14 dni<\/p>\r\n<\/li>\r\n \t<li data-start=\"439\" data-end=\"478\">\r\n<p data-start=\"441\" data-end=\"478\">Do\u0142adowanie dost\u0119pne na tej stronie<\/p>\r\n<\/li>\r\n<\/ul>\r\n<h3 data-start=\"480\" data-end=\"525\">Nielimitowana karta SIM Maroko \u2013 30 dni<\/h3>\r\n<ul data-start=\"526\" data-end=\"621\">\r\n \t<li data-start=\"526\" data-end=\"564\">\r\n<p data-start=\"528\" data-end=\"564\">Nielimitowane dane w ca\u0142ym Maroku*<\/p>\r\n<\/li>\r\n \t<li data-start=\"565\" data-end=\"588\">\r\n<p data-start=\"567\" data-end=\"588\">Pakiet wa\u017cny 30 dni<\/p>\r\n<\/li>\r\n \t<li data-start=\"589\" data-end=\"621\">\r\n<p data-start=\"591\" data-end=\"621\">Mo\u017cliwo\u015b\u0107 do\u0142adowania online<\/p>\r\n<\/li>\r\n<\/ul>\r\n<p data-start=\"623\" data-end=\"785\">*Obowi\u0105zuj\u0105 zasady dozwolonego u\u017cytkowania. W przypadku ekstremalnego wykorzystania danych operator w Maroku mo\u017ce ograniczy\u0107\u00a0 mo\u017cliwo\u015bci karty.<\/p>\r\n\r\n<h2 data-start=\"2470\" data-end=\"2499\">Zalety karty SIM do Maroka<\/h2>\r\n<ul data-start=\"2501\" data-end=\"3146\">\r\n \t<li data-start=\"2501\" data-end=\"2587\">\r\n<p data-start=\"2503\" data-end=\"2587\"><strong data-start=\"2503\" data-end=\"2535\">Nielimitowane pakiety danych<\/strong> \u2013 7, 14 lub 30 dni dopasowane do d\u0142ugo\u015bci pobytu.<\/p>\r\n<\/li>\r\n \t<li data-start=\"2588\" data-end=\"2704\">\r\n<p data-start=\"2590\" data-end=\"2704\"><strong data-start=\"2590\" data-end=\"2631\">Stabilny internet 4G\/5G w ca\u0142ym kraju<\/strong> \u2013 idealny do nawigacji, WhatsAppa, medi\u00f3w spo\u0142eczno\u015bciowych i e-maila.<\/p>\r\n<\/li>\r\n \t<li data-start=\"2705\" data-end=\"2791\">\r\n<p data-start=\"2707\" data-end=\"2791\"><strong data-start=\"2707\" data-end=\"2746\">Zachowanie w\u0142asnego numeru telefonu<\/strong> \u2013 korzystasz z WhatsAppa tak jak w Polsce.<\/p>\r\n<\/li>\r\n \t<li data-start=\"2792\" data-end=\"2881\">\r\n<p data-start=\"2794\" data-end=\"2881\"><strong data-start=\"2794\" data-end=\"2828\">Obs\u0142uga po\u0142\u0105cze\u0144 internetowych<\/strong> \u2013 Skype, FaceTime, WhatsApp dzia\u0142aj\u0105 bez problemu.<\/p>\r\n<\/li>\r\n \t<li data-start=\"2882\" data-end=\"2958\">\r\n<p data-start=\"2884\" data-end=\"2958\"><strong data-start=\"2884\" data-end=\"2909\">Brak koszt\u00f3w roamingu<\/strong> \u2013 lokalna sie\u0107 pozwala unikn\u0105\u0107 wysokich op\u0142at.<\/p>\r\n<\/li>\r\n \t<li data-start=\"2959\" data-end=\"3048\">\r\n<p data-start=\"2961\" data-end=\"3048\"><strong data-start=\"2961\" data-end=\"3006\">Mo\u017cliwo\u015b\u0107 u\u017cycia jako hotspot i tethering<\/strong> \u2013 dziel internet z innymi urz\u0105dzeniami.<\/p>\r\n<\/li>\r\n \t<li data-start=\"3049\" data-end=\"3146\">\r\n<p data-start=\"3051\" data-end=\"3146\"><strong data-start=\"3051\" data-end=\"3080\">Prosta i szybka aktywacja<\/strong> \u2013 karta dzia\u0142a od razu po przybyciu do Maroka, bez rejestracji.<\/p>\r\n<\/li>\r\n<\/ul>","product_handleiding":"<h2><span data-contrast=\"none\">Jak zainstalowa\u0107 kart\u0119 SIM Morocco w smarfonie?<\/span><\/h2>\r\n<span data-contrast=\"none\">Otw\u00f3rz tack\u0119 na kart\u0119 SIM znajduj\u0105c\u0105 si\u0119 z boku telefonu. Mo\u017cna to zrobi\u0107 za pomoc\u0105 szpilki do\u0142\u0105czonej do telefonu. Je\u015bli jej nie masz, mo\u017cesz j\u0105 wykona\u0107, prostuj\u0105c spinacz do papieru. Karty SIM Airport Telecom dost\u0119pne s\u0105 z dodatkow\u0105 szpilk\u0105.<\/span> <span data-contrast=\"none\">Wyjmij w\u0142asn\u0105 kart\u0119 SIM i zachowaj j\u0105 w bezpiecznym miejscu! W\u0142\u00f3\u017c now\u0105 kart\u0119 SIM. Mo\u017cna to zrobi\u0107 tylko w jeden spos\u00f3b. Telefon mo\u017ce by\u0107 wyposa\u017cony w kilka kart SIM.<\/span> W\u0142\u00f3\u017c<span data-contrast=\"none\">now\u0105 kart\u0119 SIM jako kart\u0119 dodatkow\u0105.<\/span> <span data-contrast=\"none\">Wsu\u0144 tack\u0119 z kart\u0105 SIM z powrotem do telefonu. Nowa karta SIM aktywuje si\u0119 automatycznie. Telefon mo\u017ce poprosi\u0107 o wprowadzenie dodatkowych ustawie\u0144.<\/span>","product_veelgestelde_vragen":[{"vraag":"Jakiej karty SIM u\u017cywa\u0107 w Maroku? ","antwoord":"W przypadku kr\u00f3tkiego, kilkudniowego pobytu prawdopodobnie nie b\u0119dziesz potrzebowa\u0107 du\u017cej ilo\u015bci danych. Pakiet 10 GB danych dla Maroka mo\u017ce okaza\u0107 si\u0119 wystarczaj\u0105cy. Aplikacje takie jak WhatsApp, Instagram i nawigacja nie zu\u017cywaj\u0105 du\u017co danych. W przypadku d\u0142u\u017cszego pobytu warto wybra\u0107 opcj\u0119 nielimitowanego internetu, aby zapewni\u0107 sobie wystarczaj\u0105c\u0105 ilo\u015b\u0107 danych. Karta Pakiet nielimitowany oferuje r\u00f3wnie\u017c nielimitowane po\u0142\u0105czenia w Maroku. "},{"vraag":"Gdzie kupi\u0107 kart\u0119 SIM do Maroka? ","antwoord":"Kup kart\u0119 SIM do Maroka w Airport Telecom. . Z\u0142\u00f3\u017c zam\u00f3wienie online, a karta SIM zostanie bezp\u0142atnie dostarczona na Tw\u00f3j adres domowy. "}]},"yoast_head":"<!-- This site is optimized with the Yoast SEO Premium plugin v24.4 (Yoast SEO v26.9) - https:\/\/yoast.com\/product\/yoast-seo-premium-wordpress\/ -->\n<title>Karta SIM Maroko kupi\u0107 przedp\u0142acony pakiet (nieograniczone) po\u0142\u0105czenia i internet - Airport Telecom PL<\/title>\n<meta name=\"description\" content=\"Szukasz karty przedp\u0142aconej Karta SIM Maroko na (nieograniczone) rozmowy i internet? Optymalna dost\u0119pno\u015b\u0107 podczas podr\u00f3\u017cy w Karta SIM Bliski Wsch\u00f3d. Ju\u017c w sprzeda\u017cy od !\" \/>\n<meta name=\"robots\" content=\"index, follow, max-snippet:-1, max-image-preview:large, max-video-preview:-1\" \/>\n<link rel=\"canonical\" href=\"https:\/\/airporttelecom.com\/pl\/karta-sim\/maroko\/\" \/>\n<meta property=\"og:locale\" content=\"pl_PL\" \/>\n<meta property=\"og:type\" content=\"article\" \/>\n<meta property=\"og:title\" content=\"Karta SIM Maroko\" \/>\n<meta property=\"og:description\" content=\"Szukasz karty przedp\u0142aconej Karta SIM Maroko na (nieograniczone) rozmowy i internet? Optymalna dost\u0119pno\u015b\u0107 podczas podr\u00f3\u017cy w Karta SIM Bliski Wsch\u00f3d. Ju\u017c w sprzeda\u017cy od !\" \/>\n<meta property=\"og:url\" content=\"https:\/\/airporttelecom.com\/pl\/karta-sim\/maroko\/\" \/>\n<meta property=\"og:site_name\" content=\"Airport Telecom PL\" \/>\n<meta property=\"article:modified_time\" content=\"2026-03-02T18:28:40+00:00\" \/>\n<meta property=\"og:image\" content=\"https:\/\/airporttelecom.com\/pl\/wp-content\/uploads\/sites\/7\/2024\/06\/Simkaart-Marokko.png\" \/>\n\t<meta property=\"og:image:width\" content=\"800\" \/>\n\t<meta property=\"og:image:height\" content=\"316\" \/>\n\t<meta property=\"og:image:type\" content=\"image\/png\" \/>\n<meta name=\"twitter:card\" content=\"summary_large_image\" \/>\n<meta name=\"twitter:label1\" content=\"Szacowany czas czytania\" \/>\n\t<meta name=\"twitter:data1\" content=\"1 minuta\" \/>\n<script type=\"application\/ld+json\" class=\"yoast-schema-graph\">{\"@context\":\"https:\/\/schema.org\",\"@graph\":[{\"@type\":\"WebPage\",\"@id\":\"https:\/\/airporttelecom.com\/pl\/karta-sim\/maroko\/\",\"url\":\"https:\/\/airporttelecom.com\/pl\/karta-sim\/maroko\/\",\"name\":\"Karta SIM Maroko kupi\u0107 przedp\u0142acony pakiet (nieograniczone) po\u0142\u0105czenia i internet - Airport Telecom PL\",\"isPartOf\":{\"@id\":\"https:\/\/airporttelecom.com\/pl\/#website\"},\"primaryImageOfPage\":{\"@id\":\"https:\/\/airporttelecom.com\/pl\/karta-sim\/maroko\/#primaryimage\"},\"image\":{\"@id\":\"https:\/\/airporttelecom.com\/pl\/karta-sim\/maroko\/#primaryimage\"},\"thumbnailUrl\":\"https:\/\/airporttelecom.com\/pl\/wp-content\/uploads\/sites\/7\/2024\/06\/Simkaart-Marokko.png\",\"datePublished\":\"2024-06-21T12:25:58+00:00\",\"dateModified\":\"2026-03-02T18:28:40+00:00\",\"description\":\"Szukasz karty przedp\u0142aconej Karta SIM Maroko na (nieograniczone) rozmowy i internet? Optymalna dost\u0119pno\u015b\u0107 podczas podr\u00f3\u017cy w Karta SIM Bliski Wsch\u00f3d. Ju\u017c w sprzeda\u017cy od !\",\"breadcrumb\":{\"@id\":\"https:\/\/airporttelecom.com\/pl\/karta-sim\/maroko\/#breadcrumb\"},\"inLanguage\":\"pl-PL\",\"potentialAction\":[{\"@type\":\"ReadAction\",\"target\":[\"https:\/\/airporttelecom.com\/pl\/karta-sim\/maroko\/\"]}]},{\"@type\":\"ImageObject\",\"inLanguage\":\"pl-PL\",\"@id\":\"https:\/\/airporttelecom.com\/pl\/karta-sim\/maroko\/#primaryimage\",\"url\":\"https:\/\/airporttelecom.com\/pl\/wp-content\/uploads\/sites\/7\/2024\/06\/Simkaart-Marokko.png\",\"contentUrl\":\"https:\/\/airporttelecom.com\/pl\/wp-content\/uploads\/sites\/7\/2024\/06\/Simkaart-Marokko.png\",\"width\":800,\"height\":316,\"caption\":\"Karta SIM Maroko\"},{\"@type\":\"BreadcrumbList\",\"@id\":\"https:\/\/airporttelecom.com\/pl\/karta-sim\/maroko\/#breadcrumb\",\"itemListElement\":[{\"@type\":\"ListItem\",\"position\":1,\"name\":\"Home\",\"item\":\"https:\/\/airporttelecom.com\/pl\/\"},{\"@type\":\"ListItem\",\"position\":2,\"name\":\"Karta SIM\",\"item\":\"https:\/\/airporttelecom.com\/pl\/karta-sim\/\"},{\"@type\":\"ListItem\",\"position\":3,\"name\":\"Karta SIM Maroko\"}]},{\"@type\":\"WebSite\",\"@id\":\"https:\/\/airporttelecom.com\/pl\/#website\",\"url\":\"https:\/\/airporttelecom.com\/pl\/\",\"name\":\"Airport Telecom\",\"description\":\"\",\"publisher\":{\"@id\":\"https:\/\/airporttelecom.com\/pl\/#organization\"},\"potentialAction\":[{\"@type\":\"SearchAction\",\"target\":{\"@type\":\"EntryPoint\",\"urlTemplate\":\"https:\/\/airporttelecom.com\/pl\/?s={search_term_string}\"},\"query-input\":{\"@type\":\"PropertyValueSpecification\",\"valueRequired\":true,\"valueName\":\"search_term_string\"}}],\"inLanguage\":\"pl-PL\"},{\"@type\":\"Organization\",\"@id\":\"https:\/\/airporttelecom.com\/pl\/#organization\",\"name\":\"Airport Telecom\",\"url\":\"https:\/\/airporttelecom.com\/pl\/\",\"logo\":{\"@type\":\"ImageObject\",\"inLanguage\":\"pl-PL\",\"@id\":\"https:\/\/airporttelecom.com\/pl\/#\/schema\/logo\/image\/\",\"url\":\"https:\/\/airporttelecom.com\/pl\/wp-content\/uploads\/sites\/7\/2024\/06\/icon.png?wsr\",\"contentUrl\":\"https:\/\/airporttelecom.com\/pl\/wp-content\/uploads\/sites\/7\/2024\/06\/icon.png?wsr\",\"width\":110,\"height\":110,\"caption\":\"Airport Telecom\"},\"image\":{\"@id\":\"https:\/\/airporttelecom.com\/pl\/#\/schema\/logo\/image\/\"}}]}<\/script>\n<!-- \/ Yoast SEO Premium plugin. -->","yoast_head_json":{"title":"Karta SIM Maroko kupi\u0107 przedp\u0142acony pakiet (nieograniczone) po\u0142\u0105czenia i internet - Airport Telecom PL","description":"Szukasz karty przedp\u0142aconej Karta SIM Maroko na (nieograniczone) rozmowy i internet? Optymalna dost\u0119pno\u015b\u0107 podczas podr\u00f3\u017cy w Karta SIM Bliski Wsch\u00f3d. Ju\u017c w sprzeda\u017cy od !","robots":{"index":"index","follow":"follow","max-snippet":"max-snippet:-1","max-image-preview":"max-image-preview:large","max-video-preview":"max-video-preview:-1"},"canonical":"https:\/\/airporttelecom.com\/pl\/karta-sim\/maroko\/","og_locale":"pl_PL","og_type":"article","og_title":"Karta SIM Maroko","og_description":"Szukasz karty przedp\u0142aconej Karta SIM Maroko na (nieograniczone) rozmowy i internet? Optymalna dost\u0119pno\u015b\u0107 podczas podr\u00f3\u017cy w Karta SIM Bliski Wsch\u00f3d. Ju\u017c w sprzeda\u017cy od !","og_url":"https:\/\/airporttelecom.com\/pl\/karta-sim\/maroko\/","og_site_name":"Airport Telecom PL","article_modified_time":"2026-03-02T18:28:40+00:00","og_image":[{"width":800,"height":316,"url":"https:\/\/airporttelecom.com\/pl\/wp-content\/uploads\/sites\/7\/2024\/06\/Simkaart-Marokko.png","type":"image\/png"}],"twitter_card":"summary_large_image","twitter_misc":{"Szacowany czas czytania":"1 minuta"},"schema":{"@context":"https:\/\/schema.org","@graph":[{"@type":"WebPage","@id":"https:\/\/airporttelecom.com\/pl\/karta-sim\/maroko\/","url":"https:\/\/airporttelecom.com\/pl\/karta-sim\/maroko\/","name":"Karta SIM Maroko kupi\u0107 przedp\u0142acony pakiet (nieograniczone) po\u0142\u0105czenia i internet - Airport Telecom PL","isPartOf":{"@id":"https:\/\/airporttelecom.com\/pl\/#website"},"primaryImageOfPage":{"@id":"https:\/\/airporttelecom.com\/pl\/karta-sim\/maroko\/#primaryimage"},"image":{"@id":"https:\/\/airporttelecom.com\/pl\/karta-sim\/maroko\/#primaryimage"},"thumbnailUrl":"https:\/\/airporttelecom.com\/pl\/wp-content\/uploads\/sites\/7\/2024\/06\/Simkaart-Marokko.png","datePublished":"2024-06-21T12:25:58+00:00","dateModified":"2026-03-02T18:28:40+00:00","description":"Szukasz karty przedp\u0142aconej Karta SIM Maroko na (nieograniczone) rozmowy i internet? Optymalna dost\u0119pno\u015b\u0107 podczas podr\u00f3\u017cy w Karta SIM Bliski Wsch\u00f3d. Ju\u017c w sprzeda\u017cy od !","breadcrumb":{"@id":"https:\/\/airporttelecom.com\/pl\/karta-sim\/maroko\/#breadcrumb"},"inLanguage":"pl-PL","potentialAction":[{"@type":"ReadAction","target":["https:\/\/airporttelecom.com\/pl\/karta-sim\/maroko\/"]}]},{"@type":"ImageObject","inLanguage":"pl-PL","@id":"https:\/\/airporttelecom.com\/pl\/karta-sim\/maroko\/#primaryimage","url":"https:\/\/airporttelecom.com\/pl\/wp-content\/uploads\/sites\/7\/2024\/06\/Simkaart-Marokko.png","contentUrl":"https:\/\/airporttelecom.com\/pl\/wp-content\/uploads\/sites\/7\/2024\/06\/Simkaart-Marokko.png","width":800,"height":316,"caption":"Karta SIM Maroko"},{"@type":"BreadcrumbList","@id":"https:\/\/airporttelecom.com\/pl\/karta-sim\/maroko\/#breadcrumb","itemListElement":[{"@type":"ListItem","position":1,"name":"Home","item":"https:\/\/airporttelecom.com\/pl\/"},{"@type":"ListItem","position":2,"name":"Karta SIM","item":"https:\/\/airporttelecom.com\/pl\/karta-sim\/"},{"@type":"ListItem","position":3,"name":"Karta SIM Maroko"}]},{"@type":"WebSite","@id":"https:\/\/airporttelecom.com\/pl\/#website","url":"https:\/\/airporttelecom.com\/pl\/","name":"Airport Telecom","description":"","publisher":{"@id":"https:\/\/airporttelecom.com\/pl\/#organization"},"potentialAction":[{"@type":"SearchAction","target":{"@type":"EntryPoint","urlTemplate":"https:\/\/airporttelecom.com\/pl\/?s={search_term_string}"},"query-input":{"@type":"PropertyValueSpecification","valueRequired":true,"valueName":"search_term_string"}}],"inLanguage":"pl-PL"},{"@type":"Organization","@id":"https:\/\/airporttelecom.com\/pl\/#organization","name":"Airport Telecom","url":"https:\/\/airporttelecom.com\/pl\/","logo":{"@type":"ImageObject","inLanguage":"pl-PL","@id":"https:\/\/airporttelecom.com\/pl\/#\/schema\/logo\/image\/","url":"https:\/\/airporttelecom.com\/pl\/wp-content\/uploads\/sites\/7\/2024\/06\/icon.png?wsr","contentUrl":"https:\/\/airporttelecom.com\/pl\/wp-content\/uploads\/sites\/7\/2024\/06\/icon.png?wsr","width":110,"height":110,"caption":"Airport Telecom"},"image":{"@id":"https:\/\/airporttelecom.com\/pl\/#\/schema\/logo\/image\/"}}]}},"custom_permalink":"karta-sim\/maroko","_links":{"self":[{"href":"https:\/\/airporttelecom.com\/pl\/wp-json\/wp\/v2\/product\/476","targetHints":{"allow":["GET"]}}],"collection":[{"href":"https:\/\/airporttelecom.com\/pl\/wp-json\/wp\/v2\/product"}],"about":[{"href":"https:\/\/airporttelecom.com\/pl\/wp-json\/wp\/v2\/types\/product"}],"replies":[{"embeddable":true,"href":"https:\/\/airporttelecom.com\/pl\/wp-json\/wp\/v2\/comments?post=476"}],"wp:featuredmedia":[{"embeddable":true,"href":"https:\/\/airporttelecom.com\/pl\/wp-json\/wp\/v2\/media\/1378"}],"wp:attachment":[{"href":"https:\/\/airporttelecom.com\/pl\/wp-json\/wp\/v2\/media?parent=476"}],"wp:term":[{"taxonomy":"product_brand","embeddable":true,"href":"https:\/\/airporttelecom.com\/pl\/wp-json\/wp\/v2\/product_brand?post=476"},{"taxonomy":"product_cat","embeddable":true,"href":"https:\/\/airporttelecom.com\/pl\/wp-json\/wp\/v2\/product_cat?post=476"},{"taxonomy":"product_tag","embeddable":true,"href":"https:\/\/airporttelecom.com\/pl\/wp-json\/wp\/v2\/product_tag?post=476"}],"curies":[{"name":"wp","href":"https:\/\/api.w.org\/{rel}","templated":true}]}}