{"id":778,"date":"2024-07-30T09:38:57","date_gmt":"2024-07-30T09:38:57","guid":{"rendered":"https:\/\/airporttelecom.outperforming.nl\/nl\/?post_type=product&#038;p=778"},"modified":"2026-04-26T14:49:41","modified_gmt":"2026-04-26T14:49:41","slug":"simkaart-luxemburg","status":"publish","type":"product","link":"https:\/\/airporttelecom.com\/pl\/karta-sim\/luksemburska-karta-sim\/","title":{"rendered":"Luksemburg karta SIM"},"content":{"rendered":"","protected":false},"excerpt":{"rendered":"","protected":false},"featured_media":1073,"comment_status":"open","ping_status":"closed","template":"","meta":{"_acf_changed":false},"product_brand":[],"product_cat":[17],"product_tag":[19],"class_list":{"0":"post-778","1":"product","2":"type-product","3":"status-publish","4":"has-post-thumbnail","6":"product_cat-karta-sim","7":"product_tag-karta-sim-europa","9":"first","10":"instock","11":"taxable","12":"shipping-taxable","13":"purchasable","14":"product-type-variable","15":"has-default-attributes"},"acf":{"gebied_afbeelding":867,"vlag_afbeelding":868,"provider":["THR","LYC"],"product_synoniemen":null,"product_bestel_velden":"","product_omschrijving":"<h2><span data-contrast=\"auto\">Internet mobilny bez roamingu z kart<\/span><span data-contrast=\"none\">\u0105<\/span><span data-contrast=\"auto\"> SIM <\/span>Luksemburg<\/h2>\r\n<span data-contrast=\"none\">Dzi\u0119ki przedp\u0142aconej karcie SIM <\/span><span data-contrast=\"none\">Luksemburg zyskujesz niezawodny dost\u0119p do internetu mobilnego na terenie <\/span><span data-contrast=\"none\">wszystkich kraj\u00f3w Unii Europejskiej (UE)<\/span><span data-contrast=\"none\">. Oferujemy elastyczne pakiety nielimitowanego internetu dopasowane do Twoich potrzeb. Dzi\u0119ki szybkiemu po\u0142\u0105czeniu 4G\/5G karta SIM pozwala na swobodne korzystanie z poczty e-mail, komunikator\u00f3w (WhatsApp, Skype), nawigacji GPS, SMS-\u00f3w i innych us\u0142ug mobilnych niezb\u0119dnych w podr\u00f3\u017cy.<\/span><span data-ccp-props=\"{&quot;201341983&quot;:0,&quot;335559739&quot;:0,&quot;335559740&quot;:240}\">\u00a0<\/span>\r\n<h2><span data-contrast=\"none\">Pakiety danych <\/span><span data-contrast=\"auto\">na kart\u0119 SIM <\/span><span data-contrast=\"none\">Luksemburg \u2013 internet bez limitu<\/span><span data-ccp-props=\"{&quot;201341983&quot;:0,&quot;335559739&quot;:0,&quot;335559740&quot;:240}\">\u00a0<\/span><\/h2>\r\n<span data-contrast=\"none\">Wybierz pakiet dopasowany do d\u0142ugo\u015bci Twojego pobytu:<\/span><span data-ccp-props=\"{&quot;201341983&quot;:0,&quot;335559739&quot;:160,&quot;335559740&quot;:278}\">\u00a0<\/span>\r\n<ul>\r\n \t<li aria-setsize=\"-1\" data-leveltext=\"\uf0b7\" data-font=\"Symbol\" data-listid=\"3\" data-list-defn-props=\"{&quot;335552541&quot;:1,&quot;335559683&quot;:0,&quot;335559684&quot;:-2,&quot;335559685&quot;:720,&quot;335559991&quot;:360,&quot;469769226&quot;:&quot;Symbol&quot;,&quot;469769242&quot;:[8226],&quot;469777803&quot;:&quot;left&quot;,&quot;469777804&quot;:&quot;\uf0b7&quot;,&quot;469777815&quot;:&quot;hybridMultilevel&quot;}\" data-aria-posinset=\"1\" data-aria-level=\"1\"><span data-contrast=\"none\">7 dni \u2013 internet bez limitu*<\/span><span data-ccp-props=\"{&quot;201341983&quot;:0,&quot;335559739&quot;:160,&quot;335559740&quot;:278}\">\u00a0<\/span><\/li>\r\n<\/ul>\r\n<ul>\r\n \t<li aria-setsize=\"-1\" data-leveltext=\"\uf0b7\" data-font=\"Symbol\" data-listid=\"3\" data-list-defn-props=\"{&quot;335552541&quot;:1,&quot;335559683&quot;:0,&quot;335559684&quot;:-2,&quot;335559685&quot;:720,&quot;335559991&quot;:360,&quot;469769226&quot;:&quot;Symbol&quot;,&quot;469769242&quot;:[8226],&quot;469777803&quot;:&quot;left&quot;,&quot;469777804&quot;:&quot;\uf0b7&quot;,&quot;469777815&quot;:&quot;hybridMultilevel&quot;}\" data-aria-posinset=\"2\" data-aria-level=\"1\"><span data-contrast=\"none\">14 dni \u2013 internet bez limitu*<\/span><span data-ccp-props=\"{&quot;201341983&quot;:0,&quot;335559739&quot;:160,&quot;335559740&quot;:278}\">\u00a0<\/span><\/li>\r\n<\/ul>\r\n<ul>\r\n \t<li aria-setsize=\"-1\" data-leveltext=\"\uf0b7\" data-font=\"Symbol\" data-listid=\"3\" data-list-defn-props=\"{&quot;335552541&quot;:1,&quot;335559683&quot;:0,&quot;335559684&quot;:-2,&quot;335559685&quot;:720,&quot;335559991&quot;:360,&quot;469769226&quot;:&quot;Symbol&quot;,&quot;469769242&quot;:[8226],&quot;469777803&quot;:&quot;left&quot;,&quot;469777804&quot;:&quot;\uf0b7&quot;,&quot;469777815&quot;:&quot;hybridMultilevel&quot;}\" data-aria-posinset=\"3\" data-aria-level=\"1\"><span data-contrast=\"none\">30 dni \u2013 internet bez limitu*<\/span><span data-ccp-props=\"{&quot;201341983&quot;:0,&quot;335559739&quot;:160,&quot;335559740&quot;:278}\">\u00a0<\/span><\/li>\r\n<\/ul>\r\n<span data-contrast=\"none\">Karta SIM <\/span><span data-contrast=\"none\">Luksemburg dziala od razu po w\u0142o\u017ceniu do telefonu. Internet uruchamia si\u0119 automatycznie, bez konieczno\u015bci rejestracji u\u017cytkownika.<\/span><span data-ccp-props=\"{&quot;201341983&quot;:0,&quot;335559739&quot;:0,&quot;335559740&quot;:240}\">\u00a0<\/span>\r\n\r\n<span data-contrast=\"none\">Karta SIM obs\u0142uguje tethering i mo\u017ce by\u0107 u\u017cywana jako hotspot lub w routerze MiFi, umo\u017cliwiaj\u0105c pod\u0142\u0105czenie wielu urz\u0105dze\u0144 do mobilnego internetu.<\/span><span data-ccp-props=\"{&quot;201341983&quot;:0,&quot;335559739&quot;:0,&quot;335559740&quot;:240}\">\u00a0<\/span>\r\n\r\n<span data-contrast=\"none\">* Korzystaj\u0105c z nielimitowanego internetu, nale\u017cy pami\u0119ta\u0107 o zasadach uczciwego u\u017cytkowania (Fair Use Policy). W przypadku bardzo intensywnego zu\u017cycia danych operator mo\u017ce ograniczy\u0107 dzia\u0142anie karty SIM. Polityka uczciwego u\u017cytkowania zak\u0142ada jednego u\u017cytkownika na jedn\u0105 kart\u0119 SIM. Standardowe korzystanie, takie jak nawigacja, e-mail, przegl\u0105danie internetu, WhatsApp oraz inne aplikacje (np. Instagram czy Snapchat), nie podlega ograniczeniom. Mog\u0105 si\u0119 one pojawi\u0107 w przypadku intensywnego korzystania z serwis\u00f3w wideo i platform streamingowych, takich jak YouTube, TikTok, telewizja online czy Netflix.<\/span><span data-ccp-props=\"{&quot;201341983&quot;:0,&quot;335559739&quot;:160,&quot;335559740&quot;:278}\">\u00a0<\/span>\r\n<h2><span data-contrast=\"none\">WhatsApp z kart\u0105 SIM<\/span> Luksemburg<\/h2>\r\n<span data-contrast=\"auto\">Z kart\u0105 SIM <\/span><span data-contrast=\"auto\">Luksemburg mo\u017cesz swobodnie korzysta\u0107 z aplikacji WhatsApp, wysy\u0142a\u0107 wiadomo\u015bci, prowadzi\u0107 rozmowy i odbiera\u0107 po\u0142\u0105czenia, dok\u0142adnie tak jak w Polsce. WhatsApp dzia\u0142a w oparciu o internet mobilny dost\u0119pny na karcie SIM. To samo dotyczy innych aplikacji, takich jak Skype, FaceTime czy Messenger, wszystkie korzystaj\u0105 z internetu mobilnego, dzi\u0119ki czemu w czasie podr\u00f3\u017cy pozostajesz online. W niekt\u00f3rych przypadkach WhatsApp mo\u017ce poprosi\u0107 o konfiguracj\u0119 po wykryciu nowej karty SIM. Wybieraj\u0105c opcj\u0119 zachowania dotychczasowych ustawie\u0144, zachowasz sw\u00f3j profil oraz wszystkie kontakty i czaty.<\/span><span data-ccp-props=\"{&quot;201341983&quot;:0,&quot;335559739&quot;:0,&quot;335559740&quot;:240}\">\u00a0<\/span>\r\n<h2><span class=\"TextRun SCXW11379574 BCX2\" lang=\"EN-US\" xml:lang=\"EN-US\" data-contrast=\"none\"><span class=\"NormalTextRun SpellingErrorV2Themed SCXW11379574 BCX2\">Zasi\u0119g<\/span> <span class=\"NormalTextRun SpellingErrorV2Themed SCXW11379574 BCX2\">sieci<\/span> <span class=\"NormalTextRun SpellingErrorV2Themed SCXW11379574 BCX2\">i<\/span><span class=\"NormalTextRun SCXW11379574 BCX2\"> internet <\/span><span class=\"NormalTextRun SpellingErrorV2Themed SCXW11379574 BCX2\">mobilny<\/span><span class=\"NormalTextRun SCXW11379574 BCX2\"> w <\/span><\/span><span class=\"TextRun SCXW11379574 BCX2\" lang=\"EN-US\" xml:lang=\"EN-US\" data-contrast=\"auto\"><span class=\"NormalTextRun SCXW11379574 BCX2\">Luksemburg z <\/span><span class=\"NormalTextRun SpellingErrorV2Themed SCXW11379574 BCX2\">kart\u0105<\/span><span class=\"NormalTextRun SCXW11379574 BCX2\"> SIM<\/span><\/span><span class=\"TextRun SCXW11379574 BCX2\" lang=\"EN-US\" xml:lang=\"EN-US\" data-contrast=\"auto\"><span class=\"NormalTextRun SCXW11379574 BCX2\">\u00a0<\/span><\/span><\/h2>\r\nZasi\u0119g sieci kom\u00f3rkowej w Luksemburg jest doskona\u0142y. Dotyczy to szczeg\u00f3lnie du\u017cych miast, takich jak Luksemburg. Na rozleg\u0142ych terenach naturalnychch zasi\u0119g mo\u017ce by\u0107 nieco mniejszy. <span data-contrast=\"none\">Korzystaj\u0105c z karty SIM <\/span><span data-contrast=\"none\">Luksemburg , mo\u017cesz liczy\u0107 na stabilny dost\u0119p do internetu mobilnego na terenie ca\u0142ego kraju.<\/span><span data-ccp-props=\"{&quot;201341983&quot;:0,&quot;335559739&quot;:0,&quot;335559740&quot;:240}\">\u00a0<\/span>\r\n<h2><span data-contrast=\"none\">Darmowa dostawa karty SIM <\/span><span data-contrast=\"none\">Luksemburg do domu<\/span><span data-ccp-props=\"{&quot;201341983&quot;:0,&quot;335559739&quot;:0,&quot;335559740&quot;:240}\">\u00a0<\/span><\/h2>\r\n<span data-contrast=\"auto\">Karta SIM Luksemburg zostanie bezp\u0142atnie dostarczona pod wskazany adres. Zam\u00f3wienia z\u0142o\u017cone w dni robocze przed godzin\u0105 14:00 wysy\u0142amy tego samego dnia. Standardowy czas dostawy wynosi oko\u0142o pi\u0119ciu dni roboczych. Potrzebujesz szybciej? Wybierz\u202f<a href=\"https:\/\/airporttelecom.com\/pl\/esim\/luksemburg\/\"><span style=\"text-decoration: underline;\">eSIM\u00a0Luksemburg<\/span><\/a>, kt\u00f3ry otrzymasz natychmiast na sw\u00f3j adres e-mail.<\/span><span data-ccp-props=\"{&quot;134233117&quot;:false,&quot;134233118&quot;:false,&quot;201341983&quot;:0,&quot;335551550&quot;:1,&quot;335551620&quot;:1,&quot;335559685&quot;:0,&quot;335559737&quot;:0,&quot;335559738&quot;:0,&quot;335559739&quot;:160,&quot;335559740&quot;:279}\">\u00a0<\/span>\r\n\r\n&nbsp;\r\n\r\n&nbsp;\r\n\r\n&nbsp;\r\n\r\n&nbsp;","product_specificaties":"<h2><span data-contrast=\"none\">Zalety karty SIM <\/span><span data-contrast=\"none\">Luksemburg \u2013<\/span> <span data-contrast=\"none\">internet <\/span><span data-contrast=\"none\">bez limitu <\/span><span data-contrast=\"none\">w podr\u00f3\u017cy<\/span><span data-ccp-props=\"{&quot;201341983&quot;:0,&quot;335559739&quot;:0,&quot;335559740&quot;:240}\">\u00a0<\/span><\/h2>\r\n<ul>\r\n \t<li aria-setsize=\"-1\" data-leveltext=\"\uf0b7\" data-font=\"Symbol\" data-listid=\"4\" data-list-defn-props=\"{&quot;335552541&quot;:1,&quot;335559683&quot;:0,&quot;335559684&quot;:-2,&quot;335559685&quot;:720,&quot;335559991&quot;:360,&quot;469769226&quot;:&quot;Symbol&quot;,&quot;469769242&quot;:[8226],&quot;469777803&quot;:&quot;left&quot;,&quot;469777804&quot;:&quot;\uf0b7&quot;,&quot;469777815&quot;:&quot;hybridMultilevel&quot;}\" data-aria-posinset=\"1\" data-aria-level=\"1\"><span data-contrast=\"none\">Dost\u0119pna we wszystkich rozmiarach (mini, micro i nano) i pasuje do ka\u017cdego telefonu <\/span><span data-ccp-props=\"{&quot;201341983&quot;:0,&quot;335559739&quot;:0,&quot;335559740&quot;:240}\">\u00a0<\/span><\/li>\r\n<\/ul>\r\n<ul>\r\n \t<li aria-setsize=\"-1\" data-leveltext=\"\uf0b7\" data-font=\"Symbol\" data-listid=\"4\" data-list-defn-props=\"{&quot;335552541&quot;:1,&quot;335559683&quot;:0,&quot;335559684&quot;:-2,&quot;335559685&quot;:720,&quot;335559991&quot;:360,&quot;469769226&quot;:&quot;Symbol&quot;,&quot;469769242&quot;:[8226],&quot;469777803&quot;:&quot;left&quot;,&quot;469777804&quot;:&quot;\uf0b7&quot;,&quot;469777815&quot;:&quot;hybridMultilevel&quot;}\" data-aria-posinset=\"2\" data-aria-level=\"1\"><span data-contrast=\"none\">Dzia\u0142a r\u00f3wnie\u017c w innych krajach Unii Europejskiej (UE)<\/span><span data-ccp-props=\"{&quot;201341983&quot;:0,&quot;335559739&quot;:0,&quot;335559740&quot;:240}\">\u00a0<\/span><\/li>\r\n<\/ul>\r\n<ul>\r\n \t<li aria-setsize=\"-1\" data-leveltext=\"\uf0b7\" data-font=\"Symbol\" data-listid=\"4\" data-list-defn-props=\"{&quot;335552541&quot;:1,&quot;335559683&quot;:0,&quot;335559684&quot;:-2,&quot;335559685&quot;:720,&quot;335559991&quot;:360,&quot;469769226&quot;:&quot;Symbol&quot;,&quot;469769242&quot;:[8226],&quot;469777803&quot;:&quot;left&quot;,&quot;469777804&quot;:&quot;\uf0b7&quot;,&quot;469777815&quot;:&quot;hybridMultilevel&quot;}\" data-aria-posinset=\"3\" data-aria-level=\"1\"><span data-contrast=\"none\">Umo\u017cliwia korzystanie z hotspotu oraz urz\u0105dze\u0144 MiFi, zapewniaj\u0105c wygodny dost\u0119p do internetu mobilnego w podr\u00f3\u017cy<\/span><span data-ccp-props=\"{&quot;201341983&quot;:0,&quot;335559739&quot;:0,&quot;335559740&quot;:240}\">\u00a0<\/span><\/li>\r\n<\/ul>","product_handleiding":"<h2>Jak zainstalowa\u0107 kart\u0119 SIM Luxembourg w smarfonie?<\/h2>\r\nOtw\u00f3rz tack\u0119 na kart\u0119 SIM znajduj\u0105c\u0105 si\u0119 z boku telefonu. Mo\u017cna to zrobi\u0107 za pomoc\u0105 szpilki do\u0142\u0105czonej do telefonu. Je\u015bli jej nie masz, mo\u017cesz j\u0105 wykona\u0107, prostuj\u0105c spinacz do papieru. Karty SIM Airport Telecom dost\u0119pne s\u0105 z dodatkowym bolcem. Wyjmij w\u0142asn\u0105 kart\u0119 SIM i zachowaj j\u0105 w bezpiecznym miejscu! W\u0142\u00f3\u017c now\u0105 kart\u0119 SIM. Mo\u017cna to zrobi\u0107 tylko w jeden spos\u00f3b. By\u0107 mo\u017ce posiadasz telefon, kt\u00f3ry mo\u017ce pomie\u015bci\u0107 kilka kart SIM. Wsu\u0144 suwak karty SIM z powrotem do telefonu. Nowa karta SIM aktywuje si\u0119 automatycznie. Telefon mo\u017ce poprosi\u0107 o wprowadzenie dodatkowych ustawie\u0144.","product_veelgestelde_vragen":null},"yoast_head":"<!-- This site is optimized with the Yoast SEO Premium plugin v24.4 (Yoast SEO v27.3) - https:\/\/yoast.com\/product\/yoast-seo-premium-wordpress\/ -->\n<title>Luksemburg karta SIM kupi\u0107 przedp\u0142acony pakiet (nieograniczone) po\u0142\u0105czenia i internet - Airport Telecom PL<\/title>\n<meta name=\"description\" content=\"Szukasz karty przedp\u0142aconej Luksemburg karta SIM na (nieograniczone) rozmowy i internet? Optymalna dost\u0119pno\u015b\u0107 podczas podr\u00f3\u017cy w Karta SIM Europa. Ju\u017c w sprzeda\u017cy od !\" \/>\n<meta name=\"robots\" content=\"index, follow, max-snippet:-1, max-image-preview:large, max-video-preview:-1\" \/>\n<link rel=\"canonical\" href=\"https:\/\/airporttelecom.com\/pl\/karta-sim\/luksemburska-karta-sim\/\" \/>\n<meta property=\"og:locale\" content=\"pl_PL\" \/>\n<meta property=\"og:type\" content=\"article\" \/>\n<meta property=\"og:title\" content=\"Luksemburg karta SIM\" \/>\n<meta property=\"og:description\" content=\"Szukasz karty przedp\u0142aconej Luksemburg karta SIM na (nieograniczone) rozmowy i internet? Optymalna dost\u0119pno\u015b\u0107 podczas podr\u00f3\u017cy w Karta SIM Europa. Ju\u017c w sprzeda\u017cy od !\" \/>\n<meta property=\"og:url\" content=\"https:\/\/airporttelecom.com\/pl\/karta-sim\/luksemburska-karta-sim\/\" \/>\n<meta property=\"og:site_name\" content=\"Airport Telecom PL\" \/>\n<meta property=\"article:modified_time\" content=\"2026-04-26T14:49:41+00:00\" \/>\n<meta property=\"og:image\" content=\"https:\/\/airporttelecom.com\/pl\/wp-content\/uploads\/sites\/7\/2024\/07\/Simkaart-Luxemburg.png\" \/>\n\t<meta property=\"og:image:width\" content=\"800\" \/>\n\t<meta property=\"og:image:height\" content=\"316\" \/>\n\t<meta property=\"og:image:type\" content=\"image\/png\" \/>\n<meta name=\"twitter:card\" content=\"summary_large_image\" \/>\n<meta name=\"twitter:label1\" content=\"Szacowany czas czytania\" \/>\n\t<meta name=\"twitter:data1\" content=\"1 minuta\" \/>\n<script type=\"application\/ld+json\" class=\"yoast-schema-graph\">{\"@context\":\"https:\\\/\\\/schema.org\",\"@graph\":[{\"@type\":\"WebPage\",\"@id\":\"https:\\\/\\\/airporttelecom.com\\\/pl\\\/karta-sim\\\/luksemburska-karta-sim\\\/\",\"url\":\"https:\\\/\\\/airporttelecom.com\\\/pl\\\/karta-sim\\\/luksemburska-karta-sim\\\/\",\"name\":\"Luksemburg karta SIM kupi\u0107 przedp\u0142acony pakiet (nieograniczone) po\u0142\u0105czenia i internet - Airport Telecom PL\",\"isPartOf\":{\"@id\":\"https:\\\/\\\/airporttelecom.com\\\/pl\\\/#website\"},\"primaryImageOfPage\":{\"@id\":\"https:\\\/\\\/airporttelecom.com\\\/pl\\\/karta-sim\\\/luksemburska-karta-sim\\\/#primaryimage\"},\"image\":{\"@id\":\"https:\\\/\\\/airporttelecom.com\\\/pl\\\/karta-sim\\\/luksemburska-karta-sim\\\/#primaryimage\"},\"thumbnailUrl\":\"https:\\\/\\\/airporttelecom.com\\\/pl\\\/wp-content\\\/uploads\\\/sites\\\/7\\\/2024\\\/07\\\/Simkaart-Luxemburg.png\",\"datePublished\":\"2024-07-30T09:38:57+00:00\",\"dateModified\":\"2026-04-26T14:49:41+00:00\",\"description\":\"Szukasz karty przedp\u0142aconej Luksemburg karta SIM na (nieograniczone) rozmowy i internet? Optymalna dost\u0119pno\u015b\u0107 podczas podr\u00f3\u017cy w Karta SIM Europa. Ju\u017c w sprzeda\u017cy od !\",\"breadcrumb\":{\"@id\":\"https:\\\/\\\/airporttelecom.com\\\/pl\\\/karta-sim\\\/luksemburska-karta-sim\\\/#breadcrumb\"},\"inLanguage\":\"pl-PL\",\"potentialAction\":[{\"@type\":\"ReadAction\",\"target\":[\"https:\\\/\\\/airporttelecom.com\\\/pl\\\/karta-sim\\\/luksemburska-karta-sim\\\/\"]}]},{\"@type\":\"ImageObject\",\"inLanguage\":\"pl-PL\",\"@id\":\"https:\\\/\\\/airporttelecom.com\\\/pl\\\/karta-sim\\\/luksemburska-karta-sim\\\/#primaryimage\",\"url\":\"https:\\\/\\\/airporttelecom.com\\\/pl\\\/wp-content\\\/uploads\\\/sites\\\/7\\\/2024\\\/07\\\/Simkaart-Luxemburg.png\",\"contentUrl\":\"https:\\\/\\\/airporttelecom.com\\\/pl\\\/wp-content\\\/uploads\\\/sites\\\/7\\\/2024\\\/07\\\/Simkaart-Luxemburg.png\",\"width\":800,\"height\":316,\"caption\":\"Luksemburska karta SIM\"},{\"@type\":\"BreadcrumbList\",\"@id\":\"https:\\\/\\\/airporttelecom.com\\\/pl\\\/karta-sim\\\/luksemburska-karta-sim\\\/#breadcrumb\",\"itemListElement\":[{\"@type\":\"ListItem\",\"position\":1,\"name\":\"Home\",\"item\":\"https:\\\/\\\/airporttelecom.com\\\/pl\\\/\"},{\"@type\":\"ListItem\",\"position\":2,\"name\":\"Karta SIM\",\"item\":\"https:\\\/\\\/airporttelecom.com\\\/pl\\\/karta-sim\\\/\"},{\"@type\":\"ListItem\",\"position\":3,\"name\":\"Luksemburg karta SIM\"}]},{\"@type\":\"WebSite\",\"@id\":\"https:\\\/\\\/airporttelecom.com\\\/pl\\\/#website\",\"url\":\"https:\\\/\\\/airporttelecom.com\\\/pl\\\/\",\"name\":\"Airport Telecom\",\"description\":\"\",\"publisher\":{\"@id\":\"https:\\\/\\\/airporttelecom.com\\\/pl\\\/#organization\"},\"potentialAction\":[{\"@type\":\"SearchAction\",\"target\":{\"@type\":\"EntryPoint\",\"urlTemplate\":\"https:\\\/\\\/airporttelecom.com\\\/pl\\\/?s={search_term_string}\"},\"query-input\":{\"@type\":\"PropertyValueSpecification\",\"valueRequired\":true,\"valueName\":\"search_term_string\"}}],\"inLanguage\":\"pl-PL\"},{\"@type\":\"Organization\",\"@id\":\"https:\\\/\\\/airporttelecom.com\\\/pl\\\/#organization\",\"name\":\"Airport Telecom\",\"url\":\"https:\\\/\\\/airporttelecom.com\\\/pl\\\/\",\"logo\":{\"@type\":\"ImageObject\",\"inLanguage\":\"pl-PL\",\"@id\":\"https:\\\/\\\/airporttelecom.com\\\/pl\\\/#\\\/schema\\\/logo\\\/image\\\/\",\"url\":\"https:\\\/\\\/airporttelecom.com\\\/pl\\\/wp-content\\\/uploads\\\/sites\\\/7\\\/2024\\\/06\\\/icon.png?wsr\",\"contentUrl\":\"https:\\\/\\\/airporttelecom.com\\\/pl\\\/wp-content\\\/uploads\\\/sites\\\/7\\\/2024\\\/06\\\/icon.png?wsr\",\"width\":110,\"height\":110,\"caption\":\"Airport Telecom\"},\"image\":{\"@id\":\"https:\\\/\\\/airporttelecom.com\\\/pl\\\/#\\\/schema\\\/logo\\\/image\\\/\"}}]}<\/script>\n<!-- \/ Yoast SEO Premium plugin. -->","yoast_head_json":{"title":"Luksemburg karta SIM kupi\u0107 przedp\u0142acony pakiet (nieograniczone) po\u0142\u0105czenia i internet - Airport Telecom PL","description":"Szukasz karty przedp\u0142aconej Luksemburg karta SIM na (nieograniczone) rozmowy i internet? Optymalna dost\u0119pno\u015b\u0107 podczas podr\u00f3\u017cy w Karta SIM Europa. Ju\u017c w sprzeda\u017cy od !","robots":{"index":"index","follow":"follow","max-snippet":"max-snippet:-1","max-image-preview":"max-image-preview:large","max-video-preview":"max-video-preview:-1"},"canonical":"https:\/\/airporttelecom.com\/pl\/karta-sim\/luksemburska-karta-sim\/","og_locale":"pl_PL","og_type":"article","og_title":"Luksemburg karta SIM","og_description":"Szukasz karty przedp\u0142aconej Luksemburg karta SIM na (nieograniczone) rozmowy i internet? Optymalna dost\u0119pno\u015b\u0107 podczas podr\u00f3\u017cy w Karta SIM Europa. Ju\u017c w sprzeda\u017cy od !","og_url":"https:\/\/airporttelecom.com\/pl\/karta-sim\/luksemburska-karta-sim\/","og_site_name":"Airport Telecom PL","article_modified_time":"2026-04-26T14:49:41+00:00","og_image":[{"width":800,"height":316,"url":"https:\/\/airporttelecom.com\/pl\/wp-content\/uploads\/sites\/7\/2024\/07\/Simkaart-Luxemburg.png","type":"image\/png"}],"twitter_card":"summary_large_image","twitter_misc":{"Szacowany czas czytania":"1 minuta"},"schema":{"@context":"https:\/\/schema.org","@graph":[{"@type":"WebPage","@id":"https:\/\/airporttelecom.com\/pl\/karta-sim\/luksemburska-karta-sim\/","url":"https:\/\/airporttelecom.com\/pl\/karta-sim\/luksemburska-karta-sim\/","name":"Luksemburg karta SIM kupi\u0107 przedp\u0142acony pakiet (nieograniczone) po\u0142\u0105czenia i internet - Airport Telecom PL","isPartOf":{"@id":"https:\/\/airporttelecom.com\/pl\/#website"},"primaryImageOfPage":{"@id":"https:\/\/airporttelecom.com\/pl\/karta-sim\/luksemburska-karta-sim\/#primaryimage"},"image":{"@id":"https:\/\/airporttelecom.com\/pl\/karta-sim\/luksemburska-karta-sim\/#primaryimage"},"thumbnailUrl":"https:\/\/airporttelecom.com\/pl\/wp-content\/uploads\/sites\/7\/2024\/07\/Simkaart-Luxemburg.png","datePublished":"2024-07-30T09:38:57+00:00","dateModified":"2026-04-26T14:49:41+00:00","description":"Szukasz karty przedp\u0142aconej Luksemburg karta SIM na (nieograniczone) rozmowy i internet? Optymalna dost\u0119pno\u015b\u0107 podczas podr\u00f3\u017cy w Karta SIM Europa. Ju\u017c w sprzeda\u017cy od !","breadcrumb":{"@id":"https:\/\/airporttelecom.com\/pl\/karta-sim\/luksemburska-karta-sim\/#breadcrumb"},"inLanguage":"pl-PL","potentialAction":[{"@type":"ReadAction","target":["https:\/\/airporttelecom.com\/pl\/karta-sim\/luksemburska-karta-sim\/"]}]},{"@type":"ImageObject","inLanguage":"pl-PL","@id":"https:\/\/airporttelecom.com\/pl\/karta-sim\/luksemburska-karta-sim\/#primaryimage","url":"https:\/\/airporttelecom.com\/pl\/wp-content\/uploads\/sites\/7\/2024\/07\/Simkaart-Luxemburg.png","contentUrl":"https:\/\/airporttelecom.com\/pl\/wp-content\/uploads\/sites\/7\/2024\/07\/Simkaart-Luxemburg.png","width":800,"height":316,"caption":"Luksemburska karta SIM"},{"@type":"BreadcrumbList","@id":"https:\/\/airporttelecom.com\/pl\/karta-sim\/luksemburska-karta-sim\/#breadcrumb","itemListElement":[{"@type":"ListItem","position":1,"name":"Home","item":"https:\/\/airporttelecom.com\/pl\/"},{"@type":"ListItem","position":2,"name":"Karta SIM","item":"https:\/\/airporttelecom.com\/pl\/karta-sim\/"},{"@type":"ListItem","position":3,"name":"Luksemburg karta SIM"}]},{"@type":"WebSite","@id":"https:\/\/airporttelecom.com\/pl\/#website","url":"https:\/\/airporttelecom.com\/pl\/","name":"Airport Telecom","description":"","publisher":{"@id":"https:\/\/airporttelecom.com\/pl\/#organization"},"potentialAction":[{"@type":"SearchAction","target":{"@type":"EntryPoint","urlTemplate":"https:\/\/airporttelecom.com\/pl\/?s={search_term_string}"},"query-input":{"@type":"PropertyValueSpecification","valueRequired":true,"valueName":"search_term_string"}}],"inLanguage":"pl-PL"},{"@type":"Organization","@id":"https:\/\/airporttelecom.com\/pl\/#organization","name":"Airport Telecom","url":"https:\/\/airporttelecom.com\/pl\/","logo":{"@type":"ImageObject","inLanguage":"pl-PL","@id":"https:\/\/airporttelecom.com\/pl\/#\/schema\/logo\/image\/","url":"https:\/\/airporttelecom.com\/pl\/wp-content\/uploads\/sites\/7\/2024\/06\/icon.png?wsr","contentUrl":"https:\/\/airporttelecom.com\/pl\/wp-content\/uploads\/sites\/7\/2024\/06\/icon.png?wsr","width":110,"height":110,"caption":"Airport Telecom"},"image":{"@id":"https:\/\/airporttelecom.com\/pl\/#\/schema\/logo\/image\/"}}]}},"custom_permalink":"karta-sim\/luksemburska-karta-sim","_links":{"self":[{"href":"https:\/\/airporttelecom.com\/pl\/wp-json\/wp\/v2\/product\/778","targetHints":{"allow":["GET"]}}],"collection":[{"href":"https:\/\/airporttelecom.com\/pl\/wp-json\/wp\/v2\/product"}],"about":[{"href":"https:\/\/airporttelecom.com\/pl\/wp-json\/wp\/v2\/types\/product"}],"replies":[{"embeddable":true,"href":"https:\/\/airporttelecom.com\/pl\/wp-json\/wp\/v2\/comments?post=778"}],"wp:featuredmedia":[{"embeddable":true,"href":"https:\/\/airporttelecom.com\/pl\/wp-json\/wp\/v2\/media\/1073"}],"wp:attachment":[{"href":"https:\/\/airporttelecom.com\/pl\/wp-json\/wp\/v2\/media?parent=778"}],"wp:term":[{"taxonomy":"product_brand","embeddable":true,"href":"https:\/\/airporttelecom.com\/pl\/wp-json\/wp\/v2\/product_brand?post=778"},{"taxonomy":"product_cat","embeddable":true,"href":"https:\/\/airporttelecom.com\/pl\/wp-json\/wp\/v2\/product_cat?post=778"},{"taxonomy":"product_tag","embeddable":true,"href":"https:\/\/airporttelecom.com\/pl\/wp-json\/wp\/v2\/product_tag?post=778"}],"curies":[{"name":"wp","href":"https:\/\/api.w.org\/{rel}","templated":true}]}}